{"id":120564,"date":"2022-01-13T23:17:06","date_gmt":"2022-01-14T07:17:06","guid":{"rendered":"https:\/\/www.mercadokeys.com\/product\/marvels-guardians-of-the-galaxy-xbox-series-x-s-xbox-live-key-global\/"},"modified":"2022-06-28T06:01:10","modified_gmt":"2022-06-28T13:01:10","slug":"marvels-guardians-of-the-galaxy-xbox-cd-key-global","status":"publish","type":"product","link":"https:\/\/www.mercadokeys.com.mx\/eng\/product\/marvels-guardians-of-the-galaxy-xbox-cd-key-global\/","title":{"rendered":"Marvel&#8217;s Guardians of the Galaxy Xbox CD Key GLOBAL"},"content":{"rendered":"<p>Prop\u00falsate a la aventura por el cosmos con esta novedosa entrega de Marvel&#8217;s Guardians of the Galaxy. En este juego de acci\u00f3n y aventura en tercera persona encarnar\u00e1s a Star-Lord, y gracias a tu liderazgo tan osado como cuestionable lograr\u00e1s persuadir a un grupo de inadaptados a unirse a ti. Alg\u00fan idiota (t\u00fa no, seguramente) desat\u00f3 una serie de eventos catastr\u00f3ficos y solo t\u00fa podr\u00e1s mantener unidos a los Guardianes el tiempo suficiente para evitar el colapso interplanetario absoluto. Dispara tus bl\u00e1sters elementales, da palizas en equipo y patadas voladoras con tus botas jet&#8230; nada est\u00e1 fuera de los l\u00edmites. Si crees que todo saldr\u00e1 de acuerdo al plan, pues no, y tus acciones tendr\u00e1n consecuencias que mantendr\u00e1n a los Guardianes en vilo, te lo garantizamos. En esta historia original de Marvel&#8217;s Guardians of the Galaxy, te encontrar\u00e1s con poderosos personajes, tanto nuevos como ic\u00f3nicos, en la lucha por el destino de la galaxia. Es hora de demostrarle al universo qui\u00e9n eres. Lo lograr\u00e1s. O eso creemos.<\/p>","protected":false},"excerpt":{"rendered":"<p>Prop\u00falsate a la aventura por el cosmos con esta novedosa entrega de Marvel&#8217;s Guardians of the Galaxy. En este juego de acci\u00f3n y aventura en tercera persona encarnar\u00e1s a Star-Lord, y gracias a tu liderazgo tan osado como cuestionable lograr\u00e1s persuadir a un grupo de inadaptados a unirse a ti. Alg\u00fan idiota (t\u00fa no, seguramente)&#8230;<\/p>","protected":false},"featured_media":120565,"template":"","meta":{"_monsterinsights_skip_tracking":false,"_monsterinsights_sitenote_active":false,"_monsterinsights_sitenote_note":"","_monsterinsights_sitenote_category":0},"product_brand":[],"product_cat":[1271,1281,1274,1392,1394,1427],"product_tag":[4077,4076],"class_list":{"0":"post-120564","1":"product","2":"type-product","3":"status-publish","4":"has-post-thumbnail","6":"product_cat-tienda-de-videojuegos-tijuana-mexico","7":"product_cat-tienda-de-videojuegos-consolas-tijuana-mexico","8":"product_cat-tienda-de-videojuegos-xbox-tijuana-mexico","9":"product_cat-tienda-de-videojuegos-accion-tijuana-mexico","10":"product_cat-tienda-de-videojuegos-aventura-tijuana-mexico","11":"product_cat-tienda-de-videojuegos-juegos-para-mando-tijuana-mexico","12":"product_tag-marvels-guardians-of-the-galaxy-cd-key","13":"product_tag-marvels-guardians-of-the-galaxy-xbox","15":"first","16":"instock","17":"shipping-taxable","18":"purchasable","19":"product-type-simple"},"yoast_head":"<!-- This site is optimized with the Yoast SEO plugin v27.0 - https:\/\/yoast.com\/product\/yoast-seo-wordpress\/ -->\n<title>Marvel&#039;s Guardians of the Galaxy Xbox CD Key GLOBAL - MERCADOKEYS<\/title>\n<meta name=\"description\" content=\"Prop\u00falsate a la aventura por el cosmos con esta novedosa entrega de Marvel&#039;s Guardians of the Galaxy. En este juego de acci\u00f3n y aventurA\" \/>\n<meta name=\"robots\" content=\"index, follow, max-snippet:-1, max-image-preview:large, max-video-preview:-1\" \/>\n<link rel=\"canonical\" href=\"https:\/\/www.mercadokeys.com\/product\/marvels-guardians-of-the-galaxy-xbox-cd-key-global\/\" \/>\n<meta property=\"og:locale\" content=\"en_GB\" \/>\n<meta property=\"og:type\" content=\"article\" \/>\n<meta property=\"og:title\" content=\"Marvel&#039;s Guardians of the Galaxy Xbox CD Key GLOBAL - MERCADOKEYS\" \/>\n<meta property=\"og:description\" content=\"Prop\u00falsate a la aventura por el cosmos con esta novedosa entrega de Marvel&#039;s Guardians of the Galaxy. En este juego de acci\u00f3n y aventurA\" \/>\n<meta property=\"og:url\" content=\"https:\/\/www.mercadokeys.com\/product\/marvels-guardians-of-the-galaxy-xbox-cd-key-global\/\" \/>\n<meta property=\"og:site_name\" content=\"MERCADOKEYS\" \/>\n<meta property=\"article:modified_time\" content=\"2022-06-28T13:01:10+00:00\" \/>\n<meta property=\"og:image\" content=\"https:\/\/www.mercadokeys.com\/wp-content\/uploads\/2022\/01\/Marvels-Guardians-of-the-Galaxy-Xbox-Series-XS-Xbox-Live-Key-GLOBAL.jpg\" \/>\n\t<meta property=\"og:image:width\" content=\"460\" \/>\n\t<meta property=\"og:image:height\" content=\"672\" \/>\n\t<meta property=\"og:image:type\" content=\"image\/jpeg\" \/>\n<meta name=\"twitter:card\" content=\"summary_large_image\" \/>\n<meta name=\"twitter:label1\" content=\"Estimated reading time\" \/>\n\t<meta name=\"twitter:data1\" content=\"1 minute\" \/>\n<script type=\"application\/ld+json\" class=\"yoast-schema-graph\">{\"@context\":\"https:\/\/schema.org\",\"@graph\":[{\"@type\":\"WebPage\",\"@id\":\"https:\/\/www.mercadokeys.com\/product\/marvels-guardians-of-the-galaxy-xbox-cd-key-global\/\",\"url\":\"https:\/\/www.mercadokeys.com\/product\/marvels-guardians-of-the-galaxy-xbox-cd-key-global\/\",\"name\":\"Marvel's Guardians of the Galaxy Xbox CD Key GLOBAL - MERCADOKEYS\",\"isPartOf\":{\"@id\":\"https:\/\/www.mercadokeys.com\/eng\/#website\"},\"primaryImageOfPage\":{\"@id\":\"https:\/\/www.mercadokeys.com\/product\/marvels-guardians-of-the-galaxy-xbox-cd-key-global\/#primaryimage\"},\"image\":{\"@id\":\"https:\/\/www.mercadokeys.com\/product\/marvels-guardians-of-the-galaxy-xbox-cd-key-global\/#primaryimage\"},\"thumbnailUrl\":\"https:\/\/www.mercadokeys.com.mx\/wp-content\/uploads\/2022\/01\/Marvels-Guardians-of-the-Galaxy-Xbox-Series-XS-Xbox-Live-Key-GLOBAL.jpg\",\"datePublished\":\"2022-01-14T07:17:06+00:00\",\"dateModified\":\"2022-06-28T13:01:10+00:00\",\"description\":\"Prop\u00falsate a la aventura por el cosmos con esta novedosa entrega de Marvel's Guardians of the Galaxy. En este juego de acci\u00f3n y aventurA\",\"breadcrumb\":{\"@id\":\"https:\/\/www.mercadokeys.com\/product\/marvels-guardians-of-the-galaxy-xbox-cd-key-global\/#breadcrumb\"},\"inLanguage\":\"en-GB\",\"potentialAction\":[{\"@type\":\"ReadAction\",\"target\":[\"https:\/\/www.mercadokeys.com\/product\/marvels-guardians-of-the-galaxy-xbox-cd-key-global\/\"]}]},{\"@type\":\"ImageObject\",\"inLanguage\":\"en-GB\",\"@id\":\"https:\/\/www.mercadokeys.com\/product\/marvels-guardians-of-the-galaxy-xbox-cd-key-global\/#primaryimage\",\"url\":\"https:\/\/www.mercadokeys.com.mx\/wp-content\/uploads\/2022\/01\/Marvels-Guardians-of-the-Galaxy-Xbox-Series-XS-Xbox-Live-Key-GLOBAL.jpg\",\"contentUrl\":\"https:\/\/www.mercadokeys.com.mx\/wp-content\/uploads\/2022\/01\/Marvels-Guardians-of-the-Galaxy-Xbox-Series-XS-Xbox-Live-Key-GLOBAL.jpg\",\"width\":460,\"height\":672},{\"@type\":\"BreadcrumbList\",\"@id\":\"https:\/\/www.mercadokeys.com\/product\/marvels-guardians-of-the-galaxy-xbox-cd-key-global\/#breadcrumb\",\"itemListElement\":[{\"@type\":\"ListItem\",\"position\":1,\"name\":\"Inicio\",\"item\":\"https:\/\/www.mercadokeys.com.mx\/\"},{\"@type\":\"ListItem\",\"position\":2,\"name\":\"Tienda\",\"item\":\"https:\/\/www.mercadokeys.com\/shop\/\"},{\"@type\":\"ListItem\",\"position\":3,\"name\":\"Marvel&#8217;s Guardians of the Galaxy Xbox CD Key GLOBAL\"}]},{\"@type\":\"WebSite\",\"@id\":\"https:\/\/www.mercadokeys.com\/eng\/#website\",\"url\":\"https:\/\/www.mercadokeys.com\/eng\/\",\"name\":\"MERCADOKEYS\",\"description\":\"Tu Tienda de videojuegos digitales en Mexico!\",\"potentialAction\":[{\"@type\":\"SearchAction\",\"target\":{\"@type\":\"EntryPoint\",\"urlTemplate\":\"https:\/\/www.mercadokeys.com\/eng\/?s={search_term_string}\"},\"query-input\":{\"@type\":\"PropertyValueSpecification\",\"valueRequired\":true,\"valueName\":\"search_term_string\"}}],\"inLanguage\":\"en-GB\"}]}<\/script>\n<!-- \/ Yoast SEO plugin. -->","yoast_head_json":{"title":"Marvel's Guardians of the Galaxy Xbox CD Key GLOBAL - MERCADOKEYS","description":"Prop\u00falsate a la aventura por el cosmos con esta novedosa entrega de Marvel's Guardians of the Galaxy. En este juego de acci\u00f3n y aventurA","robots":{"index":"index","follow":"follow","max-snippet":"max-snippet:-1","max-image-preview":"max-image-preview:large","max-video-preview":"max-video-preview:-1"},"canonical":"https:\/\/www.mercadokeys.com\/product\/marvels-guardians-of-the-galaxy-xbox-cd-key-global\/","og_locale":"en_GB","og_type":"article","og_title":"Marvel's Guardians of the Galaxy Xbox CD Key GLOBAL - MERCADOKEYS","og_description":"Prop\u00falsate a la aventura por el cosmos con esta novedosa entrega de Marvel's Guardians of the Galaxy. En este juego de acci\u00f3n y aventurA","og_url":"https:\/\/www.mercadokeys.com\/product\/marvels-guardians-of-the-galaxy-xbox-cd-key-global\/","og_site_name":"MERCADOKEYS","article_modified_time":"2022-06-28T13:01:10+00:00","og_image":[{"width":460,"height":672,"url":"https:\/\/www.mercadokeys.com\/wp-content\/uploads\/2022\/01\/Marvels-Guardians-of-the-Galaxy-Xbox-Series-XS-Xbox-Live-Key-GLOBAL.jpg","type":"image\/jpeg"}],"twitter_card":"summary_large_image","twitter_misc":{"Estimated reading time":"1 minute"},"schema":{"@context":"https:\/\/schema.org","@graph":[{"@type":"WebPage","@id":"https:\/\/www.mercadokeys.com\/product\/marvels-guardians-of-the-galaxy-xbox-cd-key-global\/","url":"https:\/\/www.mercadokeys.com\/product\/marvels-guardians-of-the-galaxy-xbox-cd-key-global\/","name":"Marvel's Guardians of the Galaxy Xbox CD Key GLOBAL - MERCADOKEYS","isPartOf":{"@id":"https:\/\/www.mercadokeys.com\/eng\/#website"},"primaryImageOfPage":{"@id":"https:\/\/www.mercadokeys.com\/product\/marvels-guardians-of-the-galaxy-xbox-cd-key-global\/#primaryimage"},"image":{"@id":"https:\/\/www.mercadokeys.com\/product\/marvels-guardians-of-the-galaxy-xbox-cd-key-global\/#primaryimage"},"thumbnailUrl":"https:\/\/www.mercadokeys.com.mx\/wp-content\/uploads\/2022\/01\/Marvels-Guardians-of-the-Galaxy-Xbox-Series-XS-Xbox-Live-Key-GLOBAL.jpg","datePublished":"2022-01-14T07:17:06+00:00","dateModified":"2022-06-28T13:01:10+00:00","description":"Prop\u00falsate a la aventura por el cosmos con esta novedosa entrega de Marvel's Guardians of the Galaxy. En este juego de acci\u00f3n y aventurA","breadcrumb":{"@id":"https:\/\/www.mercadokeys.com\/product\/marvels-guardians-of-the-galaxy-xbox-cd-key-global\/#breadcrumb"},"inLanguage":"en-GB","potentialAction":[{"@type":"ReadAction","target":["https:\/\/www.mercadokeys.com\/product\/marvels-guardians-of-the-galaxy-xbox-cd-key-global\/"]}]},{"@type":"ImageObject","inLanguage":"en-GB","@id":"https:\/\/www.mercadokeys.com\/product\/marvels-guardians-of-the-galaxy-xbox-cd-key-global\/#primaryimage","url":"https:\/\/www.mercadokeys.com.mx\/wp-content\/uploads\/2022\/01\/Marvels-Guardians-of-the-Galaxy-Xbox-Series-XS-Xbox-Live-Key-GLOBAL.jpg","contentUrl":"https:\/\/www.mercadokeys.com.mx\/wp-content\/uploads\/2022\/01\/Marvels-Guardians-of-the-Galaxy-Xbox-Series-XS-Xbox-Live-Key-GLOBAL.jpg","width":460,"height":672},{"@type":"BreadcrumbList","@id":"https:\/\/www.mercadokeys.com\/product\/marvels-guardians-of-the-galaxy-xbox-cd-key-global\/#breadcrumb","itemListElement":[{"@type":"ListItem","position":1,"name":"Inicio","item":"https:\/\/www.mercadokeys.com.mx\/"},{"@type":"ListItem","position":2,"name":"Tienda","item":"https:\/\/www.mercadokeys.com\/shop\/"},{"@type":"ListItem","position":3,"name":"Marvel&#8217;s Guardians of the Galaxy Xbox CD Key GLOBAL"}]},{"@type":"WebSite","@id":"https:\/\/www.mercadokeys.com\/eng\/#website","url":"https:\/\/www.mercadokeys.com\/eng\/","name":"MERCADOKEYS","description":"Tu Tienda de videojuegos digitales en Mexico!","potentialAction":[{"@type":"SearchAction","target":{"@type":"EntryPoint","urlTemplate":"https:\/\/www.mercadokeys.com\/eng\/?s={search_term_string}"},"query-input":{"@type":"PropertyValueSpecification","valueRequired":true,"valueName":"search_term_string"}}],"inLanguage":"en-GB"}]}},"df_price":1706.134497,"df_sale_price":1706.134497,"df_regular_price":1706.134497,"df_image_link":"https:\/\/www.mercadokeys.com.mx\/wp-content\/uploads\/2022\/01\/Marvels-Guardians-of-the-Galaxy-Xbox-Series-XS-Xbox-Live-Key-GLOBAL-205x300.jpg","_links":{"self":[{"href":"https:\/\/www.mercadokeys.com.mx\/eng\/wp-json\/wp\/v2\/product\/120564","targetHints":{"allow":["GET"]}}],"collection":[{"href":"https:\/\/www.mercadokeys.com.mx\/eng\/wp-json\/wp\/v2\/product"}],"about":[{"href":"https:\/\/www.mercadokeys.com.mx\/eng\/wp-json\/wp\/v2\/types\/product"}],"wp:featuredmedia":[{"embeddable":true,"href":"https:\/\/www.mercadokeys.com.mx\/eng\/wp-json\/wp\/v2\/media\/120565"}],"wp:attachment":[{"href":"https:\/\/www.mercadokeys.com.mx\/eng\/wp-json\/wp\/v2\/media?parent=120564"}],"wp:term":[{"taxonomy":"product_brand","embeddable":true,"href":"https:\/\/www.mercadokeys.com.mx\/eng\/wp-json\/wp\/v2\/product_brand?post=120564"},{"taxonomy":"product_cat","embeddable":true,"href":"https:\/\/www.mercadokeys.com.mx\/eng\/wp-json\/wp\/v2\/product_cat?post=120564"},{"taxonomy":"product_tag","embeddable":true,"href":"https:\/\/www.mercadokeys.com.mx\/eng\/wp-json\/wp\/v2\/product_tag?post=120564"}],"curies":[{"name":"wp","href":"https:\/\/api.w.org\/{rel}","templated":true}]}}