{"id":120409,"date":"2022-01-09T12:05:40","date_gmt":"2022-01-09T20:05:40","guid":{"rendered":"https:\/\/www.mercadokeys.com\/product\/code-vein-xbox-one-key-global\/"},"modified":"2022-06-29T06:01:26","modified_gmt":"2022-06-29T13:01:26","slug":"code-vein-xbox-one-cd-key","status":"publish","type":"product","link":"https:\/\/www.mercadokeys.com.mx\/eng\/product\/code-vein-xbox-one-cd-key\/","title":{"rendered":"Code Vein Xbox One CD Key"},"content":{"rendered":"<p>En un futuro no muy distante, un misterioso desastre ha destruido el mundo tal y como lo conocemos. Los altos rascacielos, anta\u00f1o s\u00edmbolos de prosperidad, ahora son tumbas sin vida del pasado de la humanidad empaladas por las Espinas del juicio. En el centro de la destrucci\u00f3n yace una sociedad oculta de apariciones llamada Vein. Este \u00faltimo basti\u00f3n es donde los pocos que quedan luchan por sobrevivir. Han sido bendecidos con regalos de poder a cambio de la p\u00e9rdida de sus recuerdos y de sufrir una incesante sed de sangre. Los que se entregan por completo a esta sed corren el riesgo de convertirse en uno de los Perdidos, necr\u00f3fagos diab\u00f3licos carentes de toda humanidad. Los Perdidos vagan sin rumbo en busca de sangre y no se detienen ante nada para saciar sus ansias. Forma equipo y emprende un viaje hasta los confines del infierno para revelar tu pasado y escapar de la pesadilla en vida en CODE VEIN.<\/p>","protected":false},"excerpt":{"rendered":"<p>En un futuro no muy distante, un misterioso desastre ha destruido el mundo tal y como lo conocemos. Los altos rascacielos, anta\u00f1o s\u00edmbolos de prosperidad, ahora son tumbas sin vida del pasado de la humanidad empaladas por las Espinas del juicio. En el centro de la destrucci\u00f3n yace una sociedad oculta de apariciones llamada Vein&#8230;.<\/p>","protected":false},"featured_media":120675,"template":"","meta":{"_monsterinsights_skip_tracking":false,"_monsterinsights_sitenote_active":false,"_monsterinsights_sitenote_note":"","_monsterinsights_sitenote_category":0},"product_brand":[],"product_cat":[1271,1281,1274,1392,1394,1298,1428,1427],"product_tag":[3983,3985,3984],"class_list":{"0":"post-120409","1":"product","2":"type-product","3":"status-publish","4":"has-post-thumbnail","6":"product_cat-tienda-de-videojuegos-tijuana-mexico","7":"product_cat-tienda-de-videojuegos-consolas-tijuana-mexico","8":"product_cat-tienda-de-videojuegos-xbox-tijuana-mexico","9":"product_cat-tienda-de-videojuegos-accion-tijuana-mexico","10":"product_cat-tienda-de-videojuegos-aventura-tijuana-mexico","11":"product_cat-tienda-de-videojuegos-rol-tijuana-mexico","12":"product_cat-tienda-de-videojuegos-cooperativos-tijuana-mexico","13":"product_cat-tienda-de-videojuegos-juegos-para-mando-tijuana-mexico","14":"product_tag-code-vein-xbox","15":"product_tag-code-vein-xbox-cd-key","16":"product_tag-code-vein-xbox-key","18":"first","19":"instock","20":"shipping-taxable","21":"purchasable","22":"product-type-simple"},"yoast_head":"<!-- This site is optimized with the Yoast SEO plugin v27.0 - https:\/\/yoast.com\/product\/yoast-seo-wordpress\/ -->\n<title>Code Vein Xbox One CD Key - MERCADOKEYS<\/title>\n<meta name=\"description\" content=\"Forma equipo y emprende un viaje hasta los confines del infierno para revelar tu pasado y escapar de la pesadilla en vida en CODE VEIN.\" \/>\n<meta name=\"robots\" content=\"index, follow, max-snippet:-1, max-image-preview:large, max-video-preview:-1\" \/>\n<link rel=\"canonical\" href=\"https:\/\/www.mercadokeys.com\/product\/code-vein-xbox-one-cd-key\/\" \/>\n<meta property=\"og:locale\" content=\"en_GB\" \/>\n<meta property=\"og:type\" content=\"article\" \/>\n<meta property=\"og:title\" content=\"Code Vein Xbox One CD Key - MERCADOKEYS\" \/>\n<meta property=\"og:description\" content=\"Forma equipo y emprende un viaje hasta los confines del infierno para revelar tu pasado y escapar de la pesadilla en vida en CODE VEIN.\" \/>\n<meta property=\"og:url\" content=\"https:\/\/www.mercadokeys.com\/product\/code-vein-xbox-one-cd-key\/\" \/>\n<meta property=\"og:site_name\" content=\"MERCADOKEYS\" \/>\n<meta property=\"article:modified_time\" content=\"2022-06-29T13:01:26+00:00\" \/>\n<meta property=\"og:image\" content=\"https:\/\/www.mercadokeys.com\/wp-content\/uploads\/2022\/01\/Code-Vein-Xbox-One-CD-Key-GLOBAL.jpg\" \/>\n\t<meta property=\"og:image:width\" content=\"460\" \/>\n\t<meta property=\"og:image:height\" content=\"672\" \/>\n\t<meta property=\"og:image:type\" content=\"image\/jpeg\" \/>\n<meta name=\"twitter:card\" content=\"summary_large_image\" \/>\n<meta name=\"twitter:label1\" content=\"Estimated reading time\" \/>\n\t<meta name=\"twitter:data1\" content=\"1 minute\" \/>\n<script type=\"application\/ld+json\" class=\"yoast-schema-graph\">{\"@context\":\"https:\/\/schema.org\",\"@graph\":[{\"@type\":\"WebPage\",\"@id\":\"https:\/\/www.mercadokeys.com\/product\/code-vein-xbox-one-cd-key\/\",\"url\":\"https:\/\/www.mercadokeys.com\/product\/code-vein-xbox-one-cd-key\/\",\"name\":\"Code Vein Xbox One CD Key - MERCADOKEYS\",\"isPartOf\":{\"@id\":\"https:\/\/www.mercadokeys.com\/eng\/#website\"},\"primaryImageOfPage\":{\"@id\":\"https:\/\/www.mercadokeys.com\/product\/code-vein-xbox-one-cd-key\/#primaryimage\"},\"image\":{\"@id\":\"https:\/\/www.mercadokeys.com\/product\/code-vein-xbox-one-cd-key\/#primaryimage\"},\"thumbnailUrl\":\"https:\/\/www.mercadokeys.com.mx\/wp-content\/uploads\/2022\/01\/Code-Vein-Xbox-One-CD-Key-GLOBAL.jpg\",\"datePublished\":\"2022-01-09T20:05:40+00:00\",\"dateModified\":\"2022-06-29T13:01:26+00:00\",\"description\":\"Forma equipo y emprende un viaje hasta los confines del infierno para revelar tu pasado y escapar de la pesadilla en vida en CODE VEIN.\",\"breadcrumb\":{\"@id\":\"https:\/\/www.mercadokeys.com\/product\/code-vein-xbox-one-cd-key\/#breadcrumb\"},\"inLanguage\":\"en-GB\",\"potentialAction\":[{\"@type\":\"ReadAction\",\"target\":[\"https:\/\/www.mercadokeys.com\/product\/code-vein-xbox-one-cd-key\/\"]}]},{\"@type\":\"ImageObject\",\"inLanguage\":\"en-GB\",\"@id\":\"https:\/\/www.mercadokeys.com\/product\/code-vein-xbox-one-cd-key\/#primaryimage\",\"url\":\"https:\/\/www.mercadokeys.com.mx\/wp-content\/uploads\/2022\/01\/Code-Vein-Xbox-One-CD-Key-GLOBAL.jpg\",\"contentUrl\":\"https:\/\/www.mercadokeys.com.mx\/wp-content\/uploads\/2022\/01\/Code-Vein-Xbox-One-CD-Key-GLOBAL.jpg\",\"width\":460,\"height\":672},{\"@type\":\"BreadcrumbList\",\"@id\":\"https:\/\/www.mercadokeys.com\/product\/code-vein-xbox-one-cd-key\/#breadcrumb\",\"itemListElement\":[{\"@type\":\"ListItem\",\"position\":1,\"name\":\"Inicio\",\"item\":\"https:\/\/www.mercadokeys.com.mx\/\"},{\"@type\":\"ListItem\",\"position\":2,\"name\":\"Tienda\",\"item\":\"https:\/\/www.mercadokeys.com\/shop\/\"},{\"@type\":\"ListItem\",\"position\":3,\"name\":\"Code Vein Xbox One CD Key\"}]},{\"@type\":\"WebSite\",\"@id\":\"https:\/\/www.mercadokeys.com\/eng\/#website\",\"url\":\"https:\/\/www.mercadokeys.com\/eng\/\",\"name\":\"MERCADOKEYS\",\"description\":\"Tu Tienda de videojuegos digitales en Mexico!\",\"potentialAction\":[{\"@type\":\"SearchAction\",\"target\":{\"@type\":\"EntryPoint\",\"urlTemplate\":\"https:\/\/www.mercadokeys.com\/eng\/?s={search_term_string}\"},\"query-input\":{\"@type\":\"PropertyValueSpecification\",\"valueRequired\":true,\"valueName\":\"search_term_string\"}}],\"inLanguage\":\"en-GB\"}]}<\/script>\n<!-- \/ Yoast SEO plugin. -->","yoast_head_json":{"title":"Code Vein Xbox One CD Key - MERCADOKEYS","description":"Forma equipo y emprende un viaje hasta los confines del infierno para revelar tu pasado y escapar de la pesadilla en vida en CODE VEIN.","robots":{"index":"index","follow":"follow","max-snippet":"max-snippet:-1","max-image-preview":"max-image-preview:large","max-video-preview":"max-video-preview:-1"},"canonical":"https:\/\/www.mercadokeys.com\/product\/code-vein-xbox-one-cd-key\/","og_locale":"en_GB","og_type":"article","og_title":"Code Vein Xbox One CD Key - MERCADOKEYS","og_description":"Forma equipo y emprende un viaje hasta los confines del infierno para revelar tu pasado y escapar de la pesadilla en vida en CODE VEIN.","og_url":"https:\/\/www.mercadokeys.com\/product\/code-vein-xbox-one-cd-key\/","og_site_name":"MERCADOKEYS","article_modified_time":"2022-06-29T13:01:26+00:00","og_image":[{"width":460,"height":672,"url":"https:\/\/www.mercadokeys.com\/wp-content\/uploads\/2022\/01\/Code-Vein-Xbox-One-CD-Key-GLOBAL.jpg","type":"image\/jpeg"}],"twitter_card":"summary_large_image","twitter_misc":{"Estimated reading time":"1 minute"},"schema":{"@context":"https:\/\/schema.org","@graph":[{"@type":"WebPage","@id":"https:\/\/www.mercadokeys.com\/product\/code-vein-xbox-one-cd-key\/","url":"https:\/\/www.mercadokeys.com\/product\/code-vein-xbox-one-cd-key\/","name":"Code Vein Xbox One CD Key - MERCADOKEYS","isPartOf":{"@id":"https:\/\/www.mercadokeys.com\/eng\/#website"},"primaryImageOfPage":{"@id":"https:\/\/www.mercadokeys.com\/product\/code-vein-xbox-one-cd-key\/#primaryimage"},"image":{"@id":"https:\/\/www.mercadokeys.com\/product\/code-vein-xbox-one-cd-key\/#primaryimage"},"thumbnailUrl":"https:\/\/www.mercadokeys.com.mx\/wp-content\/uploads\/2022\/01\/Code-Vein-Xbox-One-CD-Key-GLOBAL.jpg","datePublished":"2022-01-09T20:05:40+00:00","dateModified":"2022-06-29T13:01:26+00:00","description":"Forma equipo y emprende un viaje hasta los confines del infierno para revelar tu pasado y escapar de la pesadilla en vida en CODE VEIN.","breadcrumb":{"@id":"https:\/\/www.mercadokeys.com\/product\/code-vein-xbox-one-cd-key\/#breadcrumb"},"inLanguage":"en-GB","potentialAction":[{"@type":"ReadAction","target":["https:\/\/www.mercadokeys.com\/product\/code-vein-xbox-one-cd-key\/"]}]},{"@type":"ImageObject","inLanguage":"en-GB","@id":"https:\/\/www.mercadokeys.com\/product\/code-vein-xbox-one-cd-key\/#primaryimage","url":"https:\/\/www.mercadokeys.com.mx\/wp-content\/uploads\/2022\/01\/Code-Vein-Xbox-One-CD-Key-GLOBAL.jpg","contentUrl":"https:\/\/www.mercadokeys.com.mx\/wp-content\/uploads\/2022\/01\/Code-Vein-Xbox-One-CD-Key-GLOBAL.jpg","width":460,"height":672},{"@type":"BreadcrumbList","@id":"https:\/\/www.mercadokeys.com\/product\/code-vein-xbox-one-cd-key\/#breadcrumb","itemListElement":[{"@type":"ListItem","position":1,"name":"Inicio","item":"https:\/\/www.mercadokeys.com.mx\/"},{"@type":"ListItem","position":2,"name":"Tienda","item":"https:\/\/www.mercadokeys.com\/shop\/"},{"@type":"ListItem","position":3,"name":"Code Vein Xbox One CD Key"}]},{"@type":"WebSite","@id":"https:\/\/www.mercadokeys.com\/eng\/#website","url":"https:\/\/www.mercadokeys.com\/eng\/","name":"MERCADOKEYS","description":"Tu Tienda de videojuegos digitales en Mexico!","potentialAction":[{"@type":"SearchAction","target":{"@type":"EntryPoint","urlTemplate":"https:\/\/www.mercadokeys.com\/eng\/?s={search_term_string}"},"query-input":{"@type":"PropertyValueSpecification","valueRequired":true,"valueName":"search_term_string"}}],"inLanguage":"en-GB"}]}},"df_price":1286.289744,"df_sale_price":1286.289744,"df_regular_price":1286.289744,"df_image_link":"https:\/\/www.mercadokeys.com.mx\/wp-content\/uploads\/2022\/01\/Code-Vein-Xbox-One-CD-Key-GLOBAL-205x300.jpg","_links":{"self":[{"href":"https:\/\/www.mercadokeys.com.mx\/eng\/wp-json\/wp\/v2\/product\/120409","targetHints":{"allow":["GET"]}}],"collection":[{"href":"https:\/\/www.mercadokeys.com.mx\/eng\/wp-json\/wp\/v2\/product"}],"about":[{"href":"https:\/\/www.mercadokeys.com.mx\/eng\/wp-json\/wp\/v2\/types\/product"}],"wp:featuredmedia":[{"embeddable":true,"href":"https:\/\/www.mercadokeys.com.mx\/eng\/wp-json\/wp\/v2\/media\/120675"}],"wp:attachment":[{"href":"https:\/\/www.mercadokeys.com.mx\/eng\/wp-json\/wp\/v2\/media?parent=120409"}],"wp:term":[{"taxonomy":"product_brand","embeddable":true,"href":"https:\/\/www.mercadokeys.com.mx\/eng\/wp-json\/wp\/v2\/product_brand?post=120409"},{"taxonomy":"product_cat","embeddable":true,"href":"https:\/\/www.mercadokeys.com.mx\/eng\/wp-json\/wp\/v2\/product_cat?post=120409"},{"taxonomy":"product_tag","embeddable":true,"href":"https:\/\/www.mercadokeys.com.mx\/eng\/wp-json\/wp\/v2\/product_tag?post=120409"}],"curies":[{"name":"wp","href":"https:\/\/api.w.org\/{rel}","templated":true}]}}