{"id":120392,"date":"2022-01-09T12:04:58","date_gmt":"2022-01-09T20:04:58","guid":{"rendered":"https:\/\/www.mercadokeys.com\/product\/raiders-of-the-broken-planet-alien-myths-campaign-xbox-one-xbox-live-key-global\/"},"modified":"2022-06-29T06:01:20","modified_gmt":"2022-06-29T13:01:20","slug":"raiders-of-the-broken-planet-alien-myths-campaign-xbox-one-cd-key-global","status":"publish","type":"product","link":"https:\/\/www.mercadokeys.com.mx\/eng\/product\/raiders-of-the-broken-planet-alien-myths-campaign-xbox-one-cd-key-global\/","title":{"rendered":"Raiders of the Broken Planet &#8211; Alien Myths Campaign Xbox One CD Key GLOBAL"},"content":{"rendered":"<p><em>Raiders of the Broken Planet<\/em>\u00a0es nuestra propia versi\u00f3n del g\u00e9nero de disparos.\u00a0Mientras dise\u00f1\u00e1bamos el prototipo de la campa\u00f1a cooperativa y trabaj\u00e1bamos en la IA del enemigo, pensamos mucho en c\u00f3mo se comportar\u00eda el enemigo.\u00a0\u00bfCu\u00e1l fue su motivaci\u00f3n basada en su tradici\u00f3n?\u00a0\u00bfC\u00f3mo se reflejar\u00eda eso en la mec\u00e1nica del juego?\u00a0Poni\u00e9ndonos en la mentalidad del enemigo, nos dimos cuenta de que ser\u00eda un gran fan jugar del lado de los malos, y as\u00ed naci\u00f3 la figura de The Antagonist.\u00a0<em>Los Raiders se<\/em>\u00a0convirtieron en un juego de contraataque 4 contra 1, y eso realmente marc\u00f3 la diferencia.<\/p>","protected":false},"excerpt":{"rendered":"<p>Raiders of the Broken Planet\u00a0es nuestra propia versi\u00f3n del g\u00e9nero de disparos.\u00a0Mientras dise\u00f1\u00e1bamos el prototipo de la campa\u00f1a cooperativa y trabaj\u00e1bamos en la IA del enemigo, pensamos mucho en c\u00f3mo se comportar\u00eda el enemigo.\u00a0\u00bfCu\u00e1l fue su motivaci\u00f3n basada en su tradici\u00f3n?\u00a0\u00bfC\u00f3mo se reflejar\u00eda eso en la mec\u00e1nica del juego?\u00a0Poni\u00e9ndonos en la mentalidad del enemigo, nos&#8230;<\/p>","protected":false},"featured_media":120395,"template":"","meta":{"_monsterinsights_skip_tracking":false,"_monsterinsights_sitenote_active":false,"_monsterinsights_sitenote_note":"","_monsterinsights_sitenote_category":0},"product_brand":[],"product_cat":[1271,1281,1274,1392,1394,1428,1427],"product_tag":[4004,4006,4005],"class_list":{"0":"post-120392","1":"product","2":"type-product","3":"status-publish","4":"has-post-thumbnail","6":"product_cat-tienda-de-videojuegos-tijuana-mexico","7":"product_cat-tienda-de-videojuegos-consolas-tijuana-mexico","8":"product_cat-tienda-de-videojuegos-xbox-tijuana-mexico","9":"product_cat-tienda-de-videojuegos-accion-tijuana-mexico","10":"product_cat-tienda-de-videojuegos-aventura-tijuana-mexico","11":"product_cat-tienda-de-videojuegos-cooperativos-tijuana-mexico","12":"product_cat-tienda-de-videojuegos-juegos-para-mando-tijuana-mexico","13":"product_tag-raiders-of-the-broken-planet","14":"product_tag-raiders-of-the-broken-planet-buy-game","15":"product_tag-raiders-of-the-broken-planet-cd-key","17":"first","18":"instock","19":"shipping-taxable","20":"purchasable","21":"product-type-simple"},"yoast_head":"<!-- This site is optimized with the Yoast SEO plugin v27.0 - https:\/\/yoast.com\/product\/yoast-seo-wordpress\/ -->\n<title>Raiders of the Broken Planet - Alien Myths Campaign Xbox One CD Key GLOBAL - MERCADOKEYS<\/title>\n<meta name=\"description\" content=\"Raiders of the Broken Planet\u00a0es nuestra propia versi\u00f3n del g\u00e9nero de disparos.\u00a0Mientras dise\u00f1\u00e1bamos el prototipo de la campa\u00f1a cooperativa\" \/>\n<meta name=\"robots\" content=\"index, follow, max-snippet:-1, max-image-preview:large, max-video-preview:-1\" \/>\n<link rel=\"canonical\" href=\"https:\/\/www.mercadokeys.com\/product\/raiders-of-the-broken-planet-alien-myths-campaign-xbox-one-cd-key-global\/\" \/>\n<meta property=\"og:locale\" content=\"en_GB\" \/>\n<meta property=\"og:type\" content=\"article\" \/>\n<meta property=\"og:title\" content=\"Raiders of the Broken Planet - Alien Myths Campaign Xbox One CD Key GLOBAL - MERCADOKEYS\" \/>\n<meta property=\"og:description\" content=\"Raiders of the Broken Planet\u00a0es nuestra propia versi\u00f3n del g\u00e9nero de disparos.\u00a0Mientras dise\u00f1\u00e1bamos el prototipo de la campa\u00f1a cooperativa\" \/>\n<meta property=\"og:url\" content=\"https:\/\/www.mercadokeys.com\/product\/raiders-of-the-broken-planet-alien-myths-campaign-xbox-one-cd-key-global\/\" \/>\n<meta property=\"og:site_name\" content=\"MERCADOKEYS\" \/>\n<meta property=\"article:modified_time\" content=\"2022-06-29T13:01:20+00:00\" \/>\n<meta property=\"og:image\" content=\"https:\/\/www.mercadokeys.com\/wp-content\/uploads\/2022\/01\/1114563.jpg\" \/>\n\t<meta property=\"og:image:width\" content=\"230\" \/>\n\t<meta property=\"og:image:height\" content=\"336\" \/>\n\t<meta property=\"og:image:type\" content=\"image\/jpeg\" \/>\n<meta name=\"twitter:card\" content=\"summary_large_image\" \/>\n<meta name=\"twitter:label1\" content=\"Estimated reading time\" \/>\n\t<meta name=\"twitter:data1\" content=\"1 minute\" \/>\n<script type=\"application\/ld+json\" class=\"yoast-schema-graph\">{\"@context\":\"https:\/\/schema.org\",\"@graph\":[{\"@type\":\"WebPage\",\"@id\":\"https:\/\/www.mercadokeys.com\/product\/raiders-of-the-broken-planet-alien-myths-campaign-xbox-one-cd-key-global\/\",\"url\":\"https:\/\/www.mercadokeys.com\/product\/raiders-of-the-broken-planet-alien-myths-campaign-xbox-one-cd-key-global\/\",\"name\":\"Raiders of the Broken Planet - Alien Myths Campaign Xbox One CD Key GLOBAL - MERCADOKEYS\",\"isPartOf\":{\"@id\":\"https:\/\/www.mercadokeys.com\/eng\/#website\"},\"primaryImageOfPage\":{\"@id\":\"https:\/\/www.mercadokeys.com\/product\/raiders-of-the-broken-planet-alien-myths-campaign-xbox-one-cd-key-global\/#primaryimage\"},\"image\":{\"@id\":\"https:\/\/www.mercadokeys.com\/product\/raiders-of-the-broken-planet-alien-myths-campaign-xbox-one-cd-key-global\/#primaryimage\"},\"thumbnailUrl\":\"https:\/\/www.mercadokeys.com.mx\/wp-content\/uploads\/2022\/01\/1114563.jpg\",\"datePublished\":\"2022-01-09T20:04:58+00:00\",\"dateModified\":\"2022-06-29T13:01:20+00:00\",\"description\":\"Raiders of the Broken Planet\u00a0es nuestra propia versi\u00f3n del g\u00e9nero de disparos.\u00a0Mientras dise\u00f1\u00e1bamos el prototipo de la campa\u00f1a cooperativa\",\"breadcrumb\":{\"@id\":\"https:\/\/www.mercadokeys.com\/product\/raiders-of-the-broken-planet-alien-myths-campaign-xbox-one-cd-key-global\/#breadcrumb\"},\"inLanguage\":\"en-GB\",\"potentialAction\":[{\"@type\":\"ReadAction\",\"target\":[\"https:\/\/www.mercadokeys.com\/product\/raiders-of-the-broken-planet-alien-myths-campaign-xbox-one-cd-key-global\/\"]}]},{\"@type\":\"ImageObject\",\"inLanguage\":\"en-GB\",\"@id\":\"https:\/\/www.mercadokeys.com\/product\/raiders-of-the-broken-planet-alien-myths-campaign-xbox-one-cd-key-global\/#primaryimage\",\"url\":\"https:\/\/www.mercadokeys.com.mx\/wp-content\/uploads\/2022\/01\/1114563.jpg\",\"contentUrl\":\"https:\/\/www.mercadokeys.com.mx\/wp-content\/uploads\/2022\/01\/1114563.jpg\",\"width\":230,\"height\":336},{\"@type\":\"BreadcrumbList\",\"@id\":\"https:\/\/www.mercadokeys.com\/product\/raiders-of-the-broken-planet-alien-myths-campaign-xbox-one-cd-key-global\/#breadcrumb\",\"itemListElement\":[{\"@type\":\"ListItem\",\"position\":1,\"name\":\"Inicio\",\"item\":\"https:\/\/www.mercadokeys.com.mx\/\"},{\"@type\":\"ListItem\",\"position\":2,\"name\":\"Tienda\",\"item\":\"https:\/\/www.mercadokeys.com\/shop\/\"},{\"@type\":\"ListItem\",\"position\":3,\"name\":\"Raiders of the Broken Planet &#8211; Alien Myths Campaign Xbox One CD Key GLOBAL\"}]},{\"@type\":\"WebSite\",\"@id\":\"https:\/\/www.mercadokeys.com\/eng\/#website\",\"url\":\"https:\/\/www.mercadokeys.com\/eng\/\",\"name\":\"MERCADOKEYS\",\"description\":\"Tu Tienda de videojuegos digitales en Mexico!\",\"potentialAction\":[{\"@type\":\"SearchAction\",\"target\":{\"@type\":\"EntryPoint\",\"urlTemplate\":\"https:\/\/www.mercadokeys.com\/eng\/?s={search_term_string}\"},\"query-input\":{\"@type\":\"PropertyValueSpecification\",\"valueRequired\":true,\"valueName\":\"search_term_string\"}}],\"inLanguage\":\"en-GB\"}]}<\/script>\n<!-- \/ Yoast SEO plugin. -->","yoast_head_json":{"title":"Raiders of the Broken Planet - Alien Myths Campaign Xbox One CD Key GLOBAL - MERCADOKEYS","description":"Raiders of the Broken Planet\u00a0es nuestra propia versi\u00f3n del g\u00e9nero de disparos.\u00a0Mientras dise\u00f1\u00e1bamos el prototipo de la campa\u00f1a cooperativa","robots":{"index":"index","follow":"follow","max-snippet":"max-snippet:-1","max-image-preview":"max-image-preview:large","max-video-preview":"max-video-preview:-1"},"canonical":"https:\/\/www.mercadokeys.com\/product\/raiders-of-the-broken-planet-alien-myths-campaign-xbox-one-cd-key-global\/","og_locale":"en_GB","og_type":"article","og_title":"Raiders of the Broken Planet - Alien Myths Campaign Xbox One CD Key GLOBAL - MERCADOKEYS","og_description":"Raiders of the Broken Planet\u00a0es nuestra propia versi\u00f3n del g\u00e9nero de disparos.\u00a0Mientras dise\u00f1\u00e1bamos el prototipo de la campa\u00f1a cooperativa","og_url":"https:\/\/www.mercadokeys.com\/product\/raiders-of-the-broken-planet-alien-myths-campaign-xbox-one-cd-key-global\/","og_site_name":"MERCADOKEYS","article_modified_time":"2022-06-29T13:01:20+00:00","og_image":[{"width":230,"height":336,"url":"https:\/\/www.mercadokeys.com\/wp-content\/uploads\/2022\/01\/1114563.jpg","type":"image\/jpeg"}],"twitter_card":"summary_large_image","twitter_misc":{"Estimated reading time":"1 minute"},"schema":{"@context":"https:\/\/schema.org","@graph":[{"@type":"WebPage","@id":"https:\/\/www.mercadokeys.com\/product\/raiders-of-the-broken-planet-alien-myths-campaign-xbox-one-cd-key-global\/","url":"https:\/\/www.mercadokeys.com\/product\/raiders-of-the-broken-planet-alien-myths-campaign-xbox-one-cd-key-global\/","name":"Raiders of the Broken Planet - Alien Myths Campaign Xbox One CD Key GLOBAL - MERCADOKEYS","isPartOf":{"@id":"https:\/\/www.mercadokeys.com\/eng\/#website"},"primaryImageOfPage":{"@id":"https:\/\/www.mercadokeys.com\/product\/raiders-of-the-broken-planet-alien-myths-campaign-xbox-one-cd-key-global\/#primaryimage"},"image":{"@id":"https:\/\/www.mercadokeys.com\/product\/raiders-of-the-broken-planet-alien-myths-campaign-xbox-one-cd-key-global\/#primaryimage"},"thumbnailUrl":"https:\/\/www.mercadokeys.com.mx\/wp-content\/uploads\/2022\/01\/1114563.jpg","datePublished":"2022-01-09T20:04:58+00:00","dateModified":"2022-06-29T13:01:20+00:00","description":"Raiders of the Broken Planet\u00a0es nuestra propia versi\u00f3n del g\u00e9nero de disparos.\u00a0Mientras dise\u00f1\u00e1bamos el prototipo de la campa\u00f1a cooperativa","breadcrumb":{"@id":"https:\/\/www.mercadokeys.com\/product\/raiders-of-the-broken-planet-alien-myths-campaign-xbox-one-cd-key-global\/#breadcrumb"},"inLanguage":"en-GB","potentialAction":[{"@type":"ReadAction","target":["https:\/\/www.mercadokeys.com\/product\/raiders-of-the-broken-planet-alien-myths-campaign-xbox-one-cd-key-global\/"]}]},{"@type":"ImageObject","inLanguage":"en-GB","@id":"https:\/\/www.mercadokeys.com\/product\/raiders-of-the-broken-planet-alien-myths-campaign-xbox-one-cd-key-global\/#primaryimage","url":"https:\/\/www.mercadokeys.com.mx\/wp-content\/uploads\/2022\/01\/1114563.jpg","contentUrl":"https:\/\/www.mercadokeys.com.mx\/wp-content\/uploads\/2022\/01\/1114563.jpg","width":230,"height":336},{"@type":"BreadcrumbList","@id":"https:\/\/www.mercadokeys.com\/product\/raiders-of-the-broken-planet-alien-myths-campaign-xbox-one-cd-key-global\/#breadcrumb","itemListElement":[{"@type":"ListItem","position":1,"name":"Inicio","item":"https:\/\/www.mercadokeys.com.mx\/"},{"@type":"ListItem","position":2,"name":"Tienda","item":"https:\/\/www.mercadokeys.com\/shop\/"},{"@type":"ListItem","position":3,"name":"Raiders of the Broken Planet &#8211; Alien Myths Campaign Xbox One CD Key GLOBAL"}]},{"@type":"WebSite","@id":"https:\/\/www.mercadokeys.com\/eng\/#website","url":"https:\/\/www.mercadokeys.com\/eng\/","name":"MERCADOKEYS","description":"Tu Tienda de videojuegos digitales en Mexico!","potentialAction":[{"@type":"SearchAction","target":{"@type":"EntryPoint","urlTemplate":"https:\/\/www.mercadokeys.com\/eng\/?s={search_term_string}"},"query-input":{"@type":"PropertyValueSpecification","valueRequired":true,"valueName":"search_term_string"}}],"inLanguage":"en-GB"}]}},"df_price":276.470812,"df_sale_price":276.470812,"df_regular_price":276.470812,"df_image_link":"https:\/\/www.mercadokeys.com.mx\/wp-content\/uploads\/2022\/01\/1114563-205x300.jpg","_links":{"self":[{"href":"https:\/\/www.mercadokeys.com.mx\/eng\/wp-json\/wp\/v2\/product\/120392","targetHints":{"allow":["GET"]}}],"collection":[{"href":"https:\/\/www.mercadokeys.com.mx\/eng\/wp-json\/wp\/v2\/product"}],"about":[{"href":"https:\/\/www.mercadokeys.com.mx\/eng\/wp-json\/wp\/v2\/types\/product"}],"wp:featuredmedia":[{"embeddable":true,"href":"https:\/\/www.mercadokeys.com.mx\/eng\/wp-json\/wp\/v2\/media\/120395"}],"wp:attachment":[{"href":"https:\/\/www.mercadokeys.com.mx\/eng\/wp-json\/wp\/v2\/media?parent=120392"}],"wp:term":[{"taxonomy":"product_brand","embeddable":true,"href":"https:\/\/www.mercadokeys.com.mx\/eng\/wp-json\/wp\/v2\/product_brand?post=120392"},{"taxonomy":"product_cat","embeddable":true,"href":"https:\/\/www.mercadokeys.com.mx\/eng\/wp-json\/wp\/v2\/product_cat?post=120392"},{"taxonomy":"product_tag","embeddable":true,"href":"https:\/\/www.mercadokeys.com.mx\/eng\/wp-json\/wp\/v2\/product_tag?post=120392"}],"curies":[{"name":"wp","href":"https:\/\/api.w.org\/{rel}","templated":true}]}}