{"id":120376,"date":"2022-01-09T12:04:15","date_gmt":"2022-01-09T20:04:15","guid":{"rendered":"https:\/\/www.mercadokeys.com\/product\/minecraft-story-mode-the-complete-adventure-episodes-1-8-xbox-one-xbox-live-key-global\/"},"modified":"2022-06-29T06:01:15","modified_gmt":"2022-06-29T13:01:15","slug":"minecraft-story-mode-the-complete-adventure-episodes-1-8-xbox-one-cd-key-global","status":"publish","type":"product","link":"https:\/\/www.mercadokeys.com.mx\/eng\/product\/minecraft-story-mode-the-complete-adventure-episodes-1-8-xbox-one-cd-key-global\/","title":{"rendered":"Minecraft: Story Mode &#8211; The Complete Adventure (Episodes 1-8) Xbox One CD Key GLOBAL"},"content":{"rendered":"<p>Minecraft: Story Mode &#8211; The Complete Adventure<\/p>\n<p><span style=\"color: inherit;\"><span style=\"vertical-align: inherit;\">Como Jesse, te embarcar\u00e1s en una peligrosa aventura a trav\u00e9s del Overworld, a trav\u00e9s del Nether, hasta el Fin y m\u00e1s all\u00e1. T\u00fa y tus amigos veneran a la legendaria Orden de la Piedra: Guerrero, Ingeniero de Redstone, Griefer y Arquitecto; asesinos del Drag\u00f3n Ender. Mientras est\u00e1s en EnderCon con la esperanza de conocer a Gabriel el Guerrero, t\u00fa y tus amigos descubren que algo anda mal&#8230; algo espantoso. Se desata el terror y debes emprender una b\u00fasqueda para encontrar La Orden de la Piedra si quieres salvar a tu mundo del olvido.<\/span><\/span><\/p>\n<p>&nbsp;<\/p>","protected":false},"excerpt":{"rendered":"<p>Minecraft: Story Mode &#8211; The Complete Adventure Como Jesse, te embarcar\u00e1s en una peligrosa aventura a trav\u00e9s del Overworld, a trav\u00e9s del Nether, hasta el Fin y m\u00e1s all\u00e1. T\u00fa y tus amigos veneran a la legendaria Orden de la Piedra: Guerrero, Ingeniero de Redstone, Griefer y Arquitecto; asesinos del Drag\u00f3n Ender. Mientras est\u00e1s en&#8230;<\/p>","protected":false},"featured_media":120379,"template":"","meta":{"_monsterinsights_skip_tracking":false,"_monsterinsights_sitenote_active":false,"_monsterinsights_sitenote_note":"","_monsterinsights_sitenote_category":0},"product_brand":[],"product_cat":[1271,1281,1274,1392,1394,1427],"product_tag":[4020,4019],"class_list":{"0":"post-120376","1":"product","2":"type-product","3":"status-publish","4":"has-post-thumbnail","6":"product_cat-tienda-de-videojuegos-tijuana-mexico","7":"product_cat-tienda-de-videojuegos-consolas-tijuana-mexico","8":"product_cat-tienda-de-videojuegos-xbox-tijuana-mexico","9":"product_cat-tienda-de-videojuegos-accion-tijuana-mexico","10":"product_cat-tienda-de-videojuegos-aventura-tijuana-mexico","11":"product_cat-tienda-de-videojuegos-juegos-para-mando-tijuana-mexico","12":"product_tag-minecraft-story-mode-episodes","13":"product_tag-minecraft-story-mode-xbox","15":"first","16":"instock","17":"shipping-taxable","18":"purchasable","19":"product-type-simple"},"yoast_head":"<!-- This site is optimized with the Yoast SEO plugin v27.0 - https:\/\/yoast.com\/product\/yoast-seo-wordpress\/ -->\n<title>Minecraft: Story Mode - The Complete Adventure (Episodes 1-8) Xbox One CD Key GLOBAL - MERCADOKEYS<\/title>\n<meta name=\"description\" content=\"Como Jesse, te embarcar\u00e1s en una peligrosa aventura a trav\u00e9s del Overworld, a trav\u00e9s del Nether, hasta el Fin y m\u00e1s all\u00e1.\" \/>\n<meta name=\"robots\" content=\"index, follow, max-snippet:-1, max-image-preview:large, max-video-preview:-1\" \/>\n<link rel=\"canonical\" href=\"https:\/\/www.mercadokeys.com\/product\/minecraft-story-mode-the-complete-adventure-episodes-1-8-xbox-one-cd-key-global\/\" \/>\n<meta property=\"og:locale\" content=\"en_GB\" \/>\n<meta property=\"og:type\" content=\"article\" \/>\n<meta property=\"og:title\" content=\"Minecraft: Story Mode - The Complete Adventure (Episodes 1-8) Xbox One CD Key GLOBAL - MERCADOKEYS\" \/>\n<meta property=\"og:description\" content=\"Como Jesse, te embarcar\u00e1s en una peligrosa aventura a trav\u00e9s del Overworld, a trav\u00e9s del Nether, hasta el Fin y m\u00e1s all\u00e1.\" \/>\n<meta property=\"og:url\" content=\"https:\/\/www.mercadokeys.com\/product\/minecraft-story-mode-the-complete-adventure-episodes-1-8-xbox-one-cd-key-global\/\" \/>\n<meta property=\"og:site_name\" content=\"MERCADOKEYS\" \/>\n<meta property=\"article:modified_time\" content=\"2022-06-29T13:01:15+00:00\" \/>\n<meta property=\"og:image\" content=\"https:\/\/www.mercadokeys.com\/wp-content\/uploads\/2022\/01\/51149.jpg\" \/>\n\t<meta property=\"og:image:width\" content=\"230\" \/>\n\t<meta property=\"og:image:height\" content=\"336\" \/>\n\t<meta property=\"og:image:type\" content=\"image\/jpeg\" \/>\n<meta name=\"twitter:card\" content=\"summary_large_image\" \/>\n<meta name=\"twitter:label1\" content=\"Estimated reading time\" \/>\n\t<meta name=\"twitter:data1\" content=\"1 minute\" \/>\n<script type=\"application\/ld+json\" class=\"yoast-schema-graph\">{\"@context\":\"https:\/\/schema.org\",\"@graph\":[{\"@type\":\"WebPage\",\"@id\":\"https:\/\/www.mercadokeys.com\/product\/minecraft-story-mode-the-complete-adventure-episodes-1-8-xbox-one-cd-key-global\/\",\"url\":\"https:\/\/www.mercadokeys.com\/product\/minecraft-story-mode-the-complete-adventure-episodes-1-8-xbox-one-cd-key-global\/\",\"name\":\"Minecraft: Story Mode - The Complete Adventure (Episodes 1-8) Xbox One CD Key GLOBAL - MERCADOKEYS\",\"isPartOf\":{\"@id\":\"https:\/\/www.mercadokeys.com\/eng\/#website\"},\"primaryImageOfPage\":{\"@id\":\"https:\/\/www.mercadokeys.com\/product\/minecraft-story-mode-the-complete-adventure-episodes-1-8-xbox-one-cd-key-global\/#primaryimage\"},\"image\":{\"@id\":\"https:\/\/www.mercadokeys.com\/product\/minecraft-story-mode-the-complete-adventure-episodes-1-8-xbox-one-cd-key-global\/#primaryimage\"},\"thumbnailUrl\":\"https:\/\/www.mercadokeys.com.mx\/wp-content\/uploads\/2022\/01\/51149.jpg\",\"datePublished\":\"2022-01-09T20:04:15+00:00\",\"dateModified\":\"2022-06-29T13:01:15+00:00\",\"description\":\"Como Jesse, te embarcar\u00e1s en una peligrosa aventura a trav\u00e9s del Overworld, a trav\u00e9s del Nether, hasta el Fin y m\u00e1s all\u00e1.\",\"breadcrumb\":{\"@id\":\"https:\/\/www.mercadokeys.com\/product\/minecraft-story-mode-the-complete-adventure-episodes-1-8-xbox-one-cd-key-global\/#breadcrumb\"},\"inLanguage\":\"en-GB\",\"potentialAction\":[{\"@type\":\"ReadAction\",\"target\":[\"https:\/\/www.mercadokeys.com\/product\/minecraft-story-mode-the-complete-adventure-episodes-1-8-xbox-one-cd-key-global\/\"]}]},{\"@type\":\"ImageObject\",\"inLanguage\":\"en-GB\",\"@id\":\"https:\/\/www.mercadokeys.com\/product\/minecraft-story-mode-the-complete-adventure-episodes-1-8-xbox-one-cd-key-global\/#primaryimage\",\"url\":\"https:\/\/www.mercadokeys.com.mx\/wp-content\/uploads\/2022\/01\/51149.jpg\",\"contentUrl\":\"https:\/\/www.mercadokeys.com.mx\/wp-content\/uploads\/2022\/01\/51149.jpg\",\"width\":230,\"height\":336},{\"@type\":\"BreadcrumbList\",\"@id\":\"https:\/\/www.mercadokeys.com\/product\/minecraft-story-mode-the-complete-adventure-episodes-1-8-xbox-one-cd-key-global\/#breadcrumb\",\"itemListElement\":[{\"@type\":\"ListItem\",\"position\":1,\"name\":\"Inicio\",\"item\":\"https:\/\/www.mercadokeys.com.mx\/\"},{\"@type\":\"ListItem\",\"position\":2,\"name\":\"Tienda\",\"item\":\"https:\/\/www.mercadokeys.com\/shop\/\"},{\"@type\":\"ListItem\",\"position\":3,\"name\":\"Minecraft: Story Mode &#8211; The Complete Adventure (Episodes 1-8) Xbox One CD Key GLOBAL\"}]},{\"@type\":\"WebSite\",\"@id\":\"https:\/\/www.mercadokeys.com\/eng\/#website\",\"url\":\"https:\/\/www.mercadokeys.com\/eng\/\",\"name\":\"MERCADOKEYS\",\"description\":\"Tu Tienda de videojuegos digitales en Mexico!\",\"potentialAction\":[{\"@type\":\"SearchAction\",\"target\":{\"@type\":\"EntryPoint\",\"urlTemplate\":\"https:\/\/www.mercadokeys.com\/eng\/?s={search_term_string}\"},\"query-input\":{\"@type\":\"PropertyValueSpecification\",\"valueRequired\":true,\"valueName\":\"search_term_string\"}}],\"inLanguage\":\"en-GB\"}]}<\/script>\n<!-- \/ Yoast SEO plugin. -->","yoast_head_json":{"title":"Minecraft: Story Mode - The Complete Adventure (Episodes 1-8) Xbox One CD Key GLOBAL - MERCADOKEYS","description":"Como Jesse, te embarcar\u00e1s en una peligrosa aventura a trav\u00e9s del Overworld, a trav\u00e9s del Nether, hasta el Fin y m\u00e1s all\u00e1.","robots":{"index":"index","follow":"follow","max-snippet":"max-snippet:-1","max-image-preview":"max-image-preview:large","max-video-preview":"max-video-preview:-1"},"canonical":"https:\/\/www.mercadokeys.com\/product\/minecraft-story-mode-the-complete-adventure-episodes-1-8-xbox-one-cd-key-global\/","og_locale":"en_GB","og_type":"article","og_title":"Minecraft: Story Mode - The Complete Adventure (Episodes 1-8) Xbox One CD Key GLOBAL - MERCADOKEYS","og_description":"Como Jesse, te embarcar\u00e1s en una peligrosa aventura a trav\u00e9s del Overworld, a trav\u00e9s del Nether, hasta el Fin y m\u00e1s all\u00e1.","og_url":"https:\/\/www.mercadokeys.com\/product\/minecraft-story-mode-the-complete-adventure-episodes-1-8-xbox-one-cd-key-global\/","og_site_name":"MERCADOKEYS","article_modified_time":"2022-06-29T13:01:15+00:00","og_image":[{"width":230,"height":336,"url":"https:\/\/www.mercadokeys.com\/wp-content\/uploads\/2022\/01\/51149.jpg","type":"image\/jpeg"}],"twitter_card":"summary_large_image","twitter_misc":{"Estimated reading time":"1 minute"},"schema":{"@context":"https:\/\/schema.org","@graph":[{"@type":"WebPage","@id":"https:\/\/www.mercadokeys.com\/product\/minecraft-story-mode-the-complete-adventure-episodes-1-8-xbox-one-cd-key-global\/","url":"https:\/\/www.mercadokeys.com\/product\/minecraft-story-mode-the-complete-adventure-episodes-1-8-xbox-one-cd-key-global\/","name":"Minecraft: Story Mode - The Complete Adventure (Episodes 1-8) Xbox One CD Key GLOBAL - MERCADOKEYS","isPartOf":{"@id":"https:\/\/www.mercadokeys.com\/eng\/#website"},"primaryImageOfPage":{"@id":"https:\/\/www.mercadokeys.com\/product\/minecraft-story-mode-the-complete-adventure-episodes-1-8-xbox-one-cd-key-global\/#primaryimage"},"image":{"@id":"https:\/\/www.mercadokeys.com\/product\/minecraft-story-mode-the-complete-adventure-episodes-1-8-xbox-one-cd-key-global\/#primaryimage"},"thumbnailUrl":"https:\/\/www.mercadokeys.com.mx\/wp-content\/uploads\/2022\/01\/51149.jpg","datePublished":"2022-01-09T20:04:15+00:00","dateModified":"2022-06-29T13:01:15+00:00","description":"Como Jesse, te embarcar\u00e1s en una peligrosa aventura a trav\u00e9s del Overworld, a trav\u00e9s del Nether, hasta el Fin y m\u00e1s all\u00e1.","breadcrumb":{"@id":"https:\/\/www.mercadokeys.com\/product\/minecraft-story-mode-the-complete-adventure-episodes-1-8-xbox-one-cd-key-global\/#breadcrumb"},"inLanguage":"en-GB","potentialAction":[{"@type":"ReadAction","target":["https:\/\/www.mercadokeys.com\/product\/minecraft-story-mode-the-complete-adventure-episodes-1-8-xbox-one-cd-key-global\/"]}]},{"@type":"ImageObject","inLanguage":"en-GB","@id":"https:\/\/www.mercadokeys.com\/product\/minecraft-story-mode-the-complete-adventure-episodes-1-8-xbox-one-cd-key-global\/#primaryimage","url":"https:\/\/www.mercadokeys.com.mx\/wp-content\/uploads\/2022\/01\/51149.jpg","contentUrl":"https:\/\/www.mercadokeys.com.mx\/wp-content\/uploads\/2022\/01\/51149.jpg","width":230,"height":336},{"@type":"BreadcrumbList","@id":"https:\/\/www.mercadokeys.com\/product\/minecraft-story-mode-the-complete-adventure-episodes-1-8-xbox-one-cd-key-global\/#breadcrumb","itemListElement":[{"@type":"ListItem","position":1,"name":"Inicio","item":"https:\/\/www.mercadokeys.com.mx\/"},{"@type":"ListItem","position":2,"name":"Tienda","item":"https:\/\/www.mercadokeys.com\/shop\/"},{"@type":"ListItem","position":3,"name":"Minecraft: Story Mode &#8211; The Complete Adventure (Episodes 1-8) Xbox One CD Key GLOBAL"}]},{"@type":"WebSite","@id":"https:\/\/www.mercadokeys.com\/eng\/#website","url":"https:\/\/www.mercadokeys.com\/eng\/","name":"MERCADOKEYS","description":"Tu Tienda de videojuegos digitales en Mexico!","potentialAction":[{"@type":"SearchAction","target":{"@type":"EntryPoint","urlTemplate":"https:\/\/www.mercadokeys.com\/eng\/?s={search_term_string}"},"query-input":{"@type":"PropertyValueSpecification","valueRequired":true,"valueName":"search_term_string"}}],"inLanguage":"en-GB"}]}},"df_price":714.76425,"df_sale_price":714.76425,"df_regular_price":714.76425,"df_image_link":"https:\/\/www.mercadokeys.com.mx\/wp-content\/uploads\/2022\/01\/51149-205x300.jpg","_links":{"self":[{"href":"https:\/\/www.mercadokeys.com.mx\/eng\/wp-json\/wp\/v2\/product\/120376","targetHints":{"allow":["GET"]}}],"collection":[{"href":"https:\/\/www.mercadokeys.com.mx\/eng\/wp-json\/wp\/v2\/product"}],"about":[{"href":"https:\/\/www.mercadokeys.com.mx\/eng\/wp-json\/wp\/v2\/types\/product"}],"wp:featuredmedia":[{"embeddable":true,"href":"https:\/\/www.mercadokeys.com.mx\/eng\/wp-json\/wp\/v2\/media\/120379"}],"wp:attachment":[{"href":"https:\/\/www.mercadokeys.com.mx\/eng\/wp-json\/wp\/v2\/media?parent=120376"}],"wp:term":[{"taxonomy":"product_brand","embeddable":true,"href":"https:\/\/www.mercadokeys.com.mx\/eng\/wp-json\/wp\/v2\/product_brand?post=120376"},{"taxonomy":"product_cat","embeddable":true,"href":"https:\/\/www.mercadokeys.com.mx\/eng\/wp-json\/wp\/v2\/product_cat?post=120376"},{"taxonomy":"product_tag","embeddable":true,"href":"https:\/\/www.mercadokeys.com.mx\/eng\/wp-json\/wp\/v2\/product_tag?post=120376"}],"curies":[{"name":"wp","href":"https:\/\/api.w.org\/{rel}","templated":true}]}}