{"id":119631,"date":"2022-01-01T12:15:47","date_gmt":"2022-01-01T20:15:47","guid":{"rendered":"https:\/\/www.mercadokeys.com\/product\/deus-ex-mankind-divided-digital-deluxe-edition-xbox-live-xbox-one-key-global\/"},"modified":"2022-06-29T06:02:16","modified_gmt":"2022-06-29T13:02:16","slug":"deus-ex-mankind-divided-digital-deluxe-edition-xbox-one-cd-key-global","status":"publish","type":"product","link":"https:\/\/www.mercadokeys.com.mx\/eng\/product\/deus-ex-mankind-divided-digital-deluxe-edition-xbox-one-cd-key-global\/","title":{"rendered":"Deus Ex: Mankind Divided Digital Deluxe Edition XBOX One CD Key GLOBAL"},"content":{"rendered":"<p><strong><span style=\"vertical-align: inherit;\">Deus Ex: Mankind Divided<\/span><\/strong><span style=\"vertical-align: inherit;\"> es la pr\u00f3xima entrega de una franquicia de RPG de acci\u00f3n muy popular. La acci\u00f3n tiene lugar dos a\u00f1os despu\u00e9s de los eventos de <\/span><strong><span style=\"vertical-align: inherit;\">Deus Ex: Human Revolution<\/span><span style=\"vertical-align: inherit;\"> .<\/span><\/strong><\/p>\n<p>&nbsp;<\/p>\n<p><span style=\"vertical-align: inherit;\">Te encuentras en el a\u00f1o 2029. La era dorada de los aumentos ha terminado y todas las <\/span><strong><span style=\"vertical-align: inherit;\">personas aumentadas<\/span><\/strong><span style=\"vertical-align: inherit;\"> han sido segregadas del resto de la sociedad y colocadas en \u00e1reas restringidas. El crimen se propaga y la polic\u00eda abusa de sus privilegios. En tiempos de indignaci\u00f3n social, varias organizaciones terroristas luchan por los derechos de las personas aumentadas mec\u00e1nicamente. Hacerse pasar por el agente <\/span><strong><span style=\"vertical-align: inherit;\">Adam Jensen<\/span><\/strong><span style=\"vertical-align: inherit;\"> , que trabaja tanto para la Task Force 29 (una unidad creada para luchar contra los terroristas) como para el grupo de piratas inform\u00e1ticos conocido como Juggernaut Collective. Su objetivo es aplastar a la organizaci\u00f3n Illuminati tratando de aprovechar el caos y manipular con el destino de la humanidad.<\/span><\/p>","protected":false},"excerpt":{"rendered":"<p>Deus Ex: Mankind Divided es la pr\u00f3xima entrega de una franquicia de RPG de acci\u00f3n muy popular. La acci\u00f3n tiene lugar dos a\u00f1os despu\u00e9s de los eventos de Deus Ex: Human Revolution . &nbsp; Te encuentras en el a\u00f1o 2029. La era dorada de los aumentos ha terminado y todas las personas aumentadas han sido&#8230;<\/p>","protected":false},"featured_media":119632,"template":"","meta":{"_monsterinsights_skip_tracking":false,"_monsterinsights_sitenote_active":false,"_monsterinsights_sitenote_note":"","_monsterinsights_sitenote_category":0},"product_brand":[],"product_cat":[2981,1271,1274,1392,1298,1427],"product_tag":[3873,3874],"class_list":{"0":"post-119631","1":"product","2":"type-product","3":"status-publish","4":"has-post-thumbnail","6":"product_cat-destacados","7":"product_cat-tienda-de-videojuegos-tijuana-mexico","8":"product_cat-tienda-de-videojuegos-xbox-tijuana-mexico","9":"product_cat-tienda-de-videojuegos-accion-tijuana-mexico","10":"product_cat-tienda-de-videojuegos-rol-tijuana-mexico","11":"product_cat-tienda-de-videojuegos-juegos-para-mando-tijuana-mexico","12":"product_tag-deus-ex-mankind-divided","13":"product_tag-deus-ex-mankind-divided-game","15":"first","16":"instock","17":"shipping-taxable","18":"purchasable","19":"product-type-simple"},"yoast_head":"<!-- This site is optimized with the Yoast SEO plugin v27.0 - https:\/\/yoast.com\/product\/yoast-seo-wordpress\/ -->\n<title>Deus Ex: Mankind Divided Digital Deluxe Edition XBOX One CD Key GLOBAL - MERCADOKEYS<\/title>\n<meta name=\"robots\" content=\"index, follow, max-snippet:-1, max-image-preview:large, max-video-preview:-1\" \/>\n<link rel=\"canonical\" href=\"https:\/\/www.mercadokeys.com\/product\/deus-ex-mankind-divided-digital-deluxe-edition-xbox-one-cd-key-global\/\" \/>\n<meta property=\"og:locale\" content=\"en_GB\" \/>\n<meta property=\"og:type\" content=\"article\" \/>\n<meta property=\"og:title\" content=\"Deus Ex: Mankind Divided Digital Deluxe Edition XBOX One CD Key GLOBAL - MERCADOKEYS\" \/>\n<meta property=\"og:description\" content=\"Deus Ex: Mankind Divided es la pr\u00f3xima entrega de una franquicia de RPG de acci\u00f3n muy popular. La acci\u00f3n tiene lugar dos a\u00f1os despu\u00e9s de los eventos de Deus Ex: Human Revolution . &nbsp; Te encuentras en el a\u00f1o 2029. La era dorada de los aumentos ha terminado y todas las personas aumentadas han sido...\" \/>\n<meta property=\"og:url\" content=\"https:\/\/www.mercadokeys.com\/product\/deus-ex-mankind-divided-digital-deluxe-edition-xbox-one-cd-key-global\/\" \/>\n<meta property=\"og:site_name\" content=\"MERCADOKEYS\" \/>\n<meta property=\"article:modified_time\" content=\"2022-06-29T13:02:16+00:00\" \/>\n<meta property=\"og:image\" content=\"https:\/\/www.mercadokeys.com\/wp-content\/uploads\/2022\/01\/84255.jpg\" \/>\n\t<meta property=\"og:image:width\" content=\"230\" \/>\n\t<meta property=\"og:image:height\" content=\"336\" \/>\n\t<meta property=\"og:image:type\" content=\"image\/jpeg\" \/>\n<meta name=\"twitter:card\" content=\"summary_large_image\" \/>\n<meta name=\"twitter:label1\" content=\"Estimated reading time\" \/>\n\t<meta name=\"twitter:data1\" content=\"1 minute\" \/>\n<script type=\"application\/ld+json\" class=\"yoast-schema-graph\">{\"@context\":\"https:\/\/schema.org\",\"@graph\":[{\"@type\":\"WebPage\",\"@id\":\"https:\/\/www.mercadokeys.com\/product\/deus-ex-mankind-divided-digital-deluxe-edition-xbox-one-cd-key-global\/\",\"url\":\"https:\/\/www.mercadokeys.com\/product\/deus-ex-mankind-divided-digital-deluxe-edition-xbox-one-cd-key-global\/\",\"name\":\"Deus Ex: Mankind Divided Digital Deluxe Edition XBOX One CD Key GLOBAL - MERCADOKEYS\",\"isPartOf\":{\"@id\":\"https:\/\/www.mercadokeys.com\/eng\/#website\"},\"primaryImageOfPage\":{\"@id\":\"https:\/\/www.mercadokeys.com\/product\/deus-ex-mankind-divided-digital-deluxe-edition-xbox-one-cd-key-global\/#primaryimage\"},\"image\":{\"@id\":\"https:\/\/www.mercadokeys.com\/product\/deus-ex-mankind-divided-digital-deluxe-edition-xbox-one-cd-key-global\/#primaryimage\"},\"thumbnailUrl\":\"https:\/\/www.mercadokeys.com.mx\/wp-content\/uploads\/2022\/01\/84255.jpg\",\"datePublished\":\"2022-01-01T20:15:47+00:00\",\"dateModified\":\"2022-06-29T13:02:16+00:00\",\"breadcrumb\":{\"@id\":\"https:\/\/www.mercadokeys.com\/product\/deus-ex-mankind-divided-digital-deluxe-edition-xbox-one-cd-key-global\/#breadcrumb\"},\"inLanguage\":\"en-GB\",\"potentialAction\":[{\"@type\":\"ReadAction\",\"target\":[\"https:\/\/www.mercadokeys.com\/product\/deus-ex-mankind-divided-digital-deluxe-edition-xbox-one-cd-key-global\/\"]}]},{\"@type\":\"ImageObject\",\"inLanguage\":\"en-GB\",\"@id\":\"https:\/\/www.mercadokeys.com\/product\/deus-ex-mankind-divided-digital-deluxe-edition-xbox-one-cd-key-global\/#primaryimage\",\"url\":\"https:\/\/www.mercadokeys.com.mx\/wp-content\/uploads\/2022\/01\/84255.jpg\",\"contentUrl\":\"https:\/\/www.mercadokeys.com.mx\/wp-content\/uploads\/2022\/01\/84255.jpg\",\"width\":230,\"height\":336},{\"@type\":\"BreadcrumbList\",\"@id\":\"https:\/\/www.mercadokeys.com\/product\/deus-ex-mankind-divided-digital-deluxe-edition-xbox-one-cd-key-global\/#breadcrumb\",\"itemListElement\":[{\"@type\":\"ListItem\",\"position\":1,\"name\":\"Inicio\",\"item\":\"https:\/\/www.mercadokeys.com.mx\/\"},{\"@type\":\"ListItem\",\"position\":2,\"name\":\"Tienda\",\"item\":\"https:\/\/www.mercadokeys.com\/shop\/\"},{\"@type\":\"ListItem\",\"position\":3,\"name\":\"Deus Ex: Mankind Divided Digital Deluxe Edition XBOX One CD Key GLOBAL\"}]},{\"@type\":\"WebSite\",\"@id\":\"https:\/\/www.mercadokeys.com\/eng\/#website\",\"url\":\"https:\/\/www.mercadokeys.com\/eng\/\",\"name\":\"MERCADOKEYS\",\"description\":\"Tu Tienda de videojuegos digitales en Mexico!\",\"potentialAction\":[{\"@type\":\"SearchAction\",\"target\":{\"@type\":\"EntryPoint\",\"urlTemplate\":\"https:\/\/www.mercadokeys.com\/eng\/?s={search_term_string}\"},\"query-input\":{\"@type\":\"PropertyValueSpecification\",\"valueRequired\":true,\"valueName\":\"search_term_string\"}}],\"inLanguage\":\"en-GB\"}]}<\/script>\n<!-- \/ Yoast SEO plugin. -->","yoast_head_json":{"title":"Deus Ex: Mankind Divided Digital Deluxe Edition XBOX One CD Key GLOBAL - MERCADOKEYS","robots":{"index":"index","follow":"follow","max-snippet":"max-snippet:-1","max-image-preview":"max-image-preview:large","max-video-preview":"max-video-preview:-1"},"canonical":"https:\/\/www.mercadokeys.com\/product\/deus-ex-mankind-divided-digital-deluxe-edition-xbox-one-cd-key-global\/","og_locale":"en_GB","og_type":"article","og_title":"Deus Ex: Mankind Divided Digital Deluxe Edition XBOX One CD Key GLOBAL - MERCADOKEYS","og_description":"Deus Ex: Mankind Divided es la pr\u00f3xima entrega de una franquicia de RPG de acci\u00f3n muy popular. La acci\u00f3n tiene lugar dos a\u00f1os despu\u00e9s de los eventos de Deus Ex: Human Revolution . &nbsp; Te encuentras en el a\u00f1o 2029. La era dorada de los aumentos ha terminado y todas las personas aumentadas han sido...","og_url":"https:\/\/www.mercadokeys.com\/product\/deus-ex-mankind-divided-digital-deluxe-edition-xbox-one-cd-key-global\/","og_site_name":"MERCADOKEYS","article_modified_time":"2022-06-29T13:02:16+00:00","og_image":[{"width":230,"height":336,"url":"https:\/\/www.mercadokeys.com\/wp-content\/uploads\/2022\/01\/84255.jpg","type":"image\/jpeg"}],"twitter_card":"summary_large_image","twitter_misc":{"Estimated reading time":"1 minute"},"schema":{"@context":"https:\/\/schema.org","@graph":[{"@type":"WebPage","@id":"https:\/\/www.mercadokeys.com\/product\/deus-ex-mankind-divided-digital-deluxe-edition-xbox-one-cd-key-global\/","url":"https:\/\/www.mercadokeys.com\/product\/deus-ex-mankind-divided-digital-deluxe-edition-xbox-one-cd-key-global\/","name":"Deus Ex: Mankind Divided Digital Deluxe Edition XBOX One CD Key GLOBAL - MERCADOKEYS","isPartOf":{"@id":"https:\/\/www.mercadokeys.com\/eng\/#website"},"primaryImageOfPage":{"@id":"https:\/\/www.mercadokeys.com\/product\/deus-ex-mankind-divided-digital-deluxe-edition-xbox-one-cd-key-global\/#primaryimage"},"image":{"@id":"https:\/\/www.mercadokeys.com\/product\/deus-ex-mankind-divided-digital-deluxe-edition-xbox-one-cd-key-global\/#primaryimage"},"thumbnailUrl":"https:\/\/www.mercadokeys.com.mx\/wp-content\/uploads\/2022\/01\/84255.jpg","datePublished":"2022-01-01T20:15:47+00:00","dateModified":"2022-06-29T13:02:16+00:00","breadcrumb":{"@id":"https:\/\/www.mercadokeys.com\/product\/deus-ex-mankind-divided-digital-deluxe-edition-xbox-one-cd-key-global\/#breadcrumb"},"inLanguage":"en-GB","potentialAction":[{"@type":"ReadAction","target":["https:\/\/www.mercadokeys.com\/product\/deus-ex-mankind-divided-digital-deluxe-edition-xbox-one-cd-key-global\/"]}]},{"@type":"ImageObject","inLanguage":"en-GB","@id":"https:\/\/www.mercadokeys.com\/product\/deus-ex-mankind-divided-digital-deluxe-edition-xbox-one-cd-key-global\/#primaryimage","url":"https:\/\/www.mercadokeys.com.mx\/wp-content\/uploads\/2022\/01\/84255.jpg","contentUrl":"https:\/\/www.mercadokeys.com.mx\/wp-content\/uploads\/2022\/01\/84255.jpg","width":230,"height":336},{"@type":"BreadcrumbList","@id":"https:\/\/www.mercadokeys.com\/product\/deus-ex-mankind-divided-digital-deluxe-edition-xbox-one-cd-key-global\/#breadcrumb","itemListElement":[{"@type":"ListItem","position":1,"name":"Inicio","item":"https:\/\/www.mercadokeys.com.mx\/"},{"@type":"ListItem","position":2,"name":"Tienda","item":"https:\/\/www.mercadokeys.com\/shop\/"},{"@type":"ListItem","position":3,"name":"Deus Ex: Mankind Divided Digital Deluxe Edition XBOX One CD Key GLOBAL"}]},{"@type":"WebSite","@id":"https:\/\/www.mercadokeys.com\/eng\/#website","url":"https:\/\/www.mercadokeys.com\/eng\/","name":"MERCADOKEYS","description":"Tu Tienda de videojuegos digitales en Mexico!","potentialAction":[{"@type":"SearchAction","target":{"@type":"EntryPoint","urlTemplate":"https:\/\/www.mercadokeys.com\/eng\/?s={search_term_string}"},"query-input":{"@type":"PropertyValueSpecification","valueRequired":true,"valueName":"search_term_string"}}],"inLanguage":"en-GB"}]}},"df_price":1091.587963,"df_sale_price":1091.587963,"df_regular_price":1091.587963,"df_image_link":"https:\/\/www.mercadokeys.com.mx\/wp-content\/uploads\/2022\/01\/84255-205x300.jpg","_links":{"self":[{"href":"https:\/\/www.mercadokeys.com.mx\/eng\/wp-json\/wp\/v2\/product\/119631","targetHints":{"allow":["GET"]}}],"collection":[{"href":"https:\/\/www.mercadokeys.com.mx\/eng\/wp-json\/wp\/v2\/product"}],"about":[{"href":"https:\/\/www.mercadokeys.com.mx\/eng\/wp-json\/wp\/v2\/types\/product"}],"wp:featuredmedia":[{"embeddable":true,"href":"https:\/\/www.mercadokeys.com.mx\/eng\/wp-json\/wp\/v2\/media\/119632"}],"wp:attachment":[{"href":"https:\/\/www.mercadokeys.com.mx\/eng\/wp-json\/wp\/v2\/media?parent=119631"}],"wp:term":[{"taxonomy":"product_brand","embeddable":true,"href":"https:\/\/www.mercadokeys.com.mx\/eng\/wp-json\/wp\/v2\/product_brand?post=119631"},{"taxonomy":"product_cat","embeddable":true,"href":"https:\/\/www.mercadokeys.com.mx\/eng\/wp-json\/wp\/v2\/product_cat?post=119631"},{"taxonomy":"product_tag","embeddable":true,"href":"https:\/\/www.mercadokeys.com.mx\/eng\/wp-json\/wp\/v2\/product_tag?post=119631"}],"curies":[{"name":"wp","href":"https:\/\/api.w.org\/{rel}","templated":true}]}}