{"id":119622,"date":"2022-01-01T12:14:47","date_gmt":"2022-01-01T20:14:47","guid":{"rendered":"https:\/\/www.mercadokeys.com\/product\/lego-batman-3-beyond-gotham-xbox-live-xbox-one-key-global\/"},"modified":"2022-06-29T06:02:07","modified_gmt":"2022-06-29T13:02:07","slug":"lego-batman-3-beyond-gotham-xbox-one-cd-key-global","status":"publish","type":"product","link":"https:\/\/www.mercadokeys.com.mx\/eng\/product\/lego-batman-3-beyond-gotham-xbox-one-cd-key-global\/","title":{"rendered":"LEGO Batman 3: Beyond Gotham Xbox One CD Key GLOBAL"},"content":{"rendered":"<p>\u00a1La franquicia de videojuegos LEGO Batman m\u00e1s vendida regresa en una aventura llena de acci\u00f3n fuera de este mundo! En LEGO Batman 3: Beyond Gotham, el Caped Crusader une fuerzas con los superh\u00e9roes del universo de DC Comics y despega al espacio exterior para evitar que el malvado Brainiac destruya la Tierra. Usando el poder de los Anillos de la Linterna, Brainiac encoge mundos para agregarlos a su retorcida colecci\u00f3n de ciudades en miniatura de todo el universo. Ahora los m\u00e1s grandes superh\u00e9roes y los villanos m\u00e1s astutos deben unirse y viajar a diferentes mundos linterna para recolectar los anillos linterna y detener a Brainiac antes de que sea demasiado tarde.<\/p>","protected":false},"excerpt":{"rendered":"<p>\u00a1La franquicia de videojuegos LEGO Batman m\u00e1s vendida regresa en una aventura llena de acci\u00f3n fuera de este mundo! En LEGO Batman 3: Beyond Gotham, el Caped Crusader une fuerzas con los superh\u00e9roes del universo de DC Comics y despega al espacio exterior para evitar que el malvado Brainiac destruya la Tierra. Usando el poder&#8230;<\/p>","protected":false},"featured_media":119623,"template":"","meta":{"_monsterinsights_skip_tracking":false,"_monsterinsights_sitenote_active":false,"_monsterinsights_sitenote_note":"","_monsterinsights_sitenote_category":0},"product_brand":[],"product_cat":[1271,1281,1274,1392,1394,1427],"product_tag":[2419,3881,3880,3882],"class_list":{"0":"post-119622","1":"product","2":"type-product","3":"status-publish","4":"has-post-thumbnail","6":"product_cat-tienda-de-videojuegos-tijuana-mexico","7":"product_cat-tienda-de-videojuegos-consolas-tijuana-mexico","8":"product_cat-tienda-de-videojuegos-xbox-tijuana-mexico","9":"product_cat-tienda-de-videojuegos-accion-tijuana-mexico","10":"product_cat-tienda-de-videojuegos-aventura-tijuana-mexico","11":"product_cat-tienda-de-videojuegos-juegos-para-mando-tijuana-mexico","12":"product_tag-batman","13":"product_tag-batman-juego","14":"product_tag-brainiac","15":"product_tag-lego-juegos","17":"first","18":"instock","19":"shipping-taxable","20":"purchasable","21":"product-type-simple"},"yoast_head":"<!-- This site is optimized with the Yoast SEO plugin v27.0 - https:\/\/yoast.com\/product\/yoast-seo-wordpress\/ -->\n<title>LEGO Batman 3: Beyond Gotham Xbox One CD Key GLOBAL - MERCADOKEYS<\/title>\n<meta name=\"description\" content=\"n LEGO Batman 3: Beyond Gotham, el Caped Crusader une fuerzas con los superh\u00e9roes del universo de DC Comics\" \/>\n<meta name=\"robots\" content=\"index, follow, max-snippet:-1, max-image-preview:large, max-video-preview:-1\" \/>\n<link rel=\"canonical\" href=\"https:\/\/www.mercadokeys.com\/product\/lego-batman-3-beyond-gotham-xbox-one-cd-key-global\/\" \/>\n<meta property=\"og:locale\" content=\"en_GB\" \/>\n<meta property=\"og:type\" content=\"article\" \/>\n<meta property=\"og:title\" content=\"LEGO Batman 3: Beyond Gotham Xbox One CD Key GLOBAL - MERCADOKEYS\" \/>\n<meta property=\"og:description\" content=\"n LEGO Batman 3: Beyond Gotham, el Caped Crusader une fuerzas con los superh\u00e9roes del universo de DC Comics\" \/>\n<meta property=\"og:url\" content=\"https:\/\/www.mercadokeys.com\/product\/lego-batman-3-beyond-gotham-xbox-one-cd-key-global\/\" \/>\n<meta property=\"og:site_name\" content=\"MERCADOKEYS\" \/>\n<meta property=\"article:modified_time\" content=\"2022-06-29T13:02:07+00:00\" \/>\n<meta property=\"og:image\" content=\"https:\/\/www.mercadokeys.com\/wp-content\/uploads\/2022\/01\/193362.jpg\" \/>\n\t<meta property=\"og:image:width\" content=\"230\" \/>\n\t<meta property=\"og:image:height\" content=\"336\" \/>\n\t<meta property=\"og:image:type\" content=\"image\/jpeg\" \/>\n<meta name=\"twitter:card\" content=\"summary_large_image\" \/>\n<meta name=\"twitter:label1\" content=\"Estimated reading time\" \/>\n\t<meta name=\"twitter:data1\" content=\"1 minute\" \/>\n<script type=\"application\/ld+json\" class=\"yoast-schema-graph\">{\"@context\":\"https:\/\/schema.org\",\"@graph\":[{\"@type\":\"WebPage\",\"@id\":\"https:\/\/www.mercadokeys.com\/product\/lego-batman-3-beyond-gotham-xbox-one-cd-key-global\/\",\"url\":\"https:\/\/www.mercadokeys.com\/product\/lego-batman-3-beyond-gotham-xbox-one-cd-key-global\/\",\"name\":\"LEGO Batman 3: Beyond Gotham Xbox One CD Key GLOBAL - MERCADOKEYS\",\"isPartOf\":{\"@id\":\"https:\/\/www.mercadokeys.com\/eng\/#website\"},\"primaryImageOfPage\":{\"@id\":\"https:\/\/www.mercadokeys.com\/product\/lego-batman-3-beyond-gotham-xbox-one-cd-key-global\/#primaryimage\"},\"image\":{\"@id\":\"https:\/\/www.mercadokeys.com\/product\/lego-batman-3-beyond-gotham-xbox-one-cd-key-global\/#primaryimage\"},\"thumbnailUrl\":\"https:\/\/www.mercadokeys.com.mx\/wp-content\/uploads\/2022\/01\/193362.jpg\",\"datePublished\":\"2022-01-01T20:14:47+00:00\",\"dateModified\":\"2022-06-29T13:02:07+00:00\",\"description\":\"n LEGO Batman 3: Beyond Gotham, el Caped Crusader une fuerzas con los superh\u00e9roes del universo de DC Comics\",\"breadcrumb\":{\"@id\":\"https:\/\/www.mercadokeys.com\/product\/lego-batman-3-beyond-gotham-xbox-one-cd-key-global\/#breadcrumb\"},\"inLanguage\":\"en-GB\",\"potentialAction\":[{\"@type\":\"ReadAction\",\"target\":[\"https:\/\/www.mercadokeys.com\/product\/lego-batman-3-beyond-gotham-xbox-one-cd-key-global\/\"]}]},{\"@type\":\"ImageObject\",\"inLanguage\":\"en-GB\",\"@id\":\"https:\/\/www.mercadokeys.com\/product\/lego-batman-3-beyond-gotham-xbox-one-cd-key-global\/#primaryimage\",\"url\":\"https:\/\/www.mercadokeys.com.mx\/wp-content\/uploads\/2022\/01\/193362.jpg\",\"contentUrl\":\"https:\/\/www.mercadokeys.com.mx\/wp-content\/uploads\/2022\/01\/193362.jpg\",\"width\":230,\"height\":336},{\"@type\":\"BreadcrumbList\",\"@id\":\"https:\/\/www.mercadokeys.com\/product\/lego-batman-3-beyond-gotham-xbox-one-cd-key-global\/#breadcrumb\",\"itemListElement\":[{\"@type\":\"ListItem\",\"position\":1,\"name\":\"Inicio\",\"item\":\"https:\/\/www.mercadokeys.com.mx\/\"},{\"@type\":\"ListItem\",\"position\":2,\"name\":\"Tienda\",\"item\":\"https:\/\/www.mercadokeys.com\/shop\/\"},{\"@type\":\"ListItem\",\"position\":3,\"name\":\"LEGO Batman 3: Beyond Gotham Xbox One CD Key GLOBAL\"}]},{\"@type\":\"WebSite\",\"@id\":\"https:\/\/www.mercadokeys.com\/eng\/#website\",\"url\":\"https:\/\/www.mercadokeys.com\/eng\/\",\"name\":\"MERCADOKEYS\",\"description\":\"Tu Tienda de videojuegos digitales en Mexico!\",\"potentialAction\":[{\"@type\":\"SearchAction\",\"target\":{\"@type\":\"EntryPoint\",\"urlTemplate\":\"https:\/\/www.mercadokeys.com\/eng\/?s={search_term_string}\"},\"query-input\":{\"@type\":\"PropertyValueSpecification\",\"valueRequired\":true,\"valueName\":\"search_term_string\"}}],\"inLanguage\":\"en-GB\"}]}<\/script>\n<!-- \/ Yoast SEO plugin. -->","yoast_head_json":{"title":"LEGO Batman 3: Beyond Gotham Xbox One CD Key GLOBAL - MERCADOKEYS","description":"n LEGO Batman 3: Beyond Gotham, el Caped Crusader une fuerzas con los superh\u00e9roes del universo de DC Comics","robots":{"index":"index","follow":"follow","max-snippet":"max-snippet:-1","max-image-preview":"max-image-preview:large","max-video-preview":"max-video-preview:-1"},"canonical":"https:\/\/www.mercadokeys.com\/product\/lego-batman-3-beyond-gotham-xbox-one-cd-key-global\/","og_locale":"en_GB","og_type":"article","og_title":"LEGO Batman 3: Beyond Gotham Xbox One CD Key GLOBAL - MERCADOKEYS","og_description":"n LEGO Batman 3: Beyond Gotham, el Caped Crusader une fuerzas con los superh\u00e9roes del universo de DC Comics","og_url":"https:\/\/www.mercadokeys.com\/product\/lego-batman-3-beyond-gotham-xbox-one-cd-key-global\/","og_site_name":"MERCADOKEYS","article_modified_time":"2022-06-29T13:02:07+00:00","og_image":[{"width":230,"height":336,"url":"https:\/\/www.mercadokeys.com\/wp-content\/uploads\/2022\/01\/193362.jpg","type":"image\/jpeg"}],"twitter_card":"summary_large_image","twitter_misc":{"Estimated reading time":"1 minute"},"schema":{"@context":"https:\/\/schema.org","@graph":[{"@type":"WebPage","@id":"https:\/\/www.mercadokeys.com\/product\/lego-batman-3-beyond-gotham-xbox-one-cd-key-global\/","url":"https:\/\/www.mercadokeys.com\/product\/lego-batman-3-beyond-gotham-xbox-one-cd-key-global\/","name":"LEGO Batman 3: Beyond Gotham Xbox One CD Key GLOBAL - MERCADOKEYS","isPartOf":{"@id":"https:\/\/www.mercadokeys.com\/eng\/#website"},"primaryImageOfPage":{"@id":"https:\/\/www.mercadokeys.com\/product\/lego-batman-3-beyond-gotham-xbox-one-cd-key-global\/#primaryimage"},"image":{"@id":"https:\/\/www.mercadokeys.com\/product\/lego-batman-3-beyond-gotham-xbox-one-cd-key-global\/#primaryimage"},"thumbnailUrl":"https:\/\/www.mercadokeys.com.mx\/wp-content\/uploads\/2022\/01\/193362.jpg","datePublished":"2022-01-01T20:14:47+00:00","dateModified":"2022-06-29T13:02:07+00:00","description":"n LEGO Batman 3: Beyond Gotham, el Caped Crusader une fuerzas con los superh\u00e9roes del universo de DC Comics","breadcrumb":{"@id":"https:\/\/www.mercadokeys.com\/product\/lego-batman-3-beyond-gotham-xbox-one-cd-key-global\/#breadcrumb"},"inLanguage":"en-GB","potentialAction":[{"@type":"ReadAction","target":["https:\/\/www.mercadokeys.com\/product\/lego-batman-3-beyond-gotham-xbox-one-cd-key-global\/"]}]},{"@type":"ImageObject","inLanguage":"en-GB","@id":"https:\/\/www.mercadokeys.com\/product\/lego-batman-3-beyond-gotham-xbox-one-cd-key-global\/#primaryimage","url":"https:\/\/www.mercadokeys.com.mx\/wp-content\/uploads\/2022\/01\/193362.jpg","contentUrl":"https:\/\/www.mercadokeys.com.mx\/wp-content\/uploads\/2022\/01\/193362.jpg","width":230,"height":336},{"@type":"BreadcrumbList","@id":"https:\/\/www.mercadokeys.com\/product\/lego-batman-3-beyond-gotham-xbox-one-cd-key-global\/#breadcrumb","itemListElement":[{"@type":"ListItem","position":1,"name":"Inicio","item":"https:\/\/www.mercadokeys.com.mx\/"},{"@type":"ListItem","position":2,"name":"Tienda","item":"https:\/\/www.mercadokeys.com\/shop\/"},{"@type":"ListItem","position":3,"name":"LEGO Batman 3: Beyond Gotham Xbox One CD Key GLOBAL"}]},{"@type":"WebSite","@id":"https:\/\/www.mercadokeys.com\/eng\/#website","url":"https:\/\/www.mercadokeys.com\/eng\/","name":"MERCADOKEYS","description":"Tu Tienda de videojuegos digitales en Mexico!","potentialAction":[{"@type":"SearchAction","target":{"@type":"EntryPoint","urlTemplate":"https:\/\/www.mercadokeys.com\/eng\/?s={search_term_string}"},"query-input":{"@type":"PropertyValueSpecification","valueRequired":true,"valueName":"search_term_string"}}],"inLanguage":"en-GB"}]}},"df_price":695.322662,"df_sale_price":695.322662,"df_regular_price":695.322662,"df_image_link":"https:\/\/www.mercadokeys.com.mx\/wp-content\/uploads\/2022\/01\/193362-205x300.jpg","_links":{"self":[{"href":"https:\/\/www.mercadokeys.com.mx\/eng\/wp-json\/wp\/v2\/product\/119622","targetHints":{"allow":["GET"]}}],"collection":[{"href":"https:\/\/www.mercadokeys.com.mx\/eng\/wp-json\/wp\/v2\/product"}],"about":[{"href":"https:\/\/www.mercadokeys.com.mx\/eng\/wp-json\/wp\/v2\/types\/product"}],"wp:featuredmedia":[{"embeddable":true,"href":"https:\/\/www.mercadokeys.com.mx\/eng\/wp-json\/wp\/v2\/media\/119623"}],"wp:attachment":[{"href":"https:\/\/www.mercadokeys.com.mx\/eng\/wp-json\/wp\/v2\/media?parent=119622"}],"wp:term":[{"taxonomy":"product_brand","embeddable":true,"href":"https:\/\/www.mercadokeys.com.mx\/eng\/wp-json\/wp\/v2\/product_brand?post=119622"},{"taxonomy":"product_cat","embeddable":true,"href":"https:\/\/www.mercadokeys.com.mx\/eng\/wp-json\/wp\/v2\/product_cat?post=119622"},{"taxonomy":"product_tag","embeddable":true,"href":"https:\/\/www.mercadokeys.com.mx\/eng\/wp-json\/wp\/v2\/product_tag?post=119622"}],"curies":[{"name":"wp","href":"https:\/\/api.w.org\/{rel}","templated":true}]}}