{"id":119594,"date":"2022-01-01T12:12:43","date_gmt":"2022-01-01T20:12:43","guid":{"rendered":"https:\/\/www.mercadokeys.com\/product\/lego-star-wars-the-force-awakens-season-pass-xbox-one-xbox-live-key-global\/"},"modified":"2022-06-29T06:01:47","modified_gmt":"2022-06-29T13:01:47","slug":"lego-star-wars-the-force-awakens-season-pass-xbox-one-cd-key-global","status":"publish","type":"product","link":"https:\/\/www.mercadokeys.com.mx\/eng\/product\/lego-star-wars-the-force-awakens-season-pass-xbox-one-cd-key-global\/","title":{"rendered":"LEGO Star Wars: The Force Awakens &#8211; Season Pass Xbox One CD Key GLOBAL"},"content":{"rendered":"<p><span style=\"vertical-align: inherit;\">La Fuerza es fuerte con este &#8230; La franquicia de videojuegos LEGO No. 1 regresa triunfalmente con un viaje lleno de diversi\u00f3n y humor a trav\u00e9s de la nueva aventura de Star Wars. Juega como todos los personajes de la pel\u00edcula, incluidos Rey, Finn, Poe Dameron, Han Solo, Chewbacca, C-3PO y BB-8, as\u00ed como Kylo Ren, el general Hux y el capit\u00e1n Phasma. <\/span><\/p>\n<p><span style=\"vertical-align: inherit;\">En LEGO Star Wars: The Force Awakens \u2122, revive la acci\u00f3n \u00e9pica de la exitosa pel\u00edcula de una manera que solo LEGO puede ofrecer, con contenido de historia completamente nuevo del Universo de Star Wars que explora el tiempo entre Star Wars: El Regreso del Jedi y Star. Wars: El despertar de la fuerza.<\/span><\/p>\n<p><span style=\"vertical-align: inherit;\">LEGO Star Wars: The Force Awakens presenta nuevas mec\u00e1nicas de juego, incluido el sistema mejorado de compilaciones m\u00faltiples, donde los jugadores pueden elegir entre m\u00faltiples opciones de construcci\u00f3n para avanzar en el juego, o participar en intensas nuevas batallas Blaster por primera vez, utilizando entornos circundantes para conducir. respaldar la Primera Orden &#8220;.<\/span><\/p>","protected":false},"excerpt":{"rendered":"<p>La Fuerza es fuerte con este &#8230; La franquicia de videojuegos LEGO No. 1 regresa triunfalmente con un viaje lleno de diversi\u00f3n y humor a trav\u00e9s de la nueva aventura de Star Wars. Juega como todos los personajes de la pel\u00edcula, incluidos Rey, Finn, Poe Dameron, Han Solo, Chewbacca, C-3PO y BB-8, as\u00ed como Kylo&#8230;<\/p>","protected":false},"featured_media":119596,"template":"","meta":{"_monsterinsights_skip_tracking":false,"_monsterinsights_sitenote_active":false,"_monsterinsights_sitenote_note":"","_monsterinsights_sitenote_category":0},"product_brand":[],"product_cat":[1271,1281,1274,1392,1394,1427],"product_tag":[3906,3908,3907],"class_list":{"0":"post-119594","1":"product","2":"type-product","3":"status-publish","4":"has-post-thumbnail","6":"product_cat-tienda-de-videojuegos-tijuana-mexico","7":"product_cat-tienda-de-videojuegos-consolas-tijuana-mexico","8":"product_cat-tienda-de-videojuegos-xbox-tijuana-mexico","9":"product_cat-tienda-de-videojuegos-accion-tijuana-mexico","10":"product_cat-tienda-de-videojuegos-aventura-tijuana-mexico","11":"product_cat-tienda-de-videojuegos-juegos-para-mando-tijuana-mexico","12":"product_tag-lego-star-wars-the-force-awakens-dlc","13":"product_tag-lego-star-wars-the-force-awakens-key","14":"product_tag-lego-star-wars-the-force-awakens-season-pass","16":"first","17":"instock","18":"shipping-taxable","19":"purchasable","20":"product-type-simple"},"yoast_head":"<!-- This site is optimized with the Yoast SEO plugin v27.0 - https:\/\/yoast.com\/product\/yoast-seo-wordpress\/ -->\n<title>LEGO Star Wars: The Force Awakens - Season Pass Xbox One CD Key GLOBAL - MERCADOKEYS<\/title>\n<meta name=\"robots\" content=\"index, follow, max-snippet:-1, max-image-preview:large, max-video-preview:-1\" \/>\n<link rel=\"canonical\" href=\"https:\/\/www.mercadokeys.com\/product\/lego-star-wars-the-force-awakens-season-pass-xbox-one-cd-key-global\/\" \/>\n<meta property=\"og:locale\" content=\"en_GB\" \/>\n<meta property=\"og:type\" content=\"article\" \/>\n<meta property=\"og:title\" content=\"LEGO Star Wars: The Force Awakens - Season Pass Xbox One CD Key GLOBAL - MERCADOKEYS\" \/>\n<meta property=\"og:description\" content=\"La Fuerza es fuerte con este &#8230; La franquicia de videojuegos LEGO No. 1 regresa triunfalmente con un viaje lleno de diversi\u00f3n y humor a trav\u00e9s de la nueva aventura de Star Wars. Juega como todos los personajes de la pel\u00edcula, incluidos Rey, Finn, Poe Dameron, Han Solo, Chewbacca, C-3PO y BB-8, as\u00ed como Kylo...\" \/>\n<meta property=\"og:url\" content=\"https:\/\/www.mercadokeys.com\/product\/lego-star-wars-the-force-awakens-season-pass-xbox-one-cd-key-global\/\" \/>\n<meta property=\"og:site_name\" content=\"MERCADOKEYS\" \/>\n<meta property=\"article:modified_time\" content=\"2022-06-29T13:01:47+00:00\" \/>\n<meta property=\"og:image\" content=\"https:\/\/www.mercadokeys.com\/wp-content\/uploads\/2022\/01\/85988.jpg\" \/>\n\t<meta property=\"og:image:width\" content=\"230\" \/>\n\t<meta property=\"og:image:height\" content=\"336\" \/>\n\t<meta property=\"og:image:type\" content=\"image\/jpeg\" \/>\n<meta name=\"twitter:card\" content=\"summary_large_image\" \/>\n<meta name=\"twitter:label1\" content=\"Estimated reading time\" \/>\n\t<meta name=\"twitter:data1\" content=\"1 minute\" \/>\n<script type=\"application\/ld+json\" class=\"yoast-schema-graph\">{\"@context\":\"https:\/\/schema.org\",\"@graph\":[{\"@type\":\"WebPage\",\"@id\":\"https:\/\/www.mercadokeys.com\/product\/lego-star-wars-the-force-awakens-season-pass-xbox-one-cd-key-global\/\",\"url\":\"https:\/\/www.mercadokeys.com\/product\/lego-star-wars-the-force-awakens-season-pass-xbox-one-cd-key-global\/\",\"name\":\"LEGO Star Wars: The Force Awakens - Season Pass Xbox One CD Key GLOBAL - MERCADOKEYS\",\"isPartOf\":{\"@id\":\"https:\/\/www.mercadokeys.com\/eng\/#website\"},\"primaryImageOfPage\":{\"@id\":\"https:\/\/www.mercadokeys.com\/product\/lego-star-wars-the-force-awakens-season-pass-xbox-one-cd-key-global\/#primaryimage\"},\"image\":{\"@id\":\"https:\/\/www.mercadokeys.com\/product\/lego-star-wars-the-force-awakens-season-pass-xbox-one-cd-key-global\/#primaryimage\"},\"thumbnailUrl\":\"https:\/\/www.mercadokeys.com.mx\/wp-content\/uploads\/2022\/01\/85988.jpg\",\"datePublished\":\"2022-01-01T20:12:43+00:00\",\"dateModified\":\"2022-06-29T13:01:47+00:00\",\"breadcrumb\":{\"@id\":\"https:\/\/www.mercadokeys.com\/product\/lego-star-wars-the-force-awakens-season-pass-xbox-one-cd-key-global\/#breadcrumb\"},\"inLanguage\":\"en-GB\",\"potentialAction\":[{\"@type\":\"ReadAction\",\"target\":[\"https:\/\/www.mercadokeys.com\/product\/lego-star-wars-the-force-awakens-season-pass-xbox-one-cd-key-global\/\"]}]},{\"@type\":\"ImageObject\",\"inLanguage\":\"en-GB\",\"@id\":\"https:\/\/www.mercadokeys.com\/product\/lego-star-wars-the-force-awakens-season-pass-xbox-one-cd-key-global\/#primaryimage\",\"url\":\"https:\/\/www.mercadokeys.com.mx\/wp-content\/uploads\/2022\/01\/85988.jpg\",\"contentUrl\":\"https:\/\/www.mercadokeys.com.mx\/wp-content\/uploads\/2022\/01\/85988.jpg\",\"width\":230,\"height\":336},{\"@type\":\"BreadcrumbList\",\"@id\":\"https:\/\/www.mercadokeys.com\/product\/lego-star-wars-the-force-awakens-season-pass-xbox-one-cd-key-global\/#breadcrumb\",\"itemListElement\":[{\"@type\":\"ListItem\",\"position\":1,\"name\":\"Inicio\",\"item\":\"https:\/\/www.mercadokeys.com.mx\/\"},{\"@type\":\"ListItem\",\"position\":2,\"name\":\"Tienda\",\"item\":\"https:\/\/www.mercadokeys.com\/shop\/\"},{\"@type\":\"ListItem\",\"position\":3,\"name\":\"LEGO Star Wars: The Force Awakens &#8211; Season Pass Xbox One CD Key GLOBAL\"}]},{\"@type\":\"WebSite\",\"@id\":\"https:\/\/www.mercadokeys.com\/eng\/#website\",\"url\":\"https:\/\/www.mercadokeys.com\/eng\/\",\"name\":\"MERCADOKEYS\",\"description\":\"Tu Tienda de videojuegos digitales en Mexico!\",\"potentialAction\":[{\"@type\":\"SearchAction\",\"target\":{\"@type\":\"EntryPoint\",\"urlTemplate\":\"https:\/\/www.mercadokeys.com\/eng\/?s={search_term_string}\"},\"query-input\":{\"@type\":\"PropertyValueSpecification\",\"valueRequired\":true,\"valueName\":\"search_term_string\"}}],\"inLanguage\":\"en-GB\"}]}<\/script>\n<!-- \/ Yoast SEO plugin. -->","yoast_head_json":{"title":"LEGO Star Wars: The Force Awakens - Season Pass Xbox One CD Key GLOBAL - MERCADOKEYS","robots":{"index":"index","follow":"follow","max-snippet":"max-snippet:-1","max-image-preview":"max-image-preview:large","max-video-preview":"max-video-preview:-1"},"canonical":"https:\/\/www.mercadokeys.com\/product\/lego-star-wars-the-force-awakens-season-pass-xbox-one-cd-key-global\/","og_locale":"en_GB","og_type":"article","og_title":"LEGO Star Wars: The Force Awakens - Season Pass Xbox One CD Key GLOBAL - MERCADOKEYS","og_description":"La Fuerza es fuerte con este &#8230; La franquicia de videojuegos LEGO No. 1 regresa triunfalmente con un viaje lleno de diversi\u00f3n y humor a trav\u00e9s de la nueva aventura de Star Wars. Juega como todos los personajes de la pel\u00edcula, incluidos Rey, Finn, Poe Dameron, Han Solo, Chewbacca, C-3PO y BB-8, as\u00ed como Kylo...","og_url":"https:\/\/www.mercadokeys.com\/product\/lego-star-wars-the-force-awakens-season-pass-xbox-one-cd-key-global\/","og_site_name":"MERCADOKEYS","article_modified_time":"2022-06-29T13:01:47+00:00","og_image":[{"width":230,"height":336,"url":"https:\/\/www.mercadokeys.com\/wp-content\/uploads\/2022\/01\/85988.jpg","type":"image\/jpeg"}],"twitter_card":"summary_large_image","twitter_misc":{"Estimated reading time":"1 minute"},"schema":{"@context":"https:\/\/schema.org","@graph":[{"@type":"WebPage","@id":"https:\/\/www.mercadokeys.com\/product\/lego-star-wars-the-force-awakens-season-pass-xbox-one-cd-key-global\/","url":"https:\/\/www.mercadokeys.com\/product\/lego-star-wars-the-force-awakens-season-pass-xbox-one-cd-key-global\/","name":"LEGO Star Wars: The Force Awakens - Season Pass Xbox One CD Key GLOBAL - MERCADOKEYS","isPartOf":{"@id":"https:\/\/www.mercadokeys.com\/eng\/#website"},"primaryImageOfPage":{"@id":"https:\/\/www.mercadokeys.com\/product\/lego-star-wars-the-force-awakens-season-pass-xbox-one-cd-key-global\/#primaryimage"},"image":{"@id":"https:\/\/www.mercadokeys.com\/product\/lego-star-wars-the-force-awakens-season-pass-xbox-one-cd-key-global\/#primaryimage"},"thumbnailUrl":"https:\/\/www.mercadokeys.com.mx\/wp-content\/uploads\/2022\/01\/85988.jpg","datePublished":"2022-01-01T20:12:43+00:00","dateModified":"2022-06-29T13:01:47+00:00","breadcrumb":{"@id":"https:\/\/www.mercadokeys.com\/product\/lego-star-wars-the-force-awakens-season-pass-xbox-one-cd-key-global\/#breadcrumb"},"inLanguage":"en-GB","potentialAction":[{"@type":"ReadAction","target":["https:\/\/www.mercadokeys.com\/product\/lego-star-wars-the-force-awakens-season-pass-xbox-one-cd-key-global\/"]}]},{"@type":"ImageObject","inLanguage":"en-GB","@id":"https:\/\/www.mercadokeys.com\/product\/lego-star-wars-the-force-awakens-season-pass-xbox-one-cd-key-global\/#primaryimage","url":"https:\/\/www.mercadokeys.com.mx\/wp-content\/uploads\/2022\/01\/85988.jpg","contentUrl":"https:\/\/www.mercadokeys.com.mx\/wp-content\/uploads\/2022\/01\/85988.jpg","width":230,"height":336},{"@type":"BreadcrumbList","@id":"https:\/\/www.mercadokeys.com\/product\/lego-star-wars-the-force-awakens-season-pass-xbox-one-cd-key-global\/#breadcrumb","itemListElement":[{"@type":"ListItem","position":1,"name":"Inicio","item":"https:\/\/www.mercadokeys.com.mx\/"},{"@type":"ListItem","position":2,"name":"Tienda","item":"https:\/\/www.mercadokeys.com\/shop\/"},{"@type":"ListItem","position":3,"name":"LEGO Star Wars: The Force Awakens &#8211; Season Pass Xbox One CD Key GLOBAL"}]},{"@type":"WebSite","@id":"https:\/\/www.mercadokeys.com\/eng\/#website","url":"https:\/\/www.mercadokeys.com\/eng\/","name":"MERCADOKEYS","description":"Tu Tienda de videojuegos digitales en Mexico!","potentialAction":[{"@type":"SearchAction","target":{"@type":"EntryPoint","urlTemplate":"https:\/\/www.mercadokeys.com\/eng\/?s={search_term_string}"},"query-input":{"@type":"PropertyValueSpecification","valueRequired":true,"valueName":"search_term_string"}}],"inLanguage":"en-GB"}]}},"df_price":311.351307,"df_sale_price":311.351307,"df_regular_price":311.351307,"df_image_link":"https:\/\/www.mercadokeys.com.mx\/wp-content\/uploads\/2022\/01\/85988-205x300.jpg","_links":{"self":[{"href":"https:\/\/www.mercadokeys.com.mx\/eng\/wp-json\/wp\/v2\/product\/119594","targetHints":{"allow":["GET"]}}],"collection":[{"href":"https:\/\/www.mercadokeys.com.mx\/eng\/wp-json\/wp\/v2\/product"}],"about":[{"href":"https:\/\/www.mercadokeys.com.mx\/eng\/wp-json\/wp\/v2\/types\/product"}],"wp:featuredmedia":[{"embeddable":true,"href":"https:\/\/www.mercadokeys.com.mx\/eng\/wp-json\/wp\/v2\/media\/119596"}],"wp:attachment":[{"href":"https:\/\/www.mercadokeys.com.mx\/eng\/wp-json\/wp\/v2\/media?parent=119594"}],"wp:term":[{"taxonomy":"product_brand","embeddable":true,"href":"https:\/\/www.mercadokeys.com.mx\/eng\/wp-json\/wp\/v2\/product_brand?post=119594"},{"taxonomy":"product_cat","embeddable":true,"href":"https:\/\/www.mercadokeys.com.mx\/eng\/wp-json\/wp\/v2\/product_cat?post=119594"},{"taxonomy":"product_tag","embeddable":true,"href":"https:\/\/www.mercadokeys.com.mx\/eng\/wp-json\/wp\/v2\/product_tag?post=119594"}],"curies":[{"name":"wp","href":"https:\/\/api.w.org\/{rel}","templated":true}]}}