{"id":119555,"date":"2022-01-01T12:11:03","date_gmt":"2022-01-01T20:11:03","guid":{"rendered":"https:\/\/www.mercadokeys.com\/product\/assassins-creed-iii-xbox-live-key-global\/"},"modified":"2022-06-29T06:02:53","modified_gmt":"2022-06-29T13:02:53","slug":"assassins-creed-iii-xbox-live-cd-key-global","status":"publish","type":"product","link":"https:\/\/www.mercadokeys.com.mx\/eng\/product\/assassins-creed-iii-xbox-live-cd-key-global\/","title":{"rendered":"Assassin&#8217;s Creed III XBOX LIVE CD Key GLOBAL"},"content":{"rendered":"<p>Las colonias americanas , 1775 . Es una \u00e9poca de disturbios civiles y agitaci\u00f3n pol\u00edtica en las Am\u00e9ricas. Mientras un asesino nativo americano lucha para proteger su tierra y su gente, encender\u00e1 las llamas de la revoluci\u00f3n de una naci\u00f3n joven. Assassin&#8217;s Creed III te lleva de regreso a la Guerra Revolucionaria Estadounidense, pero no a la que has le\u00eddo en los libros de historia.<\/p>\n<h3>Key features<\/h3>\n<ul>\n<li>\u00a1Como asesino nativo americano, elimina a tus enemigos con armas, arcos, hachas de guerra y m\u00e1s!<\/li>\n<li>\nDesde las bulliciosas calles de la ciudad hasta los ca\u00f3ticos campos de batalla, juega un papel fundamental en los eventos m\u00e1s legendarios de la Revoluci\u00f3n Americana, incluida la Batalla de Bunker Hill y el Gran Incendio de Nueva York.<\/li>\n<li>\nExperimente la verdad detr\u00e1s de la guerra m\u00e1s espantosa de la historia: la Revoluci\u00f3n Americana.<\/li>\n<li>\nPresentamos el motor de juego Ubisoft-AnvilNext, una nueva y sorprendente tecnolog\u00eda que revolucionar\u00e1 los juegos con gr\u00e1ficos potentes, animaciones realistas, combate inmersivo y f\u00edsica avanzada.<\/li>\n<\/ul>\n<p>&nbsp;<\/p>","protected":false},"excerpt":{"rendered":"<p>Las colonias americanas , 1775 . Es una \u00e9poca de disturbios civiles y agitaci\u00f3n pol\u00edtica en las Am\u00e9ricas. Mientras un asesino nativo americano lucha para proteger su tierra y su gente, encender\u00e1 las llamas de la revoluci\u00f3n de una naci\u00f3n joven. Assassin&#8217;s Creed III te lleva de regreso a la Guerra Revolucionaria Estadounidense, pero no&#8230;<\/p>","protected":false},"featured_media":119557,"template":"","meta":{"_monsterinsights_skip_tracking":false,"_monsterinsights_sitenote_active":false,"_monsterinsights_sitenote_note":"","_monsterinsights_sitenote_category":0},"product_brand":[],"product_cat":[1271,1281,1274,1392,1394,1381],"product_tag":[3941,3940,3942],"class_list":{"0":"post-119555","1":"product","2":"type-product","3":"status-publish","4":"has-post-thumbnail","6":"product_cat-tienda-de-videojuegos-tijuana-mexico","7":"product_cat-tienda-de-videojuegos-consolas-tijuana-mexico","8":"product_cat-tienda-de-videojuegos-xbox-tijuana-mexico","9":"product_cat-tienda-de-videojuegos-accion-tijuana-mexico","10":"product_cat-tienda-de-videojuegos-aventura-tijuana-mexico","11":"product_cat-sin-categorizar","12":"product_tag-assassins-creed-iii-key","13":"product_tag-assassins-creed-iii-xbox","14":"product_tag-assassins-creed-iii-xbox-cd-key","16":"first","17":"instock","18":"shipping-taxable","19":"purchasable","20":"product-type-simple"},"yoast_head":"<!-- This site is optimized with the Yoast SEO plugin v27.0 - https:\/\/yoast.com\/product\/yoast-seo-wordpress\/ -->\n<title>Assassin&#039;s Creed III XBOX LIVE CD Key GLOBAL - MERCADOKEYS<\/title>\n<meta name=\"description\" content=\". Assassin&#039;s Creed III te lleva de regreso a la Guerra Revolucionaria Estadounidense, pero no a la que has le\u00eddo en los libros de historia.\" \/>\n<meta name=\"robots\" content=\"index, follow, max-snippet:-1, max-image-preview:large, max-video-preview:-1\" \/>\n<link rel=\"canonical\" href=\"https:\/\/www.mercadokeys.com\/product\/assassins-creed-iii-xbox-live-cd-key-global\/\" \/>\n<meta property=\"og:locale\" content=\"en_GB\" \/>\n<meta property=\"og:type\" content=\"article\" \/>\n<meta property=\"og:title\" content=\"Assassin&#039;s Creed III XBOX LIVE CD Key GLOBAL - MERCADOKEYS\" \/>\n<meta property=\"og:description\" content=\". Assassin&#039;s Creed III te lleva de regreso a la Guerra Revolucionaria Estadounidense, pero no a la que has le\u00eddo en los libros de historia.\" \/>\n<meta property=\"og:url\" content=\"https:\/\/www.mercadokeys.com\/product\/assassins-creed-iii-xbox-live-cd-key-global\/\" \/>\n<meta property=\"og:site_name\" content=\"MERCADOKEYS\" \/>\n<meta property=\"article:modified_time\" content=\"2022-06-29T13:02:53+00:00\" \/>\n<meta property=\"og:image\" content=\"https:\/\/www.mercadokeys.com\/wp-content\/uploads\/2022\/01\/121329.jpg\" \/>\n\t<meta property=\"og:image:width\" content=\"230\" \/>\n\t<meta property=\"og:image:height\" content=\"336\" \/>\n\t<meta property=\"og:image:type\" content=\"image\/jpeg\" \/>\n<meta name=\"twitter:card\" content=\"summary_large_image\" \/>\n<meta name=\"twitter:label1\" content=\"Estimated reading time\" \/>\n\t<meta name=\"twitter:data1\" content=\"1 minute\" \/>\n<script type=\"application\/ld+json\" class=\"yoast-schema-graph\">{\"@context\":\"https:\/\/schema.org\",\"@graph\":[{\"@type\":\"WebPage\",\"@id\":\"https:\/\/www.mercadokeys.com\/product\/assassins-creed-iii-xbox-live-cd-key-global\/\",\"url\":\"https:\/\/www.mercadokeys.com\/product\/assassins-creed-iii-xbox-live-cd-key-global\/\",\"name\":\"Assassin's Creed III XBOX LIVE CD Key GLOBAL - MERCADOKEYS\",\"isPartOf\":{\"@id\":\"https:\/\/www.mercadokeys.com\/eng\/#website\"},\"primaryImageOfPage\":{\"@id\":\"https:\/\/www.mercadokeys.com\/product\/assassins-creed-iii-xbox-live-cd-key-global\/#primaryimage\"},\"image\":{\"@id\":\"https:\/\/www.mercadokeys.com\/product\/assassins-creed-iii-xbox-live-cd-key-global\/#primaryimage\"},\"thumbnailUrl\":\"https:\/\/www.mercadokeys.com.mx\/wp-content\/uploads\/2022\/01\/121329.jpg\",\"datePublished\":\"2022-01-01T20:11:03+00:00\",\"dateModified\":\"2022-06-29T13:02:53+00:00\",\"description\":\". Assassin's Creed III te lleva de regreso a la Guerra Revolucionaria Estadounidense, pero no a la que has le\u00eddo en los libros de historia.\",\"breadcrumb\":{\"@id\":\"https:\/\/www.mercadokeys.com\/product\/assassins-creed-iii-xbox-live-cd-key-global\/#breadcrumb\"},\"inLanguage\":\"en-GB\",\"potentialAction\":[{\"@type\":\"ReadAction\",\"target\":[\"https:\/\/www.mercadokeys.com\/product\/assassins-creed-iii-xbox-live-cd-key-global\/\"]}]},{\"@type\":\"ImageObject\",\"inLanguage\":\"en-GB\",\"@id\":\"https:\/\/www.mercadokeys.com\/product\/assassins-creed-iii-xbox-live-cd-key-global\/#primaryimage\",\"url\":\"https:\/\/www.mercadokeys.com.mx\/wp-content\/uploads\/2022\/01\/121329.jpg\",\"contentUrl\":\"https:\/\/www.mercadokeys.com.mx\/wp-content\/uploads\/2022\/01\/121329.jpg\",\"width\":230,\"height\":336},{\"@type\":\"BreadcrumbList\",\"@id\":\"https:\/\/www.mercadokeys.com\/product\/assassins-creed-iii-xbox-live-cd-key-global\/#breadcrumb\",\"itemListElement\":[{\"@type\":\"ListItem\",\"position\":1,\"name\":\"Inicio\",\"item\":\"https:\/\/www.mercadokeys.com.mx\/\"},{\"@type\":\"ListItem\",\"position\":2,\"name\":\"Tienda\",\"item\":\"https:\/\/www.mercadokeys.com\/shop\/\"},{\"@type\":\"ListItem\",\"position\":3,\"name\":\"Assassin&#8217;s Creed III XBOX LIVE CD Key GLOBAL\"}]},{\"@type\":\"WebSite\",\"@id\":\"https:\/\/www.mercadokeys.com\/eng\/#website\",\"url\":\"https:\/\/www.mercadokeys.com\/eng\/\",\"name\":\"MERCADOKEYS\",\"description\":\"Tu Tienda de videojuegos digitales en Mexico!\",\"potentialAction\":[{\"@type\":\"SearchAction\",\"target\":{\"@type\":\"EntryPoint\",\"urlTemplate\":\"https:\/\/www.mercadokeys.com\/eng\/?s={search_term_string}\"},\"query-input\":{\"@type\":\"PropertyValueSpecification\",\"valueRequired\":true,\"valueName\":\"search_term_string\"}}],\"inLanguage\":\"en-GB\"}]}<\/script>\n<!-- \/ Yoast SEO plugin. -->","yoast_head_json":{"title":"Assassin's Creed III XBOX LIVE CD Key GLOBAL - MERCADOKEYS","description":". Assassin's Creed III te lleva de regreso a la Guerra Revolucionaria Estadounidense, pero no a la que has le\u00eddo en los libros de historia.","robots":{"index":"index","follow":"follow","max-snippet":"max-snippet:-1","max-image-preview":"max-image-preview:large","max-video-preview":"max-video-preview:-1"},"canonical":"https:\/\/www.mercadokeys.com\/product\/assassins-creed-iii-xbox-live-cd-key-global\/","og_locale":"en_GB","og_type":"article","og_title":"Assassin's Creed III XBOX LIVE CD Key GLOBAL - MERCADOKEYS","og_description":". Assassin's Creed III te lleva de regreso a la Guerra Revolucionaria Estadounidense, pero no a la que has le\u00eddo en los libros de historia.","og_url":"https:\/\/www.mercadokeys.com\/product\/assassins-creed-iii-xbox-live-cd-key-global\/","og_site_name":"MERCADOKEYS","article_modified_time":"2022-06-29T13:02:53+00:00","og_image":[{"width":230,"height":336,"url":"https:\/\/www.mercadokeys.com\/wp-content\/uploads\/2022\/01\/121329.jpg","type":"image\/jpeg"}],"twitter_card":"summary_large_image","twitter_misc":{"Estimated reading time":"1 minute"},"schema":{"@context":"https:\/\/schema.org","@graph":[{"@type":"WebPage","@id":"https:\/\/www.mercadokeys.com\/product\/assassins-creed-iii-xbox-live-cd-key-global\/","url":"https:\/\/www.mercadokeys.com\/product\/assassins-creed-iii-xbox-live-cd-key-global\/","name":"Assassin's Creed III XBOX LIVE CD Key GLOBAL - MERCADOKEYS","isPartOf":{"@id":"https:\/\/www.mercadokeys.com\/eng\/#website"},"primaryImageOfPage":{"@id":"https:\/\/www.mercadokeys.com\/product\/assassins-creed-iii-xbox-live-cd-key-global\/#primaryimage"},"image":{"@id":"https:\/\/www.mercadokeys.com\/product\/assassins-creed-iii-xbox-live-cd-key-global\/#primaryimage"},"thumbnailUrl":"https:\/\/www.mercadokeys.com.mx\/wp-content\/uploads\/2022\/01\/121329.jpg","datePublished":"2022-01-01T20:11:03+00:00","dateModified":"2022-06-29T13:02:53+00:00","description":". Assassin's Creed III te lleva de regreso a la Guerra Revolucionaria Estadounidense, pero no a la que has le\u00eddo en los libros de historia.","breadcrumb":{"@id":"https:\/\/www.mercadokeys.com\/product\/assassins-creed-iii-xbox-live-cd-key-global\/#breadcrumb"},"inLanguage":"en-GB","potentialAction":[{"@type":"ReadAction","target":["https:\/\/www.mercadokeys.com\/product\/assassins-creed-iii-xbox-live-cd-key-global\/"]}]},{"@type":"ImageObject","inLanguage":"en-GB","@id":"https:\/\/www.mercadokeys.com\/product\/assassins-creed-iii-xbox-live-cd-key-global\/#primaryimage","url":"https:\/\/www.mercadokeys.com.mx\/wp-content\/uploads\/2022\/01\/121329.jpg","contentUrl":"https:\/\/www.mercadokeys.com.mx\/wp-content\/uploads\/2022\/01\/121329.jpg","width":230,"height":336},{"@type":"BreadcrumbList","@id":"https:\/\/www.mercadokeys.com\/product\/assassins-creed-iii-xbox-live-cd-key-global\/#breadcrumb","itemListElement":[{"@type":"ListItem","position":1,"name":"Inicio","item":"https:\/\/www.mercadokeys.com.mx\/"},{"@type":"ListItem","position":2,"name":"Tienda","item":"https:\/\/www.mercadokeys.com\/shop\/"},{"@type":"ListItem","position":3,"name":"Assassin&#8217;s Creed III XBOX LIVE CD Key GLOBAL"}]},{"@type":"WebSite","@id":"https:\/\/www.mercadokeys.com\/eng\/#website","url":"https:\/\/www.mercadokeys.com\/eng\/","name":"MERCADOKEYS","description":"Tu Tienda de videojuegos digitales en Mexico!","potentialAction":[{"@type":"SearchAction","target":{"@type":"EntryPoint","urlTemplate":"https:\/\/www.mercadokeys.com\/eng\/?s={search_term_string}"},"query-input":{"@type":"PropertyValueSpecification","valueRequired":true,"valueName":"search_term_string"}}],"inLanguage":"en-GB"}]}},"df_price":275.613095,"df_sale_price":275.613095,"df_regular_price":275.613095,"df_image_link":"https:\/\/www.mercadokeys.com.mx\/wp-content\/uploads\/2022\/01\/121329-205x300.jpg","_links":{"self":[{"href":"https:\/\/www.mercadokeys.com.mx\/eng\/wp-json\/wp\/v2\/product\/119555","targetHints":{"allow":["GET"]}}],"collection":[{"href":"https:\/\/www.mercadokeys.com.mx\/eng\/wp-json\/wp\/v2\/product"}],"about":[{"href":"https:\/\/www.mercadokeys.com.mx\/eng\/wp-json\/wp\/v2\/types\/product"}],"wp:featuredmedia":[{"embeddable":true,"href":"https:\/\/www.mercadokeys.com.mx\/eng\/wp-json\/wp\/v2\/media\/119557"}],"wp:attachment":[{"href":"https:\/\/www.mercadokeys.com.mx\/eng\/wp-json\/wp\/v2\/media?parent=119555"}],"wp:term":[{"taxonomy":"product_brand","embeddable":true,"href":"https:\/\/www.mercadokeys.com.mx\/eng\/wp-json\/wp\/v2\/product_brand?post=119555"},{"taxonomy":"product_cat","embeddable":true,"href":"https:\/\/www.mercadokeys.com.mx\/eng\/wp-json\/wp\/v2\/product_cat?post=119555"},{"taxonomy":"product_tag","embeddable":true,"href":"https:\/\/www.mercadokeys.com.mx\/eng\/wp-json\/wp\/v2\/product_tag?post=119555"}],"curies":[{"name":"wp","href":"https:\/\/api.w.org\/{rel}","templated":true}]}}