{"id":119552,"date":"2022-01-01T12:10:48","date_gmt":"2022-01-01T20:10:48","guid":{"rendered":"https:\/\/www.mercadokeys.com\/product\/the-witcher-3-wild-hunt-blood-and-wine-xbox-live-key-xbox-one-global\/"},"modified":"2022-06-29T06:02:52","modified_gmt":"2022-06-29T13:02:52","slug":"the-witcher-3-wild-hunt-blood-and-wine-xbox-one-cd-key-global","status":"publish","type":"product","link":"https:\/\/www.mercadokeys.com.mx\/eng\/product\/the-witcher-3-wild-hunt-blood-and-wine-xbox-one-cd-key-global\/","title":{"rendered":"The Witcher 3: Wild Hunt &#8211; Blood and Wine XBOX One CD Key GLOBAL"},"content":{"rendered":"<p>Bienvenidos a la tierra del verano, un remoto valle ajeno a la guerra. Tierra de caballeros andantes, nobles damas y magn\u00edficas bodegas. Qu\u00e9 mejor \u00e9poca para visitarlo que ahora, cuando este reino de la virtud se ve desgarrado por una serie de cr\u00edmenes salvajes. Geralt de Rivia, un legendario cazador de monstruos, acepta su \u00faltimo gran contrato. Blood and Wine ofrece m\u00e1s de 20 horas de aventuras, donde la belleza se cruza con el terror y el amor baila con el enga\u00f1o.<\/p>\n<p>&#8220;AVISO IMPORTANTE La expansi\u00f3n Blood and Wine forma parte del Pase de temporada. Si ya has adquirido el Pase de temporada, no debes comprar la expansi\u00f3n Blood and Wine, puesto que ya tienes derecho a descargarla.&#8221;<\/p>","protected":false},"excerpt":{"rendered":"<p>Bienvenidos a la tierra del verano, un remoto valle ajeno a la guerra. Tierra de caballeros andantes, nobles damas y magn\u00edficas bodegas. Qu\u00e9 mejor \u00e9poca para visitarlo que ahora, cuando este reino de la virtud se ve desgarrado por una serie de cr\u00edmenes salvajes. Geralt de Rivia, un legendario cazador de monstruos, acepta su \u00faltimo&#8230;<\/p>","protected":false},"featured_media":119553,"template":"","meta":{"_monsterinsights_skip_tracking":false,"_monsterinsights_sitenote_active":false,"_monsterinsights_sitenote_note":"","_monsterinsights_sitenote_category":0},"product_brand":[],"product_cat":[1271,1281,1274,1394,1298,1427],"product_tag":[2362,3944,3943],"class_list":{"0":"post-119552","1":"product","2":"type-product","3":"status-publish","4":"has-post-thumbnail","6":"product_cat-tienda-de-videojuegos-tijuana-mexico","7":"product_cat-tienda-de-videojuegos-consolas-tijuana-mexico","8":"product_cat-tienda-de-videojuegos-xbox-tijuana-mexico","9":"product_cat-tienda-de-videojuegos-aventura-tijuana-mexico","10":"product_cat-tienda-de-videojuegos-rol-tijuana-mexico","11":"product_cat-tienda-de-videojuegos-juegos-para-mando-tijuana-mexico","12":"product_tag-the-witcher-3-wild-hunt","13":"product_tag-the-witcher-3-wild-hunt-key","14":"product_tag-the-witcher-3-wild-hunt-season-pass","16":"first","17":"instock","18":"shipping-taxable","19":"purchasable","20":"product-type-simple"},"yoast_head":"<!-- This site is optimized with the Yoast SEO plugin v27.0 - https:\/\/yoast.com\/product\/yoast-seo-wordpress\/ -->\n<title>The Witcher 3: Wild Hunt - Blood and Wine XBOX One CD Key GLOBAL - MERCADOKEYS<\/title>\n<meta name=\"description\" content=\"Bienvenidos a la tierra del verano, un remoto valle ajeno a la guerra. Tierra de caballeros andantes, nobles damas y magn\u00edficas bodegas.\" \/>\n<meta name=\"robots\" content=\"index, follow, max-snippet:-1, max-image-preview:large, max-video-preview:-1\" \/>\n<link rel=\"canonical\" href=\"https:\/\/www.mercadokeys.com\/product\/the-witcher-3-wild-hunt-blood-and-wine-xbox-one-cd-key-global\/\" \/>\n<meta property=\"og:locale\" content=\"en_GB\" \/>\n<meta property=\"og:type\" content=\"article\" \/>\n<meta property=\"og:title\" content=\"The Witcher 3: Wild Hunt - Blood and Wine XBOX One CD Key GLOBAL - MERCADOKEYS\" \/>\n<meta property=\"og:description\" content=\"Bienvenidos a la tierra del verano, un remoto valle ajeno a la guerra. Tierra de caballeros andantes, nobles damas y magn\u00edficas bodegas.\" \/>\n<meta property=\"og:url\" content=\"https:\/\/www.mercadokeys.com\/product\/the-witcher-3-wild-hunt-blood-and-wine-xbox-one-cd-key-global\/\" \/>\n<meta property=\"og:site_name\" content=\"MERCADOKEYS\" \/>\n<meta property=\"article:modified_time\" content=\"2022-06-29T13:02:52+00:00\" \/>\n<meta property=\"og:image\" content=\"https:\/\/www.mercadokeys.com\/wp-content\/uploads\/2022\/01\/1110637.jpg\" \/>\n\t<meta property=\"og:image:width\" content=\"230\" \/>\n\t<meta property=\"og:image:height\" content=\"336\" \/>\n\t<meta property=\"og:image:type\" content=\"image\/jpeg\" \/>\n<meta name=\"twitter:card\" content=\"summary_large_image\" \/>\n<meta name=\"twitter:label1\" content=\"Estimated reading time\" \/>\n\t<meta name=\"twitter:data1\" content=\"1 minute\" \/>\n<script type=\"application\/ld+json\" class=\"yoast-schema-graph\">{\"@context\":\"https:\/\/schema.org\",\"@graph\":[{\"@type\":\"WebPage\",\"@id\":\"https:\/\/www.mercadokeys.com\/product\/the-witcher-3-wild-hunt-blood-and-wine-xbox-one-cd-key-global\/\",\"url\":\"https:\/\/www.mercadokeys.com\/product\/the-witcher-3-wild-hunt-blood-and-wine-xbox-one-cd-key-global\/\",\"name\":\"The Witcher 3: Wild Hunt - Blood and Wine XBOX One CD Key GLOBAL - MERCADOKEYS\",\"isPartOf\":{\"@id\":\"https:\/\/www.mercadokeys.com\/eng\/#website\"},\"primaryImageOfPage\":{\"@id\":\"https:\/\/www.mercadokeys.com\/product\/the-witcher-3-wild-hunt-blood-and-wine-xbox-one-cd-key-global\/#primaryimage\"},\"image\":{\"@id\":\"https:\/\/www.mercadokeys.com\/product\/the-witcher-3-wild-hunt-blood-and-wine-xbox-one-cd-key-global\/#primaryimage\"},\"thumbnailUrl\":\"https:\/\/www.mercadokeys.com.mx\/wp-content\/uploads\/2022\/01\/1110637.jpg\",\"datePublished\":\"2022-01-01T20:10:48+00:00\",\"dateModified\":\"2022-06-29T13:02:52+00:00\",\"description\":\"Bienvenidos a la tierra del verano, un remoto valle ajeno a la guerra. Tierra de caballeros andantes, nobles damas y magn\u00edficas bodegas.\",\"breadcrumb\":{\"@id\":\"https:\/\/www.mercadokeys.com\/product\/the-witcher-3-wild-hunt-blood-and-wine-xbox-one-cd-key-global\/#breadcrumb\"},\"inLanguage\":\"en-GB\",\"potentialAction\":[{\"@type\":\"ReadAction\",\"target\":[\"https:\/\/www.mercadokeys.com\/product\/the-witcher-3-wild-hunt-blood-and-wine-xbox-one-cd-key-global\/\"]}]},{\"@type\":\"ImageObject\",\"inLanguage\":\"en-GB\",\"@id\":\"https:\/\/www.mercadokeys.com\/product\/the-witcher-3-wild-hunt-blood-and-wine-xbox-one-cd-key-global\/#primaryimage\",\"url\":\"https:\/\/www.mercadokeys.com.mx\/wp-content\/uploads\/2022\/01\/1110637.jpg\",\"contentUrl\":\"https:\/\/www.mercadokeys.com.mx\/wp-content\/uploads\/2022\/01\/1110637.jpg\",\"width\":230,\"height\":336},{\"@type\":\"BreadcrumbList\",\"@id\":\"https:\/\/www.mercadokeys.com\/product\/the-witcher-3-wild-hunt-blood-and-wine-xbox-one-cd-key-global\/#breadcrumb\",\"itemListElement\":[{\"@type\":\"ListItem\",\"position\":1,\"name\":\"Inicio\",\"item\":\"https:\/\/www.mercadokeys.com.mx\/\"},{\"@type\":\"ListItem\",\"position\":2,\"name\":\"Tienda\",\"item\":\"https:\/\/www.mercadokeys.com\/shop\/\"},{\"@type\":\"ListItem\",\"position\":3,\"name\":\"The Witcher 3: Wild Hunt &#8211; Blood and Wine XBOX One CD Key GLOBAL\"}]},{\"@type\":\"WebSite\",\"@id\":\"https:\/\/www.mercadokeys.com\/eng\/#website\",\"url\":\"https:\/\/www.mercadokeys.com\/eng\/\",\"name\":\"MERCADOKEYS\",\"description\":\"Tu Tienda de videojuegos digitales en Mexico!\",\"potentialAction\":[{\"@type\":\"SearchAction\",\"target\":{\"@type\":\"EntryPoint\",\"urlTemplate\":\"https:\/\/www.mercadokeys.com\/eng\/?s={search_term_string}\"},\"query-input\":{\"@type\":\"PropertyValueSpecification\",\"valueRequired\":true,\"valueName\":\"search_term_string\"}}],\"inLanguage\":\"en-GB\"}]}<\/script>\n<!-- \/ Yoast SEO plugin. -->","yoast_head_json":{"title":"The Witcher 3: Wild Hunt - Blood and Wine XBOX One CD Key GLOBAL - MERCADOKEYS","description":"Bienvenidos a la tierra del verano, un remoto valle ajeno a la guerra. Tierra de caballeros andantes, nobles damas y magn\u00edficas bodegas.","robots":{"index":"index","follow":"follow","max-snippet":"max-snippet:-1","max-image-preview":"max-image-preview:large","max-video-preview":"max-video-preview:-1"},"canonical":"https:\/\/www.mercadokeys.com\/product\/the-witcher-3-wild-hunt-blood-and-wine-xbox-one-cd-key-global\/","og_locale":"en_GB","og_type":"article","og_title":"The Witcher 3: Wild Hunt - Blood and Wine XBOX One CD Key GLOBAL - MERCADOKEYS","og_description":"Bienvenidos a la tierra del verano, un remoto valle ajeno a la guerra. Tierra de caballeros andantes, nobles damas y magn\u00edficas bodegas.","og_url":"https:\/\/www.mercadokeys.com\/product\/the-witcher-3-wild-hunt-blood-and-wine-xbox-one-cd-key-global\/","og_site_name":"MERCADOKEYS","article_modified_time":"2022-06-29T13:02:52+00:00","og_image":[{"width":230,"height":336,"url":"https:\/\/www.mercadokeys.com\/wp-content\/uploads\/2022\/01\/1110637.jpg","type":"image\/jpeg"}],"twitter_card":"summary_large_image","twitter_misc":{"Estimated reading time":"1 minute"},"schema":{"@context":"https:\/\/schema.org","@graph":[{"@type":"WebPage","@id":"https:\/\/www.mercadokeys.com\/product\/the-witcher-3-wild-hunt-blood-and-wine-xbox-one-cd-key-global\/","url":"https:\/\/www.mercadokeys.com\/product\/the-witcher-3-wild-hunt-blood-and-wine-xbox-one-cd-key-global\/","name":"The Witcher 3: Wild Hunt - Blood and Wine XBOX One CD Key GLOBAL - MERCADOKEYS","isPartOf":{"@id":"https:\/\/www.mercadokeys.com\/eng\/#website"},"primaryImageOfPage":{"@id":"https:\/\/www.mercadokeys.com\/product\/the-witcher-3-wild-hunt-blood-and-wine-xbox-one-cd-key-global\/#primaryimage"},"image":{"@id":"https:\/\/www.mercadokeys.com\/product\/the-witcher-3-wild-hunt-blood-and-wine-xbox-one-cd-key-global\/#primaryimage"},"thumbnailUrl":"https:\/\/www.mercadokeys.com.mx\/wp-content\/uploads\/2022\/01\/1110637.jpg","datePublished":"2022-01-01T20:10:48+00:00","dateModified":"2022-06-29T13:02:52+00:00","description":"Bienvenidos a la tierra del verano, un remoto valle ajeno a la guerra. Tierra de caballeros andantes, nobles damas y magn\u00edficas bodegas.","breadcrumb":{"@id":"https:\/\/www.mercadokeys.com\/product\/the-witcher-3-wild-hunt-blood-and-wine-xbox-one-cd-key-global\/#breadcrumb"},"inLanguage":"en-GB","potentialAction":[{"@type":"ReadAction","target":["https:\/\/www.mercadokeys.com\/product\/the-witcher-3-wild-hunt-blood-and-wine-xbox-one-cd-key-global\/"]}]},{"@type":"ImageObject","inLanguage":"en-GB","@id":"https:\/\/www.mercadokeys.com\/product\/the-witcher-3-wild-hunt-blood-and-wine-xbox-one-cd-key-global\/#primaryimage","url":"https:\/\/www.mercadokeys.com.mx\/wp-content\/uploads\/2022\/01\/1110637.jpg","contentUrl":"https:\/\/www.mercadokeys.com.mx\/wp-content\/uploads\/2022\/01\/1110637.jpg","width":230,"height":336},{"@type":"BreadcrumbList","@id":"https:\/\/www.mercadokeys.com\/product\/the-witcher-3-wild-hunt-blood-and-wine-xbox-one-cd-key-global\/#breadcrumb","itemListElement":[{"@type":"ListItem","position":1,"name":"Inicio","item":"https:\/\/www.mercadokeys.com.mx\/"},{"@type":"ListItem","position":2,"name":"Tienda","item":"https:\/\/www.mercadokeys.com\/shop\/"},{"@type":"ListItem","position":3,"name":"The Witcher 3: Wild Hunt &#8211; Blood and Wine XBOX One CD Key GLOBAL"}]},{"@type":"WebSite","@id":"https:\/\/www.mercadokeys.com\/eng\/#website","url":"https:\/\/www.mercadokeys.com\/eng\/","name":"MERCADOKEYS","description":"Tu Tienda de videojuegos digitales en Mexico!","potentialAction":[{"@type":"SearchAction","target":{"@type":"EntryPoint","urlTemplate":"https:\/\/www.mercadokeys.com\/eng\/?s={search_term_string}"},"query-input":{"@type":"PropertyValueSpecification","valueRequired":true,"valueName":"search_term_string"}}],"inLanguage":"en-GB"}]}},"df_price":550.940284,"df_sale_price":550.940284,"df_regular_price":550.940284,"df_image_link":"https:\/\/www.mercadokeys.com.mx\/wp-content\/uploads\/2022\/01\/1110637-205x300.jpg","_links":{"self":[{"href":"https:\/\/www.mercadokeys.com.mx\/eng\/wp-json\/wp\/v2\/product\/119552","targetHints":{"allow":["GET"]}}],"collection":[{"href":"https:\/\/www.mercadokeys.com.mx\/eng\/wp-json\/wp\/v2\/product"}],"about":[{"href":"https:\/\/www.mercadokeys.com.mx\/eng\/wp-json\/wp\/v2\/types\/product"}],"wp:featuredmedia":[{"embeddable":true,"href":"https:\/\/www.mercadokeys.com.mx\/eng\/wp-json\/wp\/v2\/media\/119553"}],"wp:attachment":[{"href":"https:\/\/www.mercadokeys.com.mx\/eng\/wp-json\/wp\/v2\/media?parent=119552"}],"wp:term":[{"taxonomy":"product_brand","embeddable":true,"href":"https:\/\/www.mercadokeys.com.mx\/eng\/wp-json\/wp\/v2\/product_brand?post=119552"},{"taxonomy":"product_cat","embeddable":true,"href":"https:\/\/www.mercadokeys.com.mx\/eng\/wp-json\/wp\/v2\/product_cat?post=119552"},{"taxonomy":"product_tag","embeddable":true,"href":"https:\/\/www.mercadokeys.com.mx\/eng\/wp-json\/wp\/v2\/product_tag?post=119552"}],"curies":[{"name":"wp","href":"https:\/\/api.w.org\/{rel}","templated":true}]}}