{"id":119540,"date":"2022-01-01T12:10:22","date_gmt":"2022-01-01T20:10:22","guid":{"rendered":"https:\/\/www.mercadokeys.com\/product\/ori-and-the-blind-forest-definitive-edition-xbox-live-key-global\/"},"modified":"2022-06-29T06:02:43","modified_gmt":"2022-06-29T13:02:43","slug":"ori-and-the-blind-forest-definitive-edition-xbox-live-key-global","status":"publish","type":"product","link":"https:\/\/www.mercadokeys.com.mx\/eng\/product\/ori-and-the-blind-forest-definitive-edition-xbox-live-key-global\/","title":{"rendered":"Ori and the Blind Forest: Definitive Edition Xbox Live CD Key GLOBAL"},"content":{"rendered":"<p><span style=\"vertical-align: inherit;\">El bosque de Nibel est\u00e1 muriendo. Despu\u00e9s de que una poderosa tormenta pone en marcha una serie de eventos devastadores, un h\u00e9roe inesperado debe viajar para encontrar su coraje y enfrentarse a un oscuro enemigo para salvar su hogar. \u201cOri and the Blind Forest\u201d cuenta la historia de un joven hu\u00e9rfano destinado a la heroicidad, a trav\u00e9s de un juego de plataformas de acci\u00f3n visualmente impresionante creado por Moon Studios para PC. <span class=\"\" style=\"vertical-align: inherit;\">Con obras de arte pintadas a mano, la interpretaci\u00f3n de personajes meticulosamente animados y una partitura totalmente orquestada, &#8220;Ori and the Blind Forest&#8221; explora una historia profundamente emocional sobre el amor y el sacrificio, y la esperanza que existe en todos nosotros.<\/span><\/span><\/p>","protected":false},"excerpt":{"rendered":"<p>El bosque de Nibel est\u00e1 muriendo. Despu\u00e9s de que una poderosa tormenta pone en marcha una serie de eventos devastadores, un h\u00e9roe inesperado debe viajar para encontrar su coraje y enfrentarse a un oscuro enemigo para salvar su hogar. \u201cOri and the Blind Forest\u201d cuenta la historia de un joven hu\u00e9rfano destinado a la heroicidad,&#8230;<\/p>","protected":false},"featured_media":119541,"template":"","meta":{"_monsterinsights_skip_tracking":false,"_monsterinsights_sitenote_active":false,"_monsterinsights_sitenote_note":"","_monsterinsights_sitenote_category":0},"product_brand":[],"product_cat":[1271,1283,1281,1274,1394,1381],"product_tag":[3952,3954,3953,3955],"class_list":{"0":"post-119540","1":"product","2":"type-product","3":"status-publish","4":"has-post-thumbnail","6":"product_cat-tienda-de-videojuegos-tijuana-mexico","7":"product_cat-tienda-de-videojuegos-plataformas-tijuana-mexico","8":"product_cat-tienda-de-videojuegos-consolas-tijuana-mexico","9":"product_cat-tienda-de-videojuegos-xbox-tijuana-mexico","10":"product_cat-tienda-de-videojuegos-aventura-tijuana-mexico","11":"product_cat-sin-categorizar","12":"product_tag-ori-and-the-blind-forest-xbox","13":"product_tag-ori-and-the-blind-forest-xbox-cd-key","14":"product_tag-ori-and-the-blind-forest-xbox-key","15":"product_tag-ori-and-the-blind-forest-xbox-key-global","17":"first","18":"instock","19":"shipping-taxable","20":"purchasable","21":"product-type-simple"},"yoast_head":"<!-- This site is optimized with the Yoast SEO plugin v27.0 - https:\/\/yoast.com\/product\/yoast-seo-wordpress\/ -->\n<title>Ori and the Blind Forest: Definitive Edition Xbox Live CD Key GLOBAL - MERCADOKEYS<\/title>\n<meta name=\"description\" content=\"\u201cOri and the Blind Forest\u201d cuenta la historia de un joven hu\u00e9rfano destinado a la heroicidad, a trav\u00e9s de un juego de plataformas de acci\u00f3n\" \/>\n<meta name=\"robots\" content=\"index, follow, max-snippet:-1, max-image-preview:large, max-video-preview:-1\" \/>\n<link rel=\"canonical\" href=\"https:\/\/www.mercadokeys.com\/product\/ori-and-the-blind-forest-definitive-edition-xbox-live-key-global\/\" \/>\n<meta property=\"og:locale\" content=\"en_GB\" \/>\n<meta property=\"og:type\" content=\"article\" \/>\n<meta property=\"og:title\" content=\"Ori and the Blind Forest: Definitive Edition Xbox Live CD Key GLOBAL - MERCADOKEYS\" \/>\n<meta property=\"og:description\" content=\"\u201cOri and the Blind Forest\u201d cuenta la historia de un joven hu\u00e9rfano destinado a la heroicidad, a trav\u00e9s de un juego de plataformas de acci\u00f3n\" \/>\n<meta property=\"og:url\" content=\"https:\/\/www.mercadokeys.com\/product\/ori-and-the-blind-forest-definitive-edition-xbox-live-key-global\/\" \/>\n<meta property=\"og:site_name\" content=\"MERCADOKEYS\" \/>\n<meta property=\"article:modified_time\" content=\"2022-06-29T13:02:43+00:00\" \/>\n<meta property=\"og:image\" content=\"https:\/\/www.mercadokeys.com\/wp-content\/uploads\/2022\/01\/58292.jpg\" \/>\n\t<meta property=\"og:image:width\" content=\"230\" \/>\n\t<meta property=\"og:image:height\" content=\"336\" \/>\n\t<meta property=\"og:image:type\" content=\"image\/jpeg\" \/>\n<meta name=\"twitter:card\" content=\"summary_large_image\" \/>\n<meta name=\"twitter:label1\" content=\"Estimated reading time\" \/>\n\t<meta name=\"twitter:data1\" content=\"1 minute\" \/>\n<script type=\"application\/ld+json\" class=\"yoast-schema-graph\">{\"@context\":\"https:\/\/schema.org\",\"@graph\":[{\"@type\":\"WebPage\",\"@id\":\"https:\/\/www.mercadokeys.com\/product\/ori-and-the-blind-forest-definitive-edition-xbox-live-key-global\/\",\"url\":\"https:\/\/www.mercadokeys.com\/product\/ori-and-the-blind-forest-definitive-edition-xbox-live-key-global\/\",\"name\":\"Ori and the Blind Forest: Definitive Edition Xbox Live CD Key GLOBAL - MERCADOKEYS\",\"isPartOf\":{\"@id\":\"https:\/\/www.mercadokeys.com\/eng\/#website\"},\"primaryImageOfPage\":{\"@id\":\"https:\/\/www.mercadokeys.com\/product\/ori-and-the-blind-forest-definitive-edition-xbox-live-key-global\/#primaryimage\"},\"image\":{\"@id\":\"https:\/\/www.mercadokeys.com\/product\/ori-and-the-blind-forest-definitive-edition-xbox-live-key-global\/#primaryimage\"},\"thumbnailUrl\":\"https:\/\/www.mercadokeys.com.mx\/wp-content\/uploads\/2022\/01\/58292.jpg\",\"datePublished\":\"2022-01-01T20:10:22+00:00\",\"dateModified\":\"2022-06-29T13:02:43+00:00\",\"description\":\"\u201cOri and the Blind Forest\u201d cuenta la historia de un joven hu\u00e9rfano destinado a la heroicidad, a trav\u00e9s de un juego de plataformas de acci\u00f3n\",\"breadcrumb\":{\"@id\":\"https:\/\/www.mercadokeys.com\/product\/ori-and-the-blind-forest-definitive-edition-xbox-live-key-global\/#breadcrumb\"},\"inLanguage\":\"en-GB\",\"potentialAction\":[{\"@type\":\"ReadAction\",\"target\":[\"https:\/\/www.mercadokeys.com\/product\/ori-and-the-blind-forest-definitive-edition-xbox-live-key-global\/\"]}]},{\"@type\":\"ImageObject\",\"inLanguage\":\"en-GB\",\"@id\":\"https:\/\/www.mercadokeys.com\/product\/ori-and-the-blind-forest-definitive-edition-xbox-live-key-global\/#primaryimage\",\"url\":\"https:\/\/www.mercadokeys.com.mx\/wp-content\/uploads\/2022\/01\/58292.jpg\",\"contentUrl\":\"https:\/\/www.mercadokeys.com.mx\/wp-content\/uploads\/2022\/01\/58292.jpg\",\"width\":230,\"height\":336},{\"@type\":\"BreadcrumbList\",\"@id\":\"https:\/\/www.mercadokeys.com\/product\/ori-and-the-blind-forest-definitive-edition-xbox-live-key-global\/#breadcrumb\",\"itemListElement\":[{\"@type\":\"ListItem\",\"position\":1,\"name\":\"Inicio\",\"item\":\"https:\/\/www.mercadokeys.com.mx\/\"},{\"@type\":\"ListItem\",\"position\":2,\"name\":\"Tienda\",\"item\":\"https:\/\/www.mercadokeys.com\/shop\/\"},{\"@type\":\"ListItem\",\"position\":3,\"name\":\"Ori and the Blind Forest: Definitive Edition Xbox Live CD Key GLOBAL\"}]},{\"@type\":\"WebSite\",\"@id\":\"https:\/\/www.mercadokeys.com\/eng\/#website\",\"url\":\"https:\/\/www.mercadokeys.com\/eng\/\",\"name\":\"MERCADOKEYS\",\"description\":\"Tu Tienda de videojuegos digitales en Mexico!\",\"potentialAction\":[{\"@type\":\"SearchAction\",\"target\":{\"@type\":\"EntryPoint\",\"urlTemplate\":\"https:\/\/www.mercadokeys.com\/eng\/?s={search_term_string}\"},\"query-input\":{\"@type\":\"PropertyValueSpecification\",\"valueRequired\":true,\"valueName\":\"search_term_string\"}}],\"inLanguage\":\"en-GB\"}]}<\/script>\n<!-- \/ Yoast SEO plugin. -->","yoast_head_json":{"title":"Ori and the Blind Forest: Definitive Edition Xbox Live CD Key GLOBAL - MERCADOKEYS","description":"\u201cOri and the Blind Forest\u201d cuenta la historia de un joven hu\u00e9rfano destinado a la heroicidad, a trav\u00e9s de un juego de plataformas de acci\u00f3n","robots":{"index":"index","follow":"follow","max-snippet":"max-snippet:-1","max-image-preview":"max-image-preview:large","max-video-preview":"max-video-preview:-1"},"canonical":"https:\/\/www.mercadokeys.com\/product\/ori-and-the-blind-forest-definitive-edition-xbox-live-key-global\/","og_locale":"en_GB","og_type":"article","og_title":"Ori and the Blind Forest: Definitive Edition Xbox Live CD Key GLOBAL - MERCADOKEYS","og_description":"\u201cOri and the Blind Forest\u201d cuenta la historia de un joven hu\u00e9rfano destinado a la heroicidad, a trav\u00e9s de un juego de plataformas de acci\u00f3n","og_url":"https:\/\/www.mercadokeys.com\/product\/ori-and-the-blind-forest-definitive-edition-xbox-live-key-global\/","og_site_name":"MERCADOKEYS","article_modified_time":"2022-06-29T13:02:43+00:00","og_image":[{"width":230,"height":336,"url":"https:\/\/www.mercadokeys.com\/wp-content\/uploads\/2022\/01\/58292.jpg","type":"image\/jpeg"}],"twitter_card":"summary_large_image","twitter_misc":{"Estimated reading time":"1 minute"},"schema":{"@context":"https:\/\/schema.org","@graph":[{"@type":"WebPage","@id":"https:\/\/www.mercadokeys.com\/product\/ori-and-the-blind-forest-definitive-edition-xbox-live-key-global\/","url":"https:\/\/www.mercadokeys.com\/product\/ori-and-the-blind-forest-definitive-edition-xbox-live-key-global\/","name":"Ori and the Blind Forest: Definitive Edition Xbox Live CD Key GLOBAL - MERCADOKEYS","isPartOf":{"@id":"https:\/\/www.mercadokeys.com\/eng\/#website"},"primaryImageOfPage":{"@id":"https:\/\/www.mercadokeys.com\/product\/ori-and-the-blind-forest-definitive-edition-xbox-live-key-global\/#primaryimage"},"image":{"@id":"https:\/\/www.mercadokeys.com\/product\/ori-and-the-blind-forest-definitive-edition-xbox-live-key-global\/#primaryimage"},"thumbnailUrl":"https:\/\/www.mercadokeys.com.mx\/wp-content\/uploads\/2022\/01\/58292.jpg","datePublished":"2022-01-01T20:10:22+00:00","dateModified":"2022-06-29T13:02:43+00:00","description":"\u201cOri and the Blind Forest\u201d cuenta la historia de un joven hu\u00e9rfano destinado a la heroicidad, a trav\u00e9s de un juego de plataformas de acci\u00f3n","breadcrumb":{"@id":"https:\/\/www.mercadokeys.com\/product\/ori-and-the-blind-forest-definitive-edition-xbox-live-key-global\/#breadcrumb"},"inLanguage":"en-GB","potentialAction":[{"@type":"ReadAction","target":["https:\/\/www.mercadokeys.com\/product\/ori-and-the-blind-forest-definitive-edition-xbox-live-key-global\/"]}]},{"@type":"ImageObject","inLanguage":"en-GB","@id":"https:\/\/www.mercadokeys.com\/product\/ori-and-the-blind-forest-definitive-edition-xbox-live-key-global\/#primaryimage","url":"https:\/\/www.mercadokeys.com.mx\/wp-content\/uploads\/2022\/01\/58292.jpg","contentUrl":"https:\/\/www.mercadokeys.com.mx\/wp-content\/uploads\/2022\/01\/58292.jpg","width":230,"height":336},{"@type":"BreadcrumbList","@id":"https:\/\/www.mercadokeys.com\/product\/ori-and-the-blind-forest-definitive-edition-xbox-live-key-global\/#breadcrumb","itemListElement":[{"@type":"ListItem","position":1,"name":"Inicio","item":"https:\/\/www.mercadokeys.com.mx\/"},{"@type":"ListItem","position":2,"name":"Tienda","item":"https:\/\/www.mercadokeys.com\/shop\/"},{"@type":"ListItem","position":3,"name":"Ori and the Blind Forest: Definitive Edition Xbox Live CD Key GLOBAL"}]},{"@type":"WebSite","@id":"https:\/\/www.mercadokeys.com\/eng\/#website","url":"https:\/\/www.mercadokeys.com\/eng\/","name":"MERCADOKEYS","description":"Tu Tienda de videojuegos digitales en Mexico!","potentialAction":[{"@type":"SearchAction","target":{"@type":"EntryPoint","urlTemplate":"https:\/\/www.mercadokeys.com\/eng\/?s={search_term_string}"},"query-input":{"@type":"PropertyValueSpecification","valueRequired":true,"valueName":"search_term_string"}}],"inLanguage":"en-GB"}]}},"df_price":277.042623,"df_sale_price":277.042623,"df_regular_price":277.042623,"df_image_link":"https:\/\/www.mercadokeys.com.mx\/wp-content\/uploads\/2022\/01\/58292-205x300.jpg","_links":{"self":[{"href":"https:\/\/www.mercadokeys.com.mx\/eng\/wp-json\/wp\/v2\/product\/119540","targetHints":{"allow":["GET"]}}],"collection":[{"href":"https:\/\/www.mercadokeys.com.mx\/eng\/wp-json\/wp\/v2\/product"}],"about":[{"href":"https:\/\/www.mercadokeys.com.mx\/eng\/wp-json\/wp\/v2\/types\/product"}],"wp:featuredmedia":[{"embeddable":true,"href":"https:\/\/www.mercadokeys.com.mx\/eng\/wp-json\/wp\/v2\/media\/119541"}],"wp:attachment":[{"href":"https:\/\/www.mercadokeys.com.mx\/eng\/wp-json\/wp\/v2\/media?parent=119540"}],"wp:term":[{"taxonomy":"product_brand","embeddable":true,"href":"https:\/\/www.mercadokeys.com.mx\/eng\/wp-json\/wp\/v2\/product_brand?post=119540"},{"taxonomy":"product_cat","embeddable":true,"href":"https:\/\/www.mercadokeys.com.mx\/eng\/wp-json\/wp\/v2\/product_cat?post=119540"},{"taxonomy":"product_tag","embeddable":true,"href":"https:\/\/www.mercadokeys.com.mx\/eng\/wp-json\/wp\/v2\/product_tag?post=119540"}],"curies":[{"name":"wp","href":"https:\/\/api.w.org\/{rel}","templated":true}]}}