{"id":119011,"date":"2021-12-31T12:11:53","date_gmt":"2021-12-31T20:11:53","guid":{"rendered":"https:\/\/www.mercadokeys.com\/?post_type=product&#038;p=119011"},"modified":"2022-01-15T13:00:08","modified_gmt":"2022-01-15T21:00:08","slug":"xbox-one-random-1-key-global","status":"publish","type":"product","link":"https:\/\/www.mercadokeys.com.mx\/eng\/product\/xbox-one-random-1-key-global\/","title":{"rendered":"XBOX ONE Random 1 Key GLOBAL"},"content":{"rendered":"<p><span style=\"color: #ffcc00;\"><strong><img loading=\"lazy\" decoding=\"async\" class=\"alignnone size-medium wp-image-120622 aligncenter\" src=\"https:\/\/www.mercadokeys.com.mx\/wp-content\/uploads\/2021\/12\/X_Box_One_logo.svg_-300x51.png\" alt=\"\" width=\"300\" height=\"51\" srcset=\"https:\/\/www.mercadokeys.com.mx\/wp-content\/uploads\/2021\/12\/X_Box_One_logo.svg_-300x51.png 300w, https:\/\/www.mercadokeys.com.mx\/wp-content\/uploads\/2021\/12\/X_Box_One_logo.svg_-1024x175.png 1024w, https:\/\/www.mercadokeys.com.mx\/wp-content\/uploads\/2021\/12\/X_Box_One_logo.svg_-768x131.png 768w, https:\/\/www.mercadokeys.com.mx\/wp-content\/uploads\/2021\/12\/X_Box_One_logo.svg_-18x3.png 18w, https:\/\/www.mercadokeys.com.mx\/wp-content\/uploads\/2021\/12\/X_Box_One_logo.svg_-600x103.png 600w, https:\/\/www.mercadokeys.com.mx\/wp-content\/uploads\/2021\/12\/X_Box_One_logo.svg_-190x33.png 190w, https:\/\/www.mercadokeys.com.mx\/wp-content\/uploads\/2021\/12\/X_Box_One_logo.svg_-526x90.png 526w, https:\/\/www.mercadokeys.com.mx\/wp-content\/uploads\/2021\/12\/X_Box_One_logo.svg_.png 1280w\" sizes=\"auto, (max-width: 300px) 100vw, 300px\" \/><\/strong><\/span><\/p>\n<p><span style=\"color: #ffcc00;\"><strong>Would you like to buy a good game at a super price?<\/strong><\/span> This is the product for you! With our <span style=\"color: #ffcc00;\"><strong>XBOX ONE Random 1 Key GLOBAL<\/strong><strong> Plata<\/strong>\u00a0<b>you will have<\/b><b> la oportunidad de ganar un videojuego de un valor estimado de hasta $900.00 MXN<\/b><\/span>\u00a0o m\u00e1s (En comparaci\u00f3n con el precio de la tienda global de Steam en Euros); de entre una gran variedad\u00a0de videojuegos de estudios de renombr\u00e9 e independientes. \u00a1Todo a un super precio! En esta gran selecci\u00f3n con un poco de fortuna podr\u00edas encontraras videojuegos de todos los g\u00e9neros; todos los juegos con muy buena reputaci\u00f3n en METACRITIC y muy buena reputaci\u00f3n en Steam,\u00a0<span style=\"color: #ffcc00;\"><strong>Everything will depend on your luck!<\/strong><\/span><\/p>\n<p>All you have to do is buy one of our <span style=\"color: #ffcc00;\"><strong>XBOX ONE Random 1 Key GLOBAL<\/strong><\/span><span style=\"color: #ffcc00;\"><strong>\u00a0<\/strong><span style=\"color: #000000;\">y<\/span><\/span> nuestro sistema automatizado te signara un videojuego de Steam aleatorio.<\/p>\n<p><span style=\"color: #ffcc00;\"><strong>GAME QUALITY GUARANTEE:<\/strong><\/span><\/p>\n<ol>\n<li><span style=\"color: #ffcc00;\"><strong>Al menos el 10% de todas las XBOX ONE Random 1 Key GLOBAL <\/strong><\/span>of this product contain video games valued at\u00a0<strong>$900.00 MXN <\/strong>o incluso m\u00e1s seg\u00fan los precios base de Steam.\u00a0(En comparaci\u00f3n con el precio de la tienda global de Steam en Euros)<\/li>\n<li>No DLC\u2019s.<\/li>\n<li>No free games.<\/li>\n<\/ol>\n<p><strong><span style=\"color: #ffcc00;\">This product provides a unique random video game key that can be activated on the Steam platform.<\/span><\/strong><\/p>","protected":false},"excerpt":{"rendered":"<p>\u00bfTe gustaria adquirir un buen juego a un super precio? \u00a1Este es el producto para ti! Con nuestra XBOX ONE Random 1 Key GLOBAL Plata\u00a0tendr\u00e1s la oportunidad de ganar un videojuego de un valor estimado de hasta $900.00 MXN\u00a0o m\u00e1s (En comparaci\u00f3n con el precio de la tienda global de Steam en Euros); de entre&#8230;<\/p>","protected":false},"featured_media":119012,"template":"","meta":{"_monsterinsights_skip_tracking":false,"_monsterinsights_sitenote_active":false,"_monsterinsights_sitenote_note":"","_monsterinsights_sitenote_category":0},"product_brand":[],"product_cat":[4056,1501,1271,1280,1454,1274,1378],"product_tag":[1576,1526,1575,1580],"class_list":{"0":"post-119011","1":"product","2":"type-product","3":"status-publish","4":"has-post-thumbnail","6":"product_cat-game-pass","7":"product_cat-tienda-de-videojuegos-ultimos-juegos-tijuana-mexico","8":"product_cat-tienda-de-videojuegos-tijuana-mexico","9":"product_cat-tienda-de-videojuegos-pc-tijuana-mexico","10":"product_cat-tienda-de-videojuegos-steam-random-keys-tijuana-mexico","11":"product_cat-tienda-de-videojuegos-xbox-tijuana-mexico","12":"product_cat-tienda-de-videojuegos-mas-vendidos-tijuana-mexico","13":"product_tag-random-key","14":"product_tag-steam","15":"product_tag-steam-random-key","16":"product_tag-steam-random-key-oro","18":"first","19":"instock","20":"shipping-taxable","21":"purchasable","22":"product-type-simple"},"yoast_head":"<!-- This site is optimized with the Yoast SEO plugin v27.0 - https:\/\/yoast.com\/product\/yoast-seo-wordpress\/ -->\n<title>XBOX ONE Random 1 Key GLOBAL - MERCADOKEYS<\/title>\n<meta name=\"description\" content=\"Con nuestra Steam Random Key Oro Siempre ganaras un videojuego de un valor estimado de $217.55 o m\u00e1s de entre estudios de renombre\" \/>\n<meta name=\"robots\" content=\"index, follow, max-snippet:-1, max-image-preview:large, max-video-preview:-1\" \/>\n<link rel=\"canonical\" href=\"https:\/\/www.mercadokeys.com\/product\/xbox-one-random-1-key-global\/\" \/>\n<meta property=\"og:locale\" content=\"en_GB\" \/>\n<meta property=\"og:type\" content=\"article\" \/>\n<meta property=\"og:title\" content=\"XBOX ONE Random 1 Key GLOBAL - MERCADOKEYS\" \/>\n<meta property=\"og:description\" content=\"Con nuestra Steam Random Key Oro Siempre ganaras un videojuego de un valor estimado de $217.55 o m\u00e1s de entre estudios de renombre\" \/>\n<meta property=\"og:url\" content=\"https:\/\/www.mercadokeys.com\/product\/xbox-one-random-1-key-global\/\" \/>\n<meta property=\"og:site_name\" content=\"MERCADOKEYS\" \/>\n<meta property=\"article:modified_time\" content=\"2022-01-15T21:00:08+00:00\" \/>\n<meta property=\"og:image\" content=\"https:\/\/www.mercadokeys.com\/wp-content\/uploads\/2021\/12\/RANDOM-KEYS-MERCADO-KEYS-XBOX.jpg\" \/>\n\t<meta property=\"og:image:width\" content=\"230\" \/>\n\t<meta property=\"og:image:height\" content=\"336\" \/>\n\t<meta property=\"og:image:type\" content=\"image\/jpeg\" \/>\n<meta name=\"twitter:card\" content=\"summary_large_image\" \/>\n<meta name=\"twitter:label1\" content=\"Estimated reading time\" \/>\n\t<meta name=\"twitter:data1\" content=\"2 minutes\" \/>\n<script type=\"application\/ld+json\" class=\"yoast-schema-graph\">{\"@context\":\"https:\/\/schema.org\",\"@graph\":[{\"@type\":\"WebPage\",\"@id\":\"https:\/\/www.mercadokeys.com\/product\/xbox-one-random-1-key-global\/\",\"url\":\"https:\/\/www.mercadokeys.com\/product\/xbox-one-random-1-key-global\/\",\"name\":\"XBOX ONE Random 1 Key GLOBAL - MERCADOKEYS\",\"isPartOf\":{\"@id\":\"https:\/\/www.mercadokeys.com\/eng\/#website\"},\"primaryImageOfPage\":{\"@id\":\"https:\/\/www.mercadokeys.com\/product\/xbox-one-random-1-key-global\/#primaryimage\"},\"image\":{\"@id\":\"https:\/\/www.mercadokeys.com\/product\/xbox-one-random-1-key-global\/#primaryimage\"},\"thumbnailUrl\":\"https:\/\/www.mercadokeys.com.mx\/wp-content\/uploads\/2021\/12\/RANDOM-KEYS-MERCADO-KEYS-XBOX.jpg\",\"datePublished\":\"2021-12-31T20:11:53+00:00\",\"dateModified\":\"2022-01-15T21:00:08+00:00\",\"description\":\"Con nuestra Steam Random Key Oro Siempre ganaras un videojuego de un valor estimado de $217.55 o m\u00e1s de entre estudios de renombre\",\"breadcrumb\":{\"@id\":\"https:\/\/www.mercadokeys.com\/product\/xbox-one-random-1-key-global\/#breadcrumb\"},\"inLanguage\":\"en-GB\",\"potentialAction\":[{\"@type\":\"ReadAction\",\"target\":[\"https:\/\/www.mercadokeys.com\/product\/xbox-one-random-1-key-global\/\"]}]},{\"@type\":\"ImageObject\",\"inLanguage\":\"en-GB\",\"@id\":\"https:\/\/www.mercadokeys.com\/product\/xbox-one-random-1-key-global\/#primaryimage\",\"url\":\"https:\/\/www.mercadokeys.com.mx\/wp-content\/uploads\/2021\/12\/RANDOM-KEYS-MERCADO-KEYS-XBOX.jpg\",\"contentUrl\":\"https:\/\/www.mercadokeys.com.mx\/wp-content\/uploads\/2021\/12\/RANDOM-KEYS-MERCADO-KEYS-XBOX.jpg\",\"width\":230,\"height\":336},{\"@type\":\"BreadcrumbList\",\"@id\":\"https:\/\/www.mercadokeys.com\/product\/xbox-one-random-1-key-global\/#breadcrumb\",\"itemListElement\":[{\"@type\":\"ListItem\",\"position\":1,\"name\":\"Inicio\",\"item\":\"https:\/\/www.mercadokeys.com.mx\/\"},{\"@type\":\"ListItem\",\"position\":2,\"name\":\"Tienda\",\"item\":\"https:\/\/www.mercadokeys.com\/shop\/\"},{\"@type\":\"ListItem\",\"position\":3,\"name\":\"XBOX ONE Random 1 Key GLOBAL\"}]},{\"@type\":\"WebSite\",\"@id\":\"https:\/\/www.mercadokeys.com\/eng\/#website\",\"url\":\"https:\/\/www.mercadokeys.com\/eng\/\",\"name\":\"MERCADOKEYS\",\"description\":\"Tu Tienda de videojuegos digitales en Mexico!\",\"potentialAction\":[{\"@type\":\"SearchAction\",\"target\":{\"@type\":\"EntryPoint\",\"urlTemplate\":\"https:\/\/www.mercadokeys.com\/eng\/?s={search_term_string}\"},\"query-input\":{\"@type\":\"PropertyValueSpecification\",\"valueRequired\":true,\"valueName\":\"search_term_string\"}}],\"inLanguage\":\"en-GB\"}]}<\/script>\n<!-- \/ Yoast SEO plugin. -->","yoast_head_json":{"title":"XBOX ONE Random 1 Key GLOBAL - MERCADOKEYS","description":"Con nuestra Steam Random Key Oro Siempre ganaras un videojuego de un valor estimado de $217.55 o m\u00e1s de entre estudios de renombre","robots":{"index":"index","follow":"follow","max-snippet":"max-snippet:-1","max-image-preview":"max-image-preview:large","max-video-preview":"max-video-preview:-1"},"canonical":"https:\/\/www.mercadokeys.com\/product\/xbox-one-random-1-key-global\/","og_locale":"en_GB","og_type":"article","og_title":"XBOX ONE Random 1 Key GLOBAL - MERCADOKEYS","og_description":"Con nuestra Steam Random Key Oro Siempre ganaras un videojuego de un valor estimado de $217.55 o m\u00e1s de entre estudios de renombre","og_url":"https:\/\/www.mercadokeys.com\/product\/xbox-one-random-1-key-global\/","og_site_name":"MERCADOKEYS","article_modified_time":"2022-01-15T21:00:08+00:00","og_image":[{"width":230,"height":336,"url":"https:\/\/www.mercadokeys.com\/wp-content\/uploads\/2021\/12\/RANDOM-KEYS-MERCADO-KEYS-XBOX.jpg","type":"image\/jpeg"}],"twitter_card":"summary_large_image","twitter_misc":{"Estimated reading time":"2 minutes"},"schema":{"@context":"https:\/\/schema.org","@graph":[{"@type":"WebPage","@id":"https:\/\/www.mercadokeys.com\/product\/xbox-one-random-1-key-global\/","url":"https:\/\/www.mercadokeys.com\/product\/xbox-one-random-1-key-global\/","name":"XBOX ONE Random 1 Key GLOBAL - MERCADOKEYS","isPartOf":{"@id":"https:\/\/www.mercadokeys.com\/eng\/#website"},"primaryImageOfPage":{"@id":"https:\/\/www.mercadokeys.com\/product\/xbox-one-random-1-key-global\/#primaryimage"},"image":{"@id":"https:\/\/www.mercadokeys.com\/product\/xbox-one-random-1-key-global\/#primaryimage"},"thumbnailUrl":"https:\/\/www.mercadokeys.com.mx\/wp-content\/uploads\/2021\/12\/RANDOM-KEYS-MERCADO-KEYS-XBOX.jpg","datePublished":"2021-12-31T20:11:53+00:00","dateModified":"2022-01-15T21:00:08+00:00","description":"Con nuestra Steam Random Key Oro Siempre ganaras un videojuego de un valor estimado de $217.55 o m\u00e1s de entre estudios de renombre","breadcrumb":{"@id":"https:\/\/www.mercadokeys.com\/product\/xbox-one-random-1-key-global\/#breadcrumb"},"inLanguage":"en-GB","potentialAction":[{"@type":"ReadAction","target":["https:\/\/www.mercadokeys.com\/product\/xbox-one-random-1-key-global\/"]}]},{"@type":"ImageObject","inLanguage":"en-GB","@id":"https:\/\/www.mercadokeys.com\/product\/xbox-one-random-1-key-global\/#primaryimage","url":"https:\/\/www.mercadokeys.com.mx\/wp-content\/uploads\/2021\/12\/RANDOM-KEYS-MERCADO-KEYS-XBOX.jpg","contentUrl":"https:\/\/www.mercadokeys.com.mx\/wp-content\/uploads\/2021\/12\/RANDOM-KEYS-MERCADO-KEYS-XBOX.jpg","width":230,"height":336},{"@type":"BreadcrumbList","@id":"https:\/\/www.mercadokeys.com\/product\/xbox-one-random-1-key-global\/#breadcrumb","itemListElement":[{"@type":"ListItem","position":1,"name":"Inicio","item":"https:\/\/www.mercadokeys.com.mx\/"},{"@type":"ListItem","position":2,"name":"Tienda","item":"https:\/\/www.mercadokeys.com\/shop\/"},{"@type":"ListItem","position":3,"name":"XBOX ONE Random 1 Key GLOBAL"}]},{"@type":"WebSite","@id":"https:\/\/www.mercadokeys.com\/eng\/#website","url":"https:\/\/www.mercadokeys.com\/eng\/","name":"MERCADOKEYS","description":"Tu Tienda de videojuegos digitales en Mexico!","potentialAction":[{"@type":"SearchAction","target":{"@type":"EntryPoint","urlTemplate":"https:\/\/www.mercadokeys.com\/eng\/?s={search_term_string}"},"query-input":{"@type":"PropertyValueSpecification","valueRequired":true,"valueName":"search_term_string"}}],"inLanguage":"en-GB"}]}},"df_price":250,"df_sale_price":250,"df_regular_price":250,"df_image_link":"https:\/\/www.mercadokeys.com.mx\/wp-content\/uploads\/2021\/12\/RANDOM-KEYS-MERCADO-KEYS-XBOX-205x300.jpg","_links":{"self":[{"href":"https:\/\/www.mercadokeys.com.mx\/eng\/wp-json\/wp\/v2\/product\/119011","targetHints":{"allow":["GET"]}}],"collection":[{"href":"https:\/\/www.mercadokeys.com.mx\/eng\/wp-json\/wp\/v2\/product"}],"about":[{"href":"https:\/\/www.mercadokeys.com.mx\/eng\/wp-json\/wp\/v2\/types\/product"}],"wp:featuredmedia":[{"embeddable":true,"href":"https:\/\/www.mercadokeys.com.mx\/eng\/wp-json\/wp\/v2\/media\/119012"}],"wp:attachment":[{"href":"https:\/\/www.mercadokeys.com.mx\/eng\/wp-json\/wp\/v2\/media?parent=119011"}],"wp:term":[{"taxonomy":"product_brand","embeddable":true,"href":"https:\/\/www.mercadokeys.com.mx\/eng\/wp-json\/wp\/v2\/product_brand?post=119011"},{"taxonomy":"product_cat","embeddable":true,"href":"https:\/\/www.mercadokeys.com.mx\/eng\/wp-json\/wp\/v2\/product_cat?post=119011"},{"taxonomy":"product_tag","embeddable":true,"href":"https:\/\/www.mercadokeys.com.mx\/eng\/wp-json\/wp\/v2\/product_tag?post=119011"}],"curies":[{"name":"wp","href":"https:\/\/api.w.org\/{rel}","templated":true}]}}