{"id":118914,"date":"2021-12-10T11:14:20","date_gmt":"2021-12-10T19:14:20","guid":{"rendered":"https:\/\/www.mercadokeys.com\/producto\/rising-constellation-steam-cd-key\/"},"modified":"2022-06-29T06:05:19","modified_gmt":"2022-06-29T13:05:19","slug":"rising-constellation-steam-cd-key","status":"publish","type":"product","link":"https:\/\/www.mercadokeys.com.mx\/eng\/product\/rising-constellation-steam-cd-key\/","title":{"rendered":"Rising Constellation Steam CD Key"},"content":{"rendered":"<p><span style=\"vertical-align: inherit;\">Rising Constellation es un nuevo juego que se lanzar\u00e1 en acceso anticipado en Steam a partir del 18.11.2020. El juego es un juego de estrategia multijugador 4x con una fuerte orientaci\u00f3n al juego de roles. Est\u00e1 dise\u00f1ado para ser un juego cooperativo donde los jugadores buscan la victoria junto con sus compa\u00f1eros de equipo.<\/span><\/p>","protected":false},"excerpt":{"rendered":"<p>Rising Constellation es un nuevo juego que se lanzar\u00e1 en acceso anticipado en Steam a partir del 18.11.2020. El juego es un juego de estrategia multijugador 4x con una fuerte orientaci\u00f3n al juego de roles. Est\u00e1 dise\u00f1ado para ser un juego cooperativo donde los jugadores buscan la victoria junto con sus compa\u00f1eros de equipo.<\/p>","protected":false},"featured_media":120854,"template":"","meta":{"_monsterinsights_skip_tracking":false,"_monsterinsights_sitenote_active":false,"_monsterinsights_sitenote_note":"","_monsterinsights_sitenote_category":0},"product_brand":[],"product_cat":[2981,1271,1283,1280,1273,1393,1401,1298,1428,1423],"product_tag":[3863,3862],"class_list":{"0":"post-118914","1":"product","2":"type-product","3":"status-publish","4":"has-post-thumbnail","6":"product_cat-destacados","7":"product_cat-tienda-de-videojuegos-tijuana-mexico","8":"product_cat-tienda-de-videojuegos-plataformas-tijuana-mexico","9":"product_cat-tienda-de-videojuegos-pc-tijuana-mexico","10":"product_cat-tienda-de-videojuegos-steam-key-tijuana-mexico","11":"product_cat-tienda-de-videojuegos-indie-tijuana-mexico","12":"product_cat-tienda-de-videojuegos-estrategia-tijuana-mexico","13":"product_cat-tienda-de-videojuegos-rol-tijuana-mexico","14":"product_cat-tienda-de-videojuegos-cooperativos-tijuana-mexico","15":"product_cat-tienda-de-videojuegos-nuevos-lanzamientos-tijuana-mexico","16":"product_tag-rising-constellation-game","17":"product_tag-rising-constellation-steam","19":"first","20":"instock","21":"shipping-taxable","22":"purchasable","23":"product-type-simple"},"yoast_head":"<!-- This site is optimized with the Yoast SEO plugin v27.0 - https:\/\/yoast.com\/product\/yoast-seo-wordpress\/ -->\n<title>Rising Constellation Steam CD Key - MERCADOKEYS<\/title>\n<meta name=\"description\" content=\"Rising Constellation es un nuevo juego que se lanzar\u00e1 en acceso anticipado en Steam a partir del 18.11.2020. El juego es un juego de estrategia multijugador\" \/>\n<meta name=\"robots\" content=\"index, follow, max-snippet:-1, max-image-preview:large, max-video-preview:-1\" \/>\n<link rel=\"canonical\" href=\"https:\/\/www.mercadokeys.com\/product\/rising-constellation-steam-cd-key\/\" \/>\n<meta property=\"og:locale\" content=\"en_GB\" \/>\n<meta property=\"og:type\" content=\"article\" \/>\n<meta property=\"og:title\" content=\"Rising Constellation Steam CD Key - MERCADOKEYS\" \/>\n<meta property=\"og:description\" content=\"Rising Constellation es un nuevo juego que se lanzar\u00e1 en acceso anticipado en Steam a partir del 18.11.2020. El juego es un juego de estrategia multijugador\" \/>\n<meta property=\"og:url\" content=\"https:\/\/www.mercadokeys.com\/product\/rising-constellation-steam-cd-key\/\" \/>\n<meta property=\"og:site_name\" content=\"MERCADOKEYS\" \/>\n<meta property=\"article:modified_time\" content=\"2022-06-29T13:05:19+00:00\" \/>\n<meta property=\"og:image\" content=\"https:\/\/www.mercadokeys.com\/wp-content\/uploads\/2021\/12\/Rising-Constellation-Steam-CD-Key-1.jpg\" \/>\n\t<meta property=\"og:image:width\" content=\"230\" \/>\n\t<meta property=\"og:image:height\" content=\"336\" \/>\n\t<meta property=\"og:image:type\" content=\"image\/jpeg\" \/>\n<meta name=\"twitter:card\" content=\"summary_large_image\" \/>\n<meta name=\"twitter:label1\" content=\"Estimated reading time\" \/>\n\t<meta name=\"twitter:data1\" content=\"1 minute\" \/>\n<script type=\"application\/ld+json\" class=\"yoast-schema-graph\">{\"@context\":\"https:\/\/schema.org\",\"@graph\":[{\"@type\":\"WebPage\",\"@id\":\"https:\/\/www.mercadokeys.com\/product\/rising-constellation-steam-cd-key\/\",\"url\":\"https:\/\/www.mercadokeys.com\/product\/rising-constellation-steam-cd-key\/\",\"name\":\"Rising Constellation Steam CD Key - MERCADOKEYS\",\"isPartOf\":{\"@id\":\"https:\/\/www.mercadokeys.com\/eng\/#website\"},\"primaryImageOfPage\":{\"@id\":\"https:\/\/www.mercadokeys.com\/product\/rising-constellation-steam-cd-key\/#primaryimage\"},\"image\":{\"@id\":\"https:\/\/www.mercadokeys.com\/product\/rising-constellation-steam-cd-key\/#primaryimage\"},\"thumbnailUrl\":\"https:\/\/www.mercadokeys.com.mx\/wp-content\/uploads\/2021\/12\/Rising-Constellation-Steam-CD-Key-1.jpg\",\"datePublished\":\"2021-12-10T19:14:20+00:00\",\"dateModified\":\"2022-06-29T13:05:19+00:00\",\"description\":\"Rising Constellation es un nuevo juego que se lanzar\u00e1 en acceso anticipado en Steam a partir del 18.11.2020. El juego es un juego de estrategia multijugador\",\"breadcrumb\":{\"@id\":\"https:\/\/www.mercadokeys.com\/product\/rising-constellation-steam-cd-key\/#breadcrumb\"},\"inLanguage\":\"en-GB\",\"potentialAction\":[{\"@type\":\"ReadAction\",\"target\":[\"https:\/\/www.mercadokeys.com\/product\/rising-constellation-steam-cd-key\/\"]}]},{\"@type\":\"ImageObject\",\"inLanguage\":\"en-GB\",\"@id\":\"https:\/\/www.mercadokeys.com\/product\/rising-constellation-steam-cd-key\/#primaryimage\",\"url\":\"https:\/\/www.mercadokeys.com.mx\/wp-content\/uploads\/2021\/12\/Rising-Constellation-Steam-CD-Key-1.jpg\",\"contentUrl\":\"https:\/\/www.mercadokeys.com.mx\/wp-content\/uploads\/2021\/12\/Rising-Constellation-Steam-CD-Key-1.jpg\",\"width\":230,\"height\":336},{\"@type\":\"BreadcrumbList\",\"@id\":\"https:\/\/www.mercadokeys.com\/product\/rising-constellation-steam-cd-key\/#breadcrumb\",\"itemListElement\":[{\"@type\":\"ListItem\",\"position\":1,\"name\":\"Inicio\",\"item\":\"https:\/\/www.mercadokeys.com.mx\/\"},{\"@type\":\"ListItem\",\"position\":2,\"name\":\"Tienda\",\"item\":\"https:\/\/www.mercadokeys.com\/shop\/\"},{\"@type\":\"ListItem\",\"position\":3,\"name\":\"Rising Constellation Steam CD Key\"}]},{\"@type\":\"WebSite\",\"@id\":\"https:\/\/www.mercadokeys.com\/eng\/#website\",\"url\":\"https:\/\/www.mercadokeys.com\/eng\/\",\"name\":\"MERCADOKEYS\",\"description\":\"Tu Tienda de videojuegos digitales en Mexico!\",\"potentialAction\":[{\"@type\":\"SearchAction\",\"target\":{\"@type\":\"EntryPoint\",\"urlTemplate\":\"https:\/\/www.mercadokeys.com\/eng\/?s={search_term_string}\"},\"query-input\":{\"@type\":\"PropertyValueSpecification\",\"valueRequired\":true,\"valueName\":\"search_term_string\"}}],\"inLanguage\":\"en-GB\"}]}<\/script>\n<!-- \/ Yoast SEO plugin. -->","yoast_head_json":{"title":"Rising Constellation Steam CD Key - MERCADOKEYS","description":"Rising Constellation es un nuevo juego que se lanzar\u00e1 en acceso anticipado en Steam a partir del 18.11.2020. El juego es un juego de estrategia multijugador","robots":{"index":"index","follow":"follow","max-snippet":"max-snippet:-1","max-image-preview":"max-image-preview:large","max-video-preview":"max-video-preview:-1"},"canonical":"https:\/\/www.mercadokeys.com\/product\/rising-constellation-steam-cd-key\/","og_locale":"en_GB","og_type":"article","og_title":"Rising Constellation Steam CD Key - MERCADOKEYS","og_description":"Rising Constellation es un nuevo juego que se lanzar\u00e1 en acceso anticipado en Steam a partir del 18.11.2020. El juego es un juego de estrategia multijugador","og_url":"https:\/\/www.mercadokeys.com\/product\/rising-constellation-steam-cd-key\/","og_site_name":"MERCADOKEYS","article_modified_time":"2022-06-29T13:05:19+00:00","og_image":[{"width":230,"height":336,"url":"https:\/\/www.mercadokeys.com\/wp-content\/uploads\/2021\/12\/Rising-Constellation-Steam-CD-Key-1.jpg","type":"image\/jpeg"}],"twitter_card":"summary_large_image","twitter_misc":{"Estimated reading time":"1 minute"},"schema":{"@context":"https:\/\/schema.org","@graph":[{"@type":"WebPage","@id":"https:\/\/www.mercadokeys.com\/product\/rising-constellation-steam-cd-key\/","url":"https:\/\/www.mercadokeys.com\/product\/rising-constellation-steam-cd-key\/","name":"Rising Constellation Steam CD Key - MERCADOKEYS","isPartOf":{"@id":"https:\/\/www.mercadokeys.com\/eng\/#website"},"primaryImageOfPage":{"@id":"https:\/\/www.mercadokeys.com\/product\/rising-constellation-steam-cd-key\/#primaryimage"},"image":{"@id":"https:\/\/www.mercadokeys.com\/product\/rising-constellation-steam-cd-key\/#primaryimage"},"thumbnailUrl":"https:\/\/www.mercadokeys.com.mx\/wp-content\/uploads\/2021\/12\/Rising-Constellation-Steam-CD-Key-1.jpg","datePublished":"2021-12-10T19:14:20+00:00","dateModified":"2022-06-29T13:05:19+00:00","description":"Rising Constellation es un nuevo juego que se lanzar\u00e1 en acceso anticipado en Steam a partir del 18.11.2020. El juego es un juego de estrategia multijugador","breadcrumb":{"@id":"https:\/\/www.mercadokeys.com\/product\/rising-constellation-steam-cd-key\/#breadcrumb"},"inLanguage":"en-GB","potentialAction":[{"@type":"ReadAction","target":["https:\/\/www.mercadokeys.com\/product\/rising-constellation-steam-cd-key\/"]}]},{"@type":"ImageObject","inLanguage":"en-GB","@id":"https:\/\/www.mercadokeys.com\/product\/rising-constellation-steam-cd-key\/#primaryimage","url":"https:\/\/www.mercadokeys.com.mx\/wp-content\/uploads\/2021\/12\/Rising-Constellation-Steam-CD-Key-1.jpg","contentUrl":"https:\/\/www.mercadokeys.com.mx\/wp-content\/uploads\/2021\/12\/Rising-Constellation-Steam-CD-Key-1.jpg","width":230,"height":336},{"@type":"BreadcrumbList","@id":"https:\/\/www.mercadokeys.com\/product\/rising-constellation-steam-cd-key\/#breadcrumb","itemListElement":[{"@type":"ListItem","position":1,"name":"Inicio","item":"https:\/\/www.mercadokeys.com.mx\/"},{"@type":"ListItem","position":2,"name":"Tienda","item":"https:\/\/www.mercadokeys.com\/shop\/"},{"@type":"ListItem","position":3,"name":"Rising Constellation Steam CD Key"}]},{"@type":"WebSite","@id":"https:\/\/www.mercadokeys.com\/eng\/#website","url":"https:\/\/www.mercadokeys.com\/eng\/","name":"MERCADOKEYS","description":"Tu Tienda de videojuegos digitales en Mexico!","potentialAction":[{"@type":"SearchAction","target":{"@type":"EntryPoint","urlTemplate":"https:\/\/www.mercadokeys.com\/eng\/?s={search_term_string}"},"query-input":{"@type":"PropertyValueSpecification","valueRequired":true,"valueName":"search_term_string"}}],"inLanguage":"en-GB"}]}},"df_price":148.385058,"df_sale_price":148.385058,"df_regular_price":148.385058,"df_image_link":"https:\/\/www.mercadokeys.com.mx\/wp-content\/uploads\/2021\/12\/Rising-Constellation-Steam-CD-Key-1-205x300.jpg","_links":{"self":[{"href":"https:\/\/www.mercadokeys.com.mx\/eng\/wp-json\/wp\/v2\/product\/118914","targetHints":{"allow":["GET"]}}],"collection":[{"href":"https:\/\/www.mercadokeys.com.mx\/eng\/wp-json\/wp\/v2\/product"}],"about":[{"href":"https:\/\/www.mercadokeys.com.mx\/eng\/wp-json\/wp\/v2\/types\/product"}],"wp:featuredmedia":[{"embeddable":true,"href":"https:\/\/www.mercadokeys.com.mx\/eng\/wp-json\/wp\/v2\/media\/120854"}],"wp:attachment":[{"href":"https:\/\/www.mercadokeys.com.mx\/eng\/wp-json\/wp\/v2\/media?parent=118914"}],"wp:term":[{"taxonomy":"product_brand","embeddable":true,"href":"https:\/\/www.mercadokeys.com.mx\/eng\/wp-json\/wp\/v2\/product_brand?post=118914"},{"taxonomy":"product_cat","embeddable":true,"href":"https:\/\/www.mercadokeys.com.mx\/eng\/wp-json\/wp\/v2\/product_cat?post=118914"},{"taxonomy":"product_tag","embeddable":true,"href":"https:\/\/www.mercadokeys.com.mx\/eng\/wp-json\/wp\/v2\/product_tag?post=118914"}],"curies":[{"name":"wp","href":"https:\/\/api.w.org\/{rel}","templated":true}]}}