{"id":118652,"date":"2021-11-21T14:18:54","date_gmt":"2021-11-21T22:18:54","guid":{"rendered":"https:\/\/www.mercadokeys.com\/producto\/marvels-guardians-of-the-galaxy-pc-steam-key-global\/"},"modified":"2022-06-28T06:07:21","modified_gmt":"2022-06-28T13:07:21","slug":"marvels-guardians-of-the-galaxy-steam-cd-key","status":"publish","type":"product","link":"https:\/\/www.mercadokeys.com.mx\/eng\/product\/marvels-guardians-of-the-galaxy-steam-cd-key\/","title":{"rendered":"Marvel&#8217;s Guardians of the Galaxy Steam CD Key"},"content":{"rendered":"<p>Inicia un viaje salvaje a trav\u00e9s del cosmos con una nueva versi\u00f3n de Guardianes de la Galaxia de Marvel. En este juego de acci\u00f3n y aventuras en tercera persona, eres Star-Lord, y gracias a tu liderazgo audaz pero cuestionable, has persuadido a un equipo extra\u00f1o de h\u00e9roes inveros\u00edmiles para que se unan a ti. Alg\u00fan idiota (seguramente no t\u00fa) ha desencadenado una cadena de eventos catastr\u00f3ficos, y solo t\u00fa puedes mantener unidos a los impredecibles Guardianes el tiempo suficiente para luchar contra la fusi\u00f3n interplanetaria total. Usa Element Blasters, golpes de equipo de etiqueta, patadas de salto impulsadas por botas de jet, nada est\u00e1 fuera de los l\u00edmites.<\/p>","protected":false},"excerpt":{"rendered":"<p>Inicia un viaje salvaje a trav\u00e9s del cosmos con una nueva versi\u00f3n de Guardianes de la Galaxia de Marvel. En este juego de acci\u00f3n y aventuras en tercera persona, eres Star-Lord, y gracias a tu liderazgo audaz pero cuestionable, has persuadido a un equipo extra\u00f1o de h\u00e9roes inveros\u00edmiles para que se unan a ti. Alg\u00fan&#8230;<\/p>","protected":false},"featured_media":117141,"template":"","meta":{"_monsterinsights_skip_tracking":false,"_monsterinsights_sitenote_active":false,"_monsterinsights_sitenote_note":"","_monsterinsights_sitenote_category":0},"product_brand":[],"product_cat":[2981,1271,1420,1283,1280,1273,1392,1394,1427,1423],"product_tag":[3768,3769,3770],"class_list":{"0":"post-118652","1":"product","2":"type-product","3":"status-publish","4":"has-post-thumbnail","6":"product_cat-destacados","7":"product_cat-tienda-de-videojuegos-tijuana-mexico","8":"product_cat-tienda-de-videojuegos-populares-tijuana-mexico","9":"product_cat-tienda-de-videojuegos-plataformas-tijuana-mexico","10":"product_cat-tienda-de-videojuegos-pc-tijuana-mexico","11":"product_cat-tienda-de-videojuegos-steam-key-tijuana-mexico","12":"product_cat-tienda-de-videojuegos-accion-tijuana-mexico","13":"product_cat-tienda-de-videojuegos-aventura-tijuana-mexico","14":"product_cat-tienda-de-videojuegos-juegos-para-mando-tijuana-mexico","15":"product_cat-tienda-de-videojuegos-nuevos-lanzamientos-tijuana-mexico","16":"product_tag-guardians-of-the-galaxy","17":"product_tag-guardians-of-the-galaxy-cd-key","18":"product_tag-guardians-of-the-galaxy-steam","20":"first","21":"instock","22":"shipping-taxable","23":"purchasable","24":"product-type-simple"},"yoast_head":"<!-- This site is optimized with the Yoast SEO plugin v27.0 - https:\/\/yoast.com\/product\/yoast-seo-wordpress\/ -->\n<title>Marvel&#039;s Guardians of the Galaxy Steam CD Key - MERCADOKEYS<\/title>\n<meta name=\"robots\" content=\"index, follow, max-snippet:-1, max-image-preview:large, max-video-preview:-1\" \/>\n<link rel=\"canonical\" href=\"https:\/\/www.mercadokeys.com\/product\/marvels-guardians-of-the-galaxy-steam-cd-key\/\" \/>\n<meta property=\"og:locale\" content=\"en_GB\" \/>\n<meta property=\"og:type\" content=\"article\" \/>\n<meta property=\"og:title\" content=\"Marvel&#039;s Guardians of the Galaxy Steam CD Key - MERCADOKEYS\" \/>\n<meta property=\"og:description\" content=\"Inicia un viaje salvaje a trav\u00e9s del cosmos con una nueva versi\u00f3n de Guardianes de la Galaxia de Marvel. En este juego de acci\u00f3n y aventuras en tercera persona, eres Star-Lord, y gracias a tu liderazgo audaz pero cuestionable, has persuadido a un equipo extra\u00f1o de h\u00e9roes inveros\u00edmiles para que se unan a ti. Alg\u00fan...\" \/>\n<meta property=\"og:url\" content=\"https:\/\/www.mercadokeys.com\/product\/marvels-guardians-of-the-galaxy-steam-cd-key\/\" \/>\n<meta property=\"og:site_name\" content=\"MERCADOKEYS\" \/>\n<meta property=\"article:modified_time\" content=\"2022-06-28T13:07:21+00:00\" \/>\n<meta property=\"og:image\" content=\"https:\/\/www.mercadokeys.com\/wp-content\/uploads\/2021\/09\/Marvels-Guardians-of-the-Galaxy-POSTER.jpg\" \/>\n\t<meta property=\"og:image:width\" content=\"487\" \/>\n\t<meta property=\"og:image:height\" content=\"676\" \/>\n\t<meta property=\"og:image:type\" content=\"image\/jpeg\" \/>\n<meta name=\"twitter:card\" content=\"summary_large_image\" \/>\n<meta name=\"twitter:label1\" content=\"Estimated reading time\" \/>\n\t<meta name=\"twitter:data1\" content=\"1 minute\" \/>\n<script type=\"application\/ld+json\" class=\"yoast-schema-graph\">{\"@context\":\"https:\/\/schema.org\",\"@graph\":[{\"@type\":\"WebPage\",\"@id\":\"https:\/\/www.mercadokeys.com\/product\/marvels-guardians-of-the-galaxy-steam-cd-key\/\",\"url\":\"https:\/\/www.mercadokeys.com\/product\/marvels-guardians-of-the-galaxy-steam-cd-key\/\",\"name\":\"Marvel's Guardians of the Galaxy Steam CD Key - MERCADOKEYS\",\"isPartOf\":{\"@id\":\"https:\/\/www.mercadokeys.com\/eng\/#website\"},\"primaryImageOfPage\":{\"@id\":\"https:\/\/www.mercadokeys.com\/product\/marvels-guardians-of-the-galaxy-steam-cd-key\/#primaryimage\"},\"image\":{\"@id\":\"https:\/\/www.mercadokeys.com\/product\/marvels-guardians-of-the-galaxy-steam-cd-key\/#primaryimage\"},\"thumbnailUrl\":\"https:\/\/www.mercadokeys.com.mx\/wp-content\/uploads\/2021\/09\/Marvels-Guardians-of-the-Galaxy-POSTER.jpg\",\"datePublished\":\"2021-11-21T22:18:54+00:00\",\"dateModified\":\"2022-06-28T13:07:21+00:00\",\"breadcrumb\":{\"@id\":\"https:\/\/www.mercadokeys.com\/product\/marvels-guardians-of-the-galaxy-steam-cd-key\/#breadcrumb\"},\"inLanguage\":\"en-GB\",\"potentialAction\":[{\"@type\":\"ReadAction\",\"target\":[\"https:\/\/www.mercadokeys.com\/product\/marvels-guardians-of-the-galaxy-steam-cd-key\/\"]}]},{\"@type\":\"ImageObject\",\"inLanguage\":\"en-GB\",\"@id\":\"https:\/\/www.mercadokeys.com\/product\/marvels-guardians-of-the-galaxy-steam-cd-key\/#primaryimage\",\"url\":\"https:\/\/www.mercadokeys.com.mx\/wp-content\/uploads\/2021\/09\/Marvels-Guardians-of-the-Galaxy-POSTER.jpg\",\"contentUrl\":\"https:\/\/www.mercadokeys.com.mx\/wp-content\/uploads\/2021\/09\/Marvels-Guardians-of-the-Galaxy-POSTER.jpg\",\"width\":487,\"height\":676},{\"@type\":\"BreadcrumbList\",\"@id\":\"https:\/\/www.mercadokeys.com\/product\/marvels-guardians-of-the-galaxy-steam-cd-key\/#breadcrumb\",\"itemListElement\":[{\"@type\":\"ListItem\",\"position\":1,\"name\":\"Inicio\",\"item\":\"https:\/\/www.mercadokeys.com.mx\/\"},{\"@type\":\"ListItem\",\"position\":2,\"name\":\"Tienda\",\"item\":\"https:\/\/www.mercadokeys.com\/shop\/\"},{\"@type\":\"ListItem\",\"position\":3,\"name\":\"Marvel&#8217;s Guardians of the Galaxy Steam CD Key\"}]},{\"@type\":\"WebSite\",\"@id\":\"https:\/\/www.mercadokeys.com\/eng\/#website\",\"url\":\"https:\/\/www.mercadokeys.com\/eng\/\",\"name\":\"MERCADOKEYS\",\"description\":\"Tu Tienda de videojuegos digitales en Mexico!\",\"potentialAction\":[{\"@type\":\"SearchAction\",\"target\":{\"@type\":\"EntryPoint\",\"urlTemplate\":\"https:\/\/www.mercadokeys.com\/eng\/?s={search_term_string}\"},\"query-input\":{\"@type\":\"PropertyValueSpecification\",\"valueRequired\":true,\"valueName\":\"search_term_string\"}}],\"inLanguage\":\"en-GB\"}]}<\/script>\n<!-- \/ Yoast SEO plugin. -->","yoast_head_json":{"title":"Marvel's Guardians of the Galaxy Steam CD Key - MERCADOKEYS","robots":{"index":"index","follow":"follow","max-snippet":"max-snippet:-1","max-image-preview":"max-image-preview:large","max-video-preview":"max-video-preview:-1"},"canonical":"https:\/\/www.mercadokeys.com\/product\/marvels-guardians-of-the-galaxy-steam-cd-key\/","og_locale":"en_GB","og_type":"article","og_title":"Marvel's Guardians of the Galaxy Steam CD Key - MERCADOKEYS","og_description":"Inicia un viaje salvaje a trav\u00e9s del cosmos con una nueva versi\u00f3n de Guardianes de la Galaxia de Marvel. En este juego de acci\u00f3n y aventuras en tercera persona, eres Star-Lord, y gracias a tu liderazgo audaz pero cuestionable, has persuadido a un equipo extra\u00f1o de h\u00e9roes inveros\u00edmiles para que se unan a ti. Alg\u00fan...","og_url":"https:\/\/www.mercadokeys.com\/product\/marvels-guardians-of-the-galaxy-steam-cd-key\/","og_site_name":"MERCADOKEYS","article_modified_time":"2022-06-28T13:07:21+00:00","og_image":[{"width":487,"height":676,"url":"https:\/\/www.mercadokeys.com\/wp-content\/uploads\/2021\/09\/Marvels-Guardians-of-the-Galaxy-POSTER.jpg","type":"image\/jpeg"}],"twitter_card":"summary_large_image","twitter_misc":{"Estimated reading time":"1 minute"},"schema":{"@context":"https:\/\/schema.org","@graph":[{"@type":"WebPage","@id":"https:\/\/www.mercadokeys.com\/product\/marvels-guardians-of-the-galaxy-steam-cd-key\/","url":"https:\/\/www.mercadokeys.com\/product\/marvels-guardians-of-the-galaxy-steam-cd-key\/","name":"Marvel's Guardians of the Galaxy Steam CD Key - MERCADOKEYS","isPartOf":{"@id":"https:\/\/www.mercadokeys.com\/eng\/#website"},"primaryImageOfPage":{"@id":"https:\/\/www.mercadokeys.com\/product\/marvels-guardians-of-the-galaxy-steam-cd-key\/#primaryimage"},"image":{"@id":"https:\/\/www.mercadokeys.com\/product\/marvels-guardians-of-the-galaxy-steam-cd-key\/#primaryimage"},"thumbnailUrl":"https:\/\/www.mercadokeys.com.mx\/wp-content\/uploads\/2021\/09\/Marvels-Guardians-of-the-Galaxy-POSTER.jpg","datePublished":"2021-11-21T22:18:54+00:00","dateModified":"2022-06-28T13:07:21+00:00","breadcrumb":{"@id":"https:\/\/www.mercadokeys.com\/product\/marvels-guardians-of-the-galaxy-steam-cd-key\/#breadcrumb"},"inLanguage":"en-GB","potentialAction":[{"@type":"ReadAction","target":["https:\/\/www.mercadokeys.com\/product\/marvels-guardians-of-the-galaxy-steam-cd-key\/"]}]},{"@type":"ImageObject","inLanguage":"en-GB","@id":"https:\/\/www.mercadokeys.com\/product\/marvels-guardians-of-the-galaxy-steam-cd-key\/#primaryimage","url":"https:\/\/www.mercadokeys.com.mx\/wp-content\/uploads\/2021\/09\/Marvels-Guardians-of-the-Galaxy-POSTER.jpg","contentUrl":"https:\/\/www.mercadokeys.com.mx\/wp-content\/uploads\/2021\/09\/Marvels-Guardians-of-the-Galaxy-POSTER.jpg","width":487,"height":676},{"@type":"BreadcrumbList","@id":"https:\/\/www.mercadokeys.com\/product\/marvels-guardians-of-the-galaxy-steam-cd-key\/#breadcrumb","itemListElement":[{"@type":"ListItem","position":1,"name":"Inicio","item":"https:\/\/www.mercadokeys.com.mx\/"},{"@type":"ListItem","position":2,"name":"Tienda","item":"https:\/\/www.mercadokeys.com\/shop\/"},{"@type":"ListItem","position":3,"name":"Marvel&#8217;s Guardians of the Galaxy Steam CD Key"}]},{"@type":"WebSite","@id":"https:\/\/www.mercadokeys.com\/eng\/#website","url":"https:\/\/www.mercadokeys.com\/eng\/","name":"MERCADOKEYS","description":"Tu Tienda de videojuegos digitales en Mexico!","potentialAction":[{"@type":"SearchAction","target":{"@type":"EntryPoint","urlTemplate":"https:\/\/www.mercadokeys.com\/eng\/?s={search_term_string}"},"query-input":{"@type":"PropertyValueSpecification","valueRequired":true,"valueName":"search_term_string"}}],"inLanguage":"en-GB"}]}},"df_price":692.52167,"df_sale_price":692.52167,"df_regular_price":692.52167,"df_image_link":"https:\/\/www.mercadokeys.com.mx\/wp-content\/uploads\/2021\/09\/Marvels-Guardians-of-the-Galaxy-POSTER-216x300.jpg","_links":{"self":[{"href":"https:\/\/www.mercadokeys.com.mx\/eng\/wp-json\/wp\/v2\/product\/118652","targetHints":{"allow":["GET"]}}],"collection":[{"href":"https:\/\/www.mercadokeys.com.mx\/eng\/wp-json\/wp\/v2\/product"}],"about":[{"href":"https:\/\/www.mercadokeys.com.mx\/eng\/wp-json\/wp\/v2\/types\/product"}],"wp:featuredmedia":[{"embeddable":true,"href":"https:\/\/www.mercadokeys.com.mx\/eng\/wp-json\/wp\/v2\/media\/117141"}],"wp:attachment":[{"href":"https:\/\/www.mercadokeys.com.mx\/eng\/wp-json\/wp\/v2\/media?parent=118652"}],"wp:term":[{"taxonomy":"product_brand","embeddable":true,"href":"https:\/\/www.mercadokeys.com.mx\/eng\/wp-json\/wp\/v2\/product_brand?post=118652"},{"taxonomy":"product_cat","embeddable":true,"href":"https:\/\/www.mercadokeys.com.mx\/eng\/wp-json\/wp\/v2\/product_cat?post=118652"},{"taxonomy":"product_tag","embeddable":true,"href":"https:\/\/www.mercadokeys.com.mx\/eng\/wp-json\/wp\/v2\/product_tag?post=118652"}],"curies":[{"name":"wp","href":"https:\/\/api.w.org\/{rel}","templated":true}]}}