{"id":118448,"date":"2021-11-19T18:27:50","date_gmt":"2021-11-20T02:27:50","guid":{"rendered":"https:\/\/www.mercadokeys.com\/producto\/ark-survival-evolved-pc-steam-key-global\/"},"modified":"2022-06-28T06:07:06","modified_gmt":"2022-06-28T13:07:06","slug":"ark-survival-evolved-steam-cd-key","status":"publish","type":"product","link":"https:\/\/www.mercadokeys.com.mx\/eng\/product\/ark-survival-evolved-steam-cd-key\/","title":{"rendered":"ARK: Survival Evolved Steam CD Key"},"content":{"rendered":"<p><strong><span style=\"vertical-align: inherit;\">ARK: Survival Evolved (PC)<\/span><\/strong><span style=\"vertical-align: inherit;\"> es un juego de supervivencia de mundo abierto que permite a los jugadores vagar libremente a trav\u00e9s de entornos bellamente renderizados donde deambulan los dinosaurios. Crea armas, domestica la vida silvestre, forma una tribu con jugadores de ideas afines y lucha por sobrevivir en la misteriosa tierra llamada <\/span><strong><span style=\"vertical-align: inherit;\">ARK.<\/span><\/strong><span style=\"vertical-align: inherit;\"> .<\/span><\/p>\n<h3 style=\"font-size: 16px;\"><span style=\"vertical-align: inherit;\">Docenas de criaturas para encontrar<\/span><\/h3>\n<p><span style=\"vertical-align: inherit;\">ARK: Survival Evolved cuenta con casi doscientas criaturas diferentes que deambulan por la hermosa isla ARK. Desde dinosaurios de todos los tama\u00f1os hasta formas de vida acu\u00e1ticas, hay muchos animales para llenar un diario de viaje de cada reci\u00e9n llegado al ARK. La mayor\u00eda de las criaturas pueden ser domesticadas y utilizadas como bestias de carga o las mejores monturas imaginables. Domestica T-Rexes, mamuts y muchos m\u00e1s y s\u00e9 el maestro de bestias de tu tribu. Asaltar bases de otros jugadores nunca ser\u00e1 m\u00e1s genial que atacar a un titanosaurio.<\/span><\/p>\n<h3 style=\"font-size: 16px;\"><span style=\"vertical-align: inherit;\">Juego de rol<\/span><\/h3>\n<p><strong><span style=\"vertical-align: inherit;\">El juego ARK: Survival Evolved<\/span><\/strong><span style=\"vertical-align: inherit;\"> incluye una progresi\u00f3n detallada basada en la mec\u00e1nica de los juegos de rol. Re\u00fane experiencia realizando diversas actividades y sube de nivel. Cada nivel te da puntos de Engram para gastar en la elaboraci\u00f3n de recetas que se quedan contigo para siempre para una mejor recuperaci\u00f3n cuando inevitablemente mueras.Adem\u00e1s de los puntos de Engram, cada nivel tambi\u00e9n te da la oportunidad de aumentar una de tus estad\u00edsticas, para ser m\u00e1s r\u00e1pido, m\u00e1s fuerte. , m\u00e1s saludable y artesanal.<\/span><\/p>\n<h3 style=\"font-size: 16px;\"><span style=\"vertical-align: inherit;\">Elaboraci\u00f3n<\/span><\/h3>\n<p><strong><span style=\"vertical-align: inherit;\">ARK: Survival Evolved<\/span><\/strong><span style=\"vertical-align: inherit;\"> tiene un robusto sistema de elaboraci\u00f3n que te permite convertir el destierro a una isla hostil en una historia de \u00e9xito digna de verdaderos supervivientes. Crea armas para eventualmente empu\u00f1ar armas, crea armaduras para ti y tus monturas. Explora el mundo para encontrar recetas de art\u00edculos poderosos que mejorar\u00e1n enormemente tus probabilidades de sobrevivir. Forma equipo con otros supervivientes para crear compuestos seguros con materiales raros y dif\u00edciles de fabricar.<\/span><\/p>\n<h3 style=\"font-size: 16px;\"><span style=\"vertical-align: inherit;\">Tribus<\/span><\/h3>\n<p><span style=\"vertical-align: inherit;\">Sobrevivir por su cuenta no es f\u00e1cil y tampoco es seguro. \u00danete a otros jugadores para formar tribus. Las tribus pueden compartir una base y animales domesticados, apoyar a otros miembros con sus objetivos de creaci\u00f3n o incluso proteger los avatares de los dem\u00e1s cuando los jugadores cierran la sesi\u00f3n del juego. Establece reglas para determinar c\u00f3mo se gobierna tu Tribu en un sistema s\u00f3lido provisto en el juego incluso antes de acuerdos de jugador m\u00e1s detallados. Libra guerras contra otras tribus para reclamar sus bases y recursos. O simplemente para fastidiarlos.<\/span><\/p>\n<h3 style=\"font-size: 16px;\"><span style=\"vertical-align: inherit;\">Poderosas criaturas jefes<\/span><\/h3>\n<p><span style=\"vertical-align: inherit;\">Cuando est\u00e9s en la c\u00faspide de tu poder, puedes llevar a tu tribu y desafiar a los jefes m\u00edticos. Usa elementos dif\u00edciles de conseguir para convocar criaturas como un drag\u00f3n, un megapiteco o una madre ar\u00e1cnida. El combate magn\u00edficamente exigente pondr\u00e1 a prueba tu habilidad, equipo y entrenamiento de los dinosaurios de tu mascota. \u00bfPuedes mantenerte firme frente a los gigantes de la leyenda?<\/span><\/p>","protected":false},"excerpt":{"rendered":"<p>ARK: Survival Evolved (PC) es un juego de supervivencia de mundo abierto que permite a los jugadores vagar libremente a trav\u00e9s de entornos bellamente renderizados donde deambulan los dinosaurios. Crea armas, domestica la vida silvestre, forma una tribu con jugadores de ideas afines y lucha por sobrevivir en la misteriosa tierra llamada ARK. . Docenas&#8230;<\/p>","protected":false},"featured_media":118449,"template":"","meta":{"_monsterinsights_skip_tracking":false,"_monsterinsights_sitenote_active":false,"_monsterinsights_sitenote_note":"","_monsterinsights_sitenote_category":0},"product_brand":[],"product_cat":[2981,1271,1420,1283,1280,1273,1392,1394,1393,1298,1428,1427,1424],"product_tag":[2660,3608,2661],"class_list":{"0":"post-118448","1":"product","2":"type-product","3":"status-publish","4":"has-post-thumbnail","6":"product_cat-destacados","7":"product_cat-tienda-de-videojuegos-tijuana-mexico","8":"product_cat-tienda-de-videojuegos-populares-tijuana-mexico","9":"product_cat-tienda-de-videojuegos-plataformas-tijuana-mexico","10":"product_cat-tienda-de-videojuegos-pc-tijuana-mexico","11":"product_cat-tienda-de-videojuegos-steam-key-tijuana-mexico","12":"product_cat-tienda-de-videojuegos-accion-tijuana-mexico","13":"product_cat-tienda-de-videojuegos-aventura-tijuana-mexico","14":"product_cat-tienda-de-videojuegos-indie-tijuana-mexico","15":"product_cat-tienda-de-videojuegos-rol-tijuana-mexico","16":"product_cat-tienda-de-videojuegos-cooperativos-tijuana-mexico","17":"product_cat-tienda-de-videojuegos-juegos-para-mando-tijuana-mexico","18":"product_cat-tienda-de-videojuegos-lo-mas-jugados-tijuana-mexico","19":"product_tag-ark-survival-evolved","20":"product_tag-ark-survival-evolved-cd-key","21":"product_tag-ark-survival-evolved-steam","23":"first","24":"instock","25":"shipping-taxable","26":"purchasable","27":"product-type-simple"},"yoast_head":"<!-- This site is optimized with the Yoast SEO plugin v27.0 - https:\/\/yoast.com\/product\/yoast-seo-wordpress\/ -->\n<title>ARK: Survival Evolved Steam CD Key - MERCADOKEYS<\/title>\n<meta name=\"robots\" content=\"index, follow, max-snippet:-1, max-image-preview:large, max-video-preview:-1\" \/>\n<link rel=\"canonical\" href=\"https:\/\/www.mercadokeys.com\/product\/ark-survival-evolved-steam-cd-key\/\" \/>\n<meta property=\"og:locale\" content=\"en_GB\" \/>\n<meta property=\"og:type\" content=\"article\" \/>\n<meta property=\"og:title\" content=\"ARK: Survival Evolved Steam CD Key - MERCADOKEYS\" \/>\n<meta property=\"og:description\" content=\"ARK: Survival Evolved (PC) es un juego de supervivencia de mundo abierto que permite a los jugadores vagar libremente a trav\u00e9s de entornos bellamente renderizados donde deambulan los dinosaurios. Crea armas, domestica la vida silvestre, forma una tribu con jugadores de ideas afines y lucha por sobrevivir en la misteriosa tierra llamada ARK. . Docenas...\" \/>\n<meta property=\"og:url\" content=\"https:\/\/www.mercadokeys.com\/product\/ark-survival-evolved-steam-cd-key\/\" \/>\n<meta property=\"og:site_name\" content=\"MERCADOKEYS\" \/>\n<meta property=\"article:modified_time\" content=\"2022-06-28T13:07:06+00:00\" \/>\n<meta property=\"og:image\" content=\"https:\/\/www.mercadokeys.com\/wp-content\/uploads\/2021\/11\/24223.jpg\" \/>\n\t<meta property=\"og:image:width\" content=\"230\" \/>\n\t<meta property=\"og:image:height\" content=\"336\" \/>\n\t<meta property=\"og:image:type\" content=\"image\/jpeg\" \/>\n<meta name=\"twitter:card\" content=\"summary_large_image\" \/>\n<meta name=\"twitter:label1\" content=\"Estimated reading time\" \/>\n\t<meta name=\"twitter:data1\" content=\"3 minutes\" \/>\n<script type=\"application\/ld+json\" class=\"yoast-schema-graph\">{\"@context\":\"https:\/\/schema.org\",\"@graph\":[{\"@type\":\"WebPage\",\"@id\":\"https:\/\/www.mercadokeys.com\/product\/ark-survival-evolved-steam-cd-key\/\",\"url\":\"https:\/\/www.mercadokeys.com\/product\/ark-survival-evolved-steam-cd-key\/\",\"name\":\"ARK: Survival Evolved Steam CD Key - MERCADOKEYS\",\"isPartOf\":{\"@id\":\"https:\/\/www.mercadokeys.com\/eng\/#website\"},\"primaryImageOfPage\":{\"@id\":\"https:\/\/www.mercadokeys.com\/product\/ark-survival-evolved-steam-cd-key\/#primaryimage\"},\"image\":{\"@id\":\"https:\/\/www.mercadokeys.com\/product\/ark-survival-evolved-steam-cd-key\/#primaryimage\"},\"thumbnailUrl\":\"https:\/\/www.mercadokeys.com.mx\/wp-content\/uploads\/2021\/11\/24223.jpg\",\"datePublished\":\"2021-11-20T02:27:50+00:00\",\"dateModified\":\"2022-06-28T13:07:06+00:00\",\"breadcrumb\":{\"@id\":\"https:\/\/www.mercadokeys.com\/product\/ark-survival-evolved-steam-cd-key\/#breadcrumb\"},\"inLanguage\":\"en-GB\",\"potentialAction\":[{\"@type\":\"ReadAction\",\"target\":[\"https:\/\/www.mercadokeys.com\/product\/ark-survival-evolved-steam-cd-key\/\"]}]},{\"@type\":\"ImageObject\",\"inLanguage\":\"en-GB\",\"@id\":\"https:\/\/www.mercadokeys.com\/product\/ark-survival-evolved-steam-cd-key\/#primaryimage\",\"url\":\"https:\/\/www.mercadokeys.com.mx\/wp-content\/uploads\/2021\/11\/24223.jpg\",\"contentUrl\":\"https:\/\/www.mercadokeys.com.mx\/wp-content\/uploads\/2021\/11\/24223.jpg\",\"width\":230,\"height\":336},{\"@type\":\"BreadcrumbList\",\"@id\":\"https:\/\/www.mercadokeys.com\/product\/ark-survival-evolved-steam-cd-key\/#breadcrumb\",\"itemListElement\":[{\"@type\":\"ListItem\",\"position\":1,\"name\":\"Inicio\",\"item\":\"https:\/\/www.mercadokeys.com.mx\/\"},{\"@type\":\"ListItem\",\"position\":2,\"name\":\"Tienda\",\"item\":\"https:\/\/www.mercadokeys.com\/shop\/\"},{\"@type\":\"ListItem\",\"position\":3,\"name\":\"ARK: Survival Evolved Steam CD Key\"}]},{\"@type\":\"WebSite\",\"@id\":\"https:\/\/www.mercadokeys.com\/eng\/#website\",\"url\":\"https:\/\/www.mercadokeys.com\/eng\/\",\"name\":\"MERCADOKEYS\",\"description\":\"Tu Tienda de videojuegos digitales en Mexico!\",\"potentialAction\":[{\"@type\":\"SearchAction\",\"target\":{\"@type\":\"EntryPoint\",\"urlTemplate\":\"https:\/\/www.mercadokeys.com\/eng\/?s={search_term_string}\"},\"query-input\":{\"@type\":\"PropertyValueSpecification\",\"valueRequired\":true,\"valueName\":\"search_term_string\"}}],\"inLanguage\":\"en-GB\"}]}<\/script>\n<!-- \/ Yoast SEO plugin. -->","yoast_head_json":{"title":"ARK: Survival Evolved Steam CD Key - MERCADOKEYS","robots":{"index":"index","follow":"follow","max-snippet":"max-snippet:-1","max-image-preview":"max-image-preview:large","max-video-preview":"max-video-preview:-1"},"canonical":"https:\/\/www.mercadokeys.com\/product\/ark-survival-evolved-steam-cd-key\/","og_locale":"en_GB","og_type":"article","og_title":"ARK: Survival Evolved Steam CD Key - MERCADOKEYS","og_description":"ARK: Survival Evolved (PC) es un juego de supervivencia de mundo abierto que permite a los jugadores vagar libremente a trav\u00e9s de entornos bellamente renderizados donde deambulan los dinosaurios. Crea armas, domestica la vida silvestre, forma una tribu con jugadores de ideas afines y lucha por sobrevivir en la misteriosa tierra llamada ARK. . Docenas...","og_url":"https:\/\/www.mercadokeys.com\/product\/ark-survival-evolved-steam-cd-key\/","og_site_name":"MERCADOKEYS","article_modified_time":"2022-06-28T13:07:06+00:00","og_image":[{"width":230,"height":336,"url":"https:\/\/www.mercadokeys.com\/wp-content\/uploads\/2021\/11\/24223.jpg","type":"image\/jpeg"}],"twitter_card":"summary_large_image","twitter_misc":{"Estimated reading time":"3 minutes"},"schema":{"@context":"https:\/\/schema.org","@graph":[{"@type":"WebPage","@id":"https:\/\/www.mercadokeys.com\/product\/ark-survival-evolved-steam-cd-key\/","url":"https:\/\/www.mercadokeys.com\/product\/ark-survival-evolved-steam-cd-key\/","name":"ARK: Survival Evolved Steam CD Key - MERCADOKEYS","isPartOf":{"@id":"https:\/\/www.mercadokeys.com\/eng\/#website"},"primaryImageOfPage":{"@id":"https:\/\/www.mercadokeys.com\/product\/ark-survival-evolved-steam-cd-key\/#primaryimage"},"image":{"@id":"https:\/\/www.mercadokeys.com\/product\/ark-survival-evolved-steam-cd-key\/#primaryimage"},"thumbnailUrl":"https:\/\/www.mercadokeys.com.mx\/wp-content\/uploads\/2021\/11\/24223.jpg","datePublished":"2021-11-20T02:27:50+00:00","dateModified":"2022-06-28T13:07:06+00:00","breadcrumb":{"@id":"https:\/\/www.mercadokeys.com\/product\/ark-survival-evolved-steam-cd-key\/#breadcrumb"},"inLanguage":"en-GB","potentialAction":[{"@type":"ReadAction","target":["https:\/\/www.mercadokeys.com\/product\/ark-survival-evolved-steam-cd-key\/"]}]},{"@type":"ImageObject","inLanguage":"en-GB","@id":"https:\/\/www.mercadokeys.com\/product\/ark-survival-evolved-steam-cd-key\/#primaryimage","url":"https:\/\/www.mercadokeys.com.mx\/wp-content\/uploads\/2021\/11\/24223.jpg","contentUrl":"https:\/\/www.mercadokeys.com.mx\/wp-content\/uploads\/2021\/11\/24223.jpg","width":230,"height":336},{"@type":"BreadcrumbList","@id":"https:\/\/www.mercadokeys.com\/product\/ark-survival-evolved-steam-cd-key\/#breadcrumb","itemListElement":[{"@type":"ListItem","position":1,"name":"Inicio","item":"https:\/\/www.mercadokeys.com.mx\/"},{"@type":"ListItem","position":2,"name":"Tienda","item":"https:\/\/www.mercadokeys.com\/shop\/"},{"@type":"ListItem","position":3,"name":"ARK: Survival Evolved Steam CD Key"}]},{"@type":"WebSite","@id":"https:\/\/www.mercadokeys.com\/eng\/#website","url":"https:\/\/www.mercadokeys.com\/eng\/","name":"MERCADOKEYS","description":"Tu Tienda de videojuegos digitales en Mexico!","potentialAction":[{"@type":"SearchAction","target":{"@type":"EntryPoint","urlTemplate":"https:\/\/www.mercadokeys.com\/eng\/?s={search_term_string}"},"query-input":{"@type":"PropertyValueSpecification","valueRequired":true,"valueName":"search_term_string"}}],"inLanguage":"en-GB"}]}},"df_price":1478.89638,"df_sale_price":1478.89638,"df_regular_price":1478.89638,"df_image_link":"https:\/\/www.mercadokeys.com.mx\/wp-content\/uploads\/2021\/11\/24223-205x300.jpg","_links":{"self":[{"href":"https:\/\/www.mercadokeys.com.mx\/eng\/wp-json\/wp\/v2\/product\/118448","targetHints":{"allow":["GET"]}}],"collection":[{"href":"https:\/\/www.mercadokeys.com.mx\/eng\/wp-json\/wp\/v2\/product"}],"about":[{"href":"https:\/\/www.mercadokeys.com.mx\/eng\/wp-json\/wp\/v2\/types\/product"}],"wp:featuredmedia":[{"embeddable":true,"href":"https:\/\/www.mercadokeys.com.mx\/eng\/wp-json\/wp\/v2\/media\/118449"}],"wp:attachment":[{"href":"https:\/\/www.mercadokeys.com.mx\/eng\/wp-json\/wp\/v2\/media?parent=118448"}],"wp:term":[{"taxonomy":"product_brand","embeddable":true,"href":"https:\/\/www.mercadokeys.com.mx\/eng\/wp-json\/wp\/v2\/product_brand?post=118448"},{"taxonomy":"product_cat","embeddable":true,"href":"https:\/\/www.mercadokeys.com.mx\/eng\/wp-json\/wp\/v2\/product_cat?post=118448"},{"taxonomy":"product_tag","embeddable":true,"href":"https:\/\/www.mercadokeys.com.mx\/eng\/wp-json\/wp\/v2\/product_tag?post=118448"}],"curies":[{"name":"wp","href":"https:\/\/api.w.org\/{rel}","templated":true}]}}