{"id":118421,"date":"2021-11-18T19:38:58","date_gmt":"2021-11-19T03:38:58","guid":{"rendered":"https:\/\/www.mercadokeys.com\/producto\/dead-space-3-origin-key-global\/"},"modified":"2022-06-28T06:07:08","modified_gmt":"2022-06-28T13:07:08","slug":"dead-space-3-origin-cd-key","status":"publish","type":"product","link":"https:\/\/www.mercadokeys.com.mx\/eng\/product\/dead-space-3-origin-cd-key\/","title":{"rendered":"Dead Space 3 Origin CD Key"},"content":{"rendered":"<p><span style=\"vertical-align: inherit;\">A los jugadores les encantaba Dead Space debido a la atm\u00f3sfera y los niveles \u00e9picos en el espacio donde ten\u00edas que utilizar la falta de gravedad para tu ventaja. Dead Space 2 fue una gran secuela y ahora tienes la posibilidad de presenciar la tercera parte de la historia de Issack Clarke.<\/span><\/p>\n<h3><span style=\"vertical-align: inherit;\">Jugabilidad y trama<\/span><\/h3>\n<p><strong><span style=\"vertical-align: inherit;\">Dead Space 3<\/span><\/strong><span style=\"vertical-align: inherit;\"> desde el punto de vista mec\u00e1nico es similar tanto a <\/span><b><span style=\"vertical-align: inherit;\">Dead Space<\/span><\/b><span style=\"vertical-align: inherit;\"> como a <\/span><b><span style=\"vertical-align: inherit;\">Dead Space 2<\/span><\/b><span style=\"vertical-align: inherit;\"> . En otras palabras, es un survival horror de TPP en el que controlas a Issack Clarke de manera similar a t\u00edtulos como Resident Evil 6, etc.<\/span><\/p>\n<p><span style=\"vertical-align: inherit;\">Hay una gran variedad de armas que puedes utilizar, pero siempre debes recordar que estos monstruos no mueren por disparos en la cabeza. Necesitas destruir sus extremidades. Sin embargo, la parte m\u00e1s interesante es el hecho de que puedes crear armas a partir de varios elementos y fragmentos.\u00a0 <\/span><b><span style=\"vertical-align: inherit;\">Dead Space 3 tiene una gran variedad en el contexto de la creaci\u00f3n de tus propias versiones de armas<\/span><\/b><span style=\"vertical-align: inherit;\"> . Por ejemplo, puede crear un arma de Galvanizer, Cryogenic Torch y dos accesorios de statis.<\/span><\/p>\n<p><span style=\"vertical-align: inherit;\">Sin embargo, lo m\u00e1s importante y m\u00e1s importante desde el punto de vista del juego es el hecho de que esta vez puedes jugar con tus amigos en modo cooperativo. Esta vez Issack Clarke no buscar\u00e1 a Marker solo. Junto con el grupo de unas pocas personas, tendr\u00e1 mejores posibilidades de supervivencia.<\/span><\/p>\n<p><span style=\"vertical-align: inherit;\">El segundo jugador tomar\u00e1 el control del sargento John Carver. Carver tiene su propia agenda contra los necromorfos y la fan\u00e1tica iglesia de Unitolog\u00eda. Despu\u00e9s de todo, son responsables de la muerte de su esposa y su hijo. En la cooperativa vas a disfrutar de toda la campa\u00f1a con tus amigos. Adem\u00e1s, hay algunos niveles dise\u00f1ados solo para ser terminados en cooperativa y te brindan m\u00e1s detalles sobre la historia en s\u00ed misma (espec\u00edficamente desde el punto de Carver de vista).<\/span><\/p>\n<p><b><span style=\"vertical-align: inherit;\">La trama en s\u00ed es la continuaci\u00f3n de la historia que conoces de las dos entregas anteriores<\/span><\/b><span style=\"vertical-align: inherit;\"> . Hab\u00edan pasado tres a\u00f1os desde los eventos en la Estaci\u00f3n Tit\u00e1n. Todav\u00eda te est\u00e1s escondiendo del EarthGov cuando Ellie Langford (tu amante con quien te distancias durante los eventos entre el segundo y el tercer juego) contacta contigo para decirte que un grupo radical de Unit\u00f3logos , conocido como Inner Circle, est\u00e1 destruyendo Market Test Labs para propagar la infecci\u00f3n del necromorfo. Junto con ella y algunos de sus amigos, decidiste viajar a Tau Volanis. La principal fuente de necromorfos, Marcadores y lugar que tarde o temprano ser\u00e1 visitado por el C\u00edrculo Interior.<\/span><\/p>\n<h3><span style=\"vertical-align: inherit;\">Opiniones sobre Dead Space 3<\/span><\/h3>\n<p><span style=\"vertical-align: inherit;\">Antes de considerar la posible compra del juego, probablemente quieras saber qu\u00e9 piensa la gente al respecto. Por lo tanto, decidimos analizar algunas fuentes de datos para verificar si el juego se considera bueno. El puntaje promedio de las revisiones de Internet fue cercano a 8\/10. Que muy buen resultado. <\/span><b><span style=\"vertical-align: inherit;\">Dead Space 3<\/span><\/b><span style=\"vertical-align: inherit;\"> definitivamente vale la pena su precio. Uno de los mejores juegos de terror de supervivencia. Lucha por tu vida.<\/span><\/p>","protected":false},"excerpt":{"rendered":"<p>A los jugadores les encantaba Dead Space debido a la atm\u00f3sfera y los niveles \u00e9picos en el espacio donde ten\u00edas que utilizar la falta de gravedad para tu ventaja. Dead Space 2 fue una gran secuela y ahora tienes la posibilidad de presenciar la tercera parte de la historia de Issack Clarke. Jugabilidad y trama&#8230;<\/p>","protected":false},"featured_media":118422,"template":"","meta":{"_monsterinsights_skip_tracking":false,"_monsterinsights_sitenote_active":false,"_monsterinsights_sitenote_note":"","_monsterinsights_sitenote_category":0},"product_brand":[],"product_cat":[2981,1271,1420,1283,1280,1277,1392,1428],"product_tag":[3627,3624,3626,3625,3623],"class_list":{"0":"post-118421","1":"product","2":"type-product","3":"status-publish","4":"has-post-thumbnail","6":"product_cat-destacados","7":"product_cat-tienda-de-videojuegos-tijuana-mexico","8":"product_cat-tienda-de-videojuegos-populares-tijuana-mexico","9":"product_cat-tienda-de-videojuegos-plataformas-tijuana-mexico","10":"product_cat-tienda-de-videojuegos-pc-tijuana-mexico","11":"product_cat-tienda-de-videojuegos-origin-tijuana-mexico","12":"product_cat-tienda-de-videojuegos-accion-tijuana-mexico","13":"product_cat-tienda-de-videojuegos-cooperativos-tijuana-mexico","14":"product_tag-dead-space","15":"product_tag-dead-space-3","16":"product_tag-dead-space-3-cd-key","17":"product_tag-dead-space-3-origin","18":"product_tag-dead-space-3-origin-cd-key","20":"first","21":"instock","22":"shipping-taxable","23":"purchasable","24":"product-type-simple"},"yoast_head":"<!-- This site is optimized with the Yoast SEO plugin v27.0 - https:\/\/yoast.com\/product\/yoast-seo-wordpress\/ -->\n<title>Dead Space 3 Origin CD Key - MERCADOKEYS<\/title>\n<meta name=\"robots\" content=\"index, follow, max-snippet:-1, max-image-preview:large, max-video-preview:-1\" \/>\n<link rel=\"canonical\" href=\"https:\/\/www.mercadokeys.com\/eng\/product\/dead-space-3-origin-cd-key\/\" \/>\n<meta property=\"og:locale\" content=\"en_GB\" \/>\n<meta property=\"og:type\" content=\"article\" \/>\n<meta property=\"og:title\" content=\"Dead Space 3 Origin CD Key - MERCADOKEYS\" \/>\n<meta property=\"og:description\" content=\"A los jugadores les encantaba Dead Space debido a la atm\u00f3sfera y los niveles \u00e9picos en el espacio donde ten\u00edas que utilizar la falta de gravedad para tu ventaja. Dead Space 2 fue una gran secuela y ahora tienes la posibilidad de presenciar la tercera parte de la historia de Issack Clarke. Jugabilidad y trama...\" \/>\n<meta property=\"og:url\" content=\"https:\/\/www.mercadokeys.com\/eng\/product\/dead-space-3-origin-cd-key\/\" \/>\n<meta property=\"og:site_name\" content=\"MERCADOKEYS\" \/>\n<meta property=\"article:modified_time\" content=\"2022-06-28T13:07:08+00:00\" \/>\n<meta property=\"og:image\" content=\"https:\/\/www.mercadokeys.com\/wp-content\/uploads\/2021\/11\/40657.jpg\" \/>\n\t<meta property=\"og:image:width\" content=\"230\" \/>\n\t<meta property=\"og:image:height\" content=\"336\" \/>\n\t<meta property=\"og:image:type\" content=\"image\/jpeg\" \/>\n<meta name=\"twitter:card\" content=\"summary_large_image\" \/>\n<meta name=\"twitter:label1\" content=\"Estimated reading time\" \/>\n\t<meta name=\"twitter:data1\" content=\"3 minutes\" \/>\n<script type=\"application\/ld+json\" class=\"yoast-schema-graph\">{\"@context\":\"https:\/\/schema.org\",\"@graph\":[{\"@type\":\"WebPage\",\"@id\":\"https:\/\/www.mercadokeys.com\/eng\/product\/dead-space-3-origin-cd-key\/\",\"url\":\"https:\/\/www.mercadokeys.com\/eng\/product\/dead-space-3-origin-cd-key\/\",\"name\":\"Dead Space 3 Origin CD Key - MERCADOKEYS\",\"isPartOf\":{\"@id\":\"https:\/\/www.mercadokeys.com\/eng\/#website\"},\"primaryImageOfPage\":{\"@id\":\"https:\/\/www.mercadokeys.com\/eng\/product\/dead-space-3-origin-cd-key\/#primaryimage\"},\"image\":{\"@id\":\"https:\/\/www.mercadokeys.com\/eng\/product\/dead-space-3-origin-cd-key\/#primaryimage\"},\"thumbnailUrl\":\"https:\/\/www.mercadokeys.com.mx\/wp-content\/uploads\/2021\/11\/40657.jpg\",\"datePublished\":\"2021-11-19T03:38:58+00:00\",\"dateModified\":\"2022-06-28T13:07:08+00:00\",\"breadcrumb\":{\"@id\":\"https:\/\/www.mercadokeys.com\/eng\/product\/dead-space-3-origin-cd-key\/#breadcrumb\"},\"inLanguage\":\"en-GB\",\"potentialAction\":[{\"@type\":\"ReadAction\",\"target\":[\"https:\/\/www.mercadokeys.com\/eng\/product\/dead-space-3-origin-cd-key\/\"]}]},{\"@type\":\"ImageObject\",\"inLanguage\":\"en-GB\",\"@id\":\"https:\/\/www.mercadokeys.com\/eng\/product\/dead-space-3-origin-cd-key\/#primaryimage\",\"url\":\"https:\/\/www.mercadokeys.com.mx\/wp-content\/uploads\/2021\/11\/40657.jpg\",\"contentUrl\":\"https:\/\/www.mercadokeys.com.mx\/wp-content\/uploads\/2021\/11\/40657.jpg\",\"width\":230,\"height\":336},{\"@type\":\"BreadcrumbList\",\"@id\":\"https:\/\/www.mercadokeys.com\/eng\/product\/dead-space-3-origin-cd-key\/#breadcrumb\",\"itemListElement\":[{\"@type\":\"ListItem\",\"position\":1,\"name\":\"Inicio\",\"item\":\"https:\/\/www.mercadokeys.com.mx\/\"},{\"@type\":\"ListItem\",\"position\":2,\"name\":\"Tienda\",\"item\":\"https:\/\/www.mercadokeys.com\/shop\/\"},{\"@type\":\"ListItem\",\"position\":3,\"name\":\"Dead Space 3 Origin CD Key\"}]},{\"@type\":\"WebSite\",\"@id\":\"https:\/\/www.mercadokeys.com\/eng\/#website\",\"url\":\"https:\/\/www.mercadokeys.com\/eng\/\",\"name\":\"MERCADOKEYS\",\"description\":\"Tu Tienda de videojuegos digitales en Mexico!\",\"potentialAction\":[{\"@type\":\"SearchAction\",\"target\":{\"@type\":\"EntryPoint\",\"urlTemplate\":\"https:\/\/www.mercadokeys.com\/eng\/?s={search_term_string}\"},\"query-input\":{\"@type\":\"PropertyValueSpecification\",\"valueRequired\":true,\"valueName\":\"search_term_string\"}}],\"inLanguage\":\"en-GB\"}]}<\/script>\n<!-- \/ Yoast SEO plugin. -->","yoast_head_json":{"title":"Dead Space 3 Origin CD Key - MERCADOKEYS","robots":{"index":"index","follow":"follow","max-snippet":"max-snippet:-1","max-image-preview":"max-image-preview:large","max-video-preview":"max-video-preview:-1"},"canonical":"https:\/\/www.mercadokeys.com\/eng\/product\/dead-space-3-origin-cd-key\/","og_locale":"en_GB","og_type":"article","og_title":"Dead Space 3 Origin CD Key - MERCADOKEYS","og_description":"A los jugadores les encantaba Dead Space debido a la atm\u00f3sfera y los niveles \u00e9picos en el espacio donde ten\u00edas que utilizar la falta de gravedad para tu ventaja. Dead Space 2 fue una gran secuela y ahora tienes la posibilidad de presenciar la tercera parte de la historia de Issack Clarke. Jugabilidad y trama...","og_url":"https:\/\/www.mercadokeys.com\/eng\/product\/dead-space-3-origin-cd-key\/","og_site_name":"MERCADOKEYS","article_modified_time":"2022-06-28T13:07:08+00:00","og_image":[{"width":230,"height":336,"url":"https:\/\/www.mercadokeys.com\/wp-content\/uploads\/2021\/11\/40657.jpg","type":"image\/jpeg"}],"twitter_card":"summary_large_image","twitter_misc":{"Estimated reading time":"3 minutes"},"schema":{"@context":"https:\/\/schema.org","@graph":[{"@type":"WebPage","@id":"https:\/\/www.mercadokeys.com\/eng\/product\/dead-space-3-origin-cd-key\/","url":"https:\/\/www.mercadokeys.com\/eng\/product\/dead-space-3-origin-cd-key\/","name":"Dead Space 3 Origin CD Key - MERCADOKEYS","isPartOf":{"@id":"https:\/\/www.mercadokeys.com\/eng\/#website"},"primaryImageOfPage":{"@id":"https:\/\/www.mercadokeys.com\/eng\/product\/dead-space-3-origin-cd-key\/#primaryimage"},"image":{"@id":"https:\/\/www.mercadokeys.com\/eng\/product\/dead-space-3-origin-cd-key\/#primaryimage"},"thumbnailUrl":"https:\/\/www.mercadokeys.com.mx\/wp-content\/uploads\/2021\/11\/40657.jpg","datePublished":"2021-11-19T03:38:58+00:00","dateModified":"2022-06-28T13:07:08+00:00","breadcrumb":{"@id":"https:\/\/www.mercadokeys.com\/eng\/product\/dead-space-3-origin-cd-key\/#breadcrumb"},"inLanguage":"en-GB","potentialAction":[{"@type":"ReadAction","target":["https:\/\/www.mercadokeys.com\/eng\/product\/dead-space-3-origin-cd-key\/"]}]},{"@type":"ImageObject","inLanguage":"en-GB","@id":"https:\/\/www.mercadokeys.com\/eng\/product\/dead-space-3-origin-cd-key\/#primaryimage","url":"https:\/\/www.mercadokeys.com.mx\/wp-content\/uploads\/2021\/11\/40657.jpg","contentUrl":"https:\/\/www.mercadokeys.com.mx\/wp-content\/uploads\/2021\/11\/40657.jpg","width":230,"height":336},{"@type":"BreadcrumbList","@id":"https:\/\/www.mercadokeys.com\/eng\/product\/dead-space-3-origin-cd-key\/#breadcrumb","itemListElement":[{"@type":"ListItem","position":1,"name":"Inicio","item":"https:\/\/www.mercadokeys.com.mx\/"},{"@type":"ListItem","position":2,"name":"Tienda","item":"https:\/\/www.mercadokeys.com\/shop\/"},{"@type":"ListItem","position":3,"name":"Dead Space 3 Origin CD Key"}]},{"@type":"WebSite","@id":"https:\/\/www.mercadokeys.com\/eng\/#website","url":"https:\/\/www.mercadokeys.com\/eng\/","name":"MERCADOKEYS","description":"Tu Tienda de videojuegos digitales en Mexico!","potentialAction":[{"@type":"SearchAction","target":{"@type":"EntryPoint","urlTemplate":"https:\/\/www.mercadokeys.com\/eng\/?s={search_term_string}"},"query-input":{"@type":"PropertyValueSpecification","valueRequired":true,"valueName":"search_term_string"}}],"inLanguage":"en-GB"}]}},"df_price":226.100504,"df_sale_price":226.100504,"df_regular_price":226.100504,"df_image_link":"https:\/\/www.mercadokeys.com.mx\/wp-content\/uploads\/2021\/11\/40657-205x300.jpg","_links":{"self":[{"href":"https:\/\/www.mercadokeys.com.mx\/eng\/wp-json\/wp\/v2\/product\/118421","targetHints":{"allow":["GET"]}}],"collection":[{"href":"https:\/\/www.mercadokeys.com.mx\/eng\/wp-json\/wp\/v2\/product"}],"about":[{"href":"https:\/\/www.mercadokeys.com.mx\/eng\/wp-json\/wp\/v2\/types\/product"}],"wp:featuredmedia":[{"embeddable":true,"href":"https:\/\/www.mercadokeys.com.mx\/eng\/wp-json\/wp\/v2\/media\/118422"}],"wp:attachment":[{"href":"https:\/\/www.mercadokeys.com.mx\/eng\/wp-json\/wp\/v2\/media?parent=118421"}],"wp:term":[{"taxonomy":"product_brand","embeddable":true,"href":"https:\/\/www.mercadokeys.com.mx\/eng\/wp-json\/wp\/v2\/product_brand?post=118421"},{"taxonomy":"product_cat","embeddable":true,"href":"https:\/\/www.mercadokeys.com.mx\/eng\/wp-json\/wp\/v2\/product_cat?post=118421"},{"taxonomy":"product_tag","embeddable":true,"href":"https:\/\/www.mercadokeys.com.mx\/eng\/wp-json\/wp\/v2\/product_tag?post=118421"}],"curies":[{"name":"wp","href":"https:\/\/api.w.org\/{rel}","templated":true}]}}