{"id":118028,"date":"2021-11-14T13:43:01","date_gmt":"2021-11-14T21:43:01","guid":{"rendered":"https:\/\/www.mercadokeys.com\/producto\/my-friend-peppa-pig-pc-steam-key-global\/"},"modified":"2022-06-28T06:07:25","modified_gmt":"2022-06-28T13:07:25","slug":"my-friend-peppa-pig-steam-cd-key","status":"publish","type":"product","link":"https:\/\/www.mercadokeys.com.mx\/eng\/product\/my-friend-peppa-pig-steam-cd-key\/","title":{"rendered":"My Friend Peppa Pig Steam CD Key"},"content":{"rendered":"<p>Crea y viste a tu personaje animal, toca el timbre de Peppa y comienza una historia \u00fanica para ti. Peppa te propondr\u00e1 divertidas actividades all\u00e1 adonde vayas: ayuda a Pap\u00e1 Cerdito a encontrar sus gafas, sigue las huellas de los animales en el bosque, chapotea en los charcos de lodo \u00a1y mucho m\u00e1s! Es como estar en un episodio de la serie de televisi\u00f3n, donde todos tus personajes favoritos est\u00e1n deseando conocerte. Desde la playa hasta el museo e incluso Ciudad Patata, cada momento de juego es una nueva experiencia con tu amiga Peppa Cerdita.<\/p>","protected":false},"excerpt":{"rendered":"<p>Crea y viste a tu personaje animal, toca el timbre de Peppa y comienza una historia \u00fanica para ti. Peppa te propondr\u00e1 divertidas actividades all\u00e1 adonde vayas: ayuda a Pap\u00e1 Cerdito a encontrar sus gafas, sigue las huellas de los animales en el bosque, chapotea en los charcos de lodo \u00a1y mucho m\u00e1s! Es como&#8230;<\/p>","protected":false},"featured_media":118299,"template":"","meta":{"_monsterinsights_skip_tracking":false,"_monsterinsights_sitenote_active":false,"_monsterinsights_sitenote_note":"","_monsterinsights_sitenote_category":0},"product_brand":[],"product_cat":[2981,1271,1283,1280,1273,1394,1427],"product_tag":[3415,3414,3416],"class_list":{"0":"post-118028","1":"product","2":"type-product","3":"status-publish","4":"has-post-thumbnail","6":"product_cat-destacados","7":"product_cat-tienda-de-videojuegos-tijuana-mexico","8":"product_cat-tienda-de-videojuegos-plataformas-tijuana-mexico","9":"product_cat-tienda-de-videojuegos-pc-tijuana-mexico","10":"product_cat-tienda-de-videojuegos-steam-key-tijuana-mexico","11":"product_cat-tienda-de-videojuegos-aventura-tijuana-mexico","12":"product_cat-tienda-de-videojuegos-juegos-para-mando-tijuana-mexico","13":"product_tag-my-friend-peppa-pig","14":"product_tag-my-friend-peppa-pig-steam-cd-key","15":"product_tag-my-friend-peppa-pigcd-key","17":"first","18":"instock","19":"shipping-taxable","20":"purchasable","21":"product-type-simple"},"yoast_head":"<!-- This site is optimized with the Yoast SEO plugin v27.0 - https:\/\/yoast.com\/product\/yoast-seo-wordpress\/ -->\n<title>My Friend Peppa Pig Steam CD Key - MERCADOKEYS<\/title>\n<meta name=\"robots\" content=\"index, follow, max-snippet:-1, max-image-preview:large, max-video-preview:-1\" \/>\n<link rel=\"canonical\" href=\"https:\/\/www.mercadokeys.com\/product\/my-friend-peppa-pig-steam-cd-key\/\" \/>\n<meta property=\"og:locale\" content=\"en_GB\" \/>\n<meta property=\"og:type\" content=\"article\" \/>\n<meta property=\"og:title\" content=\"My Friend Peppa Pig Steam CD Key - MERCADOKEYS\" \/>\n<meta property=\"og:description\" content=\"Crea y viste a tu personaje animal, toca el timbre de Peppa y comienza una historia \u00fanica para ti. Peppa te propondr\u00e1 divertidas actividades all\u00e1 adonde vayas: ayuda a Pap\u00e1 Cerdito a encontrar sus gafas, sigue las huellas de los animales en el bosque, chapotea en los charcos de lodo \u00a1y mucho m\u00e1s! Es como...\" \/>\n<meta property=\"og:url\" content=\"https:\/\/www.mercadokeys.com\/product\/my-friend-peppa-pig-steam-cd-key\/\" \/>\n<meta property=\"og:site_name\" content=\"MERCADOKEYS\" \/>\n<meta property=\"article:modified_time\" content=\"2022-06-28T13:07:25+00:00\" \/>\n<meta property=\"og:image\" content=\"https:\/\/www.mercadokeys.com\/wp-content\/uploads\/2021\/11\/My-Friend-Peppa-Pig-Steam-CD-Key.jpg\" \/>\n\t<meta property=\"og:image:width\" content=\"487\" \/>\n\t<meta property=\"og:image:height\" content=\"676\" \/>\n\t<meta property=\"og:image:type\" content=\"image\/jpeg\" \/>\n<meta name=\"twitter:card\" content=\"summary_large_image\" \/>\n<meta name=\"twitter:label1\" content=\"Estimated reading time\" \/>\n\t<meta name=\"twitter:data1\" content=\"1 minute\" \/>\n<script type=\"application\/ld+json\" class=\"yoast-schema-graph\">{\"@context\":\"https:\/\/schema.org\",\"@graph\":[{\"@type\":\"WebPage\",\"@id\":\"https:\/\/www.mercadokeys.com\/product\/my-friend-peppa-pig-steam-cd-key\/\",\"url\":\"https:\/\/www.mercadokeys.com\/product\/my-friend-peppa-pig-steam-cd-key\/\",\"name\":\"My Friend Peppa Pig Steam CD Key - MERCADOKEYS\",\"isPartOf\":{\"@id\":\"https:\/\/www.mercadokeys.com\/eng\/#website\"},\"primaryImageOfPage\":{\"@id\":\"https:\/\/www.mercadokeys.com\/product\/my-friend-peppa-pig-steam-cd-key\/#primaryimage\"},\"image\":{\"@id\":\"https:\/\/www.mercadokeys.com\/product\/my-friend-peppa-pig-steam-cd-key\/#primaryimage\"},\"thumbnailUrl\":\"https:\/\/www.mercadokeys.com.mx\/wp-content\/uploads\/2021\/11\/My-Friend-Peppa-Pig-Steam-CD-Key.jpg\",\"datePublished\":\"2021-11-14T21:43:01+00:00\",\"dateModified\":\"2022-06-28T13:07:25+00:00\",\"breadcrumb\":{\"@id\":\"https:\/\/www.mercadokeys.com\/product\/my-friend-peppa-pig-steam-cd-key\/#breadcrumb\"},\"inLanguage\":\"en-GB\",\"potentialAction\":[{\"@type\":\"ReadAction\",\"target\":[\"https:\/\/www.mercadokeys.com\/product\/my-friend-peppa-pig-steam-cd-key\/\"]}]},{\"@type\":\"ImageObject\",\"inLanguage\":\"en-GB\",\"@id\":\"https:\/\/www.mercadokeys.com\/product\/my-friend-peppa-pig-steam-cd-key\/#primaryimage\",\"url\":\"https:\/\/www.mercadokeys.com.mx\/wp-content\/uploads\/2021\/11\/My-Friend-Peppa-Pig-Steam-CD-Key.jpg\",\"contentUrl\":\"https:\/\/www.mercadokeys.com.mx\/wp-content\/uploads\/2021\/11\/My-Friend-Peppa-Pig-Steam-CD-Key.jpg\",\"width\":487,\"height\":676,\"caption\":\"My Friend Peppa Pig Steam CD Key\"},{\"@type\":\"BreadcrumbList\",\"@id\":\"https:\/\/www.mercadokeys.com\/product\/my-friend-peppa-pig-steam-cd-key\/#breadcrumb\",\"itemListElement\":[{\"@type\":\"ListItem\",\"position\":1,\"name\":\"Inicio\",\"item\":\"https:\/\/www.mercadokeys.com.mx\/\"},{\"@type\":\"ListItem\",\"position\":2,\"name\":\"Tienda\",\"item\":\"https:\/\/www.mercadokeys.com\/shop\/\"},{\"@type\":\"ListItem\",\"position\":3,\"name\":\"My Friend Peppa Pig Steam CD Key\"}]},{\"@type\":\"WebSite\",\"@id\":\"https:\/\/www.mercadokeys.com\/eng\/#website\",\"url\":\"https:\/\/www.mercadokeys.com\/eng\/\",\"name\":\"MERCADOKEYS\",\"description\":\"Tu Tienda de videojuegos digitales en Mexico!\",\"potentialAction\":[{\"@type\":\"SearchAction\",\"target\":{\"@type\":\"EntryPoint\",\"urlTemplate\":\"https:\/\/www.mercadokeys.com\/eng\/?s={search_term_string}\"},\"query-input\":{\"@type\":\"PropertyValueSpecification\",\"valueRequired\":true,\"valueName\":\"search_term_string\"}}],\"inLanguage\":\"en-GB\"}]}<\/script>\n<!-- \/ Yoast SEO plugin. -->","yoast_head_json":{"title":"My Friend Peppa Pig Steam CD Key - MERCADOKEYS","robots":{"index":"index","follow":"follow","max-snippet":"max-snippet:-1","max-image-preview":"max-image-preview:large","max-video-preview":"max-video-preview:-1"},"canonical":"https:\/\/www.mercadokeys.com\/product\/my-friend-peppa-pig-steam-cd-key\/","og_locale":"en_GB","og_type":"article","og_title":"My Friend Peppa Pig Steam CD Key - MERCADOKEYS","og_description":"Crea y viste a tu personaje animal, toca el timbre de Peppa y comienza una historia \u00fanica para ti. Peppa te propondr\u00e1 divertidas actividades all\u00e1 adonde vayas: ayuda a Pap\u00e1 Cerdito a encontrar sus gafas, sigue las huellas de los animales en el bosque, chapotea en los charcos de lodo \u00a1y mucho m\u00e1s! Es como...","og_url":"https:\/\/www.mercadokeys.com\/product\/my-friend-peppa-pig-steam-cd-key\/","og_site_name":"MERCADOKEYS","article_modified_time":"2022-06-28T13:07:25+00:00","og_image":[{"width":487,"height":676,"url":"https:\/\/www.mercadokeys.com\/wp-content\/uploads\/2021\/11\/My-Friend-Peppa-Pig-Steam-CD-Key.jpg","type":"image\/jpeg"}],"twitter_card":"summary_large_image","twitter_misc":{"Estimated reading time":"1 minute"},"schema":{"@context":"https:\/\/schema.org","@graph":[{"@type":"WebPage","@id":"https:\/\/www.mercadokeys.com\/product\/my-friend-peppa-pig-steam-cd-key\/","url":"https:\/\/www.mercadokeys.com\/product\/my-friend-peppa-pig-steam-cd-key\/","name":"My Friend Peppa Pig Steam CD Key - MERCADOKEYS","isPartOf":{"@id":"https:\/\/www.mercadokeys.com\/eng\/#website"},"primaryImageOfPage":{"@id":"https:\/\/www.mercadokeys.com\/product\/my-friend-peppa-pig-steam-cd-key\/#primaryimage"},"image":{"@id":"https:\/\/www.mercadokeys.com\/product\/my-friend-peppa-pig-steam-cd-key\/#primaryimage"},"thumbnailUrl":"https:\/\/www.mercadokeys.com.mx\/wp-content\/uploads\/2021\/11\/My-Friend-Peppa-Pig-Steam-CD-Key.jpg","datePublished":"2021-11-14T21:43:01+00:00","dateModified":"2022-06-28T13:07:25+00:00","breadcrumb":{"@id":"https:\/\/www.mercadokeys.com\/product\/my-friend-peppa-pig-steam-cd-key\/#breadcrumb"},"inLanguage":"en-GB","potentialAction":[{"@type":"ReadAction","target":["https:\/\/www.mercadokeys.com\/product\/my-friend-peppa-pig-steam-cd-key\/"]}]},{"@type":"ImageObject","inLanguage":"en-GB","@id":"https:\/\/www.mercadokeys.com\/product\/my-friend-peppa-pig-steam-cd-key\/#primaryimage","url":"https:\/\/www.mercadokeys.com.mx\/wp-content\/uploads\/2021\/11\/My-Friend-Peppa-Pig-Steam-CD-Key.jpg","contentUrl":"https:\/\/www.mercadokeys.com.mx\/wp-content\/uploads\/2021\/11\/My-Friend-Peppa-Pig-Steam-CD-Key.jpg","width":487,"height":676,"caption":"My Friend Peppa Pig Steam CD Key"},{"@type":"BreadcrumbList","@id":"https:\/\/www.mercadokeys.com\/product\/my-friend-peppa-pig-steam-cd-key\/#breadcrumb","itemListElement":[{"@type":"ListItem","position":1,"name":"Inicio","item":"https:\/\/www.mercadokeys.com.mx\/"},{"@type":"ListItem","position":2,"name":"Tienda","item":"https:\/\/www.mercadokeys.com\/shop\/"},{"@type":"ListItem","position":3,"name":"My Friend Peppa Pig Steam CD Key"}]},{"@type":"WebSite","@id":"https:\/\/www.mercadokeys.com\/eng\/#website","url":"https:\/\/www.mercadokeys.com\/eng\/","name":"MERCADOKEYS","description":"Tu Tienda de videojuegos digitales en Mexico!","potentialAction":[{"@type":"SearchAction","target":{"@type":"EntryPoint","urlTemplate":"https:\/\/www.mercadokeys.com\/eng\/?s={search_term_string}"},"query-input":{"@type":"PropertyValueSpecification","valueRequired":true,"valueName":"search_term_string"}}],"inLanguage":"en-GB"}]}},"df_price":699.916152,"df_sale_price":699.916152,"df_regular_price":699.916152,"df_image_link":"https:\/\/www.mercadokeys.com.mx\/wp-content\/uploads\/2021\/11\/My-Friend-Peppa-Pig-Steam-CD-Key-216x300.jpg","_links":{"self":[{"href":"https:\/\/www.mercadokeys.com.mx\/eng\/wp-json\/wp\/v2\/product\/118028","targetHints":{"allow":["GET"]}}],"collection":[{"href":"https:\/\/www.mercadokeys.com.mx\/eng\/wp-json\/wp\/v2\/product"}],"about":[{"href":"https:\/\/www.mercadokeys.com.mx\/eng\/wp-json\/wp\/v2\/types\/product"}],"wp:featuredmedia":[{"embeddable":true,"href":"https:\/\/www.mercadokeys.com.mx\/eng\/wp-json\/wp\/v2\/media\/118299"}],"wp:attachment":[{"href":"https:\/\/www.mercadokeys.com.mx\/eng\/wp-json\/wp\/v2\/media?parent=118028"}],"wp:term":[{"taxonomy":"product_brand","embeddable":true,"href":"https:\/\/www.mercadokeys.com.mx\/eng\/wp-json\/wp\/v2\/product_brand?post=118028"},{"taxonomy":"product_cat","embeddable":true,"href":"https:\/\/www.mercadokeys.com.mx\/eng\/wp-json\/wp\/v2\/product_cat?post=118028"},{"taxonomy":"product_tag","embeddable":true,"href":"https:\/\/www.mercadokeys.com.mx\/eng\/wp-json\/wp\/v2\/product_tag?post=118028"}],"curies":[{"name":"wp","href":"https:\/\/api.w.org\/{rel}","templated":true}]}}