{"id":117961,"date":"2021-11-14T13:21:44","date_gmt":"2021-11-14T21:21:44","guid":{"rendered":"https:\/\/www.mercadokeys.com\/producto\/monster-hunter-stories-2-wings-of-ruin-steam-cd-key-2\/"},"modified":"2022-06-26T06:06:08","modified_gmt":"2022-06-26T13:06:08","slug":"monster-hunter-stories-2-wings-of-ruin-steam-cd-key-2","status":"publish","type":"product","link":"https:\/\/www.mercadokeys.com.mx\/eng\/product\/monster-hunter-stories-2-wings-of-ruin-steam-cd-key-2\/","title":{"rendered":"Monster Hunter Stories 2: Wings of Ruin Steam CD Key"},"content":{"rendered":"<p>Monster Hunter Stories 2: Wings of Ruin ofrece a los fan\u00e1ticos de los juegos de rol y Monster Hunter una nueva experiencia \u00fanica con una historia rica con personajes encantadores, misiones desafiantes y encuentros amistosos con monstruos familiares de la serie Monster Hunter. Asumiendo el papel de un joven Monster Rider que puede usar una piedra de parentesco para formar fuertes lazos con los monstruos, los jugadores pueden ganar experiencia y mejorar sus habilidades para formar conexiones m\u00e1s profundas con estas maravillosas criaturas. Cuando est\u00e9n listos, los jugadores pueden embarcarse en aventuras memorables llenas de eventos dram\u00e1ticos y amistades conmovedoras a medida que se desarrolla la historia \u00e9pica.<\/p>","protected":false},"excerpt":{"rendered":"<p>Monster Hunter Stories 2: Wings of Ruin ofrece a los fan\u00e1ticos de los juegos de rol y Monster Hunter una nueva experiencia \u00fanica con una historia rica con personajes encantadores, misiones desafiantes y encuentros amistosos con monstruos familiares de la serie Monster Hunter. Asumiendo el papel de un joven Monster Rider que puede usar una&#8230;<\/p>","protected":false},"featured_media":118329,"template":"","meta":{"_monsterinsights_skip_tracking":false,"_monsterinsights_sitenote_active":false,"_monsterinsights_sitenote_note":"","_monsterinsights_sitenote_category":0},"product_brand":[],"product_cat":[2981,1271,1283,1280,1273,1394,1298],"product_tag":[3455,3456],"class_list":{"0":"post-117961","1":"product","2":"type-product","3":"status-publish","4":"has-post-thumbnail","6":"product_cat-destacados","7":"product_cat-tienda-de-videojuegos-tijuana-mexico","8":"product_cat-tienda-de-videojuegos-plataformas-tijuana-mexico","9":"product_cat-tienda-de-videojuegos-pc-tijuana-mexico","10":"product_cat-tienda-de-videojuegos-steam-key-tijuana-mexico","11":"product_cat-tienda-de-videojuegos-aventura-tijuana-mexico","12":"product_cat-tienda-de-videojuegos-rol-tijuana-mexico","13":"product_tag-monster-hunter-stories-2-wings-of-ruin","14":"product_tag-monster-hunter-stories-2-wings-of-ruin-cd-keys","16":"first","17":"instock","18":"shipping-taxable","19":"purchasable","20":"product-type-simple"},"yoast_head":"<!-- This site is optimized with the Yoast SEO plugin v27.0 - https:\/\/yoast.com\/product\/yoast-seo-wordpress\/ -->\n<title>Monster Hunter Stories 2: Wings of Ruin Steam CD Key - MERCADOKEYS<\/title>\n<meta name=\"robots\" content=\"index, follow, max-snippet:-1, max-image-preview:large, max-video-preview:-1\" \/>\n<link rel=\"canonical\" href=\"https:\/\/www.mercadokeys.com\/product\/monster-hunter-stories-2-wings-of-ruin-steam-cd-key-2\/\" \/>\n<meta property=\"og:locale\" content=\"en_GB\" \/>\n<meta property=\"og:type\" content=\"article\" \/>\n<meta property=\"og:title\" content=\"Monster Hunter Stories 2: Wings of Ruin Steam CD Key - MERCADOKEYS\" \/>\n<meta property=\"og:description\" content=\"Monster Hunter Stories 2: Wings of Ruin ofrece a los fan\u00e1ticos de los juegos de rol y Monster Hunter una nueva experiencia \u00fanica con una historia rica con personajes encantadores, misiones desafiantes y encuentros amistosos con monstruos familiares de la serie Monster Hunter. Asumiendo el papel de un joven Monster Rider que puede usar una...\" \/>\n<meta property=\"og:url\" content=\"https:\/\/www.mercadokeys.com\/product\/monster-hunter-stories-2-wings-of-ruin-steam-cd-key-2\/\" \/>\n<meta property=\"og:site_name\" content=\"MERCADOKEYS\" \/>\n<meta property=\"article:modified_time\" content=\"2022-06-26T13:06:08+00:00\" \/>\n<meta property=\"og:image\" content=\"https:\/\/www.mercadokeys.com\/wp-content\/uploads\/2021\/11\/Monster-Hunter-Stories-2-Wings-of-Ruin-Steam-CD-Key-1.jpg\" \/>\n\t<meta property=\"og:image:width\" content=\"487\" \/>\n\t<meta property=\"og:image:height\" content=\"676\" \/>\n\t<meta property=\"og:image:type\" content=\"image\/jpeg\" \/>\n<meta name=\"twitter:card\" content=\"summary_large_image\" \/>\n<meta name=\"twitter:label1\" content=\"Estimated reading time\" \/>\n\t<meta name=\"twitter:data1\" content=\"1 minute\" \/>\n<script type=\"application\/ld+json\" class=\"yoast-schema-graph\">{\"@context\":\"https:\/\/schema.org\",\"@graph\":[{\"@type\":\"WebPage\",\"@id\":\"https:\/\/www.mercadokeys.com\/product\/monster-hunter-stories-2-wings-of-ruin-steam-cd-key-2\/\",\"url\":\"https:\/\/www.mercadokeys.com\/product\/monster-hunter-stories-2-wings-of-ruin-steam-cd-key-2\/\",\"name\":\"Monster Hunter Stories 2: Wings of Ruin Steam CD Key - MERCADOKEYS\",\"isPartOf\":{\"@id\":\"https:\/\/www.mercadokeys.com\/eng\/#website\"},\"primaryImageOfPage\":{\"@id\":\"https:\/\/www.mercadokeys.com\/product\/monster-hunter-stories-2-wings-of-ruin-steam-cd-key-2\/#primaryimage\"},\"image\":{\"@id\":\"https:\/\/www.mercadokeys.com\/product\/monster-hunter-stories-2-wings-of-ruin-steam-cd-key-2\/#primaryimage\"},\"thumbnailUrl\":\"https:\/\/www.mercadokeys.com.mx\/wp-content\/uploads\/2021\/11\/Monster-Hunter-Stories-2-Wings-of-Ruin-Steam-CD-Key-1.jpg\",\"datePublished\":\"2021-11-14T21:21:44+00:00\",\"dateModified\":\"2022-06-26T13:06:08+00:00\",\"breadcrumb\":{\"@id\":\"https:\/\/www.mercadokeys.com\/product\/monster-hunter-stories-2-wings-of-ruin-steam-cd-key-2\/#breadcrumb\"},\"inLanguage\":\"en-GB\",\"potentialAction\":[{\"@type\":\"ReadAction\",\"target\":[\"https:\/\/www.mercadokeys.com\/product\/monster-hunter-stories-2-wings-of-ruin-steam-cd-key-2\/\"]}]},{\"@type\":\"ImageObject\",\"inLanguage\":\"en-GB\",\"@id\":\"https:\/\/www.mercadokeys.com\/product\/monster-hunter-stories-2-wings-of-ruin-steam-cd-key-2\/#primaryimage\",\"url\":\"https:\/\/www.mercadokeys.com.mx\/wp-content\/uploads\/2021\/11\/Monster-Hunter-Stories-2-Wings-of-Ruin-Steam-CD-Key-1.jpg\",\"contentUrl\":\"https:\/\/www.mercadokeys.com.mx\/wp-content\/uploads\/2021\/11\/Monster-Hunter-Stories-2-Wings-of-Ruin-Steam-CD-Key-1.jpg\",\"width\":487,\"height\":676,\"caption\":\"Monster Hunter Stories 2: Wings of Ruin Steam CD Key\"},{\"@type\":\"BreadcrumbList\",\"@id\":\"https:\/\/www.mercadokeys.com\/product\/monster-hunter-stories-2-wings-of-ruin-steam-cd-key-2\/#breadcrumb\",\"itemListElement\":[{\"@type\":\"ListItem\",\"position\":1,\"name\":\"Inicio\",\"item\":\"https:\/\/www.mercadokeys.com.mx\/\"},{\"@type\":\"ListItem\",\"position\":2,\"name\":\"Tienda\",\"item\":\"https:\/\/www.mercadokeys.com\/shop\/\"},{\"@type\":\"ListItem\",\"position\":3,\"name\":\"Monster Hunter Stories 2: Wings of Ruin Steam CD Key\"}]},{\"@type\":\"WebSite\",\"@id\":\"https:\/\/www.mercadokeys.com\/eng\/#website\",\"url\":\"https:\/\/www.mercadokeys.com\/eng\/\",\"name\":\"MERCADOKEYS\",\"description\":\"Tu Tienda de videojuegos digitales en Mexico!\",\"potentialAction\":[{\"@type\":\"SearchAction\",\"target\":{\"@type\":\"EntryPoint\",\"urlTemplate\":\"https:\/\/www.mercadokeys.com\/eng\/?s={search_term_string}\"},\"query-input\":{\"@type\":\"PropertyValueSpecification\",\"valueRequired\":true,\"valueName\":\"search_term_string\"}}],\"inLanguage\":\"en-GB\"}]}<\/script>\n<!-- \/ Yoast SEO plugin. -->","yoast_head_json":{"title":"Monster Hunter Stories 2: Wings of Ruin Steam CD Key - MERCADOKEYS","robots":{"index":"index","follow":"follow","max-snippet":"max-snippet:-1","max-image-preview":"max-image-preview:large","max-video-preview":"max-video-preview:-1"},"canonical":"https:\/\/www.mercadokeys.com\/product\/monster-hunter-stories-2-wings-of-ruin-steam-cd-key-2\/","og_locale":"en_GB","og_type":"article","og_title":"Monster Hunter Stories 2: Wings of Ruin Steam CD Key - MERCADOKEYS","og_description":"Monster Hunter Stories 2: Wings of Ruin ofrece a los fan\u00e1ticos de los juegos de rol y Monster Hunter una nueva experiencia \u00fanica con una historia rica con personajes encantadores, misiones desafiantes y encuentros amistosos con monstruos familiares de la serie Monster Hunter. Asumiendo el papel de un joven Monster Rider que puede usar una...","og_url":"https:\/\/www.mercadokeys.com\/product\/monster-hunter-stories-2-wings-of-ruin-steam-cd-key-2\/","og_site_name":"MERCADOKEYS","article_modified_time":"2022-06-26T13:06:08+00:00","og_image":[{"width":487,"height":676,"url":"https:\/\/www.mercadokeys.com\/wp-content\/uploads\/2021\/11\/Monster-Hunter-Stories-2-Wings-of-Ruin-Steam-CD-Key-1.jpg","type":"image\/jpeg"}],"twitter_card":"summary_large_image","twitter_misc":{"Estimated reading time":"1 minute"},"schema":{"@context":"https:\/\/schema.org","@graph":[{"@type":"WebPage","@id":"https:\/\/www.mercadokeys.com\/product\/monster-hunter-stories-2-wings-of-ruin-steam-cd-key-2\/","url":"https:\/\/www.mercadokeys.com\/product\/monster-hunter-stories-2-wings-of-ruin-steam-cd-key-2\/","name":"Monster Hunter Stories 2: Wings of Ruin Steam CD Key - MERCADOKEYS","isPartOf":{"@id":"https:\/\/www.mercadokeys.com\/eng\/#website"},"primaryImageOfPage":{"@id":"https:\/\/www.mercadokeys.com\/product\/monster-hunter-stories-2-wings-of-ruin-steam-cd-key-2\/#primaryimage"},"image":{"@id":"https:\/\/www.mercadokeys.com\/product\/monster-hunter-stories-2-wings-of-ruin-steam-cd-key-2\/#primaryimage"},"thumbnailUrl":"https:\/\/www.mercadokeys.com.mx\/wp-content\/uploads\/2021\/11\/Monster-Hunter-Stories-2-Wings-of-Ruin-Steam-CD-Key-1.jpg","datePublished":"2021-11-14T21:21:44+00:00","dateModified":"2022-06-26T13:06:08+00:00","breadcrumb":{"@id":"https:\/\/www.mercadokeys.com\/product\/monster-hunter-stories-2-wings-of-ruin-steam-cd-key-2\/#breadcrumb"},"inLanguage":"en-GB","potentialAction":[{"@type":"ReadAction","target":["https:\/\/www.mercadokeys.com\/product\/monster-hunter-stories-2-wings-of-ruin-steam-cd-key-2\/"]}]},{"@type":"ImageObject","inLanguage":"en-GB","@id":"https:\/\/www.mercadokeys.com\/product\/monster-hunter-stories-2-wings-of-ruin-steam-cd-key-2\/#primaryimage","url":"https:\/\/www.mercadokeys.com.mx\/wp-content\/uploads\/2021\/11\/Monster-Hunter-Stories-2-Wings-of-Ruin-Steam-CD-Key-1.jpg","contentUrl":"https:\/\/www.mercadokeys.com.mx\/wp-content\/uploads\/2021\/11\/Monster-Hunter-Stories-2-Wings-of-Ruin-Steam-CD-Key-1.jpg","width":487,"height":676,"caption":"Monster Hunter Stories 2: Wings of Ruin Steam CD Key"},{"@type":"BreadcrumbList","@id":"https:\/\/www.mercadokeys.com\/product\/monster-hunter-stories-2-wings-of-ruin-steam-cd-key-2\/#breadcrumb","itemListElement":[{"@type":"ListItem","position":1,"name":"Inicio","item":"https:\/\/www.mercadokeys.com.mx\/"},{"@type":"ListItem","position":2,"name":"Tienda","item":"https:\/\/www.mercadokeys.com\/shop\/"},{"@type":"ListItem","position":3,"name":"Monster Hunter Stories 2: Wings of Ruin Steam CD Key"}]},{"@type":"WebSite","@id":"https:\/\/www.mercadokeys.com\/eng\/#website","url":"https:\/\/www.mercadokeys.com\/eng\/","name":"MERCADOKEYS","description":"Tu Tienda de videojuegos digitales en Mexico!","potentialAction":[{"@type":"SearchAction","target":{"@type":"EntryPoint","urlTemplate":"https:\/\/www.mercadokeys.com\/eng\/?s={search_term_string}"},"query-input":{"@type":"PropertyValueSpecification","valueRequired":true,"valueName":"search_term_string"}}],"inLanguage":"en-GB"}]}},"df_price":607.27642,"df_sale_price":607.27642,"df_regular_price":607.27642,"df_image_link":"https:\/\/www.mercadokeys.com.mx\/wp-content\/uploads\/2021\/11\/Monster-Hunter-Stories-2-Wings-of-Ruin-Steam-CD-Key-1-216x300.jpg","_links":{"self":[{"href":"https:\/\/www.mercadokeys.com.mx\/eng\/wp-json\/wp\/v2\/product\/117961","targetHints":{"allow":["GET"]}}],"collection":[{"href":"https:\/\/www.mercadokeys.com.mx\/eng\/wp-json\/wp\/v2\/product"}],"about":[{"href":"https:\/\/www.mercadokeys.com.mx\/eng\/wp-json\/wp\/v2\/types\/product"}],"wp:featuredmedia":[{"embeddable":true,"href":"https:\/\/www.mercadokeys.com.mx\/eng\/wp-json\/wp\/v2\/media\/118329"}],"wp:attachment":[{"href":"https:\/\/www.mercadokeys.com.mx\/eng\/wp-json\/wp\/v2\/media?parent=117961"}],"wp:term":[{"taxonomy":"product_brand","embeddable":true,"href":"https:\/\/www.mercadokeys.com.mx\/eng\/wp-json\/wp\/v2\/product_brand?post=117961"},{"taxonomy":"product_cat","embeddable":true,"href":"https:\/\/www.mercadokeys.com.mx\/eng\/wp-json\/wp\/v2\/product_cat?post=117961"},{"taxonomy":"product_tag","embeddable":true,"href":"https:\/\/www.mercadokeys.com.mx\/eng\/wp-json\/wp\/v2\/product_tag?post=117961"}],"curies":[{"name":"wp","href":"https:\/\/api.w.org\/{rel}","templated":true}]}}