{"id":117902,"date":"2021-11-14T13:10:09","date_gmt":"2021-11-14T21:10:09","guid":{"rendered":"https:\/\/www.mercadokeys.com\/producto\/world-war-z-aftermath-pc-steam-key-global\/"},"modified":"2022-06-26T06:05:27","modified_gmt":"2022-06-26T13:05:27","slug":"world-war-z-aftermath-pc-steam-key-global","status":"publish","type":"product","link":"https:\/\/www.mercadokeys.com.mx\/eng\/product\/world-war-z-aftermath-pc-steam-key-global\/","title":{"rendered":"World War Z: Aftermath Steam CD Key"},"content":{"rendered":"<p>World War Z: Aftermath es el juego de disparos de zombis cooperativo definitivo inspirado en la exitosa pel\u00edcula de Paramount Pictures y la pr\u00f3xima evoluci\u00f3n del \u00e9xito original World War Z que ahora ha cautivado a m\u00e1s de 15 millones de jugadores. Cambia el rumbo del apocalipsis zombi en consolas y PC con juego cruzado completo. \u00danete a hasta tres amigos o juega solo con compa\u00f1eros de equipo de IA contra hordas de zombis hambrientos en intensos episodios de historia en nuevos lugares devastados por zombis en todo el mundo. Recupera la Ciudad del Vaticano en un enfrentamiento \u00e9pico en Roma y une fuerzas con los supervivientes en la pen\u00ednsula rusa de Kamchatka, nevada.<\/p>","protected":false},"excerpt":{"rendered":"<p>World War Z: Aftermath es el juego de disparos de zombis cooperativo definitivo inspirado en la exitosa pel\u00edcula de Paramount Pictures y la pr\u00f3xima evoluci\u00f3n del \u00e9xito original World War Z que ahora ha cautivado a m\u00e1s de 15 millones de jugadores. Cambia el rumbo del apocalipsis zombi en consolas y PC con juego cruzado&#8230;<\/p>","protected":false},"featured_media":118356,"template":"","meta":{"_monsterinsights_skip_tracking":false,"_monsterinsights_sitenote_active":false,"_monsterinsights_sitenote_note":"","_monsterinsights_sitenote_category":0},"product_brand":[],"product_cat":[2981,1271,1420,1283,1280,1273,1392,1428,1427,1423],"product_tag":[3489,3488,3490],"class_list":{"0":"post-117902","1":"product","2":"type-product","3":"status-publish","4":"has-post-thumbnail","6":"product_cat-destacados","7":"product_cat-tienda-de-videojuegos-tijuana-mexico","8":"product_cat-tienda-de-videojuegos-populares-tijuana-mexico","9":"product_cat-tienda-de-videojuegos-plataformas-tijuana-mexico","10":"product_cat-tienda-de-videojuegos-pc-tijuana-mexico","11":"product_cat-tienda-de-videojuegos-steam-key-tijuana-mexico","12":"product_cat-tienda-de-videojuegos-accion-tijuana-mexico","13":"product_cat-tienda-de-videojuegos-cooperativos-tijuana-mexico","14":"product_cat-tienda-de-videojuegos-juegos-para-mando-tijuana-mexico","15":"product_cat-tienda-de-videojuegos-nuevos-lanzamientos-tijuana-mexico","16":"product_tag-world-war-z","17":"product_tag-world-war-z-aftermath","18":"product_tag-world-war-z-aftermath-cd-key","20":"first","21":"instock","22":"shipping-taxable","23":"purchasable","24":"product-type-simple"},"yoast_head":"<!-- This site is optimized with the Yoast SEO plugin v27.0 - https:\/\/yoast.com\/product\/yoast-seo-wordpress\/ -->\n<title>World War Z: Aftermath Steam CD Key - MERCADOKEYS<\/title>\n<meta name=\"robots\" content=\"index, follow, max-snippet:-1, max-image-preview:large, max-video-preview:-1\" \/>\n<link rel=\"canonical\" href=\"https:\/\/www.mercadokeys.com\/product\/world-war-z-aftermath-pc-steam-key-global\/\" \/>\n<meta property=\"og:locale\" content=\"en_GB\" \/>\n<meta property=\"og:type\" content=\"article\" \/>\n<meta property=\"og:title\" content=\"World War Z: Aftermath Steam CD Key - MERCADOKEYS\" \/>\n<meta property=\"og:description\" content=\"World War Z: Aftermath es el juego de disparos de zombis cooperativo definitivo inspirado en la exitosa pel\u00edcula de Paramount Pictures y la pr\u00f3xima evoluci\u00f3n del \u00e9xito original World War Z que ahora ha cautivado a m\u00e1s de 15 millones de jugadores. Cambia el rumbo del apocalipsis zombi en consolas y PC con juego cruzado...\" \/>\n<meta property=\"og:url\" content=\"https:\/\/www.mercadokeys.com\/product\/world-war-z-aftermath-pc-steam-key-global\/\" \/>\n<meta property=\"og:site_name\" content=\"MERCADOKEYS\" \/>\n<meta property=\"article:modified_time\" content=\"2022-06-26T13:05:27+00:00\" \/>\n<meta property=\"og:image\" content=\"https:\/\/www.mercadokeys.com\/wp-content\/uploads\/2021\/11\/World-War-Z-Aftermath-Steam-CD-Key.jpg\" \/>\n\t<meta property=\"og:image:width\" content=\"487\" \/>\n\t<meta property=\"og:image:height\" content=\"676\" \/>\n\t<meta property=\"og:image:type\" content=\"image\/jpeg\" \/>\n<meta name=\"twitter:card\" content=\"summary_large_image\" \/>\n<meta name=\"twitter:label1\" content=\"Estimated reading time\" \/>\n\t<meta name=\"twitter:data1\" content=\"1 minute\" \/>\n<script type=\"application\/ld+json\" class=\"yoast-schema-graph\">{\"@context\":\"https:\/\/schema.org\",\"@graph\":[{\"@type\":\"WebPage\",\"@id\":\"https:\/\/www.mercadokeys.com\/product\/world-war-z-aftermath-pc-steam-key-global\/\",\"url\":\"https:\/\/www.mercadokeys.com\/product\/world-war-z-aftermath-pc-steam-key-global\/\",\"name\":\"World War Z: Aftermath Steam CD Key - MERCADOKEYS\",\"isPartOf\":{\"@id\":\"https:\/\/www.mercadokeys.com\/eng\/#website\"},\"primaryImageOfPage\":{\"@id\":\"https:\/\/www.mercadokeys.com\/product\/world-war-z-aftermath-pc-steam-key-global\/#primaryimage\"},\"image\":{\"@id\":\"https:\/\/www.mercadokeys.com\/product\/world-war-z-aftermath-pc-steam-key-global\/#primaryimage\"},\"thumbnailUrl\":\"https:\/\/www.mercadokeys.com.mx\/wp-content\/uploads\/2021\/11\/World-War-Z-Aftermath-Steam-CD-Key.jpg\",\"datePublished\":\"2021-11-14T21:10:09+00:00\",\"dateModified\":\"2022-06-26T13:05:27+00:00\",\"breadcrumb\":{\"@id\":\"https:\/\/www.mercadokeys.com\/product\/world-war-z-aftermath-pc-steam-key-global\/#breadcrumb\"},\"inLanguage\":\"en-GB\",\"potentialAction\":[{\"@type\":\"ReadAction\",\"target\":[\"https:\/\/www.mercadokeys.com\/product\/world-war-z-aftermath-pc-steam-key-global\/\"]}]},{\"@type\":\"ImageObject\",\"inLanguage\":\"en-GB\",\"@id\":\"https:\/\/www.mercadokeys.com\/product\/world-war-z-aftermath-pc-steam-key-global\/#primaryimage\",\"url\":\"https:\/\/www.mercadokeys.com.mx\/wp-content\/uploads\/2021\/11\/World-War-Z-Aftermath-Steam-CD-Key.jpg\",\"contentUrl\":\"https:\/\/www.mercadokeys.com.mx\/wp-content\/uploads\/2021\/11\/World-War-Z-Aftermath-Steam-CD-Key.jpg\",\"width\":487,\"height\":676,\"caption\":\"World War Z: Aftermath Steam CD Key\"},{\"@type\":\"BreadcrumbList\",\"@id\":\"https:\/\/www.mercadokeys.com\/product\/world-war-z-aftermath-pc-steam-key-global\/#breadcrumb\",\"itemListElement\":[{\"@type\":\"ListItem\",\"position\":1,\"name\":\"Inicio\",\"item\":\"https:\/\/www.mercadokeys.com.mx\/\"},{\"@type\":\"ListItem\",\"position\":2,\"name\":\"Tienda\",\"item\":\"https:\/\/www.mercadokeys.com\/shop\/\"},{\"@type\":\"ListItem\",\"position\":3,\"name\":\"World War Z: Aftermath Steam CD Key\"}]},{\"@type\":\"WebSite\",\"@id\":\"https:\/\/www.mercadokeys.com\/eng\/#website\",\"url\":\"https:\/\/www.mercadokeys.com\/eng\/\",\"name\":\"MERCADOKEYS\",\"description\":\"Tu Tienda de videojuegos digitales en Mexico!\",\"potentialAction\":[{\"@type\":\"SearchAction\",\"target\":{\"@type\":\"EntryPoint\",\"urlTemplate\":\"https:\/\/www.mercadokeys.com\/eng\/?s={search_term_string}\"},\"query-input\":{\"@type\":\"PropertyValueSpecification\",\"valueRequired\":true,\"valueName\":\"search_term_string\"}}],\"inLanguage\":\"en-GB\"}]}<\/script>\n<!-- \/ Yoast SEO plugin. -->","yoast_head_json":{"title":"World War Z: Aftermath Steam CD Key - MERCADOKEYS","robots":{"index":"index","follow":"follow","max-snippet":"max-snippet:-1","max-image-preview":"max-image-preview:large","max-video-preview":"max-video-preview:-1"},"canonical":"https:\/\/www.mercadokeys.com\/product\/world-war-z-aftermath-pc-steam-key-global\/","og_locale":"en_GB","og_type":"article","og_title":"World War Z: Aftermath Steam CD Key - MERCADOKEYS","og_description":"World War Z: Aftermath es el juego de disparos de zombis cooperativo definitivo inspirado en la exitosa pel\u00edcula de Paramount Pictures y la pr\u00f3xima evoluci\u00f3n del \u00e9xito original World War Z que ahora ha cautivado a m\u00e1s de 15 millones de jugadores. Cambia el rumbo del apocalipsis zombi en consolas y PC con juego cruzado...","og_url":"https:\/\/www.mercadokeys.com\/product\/world-war-z-aftermath-pc-steam-key-global\/","og_site_name":"MERCADOKEYS","article_modified_time":"2022-06-26T13:05:27+00:00","og_image":[{"width":487,"height":676,"url":"https:\/\/www.mercadokeys.com\/wp-content\/uploads\/2021\/11\/World-War-Z-Aftermath-Steam-CD-Key.jpg","type":"image\/jpeg"}],"twitter_card":"summary_large_image","twitter_misc":{"Estimated reading time":"1 minute"},"schema":{"@context":"https:\/\/schema.org","@graph":[{"@type":"WebPage","@id":"https:\/\/www.mercadokeys.com\/product\/world-war-z-aftermath-pc-steam-key-global\/","url":"https:\/\/www.mercadokeys.com\/product\/world-war-z-aftermath-pc-steam-key-global\/","name":"World War Z: Aftermath Steam CD Key - MERCADOKEYS","isPartOf":{"@id":"https:\/\/www.mercadokeys.com\/eng\/#website"},"primaryImageOfPage":{"@id":"https:\/\/www.mercadokeys.com\/product\/world-war-z-aftermath-pc-steam-key-global\/#primaryimage"},"image":{"@id":"https:\/\/www.mercadokeys.com\/product\/world-war-z-aftermath-pc-steam-key-global\/#primaryimage"},"thumbnailUrl":"https:\/\/www.mercadokeys.com.mx\/wp-content\/uploads\/2021\/11\/World-War-Z-Aftermath-Steam-CD-Key.jpg","datePublished":"2021-11-14T21:10:09+00:00","dateModified":"2022-06-26T13:05:27+00:00","breadcrumb":{"@id":"https:\/\/www.mercadokeys.com\/product\/world-war-z-aftermath-pc-steam-key-global\/#breadcrumb"},"inLanguage":"en-GB","potentialAction":[{"@type":"ReadAction","target":["https:\/\/www.mercadokeys.com\/product\/world-war-z-aftermath-pc-steam-key-global\/"]}]},{"@type":"ImageObject","inLanguage":"en-GB","@id":"https:\/\/www.mercadokeys.com\/product\/world-war-z-aftermath-pc-steam-key-global\/#primaryimage","url":"https:\/\/www.mercadokeys.com.mx\/wp-content\/uploads\/2021\/11\/World-War-Z-Aftermath-Steam-CD-Key.jpg","contentUrl":"https:\/\/www.mercadokeys.com.mx\/wp-content\/uploads\/2021\/11\/World-War-Z-Aftermath-Steam-CD-Key.jpg","width":487,"height":676,"caption":"World War Z: Aftermath Steam CD Key"},{"@type":"BreadcrumbList","@id":"https:\/\/www.mercadokeys.com\/product\/world-war-z-aftermath-pc-steam-key-global\/#breadcrumb","itemListElement":[{"@type":"ListItem","position":1,"name":"Inicio","item":"https:\/\/www.mercadokeys.com.mx\/"},{"@type":"ListItem","position":2,"name":"Tienda","item":"https:\/\/www.mercadokeys.com\/shop\/"},{"@type":"ListItem","position":3,"name":"World War Z: Aftermath Steam CD Key"}]},{"@type":"WebSite","@id":"https:\/\/www.mercadokeys.com\/eng\/#website","url":"https:\/\/www.mercadokeys.com\/eng\/","name":"MERCADOKEYS","description":"Tu Tienda de videojuegos digitales en Mexico!","potentialAction":[{"@type":"SearchAction","target":{"@type":"EntryPoint","urlTemplate":"https:\/\/www.mercadokeys.com\/eng\/?s={search_term_string}"},"query-input":{"@type":"PropertyValueSpecification","valueRequired":true,"valueName":"search_term_string"}}],"inLanguage":"en-GB"}]}},"df_price":534.516494,"df_sale_price":534.516494,"df_regular_price":534.516494,"df_image_link":"https:\/\/www.mercadokeys.com.mx\/wp-content\/uploads\/2021\/11\/World-War-Z-Aftermath-Steam-CD-Key-216x300.jpg","_links":{"self":[{"href":"https:\/\/www.mercadokeys.com.mx\/eng\/wp-json\/wp\/v2\/product\/117902","targetHints":{"allow":["GET"]}}],"collection":[{"href":"https:\/\/www.mercadokeys.com.mx\/eng\/wp-json\/wp\/v2\/product"}],"about":[{"href":"https:\/\/www.mercadokeys.com.mx\/eng\/wp-json\/wp\/v2\/types\/product"}],"wp:featuredmedia":[{"embeddable":true,"href":"https:\/\/www.mercadokeys.com.mx\/eng\/wp-json\/wp\/v2\/media\/118356"}],"wp:attachment":[{"href":"https:\/\/www.mercadokeys.com.mx\/eng\/wp-json\/wp\/v2\/media?parent=117902"}],"wp:term":[{"taxonomy":"product_brand","embeddable":true,"href":"https:\/\/www.mercadokeys.com.mx\/eng\/wp-json\/wp\/v2\/product_brand?post=117902"},{"taxonomy":"product_cat","embeddable":true,"href":"https:\/\/www.mercadokeys.com.mx\/eng\/wp-json\/wp\/v2\/product_cat?post=117902"},{"taxonomy":"product_tag","embeddable":true,"href":"https:\/\/www.mercadokeys.com.mx\/eng\/wp-json\/wp\/v2\/product_tag?post=117902"}],"curies":[{"name":"wp","href":"https:\/\/api.w.org\/{rel}","templated":true}]}}