{"id":117896,"date":"2021-11-14T13:07:16","date_gmt":"2021-11-14T21:07:16","guid":{"rendered":"https:\/\/www.mercadokeys.com\/producto\/mechwarrior-5-mercenaries-steam-cd-key\/"},"modified":"2022-06-26T06:06:06","modified_gmt":"2022-06-26T13:06:06","slug":"mechwarrior-5-mercenaries-steam-cd-key","status":"publish","type":"product","link":"https:\/\/www.mercadokeys.com.mx\/eng\/product\/mechwarrior-5-mercenaries-steam-cd-key\/","title":{"rendered":"MechWarrior 5: Mercenaries Steam CD Key"},"content":{"rendered":"<p><span style=\"vertical-align: inherit;\">En MechWarrior 5: Mercenaries adoptar\u00e1s el papel de un piloto novato de MechWarrior lanzado al combate mientras la Tercera Guerra de Sucesi\u00f3n contin\u00faa fracturando la Esfera Interior. Toma contratos de las facciones que elijas y participa en combate t\u00e1ctico, en primera persona, PvE &#8216;Meech a trav\u00e9s de una campa\u00f1a de mercenarios inmersiva basada en la carrera impulsada por la elecci\u00f3n del jugador. La victoria, el prestigio y las ganancias no solo requerir\u00e1n habilidad en el campo de batalla, sino tambi\u00e9n en la adquisici\u00f3n, mantenimiento y mejora de tus BattleMechs. Programado para su lanzamiento en 2018, MechWarrior 5: Mercenaries est\u00e1 siendo desarrollado por un equipo de desarrollo dedicado en Piranha Games. MechWarrior Online, el juego de combate t\u00e1ctico F2P multijugador existente de Piranha, continuar\u00e1 con su desarrollo continuo en vivo por parte del equipo MWO en Piranha.<\/span><\/p>","protected":false},"excerpt":{"rendered":"<p>En MechWarrior 5: Mercenaries adoptar\u00e1s el papel de un piloto novato de MechWarrior lanzado al combate mientras la Tercera Guerra de Sucesi\u00f3n contin\u00faa fracturando la Esfera Interior. Toma contratos de las facciones que elijas y participa en combate t\u00e1ctico, en primera persona, PvE &#8216;Meech a trav\u00e9s de una campa\u00f1a de mercenarios inmersiva basada en la&#8230;<\/p>","protected":false},"featured_media":118358,"template":"","meta":{"_monsterinsights_skip_tracking":false,"_monsterinsights_sitenote_active":false,"_monsterinsights_sitenote_note":"","_monsterinsights_sitenote_category":0},"product_brand":[],"product_cat":[2981,1271,1420,1283,1280,1273,1392,1396,1428],"product_tag":[3491,3492],"class_list":{"0":"post-117896","1":"product","2":"type-product","3":"status-publish","4":"has-post-thumbnail","6":"product_cat-destacados","7":"product_cat-tienda-de-videojuegos-tijuana-mexico","8":"product_cat-tienda-de-videojuegos-populares-tijuana-mexico","9":"product_cat-tienda-de-videojuegos-plataformas-tijuana-mexico","10":"product_cat-tienda-de-videojuegos-pc-tijuana-mexico","11":"product_cat-tienda-de-videojuegos-steam-key-tijuana-mexico","12":"product_cat-tienda-de-videojuegos-accion-tijuana-mexico","13":"product_cat-tienda-de-videojuegos-simulacion-tijuana-mexico","14":"product_cat-tienda-de-videojuegos-cooperativos-tijuana-mexico","15":"product_tag-mechwarrior-5-mercenaries","16":"product_tag-mechwarrior-5-mercenaries-cd-key","18":"first","19":"instock","20":"shipping-taxable","21":"purchasable","22":"product-type-simple"},"yoast_head":"<!-- This site is optimized with the Yoast SEO plugin v27.0 - https:\/\/yoast.com\/product\/yoast-seo-wordpress\/ -->\n<title>MechWarrior 5: Mercenaries Steam CD Key - MERCADOKEYS<\/title>\n<meta name=\"robots\" content=\"index, follow, max-snippet:-1, max-image-preview:large, max-video-preview:-1\" \/>\n<link rel=\"canonical\" href=\"https:\/\/www.mercadokeys.com\/product\/mechwarrior-5-mercenaries-steam-cd-key\/\" \/>\n<meta property=\"og:locale\" content=\"en_GB\" \/>\n<meta property=\"og:type\" content=\"article\" \/>\n<meta property=\"og:title\" content=\"MechWarrior 5: Mercenaries Steam CD Key - MERCADOKEYS\" \/>\n<meta property=\"og:description\" content=\"En MechWarrior 5: Mercenaries adoptar\u00e1s el papel de un piloto novato de MechWarrior lanzado al combate mientras la Tercera Guerra de Sucesi\u00f3n contin\u00faa fracturando la Esfera Interior. Toma contratos de las facciones que elijas y participa en combate t\u00e1ctico, en primera persona, PvE &#8216;Meech a trav\u00e9s de una campa\u00f1a de mercenarios inmersiva basada en la...\" \/>\n<meta property=\"og:url\" content=\"https:\/\/www.mercadokeys.com\/product\/mechwarrior-5-mercenaries-steam-cd-key\/\" \/>\n<meta property=\"og:site_name\" content=\"MERCADOKEYS\" \/>\n<meta property=\"article:modified_time\" content=\"2022-06-26T13:06:06+00:00\" \/>\n<meta property=\"og:image\" content=\"https:\/\/www.mercadokeys.com\/wp-content\/uploads\/2021\/11\/MechWarrior-5-Mercenaries-Steam-CD-Key.jpg\" \/>\n\t<meta property=\"og:image:width\" content=\"487\" \/>\n\t<meta property=\"og:image:height\" content=\"676\" \/>\n\t<meta property=\"og:image:type\" content=\"image\/jpeg\" \/>\n<meta name=\"twitter:card\" content=\"summary_large_image\" \/>\n<meta name=\"twitter:label1\" content=\"Estimated reading time\" \/>\n\t<meta name=\"twitter:data1\" content=\"1 minute\" \/>\n<script type=\"application\/ld+json\" class=\"yoast-schema-graph\">{\"@context\":\"https:\/\/schema.org\",\"@graph\":[{\"@type\":\"WebPage\",\"@id\":\"https:\/\/www.mercadokeys.com\/product\/mechwarrior-5-mercenaries-steam-cd-key\/\",\"url\":\"https:\/\/www.mercadokeys.com\/product\/mechwarrior-5-mercenaries-steam-cd-key\/\",\"name\":\"MechWarrior 5: Mercenaries Steam CD Key - MERCADOKEYS\",\"isPartOf\":{\"@id\":\"https:\/\/www.mercadokeys.com\/eng\/#website\"},\"primaryImageOfPage\":{\"@id\":\"https:\/\/www.mercadokeys.com\/product\/mechwarrior-5-mercenaries-steam-cd-key\/#primaryimage\"},\"image\":{\"@id\":\"https:\/\/www.mercadokeys.com\/product\/mechwarrior-5-mercenaries-steam-cd-key\/#primaryimage\"},\"thumbnailUrl\":\"https:\/\/www.mercadokeys.com.mx\/wp-content\/uploads\/2021\/11\/MechWarrior-5-Mercenaries-Steam-CD-Key.jpg\",\"datePublished\":\"2021-11-14T21:07:16+00:00\",\"dateModified\":\"2022-06-26T13:06:06+00:00\",\"breadcrumb\":{\"@id\":\"https:\/\/www.mercadokeys.com\/product\/mechwarrior-5-mercenaries-steam-cd-key\/#breadcrumb\"},\"inLanguage\":\"en-GB\",\"potentialAction\":[{\"@type\":\"ReadAction\",\"target\":[\"https:\/\/www.mercadokeys.com\/product\/mechwarrior-5-mercenaries-steam-cd-key\/\"]}]},{\"@type\":\"ImageObject\",\"inLanguage\":\"en-GB\",\"@id\":\"https:\/\/www.mercadokeys.com\/product\/mechwarrior-5-mercenaries-steam-cd-key\/#primaryimage\",\"url\":\"https:\/\/www.mercadokeys.com.mx\/wp-content\/uploads\/2021\/11\/MechWarrior-5-Mercenaries-Steam-CD-Key.jpg\",\"contentUrl\":\"https:\/\/www.mercadokeys.com.mx\/wp-content\/uploads\/2021\/11\/MechWarrior-5-Mercenaries-Steam-CD-Key.jpg\",\"width\":487,\"height\":676,\"caption\":\"MechWarrior 5: Mercenaries Steam CD Key\"},{\"@type\":\"BreadcrumbList\",\"@id\":\"https:\/\/www.mercadokeys.com\/product\/mechwarrior-5-mercenaries-steam-cd-key\/#breadcrumb\",\"itemListElement\":[{\"@type\":\"ListItem\",\"position\":1,\"name\":\"Inicio\",\"item\":\"https:\/\/www.mercadokeys.com.mx\/\"},{\"@type\":\"ListItem\",\"position\":2,\"name\":\"Tienda\",\"item\":\"https:\/\/www.mercadokeys.com\/shop\/\"},{\"@type\":\"ListItem\",\"position\":3,\"name\":\"MechWarrior 5: Mercenaries Steam CD Key\"}]},{\"@type\":\"WebSite\",\"@id\":\"https:\/\/www.mercadokeys.com\/eng\/#website\",\"url\":\"https:\/\/www.mercadokeys.com\/eng\/\",\"name\":\"MERCADOKEYS\",\"description\":\"Tu Tienda de videojuegos digitales en Mexico!\",\"potentialAction\":[{\"@type\":\"SearchAction\",\"target\":{\"@type\":\"EntryPoint\",\"urlTemplate\":\"https:\/\/www.mercadokeys.com\/eng\/?s={search_term_string}\"},\"query-input\":{\"@type\":\"PropertyValueSpecification\",\"valueRequired\":true,\"valueName\":\"search_term_string\"}}],\"inLanguage\":\"en-GB\"}]}<\/script>\n<!-- \/ Yoast SEO plugin. -->","yoast_head_json":{"title":"MechWarrior 5: Mercenaries Steam CD Key - MERCADOKEYS","robots":{"index":"index","follow":"follow","max-snippet":"max-snippet:-1","max-image-preview":"max-image-preview:large","max-video-preview":"max-video-preview:-1"},"canonical":"https:\/\/www.mercadokeys.com\/product\/mechwarrior-5-mercenaries-steam-cd-key\/","og_locale":"en_GB","og_type":"article","og_title":"MechWarrior 5: Mercenaries Steam CD Key - MERCADOKEYS","og_description":"En MechWarrior 5: Mercenaries adoptar\u00e1s el papel de un piloto novato de MechWarrior lanzado al combate mientras la Tercera Guerra de Sucesi\u00f3n contin\u00faa fracturando la Esfera Interior. Toma contratos de las facciones que elijas y participa en combate t\u00e1ctico, en primera persona, PvE &#8216;Meech a trav\u00e9s de una campa\u00f1a de mercenarios inmersiva basada en la...","og_url":"https:\/\/www.mercadokeys.com\/product\/mechwarrior-5-mercenaries-steam-cd-key\/","og_site_name":"MERCADOKEYS","article_modified_time":"2022-06-26T13:06:06+00:00","og_image":[{"width":487,"height":676,"url":"https:\/\/www.mercadokeys.com\/wp-content\/uploads\/2021\/11\/MechWarrior-5-Mercenaries-Steam-CD-Key.jpg","type":"image\/jpeg"}],"twitter_card":"summary_large_image","twitter_misc":{"Estimated reading time":"1 minute"},"schema":{"@context":"https:\/\/schema.org","@graph":[{"@type":"WebPage","@id":"https:\/\/www.mercadokeys.com\/product\/mechwarrior-5-mercenaries-steam-cd-key\/","url":"https:\/\/www.mercadokeys.com\/product\/mechwarrior-5-mercenaries-steam-cd-key\/","name":"MechWarrior 5: Mercenaries Steam CD Key - MERCADOKEYS","isPartOf":{"@id":"https:\/\/www.mercadokeys.com\/eng\/#website"},"primaryImageOfPage":{"@id":"https:\/\/www.mercadokeys.com\/product\/mechwarrior-5-mercenaries-steam-cd-key\/#primaryimage"},"image":{"@id":"https:\/\/www.mercadokeys.com\/product\/mechwarrior-5-mercenaries-steam-cd-key\/#primaryimage"},"thumbnailUrl":"https:\/\/www.mercadokeys.com.mx\/wp-content\/uploads\/2021\/11\/MechWarrior-5-Mercenaries-Steam-CD-Key.jpg","datePublished":"2021-11-14T21:07:16+00:00","dateModified":"2022-06-26T13:06:06+00:00","breadcrumb":{"@id":"https:\/\/www.mercadokeys.com\/product\/mechwarrior-5-mercenaries-steam-cd-key\/#breadcrumb"},"inLanguage":"en-GB","potentialAction":[{"@type":"ReadAction","target":["https:\/\/www.mercadokeys.com\/product\/mechwarrior-5-mercenaries-steam-cd-key\/"]}]},{"@type":"ImageObject","inLanguage":"en-GB","@id":"https:\/\/www.mercadokeys.com\/product\/mechwarrior-5-mercenaries-steam-cd-key\/#primaryimage","url":"https:\/\/www.mercadokeys.com.mx\/wp-content\/uploads\/2021\/11\/MechWarrior-5-Mercenaries-Steam-CD-Key.jpg","contentUrl":"https:\/\/www.mercadokeys.com.mx\/wp-content\/uploads\/2021\/11\/MechWarrior-5-Mercenaries-Steam-CD-Key.jpg","width":487,"height":676,"caption":"MechWarrior 5: Mercenaries Steam CD Key"},{"@type":"BreadcrumbList","@id":"https:\/\/www.mercadokeys.com\/product\/mechwarrior-5-mercenaries-steam-cd-key\/#breadcrumb","itemListElement":[{"@type":"ListItem","position":1,"name":"Inicio","item":"https:\/\/www.mercadokeys.com.mx\/"},{"@type":"ListItem","position":2,"name":"Tienda","item":"https:\/\/www.mercadokeys.com\/shop\/"},{"@type":"ListItem","position":3,"name":"MechWarrior 5: Mercenaries Steam CD Key"}]},{"@type":"WebSite","@id":"https:\/\/www.mercadokeys.com\/eng\/#website","url":"https:\/\/www.mercadokeys.com\/eng\/","name":"MERCADOKEYS","description":"Tu Tienda de videojuegos digitales en Mexico!","potentialAction":[{"@type":"SearchAction","target":{"@type":"EntryPoint","urlTemplate":"https:\/\/www.mercadokeys.com\/eng\/?s={search_term_string}"},"query-input":{"@type":"PropertyValueSpecification","valueRequired":true,"valueName":"search_term_string"}}],"inLanguage":"en-GB"}]}},"df_price":255.650633,"df_sale_price":255.650633,"df_regular_price":255.650633,"df_image_link":"https:\/\/www.mercadokeys.com.mx\/wp-content\/uploads\/2021\/11\/MechWarrior-5-Mercenaries-Steam-CD-Key-216x300.jpg","_links":{"self":[{"href":"https:\/\/www.mercadokeys.com.mx\/eng\/wp-json\/wp\/v2\/product\/117896","targetHints":{"allow":["GET"]}}],"collection":[{"href":"https:\/\/www.mercadokeys.com.mx\/eng\/wp-json\/wp\/v2\/product"}],"about":[{"href":"https:\/\/www.mercadokeys.com.mx\/eng\/wp-json\/wp\/v2\/types\/product"}],"wp:featuredmedia":[{"embeddable":true,"href":"https:\/\/www.mercadokeys.com.mx\/eng\/wp-json\/wp\/v2\/media\/118358"}],"wp:attachment":[{"href":"https:\/\/www.mercadokeys.com.mx\/eng\/wp-json\/wp\/v2\/media?parent=117896"}],"wp:term":[{"taxonomy":"product_brand","embeddable":true,"href":"https:\/\/www.mercadokeys.com.mx\/eng\/wp-json\/wp\/v2\/product_brand?post=117896"},{"taxonomy":"product_cat","embeddable":true,"href":"https:\/\/www.mercadokeys.com.mx\/eng\/wp-json\/wp\/v2\/product_cat?post=117896"},{"taxonomy":"product_tag","embeddable":true,"href":"https:\/\/www.mercadokeys.com.mx\/eng\/wp-json\/wp\/v2\/product_tag?post=117896"}],"curies":[{"name":"wp","href":"https:\/\/api.w.org\/{rel}","templated":true}]}}