{"id":117821,"date":"2021-11-14T11:53:49","date_gmt":"2021-11-14T19:53:49","guid":{"rendered":"https:\/\/www.mercadokeys.com\/producto\/spore-origin-key-global\/"},"modified":"2022-06-26T06:05:13","modified_gmt":"2022-06-26T13:05:13","slug":"spore-origin-cd-key","status":"publish","type":"product","link":"https:\/\/www.mercadokeys.com.mx\/eng\/product\/spore-origin-cd-key\/","title":{"rendered":"Spore Origin CD Key"},"content":{"rendered":"<p><span style=\"vertical-align: inherit;\">Juega a trav\u00e9s de las cinco etapas evolutivas de Spore: C\u00e9lula, Criatura, Tribu, Civilizaci\u00f3n y Espacio. Cada etapa tiene su propio estilo, desaf\u00edos y objetivos \u00fanicos. Puedes jugar como quieras: comienza en Cell y cr\u00eda una especie, desde un humilde organismo de marea hasta un viajero intergal\u00e1ctico, o salta directamente y construye tribus o civilizaciones en nuevos planetas. Lo que hagas con tu universo depende de ti.\u00a0 <\/span><br \/>\n<span style=\"vertical-align: inherit;\">Spore te ofrece una variedad de herramientas de creaci\u00f3n potentes pero f\u00e1ciles de usar para que puedas crear todos los aspectos de tu universo: criaturas, veh\u00edculos, edificios e incluso naves espaciales. Si bien Spore es un juego para un solo jugador, tus creaciones se comparten autom\u00e1ticamente con otros jugadores, lo que proporciona una cantidad ilimitada de mundos para explorar y jugar.\u00a0<\/span><\/p>\n<ul style=\"font-size: 13px;\">\n<li style=\"list-style-type: none;\">\n<ul style=\"font-size: 13px;\">\n<li><span style=\"vertical-align: inherit;\">CREE su universo de microsc\u00f3pico a macroc\u00f3smico: desde amebas de charcos de marea hasta civilizaciones pr\u00f3speras y naves estelares intergal\u00e1cticas, todo est\u00e1 en sus manos.\u00a0<\/span><\/li>\n<\/ul>\n<\/li>\n<\/ul>\n<p>&nbsp;<\/p>\n<ul style=\"font-size: 13px;\">\n<li style=\"list-style-type: none;\">\n<ul style=\"font-size: 13px;\">\n<li><span style=\"vertical-align: inherit;\">EVOLUCIONA tu criatura a trav\u00e9s de cinco etapas: es la supervivencia de los m\u00e1s divertidos a medida que tus elecciones reverberan a trav\u00e9s de generaciones y, en \u00faltima instancia, deciden el destino de tu civilizaci\u00f3n.\u00a0<\/span><\/li>\n<\/ul>\n<\/li>\n<\/ul>\n<p>&nbsp;<\/p>\n<ul style=\"font-size: 13px;\">\n<li style=\"list-style-type: none;\">\n<ul style=\"font-size: 13px;\">\n<li><span style=\"vertical-align: inherit;\">EXPLORA las galaxias de otros jugadores: \u00bfgobernar\u00e1 tu criatura el universo o tu amado planeta ser\u00e1 destrozado por una raza alien\u00edgena superior?\u00a0<\/span><\/li>\n<\/ul>\n<\/li>\n<\/ul>\n<p>&nbsp;<\/p>\n<ul style=\"font-size: 13px;\">\n<li><span style=\"vertical-align: inherit;\">COMPARTE con el mundo: todo lo que haces se comparte con otros jugadores y viceversa, lo que proporciona toneladas de criaturas geniales para conocer y lugares geniales para visitar.<\/span><\/li>\n<\/ul>\n<p><!--EndFragment--><\/p>\n<p>&nbsp;<\/p>\n<p>&nbsp;<\/p>","protected":false},"excerpt":{"rendered":"<p>Juega a trav\u00e9s de las cinco etapas evolutivas de Spore: C\u00e9lula, Criatura, Tribu, Civilizaci\u00f3n y Espacio. Cada etapa tiene su propio estilo, desaf\u00edos y objetivos \u00fanicos. Puedes jugar como quieras: comienza en Cell y cr\u00eda una especie, desde un humilde organismo de marea hasta un viajero intergal\u00e1ctico, o salta directamente y construye tribus o civilizaciones&#8230;<\/p>","protected":false},"featured_media":117822,"template":"","meta":{"_monsterinsights_skip_tracking":false,"_monsterinsights_sitenote_active":false,"_monsterinsights_sitenote_note":"","_monsterinsights_sitenote_category":0},"product_brand":[],"product_cat":[2981,1271,1283,1280,1277,1392,1394,1395,1396,1401,1298],"product_tag":[3533,3532,3531],"class_list":{"0":"post-117821","1":"product","2":"type-product","3":"status-publish","4":"has-post-thumbnail","6":"product_cat-destacados","7":"product_cat-tienda-de-videojuegos-tijuana-mexico","8":"product_cat-tienda-de-videojuegos-plataformas-tijuana-mexico","9":"product_cat-tienda-de-videojuegos-pc-tijuana-mexico","10":"product_cat-tienda-de-videojuegos-origin-tijuana-mexico","11":"product_cat-tienda-de-videojuegos-accion-tijuana-mexico","12":"product_cat-tienda-de-videojuegos-aventura-tijuana-mexico","13":"product_cat-tienda-de-videojuegos-casual-tijuana-mexico","14":"product_cat-tienda-de-videojuegos-simulacion-tijuana-mexico","15":"product_cat-tienda-de-videojuegos-estrategia-tijuana-mexico","16":"product_cat-tienda-de-videojuegos-rol-tijuana-mexico","17":"product_tag-spore-cd-key","18":"product_tag-spore-origin","19":"product_tag-spore-origin-cd-key","21":"first","22":"instock","23":"shipping-taxable","24":"purchasable","25":"product-type-simple"},"yoast_head":"<!-- This site is optimized with the Yoast SEO plugin v27.0 - https:\/\/yoast.com\/product\/yoast-seo-wordpress\/ -->\n<title>Spore Origin CD Key - MERCADOKEYS<\/title>\n<meta name=\"robots\" content=\"index, follow, max-snippet:-1, max-image-preview:large, max-video-preview:-1\" \/>\n<link rel=\"canonical\" href=\"https:\/\/www.mercadokeys.com\/eng\/product\/spore-origin-cd-key\/\" \/>\n<meta property=\"og:locale\" content=\"en_GB\" \/>\n<meta property=\"og:type\" content=\"article\" \/>\n<meta property=\"og:title\" content=\"Spore Origin CD Key - MERCADOKEYS\" \/>\n<meta property=\"og:description\" content=\"Juega a trav\u00e9s de las cinco etapas evolutivas de Spore: C\u00e9lula, Criatura, Tribu, Civilizaci\u00f3n y Espacio. Cada etapa tiene su propio estilo, desaf\u00edos y objetivos \u00fanicos. Puedes jugar como quieras: comienza en Cell y cr\u00eda una especie, desde un humilde organismo de marea hasta un viajero intergal\u00e1ctico, o salta directamente y construye tribus o civilizaciones...\" \/>\n<meta property=\"og:url\" content=\"https:\/\/www.mercadokeys.com\/eng\/product\/spore-origin-cd-key\/\" \/>\n<meta property=\"og:site_name\" content=\"MERCADOKEYS\" \/>\n<meta property=\"article:modified_time\" content=\"2022-06-26T13:05:13+00:00\" \/>\n<meta property=\"og:image\" content=\"https:\/\/www.mercadokeys.com\/wp-content\/uploads\/2021\/11\/27468.jpg\" \/>\n\t<meta property=\"og:image:width\" content=\"230\" \/>\n\t<meta property=\"og:image:height\" content=\"336\" \/>\n\t<meta property=\"og:image:type\" content=\"image\/jpeg\" \/>\n<meta name=\"twitter:card\" content=\"summary_large_image\" \/>\n<meta name=\"twitter:label1\" content=\"Estimated reading time\" \/>\n\t<meta name=\"twitter:data1\" content=\"2 minutes\" \/>\n<script type=\"application\/ld+json\" class=\"yoast-schema-graph\">{\"@context\":\"https:\/\/schema.org\",\"@graph\":[{\"@type\":\"WebPage\",\"@id\":\"https:\/\/www.mercadokeys.com\/eng\/product\/spore-origin-cd-key\/\",\"url\":\"https:\/\/www.mercadokeys.com\/eng\/product\/spore-origin-cd-key\/\",\"name\":\"Spore Origin CD Key - MERCADOKEYS\",\"isPartOf\":{\"@id\":\"https:\/\/www.mercadokeys.com\/eng\/#website\"},\"primaryImageOfPage\":{\"@id\":\"https:\/\/www.mercadokeys.com\/eng\/product\/spore-origin-cd-key\/#primaryimage\"},\"image\":{\"@id\":\"https:\/\/www.mercadokeys.com\/eng\/product\/spore-origin-cd-key\/#primaryimage\"},\"thumbnailUrl\":\"https:\/\/www.mercadokeys.com.mx\/wp-content\/uploads\/2021\/11\/27468.jpg\",\"datePublished\":\"2021-11-14T19:53:49+00:00\",\"dateModified\":\"2022-06-26T13:05:13+00:00\",\"breadcrumb\":{\"@id\":\"https:\/\/www.mercadokeys.com\/eng\/product\/spore-origin-cd-key\/#breadcrumb\"},\"inLanguage\":\"en-GB\",\"potentialAction\":[{\"@type\":\"ReadAction\",\"target\":[\"https:\/\/www.mercadokeys.com\/eng\/product\/spore-origin-cd-key\/\"]}]},{\"@type\":\"ImageObject\",\"inLanguage\":\"en-GB\",\"@id\":\"https:\/\/www.mercadokeys.com\/eng\/product\/spore-origin-cd-key\/#primaryimage\",\"url\":\"https:\/\/www.mercadokeys.com.mx\/wp-content\/uploads\/2021\/11\/27468.jpg\",\"contentUrl\":\"https:\/\/www.mercadokeys.com.mx\/wp-content\/uploads\/2021\/11\/27468.jpg\",\"width\":230,\"height\":336},{\"@type\":\"BreadcrumbList\",\"@id\":\"https:\/\/www.mercadokeys.com\/eng\/product\/spore-origin-cd-key\/#breadcrumb\",\"itemListElement\":[{\"@type\":\"ListItem\",\"position\":1,\"name\":\"Inicio\",\"item\":\"https:\/\/www.mercadokeys.com.mx\/\"},{\"@type\":\"ListItem\",\"position\":2,\"name\":\"Tienda\",\"item\":\"https:\/\/www.mercadokeys.com\/shop\/\"},{\"@type\":\"ListItem\",\"position\":3,\"name\":\"Spore Origin CD Key\"}]},{\"@type\":\"WebSite\",\"@id\":\"https:\/\/www.mercadokeys.com\/eng\/#website\",\"url\":\"https:\/\/www.mercadokeys.com\/eng\/\",\"name\":\"MERCADOKEYS\",\"description\":\"Tu Tienda de videojuegos digitales en Mexico!\",\"potentialAction\":[{\"@type\":\"SearchAction\",\"target\":{\"@type\":\"EntryPoint\",\"urlTemplate\":\"https:\/\/www.mercadokeys.com\/eng\/?s={search_term_string}\"},\"query-input\":{\"@type\":\"PropertyValueSpecification\",\"valueRequired\":true,\"valueName\":\"search_term_string\"}}],\"inLanguage\":\"en-GB\"}]}<\/script>\n<!-- \/ Yoast SEO plugin. -->","yoast_head_json":{"title":"Spore Origin CD Key - MERCADOKEYS","robots":{"index":"index","follow":"follow","max-snippet":"max-snippet:-1","max-image-preview":"max-image-preview:large","max-video-preview":"max-video-preview:-1"},"canonical":"https:\/\/www.mercadokeys.com\/eng\/product\/spore-origin-cd-key\/","og_locale":"en_GB","og_type":"article","og_title":"Spore Origin CD Key - MERCADOKEYS","og_description":"Juega a trav\u00e9s de las cinco etapas evolutivas de Spore: C\u00e9lula, Criatura, Tribu, Civilizaci\u00f3n y Espacio. Cada etapa tiene su propio estilo, desaf\u00edos y objetivos \u00fanicos. Puedes jugar como quieras: comienza en Cell y cr\u00eda una especie, desde un humilde organismo de marea hasta un viajero intergal\u00e1ctico, o salta directamente y construye tribus o civilizaciones...","og_url":"https:\/\/www.mercadokeys.com\/eng\/product\/spore-origin-cd-key\/","og_site_name":"MERCADOKEYS","article_modified_time":"2022-06-26T13:05:13+00:00","og_image":[{"width":230,"height":336,"url":"https:\/\/www.mercadokeys.com\/wp-content\/uploads\/2021\/11\/27468.jpg","type":"image\/jpeg"}],"twitter_card":"summary_large_image","twitter_misc":{"Estimated reading time":"2 minutes"},"schema":{"@context":"https:\/\/schema.org","@graph":[{"@type":"WebPage","@id":"https:\/\/www.mercadokeys.com\/eng\/product\/spore-origin-cd-key\/","url":"https:\/\/www.mercadokeys.com\/eng\/product\/spore-origin-cd-key\/","name":"Spore Origin CD Key - MERCADOKEYS","isPartOf":{"@id":"https:\/\/www.mercadokeys.com\/eng\/#website"},"primaryImageOfPage":{"@id":"https:\/\/www.mercadokeys.com\/eng\/product\/spore-origin-cd-key\/#primaryimage"},"image":{"@id":"https:\/\/www.mercadokeys.com\/eng\/product\/spore-origin-cd-key\/#primaryimage"},"thumbnailUrl":"https:\/\/www.mercadokeys.com.mx\/wp-content\/uploads\/2021\/11\/27468.jpg","datePublished":"2021-11-14T19:53:49+00:00","dateModified":"2022-06-26T13:05:13+00:00","breadcrumb":{"@id":"https:\/\/www.mercadokeys.com\/eng\/product\/spore-origin-cd-key\/#breadcrumb"},"inLanguage":"en-GB","potentialAction":[{"@type":"ReadAction","target":["https:\/\/www.mercadokeys.com\/eng\/product\/spore-origin-cd-key\/"]}]},{"@type":"ImageObject","inLanguage":"en-GB","@id":"https:\/\/www.mercadokeys.com\/eng\/product\/spore-origin-cd-key\/#primaryimage","url":"https:\/\/www.mercadokeys.com.mx\/wp-content\/uploads\/2021\/11\/27468.jpg","contentUrl":"https:\/\/www.mercadokeys.com.mx\/wp-content\/uploads\/2021\/11\/27468.jpg","width":230,"height":336},{"@type":"BreadcrumbList","@id":"https:\/\/www.mercadokeys.com\/eng\/product\/spore-origin-cd-key\/#breadcrumb","itemListElement":[{"@type":"ListItem","position":1,"name":"Inicio","item":"https:\/\/www.mercadokeys.com.mx\/"},{"@type":"ListItem","position":2,"name":"Tienda","item":"https:\/\/www.mercadokeys.com\/shop\/"},{"@type":"ListItem","position":3,"name":"Spore Origin CD Key"}]},{"@type":"WebSite","@id":"https:\/\/www.mercadokeys.com\/eng\/#website","url":"https:\/\/www.mercadokeys.com\/eng\/","name":"MERCADOKEYS","description":"Tu Tienda de videojuegos digitales en Mexico!","potentialAction":[{"@type":"SearchAction","target":{"@type":"EntryPoint","urlTemplate":"https:\/\/www.mercadokeys.com\/eng\/?s={search_term_string}"},"query-input":{"@type":"PropertyValueSpecification","valueRequired":true,"valueName":"search_term_string"}}],"inLanguage":"en-GB"}]}},"df_price":279.432087,"df_sale_price":279.432087,"df_regular_price":279.432087,"df_image_link":"https:\/\/www.mercadokeys.com.mx\/wp-content\/uploads\/2021\/11\/27468-205x300.jpg","_links":{"self":[{"href":"https:\/\/www.mercadokeys.com.mx\/eng\/wp-json\/wp\/v2\/product\/117821","targetHints":{"allow":["GET"]}}],"collection":[{"href":"https:\/\/www.mercadokeys.com.mx\/eng\/wp-json\/wp\/v2\/product"}],"about":[{"href":"https:\/\/www.mercadokeys.com.mx\/eng\/wp-json\/wp\/v2\/types\/product"}],"wp:featuredmedia":[{"embeddable":true,"href":"https:\/\/www.mercadokeys.com.mx\/eng\/wp-json\/wp\/v2\/media\/117822"}],"wp:attachment":[{"href":"https:\/\/www.mercadokeys.com.mx\/eng\/wp-json\/wp\/v2\/media?parent=117821"}],"wp:term":[{"taxonomy":"product_brand","embeddable":true,"href":"https:\/\/www.mercadokeys.com.mx\/eng\/wp-json\/wp\/v2\/product_brand?post=117821"},{"taxonomy":"product_cat","embeddable":true,"href":"https:\/\/www.mercadokeys.com.mx\/eng\/wp-json\/wp\/v2\/product_cat?post=117821"},{"taxonomy":"product_tag","embeddable":true,"href":"https:\/\/www.mercadokeys.com.mx\/eng\/wp-json\/wp\/v2\/product_tag?post=117821"}],"curies":[{"name":"wp","href":"https:\/\/api.w.org\/{rel}","templated":true}]}}