{"id":117773,"date":"2021-11-14T10:34:38","date_gmt":"2021-11-14T18:34:38","guid":{"rendered":"https:\/\/www.mercadokeys.com\/producto\/mark-of-the-ninja-remastered-gog-cd-key-2\/"},"modified":"2022-06-26T06:06:00","modified_gmt":"2022-06-26T13:06:00","slug":"mark-of-the-ninja-remastered-gog-cd-key-2","status":"publish","type":"product","link":"https:\/\/www.mercadokeys.com.mx\/eng\/product\/mark-of-the-ninja-remastered-gog-cd-key-2\/","title":{"rendered":"Mark of the Ninja: Remastered GOG CD Key"},"content":{"rendered":"<p><span style=\"vertical-align: inherit;\">Mark of the Ninja es un videojuego de acci\u00f3n y sigilo de desplazamiento lateral desarrollado por Klei Entertainment y publicado por Microsoft Studios. Se anunci\u00f3 el 28 de febrero de 2012 y luego se lanz\u00f3 para Xbox 360 a trav\u00e9s de Xbox Live Arcade el 7 de septiembre de 2012. Se lanz\u00f3 una versi\u00f3n de Microsoft Windows el 16 de octubre de 2012. Sigue la historia de un ninja sin nombre en la actualidad. y presenta un conflicto tem\u00e1tico entre la antigua tradici\u00f3n ninja y la tecnolog\u00eda moderna. Las escenas del juego se representan en el estilo de animaci\u00f3n de dibujos animados de los s\u00e1bados por la ma\u00f1ana.<\/span><\/p>","protected":false},"excerpt":{"rendered":"<p>Mark of the Ninja es un videojuego de acci\u00f3n y sigilo de desplazamiento lateral desarrollado por Klei Entertainment y publicado por Microsoft Studios. Se anunci\u00f3 el 28 de febrero de 2012 y luego se lanz\u00f3 para Xbox 360 a trav\u00e9s de Xbox Live Arcade el 7 de septiembre de 2012. Se lanz\u00f3 una versi\u00f3n de&#8230;<\/p>","protected":false},"featured_media":115383,"template":"","meta":{"_monsterinsights_skip_tracking":false,"_monsterinsights_sitenote_active":false,"_monsterinsights_sitenote_note":"","_monsterinsights_sitenote_category":0},"product_brand":[],"product_cat":[2981,1271,1283,1280,1273,1392,1393,1427],"product_tag":[3557,3558,3556],"class_list":{"0":"post-117773","1":"product","2":"type-product","3":"status-publish","4":"has-post-thumbnail","6":"product_cat-destacados","7":"product_cat-tienda-de-videojuegos-tijuana-mexico","8":"product_cat-tienda-de-videojuegos-plataformas-tijuana-mexico","9":"product_cat-tienda-de-videojuegos-pc-tijuana-mexico","10":"product_cat-tienda-de-videojuegos-steam-key-tijuana-mexico","11":"product_cat-tienda-de-videojuegos-accion-tijuana-mexico","12":"product_cat-tienda-de-videojuegos-indie-tijuana-mexico","13":"product_cat-tienda-de-videojuegos-juegos-para-mando-tijuana-mexico","14":"product_tag-mark-of-the-ninja-remastered","15":"product_tag-mark-of-the-ninja-remastered-cd-key","16":"product_tag-mark-of-the-ninja-remastered-gog-cd-key","18":"first","19":"instock","20":"shipping-taxable","21":"purchasable","22":"product-type-simple"},"yoast_head":"<!-- This site is optimized with the Yoast SEO plugin v27.0 - https:\/\/yoast.com\/product\/yoast-seo-wordpress\/ -->\n<title>Mark of the Ninja: Remastered GOG CD Key - MERCADOKEYS<\/title>\n<meta name=\"robots\" content=\"index, follow, max-snippet:-1, max-image-preview:large, max-video-preview:-1\" \/>\n<link rel=\"canonical\" href=\"https:\/\/www.mercadokeys.com\/product\/mark-of-the-ninja-remastered-gog-cd-key-2\/\" \/>\n<meta property=\"og:locale\" content=\"en_GB\" \/>\n<meta property=\"og:type\" content=\"article\" \/>\n<meta property=\"og:title\" content=\"Mark of the Ninja: Remastered GOG CD Key - MERCADOKEYS\" \/>\n<meta property=\"og:description\" content=\"Mark of the Ninja es un videojuego de acci\u00f3n y sigilo de desplazamiento lateral desarrollado por Klei Entertainment y publicado por Microsoft Studios. Se anunci\u00f3 el 28 de febrero de 2012 y luego se lanz\u00f3 para Xbox 360 a trav\u00e9s de Xbox Live Arcade el 7 de septiembre de 2012. Se lanz\u00f3 una versi\u00f3n de...\" \/>\n<meta property=\"og:url\" content=\"https:\/\/www.mercadokeys.com\/product\/mark-of-the-ninja-remastered-gog-cd-key-2\/\" \/>\n<meta property=\"og:site_name\" content=\"MERCADOKEYS\" \/>\n<meta property=\"article:modified_time\" content=\"2022-06-26T13:06:00+00:00\" \/>\n<meta property=\"og:image\" content=\"https:\/\/www.mercadokeys.com\/wp-content\/uploads\/2021\/07\/Mark-of-the-Ninja-Remastered-GOG-CD-Key.jpg\" \/>\n\t<meta property=\"og:image:width\" content=\"230\" \/>\n\t<meta property=\"og:image:height\" content=\"336\" \/>\n\t<meta property=\"og:image:type\" content=\"image\/jpeg\" \/>\n<meta name=\"twitter:card\" content=\"summary_large_image\" \/>\n<meta name=\"twitter:label1\" content=\"Estimated reading time\" \/>\n\t<meta name=\"twitter:data1\" content=\"1 minute\" \/>\n<script type=\"application\/ld+json\" class=\"yoast-schema-graph\">{\"@context\":\"https:\/\/schema.org\",\"@graph\":[{\"@type\":\"WebPage\",\"@id\":\"https:\/\/www.mercadokeys.com\/product\/mark-of-the-ninja-remastered-gog-cd-key-2\/\",\"url\":\"https:\/\/www.mercadokeys.com\/product\/mark-of-the-ninja-remastered-gog-cd-key-2\/\",\"name\":\"Mark of the Ninja: Remastered GOG CD Key - MERCADOKEYS\",\"isPartOf\":{\"@id\":\"https:\/\/www.mercadokeys.com\/eng\/#website\"},\"primaryImageOfPage\":{\"@id\":\"https:\/\/www.mercadokeys.com\/product\/mark-of-the-ninja-remastered-gog-cd-key-2\/#primaryimage\"},\"image\":{\"@id\":\"https:\/\/www.mercadokeys.com\/product\/mark-of-the-ninja-remastered-gog-cd-key-2\/#primaryimage\"},\"thumbnailUrl\":\"https:\/\/www.mercadokeys.com.mx\/wp-content\/uploads\/2021\/07\/Mark-of-the-Ninja-Remastered-GOG-CD-Key.jpg\",\"datePublished\":\"2021-11-14T18:34:38+00:00\",\"dateModified\":\"2022-06-26T13:06:00+00:00\",\"breadcrumb\":{\"@id\":\"https:\/\/www.mercadokeys.com\/product\/mark-of-the-ninja-remastered-gog-cd-key-2\/#breadcrumb\"},\"inLanguage\":\"en-GB\",\"potentialAction\":[{\"@type\":\"ReadAction\",\"target\":[\"https:\/\/www.mercadokeys.com\/product\/mark-of-the-ninja-remastered-gog-cd-key-2\/\"]}]},{\"@type\":\"ImageObject\",\"inLanguage\":\"en-GB\",\"@id\":\"https:\/\/www.mercadokeys.com\/product\/mark-of-the-ninja-remastered-gog-cd-key-2\/#primaryimage\",\"url\":\"https:\/\/www.mercadokeys.com.mx\/wp-content\/uploads\/2021\/07\/Mark-of-the-Ninja-Remastered-GOG-CD-Key.jpg\",\"contentUrl\":\"https:\/\/www.mercadokeys.com.mx\/wp-content\/uploads\/2021\/07\/Mark-of-the-Ninja-Remastered-GOG-CD-Key.jpg\",\"width\":230,\"height\":336},{\"@type\":\"BreadcrumbList\",\"@id\":\"https:\/\/www.mercadokeys.com\/product\/mark-of-the-ninja-remastered-gog-cd-key-2\/#breadcrumb\",\"itemListElement\":[{\"@type\":\"ListItem\",\"position\":1,\"name\":\"Inicio\",\"item\":\"https:\/\/www.mercadokeys.com.mx\/\"},{\"@type\":\"ListItem\",\"position\":2,\"name\":\"Tienda\",\"item\":\"https:\/\/www.mercadokeys.com\/shop\/\"},{\"@type\":\"ListItem\",\"position\":3,\"name\":\"Mark of the Ninja: Remastered GOG CD Key\"}]},{\"@type\":\"WebSite\",\"@id\":\"https:\/\/www.mercadokeys.com\/eng\/#website\",\"url\":\"https:\/\/www.mercadokeys.com\/eng\/\",\"name\":\"MERCADOKEYS\",\"description\":\"Tu Tienda de videojuegos digitales en Mexico!\",\"potentialAction\":[{\"@type\":\"SearchAction\",\"target\":{\"@type\":\"EntryPoint\",\"urlTemplate\":\"https:\/\/www.mercadokeys.com\/eng\/?s={search_term_string}\"},\"query-input\":{\"@type\":\"PropertyValueSpecification\",\"valueRequired\":true,\"valueName\":\"search_term_string\"}}],\"inLanguage\":\"en-GB\"}]}<\/script>\n<!-- \/ Yoast SEO plugin. -->","yoast_head_json":{"title":"Mark of the Ninja: Remastered GOG CD Key - MERCADOKEYS","robots":{"index":"index","follow":"follow","max-snippet":"max-snippet:-1","max-image-preview":"max-image-preview:large","max-video-preview":"max-video-preview:-1"},"canonical":"https:\/\/www.mercadokeys.com\/product\/mark-of-the-ninja-remastered-gog-cd-key-2\/","og_locale":"en_GB","og_type":"article","og_title":"Mark of the Ninja: Remastered GOG CD Key - MERCADOKEYS","og_description":"Mark of the Ninja es un videojuego de acci\u00f3n y sigilo de desplazamiento lateral desarrollado por Klei Entertainment y publicado por Microsoft Studios. Se anunci\u00f3 el 28 de febrero de 2012 y luego se lanz\u00f3 para Xbox 360 a trav\u00e9s de Xbox Live Arcade el 7 de septiembre de 2012. Se lanz\u00f3 una versi\u00f3n de...","og_url":"https:\/\/www.mercadokeys.com\/product\/mark-of-the-ninja-remastered-gog-cd-key-2\/","og_site_name":"MERCADOKEYS","article_modified_time":"2022-06-26T13:06:00+00:00","og_image":[{"width":230,"height":336,"url":"https:\/\/www.mercadokeys.com\/wp-content\/uploads\/2021\/07\/Mark-of-the-Ninja-Remastered-GOG-CD-Key.jpg","type":"image\/jpeg"}],"twitter_card":"summary_large_image","twitter_misc":{"Estimated reading time":"1 minute"},"schema":{"@context":"https:\/\/schema.org","@graph":[{"@type":"WebPage","@id":"https:\/\/www.mercadokeys.com\/product\/mark-of-the-ninja-remastered-gog-cd-key-2\/","url":"https:\/\/www.mercadokeys.com\/product\/mark-of-the-ninja-remastered-gog-cd-key-2\/","name":"Mark of the Ninja: Remastered GOG CD Key - MERCADOKEYS","isPartOf":{"@id":"https:\/\/www.mercadokeys.com\/eng\/#website"},"primaryImageOfPage":{"@id":"https:\/\/www.mercadokeys.com\/product\/mark-of-the-ninja-remastered-gog-cd-key-2\/#primaryimage"},"image":{"@id":"https:\/\/www.mercadokeys.com\/product\/mark-of-the-ninja-remastered-gog-cd-key-2\/#primaryimage"},"thumbnailUrl":"https:\/\/www.mercadokeys.com.mx\/wp-content\/uploads\/2021\/07\/Mark-of-the-Ninja-Remastered-GOG-CD-Key.jpg","datePublished":"2021-11-14T18:34:38+00:00","dateModified":"2022-06-26T13:06:00+00:00","breadcrumb":{"@id":"https:\/\/www.mercadokeys.com\/product\/mark-of-the-ninja-remastered-gog-cd-key-2\/#breadcrumb"},"inLanguage":"en-GB","potentialAction":[{"@type":"ReadAction","target":["https:\/\/www.mercadokeys.com\/product\/mark-of-the-ninja-remastered-gog-cd-key-2\/"]}]},{"@type":"ImageObject","inLanguage":"en-GB","@id":"https:\/\/www.mercadokeys.com\/product\/mark-of-the-ninja-remastered-gog-cd-key-2\/#primaryimage","url":"https:\/\/www.mercadokeys.com.mx\/wp-content\/uploads\/2021\/07\/Mark-of-the-Ninja-Remastered-GOG-CD-Key.jpg","contentUrl":"https:\/\/www.mercadokeys.com.mx\/wp-content\/uploads\/2021\/07\/Mark-of-the-Ninja-Remastered-GOG-CD-Key.jpg","width":230,"height":336},{"@type":"BreadcrumbList","@id":"https:\/\/www.mercadokeys.com\/product\/mark-of-the-ninja-remastered-gog-cd-key-2\/#breadcrumb","itemListElement":[{"@type":"ListItem","position":1,"name":"Inicio","item":"https:\/\/www.mercadokeys.com.mx\/"},{"@type":"ListItem","position":2,"name":"Tienda","item":"https:\/\/www.mercadokeys.com\/shop\/"},{"@type":"ListItem","position":3,"name":"Mark of the Ninja: Remastered GOG CD Key"}]},{"@type":"WebSite","@id":"https:\/\/www.mercadokeys.com\/eng\/#website","url":"https:\/\/www.mercadokeys.com\/eng\/","name":"MERCADOKEYS","description":"Tu Tienda de videojuegos digitales en Mexico!","potentialAction":[{"@type":"SearchAction","target":{"@type":"EntryPoint","urlTemplate":"https:\/\/www.mercadokeys.com\/eng\/?s={search_term_string}"},"query-input":{"@type":"PropertyValueSpecification","valueRequired":true,"valueName":"search_term_string"}}],"inLanguage":"en-GB"}]}},"df_price":311.140692,"df_sale_price":311.140692,"df_regular_price":311.140692,"df_image_link":"https:\/\/www.mercadokeys.com.mx\/wp-content\/uploads\/2021\/07\/Mark-of-the-Ninja-Remastered-GOG-CD-Key-205x300.jpg","_links":{"self":[{"href":"https:\/\/www.mercadokeys.com.mx\/eng\/wp-json\/wp\/v2\/product\/117773","targetHints":{"allow":["GET"]}}],"collection":[{"href":"https:\/\/www.mercadokeys.com.mx\/eng\/wp-json\/wp\/v2\/product"}],"about":[{"href":"https:\/\/www.mercadokeys.com.mx\/eng\/wp-json\/wp\/v2\/types\/product"}],"wp:featuredmedia":[{"embeddable":true,"href":"https:\/\/www.mercadokeys.com.mx\/eng\/wp-json\/wp\/v2\/media\/115383"}],"wp:attachment":[{"href":"https:\/\/www.mercadokeys.com.mx\/eng\/wp-json\/wp\/v2\/media?parent=117773"}],"wp:term":[{"taxonomy":"product_brand","embeddable":true,"href":"https:\/\/www.mercadokeys.com.mx\/eng\/wp-json\/wp\/v2\/product_brand?post=117773"},{"taxonomy":"product_cat","embeddable":true,"href":"https:\/\/www.mercadokeys.com.mx\/eng\/wp-json\/wp\/v2\/product_cat?post=117773"},{"taxonomy":"product_tag","embeddable":true,"href":"https:\/\/www.mercadokeys.com.mx\/eng\/wp-json\/wp\/v2\/product_tag?post=117773"}],"curies":[{"name":"wp","href":"https:\/\/api.w.org\/{rel}","templated":true}]}}