{"id":117756,"date":"2021-11-14T10:20:56","date_gmt":"2021-11-14T18:20:56","guid":{"rendered":"https:\/\/www.mercadokeys.com\/producto\/lara-croft-and-the-temple-of-osiris-steam-cd-key\/"},"modified":"2022-06-29T06:04:47","modified_gmt":"2022-06-29T13:04:47","slug":"lara-croft-and-the-temple-of-osiris-steam-cd-key","status":"publish","type":"product","link":"https:\/\/www.mercadokeys.com.mx\/eng\/product\/lara-croft-and-the-temple-of-osiris-steam-cd-key\/","title":{"rendered":"Lara Croft and the Temple of Osiris Steam CD Key"},"content":{"rendered":"<p><span style=\"vertical-align: inherit;\">Lara Croft y Temple of Osiris es la secuela del t\u00edtulo digital aclamado por la cr\u00edtica de Crystal Dynamics, Lara Croft and the Guardian of Light. La aventura tiene lugar en las profundidades de los desiertos de Egipto, donde se acaba de descubrir un antiguo templo de Set. Set, el dios del caos, una vez gobern\u00f3 todo Egipto despu\u00e9s de asesinar a su hermano Osiris y esclavizar a los otros dioses, pero cuando Egipto ya no era suficiente, desapareci\u00f3 en la tierra de los muertos con la intenci\u00f3n de formar un ej\u00e9rcito que pudiera conquistar el mundo. pero nunca regres\u00f3. Lara Croft, famosa exploradora, pens\u00f3 que ser\u00eda la primera en llegar al templo, pero el arque\u00f3logo Carter Bell se adelant\u00f3 a la entrada. Cada uno de ellos esperaba encontrar el m\u00edtico Bast\u00f3n de Osiris, pero descubrieron m\u00e1s de lo que esperaban. El Templo era una prisi\u00f3n para Horus e Isis, el \u00faltimo de los viejos dioses no ligado a Set. Al ver el Bast\u00f3n, Carter lo sac\u00f3 de un mecanismo, activando la trampa destinada a mantener a Horus e Isis encarcelados. Lara y Carter ahora se encuentran marcados para la muerte. Horus e Isis, liberados de miles de a\u00f1os en prisi\u00f3n y en posesi\u00f3n del personal, prometen a Carter y Lara que los ayudar\u00e1n a resucitar a Osiris, el \u00fanico dios capaz de salvar a Lara y Carter del juicio, y el \u00fanico poder que puede esperar derrotar. Colocar. Con el objetivo com\u00fan de encontrar los fragmentos de Osiris y detener el regreso de Set, los compa\u00f1eros forman una alianza.<\/span><\/p>\n<p><span style=\"vertical-align: inherit;\"> Mientras luchan en su camino a trav\u00e9s de las arenas, deben enfrentarse a dioses y monstruos de mitos y leyendas enloquecidos y controlados por Set. Est\u00e1 en juego el destino del mundo, ya que Set re\u00fane sus poderes para regresar y reclamar su trono en el mundo de los vivos. con un ej\u00e9rcito de muertos detr\u00e1s de \u00e9l. Set sabe que la profec\u00eda ha llegado, con la intenci\u00f3n de rehacer el mundo a su propia imagen, una pesadilla de tormentas y muerte. Franquicia aclamada por la cr\u00edtica Secuela de la aclamada Lara Croft and the Guardian of Light, uno de los t\u00edtulos digitales m\u00e1s vendidos de todos los tiempos. Acci\u00f3n arcade cl\u00e1sica Primera experiencia multijugador cooperativa para 4 jugadores con Lara Croft. Haz que tus amigos jueguen como Carter, Isis y Horus mientras t\u00fa juegas como Lara en el modo historia totalmente cooperativo, compatible con y sin conexi\u00f3n. Cooperativo competitivo Compite contra tus amigos para ganar recompensas m\u00e1s grandes, desbloqueos de armas y artefactos para mejorar tu personaje. \u00bfTrabajar\u00e1n juntos o sacrificar\u00e1n a sus amigos por una puntuaci\u00f3n m\u00e1s alta? Experiencia de pr\u00f3xima generaci\u00f3n Im\u00e1genes impresionantes sin tiempos de carga y cientos de reliquias, armas,<\/span><\/p>","protected":false},"excerpt":{"rendered":"<p>Lara Croft y Temple of Osiris es la secuela del t\u00edtulo digital aclamado por la cr\u00edtica de Crystal Dynamics, Lara Croft and the Guardian of Light. La aventura tiene lugar en las profundidades de los desiertos de Egipto, donde se acaba de descubrir un antiguo templo de Set. Set, el dios del caos, una vez&#8230;<\/p>","protected":false},"featured_media":115482,"template":"","meta":{"_monsterinsights_skip_tracking":false,"_monsterinsights_sitenote_active":false,"_monsterinsights_sitenote_note":"","_monsterinsights_sitenote_category":0},"product_brand":[],"product_cat":[2981,1271,1283,1280,1273,1394,1427],"product_tag":[3563,3564],"class_list":{"0":"post-117756","1":"product","2":"type-product","3":"status-publish","4":"has-post-thumbnail","6":"product_cat-destacados","7":"product_cat-tienda-de-videojuegos-tijuana-mexico","8":"product_cat-tienda-de-videojuegos-plataformas-tijuana-mexico","9":"product_cat-tienda-de-videojuegos-pc-tijuana-mexico","10":"product_cat-tienda-de-videojuegos-steam-key-tijuana-mexico","11":"product_cat-tienda-de-videojuegos-aventura-tijuana-mexico","12":"product_cat-tienda-de-videojuegos-juegos-para-mando-tijuana-mexico","13":"product_tag-lara-croft-and-the-temple-of-osiris","14":"product_tag-lara-croft-and-the-temple-of-osiris-cd-key","16":"first","17":"instock","18":"shipping-taxable","19":"purchasable","20":"product-type-simple"},"yoast_head":"<!-- This site is optimized with the Yoast SEO plugin v27.0 - https:\/\/yoast.com\/product\/yoast-seo-wordpress\/ -->\n<title>Lara Croft and the Temple of Osiris Steam CD Key - MERCADOKEYS<\/title>\n<meta name=\"robots\" content=\"index, follow, max-snippet:-1, max-image-preview:large, max-video-preview:-1\" \/>\n<link rel=\"canonical\" href=\"https:\/\/www.mercadokeys.com\/product\/lara-croft-and-the-temple-of-osiris-steam-cd-key\/\" \/>\n<meta property=\"og:locale\" content=\"en_GB\" \/>\n<meta property=\"og:type\" content=\"article\" \/>\n<meta property=\"og:title\" content=\"Lara Croft and the Temple of Osiris Steam CD Key - MERCADOKEYS\" \/>\n<meta property=\"og:description\" content=\"Lara Croft y Temple of Osiris es la secuela del t\u00edtulo digital aclamado por la cr\u00edtica de Crystal Dynamics, Lara Croft and the Guardian of Light. La aventura tiene lugar en las profundidades de los desiertos de Egipto, donde se acaba de descubrir un antiguo templo de Set. Set, el dios del caos, una vez...\" \/>\n<meta property=\"og:url\" content=\"https:\/\/www.mercadokeys.com\/product\/lara-croft-and-the-temple-of-osiris-steam-cd-key\/\" \/>\n<meta property=\"og:site_name\" content=\"MERCADOKEYS\" \/>\n<meta property=\"article:modified_time\" content=\"2022-06-29T13:04:47+00:00\" \/>\n<meta property=\"og:image\" content=\"https:\/\/www.mercadokeys.com\/wp-content\/uploads\/2021\/07\/Lara-Croft-and-the-Temple-of-Osiris-Steam-CD-Key.jpg\" \/>\n\t<meta property=\"og:image:width\" content=\"460\" \/>\n\t<meta property=\"og:image:height\" content=\"672\" \/>\n\t<meta property=\"og:image:type\" content=\"image\/jpeg\" \/>\n<meta name=\"twitter:card\" content=\"summary_large_image\" \/>\n<meta name=\"twitter:label1\" content=\"Estimated reading time\" \/>\n\t<meta name=\"twitter:data1\" content=\"2 minutes\" \/>\n<script type=\"application\/ld+json\" class=\"yoast-schema-graph\">{\"@context\":\"https:\/\/schema.org\",\"@graph\":[{\"@type\":\"WebPage\",\"@id\":\"https:\/\/www.mercadokeys.com\/product\/lara-croft-and-the-temple-of-osiris-steam-cd-key\/\",\"url\":\"https:\/\/www.mercadokeys.com\/product\/lara-croft-and-the-temple-of-osiris-steam-cd-key\/\",\"name\":\"Lara Croft and the Temple of Osiris Steam CD Key - MERCADOKEYS\",\"isPartOf\":{\"@id\":\"https:\/\/www.mercadokeys.com\/eng\/#website\"},\"primaryImageOfPage\":{\"@id\":\"https:\/\/www.mercadokeys.com\/product\/lara-croft-and-the-temple-of-osiris-steam-cd-key\/#primaryimage\"},\"image\":{\"@id\":\"https:\/\/www.mercadokeys.com\/product\/lara-croft-and-the-temple-of-osiris-steam-cd-key\/#primaryimage\"},\"thumbnailUrl\":\"https:\/\/www.mercadokeys.com.mx\/wp-content\/uploads\/2021\/07\/Lara-Croft-and-the-Temple-of-Osiris-Steam-CD-Key.jpg\",\"datePublished\":\"2021-11-14T18:20:56+00:00\",\"dateModified\":\"2022-06-29T13:04:47+00:00\",\"breadcrumb\":{\"@id\":\"https:\/\/www.mercadokeys.com\/product\/lara-croft-and-the-temple-of-osiris-steam-cd-key\/#breadcrumb\"},\"inLanguage\":\"en-GB\",\"potentialAction\":[{\"@type\":\"ReadAction\",\"target\":[\"https:\/\/www.mercadokeys.com\/product\/lara-croft-and-the-temple-of-osiris-steam-cd-key\/\"]}]},{\"@type\":\"ImageObject\",\"inLanguage\":\"en-GB\",\"@id\":\"https:\/\/www.mercadokeys.com\/product\/lara-croft-and-the-temple-of-osiris-steam-cd-key\/#primaryimage\",\"url\":\"https:\/\/www.mercadokeys.com.mx\/wp-content\/uploads\/2021\/07\/Lara-Croft-and-the-Temple-of-Osiris-Steam-CD-Key.jpg\",\"contentUrl\":\"https:\/\/www.mercadokeys.com.mx\/wp-content\/uploads\/2021\/07\/Lara-Croft-and-the-Temple-of-Osiris-Steam-CD-Key.jpg\",\"width\":460,\"height\":672,\"caption\":\"Lara Croft and the Temple of Osiris Steam CD Key\"},{\"@type\":\"BreadcrumbList\",\"@id\":\"https:\/\/www.mercadokeys.com\/product\/lara-croft-and-the-temple-of-osiris-steam-cd-key\/#breadcrumb\",\"itemListElement\":[{\"@type\":\"ListItem\",\"position\":1,\"name\":\"Inicio\",\"item\":\"https:\/\/www.mercadokeys.com.mx\/\"},{\"@type\":\"ListItem\",\"position\":2,\"name\":\"Tienda\",\"item\":\"https:\/\/www.mercadokeys.com\/shop\/\"},{\"@type\":\"ListItem\",\"position\":3,\"name\":\"Lara Croft and the Temple of Osiris Steam CD Key\"}]},{\"@type\":\"WebSite\",\"@id\":\"https:\/\/www.mercadokeys.com\/eng\/#website\",\"url\":\"https:\/\/www.mercadokeys.com\/eng\/\",\"name\":\"MERCADOKEYS\",\"description\":\"Tu Tienda de videojuegos digitales en Mexico!\",\"potentialAction\":[{\"@type\":\"SearchAction\",\"target\":{\"@type\":\"EntryPoint\",\"urlTemplate\":\"https:\/\/www.mercadokeys.com\/eng\/?s={search_term_string}\"},\"query-input\":{\"@type\":\"PropertyValueSpecification\",\"valueRequired\":true,\"valueName\":\"search_term_string\"}}],\"inLanguage\":\"en-GB\"}]}<\/script>\n<!-- \/ Yoast SEO plugin. -->","yoast_head_json":{"title":"Lara Croft and the Temple of Osiris Steam CD Key - MERCADOKEYS","robots":{"index":"index","follow":"follow","max-snippet":"max-snippet:-1","max-image-preview":"max-image-preview:large","max-video-preview":"max-video-preview:-1"},"canonical":"https:\/\/www.mercadokeys.com\/product\/lara-croft-and-the-temple-of-osiris-steam-cd-key\/","og_locale":"en_GB","og_type":"article","og_title":"Lara Croft and the Temple of Osiris Steam CD Key - MERCADOKEYS","og_description":"Lara Croft y Temple of Osiris es la secuela del t\u00edtulo digital aclamado por la cr\u00edtica de Crystal Dynamics, Lara Croft and the Guardian of Light. La aventura tiene lugar en las profundidades de los desiertos de Egipto, donde se acaba de descubrir un antiguo templo de Set. Set, el dios del caos, una vez...","og_url":"https:\/\/www.mercadokeys.com\/product\/lara-croft-and-the-temple-of-osiris-steam-cd-key\/","og_site_name":"MERCADOKEYS","article_modified_time":"2022-06-29T13:04:47+00:00","og_image":[{"width":460,"height":672,"url":"https:\/\/www.mercadokeys.com\/wp-content\/uploads\/2021\/07\/Lara-Croft-and-the-Temple-of-Osiris-Steam-CD-Key.jpg","type":"image\/jpeg"}],"twitter_card":"summary_large_image","twitter_misc":{"Estimated reading time":"2 minutes"},"schema":{"@context":"https:\/\/schema.org","@graph":[{"@type":"WebPage","@id":"https:\/\/www.mercadokeys.com\/product\/lara-croft-and-the-temple-of-osiris-steam-cd-key\/","url":"https:\/\/www.mercadokeys.com\/product\/lara-croft-and-the-temple-of-osiris-steam-cd-key\/","name":"Lara Croft and the Temple of Osiris Steam CD Key - MERCADOKEYS","isPartOf":{"@id":"https:\/\/www.mercadokeys.com\/eng\/#website"},"primaryImageOfPage":{"@id":"https:\/\/www.mercadokeys.com\/product\/lara-croft-and-the-temple-of-osiris-steam-cd-key\/#primaryimage"},"image":{"@id":"https:\/\/www.mercadokeys.com\/product\/lara-croft-and-the-temple-of-osiris-steam-cd-key\/#primaryimage"},"thumbnailUrl":"https:\/\/www.mercadokeys.com.mx\/wp-content\/uploads\/2021\/07\/Lara-Croft-and-the-Temple-of-Osiris-Steam-CD-Key.jpg","datePublished":"2021-11-14T18:20:56+00:00","dateModified":"2022-06-29T13:04:47+00:00","breadcrumb":{"@id":"https:\/\/www.mercadokeys.com\/product\/lara-croft-and-the-temple-of-osiris-steam-cd-key\/#breadcrumb"},"inLanguage":"en-GB","potentialAction":[{"@type":"ReadAction","target":["https:\/\/www.mercadokeys.com\/product\/lara-croft-and-the-temple-of-osiris-steam-cd-key\/"]}]},{"@type":"ImageObject","inLanguage":"en-GB","@id":"https:\/\/www.mercadokeys.com\/product\/lara-croft-and-the-temple-of-osiris-steam-cd-key\/#primaryimage","url":"https:\/\/www.mercadokeys.com.mx\/wp-content\/uploads\/2021\/07\/Lara-Croft-and-the-Temple-of-Osiris-Steam-CD-Key.jpg","contentUrl":"https:\/\/www.mercadokeys.com.mx\/wp-content\/uploads\/2021\/07\/Lara-Croft-and-the-Temple-of-Osiris-Steam-CD-Key.jpg","width":460,"height":672,"caption":"Lara Croft and the Temple of Osiris Steam CD Key"},{"@type":"BreadcrumbList","@id":"https:\/\/www.mercadokeys.com\/product\/lara-croft-and-the-temple-of-osiris-steam-cd-key\/#breadcrumb","itemListElement":[{"@type":"ListItem","position":1,"name":"Inicio","item":"https:\/\/www.mercadokeys.com.mx\/"},{"@type":"ListItem","position":2,"name":"Tienda","item":"https:\/\/www.mercadokeys.com\/shop\/"},{"@type":"ListItem","position":3,"name":"Lara Croft and the Temple of Osiris Steam CD Key"}]},{"@type":"WebSite","@id":"https:\/\/www.mercadokeys.com\/eng\/#website","url":"https:\/\/www.mercadokeys.com\/eng\/","name":"MERCADOKEYS","description":"Tu Tienda de videojuegos digitales en Mexico!","potentialAction":[{"@type":"SearchAction","target":{"@type":"EntryPoint","urlTemplate":"https:\/\/www.mercadokeys.com\/eng\/?s={search_term_string}"},"query-input":{"@type":"PropertyValueSpecification","valueRequired":true,"valueName":"search_term_string"}}],"inLanguage":"en-GB"}]}},"df_price":61.469726,"df_sale_price":61.469726,"df_regular_price":61.469726,"df_image_link":"https:\/\/www.mercadokeys.com.mx\/wp-content\/uploads\/2021\/07\/Lara-Croft-and-the-Temple-of-Osiris-Steam-CD-Key-205x300.jpg","_links":{"self":[{"href":"https:\/\/www.mercadokeys.com.mx\/eng\/wp-json\/wp\/v2\/product\/117756","targetHints":{"allow":["GET"]}}],"collection":[{"href":"https:\/\/www.mercadokeys.com.mx\/eng\/wp-json\/wp\/v2\/product"}],"about":[{"href":"https:\/\/www.mercadokeys.com.mx\/eng\/wp-json\/wp\/v2\/types\/product"}],"wp:featuredmedia":[{"embeddable":true,"href":"https:\/\/www.mercadokeys.com.mx\/eng\/wp-json\/wp\/v2\/media\/115482"}],"wp:attachment":[{"href":"https:\/\/www.mercadokeys.com.mx\/eng\/wp-json\/wp\/v2\/media?parent=117756"}],"wp:term":[{"taxonomy":"product_brand","embeddable":true,"href":"https:\/\/www.mercadokeys.com.mx\/eng\/wp-json\/wp\/v2\/product_brand?post=117756"},{"taxonomy":"product_cat","embeddable":true,"href":"https:\/\/www.mercadokeys.com.mx\/eng\/wp-json\/wp\/v2\/product_cat?post=117756"},{"taxonomy":"product_tag","embeddable":true,"href":"https:\/\/www.mercadokeys.com.mx\/eng\/wp-json\/wp\/v2\/product_tag?post=117756"}],"curies":[{"name":"wp","href":"https:\/\/api.w.org\/{rel}","templated":true}]}}