{"id":117726,"date":"2021-11-14T10:16:40","date_gmt":"2021-11-14T18:16:40","guid":{"rendered":"https:\/\/www.mercadokeys.com\/producto\/god-eater-3-steam-key-global\/"},"modified":"2023-10-15T05:37:24","modified_gmt":"2023-10-15T12:37:24","slug":"god-eater-3-steam-key-global","status":"publish","type":"product","link":"https:\/\/www.mercadokeys.com.mx\/eng\/product\/god-eater-3-steam-key-global\/","title":{"rendered":"God Eater 3 Steam CD Key"},"content":{"rendered":"<p><strong><span style=\"vertical-align: inherit;\">God Eater <\/span><\/strong> <strong><span style=\"vertical-align: inherit;\">3<\/span><\/strong><span style=\"vertical-align: inherit;\"> es un juego de rol de acci\u00f3n con elementos de hack &#8216;n&#8217; slash que fue desarrollado por Marvelous First Studio y publicado por Bandai Namco Entertainment en febrero de 2019. Es la sexta entrega general y la tercera entrada principal de la serie aclamada por la cr\u00edtica. . El juego est\u00e1 ambientado en un mundo postapocal\u00edptico aterrorizado por monstruos gigantes llamados Aragami. El jugador toma el control del God Eater titular, guerrero encargado de derrotar a Aragami en una serie de misiones. El juego ofrece un modo cooperativo multijugador con hasta ocho jugadores enfrent\u00e1ndose a los enemigos al mismo tiempo.<\/span><\/p>\n<h3><span style=\"vertical-align: inherit;\">How to play<\/span><\/h3>\n<p><span style=\"vertical-align: inherit;\">God Eater 3 es un videojuego de acci\u00f3n y rol con una dosis s\u00f3lida de <\/span><b><span style=\"vertical-align: inherit;\">elementos<\/span><\/b><span style=\"vertical-align: inherit;\"> de <b>hack &#8216;n&#8217; slash<\/b> . Los jugadores toman el control de un God Eater y pueden personalizar su avatar en el juego libremente, decidiendo el nombre del personaje, el sexo, el peinado y el color de cabello, el tipo de rostro, la voz y muchas caracter\u00edsticas diferentes. El personaje del jugador est\u00e1 equipado con God Arc, un arma que se puede transformar en varios tipos de armas, como pistolas y espadas. El uso de armas de fuego consume Oracle Points, que se pueden reponer mediante el uso de armas blancas. Estos, sin embargo, agotan la resistencia del personaje, que se recarga con el tiempo. La resistencia tambi\u00e9n se gasta al correr, correr y saltar. El jugador puede gastar los puntos de habilidad obtenidos de los enemigos para mejorar sus armas y aumentar su efectividad en el combate.<\/span><\/p>\n<p><b><span style=\"vertical-align: inherit;\">El objetivo principal es derrotar a los Aragami<\/span><\/b><span style=\"vertical-align: inherit;\"> , monstruos gigantes que aterrorizan al mundo del juego. Los objetivos de la misi\u00f3n dictan el l\u00edmite de tiempo dentro del cual el jugador debe lidiar con todos los monstruos. Durante la batalla, hasta tres compa\u00f1eros de equipo ayudar\u00e1n al jugador. Si el jugador pierde todos sus puntos de salud, otros miembros del equipo usar\u00e1n Link Aid, un sistema que permite revivir a los personajes ca\u00eddos. El jugador tambi\u00e9n puede realizar Link Aid en uno de los miembros de su equipo.<\/span><\/p>\n<p><span style=\"vertical-align: inherit;\">Derrotar a Aragami le permite al equipo de jugadores recolectar los materiales de ellos usando la forma Predator de su God Arc. Si el jugador recolecta Aragami que todav\u00eda est\u00e1 vivo, soltar\u00e1 una Burst Bullet, que, cuando se dispara, lanza al personaje del jugador al modo Burst. En el modo R\u00e1faga, la fuerza, la velocidad y la regeneraci\u00f3n de los jugadores aumentan. Burst Bullets tambi\u00e9n se puede disparar a los compa\u00f1eros de equipo, y a trav\u00e9s del sistema llamado Link Burst, activando su Modo Burst.<\/span><\/p>\n<p><b><span style=\"vertical-align: inherit;\">God Eater 3\u00a0<\/span><\/b><span style=\"vertical-align: inherit;\"> presenta varias caracter\u00edsticas y movimientos nuevos como Dive, similar al tablero, pero los jugadores pueden usar su resistencia para correr hacia los enemigos encerrados; Burst Arts: los ataques en el modo Burst se mejoran o cambian por completo, los jugadores tambi\u00e9n pueden desbloquear efectos de Burst Arts que agregan m\u00e1s estilo a estos <\/span><b><span style=\"vertical-align: inherit;\">movimientos especiales<\/span><\/b><span style=\"vertical-align: inherit;\"> ;\u00a0 <\/span><span style=\"color: inherit;\"><span style=\"vertical-align: inherit;\">Instalaci\u00f3n de habilidades: habilidades individuales que se activan durante el modo Burst, no caben en los espacios de habilidades.\u00a0 <\/span><\/span><span style=\"color: inherit;\"><span style=\"vertical-align: inherit;\">Activador de aceleraci\u00f3n: ventajas especiales que se pueden activar realizando acciones espec\u00edficas, como proteger o devorar;\u00a0<\/span><\/span><span style=\"color: inherit;\"><span style=\"vertical-align: inherit;\">Participar: aumenta la fuerza peleando cerca de un compa\u00f1ero de equipo; llenar el medidor de Engage permite activar el Efecto de Engage; Biting-Edge y Ray Guns: nuevas formas de armas de corto y largo alcance God Eater. Biting-Edge se puede usar en modo de doble empu\u00f1adura o de corte, lo que transforma el arma en una enorme guja. Ray Gun dispara un flujo continuo de disparos l\u00e1ser cada vez m\u00e1s brillantes, y el tiempo es crucial para dominar por completo el potencial de esta arma.<\/span><\/span><\/p>\n<h3><span style=\"vertical-align: inherit;\">Historia y personajes<\/span><\/h3>\n<p><span style=\"vertical-align: inherit;\">La historia de God Eater 3 tiene lugar en Ashlands, un mundo devorado por cenizas corrosivas. Los restos de la humanidad se concentran en los Puertos, donde surge un nuevo tipo de God Eaters para hacer frente a la amenaza de los Aragami. Como uno de los Personajes, o EDAD, el jugador debe embarcarse en Ashlands y poner fin al reinado de estas monstruosas bestias.<\/span><\/p>\n<h3><span style=\"vertical-align: inherit;\">Reception<\/span><\/h3>\n<p><span style=\"vertical-align: inherit;\">God Eater 3 para PC recibi\u00f3 cr\u00edticas generalmente positivas, con cr\u00edticos y fan\u00e1ticos elogiando la acci\u00f3n al estilo anime y las opciones de personalizaci\u00f3n. El juego fue nombrado un digno sucesor de la serie y hab\u00eda sido un \u00e9xito comercial y de cr\u00edtica.<\/span><\/p>","protected":false},"excerpt":{"rendered":"<p>God Eater 3 es un juego de rol de acci\u00f3n con elementos de hack &#8216;n&#8217; slash que fue desarrollado por Marvelous First Studio y publicado por Bandai Namco Entertainment en febrero de 2019. Es la sexta entrega general y la tercera entrada principal de la serie aclamada por la cr\u00edtica. . El juego est\u00e1 ambientado&#8230;<\/p>","protected":false},"featured_media":117727,"template":"","meta":{"_monsterinsights_skip_tracking":false,"_monsterinsights_sitenote_active":false,"_monsterinsights_sitenote_note":"","_monsterinsights_sitenote_category":0},"product_brand":[],"product_cat":[2981,1271,1283,1280,1273,1392,1427],"product_tag":[3578,3577],"class_list":{"0":"post-117726","1":"product","2":"type-product","3":"status-publish","4":"has-post-thumbnail","6":"product_cat-destacados","7":"product_cat-tienda-de-videojuegos-tijuana-mexico","8":"product_cat-tienda-de-videojuegos-plataformas-tijuana-mexico","9":"product_cat-tienda-de-videojuegos-pc-tijuana-mexico","10":"product_cat-tienda-de-videojuegos-steam-key-tijuana-mexico","11":"product_cat-tienda-de-videojuegos-accion-tijuana-mexico","12":"product_cat-tienda-de-videojuegos-juegos-para-mando-tijuana-mexico","13":"product_tag-god-eater-3","14":"product_tag-god-eater-3-steam-cd-key","16":"first","17":"instock","18":"shipping-taxable","19":"purchasable","20":"product-type-simple"},"yoast_head":"<!-- This site is optimized with the Yoast SEO plugin v27.0 - https:\/\/yoast.com\/product\/yoast-seo-wordpress\/ -->\n<title>God Eater 3 Steam CD Key - MERCADOKEYS<\/title>\n<meta name=\"robots\" content=\"index, follow, max-snippet:-1, max-image-preview:large, max-video-preview:-1\" \/>\n<link rel=\"canonical\" href=\"https:\/\/www.mercadokeys.com\/product\/god-eater-3-steam-key-global\/\" \/>\n<meta property=\"og:locale\" content=\"en_GB\" \/>\n<meta property=\"og:type\" content=\"article\" \/>\n<meta property=\"og:title\" content=\"God Eater 3 Steam CD Key - MERCADOKEYS\" \/>\n<meta property=\"og:description\" content=\"God Eater 3 es un juego de rol de acci\u00f3n con elementos de hack &#8216;n&#8217; slash que fue desarrollado por Marvelous First Studio y publicado por Bandai Namco Entertainment en febrero de 2019. Es la sexta entrega general y la tercera entrada principal de la serie aclamada por la cr\u00edtica. . El juego est\u00e1 ambientado...\" \/>\n<meta property=\"og:url\" content=\"https:\/\/www.mercadokeys.com\/product\/god-eater-3-steam-key-global\/\" \/>\n<meta property=\"og:site_name\" content=\"MERCADOKEYS\" \/>\n<meta property=\"article:modified_time\" content=\"2023-10-15T12:37:24+00:00\" \/>\n<meta property=\"og:image\" content=\"https:\/\/www.mercadokeys.com\/wp-content\/uploads\/2021\/11\/43610.jpg\" \/>\n\t<meta property=\"og:image:width\" content=\"230\" \/>\n\t<meta property=\"og:image:height\" content=\"336\" \/>\n\t<meta property=\"og:image:type\" content=\"image\/jpeg\" \/>\n<meta name=\"twitter:card\" content=\"summary_large_image\" \/>\n<meta name=\"twitter:label1\" content=\"Estimated reading time\" \/>\n\t<meta name=\"twitter:data1\" content=\"4 minutes\" \/>\n<script type=\"application\/ld+json\" class=\"yoast-schema-graph\">{\"@context\":\"https:\/\/schema.org\",\"@graph\":[{\"@type\":\"WebPage\",\"@id\":\"https:\/\/www.mercadokeys.com\/product\/god-eater-3-steam-key-global\/\",\"url\":\"https:\/\/www.mercadokeys.com\/product\/god-eater-3-steam-key-global\/\",\"name\":\"God Eater 3 Steam CD Key - MERCADOKEYS\",\"isPartOf\":{\"@id\":\"https:\/\/www.mercadokeys.com\/eng\/#website\"},\"primaryImageOfPage\":{\"@id\":\"https:\/\/www.mercadokeys.com\/product\/god-eater-3-steam-key-global\/#primaryimage\"},\"image\":{\"@id\":\"https:\/\/www.mercadokeys.com\/product\/god-eater-3-steam-key-global\/#primaryimage\"},\"thumbnailUrl\":\"https:\/\/www.mercadokeys.com.mx\/wp-content\/uploads\/2021\/11\/43610.jpg\",\"datePublished\":\"2021-11-14T18:16:40+00:00\",\"dateModified\":\"2023-10-15T12:37:24+00:00\",\"breadcrumb\":{\"@id\":\"https:\/\/www.mercadokeys.com\/product\/god-eater-3-steam-key-global\/#breadcrumb\"},\"inLanguage\":\"en-GB\",\"potentialAction\":[{\"@type\":\"ReadAction\",\"target\":[\"https:\/\/www.mercadokeys.com\/product\/god-eater-3-steam-key-global\/\"]}]},{\"@type\":\"ImageObject\",\"inLanguage\":\"en-GB\",\"@id\":\"https:\/\/www.mercadokeys.com\/product\/god-eater-3-steam-key-global\/#primaryimage\",\"url\":\"https:\/\/www.mercadokeys.com.mx\/wp-content\/uploads\/2021\/11\/43610.jpg\",\"contentUrl\":\"https:\/\/www.mercadokeys.com.mx\/wp-content\/uploads\/2021\/11\/43610.jpg\",\"width\":230,\"height\":336},{\"@type\":\"BreadcrumbList\",\"@id\":\"https:\/\/www.mercadokeys.com\/product\/god-eater-3-steam-key-global\/#breadcrumb\",\"itemListElement\":[{\"@type\":\"ListItem\",\"position\":1,\"name\":\"Inicio\",\"item\":\"https:\/\/www.mercadokeys.com.mx\/\"},{\"@type\":\"ListItem\",\"position\":2,\"name\":\"Tienda\",\"item\":\"https:\/\/www.mercadokeys.com\/shop\/\"},{\"@type\":\"ListItem\",\"position\":3,\"name\":\"God Eater 3 Steam CD Key\"}]},{\"@type\":\"WebSite\",\"@id\":\"https:\/\/www.mercadokeys.com\/eng\/#website\",\"url\":\"https:\/\/www.mercadokeys.com\/eng\/\",\"name\":\"MERCADOKEYS\",\"description\":\"Tu Tienda de videojuegos digitales en Mexico!\",\"potentialAction\":[{\"@type\":\"SearchAction\",\"target\":{\"@type\":\"EntryPoint\",\"urlTemplate\":\"https:\/\/www.mercadokeys.com\/eng\/?s={search_term_string}\"},\"query-input\":{\"@type\":\"PropertyValueSpecification\",\"valueRequired\":true,\"valueName\":\"search_term_string\"}}],\"inLanguage\":\"en-GB\"}]}<\/script>\n<!-- \/ Yoast SEO plugin. -->","yoast_head_json":{"title":"God Eater 3 Steam CD Key - MERCADOKEYS","robots":{"index":"index","follow":"follow","max-snippet":"max-snippet:-1","max-image-preview":"max-image-preview:large","max-video-preview":"max-video-preview:-1"},"canonical":"https:\/\/www.mercadokeys.com\/product\/god-eater-3-steam-key-global\/","og_locale":"en_GB","og_type":"article","og_title":"God Eater 3 Steam CD Key - MERCADOKEYS","og_description":"God Eater 3 es un juego de rol de acci\u00f3n con elementos de hack &#8216;n&#8217; slash que fue desarrollado por Marvelous First Studio y publicado por Bandai Namco Entertainment en febrero de 2019. Es la sexta entrega general y la tercera entrada principal de la serie aclamada por la cr\u00edtica. . El juego est\u00e1 ambientado...","og_url":"https:\/\/www.mercadokeys.com\/product\/god-eater-3-steam-key-global\/","og_site_name":"MERCADOKEYS","article_modified_time":"2023-10-15T12:37:24+00:00","og_image":[{"width":230,"height":336,"url":"https:\/\/www.mercadokeys.com\/wp-content\/uploads\/2021\/11\/43610.jpg","type":"image\/jpeg"}],"twitter_card":"summary_large_image","twitter_misc":{"Estimated reading time":"4 minutes"},"schema":{"@context":"https:\/\/schema.org","@graph":[{"@type":"WebPage","@id":"https:\/\/www.mercadokeys.com\/product\/god-eater-3-steam-key-global\/","url":"https:\/\/www.mercadokeys.com\/product\/god-eater-3-steam-key-global\/","name":"God Eater 3 Steam CD Key - MERCADOKEYS","isPartOf":{"@id":"https:\/\/www.mercadokeys.com\/eng\/#website"},"primaryImageOfPage":{"@id":"https:\/\/www.mercadokeys.com\/product\/god-eater-3-steam-key-global\/#primaryimage"},"image":{"@id":"https:\/\/www.mercadokeys.com\/product\/god-eater-3-steam-key-global\/#primaryimage"},"thumbnailUrl":"https:\/\/www.mercadokeys.com.mx\/wp-content\/uploads\/2021\/11\/43610.jpg","datePublished":"2021-11-14T18:16:40+00:00","dateModified":"2023-10-15T12:37:24+00:00","breadcrumb":{"@id":"https:\/\/www.mercadokeys.com\/product\/god-eater-3-steam-key-global\/#breadcrumb"},"inLanguage":"en-GB","potentialAction":[{"@type":"ReadAction","target":["https:\/\/www.mercadokeys.com\/product\/god-eater-3-steam-key-global\/"]}]},{"@type":"ImageObject","inLanguage":"en-GB","@id":"https:\/\/www.mercadokeys.com\/product\/god-eater-3-steam-key-global\/#primaryimage","url":"https:\/\/www.mercadokeys.com.mx\/wp-content\/uploads\/2021\/11\/43610.jpg","contentUrl":"https:\/\/www.mercadokeys.com.mx\/wp-content\/uploads\/2021\/11\/43610.jpg","width":230,"height":336},{"@type":"BreadcrumbList","@id":"https:\/\/www.mercadokeys.com\/product\/god-eater-3-steam-key-global\/#breadcrumb","itemListElement":[{"@type":"ListItem","position":1,"name":"Inicio","item":"https:\/\/www.mercadokeys.com.mx\/"},{"@type":"ListItem","position":2,"name":"Tienda","item":"https:\/\/www.mercadokeys.com\/shop\/"},{"@type":"ListItem","position":3,"name":"God Eater 3 Steam CD Key"}]},{"@type":"WebSite","@id":"https:\/\/www.mercadokeys.com\/eng\/#website","url":"https:\/\/www.mercadokeys.com\/eng\/","name":"MERCADOKEYS","description":"Tu Tienda de videojuegos digitales en Mexico!","potentialAction":[{"@type":"SearchAction","target":{"@type":"EntryPoint","urlTemplate":"https:\/\/www.mercadokeys.com\/eng\/?s={search_term_string}"},"query-input":{"@type":"PropertyValueSpecification","valueRequired":true,"valueName":"search_term_string"}}],"inLanguage":"en-GB"}]}},"df_price":273.039944,"df_sale_price":273.039944,"df_regular_price":273.039944,"df_image_link":"https:\/\/www.mercadokeys.com.mx\/wp-content\/uploads\/2021\/11\/43610-205x300.jpg","_links":{"self":[{"href":"https:\/\/www.mercadokeys.com.mx\/eng\/wp-json\/wp\/v2\/product\/117726","targetHints":{"allow":["GET"]}}],"collection":[{"href":"https:\/\/www.mercadokeys.com.mx\/eng\/wp-json\/wp\/v2\/product"}],"about":[{"href":"https:\/\/www.mercadokeys.com.mx\/eng\/wp-json\/wp\/v2\/types\/product"}],"wp:featuredmedia":[{"embeddable":true,"href":"https:\/\/www.mercadokeys.com.mx\/eng\/wp-json\/wp\/v2\/media\/117727"}],"wp:attachment":[{"href":"https:\/\/www.mercadokeys.com.mx\/eng\/wp-json\/wp\/v2\/media?parent=117726"}],"wp:term":[{"taxonomy":"product_brand","embeddable":true,"href":"https:\/\/www.mercadokeys.com.mx\/eng\/wp-json\/wp\/v2\/product_brand?post=117726"},{"taxonomy":"product_cat","embeddable":true,"href":"https:\/\/www.mercadokeys.com.mx\/eng\/wp-json\/wp\/v2\/product_cat?post=117726"},{"taxonomy":"product_tag","embeddable":true,"href":"https:\/\/www.mercadokeys.com.mx\/eng\/wp-json\/wp\/v2\/product_tag?post=117726"}],"curies":[{"name":"wp","href":"https:\/\/api.w.org\/{rel}","templated":true}]}}