{"id":117705,"date":"2021-11-14T10:13:58","date_gmt":"2021-11-14T18:13:58","guid":{"rendered":"https:\/\/www.mercadokeys.com\/producto\/cloudpunk-steam-cd-key-2\/"},"modified":"2022-06-29T06:07:40","modified_gmt":"2022-06-29T13:07:40","slug":"cloudpunk-steam-cd-key-2","status":"publish","type":"product","link":"https:\/\/www.mercadokeys.com.mx\/eng\/product\/cloudpunk-steam-cd-key-2\/","title":{"rendered":"Cloudpunk Steam CD Key"},"content":{"rendered":"<p>Tu nombre es Rania. Es tu primera noche trabajando para Cloudpunk, la compa\u00f1\u00eda semi-legal de entregas con sede en la extensa ciudad de Nivalis. Ir\u00e1s a todas partes, desde la M\u00e9dula en la parte inferior hasta las agujas que atraviesan las grises nubes justo antes de tocar el borde de la trop\u00f3sfera. Ninguna entrega es demasiado peligrosa y nadie es m\u00e1s r\u00e1pido que un operador de Cloudpunk.<\/p>","protected":false},"excerpt":{"rendered":"<p>Tu nombre es Rania. Es tu primera noche trabajando para Cloudpunk, la compa\u00f1\u00eda semi-legal de entregas con sede en la extensa ciudad de Nivalis. Ir\u00e1s a todas partes, desde la M\u00e9dula en la parte inferior hasta las agujas que atraviesan las grises nubes justo antes de tocar el borde de la trop\u00f3sfera. Ninguna entrega es&#8230;<\/p>","protected":false},"featured_media":118403,"template":"","meta":{"_monsterinsights_skip_tracking":false,"_monsterinsights_sitenote_active":false,"_monsterinsights_sitenote_note":"","_monsterinsights_sitenote_category":0},"product_brand":[],"product_cat":[2981,1271,1283,1280,1273,1394,1393,1298,1427],"product_tag":[2145,3590],"class_list":{"0":"post-117705","1":"product","2":"type-product","3":"status-publish","4":"has-post-thumbnail","6":"product_cat-destacados","7":"product_cat-tienda-de-videojuegos-tijuana-mexico","8":"product_cat-tienda-de-videojuegos-plataformas-tijuana-mexico","9":"product_cat-tienda-de-videojuegos-pc-tijuana-mexico","10":"product_cat-tienda-de-videojuegos-steam-key-tijuana-mexico","11":"product_cat-tienda-de-videojuegos-aventura-tijuana-mexico","12":"product_cat-tienda-de-videojuegos-indie-tijuana-mexico","13":"product_cat-tienda-de-videojuegos-rol-tijuana-mexico","14":"product_cat-tienda-de-videojuegos-juegos-para-mando-tijuana-mexico","15":"product_tag-cloudpunk","16":"product_tag-cloudpunk-cd-keys","18":"first","19":"instock","20":"shipping-taxable","21":"purchasable","22":"product-type-simple"},"yoast_head":"<!-- This site is optimized with the Yoast SEO plugin v27.0 - https:\/\/yoast.com\/product\/yoast-seo-wordpress\/ -->\n<title>Cloudpunk Steam CD Key - MERCADOKEYS<\/title>\n<meta name=\"robots\" content=\"index, follow, max-snippet:-1, max-image-preview:large, max-video-preview:-1\" \/>\n<link rel=\"canonical\" href=\"https:\/\/www.mercadokeys.com\/product\/cloudpunk-steam-cd-key-2\/\" \/>\n<meta property=\"og:locale\" content=\"en_GB\" \/>\n<meta property=\"og:type\" content=\"article\" \/>\n<meta property=\"og:title\" content=\"Cloudpunk Steam CD Key - MERCADOKEYS\" \/>\n<meta property=\"og:description\" content=\"Tu nombre es Rania. Es tu primera noche trabajando para Cloudpunk, la compa\u00f1\u00eda semi-legal de entregas con sede en la extensa ciudad de Nivalis. Ir\u00e1s a todas partes, desde la M\u00e9dula en la parte inferior hasta las agujas que atraviesan las grises nubes justo antes de tocar el borde de la trop\u00f3sfera. Ninguna entrega es...\" \/>\n<meta property=\"og:url\" content=\"https:\/\/www.mercadokeys.com\/product\/cloudpunk-steam-cd-key-2\/\" \/>\n<meta property=\"og:site_name\" content=\"MERCADOKEYS\" \/>\n<meta property=\"article:modified_time\" content=\"2022-06-29T13:07:40+00:00\" \/>\n<meta property=\"og:image\" content=\"https:\/\/www.mercadokeys.com\/wp-content\/uploads\/2021\/11\/Cloudpunk-Steam-CD-Key.jpg\" \/>\n\t<meta property=\"og:image:width\" content=\"487\" \/>\n\t<meta property=\"og:image:height\" content=\"676\" \/>\n\t<meta property=\"og:image:type\" content=\"image\/jpeg\" \/>\n<meta name=\"twitter:card\" content=\"summary_large_image\" \/>\n<meta name=\"twitter:label1\" content=\"Estimated reading time\" \/>\n\t<meta name=\"twitter:data1\" content=\"1 minute\" \/>\n<script type=\"application\/ld+json\" class=\"yoast-schema-graph\">{\"@context\":\"https:\/\/schema.org\",\"@graph\":[{\"@type\":\"WebPage\",\"@id\":\"https:\/\/www.mercadokeys.com\/product\/cloudpunk-steam-cd-key-2\/\",\"url\":\"https:\/\/www.mercadokeys.com\/product\/cloudpunk-steam-cd-key-2\/\",\"name\":\"Cloudpunk Steam CD Key - MERCADOKEYS\",\"isPartOf\":{\"@id\":\"https:\/\/www.mercadokeys.com\/eng\/#website\"},\"primaryImageOfPage\":{\"@id\":\"https:\/\/www.mercadokeys.com\/product\/cloudpunk-steam-cd-key-2\/#primaryimage\"},\"image\":{\"@id\":\"https:\/\/www.mercadokeys.com\/product\/cloudpunk-steam-cd-key-2\/#primaryimage\"},\"thumbnailUrl\":\"https:\/\/www.mercadokeys.com.mx\/wp-content\/uploads\/2021\/11\/Cloudpunk-Steam-CD-Key.jpg\",\"datePublished\":\"2021-11-14T18:13:58+00:00\",\"dateModified\":\"2022-06-29T13:07:40+00:00\",\"breadcrumb\":{\"@id\":\"https:\/\/www.mercadokeys.com\/product\/cloudpunk-steam-cd-key-2\/#breadcrumb\"},\"inLanguage\":\"en-GB\",\"potentialAction\":[{\"@type\":\"ReadAction\",\"target\":[\"https:\/\/www.mercadokeys.com\/product\/cloudpunk-steam-cd-key-2\/\"]}]},{\"@type\":\"ImageObject\",\"inLanguage\":\"en-GB\",\"@id\":\"https:\/\/www.mercadokeys.com\/product\/cloudpunk-steam-cd-key-2\/#primaryimage\",\"url\":\"https:\/\/www.mercadokeys.com.mx\/wp-content\/uploads\/2021\/11\/Cloudpunk-Steam-CD-Key.jpg\",\"contentUrl\":\"https:\/\/www.mercadokeys.com.mx\/wp-content\/uploads\/2021\/11\/Cloudpunk-Steam-CD-Key.jpg\",\"width\":487,\"height\":676,\"caption\":\"Cloudpunk Steam CD Key\"},{\"@type\":\"BreadcrumbList\",\"@id\":\"https:\/\/www.mercadokeys.com\/product\/cloudpunk-steam-cd-key-2\/#breadcrumb\",\"itemListElement\":[{\"@type\":\"ListItem\",\"position\":1,\"name\":\"Inicio\",\"item\":\"https:\/\/www.mercadokeys.com.mx\/\"},{\"@type\":\"ListItem\",\"position\":2,\"name\":\"Tienda\",\"item\":\"https:\/\/www.mercadokeys.com\/shop\/\"},{\"@type\":\"ListItem\",\"position\":3,\"name\":\"Cloudpunk Steam CD Key\"}]},{\"@type\":\"WebSite\",\"@id\":\"https:\/\/www.mercadokeys.com\/eng\/#website\",\"url\":\"https:\/\/www.mercadokeys.com\/eng\/\",\"name\":\"MERCADOKEYS\",\"description\":\"Tu Tienda de videojuegos digitales en Mexico!\",\"potentialAction\":[{\"@type\":\"SearchAction\",\"target\":{\"@type\":\"EntryPoint\",\"urlTemplate\":\"https:\/\/www.mercadokeys.com\/eng\/?s={search_term_string}\"},\"query-input\":{\"@type\":\"PropertyValueSpecification\",\"valueRequired\":true,\"valueName\":\"search_term_string\"}}],\"inLanguage\":\"en-GB\"}]}<\/script>\n<!-- \/ Yoast SEO plugin. -->","yoast_head_json":{"title":"Cloudpunk Steam CD Key - MERCADOKEYS","robots":{"index":"index","follow":"follow","max-snippet":"max-snippet:-1","max-image-preview":"max-image-preview:large","max-video-preview":"max-video-preview:-1"},"canonical":"https:\/\/www.mercadokeys.com\/product\/cloudpunk-steam-cd-key-2\/","og_locale":"en_GB","og_type":"article","og_title":"Cloudpunk Steam CD Key - MERCADOKEYS","og_description":"Tu nombre es Rania. Es tu primera noche trabajando para Cloudpunk, la compa\u00f1\u00eda semi-legal de entregas con sede en la extensa ciudad de Nivalis. Ir\u00e1s a todas partes, desde la M\u00e9dula en la parte inferior hasta las agujas que atraviesan las grises nubes justo antes de tocar el borde de la trop\u00f3sfera. Ninguna entrega es...","og_url":"https:\/\/www.mercadokeys.com\/product\/cloudpunk-steam-cd-key-2\/","og_site_name":"MERCADOKEYS","article_modified_time":"2022-06-29T13:07:40+00:00","og_image":[{"width":487,"height":676,"url":"https:\/\/www.mercadokeys.com\/wp-content\/uploads\/2021\/11\/Cloudpunk-Steam-CD-Key.jpg","type":"image\/jpeg"}],"twitter_card":"summary_large_image","twitter_misc":{"Estimated reading time":"1 minute"},"schema":{"@context":"https:\/\/schema.org","@graph":[{"@type":"WebPage","@id":"https:\/\/www.mercadokeys.com\/product\/cloudpunk-steam-cd-key-2\/","url":"https:\/\/www.mercadokeys.com\/product\/cloudpunk-steam-cd-key-2\/","name":"Cloudpunk Steam CD Key - MERCADOKEYS","isPartOf":{"@id":"https:\/\/www.mercadokeys.com\/eng\/#website"},"primaryImageOfPage":{"@id":"https:\/\/www.mercadokeys.com\/product\/cloudpunk-steam-cd-key-2\/#primaryimage"},"image":{"@id":"https:\/\/www.mercadokeys.com\/product\/cloudpunk-steam-cd-key-2\/#primaryimage"},"thumbnailUrl":"https:\/\/www.mercadokeys.com.mx\/wp-content\/uploads\/2021\/11\/Cloudpunk-Steam-CD-Key.jpg","datePublished":"2021-11-14T18:13:58+00:00","dateModified":"2022-06-29T13:07:40+00:00","breadcrumb":{"@id":"https:\/\/www.mercadokeys.com\/product\/cloudpunk-steam-cd-key-2\/#breadcrumb"},"inLanguage":"en-GB","potentialAction":[{"@type":"ReadAction","target":["https:\/\/www.mercadokeys.com\/product\/cloudpunk-steam-cd-key-2\/"]}]},{"@type":"ImageObject","inLanguage":"en-GB","@id":"https:\/\/www.mercadokeys.com\/product\/cloudpunk-steam-cd-key-2\/#primaryimage","url":"https:\/\/www.mercadokeys.com.mx\/wp-content\/uploads\/2021\/11\/Cloudpunk-Steam-CD-Key.jpg","contentUrl":"https:\/\/www.mercadokeys.com.mx\/wp-content\/uploads\/2021\/11\/Cloudpunk-Steam-CD-Key.jpg","width":487,"height":676,"caption":"Cloudpunk Steam CD Key"},{"@type":"BreadcrumbList","@id":"https:\/\/www.mercadokeys.com\/product\/cloudpunk-steam-cd-key-2\/#breadcrumb","itemListElement":[{"@type":"ListItem","position":1,"name":"Inicio","item":"https:\/\/www.mercadokeys.com.mx\/"},{"@type":"ListItem","position":2,"name":"Tienda","item":"https:\/\/www.mercadokeys.com\/shop\/"},{"@type":"ListItem","position":3,"name":"Cloudpunk Steam CD Key"}]},{"@type":"WebSite","@id":"https:\/\/www.mercadokeys.com\/eng\/#website","url":"https:\/\/www.mercadokeys.com\/eng\/","name":"MERCADOKEYS","description":"Tu Tienda de videojuegos digitales en Mexico!","potentialAction":[{"@type":"SearchAction","target":{"@type":"EntryPoint","urlTemplate":"https:\/\/www.mercadokeys.com\/eng\/?s={search_term_string}"},"query-input":{"@type":"PropertyValueSpecification","valueRequired":true,"valueName":"search_term_string"}}],"inLanguage":"en-GB"}]}},"df_price":73.477765,"df_sale_price":73.477765,"df_regular_price":73.477765,"df_image_link":"https:\/\/www.mercadokeys.com.mx\/wp-content\/uploads\/2021\/11\/Cloudpunk-Steam-CD-Key-216x300.jpg","_links":{"self":[{"href":"https:\/\/www.mercadokeys.com.mx\/eng\/wp-json\/wp\/v2\/product\/117705","targetHints":{"allow":["GET"]}}],"collection":[{"href":"https:\/\/www.mercadokeys.com.mx\/eng\/wp-json\/wp\/v2\/product"}],"about":[{"href":"https:\/\/www.mercadokeys.com.mx\/eng\/wp-json\/wp\/v2\/types\/product"}],"wp:featuredmedia":[{"embeddable":true,"href":"https:\/\/www.mercadokeys.com.mx\/eng\/wp-json\/wp\/v2\/media\/118403"}],"wp:attachment":[{"href":"https:\/\/www.mercadokeys.com.mx\/eng\/wp-json\/wp\/v2\/media?parent=117705"}],"wp:term":[{"taxonomy":"product_brand","embeddable":true,"href":"https:\/\/www.mercadokeys.com.mx\/eng\/wp-json\/wp\/v2\/product_brand?post=117705"},{"taxonomy":"product_cat","embeddable":true,"href":"https:\/\/www.mercadokeys.com.mx\/eng\/wp-json\/wp\/v2\/product_cat?post=117705"},{"taxonomy":"product_tag","embeddable":true,"href":"https:\/\/www.mercadokeys.com.mx\/eng\/wp-json\/wp\/v2\/product_tag?post=117705"}],"curies":[{"name":"wp","href":"https:\/\/api.w.org\/{rel}","templated":true}]}}