{"id":117699,"date":"2021-11-14T10:13:27","date_gmt":"2021-11-14T18:13:27","guid":{"rendered":"https:\/\/www.mercadokeys.com\/producto\/f1-2021-steam-cd-key-2\/"},"modified":"2022-06-29T06:09:05","modified_gmt":"2022-06-29T13:09:05","slug":"f1-2021-steam-cd-key-2","status":"publish","type":"product","link":"https:\/\/www.mercadokeys.com.mx\/eng\/product\/f1-2021-steam-cd-key-2\/","title":{"rendered":"F1 2021 Steam CD Key"},"content":{"rendered":"<p>Toda historia tiene un comienzo en F1\u00ae 2021, el videojuego oficial del 2021 FIA FORMULA ONE WORLD CHAMPIONSHIP\u2122. Disfruta de lo nuevo en F1\u00ae 2021: la emocionante historia &#8216;Braking Point&#8217;, el modo carrera de dos jugadores y la posibilidad de acercarte m\u00e1s a la grilla con &#8216;Inicio Real de Temporada&#8217;. Lleva a tu equipo a la cima en el modo &#8216;Mi equipo&#8217; o compite en pantalla dividida o en multijugador. Compite en el espect\u00e1culo m\u00e1s grande del automovilismo y corre con veinte pilotos y diez equipos emblem\u00e1ticos de la temporada 2021:<br \/>\n&#8211; &#8216;Braking Point&#8217;, la nueva y emocionante historia<br \/>\n&#8211; Nuevas formas de jugar: modo carrera de dos jugadores e &#8216;Inicio Real de Temporada&#8217;<br \/>\n&#8211; El reconocido modo &#8216;Mi equipo&#8217;, as\u00ed como juego en pantalla dividida y multijugad<\/p>","protected":false},"excerpt":{"rendered":"<p>Toda historia tiene un comienzo en F1\u00ae 2021, el videojuego oficial del 2021 FIA FORMULA ONE WORLD CHAMPIONSHIP\u2122. Disfruta de lo nuevo en F1\u00ae 2021: la emocionante historia &#8216;Braking Point&#8217;, el modo carrera de dos jugadores y la posibilidad de acercarte m\u00e1s a la grilla con &#8216;Inicio Real de Temporada&#8217;. Lleva a tu equipo a&#8230;<\/p>","protected":false},"featured_media":114465,"template":"","meta":{"_monsterinsights_skip_tracking":false,"_monsterinsights_sitenote_active":false,"_monsterinsights_sitenote_note":"","_monsterinsights_sitenote_category":0},"product_brand":[],"product_cat":[2981,3596,1271,1420,1283,1280,1273,1396,1292,1313,1428,1427],"product_tag":[3592,3593,3591],"class_list":{"0":"post-117699","1":"product","2":"type-product","3":"status-publish","4":"has-post-thumbnail","6":"product_cat-destacados","7":"product_cat-tienda-de-videojuegos-steam-recomendados-en-tijuana-mexico","8":"product_cat-tienda-de-videojuegos-tijuana-mexico","9":"product_cat-tienda-de-videojuegos-populares-tijuana-mexico","10":"product_cat-tienda-de-videojuegos-plataformas-tijuana-mexico","11":"product_cat-tienda-de-videojuegos-pc-tijuana-mexico","12":"product_cat-tienda-de-videojuegos-steam-key-tijuana-mexico","13":"product_cat-tienda-de-videojuegos-simulacion-tijuana-mexico","14":"product_cat-tienda-de-videojuegos-carreras-tijuana-mexico","15":"product_cat-tienda-de-videojuegos-deportes-tijuana-mexico","16":"product_cat-tienda-de-videojuegos-cooperativos-tijuana-mexico","17":"product_cat-tienda-de-videojuegos-juegos-para-mando-tijuana-mexico","18":"product_tag-f1-2021","19":"product_tag-f1-2021-cd-key","20":"product_tag-f1-2021-steam-cd-key","22":"first","23":"instock","24":"shipping-taxable","25":"purchasable","26":"product-type-simple"},"yoast_head":"<!-- This site is optimized with the Yoast SEO plugin v27.0 - https:\/\/yoast.com\/product\/yoast-seo-wordpress\/ -->\n<title>F1 2021 Steam CD Key - MERCADOKEYS<\/title>\n<meta name=\"robots\" content=\"index, follow, max-snippet:-1, max-image-preview:large, max-video-preview:-1\" \/>\n<link rel=\"canonical\" href=\"https:\/\/www.mercadokeys.com\/product\/f1-2021-steam-cd-key-2\/\" \/>\n<meta property=\"og:locale\" content=\"en_GB\" \/>\n<meta property=\"og:type\" content=\"article\" \/>\n<meta property=\"og:title\" content=\"F1 2021 Steam CD Key - MERCADOKEYS\" \/>\n<meta property=\"og:description\" content=\"Toda historia tiene un comienzo en F1\u00ae 2021, el videojuego oficial del 2021 FIA FORMULA ONE WORLD CHAMPIONSHIP\u2122. Disfruta de lo nuevo en F1\u00ae 2021: la emocionante historia &#8216;Braking Point&#8217;, el modo carrera de dos jugadores y la posibilidad de acercarte m\u00e1s a la grilla con &#8216;Inicio Real de Temporada&#8217;. Lleva a tu equipo a...\" \/>\n<meta property=\"og:url\" content=\"https:\/\/www.mercadokeys.com\/product\/f1-2021-steam-cd-key-2\/\" \/>\n<meta property=\"og:site_name\" content=\"MERCADOKEYS\" \/>\n<meta property=\"article:modified_time\" content=\"2022-06-29T13:09:05+00:00\" \/>\n<meta property=\"og:image\" content=\"https:\/\/www.mercadokeys.com\/wp-content\/uploads\/2021\/07\/F1-2021-Steam-CD-Key.jpg\" \/>\n\t<meta property=\"og:image:width\" content=\"230\" \/>\n\t<meta property=\"og:image:height\" content=\"336\" \/>\n\t<meta property=\"og:image:type\" content=\"image\/jpeg\" \/>\n<meta name=\"twitter:card\" content=\"summary_large_image\" \/>\n<meta name=\"twitter:label1\" content=\"Estimated reading time\" \/>\n\t<meta name=\"twitter:data1\" content=\"1 minute\" \/>\n<script type=\"application\/ld+json\" class=\"yoast-schema-graph\">{\"@context\":\"https:\/\/schema.org\",\"@graph\":[{\"@type\":\"WebPage\",\"@id\":\"https:\/\/www.mercadokeys.com\/product\/f1-2021-steam-cd-key-2\/\",\"url\":\"https:\/\/www.mercadokeys.com\/product\/f1-2021-steam-cd-key-2\/\",\"name\":\"F1 2021 Steam CD Key - MERCADOKEYS\",\"isPartOf\":{\"@id\":\"https:\/\/www.mercadokeys.com\/eng\/#website\"},\"primaryImageOfPage\":{\"@id\":\"https:\/\/www.mercadokeys.com\/product\/f1-2021-steam-cd-key-2\/#primaryimage\"},\"image\":{\"@id\":\"https:\/\/www.mercadokeys.com\/product\/f1-2021-steam-cd-key-2\/#primaryimage\"},\"thumbnailUrl\":\"https:\/\/www.mercadokeys.com.mx\/wp-content\/uploads\/2021\/07\/F1-2021-Steam-CD-Key.jpg\",\"datePublished\":\"2021-11-14T18:13:27+00:00\",\"dateModified\":\"2022-06-29T13:09:05+00:00\",\"breadcrumb\":{\"@id\":\"https:\/\/www.mercadokeys.com\/product\/f1-2021-steam-cd-key-2\/#breadcrumb\"},\"inLanguage\":\"en-GB\",\"potentialAction\":[{\"@type\":\"ReadAction\",\"target\":[\"https:\/\/www.mercadokeys.com\/product\/f1-2021-steam-cd-key-2\/\"]}]},{\"@type\":\"ImageObject\",\"inLanguage\":\"en-GB\",\"@id\":\"https:\/\/www.mercadokeys.com\/product\/f1-2021-steam-cd-key-2\/#primaryimage\",\"url\":\"https:\/\/www.mercadokeys.com.mx\/wp-content\/uploads\/2021\/07\/F1-2021-Steam-CD-Key.jpg\",\"contentUrl\":\"https:\/\/www.mercadokeys.com.mx\/wp-content\/uploads\/2021\/07\/F1-2021-Steam-CD-Key.jpg\",\"width\":230,\"height\":336,\"caption\":\"F1 2021 Steam CD Key\"},{\"@type\":\"BreadcrumbList\",\"@id\":\"https:\/\/www.mercadokeys.com\/product\/f1-2021-steam-cd-key-2\/#breadcrumb\",\"itemListElement\":[{\"@type\":\"ListItem\",\"position\":1,\"name\":\"Inicio\",\"item\":\"https:\/\/www.mercadokeys.com.mx\/\"},{\"@type\":\"ListItem\",\"position\":2,\"name\":\"Tienda\",\"item\":\"https:\/\/www.mercadokeys.com\/shop\/\"},{\"@type\":\"ListItem\",\"position\":3,\"name\":\"F1 2021 Steam CD Key\"}]},{\"@type\":\"WebSite\",\"@id\":\"https:\/\/www.mercadokeys.com\/eng\/#website\",\"url\":\"https:\/\/www.mercadokeys.com\/eng\/\",\"name\":\"MERCADOKEYS\",\"description\":\"Tu Tienda de videojuegos digitales en Mexico!\",\"potentialAction\":[{\"@type\":\"SearchAction\",\"target\":{\"@type\":\"EntryPoint\",\"urlTemplate\":\"https:\/\/www.mercadokeys.com\/eng\/?s={search_term_string}\"},\"query-input\":{\"@type\":\"PropertyValueSpecification\",\"valueRequired\":true,\"valueName\":\"search_term_string\"}}],\"inLanguage\":\"en-GB\"}]}<\/script>\n<!-- \/ Yoast SEO plugin. -->","yoast_head_json":{"title":"F1 2021 Steam CD Key - MERCADOKEYS","robots":{"index":"index","follow":"follow","max-snippet":"max-snippet:-1","max-image-preview":"max-image-preview:large","max-video-preview":"max-video-preview:-1"},"canonical":"https:\/\/www.mercadokeys.com\/product\/f1-2021-steam-cd-key-2\/","og_locale":"en_GB","og_type":"article","og_title":"F1 2021 Steam CD Key - MERCADOKEYS","og_description":"Toda historia tiene un comienzo en F1\u00ae 2021, el videojuego oficial del 2021 FIA FORMULA ONE WORLD CHAMPIONSHIP\u2122. Disfruta de lo nuevo en F1\u00ae 2021: la emocionante historia &#8216;Braking Point&#8217;, el modo carrera de dos jugadores y la posibilidad de acercarte m\u00e1s a la grilla con &#8216;Inicio Real de Temporada&#8217;. Lleva a tu equipo a...","og_url":"https:\/\/www.mercadokeys.com\/product\/f1-2021-steam-cd-key-2\/","og_site_name":"MERCADOKEYS","article_modified_time":"2022-06-29T13:09:05+00:00","og_image":[{"width":230,"height":336,"url":"https:\/\/www.mercadokeys.com\/wp-content\/uploads\/2021\/07\/F1-2021-Steam-CD-Key.jpg","type":"image\/jpeg"}],"twitter_card":"summary_large_image","twitter_misc":{"Estimated reading time":"1 minute"},"schema":{"@context":"https:\/\/schema.org","@graph":[{"@type":"WebPage","@id":"https:\/\/www.mercadokeys.com\/product\/f1-2021-steam-cd-key-2\/","url":"https:\/\/www.mercadokeys.com\/product\/f1-2021-steam-cd-key-2\/","name":"F1 2021 Steam CD Key - MERCADOKEYS","isPartOf":{"@id":"https:\/\/www.mercadokeys.com\/eng\/#website"},"primaryImageOfPage":{"@id":"https:\/\/www.mercadokeys.com\/product\/f1-2021-steam-cd-key-2\/#primaryimage"},"image":{"@id":"https:\/\/www.mercadokeys.com\/product\/f1-2021-steam-cd-key-2\/#primaryimage"},"thumbnailUrl":"https:\/\/www.mercadokeys.com.mx\/wp-content\/uploads\/2021\/07\/F1-2021-Steam-CD-Key.jpg","datePublished":"2021-11-14T18:13:27+00:00","dateModified":"2022-06-29T13:09:05+00:00","breadcrumb":{"@id":"https:\/\/www.mercadokeys.com\/product\/f1-2021-steam-cd-key-2\/#breadcrumb"},"inLanguage":"en-GB","potentialAction":[{"@type":"ReadAction","target":["https:\/\/www.mercadokeys.com\/product\/f1-2021-steam-cd-key-2\/"]}]},{"@type":"ImageObject","inLanguage":"en-GB","@id":"https:\/\/www.mercadokeys.com\/product\/f1-2021-steam-cd-key-2\/#primaryimage","url":"https:\/\/www.mercadokeys.com.mx\/wp-content\/uploads\/2021\/07\/F1-2021-Steam-CD-Key.jpg","contentUrl":"https:\/\/www.mercadokeys.com.mx\/wp-content\/uploads\/2021\/07\/F1-2021-Steam-CD-Key.jpg","width":230,"height":336,"caption":"F1 2021 Steam CD Key"},{"@type":"BreadcrumbList","@id":"https:\/\/www.mercadokeys.com\/product\/f1-2021-steam-cd-key-2\/#breadcrumb","itemListElement":[{"@type":"ListItem","position":1,"name":"Inicio","item":"https:\/\/www.mercadokeys.com.mx\/"},{"@type":"ListItem","position":2,"name":"Tienda","item":"https:\/\/www.mercadokeys.com\/shop\/"},{"@type":"ListItem","position":3,"name":"F1 2021 Steam CD Key"}]},{"@type":"WebSite","@id":"https:\/\/www.mercadokeys.com\/eng\/#website","url":"https:\/\/www.mercadokeys.com\/eng\/","name":"MERCADOKEYS","description":"Tu Tienda de videojuegos digitales en Mexico!","potentialAction":[{"@type":"SearchAction","target":{"@type":"EntryPoint","urlTemplate":"https:\/\/www.mercadokeys.com\/eng\/?s={search_term_string}"},"query-input":{"@type":"PropertyValueSpecification","valueRequired":true,"valueName":"search_term_string"}}],"inLanguage":"en-GB"}]}},"df_price":924.90494,"df_sale_price":924.90494,"df_regular_price":924.90494,"df_image_link":"https:\/\/www.mercadokeys.com.mx\/wp-content\/uploads\/2021\/07\/F1-2021-Steam-CD-Key-205x300.jpg","_links":{"self":[{"href":"https:\/\/www.mercadokeys.com.mx\/eng\/wp-json\/wp\/v2\/product\/117699","targetHints":{"allow":["GET"]}}],"collection":[{"href":"https:\/\/www.mercadokeys.com.mx\/eng\/wp-json\/wp\/v2\/product"}],"about":[{"href":"https:\/\/www.mercadokeys.com.mx\/eng\/wp-json\/wp\/v2\/types\/product"}],"wp:featuredmedia":[{"embeddable":true,"href":"https:\/\/www.mercadokeys.com.mx\/eng\/wp-json\/wp\/v2\/media\/114465"}],"wp:attachment":[{"href":"https:\/\/www.mercadokeys.com.mx\/eng\/wp-json\/wp\/v2\/media?parent=117699"}],"wp:term":[{"taxonomy":"product_brand","embeddable":true,"href":"https:\/\/www.mercadokeys.com.mx\/eng\/wp-json\/wp\/v2\/product_brand?post=117699"},{"taxonomy":"product_cat","embeddable":true,"href":"https:\/\/www.mercadokeys.com.mx\/eng\/wp-json\/wp\/v2\/product_cat?post=117699"},{"taxonomy":"product_tag","embeddable":true,"href":"https:\/\/www.mercadokeys.com.mx\/eng\/wp-json\/wp\/v2\/product_tag?post=117699"}],"curies":[{"name":"wp","href":"https:\/\/api.w.org\/{rel}","templated":true}]}}