{"id":117678,"date":"2021-11-14T09:59:04","date_gmt":"2021-11-14T17:59:04","guid":{"rendered":"https:\/\/www.mercadokeys.com\/producto\/shadow-warrior-steam-key-global\/"},"modified":"2022-06-29T06:02:49","modified_gmt":"2022-06-29T13:02:49","slug":"shadow-warrior-steam-key-global","status":"publish","type":"product","link":"https:\/\/www.mercadokeys.com.mx\/eng\/product\/shadow-warrior-steam-key-global\/","title":{"rendered":"Shadow Warrior Steam CD Key"},"content":{"rendered":"<p><strong><span style=\"vertical-align: inherit;\">Shadow Warrio<\/span><\/strong><span style=\"vertical-align: inherit;\">r es una atrevida reinvenci\u00f3n del cl\u00e1sico juego de disparos de 3D Realms del desarrollador independiente Flying Wild Hog (Hard Reset) protagonizado por el legendario e ingenioso guerrero Lo Wang. Combina la fuerza bruta de la abrumadora potencia de fuego con la elegante precisi\u00f3n de una katana para aniquilar a los despiadados ej\u00e9rcitos del reino de las sombras en una emocionante y visualmente sorprendente transformaci\u00f3n del cl\u00e1sico juego de disparos en primera persona. <\/span><\/p>\n<p><strong><span style=\"vertical-align: inherit;\">Shadow Warrior <\/span><\/strong><span style=\"vertical-align: inherit;\">cuenta la historia poco convencional del shogun corporativo de Zilla Enterprise, Lo Wang, cuando su enga\u00f1oso empleador le ordena adquirir una espada legendaria de poder ilimitado. Traicionado y dado por muerto, Lo Wang se entera de la conexi\u00f3n de la espada con dioses antiguos de otro reino que se prepara para llevar nuestro mundo al borde de la destrucci\u00f3n. Ahora el h\u00e9roe reacio debe convertirse en leyenda a trav\u00e9s de una combinaci\u00f3n magistral de arma, espada, magia e ingenio para descubrir la verdad detr\u00e1s de la invasi\u00f3n demon\u00edaca y desterrar el mal en la oscuridad.<\/span><\/p>","protected":false},"excerpt":{"rendered":"<p>Shadow Warrior es una atrevida reinvenci\u00f3n del cl\u00e1sico juego de disparos de 3D Realms del desarrollador independiente Flying Wild Hog (Hard Reset) protagonizado por el legendario e ingenioso guerrero Lo Wang. Combina la fuerza bruta de la abrumadora potencia de fuego con la elegante precisi\u00f3n de una katana para aniquilar a los despiadados ej\u00e9rcitos del&#8230;<\/p>","protected":false},"featured_media":117679,"template":"","meta":{"_monsterinsights_skip_tracking":false,"_monsterinsights_sitenote_active":false,"_monsterinsights_sitenote_note":"","_monsterinsights_sitenote_category":0},"product_brand":[],"product_cat":[2981,1271,1420,1283,1280,1273,1392,1394,1427],"product_tag":[3654,3655],"class_list":{"0":"post-117678","1":"product","2":"type-product","3":"status-publish","4":"has-post-thumbnail","6":"product_cat-destacados","7":"product_cat-tienda-de-videojuegos-tijuana-mexico","8":"product_cat-tienda-de-videojuegos-populares-tijuana-mexico","9":"product_cat-tienda-de-videojuegos-plataformas-tijuana-mexico","10":"product_cat-tienda-de-videojuegos-pc-tijuana-mexico","11":"product_cat-tienda-de-videojuegos-steam-key-tijuana-mexico","12":"product_cat-tienda-de-videojuegos-accion-tijuana-mexico","13":"product_cat-tienda-de-videojuegos-aventura-tijuana-mexico","14":"product_cat-tienda-de-videojuegos-juegos-para-mando-tijuana-mexico","15":"product_tag-shadow-warrior","16":"product_tag-shadow-warrior-cd-key","18":"first","19":"instock","20":"shipping-taxable","21":"purchasable","22":"product-type-simple"},"yoast_head":"<!-- This site is optimized with the Yoast SEO plugin v27.0 - https:\/\/yoast.com\/product\/yoast-seo-wordpress\/ -->\n<title>Shadow Warrior Steam CD Key - MERCADOKEYS<\/title>\n<meta name=\"robots\" content=\"index, follow, max-snippet:-1, max-image-preview:large, max-video-preview:-1\" \/>\n<link rel=\"canonical\" href=\"https:\/\/www.mercadokeys.com\/product\/shadow-warrior-steam-key-global\/\" \/>\n<meta property=\"og:locale\" content=\"en_GB\" \/>\n<meta property=\"og:type\" content=\"article\" \/>\n<meta property=\"og:title\" content=\"Shadow Warrior Steam CD Key - MERCADOKEYS\" \/>\n<meta property=\"og:description\" content=\"Shadow Warrior es una atrevida reinvenci\u00f3n del cl\u00e1sico juego de disparos de 3D Realms del desarrollador independiente Flying Wild Hog (Hard Reset) protagonizado por el legendario e ingenioso guerrero Lo Wang. Combina la fuerza bruta de la abrumadora potencia de fuego con la elegante precisi\u00f3n de una katana para aniquilar a los despiadados ej\u00e9rcitos del...\" \/>\n<meta property=\"og:url\" content=\"https:\/\/www.mercadokeys.com\/product\/shadow-warrior-steam-key-global\/\" \/>\n<meta property=\"og:site_name\" content=\"MERCADOKEYS\" \/>\n<meta property=\"article:modified_time\" content=\"2022-06-29T13:02:49+00:00\" \/>\n<meta property=\"og:image\" content=\"https:\/\/www.mercadokeys.com\/wp-content\/uploads\/2021\/11\/64099.jpg\" \/>\n\t<meta property=\"og:image:width\" content=\"230\" \/>\n\t<meta property=\"og:image:height\" content=\"336\" \/>\n\t<meta property=\"og:image:type\" content=\"image\/jpeg\" \/>\n<meta name=\"twitter:card\" content=\"summary_large_image\" \/>\n<meta name=\"twitter:label1\" content=\"Estimated reading time\" \/>\n\t<meta name=\"twitter:data1\" content=\"1 minute\" \/>\n<script type=\"application\/ld+json\" class=\"yoast-schema-graph\">{\"@context\":\"https:\/\/schema.org\",\"@graph\":[{\"@type\":\"WebPage\",\"@id\":\"https:\/\/www.mercadokeys.com\/product\/shadow-warrior-steam-key-global\/\",\"url\":\"https:\/\/www.mercadokeys.com\/product\/shadow-warrior-steam-key-global\/\",\"name\":\"Shadow Warrior Steam CD Key - MERCADOKEYS\",\"isPartOf\":{\"@id\":\"https:\/\/www.mercadokeys.com\/eng\/#website\"},\"primaryImageOfPage\":{\"@id\":\"https:\/\/www.mercadokeys.com\/product\/shadow-warrior-steam-key-global\/#primaryimage\"},\"image\":{\"@id\":\"https:\/\/www.mercadokeys.com\/product\/shadow-warrior-steam-key-global\/#primaryimage\"},\"thumbnailUrl\":\"https:\/\/www.mercadokeys.com.mx\/wp-content\/uploads\/2021\/11\/64099.jpg\",\"datePublished\":\"2021-11-14T17:59:04+00:00\",\"dateModified\":\"2022-06-29T13:02:49+00:00\",\"breadcrumb\":{\"@id\":\"https:\/\/www.mercadokeys.com\/product\/shadow-warrior-steam-key-global\/#breadcrumb\"},\"inLanguage\":\"en-GB\",\"potentialAction\":[{\"@type\":\"ReadAction\",\"target\":[\"https:\/\/www.mercadokeys.com\/product\/shadow-warrior-steam-key-global\/\"]}]},{\"@type\":\"ImageObject\",\"inLanguage\":\"en-GB\",\"@id\":\"https:\/\/www.mercadokeys.com\/product\/shadow-warrior-steam-key-global\/#primaryimage\",\"url\":\"https:\/\/www.mercadokeys.com.mx\/wp-content\/uploads\/2021\/11\/64099.jpg\",\"contentUrl\":\"https:\/\/www.mercadokeys.com.mx\/wp-content\/uploads\/2021\/11\/64099.jpg\",\"width\":230,\"height\":336},{\"@type\":\"BreadcrumbList\",\"@id\":\"https:\/\/www.mercadokeys.com\/product\/shadow-warrior-steam-key-global\/#breadcrumb\",\"itemListElement\":[{\"@type\":\"ListItem\",\"position\":1,\"name\":\"Inicio\",\"item\":\"https:\/\/www.mercadokeys.com.mx\/\"},{\"@type\":\"ListItem\",\"position\":2,\"name\":\"Tienda\",\"item\":\"https:\/\/www.mercadokeys.com\/shop\/\"},{\"@type\":\"ListItem\",\"position\":3,\"name\":\"Shadow Warrior Steam CD Key\"}]},{\"@type\":\"WebSite\",\"@id\":\"https:\/\/www.mercadokeys.com\/eng\/#website\",\"url\":\"https:\/\/www.mercadokeys.com\/eng\/\",\"name\":\"MERCADOKEYS\",\"description\":\"Tu Tienda de videojuegos digitales en Mexico!\",\"potentialAction\":[{\"@type\":\"SearchAction\",\"target\":{\"@type\":\"EntryPoint\",\"urlTemplate\":\"https:\/\/www.mercadokeys.com\/eng\/?s={search_term_string}\"},\"query-input\":{\"@type\":\"PropertyValueSpecification\",\"valueRequired\":true,\"valueName\":\"search_term_string\"}}],\"inLanguage\":\"en-GB\"}]}<\/script>\n<!-- \/ Yoast SEO plugin. -->","yoast_head_json":{"title":"Shadow Warrior Steam CD Key - MERCADOKEYS","robots":{"index":"index","follow":"follow","max-snippet":"max-snippet:-1","max-image-preview":"max-image-preview:large","max-video-preview":"max-video-preview:-1"},"canonical":"https:\/\/www.mercadokeys.com\/product\/shadow-warrior-steam-key-global\/","og_locale":"en_GB","og_type":"article","og_title":"Shadow Warrior Steam CD Key - MERCADOKEYS","og_description":"Shadow Warrior es una atrevida reinvenci\u00f3n del cl\u00e1sico juego de disparos de 3D Realms del desarrollador independiente Flying Wild Hog (Hard Reset) protagonizado por el legendario e ingenioso guerrero Lo Wang. Combina la fuerza bruta de la abrumadora potencia de fuego con la elegante precisi\u00f3n de una katana para aniquilar a los despiadados ej\u00e9rcitos del...","og_url":"https:\/\/www.mercadokeys.com\/product\/shadow-warrior-steam-key-global\/","og_site_name":"MERCADOKEYS","article_modified_time":"2022-06-29T13:02:49+00:00","og_image":[{"width":230,"height":336,"url":"https:\/\/www.mercadokeys.com\/wp-content\/uploads\/2021\/11\/64099.jpg","type":"image\/jpeg"}],"twitter_card":"summary_large_image","twitter_misc":{"Estimated reading time":"1 minute"},"schema":{"@context":"https:\/\/schema.org","@graph":[{"@type":"WebPage","@id":"https:\/\/www.mercadokeys.com\/product\/shadow-warrior-steam-key-global\/","url":"https:\/\/www.mercadokeys.com\/product\/shadow-warrior-steam-key-global\/","name":"Shadow Warrior Steam CD Key - MERCADOKEYS","isPartOf":{"@id":"https:\/\/www.mercadokeys.com\/eng\/#website"},"primaryImageOfPage":{"@id":"https:\/\/www.mercadokeys.com\/product\/shadow-warrior-steam-key-global\/#primaryimage"},"image":{"@id":"https:\/\/www.mercadokeys.com\/product\/shadow-warrior-steam-key-global\/#primaryimage"},"thumbnailUrl":"https:\/\/www.mercadokeys.com.mx\/wp-content\/uploads\/2021\/11\/64099.jpg","datePublished":"2021-11-14T17:59:04+00:00","dateModified":"2022-06-29T13:02:49+00:00","breadcrumb":{"@id":"https:\/\/www.mercadokeys.com\/product\/shadow-warrior-steam-key-global\/#breadcrumb"},"inLanguage":"en-GB","potentialAction":[{"@type":"ReadAction","target":["https:\/\/www.mercadokeys.com\/product\/shadow-warrior-steam-key-global\/"]}]},{"@type":"ImageObject","inLanguage":"en-GB","@id":"https:\/\/www.mercadokeys.com\/product\/shadow-warrior-steam-key-global\/#primaryimage","url":"https:\/\/www.mercadokeys.com.mx\/wp-content\/uploads\/2021\/11\/64099.jpg","contentUrl":"https:\/\/www.mercadokeys.com.mx\/wp-content\/uploads\/2021\/11\/64099.jpg","width":230,"height":336},{"@type":"BreadcrumbList","@id":"https:\/\/www.mercadokeys.com\/product\/shadow-warrior-steam-key-global\/#breadcrumb","itemListElement":[{"@type":"ListItem","position":1,"name":"Inicio","item":"https:\/\/www.mercadokeys.com.mx\/"},{"@type":"ListItem","position":2,"name":"Tienda","item":"https:\/\/www.mercadokeys.com\/shop\/"},{"@type":"ListItem","position":3,"name":"Shadow Warrior Steam CD Key"}]},{"@type":"WebSite","@id":"https:\/\/www.mercadokeys.com\/eng\/#website","url":"https:\/\/www.mercadokeys.com\/eng\/","name":"MERCADOKEYS","description":"Tu Tienda de videojuegos digitales en Mexico!","potentialAction":[{"@type":"SearchAction","target":{"@type":"EntryPoint","urlTemplate":"https:\/\/www.mercadokeys.com\/eng\/?s={search_term_string}"},"query-input":{"@type":"PropertyValueSpecification","valueRequired":true,"valueName":"search_term_string"}}],"inLanguage":"en-GB"}]}},"df_price":170.399797,"df_sale_price":170.399797,"df_regular_price":170.399797,"df_image_link":"https:\/\/www.mercadokeys.com.mx\/wp-content\/uploads\/2021\/11\/64099-205x300.jpg","_links":{"self":[{"href":"https:\/\/www.mercadokeys.com.mx\/eng\/wp-json\/wp\/v2\/product\/117678","targetHints":{"allow":["GET"]}}],"collection":[{"href":"https:\/\/www.mercadokeys.com.mx\/eng\/wp-json\/wp\/v2\/product"}],"about":[{"href":"https:\/\/www.mercadokeys.com.mx\/eng\/wp-json\/wp\/v2\/types\/product"}],"wp:featuredmedia":[{"embeddable":true,"href":"https:\/\/www.mercadokeys.com.mx\/eng\/wp-json\/wp\/v2\/media\/117679"}],"wp:attachment":[{"href":"https:\/\/www.mercadokeys.com.mx\/eng\/wp-json\/wp\/v2\/media?parent=117678"}],"wp:term":[{"taxonomy":"product_brand","embeddable":true,"href":"https:\/\/www.mercadokeys.com.mx\/eng\/wp-json\/wp\/v2\/product_brand?post=117678"},{"taxonomy":"product_cat","embeddable":true,"href":"https:\/\/www.mercadokeys.com.mx\/eng\/wp-json\/wp\/v2\/product_cat?post=117678"},{"taxonomy":"product_tag","embeddable":true,"href":"https:\/\/www.mercadokeys.com.mx\/eng\/wp-json\/wp\/v2\/product_tag?post=117678"}],"curies":[{"name":"wp","href":"https:\/\/api.w.org\/{rel}","templated":true}]}}