{"id":117669,"date":"2021-11-14T09:56:55","date_gmt":"2021-11-14T17:56:55","guid":{"rendered":"https:\/\/www.mercadokeys.com\/producto\/%e5%97%9c%e8%a1%80%e5%8d%b0-bloody-spell-steam-cd-key-2\/"},"modified":"2022-06-29T06:05:47","modified_gmt":"2022-06-29T13:05:47","slug":"%e5%97%9c%e8%a1%80%e5%8d%b0-bloody-spell-steam-cd-key-2","status":"publish","type":"product","link":"https:\/\/www.mercadokeys.com.mx\/eng\/product\/%e5%97%9c%e8%a1%80%e5%8d%b0-bloody-spell-steam-cd-key-2\/","title":{"rendered":"\u55dc\u8840\u5370 Bloody Spell Steam CD Key"},"content":{"rendered":"<p><span style=\"vertical-align: inherit;\">&#8220;Bloody Spell&#8221; es un juego de rol de acci\u00f3n de artes marciales. El n\u00facleo del juego est\u00e1 orientado a la batalla y combina muchos elementos y sistemas de lucha.<\/span><\/p>","protected":false},"excerpt":{"rendered":"<p>&#8220;Bloody Spell&#8221; es un juego de rol de acci\u00f3n de artes marciales. El n\u00facleo del juego est\u00e1 orientado a la batalla y combina muchos elementos y sistemas de lucha.<\/p>","protected":false},"featured_media":118587,"template":"","meta":{"_monsterinsights_skip_tracking":false,"_monsterinsights_sitenote_active":false,"_monsterinsights_sitenote_note":"","_monsterinsights_sitenote_category":0},"product_brand":[],"product_cat":[2981,1271,1420,1283,1280,1273,1392,1394,1393,1298,1425,1428,1427],"product_tag":[3658,3659,3660],"class_list":{"0":"post-117669","1":"product","2":"type-product","3":"status-publish","4":"has-post-thumbnail","6":"product_cat-destacados","7":"product_cat-tienda-de-videojuegos-tijuana-mexico","8":"product_cat-tienda-de-videojuegos-populares-tijuana-mexico","9":"product_cat-tienda-de-videojuegos-plataformas-tijuana-mexico","10":"product_cat-tienda-de-videojuegos-pc-tijuana-mexico","11":"product_cat-tienda-de-videojuegos-steam-key-tijuana-mexico","12":"product_cat-tienda-de-videojuegos-accion-tijuana-mexico","13":"product_cat-tienda-de-videojuegos-aventura-tijuana-mexico","14":"product_cat-tienda-de-videojuegos-indie-tijuana-mexico","15":"product_cat-tienda-de-videojuegos-rol-tijuana-mexico","16":"product_cat-tienda-de-videojuegos-acceso-anticipado-tijuana-mexico","17":"product_cat-tienda-de-videojuegos-cooperativos-tijuana-mexico","18":"product_cat-tienda-de-videojuegos-juegos-para-mando-tijuana-mexico","19":"product_tag-bloody-spell","20":"product_tag-bloody-spell-cd-key","21":"product_tag-bloody-spell-steam","23":"first","24":"instock","25":"shipping-taxable","26":"purchasable","27":"product-type-simple"},"yoast_head":"<!-- This site is optimized with the Yoast SEO plugin v27.0 - https:\/\/yoast.com\/product\/yoast-seo-wordpress\/ -->\n<title>\u55dc\u8840\u5370 Bloody Spell Steam CD Key - MERCADOKEYS<\/title>\n<meta name=\"robots\" content=\"index, follow, max-snippet:-1, max-image-preview:large, max-video-preview:-1\" \/>\n<link rel=\"canonical\" href=\"https:\/\/www.mercadokeys.com\/product\/\u55dc\u8840\u5370-bloody-spell-steam-cd-key-2\/\" \/>\n<meta property=\"og:locale\" content=\"en_GB\" \/>\n<meta property=\"og:type\" content=\"article\" \/>\n<meta property=\"og:title\" content=\"\u55dc\u8840\u5370 Bloody Spell Steam CD Key - MERCADOKEYS\" \/>\n<meta property=\"og:description\" content=\"&#8220;Bloody Spell&#8221; es un juego de rol de acci\u00f3n de artes marciales. El n\u00facleo del juego est\u00e1 orientado a la batalla y combina muchos elementos y sistemas de lucha.\" \/>\n<meta property=\"og:url\" content=\"https:\/\/www.mercadokeys.com\/product\/\u55dc\u8840\u5370-bloody-spell-steam-cd-key-2\/\" \/>\n<meta property=\"og:site_name\" content=\"MERCADOKEYS\" \/>\n<meta property=\"article:modified_time\" content=\"2022-06-29T13:05:47+00:00\" \/>\n<meta property=\"og:image\" content=\"https:\/\/www.mercadokeys.com\/wp-content\/uploads\/2021\/11\/BLOODY-SPELL-STEAM-mercadokeys.jpg\" \/>\n\t<meta property=\"og:image:width\" content=\"230\" \/>\n\t<meta property=\"og:image:height\" content=\"336\" \/>\n\t<meta property=\"og:image:type\" content=\"image\/jpeg\" \/>\n<meta name=\"twitter:card\" content=\"summary_large_image\" \/>\n<meta name=\"twitter:label1\" content=\"Estimated reading time\" \/>\n\t<meta name=\"twitter:data1\" content=\"1 minute\" \/>\n<script type=\"application\/ld+json\" class=\"yoast-schema-graph\">{\"@context\":\"https:\/\/schema.org\",\"@graph\":[{\"@type\":\"WebPage\",\"@id\":\"https:\/\/www.mercadokeys.com\/product\/%e5%97%9c%e8%a1%80%e5%8d%b0-bloody-spell-steam-cd-key-2\/\",\"url\":\"https:\/\/www.mercadokeys.com\/product\/%e5%97%9c%e8%a1%80%e5%8d%b0-bloody-spell-steam-cd-key-2\/\",\"name\":\"\u55dc\u8840\u5370 Bloody Spell Steam CD Key - MERCADOKEYS\",\"isPartOf\":{\"@id\":\"https:\/\/www.mercadokeys.com\/eng\/#website\"},\"primaryImageOfPage\":{\"@id\":\"https:\/\/www.mercadokeys.com\/product\/%e5%97%9c%e8%a1%80%e5%8d%b0-bloody-spell-steam-cd-key-2\/#primaryimage\"},\"image\":{\"@id\":\"https:\/\/www.mercadokeys.com\/product\/%e5%97%9c%e8%a1%80%e5%8d%b0-bloody-spell-steam-cd-key-2\/#primaryimage\"},\"thumbnailUrl\":\"https:\/\/www.mercadokeys.com.mx\/wp-content\/uploads\/2021\/11\/BLOODY-SPELL-STEAM-mercadokeys.jpg\",\"datePublished\":\"2021-11-14T17:56:55+00:00\",\"dateModified\":\"2022-06-29T13:05:47+00:00\",\"breadcrumb\":{\"@id\":\"https:\/\/www.mercadokeys.com\/product\/%e5%97%9c%e8%a1%80%e5%8d%b0-bloody-spell-steam-cd-key-2\/#breadcrumb\"},\"inLanguage\":\"en-GB\",\"potentialAction\":[{\"@type\":\"ReadAction\",\"target\":[\"https:\/\/www.mercadokeys.com\/product\/%e5%97%9c%e8%a1%80%e5%8d%b0-bloody-spell-steam-cd-key-2\/\"]}]},{\"@type\":\"ImageObject\",\"inLanguage\":\"en-GB\",\"@id\":\"https:\/\/www.mercadokeys.com\/product\/%e5%97%9c%e8%a1%80%e5%8d%b0-bloody-spell-steam-cd-key-2\/#primaryimage\",\"url\":\"https:\/\/www.mercadokeys.com.mx\/wp-content\/uploads\/2021\/11\/BLOODY-SPELL-STEAM-mercadokeys.jpg\",\"contentUrl\":\"https:\/\/www.mercadokeys.com.mx\/wp-content\/uploads\/2021\/11\/BLOODY-SPELL-STEAM-mercadokeys.jpg\",\"width\":230,\"height\":336},{\"@type\":\"BreadcrumbList\",\"@id\":\"https:\/\/www.mercadokeys.com\/product\/%e5%97%9c%e8%a1%80%e5%8d%b0-bloody-spell-steam-cd-key-2\/#breadcrumb\",\"itemListElement\":[{\"@type\":\"ListItem\",\"position\":1,\"name\":\"Inicio\",\"item\":\"https:\/\/www.mercadokeys.com.mx\/\"},{\"@type\":\"ListItem\",\"position\":2,\"name\":\"Tienda\",\"item\":\"https:\/\/www.mercadokeys.com\/shop\/\"},{\"@type\":\"ListItem\",\"position\":3,\"name\":\"\u55dc\u8840\u5370 Bloody Spell Steam CD Key\"}]},{\"@type\":\"WebSite\",\"@id\":\"https:\/\/www.mercadokeys.com\/eng\/#website\",\"url\":\"https:\/\/www.mercadokeys.com\/eng\/\",\"name\":\"MERCADOKEYS\",\"description\":\"Tu Tienda de videojuegos digitales en Mexico!\",\"potentialAction\":[{\"@type\":\"SearchAction\",\"target\":{\"@type\":\"EntryPoint\",\"urlTemplate\":\"https:\/\/www.mercadokeys.com\/eng\/?s={search_term_string}\"},\"query-input\":{\"@type\":\"PropertyValueSpecification\",\"valueRequired\":true,\"valueName\":\"search_term_string\"}}],\"inLanguage\":\"en-GB\"}]}<\/script>\n<!-- \/ Yoast SEO plugin. -->","yoast_head_json":{"title":"\u55dc\u8840\u5370 Bloody Spell Steam CD Key - MERCADOKEYS","robots":{"index":"index","follow":"follow","max-snippet":"max-snippet:-1","max-image-preview":"max-image-preview:large","max-video-preview":"max-video-preview:-1"},"canonical":"https:\/\/www.mercadokeys.com\/product\/\u55dc\u8840\u5370-bloody-spell-steam-cd-key-2\/","og_locale":"en_GB","og_type":"article","og_title":"\u55dc\u8840\u5370 Bloody Spell Steam CD Key - MERCADOKEYS","og_description":"&#8220;Bloody Spell&#8221; es un juego de rol de acci\u00f3n de artes marciales. El n\u00facleo del juego est\u00e1 orientado a la batalla y combina muchos elementos y sistemas de lucha.","og_url":"https:\/\/www.mercadokeys.com\/product\/\u55dc\u8840\u5370-bloody-spell-steam-cd-key-2\/","og_site_name":"MERCADOKEYS","article_modified_time":"2022-06-29T13:05:47+00:00","og_image":[{"width":230,"height":336,"url":"https:\/\/www.mercadokeys.com\/wp-content\/uploads\/2021\/11\/BLOODY-SPELL-STEAM-mercadokeys.jpg","type":"image\/jpeg"}],"twitter_card":"summary_large_image","twitter_misc":{"Estimated reading time":"1 minute"},"schema":{"@context":"https:\/\/schema.org","@graph":[{"@type":"WebPage","@id":"https:\/\/www.mercadokeys.com\/product\/%e5%97%9c%e8%a1%80%e5%8d%b0-bloody-spell-steam-cd-key-2\/","url":"https:\/\/www.mercadokeys.com\/product\/%e5%97%9c%e8%a1%80%e5%8d%b0-bloody-spell-steam-cd-key-2\/","name":"\u55dc\u8840\u5370 Bloody Spell Steam CD Key - MERCADOKEYS","isPartOf":{"@id":"https:\/\/www.mercadokeys.com\/eng\/#website"},"primaryImageOfPage":{"@id":"https:\/\/www.mercadokeys.com\/product\/%e5%97%9c%e8%a1%80%e5%8d%b0-bloody-spell-steam-cd-key-2\/#primaryimage"},"image":{"@id":"https:\/\/www.mercadokeys.com\/product\/%e5%97%9c%e8%a1%80%e5%8d%b0-bloody-spell-steam-cd-key-2\/#primaryimage"},"thumbnailUrl":"https:\/\/www.mercadokeys.com.mx\/wp-content\/uploads\/2021\/11\/BLOODY-SPELL-STEAM-mercadokeys.jpg","datePublished":"2021-11-14T17:56:55+00:00","dateModified":"2022-06-29T13:05:47+00:00","breadcrumb":{"@id":"https:\/\/www.mercadokeys.com\/product\/%e5%97%9c%e8%a1%80%e5%8d%b0-bloody-spell-steam-cd-key-2\/#breadcrumb"},"inLanguage":"en-GB","potentialAction":[{"@type":"ReadAction","target":["https:\/\/www.mercadokeys.com\/product\/%e5%97%9c%e8%a1%80%e5%8d%b0-bloody-spell-steam-cd-key-2\/"]}]},{"@type":"ImageObject","inLanguage":"en-GB","@id":"https:\/\/www.mercadokeys.com\/product\/%e5%97%9c%e8%a1%80%e5%8d%b0-bloody-spell-steam-cd-key-2\/#primaryimage","url":"https:\/\/www.mercadokeys.com.mx\/wp-content\/uploads\/2021\/11\/BLOODY-SPELL-STEAM-mercadokeys.jpg","contentUrl":"https:\/\/www.mercadokeys.com.mx\/wp-content\/uploads\/2021\/11\/BLOODY-SPELL-STEAM-mercadokeys.jpg","width":230,"height":336},{"@type":"BreadcrumbList","@id":"https:\/\/www.mercadokeys.com\/product\/%e5%97%9c%e8%a1%80%e5%8d%b0-bloody-spell-steam-cd-key-2\/#breadcrumb","itemListElement":[{"@type":"ListItem","position":1,"name":"Inicio","item":"https:\/\/www.mercadokeys.com.mx\/"},{"@type":"ListItem","position":2,"name":"Tienda","item":"https:\/\/www.mercadokeys.com\/shop\/"},{"@type":"ListItem","position":3,"name":"\u55dc\u8840\u5370 Bloody Spell Steam CD Key"}]},{"@type":"WebSite","@id":"https:\/\/www.mercadokeys.com\/eng\/#website","url":"https:\/\/www.mercadokeys.com\/eng\/","name":"MERCADOKEYS","description":"Tu Tienda de videojuegos digitales en Mexico!","potentialAction":[{"@type":"SearchAction","target":{"@type":"EntryPoint","urlTemplate":"https:\/\/www.mercadokeys.com\/eng\/?s={search_term_string}"},"query-input":{"@type":"PropertyValueSpecification","valueRequired":true,"valueName":"search_term_string"}}],"inLanguage":"en-GB"}]}},"df_price":365.959296,"df_sale_price":365.959296,"df_regular_price":365.959296,"df_image_link":"https:\/\/www.mercadokeys.com.mx\/wp-content\/uploads\/2021\/11\/BLOODY-SPELL-STEAM-mercadokeys-205x300.jpg","_links":{"self":[{"href":"https:\/\/www.mercadokeys.com.mx\/eng\/wp-json\/wp\/v2\/product\/117669","targetHints":{"allow":["GET"]}}],"collection":[{"href":"https:\/\/www.mercadokeys.com.mx\/eng\/wp-json\/wp\/v2\/product"}],"about":[{"href":"https:\/\/www.mercadokeys.com.mx\/eng\/wp-json\/wp\/v2\/types\/product"}],"wp:featuredmedia":[{"embeddable":true,"href":"https:\/\/www.mercadokeys.com.mx\/eng\/wp-json\/wp\/v2\/media\/118587"}],"wp:attachment":[{"href":"https:\/\/www.mercadokeys.com.mx\/eng\/wp-json\/wp\/v2\/media?parent=117669"}],"wp:term":[{"taxonomy":"product_brand","embeddable":true,"href":"https:\/\/www.mercadokeys.com.mx\/eng\/wp-json\/wp\/v2\/product_brand?post=117669"},{"taxonomy":"product_cat","embeddable":true,"href":"https:\/\/www.mercadokeys.com.mx\/eng\/wp-json\/wp\/v2\/product_cat?post=117669"},{"taxonomy":"product_tag","embeddable":true,"href":"https:\/\/www.mercadokeys.com.mx\/eng\/wp-json\/wp\/v2\/product_tag?post=117669"}],"curies":[{"name":"wp","href":"https:\/\/api.w.org\/{rel}","templated":true}]}}