{"id":117660,"date":"2021-11-14T09:51:45","date_gmt":"2021-11-14T17:51:45","guid":{"rendered":"https:\/\/www.mercadokeys.com\/producto\/nioh-complete-edition-pc-steam-key-global\/"},"modified":"2022-06-29T06:03:12","modified_gmt":"2022-06-29T13:03:12","slug":"nioh-complete-edition-steam-cd-key","status":"publish","type":"product","link":"https:\/\/www.mercadokeys.com.mx\/eng\/product\/nioh-complete-edition-steam-cd-key\/","title":{"rendered":"Nioh: Complete Edition Steam CD Key"},"content":{"rendered":"<p><b><span style=\"vertical-align: inherit;\">Nioh (\u00e4 \u00bb?? \u00e7\u017d\u2039)<\/span><\/b><span style=\"vertical-align: inherit;\"> es un videojuego de rol de acci\u00f3n, que a los jugadores les encanta llamar una mezcla entre Onimusha (un horror de supervivencia de fantas\u00eda oscura en un Jap\u00f3n feudal) y Dark Souls (uno de los juegos de rol m\u00e1s dif\u00edciles de la historia ). Para ser honesto, esta declaraci\u00f3n resume perfectamente de qu\u00e9 se trata realmente el juego creado por el estudio Team Ninja.<\/span><\/p>\n<p><span style=\"vertical-align: inherit;\">Despu\u00e9s de todo, vas a asumir el papel de un samur\u00e1i luchando tanto con humanos como con demonios del infierno. Parece que el camino hacia la grandeza lleva a tu guerrero a trav\u00e9s de mucho dolor y sufrimiento. <\/span><strong><span style=\"vertical-align: inherit;\">Nioh: Edici\u00f3n completa (PC)<\/span><\/strong><span style=\"vertical-align: inherit;\"> te ofrece no solo la versi\u00f3n b\u00e1sica del juego, sino tambi\u00e9n tres DLC: Dragon of the North, Defiant Honor y Bloodshed&#8217;s End.<\/span><\/p>\n<h3><span style=\"vertical-align: inherit;\">How to play<\/span><\/h3>\n<p><span style=\"vertical-align: inherit;\">Nioh\u00c2 es un juego de rol de acci\u00f3n muy dif\u00edcil y brutal en el que juegas como un samur\u00e1i que lucha tanto contra oponentes humanos como contra las fuerzas del mal. Mientras derrotas a tus enemigos, tu guerrero se hace m\u00e1s fuerte y es capaz de utilizar las suyas, mejoradas con armas m\u00e1gicas, en todo su potencial. Puede, por ejemplo, usarlo para convocar una iluminaci\u00f3n potente. Como en la mayor\u00eda de los juegos de rol, puedes dar forma a tu personaje de la forma que quieras.<\/span><\/p>\n<p><span style=\"vertical-align: inherit;\">Puedes convertirte en un espadach\u00edn Omnyo que se especializa en pelear con espada y en la magia Omnyo o hacer que un personaje que va a utilizar ninjutsu sea un ninja. No importa qu\u00e9 personaje quiera ser el jugador, tiene que aprender a esquivar correctamente y utilizar diferentes posturas de lucha. Para convertirte en un verdadero maestro del manejo de la espada, debes aprender qu\u00e9 postura te conviene m\u00e1s en un momento dado y contra un enemigo en particular.<\/span><\/p>\n<h3><span style=\"vertical-align: inherit;\">Trama del juego de Nioh<\/span><\/h3>\n<p><span style=\"color: inherit;\"><span style=\"vertical-align: inherit;\">La historia del juego es bastante compleja. El juego te lleva a la versi\u00f3n alternativa del Per\u00edodo Sengoku (siglo XV-XVI) durante una guerra civil japonesa. Las provincias luchan entre s\u00ed y el pa\u00eds est\u00e1 devastado por el hambre y el sufrimiento. Sintiendo la guerra y la muerte de miles, demonios conocidos como los Yokai, deciden atacar Jap\u00f3n.\u00a0 <\/span><\/span><span style=\"color: inherit;\"><span style=\"vertical-align: inherit;\">Es entonces cuando William Adams, un marinero ingl\u00e9s de pelo blanco que actualmente est\u00e1 persiguiendo a un alquimista llamado Edward Kelly, lleg\u00f3 al pa\u00eds. Poco despu\u00e9s de aterrizar en Jap\u00f3n, Adams une fuerzas con Tokugawa Ieyasu y Hattori Hanzo. Juntos quieren acabar con Kelly y los Yokai. Uno de los mejores aspectos de la historia de Nioh son las referencias a hechos hist\u00f3ricos reales y personajes como William Adams, quien era una persona real llamada &#8220;Samur\u00e1i occidental&#8221;.<\/span><\/span><\/p>\n<h3><span style=\"vertical-align: inherit;\">Reception<\/span><\/h3>\n<p><span style=\"vertical-align: inherit;\">La mayor\u00eda de la comunidad de jugadores, as\u00ed como los cr\u00edticos de juegos, pensaban muy bien en Nioh. La historia y el escenario fueron elogiados, mientras que las comparaciones con la serie Dark Souls de alguna manera disminuyeron la visi\u00f3n general del juego. Los jugadores tambi\u00e9n quedaron satisfechos con los interesantes paquetes de expansi\u00f3n que incluyen Dragon of the North, Defiant Honor y Bloodshed&#8217;s End.<\/span><\/p>\n<h3><span style=\"vertical-align: inherit;\">Expansiones de tres pisos:\u00a0<\/span><\/h3>\n<ul>\n<li><b><span style=\"vertical-align: inherit;\">Dragon of the North<\/span><\/b><span style=\"vertical-align: inherit;\"> -\u00c2\u00a0 <\/span><span style=\"color: inherit;\"><span style=\"vertical-align: inherit;\">Dragon of the North es el primer <\/span><\/span><span style=\"vertical-align: inherit;\"><span style=\"color: inherit;\">DLC de <\/span><\/span><span style=\"color: inherit;\"><span style=\"vertical-align: inherit;\">Nioh <\/span><\/span><span style=\"color: inherit;\"><span style=\"vertical-align: inherit;\">que se centra en la historia de un gobernante de la regi\u00f3n de Oshu, Masamune Date, tambi\u00e9n conocido como el &#8220;Drag\u00f3n de un ojo&#8221;. Actualmente est\u00e1 buscando las piedras espirituales para desatar m\u00e1s horror y caos en Jap\u00f3n. Tienes que detenerlo.<\/span><\/span><\/li>\n<li><b><span style=\"vertical-align: inherit;\">Horror<\/span><\/b><span style=\"vertical-align: inherit;\"> desafiante:\u00a0 <\/span><span style=\"color: inherit;\"><span style=\"vertical-align: inherit;\">en el Honor desafiante, el jugador participar\u00e1 en el asedio del Castillo de Osaka y la fortaleza de Sanada Manaru, construido por una brillante guerrera Sanada Yukimura. Yukimura es un guerrero samur\u00e1i que lucha por el Clan Toyotomi, el archienemigo del amigo del personaje del jugador, Tokugawa Ieyasu. A medida que aumenta la tensi\u00f3n, depende del jugador finalmente poner fin a este conflicto.<\/span><\/span><\/li>\n<li><b><span style=\"vertical-align: inherit;\">Bloodshed&#8217;s End<\/span><\/b><span style=\"vertical-align: inherit;\"> :\u00a0 <\/span><span style=\"color: inherit;\"><span style=\"vertical-align: inherit;\">el \u00faltimo DLC, Bloodshed&#8217;s End es la conclusi\u00f3n de la historia de William. El DLC contin\u00faa la historia del asedio de Osaka y Sanada Yukimura est\u00e1 de regreso una vez m\u00e1s, pero esta vez, el verdadero enemigo es Yuki-Onna. Un poderoso Yokai que se considera una encarnaci\u00f3n de la nieve misma. Definitivamente es el mayor desaf\u00edo para los jugadores.<\/span><\/span><\/li>\n<\/ul>","protected":false},"excerpt":{"rendered":"<p>Nioh (\u00e4 \u00bb?? \u00e7\u017d\u2039) es un videojuego de rol de acci\u00f3n, que a los jugadores les encanta llamar una mezcla entre Onimusha (un horror de supervivencia de fantas\u00eda oscura en un Jap\u00f3n feudal) y Dark Souls (uno de los juegos de rol m\u00e1s dif\u00edciles de la historia ). Para ser honesto, esta declaraci\u00f3n resume perfectamente&#8230;<\/p>","protected":false},"featured_media":117661,"template":"","meta":{"_monsterinsights_skip_tracking":false,"_monsterinsights_sitenote_active":false,"_monsterinsights_sitenote_note":"","_monsterinsights_sitenote_category":0},"product_brand":[],"product_cat":[2981,1271,1420,1283,1280,1273,1392,1298,1428],"product_tag":[3666,3667,3668],"class_list":{"0":"post-117660","1":"product","2":"type-product","3":"status-publish","4":"has-post-thumbnail","6":"product_cat-destacados","7":"product_cat-tienda-de-videojuegos-tijuana-mexico","8":"product_cat-tienda-de-videojuegos-populares-tijuana-mexico","9":"product_cat-tienda-de-videojuegos-plataformas-tijuana-mexico","10":"product_cat-tienda-de-videojuegos-pc-tijuana-mexico","11":"product_cat-tienda-de-videojuegos-steam-key-tijuana-mexico","12":"product_cat-tienda-de-videojuegos-accion-tijuana-mexico","13":"product_cat-tienda-de-videojuegos-rol-tijuana-mexico","14":"product_cat-tienda-de-videojuegos-cooperativos-tijuana-mexico","15":"product_tag-nioh-complete-edition","16":"product_tag-nioh-complete-edition-cd-key","17":"product_tag-nioh-complete-edition-steam","19":"first","20":"instock","21":"shipping-taxable","22":"purchasable","23":"product-type-simple"},"yoast_head":"<!-- This site is optimized with the Yoast SEO plugin v27.0 - https:\/\/yoast.com\/product\/yoast-seo-wordpress\/ -->\n<title>Nioh: Complete Edition Steam CD Key - MERCADOKEYS<\/title>\n<meta name=\"robots\" content=\"index, follow, max-snippet:-1, max-image-preview:large, max-video-preview:-1\" \/>\n<link rel=\"canonical\" href=\"https:\/\/www.mercadokeys.com\/product\/nioh-complete-edition-steam-cd-key\/\" \/>\n<meta property=\"og:locale\" content=\"en_GB\" \/>\n<meta property=\"og:type\" content=\"article\" \/>\n<meta property=\"og:title\" content=\"Nioh: Complete Edition Steam CD Key - MERCADOKEYS\" \/>\n<meta property=\"og:description\" content=\"Nioh (\u00e4 \u00bb?? \u00e7\u017d\u2039) es un videojuego de rol de acci\u00f3n, que a los jugadores les encanta llamar una mezcla entre Onimusha (un horror de supervivencia de fantas\u00eda oscura en un Jap\u00f3n feudal) y Dark Souls (uno de los juegos de rol m\u00e1s dif\u00edciles de la historia ). Para ser honesto, esta declaraci\u00f3n resume perfectamente...\" \/>\n<meta property=\"og:url\" content=\"https:\/\/www.mercadokeys.com\/product\/nioh-complete-edition-steam-cd-key\/\" \/>\n<meta property=\"og:site_name\" content=\"MERCADOKEYS\" \/>\n<meta property=\"article:modified_time\" content=\"2022-06-29T13:03:12+00:00\" \/>\n<meta property=\"og:image\" content=\"https:\/\/www.mercadokeys.com\/wp-content\/uploads\/2021\/11\/26053.jpg\" \/>\n\t<meta property=\"og:image:width\" content=\"230\" \/>\n\t<meta property=\"og:image:height\" content=\"336\" \/>\n\t<meta property=\"og:image:type\" content=\"image\/jpeg\" \/>\n<meta name=\"twitter:card\" content=\"summary_large_image\" \/>\n<meta name=\"twitter:label1\" content=\"Estimated reading time\" \/>\n\t<meta name=\"twitter:data1\" content=\"4 minutes\" \/>\n<script type=\"application\/ld+json\" class=\"yoast-schema-graph\">{\"@context\":\"https:\/\/schema.org\",\"@graph\":[{\"@type\":\"WebPage\",\"@id\":\"https:\/\/www.mercadokeys.com\/product\/nioh-complete-edition-steam-cd-key\/\",\"url\":\"https:\/\/www.mercadokeys.com\/product\/nioh-complete-edition-steam-cd-key\/\",\"name\":\"Nioh: Complete Edition Steam CD Key - MERCADOKEYS\",\"isPartOf\":{\"@id\":\"https:\/\/www.mercadokeys.com\/eng\/#website\"},\"primaryImageOfPage\":{\"@id\":\"https:\/\/www.mercadokeys.com\/product\/nioh-complete-edition-steam-cd-key\/#primaryimage\"},\"image\":{\"@id\":\"https:\/\/www.mercadokeys.com\/product\/nioh-complete-edition-steam-cd-key\/#primaryimage\"},\"thumbnailUrl\":\"https:\/\/www.mercadokeys.com.mx\/wp-content\/uploads\/2021\/11\/26053.jpg\",\"datePublished\":\"2021-11-14T17:51:45+00:00\",\"dateModified\":\"2022-06-29T13:03:12+00:00\",\"breadcrumb\":{\"@id\":\"https:\/\/www.mercadokeys.com\/product\/nioh-complete-edition-steam-cd-key\/#breadcrumb\"},\"inLanguage\":\"en-GB\",\"potentialAction\":[{\"@type\":\"ReadAction\",\"target\":[\"https:\/\/www.mercadokeys.com\/product\/nioh-complete-edition-steam-cd-key\/\"]}]},{\"@type\":\"ImageObject\",\"inLanguage\":\"en-GB\",\"@id\":\"https:\/\/www.mercadokeys.com\/product\/nioh-complete-edition-steam-cd-key\/#primaryimage\",\"url\":\"https:\/\/www.mercadokeys.com.mx\/wp-content\/uploads\/2021\/11\/26053.jpg\",\"contentUrl\":\"https:\/\/www.mercadokeys.com.mx\/wp-content\/uploads\/2021\/11\/26053.jpg\",\"width\":230,\"height\":336},{\"@type\":\"BreadcrumbList\",\"@id\":\"https:\/\/www.mercadokeys.com\/product\/nioh-complete-edition-steam-cd-key\/#breadcrumb\",\"itemListElement\":[{\"@type\":\"ListItem\",\"position\":1,\"name\":\"Inicio\",\"item\":\"https:\/\/www.mercadokeys.com.mx\/\"},{\"@type\":\"ListItem\",\"position\":2,\"name\":\"Tienda\",\"item\":\"https:\/\/www.mercadokeys.com\/shop\/\"},{\"@type\":\"ListItem\",\"position\":3,\"name\":\"Nioh: Complete Edition Steam CD Key\"}]},{\"@type\":\"WebSite\",\"@id\":\"https:\/\/www.mercadokeys.com\/eng\/#website\",\"url\":\"https:\/\/www.mercadokeys.com\/eng\/\",\"name\":\"MERCADOKEYS\",\"description\":\"Tu Tienda de videojuegos digitales en Mexico!\",\"potentialAction\":[{\"@type\":\"SearchAction\",\"target\":{\"@type\":\"EntryPoint\",\"urlTemplate\":\"https:\/\/www.mercadokeys.com\/eng\/?s={search_term_string}\"},\"query-input\":{\"@type\":\"PropertyValueSpecification\",\"valueRequired\":true,\"valueName\":\"search_term_string\"}}],\"inLanguage\":\"en-GB\"}]}<\/script>\n<!-- \/ Yoast SEO plugin. -->","yoast_head_json":{"title":"Nioh: Complete Edition Steam CD Key - MERCADOKEYS","robots":{"index":"index","follow":"follow","max-snippet":"max-snippet:-1","max-image-preview":"max-image-preview:large","max-video-preview":"max-video-preview:-1"},"canonical":"https:\/\/www.mercadokeys.com\/product\/nioh-complete-edition-steam-cd-key\/","og_locale":"en_GB","og_type":"article","og_title":"Nioh: Complete Edition Steam CD Key - MERCADOKEYS","og_description":"Nioh (\u00e4 \u00bb?? \u00e7\u017d\u2039) es un videojuego de rol de acci\u00f3n, que a los jugadores les encanta llamar una mezcla entre Onimusha (un horror de supervivencia de fantas\u00eda oscura en un Jap\u00f3n feudal) y Dark Souls (uno de los juegos de rol m\u00e1s dif\u00edciles de la historia ). Para ser honesto, esta declaraci\u00f3n resume perfectamente...","og_url":"https:\/\/www.mercadokeys.com\/product\/nioh-complete-edition-steam-cd-key\/","og_site_name":"MERCADOKEYS","article_modified_time":"2022-06-29T13:03:12+00:00","og_image":[{"width":230,"height":336,"url":"https:\/\/www.mercadokeys.com\/wp-content\/uploads\/2021\/11\/26053.jpg","type":"image\/jpeg"}],"twitter_card":"summary_large_image","twitter_misc":{"Estimated reading time":"4 minutes"},"schema":{"@context":"https:\/\/schema.org","@graph":[{"@type":"WebPage","@id":"https:\/\/www.mercadokeys.com\/product\/nioh-complete-edition-steam-cd-key\/","url":"https:\/\/www.mercadokeys.com\/product\/nioh-complete-edition-steam-cd-key\/","name":"Nioh: Complete Edition Steam CD Key - MERCADOKEYS","isPartOf":{"@id":"https:\/\/www.mercadokeys.com\/eng\/#website"},"primaryImageOfPage":{"@id":"https:\/\/www.mercadokeys.com\/product\/nioh-complete-edition-steam-cd-key\/#primaryimage"},"image":{"@id":"https:\/\/www.mercadokeys.com\/product\/nioh-complete-edition-steam-cd-key\/#primaryimage"},"thumbnailUrl":"https:\/\/www.mercadokeys.com.mx\/wp-content\/uploads\/2021\/11\/26053.jpg","datePublished":"2021-11-14T17:51:45+00:00","dateModified":"2022-06-29T13:03:12+00:00","breadcrumb":{"@id":"https:\/\/www.mercadokeys.com\/product\/nioh-complete-edition-steam-cd-key\/#breadcrumb"},"inLanguage":"en-GB","potentialAction":[{"@type":"ReadAction","target":["https:\/\/www.mercadokeys.com\/product\/nioh-complete-edition-steam-cd-key\/"]}]},{"@type":"ImageObject","inLanguage":"en-GB","@id":"https:\/\/www.mercadokeys.com\/product\/nioh-complete-edition-steam-cd-key\/#primaryimage","url":"https:\/\/www.mercadokeys.com.mx\/wp-content\/uploads\/2021\/11\/26053.jpg","contentUrl":"https:\/\/www.mercadokeys.com.mx\/wp-content\/uploads\/2021\/11\/26053.jpg","width":230,"height":336},{"@type":"BreadcrumbList","@id":"https:\/\/www.mercadokeys.com\/product\/nioh-complete-edition-steam-cd-key\/#breadcrumb","itemListElement":[{"@type":"ListItem","position":1,"name":"Inicio","item":"https:\/\/www.mercadokeys.com.mx\/"},{"@type":"ListItem","position":2,"name":"Tienda","item":"https:\/\/www.mercadokeys.com\/shop\/"},{"@type":"ListItem","position":3,"name":"Nioh: Complete Edition Steam CD Key"}]},{"@type":"WebSite","@id":"https:\/\/www.mercadokeys.com\/eng\/#website","url":"https:\/\/www.mercadokeys.com\/eng\/","name":"MERCADOKEYS","description":"Tu Tienda de videojuegos digitales en Mexico!","potentialAction":[{"@type":"SearchAction","target":{"@type":"EntryPoint","urlTemplate":"https:\/\/www.mercadokeys.com\/eng\/?s={search_term_string}"},"query-input":{"@type":"PropertyValueSpecification","valueRequired":true,"valueName":"search_term_string"}}],"inLanguage":"en-GB"}]}},"df_price":401.411603,"df_sale_price":401.411603,"df_regular_price":401.411603,"df_image_link":"https:\/\/www.mercadokeys.com.mx\/wp-content\/uploads\/2021\/11\/26053-205x300.jpg","_links":{"self":[{"href":"https:\/\/www.mercadokeys.com.mx\/eng\/wp-json\/wp\/v2\/product\/117660","targetHints":{"allow":["GET"]}}],"collection":[{"href":"https:\/\/www.mercadokeys.com.mx\/eng\/wp-json\/wp\/v2\/product"}],"about":[{"href":"https:\/\/www.mercadokeys.com.mx\/eng\/wp-json\/wp\/v2\/types\/product"}],"wp:featuredmedia":[{"embeddable":true,"href":"https:\/\/www.mercadokeys.com.mx\/eng\/wp-json\/wp\/v2\/media\/117661"}],"wp:attachment":[{"href":"https:\/\/www.mercadokeys.com.mx\/eng\/wp-json\/wp\/v2\/media?parent=117660"}],"wp:term":[{"taxonomy":"product_brand","embeddable":true,"href":"https:\/\/www.mercadokeys.com.mx\/eng\/wp-json\/wp\/v2\/product_brand?post=117660"},{"taxonomy":"product_cat","embeddable":true,"href":"https:\/\/www.mercadokeys.com.mx\/eng\/wp-json\/wp\/v2\/product_cat?post=117660"},{"taxonomy":"product_tag","embeddable":true,"href":"https:\/\/www.mercadokeys.com.mx\/eng\/wp-json\/wp\/v2\/product_tag?post=117660"}],"curies":[{"name":"wp","href":"https:\/\/api.w.org\/{rel}","templated":true}]}}