{"id":117618,"date":"2021-11-14T09:31:32","date_gmt":"2021-11-14T17:31:32","guid":{"rendered":"https:\/\/www.mercadokeys.com\/producto\/necromunda-hired-gun-steam-cd-key-2\/"},"modified":"2022-06-29T06:09:56","modified_gmt":"2022-06-29T13:09:56","slug":"necromunda-hired-gun-steam-cd-key-2","status":"publish","type":"product","link":"https:\/\/www.mercadokeys.com.mx\/eng\/product\/necromunda-hired-gun-steam-cd-key-2\/","title":{"rendered":"Necromunda: Hired Gun Steam CD Key"},"content":{"rendered":"<p><span style=\"vertical-align: inherit;\">Elija sus contratos. Caza tus objetivos. Recoge la recompensa. Navega por un oc\u00e9ano de crimen y corrupci\u00f3n para equilibrar el sangriento ecosistema de Necromunda como un arma a sueldo sin piedad. El dinero es bueno, el perro es leal y el arma es confiable, pero \u00bfpuedes sobrevivir a la cacer\u00eda? Necromunda: Hired Gun es un FPS indie de ritmo r\u00e1pido, violento y emocionante ambientado en los confines m\u00e1s oscuros de la ciudad colmena m\u00e1s infame de Warhammer 40,000. Por el precio justo, elimina a los pandilleros y mutantes m\u00e1s notorios. Tu arsenal es un arsenal en expansi\u00f3n. Tu cuerpo se realza con una docena de aumentos personalizables para correr en paredes y saltar abismos. Tu ciber-mast\u00edn olfatear\u00e1 y matar\u00e1 enemigos por ti, mientras que tu garfio te permitir\u00e1 atravesar de forma r\u00e1pida y \u00e1gil los entornos masivos. &#8211; Un FPS de ritmo r\u00e1pido indie en Warhammer 40,<\/span><\/p>","protected":false},"excerpt":{"rendered":"<p>Elija sus contratos. Caza tus objetivos. Recoge la recompensa. Navega por un oc\u00e9ano de crimen y corrupci\u00f3n para equilibrar el sangriento ecosistema de Necromunda como un arma a sueldo sin piedad. El dinero es bueno, el perro es leal y el arma es confiable, pero \u00bfpuedes sobrevivir a la cacer\u00eda? Necromunda: Hired Gun es un&#8230;<\/p>","protected":false},"featured_media":118578,"template":"","meta":{"_monsterinsights_skip_tracking":false,"_monsterinsights_sitenote_active":false,"_monsterinsights_sitenote_note":"","_monsterinsights_sitenote_category":0},"product_brand":[],"product_cat":[2981,1271,1283,1280,1273,1392,1394,1427],"product_tag":[3687,3688,3689],"class_list":{"0":"post-117618","1":"product","2":"type-product","3":"status-publish","4":"has-post-thumbnail","6":"product_cat-destacados","7":"product_cat-tienda-de-videojuegos-tijuana-mexico","8":"product_cat-tienda-de-videojuegos-plataformas-tijuana-mexico","9":"product_cat-tienda-de-videojuegos-pc-tijuana-mexico","10":"product_cat-tienda-de-videojuegos-steam-key-tijuana-mexico","11":"product_cat-tienda-de-videojuegos-accion-tijuana-mexico","12":"product_cat-tienda-de-videojuegos-aventura-tijuana-mexico","13":"product_cat-tienda-de-videojuegos-juegos-para-mando-tijuana-mexico","14":"product_tag-necromunda-hired-gun","15":"product_tag-necromunda-hired-gun-cd-key","16":"product_tag-necromunda-hired-gun-steam","18":"first","19":"instock","20":"shipping-taxable","21":"purchasable","22":"product-type-simple"},"yoast_head":"<!-- This site is optimized with the Yoast SEO plugin v27.0 - https:\/\/yoast.com\/product\/yoast-seo-wordpress\/ -->\n<title>Necromunda: Hired Gun Steam CD Key - MERCADOKEYS<\/title>\n<meta name=\"robots\" content=\"index, follow, max-snippet:-1, max-image-preview:large, max-video-preview:-1\" \/>\n<link rel=\"canonical\" href=\"https:\/\/www.mercadokeys.com\/product\/necromunda-hired-gun-steam-cd-key-2\/\" \/>\n<meta property=\"og:locale\" content=\"en_GB\" \/>\n<meta property=\"og:type\" content=\"article\" \/>\n<meta property=\"og:title\" content=\"Necromunda: Hired Gun Steam CD Key - MERCADOKEYS\" \/>\n<meta property=\"og:description\" content=\"Elija sus contratos. Caza tus objetivos. Recoge la recompensa. Navega por un oc\u00e9ano de crimen y corrupci\u00f3n para equilibrar el sangriento ecosistema de Necromunda como un arma a sueldo sin piedad. El dinero es bueno, el perro es leal y el arma es confiable, pero \u00bfpuedes sobrevivir a la cacer\u00eda? Necromunda: Hired Gun es un...\" \/>\n<meta property=\"og:url\" content=\"https:\/\/www.mercadokeys.com\/product\/necromunda-hired-gun-steam-cd-key-2\/\" \/>\n<meta property=\"og:site_name\" content=\"MERCADOKEYS\" \/>\n<meta property=\"article:modified_time\" content=\"2022-06-29T13:09:56+00:00\" \/>\n<meta property=\"og:image\" content=\"https:\/\/www.mercadokeys.com\/wp-content\/uploads\/2021\/11\/Necromunda-Hired-Gun.jpg\" \/>\n\t<meta property=\"og:image:width\" content=\"487\" \/>\n\t<meta property=\"og:image:height\" content=\"676\" \/>\n\t<meta property=\"og:image:type\" content=\"image\/jpeg\" \/>\n<meta name=\"twitter:card\" content=\"summary_large_image\" \/>\n<meta name=\"twitter:label1\" content=\"Estimated reading time\" \/>\n\t<meta name=\"twitter:data1\" content=\"1 minute\" \/>\n<script type=\"application\/ld+json\" class=\"yoast-schema-graph\">{\"@context\":\"https:\/\/schema.org\",\"@graph\":[{\"@type\":\"WebPage\",\"@id\":\"https:\/\/www.mercadokeys.com\/product\/necromunda-hired-gun-steam-cd-key-2\/\",\"url\":\"https:\/\/www.mercadokeys.com\/product\/necromunda-hired-gun-steam-cd-key-2\/\",\"name\":\"Necromunda: Hired Gun Steam CD Key - MERCADOKEYS\",\"isPartOf\":{\"@id\":\"https:\/\/www.mercadokeys.com\/eng\/#website\"},\"primaryImageOfPage\":{\"@id\":\"https:\/\/www.mercadokeys.com\/product\/necromunda-hired-gun-steam-cd-key-2\/#primaryimage\"},\"image\":{\"@id\":\"https:\/\/www.mercadokeys.com\/product\/necromunda-hired-gun-steam-cd-key-2\/#primaryimage\"},\"thumbnailUrl\":\"https:\/\/www.mercadokeys.com.mx\/wp-content\/uploads\/2021\/11\/Necromunda-Hired-Gun.jpg\",\"datePublished\":\"2021-11-14T17:31:32+00:00\",\"dateModified\":\"2022-06-29T13:09:56+00:00\",\"breadcrumb\":{\"@id\":\"https:\/\/www.mercadokeys.com\/product\/necromunda-hired-gun-steam-cd-key-2\/#breadcrumb\"},\"inLanguage\":\"en-GB\",\"potentialAction\":[{\"@type\":\"ReadAction\",\"target\":[\"https:\/\/www.mercadokeys.com\/product\/necromunda-hired-gun-steam-cd-key-2\/\"]}]},{\"@type\":\"ImageObject\",\"inLanguage\":\"en-GB\",\"@id\":\"https:\/\/www.mercadokeys.com\/product\/necromunda-hired-gun-steam-cd-key-2\/#primaryimage\",\"url\":\"https:\/\/www.mercadokeys.com.mx\/wp-content\/uploads\/2021\/11\/Necromunda-Hired-Gun.jpg\",\"contentUrl\":\"https:\/\/www.mercadokeys.com.mx\/wp-content\/uploads\/2021\/11\/Necromunda-Hired-Gun.jpg\",\"width\":487,\"height\":676,\"caption\":\"Necromunda: Hired Gun\"},{\"@type\":\"BreadcrumbList\",\"@id\":\"https:\/\/www.mercadokeys.com\/product\/necromunda-hired-gun-steam-cd-key-2\/#breadcrumb\",\"itemListElement\":[{\"@type\":\"ListItem\",\"position\":1,\"name\":\"Inicio\",\"item\":\"https:\/\/www.mercadokeys.com.mx\/\"},{\"@type\":\"ListItem\",\"position\":2,\"name\":\"Tienda\",\"item\":\"https:\/\/www.mercadokeys.com\/shop\/\"},{\"@type\":\"ListItem\",\"position\":3,\"name\":\"Necromunda: Hired Gun Steam CD Key\"}]},{\"@type\":\"WebSite\",\"@id\":\"https:\/\/www.mercadokeys.com\/eng\/#website\",\"url\":\"https:\/\/www.mercadokeys.com\/eng\/\",\"name\":\"MERCADOKEYS\",\"description\":\"Tu Tienda de videojuegos digitales en Mexico!\",\"potentialAction\":[{\"@type\":\"SearchAction\",\"target\":{\"@type\":\"EntryPoint\",\"urlTemplate\":\"https:\/\/www.mercadokeys.com\/eng\/?s={search_term_string}\"},\"query-input\":{\"@type\":\"PropertyValueSpecification\",\"valueRequired\":true,\"valueName\":\"search_term_string\"}}],\"inLanguage\":\"en-GB\"}]}<\/script>\n<!-- \/ Yoast SEO plugin. -->","yoast_head_json":{"title":"Necromunda: Hired Gun Steam CD Key - MERCADOKEYS","robots":{"index":"index","follow":"follow","max-snippet":"max-snippet:-1","max-image-preview":"max-image-preview:large","max-video-preview":"max-video-preview:-1"},"canonical":"https:\/\/www.mercadokeys.com\/product\/necromunda-hired-gun-steam-cd-key-2\/","og_locale":"en_GB","og_type":"article","og_title":"Necromunda: Hired Gun Steam CD Key - MERCADOKEYS","og_description":"Elija sus contratos. Caza tus objetivos. Recoge la recompensa. Navega por un oc\u00e9ano de crimen y corrupci\u00f3n para equilibrar el sangriento ecosistema de Necromunda como un arma a sueldo sin piedad. El dinero es bueno, el perro es leal y el arma es confiable, pero \u00bfpuedes sobrevivir a la cacer\u00eda? Necromunda: Hired Gun es un...","og_url":"https:\/\/www.mercadokeys.com\/product\/necromunda-hired-gun-steam-cd-key-2\/","og_site_name":"MERCADOKEYS","article_modified_time":"2022-06-29T13:09:56+00:00","og_image":[{"width":487,"height":676,"url":"https:\/\/www.mercadokeys.com\/wp-content\/uploads\/2021\/11\/Necromunda-Hired-Gun.jpg","type":"image\/jpeg"}],"twitter_card":"summary_large_image","twitter_misc":{"Estimated reading time":"1 minute"},"schema":{"@context":"https:\/\/schema.org","@graph":[{"@type":"WebPage","@id":"https:\/\/www.mercadokeys.com\/product\/necromunda-hired-gun-steam-cd-key-2\/","url":"https:\/\/www.mercadokeys.com\/product\/necromunda-hired-gun-steam-cd-key-2\/","name":"Necromunda: Hired Gun Steam CD Key - MERCADOKEYS","isPartOf":{"@id":"https:\/\/www.mercadokeys.com\/eng\/#website"},"primaryImageOfPage":{"@id":"https:\/\/www.mercadokeys.com\/product\/necromunda-hired-gun-steam-cd-key-2\/#primaryimage"},"image":{"@id":"https:\/\/www.mercadokeys.com\/product\/necromunda-hired-gun-steam-cd-key-2\/#primaryimage"},"thumbnailUrl":"https:\/\/www.mercadokeys.com.mx\/wp-content\/uploads\/2021\/11\/Necromunda-Hired-Gun.jpg","datePublished":"2021-11-14T17:31:32+00:00","dateModified":"2022-06-29T13:09:56+00:00","breadcrumb":{"@id":"https:\/\/www.mercadokeys.com\/product\/necromunda-hired-gun-steam-cd-key-2\/#breadcrumb"},"inLanguage":"en-GB","potentialAction":[{"@type":"ReadAction","target":["https:\/\/www.mercadokeys.com\/product\/necromunda-hired-gun-steam-cd-key-2\/"]}]},{"@type":"ImageObject","inLanguage":"en-GB","@id":"https:\/\/www.mercadokeys.com\/product\/necromunda-hired-gun-steam-cd-key-2\/#primaryimage","url":"https:\/\/www.mercadokeys.com.mx\/wp-content\/uploads\/2021\/11\/Necromunda-Hired-Gun.jpg","contentUrl":"https:\/\/www.mercadokeys.com.mx\/wp-content\/uploads\/2021\/11\/Necromunda-Hired-Gun.jpg","width":487,"height":676,"caption":"Necromunda: Hired Gun"},{"@type":"BreadcrumbList","@id":"https:\/\/www.mercadokeys.com\/product\/necromunda-hired-gun-steam-cd-key-2\/#breadcrumb","itemListElement":[{"@type":"ListItem","position":1,"name":"Inicio","item":"https:\/\/www.mercadokeys.com.mx\/"},{"@type":"ListItem","position":2,"name":"Tienda","item":"https:\/\/www.mercadokeys.com\/shop\/"},{"@type":"ListItem","position":3,"name":"Necromunda: Hired Gun Steam CD Key"}]},{"@type":"WebSite","@id":"https:\/\/www.mercadokeys.com\/eng\/#website","url":"https:\/\/www.mercadokeys.com\/eng\/","name":"MERCADOKEYS","description":"Tu Tienda de videojuegos digitales en Mexico!","potentialAction":[{"@type":"SearchAction","target":{"@type":"EntryPoint","urlTemplate":"https:\/\/www.mercadokeys.com\/eng\/?s={search_term_string}"},"query-input":{"@type":"PropertyValueSpecification","valueRequired":true,"valueName":"search_term_string"}}],"inLanguage":"en-GB"}]}},"df_price":596.113385,"df_sale_price":596.113385,"df_regular_price":596.113385,"df_image_link":"https:\/\/www.mercadokeys.com.mx\/wp-content\/uploads\/2021\/11\/Necromunda-Hired-Gun-216x300.jpg","_links":{"self":[{"href":"https:\/\/www.mercadokeys.com.mx\/eng\/wp-json\/wp\/v2\/product\/117618","targetHints":{"allow":["GET"]}}],"collection":[{"href":"https:\/\/www.mercadokeys.com.mx\/eng\/wp-json\/wp\/v2\/product"}],"about":[{"href":"https:\/\/www.mercadokeys.com.mx\/eng\/wp-json\/wp\/v2\/types\/product"}],"wp:featuredmedia":[{"embeddable":true,"href":"https:\/\/www.mercadokeys.com.mx\/eng\/wp-json\/wp\/v2\/media\/118578"}],"wp:attachment":[{"href":"https:\/\/www.mercadokeys.com.mx\/eng\/wp-json\/wp\/v2\/media?parent=117618"}],"wp:term":[{"taxonomy":"product_brand","embeddable":true,"href":"https:\/\/www.mercadokeys.com.mx\/eng\/wp-json\/wp\/v2\/product_brand?post=117618"},{"taxonomy":"product_cat","embeddable":true,"href":"https:\/\/www.mercadokeys.com.mx\/eng\/wp-json\/wp\/v2\/product_cat?post=117618"},{"taxonomy":"product_tag","embeddable":true,"href":"https:\/\/www.mercadokeys.com.mx\/eng\/wp-json\/wp\/v2\/product_tag?post=117618"}],"curies":[{"name":"wp","href":"https:\/\/api.w.org\/{rel}","templated":true}]}}