{"id":117603,"date":"2021-11-14T09:29:54","date_gmt":"2021-11-14T17:29:54","guid":{"rendered":"https:\/\/www.mercadokeys.com\/producto\/wolfenstein-the-new-order-steam-key-global\/"},"modified":"2022-06-29T06:02:50","modified_gmt":"2022-06-29T13:02:50","slug":"wolfenstein-the-new-order-steam-key-global","status":"publish","type":"product","link":"https:\/\/www.mercadokeys.com.mx\/eng\/product\/wolfenstein-the-new-order-steam-key-global\/","title":{"rendered":"Wolfenstein: The New Order Steam CD Key"},"content":{"rendered":"<p><span style=\"vertical-align: inherit;\">Hablar de <\/span><strong><span style=\"vertical-align: inherit;\">Wolfenstein<\/span><\/strong><span style=\"vertical-align: inherit;\"> nunca es una tarea f\u00e1cil. Despu\u00e9s de todo, Wolfenstein 3D fue un hito en la industria de los juegos de computadora. Seg\u00fan muchos, el primer FPS jam\u00e1s creado (que en realidad es una afirmaci\u00f3n incorrecta. Wolfenstein 3D populariz\u00f3 el g\u00e9nero FPS, pero no fue el primero). <\/span><strong><span style=\"vertical-align: inherit;\">Wolfenstein: The New Order en Steam<\/span><\/strong><span style=\"vertical-align: inherit;\"> es una resurrecci\u00f3n de la serie. Obtendr\u00e1 todo lo que esperar\u00eda de Wolfenstein. Una acci\u00f3n trepidante, una trama interesante y nazis para matar. S\u00ed, \u00bfqu\u00e9 m\u00e1s necesitamos? Quiz\u00e1s un vaso de whisky.<\/span><\/p>\n<h3 style=\"font-size: 16px; text-align: center;\"><span style=\"vertical-align: inherit;\">Una trama interesante<\/span><\/h3>\n<p>&nbsp;<\/p>\n<p><span style=\"vertical-align: inherit;\">El estudio detr\u00e1s del juego, MachineGames, est\u00e1 formado por miembros de los estudios Starbreeze. Personas que crearon juegos como Chronicles of Riddick y The Darkness. Por lo tanto, no es de extra\u00f1ar que la trama de este juego sea un aspecto muy importante. Eres BJ Blazkowicz, el h\u00e9roe estadounidense. Desafortunadamente, en su universo, el Tercer Reich hab\u00eda ganado la Segunda Guerra Mundial gracias a su Wunderwaffe (una s\u00faper arma). El juego tiene lugar en la d\u00e9cada de 1960 cuando el Tercer Reich gan\u00f3 el control de todo el mundo. Tienes que detenerlos, antes de que sea demasiado tarde.<\/span><\/p>\n<h3 style=\"font-size: 16px; text-align: center;\"><span style=\"vertical-align: inherit;\">Un modelo de rodaje lleno de acci\u00f3n<\/span><\/h3>\n<p>&nbsp;<\/p>\n<p><span style=\"vertical-align: inherit;\">Los elementos m\u00e1s importantes del juego FPS son, obviamente, los disparos y toda la acci\u00f3n durante los tiroteos con los enemigos. <\/span><strong><span style=\"vertical-align: inherit;\">Wolfenstein: The New Order le<\/span><\/strong><span style=\"vertical-align: inherit;\"> ofrece mucho en este aspecto. Tienes un enorme arsenal de cuchillos, rifles, granadas, rifles de francotirador, escopetas y pistolas. Puede modificar estas armas con silenciadores o miras l\u00e1ser. Sin embargo, la belleza del juego es el hecho de que puedes disparar dos armas al mismo tiempo. Tambi\u00e9n puedes esconderte detr\u00e1s de la cubierta o usar un tobog\u00e1n de energ\u00eda, gracias a lo cual Blazkowicz puede moverse r\u00e1pidamente a otra cubierta sin riesgo de ser asesinado a tiros.<\/span><\/p>\n<p>&nbsp;<\/p>\n<ul style=\"font-size: 13px;\">\n<li><span style=\"vertical-align: inherit;\">Un enorme arsenal: puedes elegir entre una enorme variedad de armas. Adem\u00e1s, puedes disparar dos armas al mismo tiempo o irrumpir en instalaciones de investigaci\u00f3n secretas y escondites de armas fuertemente custodiados para encontrar mejoras.<\/span><\/li>\n<li><span style=\"vertical-align: inherit;\">Una trama interesante: el Tercer Reich hab\u00eda ganado la Segunda Guerra Mundial. Como BJ Blazkowicz, debes detenerlo antes de que dominen el mundo con su Wunderwaffe.<\/span><\/li>\n<li><span style=\"vertical-align: inherit;\">Acci\u00f3n y aventura: exploraci\u00f3n submarina, m\u00e1quinas de guerra nazis y una fortaleza frente a la playa. Esta es la \u00fanica punta del iceberg en este juego lleno de acci\u00f3n.<\/span><\/li>\n<\/ul>","protected":false},"excerpt":{"rendered":"<p>Hablar de Wolfenstein nunca es una tarea f\u00e1cil. Despu\u00e9s de todo, Wolfenstein 3D fue un hito en la industria de los juegos de computadora. Seg\u00fan muchos, el primer FPS jam\u00e1s creado (que en realidad es una afirmaci\u00f3n incorrecta. Wolfenstein 3D populariz\u00f3 el g\u00e9nero FPS, pero no fue el primero). Wolfenstein: The New Order en Steam&#8230;<\/p>","protected":false},"featured_media":117604,"template":"","meta":{"_monsterinsights_skip_tracking":false,"_monsterinsights_sitenote_active":false,"_monsterinsights_sitenote_note":"","_monsterinsights_sitenote_category":0},"product_brand":[],"product_cat":[2981,1271,1420,1283,1280,1273,1392,1427,1424],"product_tag":[3039,3694,3695],"class_list":{"0":"post-117603","1":"product","2":"type-product","3":"status-publish","4":"has-post-thumbnail","6":"product_cat-destacados","7":"product_cat-tienda-de-videojuegos-tijuana-mexico","8":"product_cat-tienda-de-videojuegos-populares-tijuana-mexico","9":"product_cat-tienda-de-videojuegos-plataformas-tijuana-mexico","10":"product_cat-tienda-de-videojuegos-pc-tijuana-mexico","11":"product_cat-tienda-de-videojuegos-steam-key-tijuana-mexico","12":"product_cat-tienda-de-videojuegos-accion-tijuana-mexico","13":"product_cat-tienda-de-videojuegos-juegos-para-mando-tijuana-mexico","14":"product_cat-tienda-de-videojuegos-lo-mas-jugados-tijuana-mexico","15":"product_tag-wolfenstein-the-new-order","16":"product_tag-wolfenstein-the-new-order-cd-key","17":"product_tag-wolfenstein-the-new-order-steam","19":"first","20":"instock","21":"shipping-taxable","22":"purchasable","23":"product-type-simple"},"yoast_head":"<!-- This site is optimized with the Yoast SEO plugin v27.0 - https:\/\/yoast.com\/product\/yoast-seo-wordpress\/ -->\n<title>Wolfenstein: The New Order Steam CD Key - MERCADOKEYS<\/title>\n<meta name=\"robots\" content=\"index, follow, max-snippet:-1, max-image-preview:large, max-video-preview:-1\" \/>\n<link rel=\"canonical\" href=\"https:\/\/www.mercadokeys.com\/product\/wolfenstein-the-new-order-steam-key-global\/\" \/>\n<meta property=\"og:locale\" content=\"en_GB\" \/>\n<meta property=\"og:type\" content=\"article\" \/>\n<meta property=\"og:title\" content=\"Wolfenstein: The New Order Steam CD Key - MERCADOKEYS\" \/>\n<meta property=\"og:description\" content=\"Hablar de Wolfenstein nunca es una tarea f\u00e1cil. Despu\u00e9s de todo, Wolfenstein 3D fue un hito en la industria de los juegos de computadora. Seg\u00fan muchos, el primer FPS jam\u00e1s creado (que en realidad es una afirmaci\u00f3n incorrecta. Wolfenstein 3D populariz\u00f3 el g\u00e9nero FPS, pero no fue el primero). Wolfenstein: The New Order en Steam...\" \/>\n<meta property=\"og:url\" content=\"https:\/\/www.mercadokeys.com\/product\/wolfenstein-the-new-order-steam-key-global\/\" \/>\n<meta property=\"og:site_name\" content=\"MERCADOKEYS\" \/>\n<meta property=\"article:modified_time\" content=\"2022-06-29T13:02:50+00:00\" \/>\n<meta property=\"og:image\" content=\"https:\/\/www.mercadokeys.com\/wp-content\/uploads\/2021\/11\/28454.jpg\" \/>\n\t<meta property=\"og:image:width\" content=\"230\" \/>\n\t<meta property=\"og:image:height\" content=\"336\" \/>\n\t<meta property=\"og:image:type\" content=\"image\/jpeg\" \/>\n<meta name=\"twitter:card\" content=\"summary_large_image\" \/>\n<meta name=\"twitter:label1\" content=\"Estimated reading time\" \/>\n\t<meta name=\"twitter:data1\" content=\"2 minutes\" \/>\n<script type=\"application\/ld+json\" class=\"yoast-schema-graph\">{\"@context\":\"https:\/\/schema.org\",\"@graph\":[{\"@type\":\"WebPage\",\"@id\":\"https:\/\/www.mercadokeys.com\/product\/wolfenstein-the-new-order-steam-key-global\/\",\"url\":\"https:\/\/www.mercadokeys.com\/product\/wolfenstein-the-new-order-steam-key-global\/\",\"name\":\"Wolfenstein: The New Order Steam CD Key - MERCADOKEYS\",\"isPartOf\":{\"@id\":\"https:\/\/www.mercadokeys.com\/eng\/#website\"},\"primaryImageOfPage\":{\"@id\":\"https:\/\/www.mercadokeys.com\/product\/wolfenstein-the-new-order-steam-key-global\/#primaryimage\"},\"image\":{\"@id\":\"https:\/\/www.mercadokeys.com\/product\/wolfenstein-the-new-order-steam-key-global\/#primaryimage\"},\"thumbnailUrl\":\"https:\/\/www.mercadokeys.com.mx\/wp-content\/uploads\/2021\/11\/28454.jpg\",\"datePublished\":\"2021-11-14T17:29:54+00:00\",\"dateModified\":\"2022-06-29T13:02:50+00:00\",\"breadcrumb\":{\"@id\":\"https:\/\/www.mercadokeys.com\/product\/wolfenstein-the-new-order-steam-key-global\/#breadcrumb\"},\"inLanguage\":\"en-GB\",\"potentialAction\":[{\"@type\":\"ReadAction\",\"target\":[\"https:\/\/www.mercadokeys.com\/product\/wolfenstein-the-new-order-steam-key-global\/\"]}]},{\"@type\":\"ImageObject\",\"inLanguage\":\"en-GB\",\"@id\":\"https:\/\/www.mercadokeys.com\/product\/wolfenstein-the-new-order-steam-key-global\/#primaryimage\",\"url\":\"https:\/\/www.mercadokeys.com.mx\/wp-content\/uploads\/2021\/11\/28454.jpg\",\"contentUrl\":\"https:\/\/www.mercadokeys.com.mx\/wp-content\/uploads\/2021\/11\/28454.jpg\",\"width\":230,\"height\":336},{\"@type\":\"BreadcrumbList\",\"@id\":\"https:\/\/www.mercadokeys.com\/product\/wolfenstein-the-new-order-steam-key-global\/#breadcrumb\",\"itemListElement\":[{\"@type\":\"ListItem\",\"position\":1,\"name\":\"Inicio\",\"item\":\"https:\/\/www.mercadokeys.com.mx\/\"},{\"@type\":\"ListItem\",\"position\":2,\"name\":\"Tienda\",\"item\":\"https:\/\/www.mercadokeys.com\/shop\/\"},{\"@type\":\"ListItem\",\"position\":3,\"name\":\"Wolfenstein: The New Order Steam CD Key\"}]},{\"@type\":\"WebSite\",\"@id\":\"https:\/\/www.mercadokeys.com\/eng\/#website\",\"url\":\"https:\/\/www.mercadokeys.com\/eng\/\",\"name\":\"MERCADOKEYS\",\"description\":\"Tu Tienda de videojuegos digitales en Mexico!\",\"potentialAction\":[{\"@type\":\"SearchAction\",\"target\":{\"@type\":\"EntryPoint\",\"urlTemplate\":\"https:\/\/www.mercadokeys.com\/eng\/?s={search_term_string}\"},\"query-input\":{\"@type\":\"PropertyValueSpecification\",\"valueRequired\":true,\"valueName\":\"search_term_string\"}}],\"inLanguage\":\"en-GB\"}]}<\/script>\n<!-- \/ Yoast SEO plugin. -->","yoast_head_json":{"title":"Wolfenstein: The New Order Steam CD Key - MERCADOKEYS","robots":{"index":"index","follow":"follow","max-snippet":"max-snippet:-1","max-image-preview":"max-image-preview:large","max-video-preview":"max-video-preview:-1"},"canonical":"https:\/\/www.mercadokeys.com\/product\/wolfenstein-the-new-order-steam-key-global\/","og_locale":"en_GB","og_type":"article","og_title":"Wolfenstein: The New Order Steam CD Key - MERCADOKEYS","og_description":"Hablar de Wolfenstein nunca es una tarea f\u00e1cil. Despu\u00e9s de todo, Wolfenstein 3D fue un hito en la industria de los juegos de computadora. Seg\u00fan muchos, el primer FPS jam\u00e1s creado (que en realidad es una afirmaci\u00f3n incorrecta. Wolfenstein 3D populariz\u00f3 el g\u00e9nero FPS, pero no fue el primero). Wolfenstein: The New Order en Steam...","og_url":"https:\/\/www.mercadokeys.com\/product\/wolfenstein-the-new-order-steam-key-global\/","og_site_name":"MERCADOKEYS","article_modified_time":"2022-06-29T13:02:50+00:00","og_image":[{"width":230,"height":336,"url":"https:\/\/www.mercadokeys.com\/wp-content\/uploads\/2021\/11\/28454.jpg","type":"image\/jpeg"}],"twitter_card":"summary_large_image","twitter_misc":{"Estimated reading time":"2 minutes"},"schema":{"@context":"https:\/\/schema.org","@graph":[{"@type":"WebPage","@id":"https:\/\/www.mercadokeys.com\/product\/wolfenstein-the-new-order-steam-key-global\/","url":"https:\/\/www.mercadokeys.com\/product\/wolfenstein-the-new-order-steam-key-global\/","name":"Wolfenstein: The New Order Steam CD Key - MERCADOKEYS","isPartOf":{"@id":"https:\/\/www.mercadokeys.com\/eng\/#website"},"primaryImageOfPage":{"@id":"https:\/\/www.mercadokeys.com\/product\/wolfenstein-the-new-order-steam-key-global\/#primaryimage"},"image":{"@id":"https:\/\/www.mercadokeys.com\/product\/wolfenstein-the-new-order-steam-key-global\/#primaryimage"},"thumbnailUrl":"https:\/\/www.mercadokeys.com.mx\/wp-content\/uploads\/2021\/11\/28454.jpg","datePublished":"2021-11-14T17:29:54+00:00","dateModified":"2022-06-29T13:02:50+00:00","breadcrumb":{"@id":"https:\/\/www.mercadokeys.com\/product\/wolfenstein-the-new-order-steam-key-global\/#breadcrumb"},"inLanguage":"en-GB","potentialAction":[{"@type":"ReadAction","target":["https:\/\/www.mercadokeys.com\/product\/wolfenstein-the-new-order-steam-key-global\/"]}]},{"@type":"ImageObject","inLanguage":"en-GB","@id":"https:\/\/www.mercadokeys.com\/product\/wolfenstein-the-new-order-steam-key-global\/#primaryimage","url":"https:\/\/www.mercadokeys.com.mx\/wp-content\/uploads\/2021\/11\/28454.jpg","contentUrl":"https:\/\/www.mercadokeys.com.mx\/wp-content\/uploads\/2021\/11\/28454.jpg","width":230,"height":336},{"@type":"BreadcrumbList","@id":"https:\/\/www.mercadokeys.com\/product\/wolfenstein-the-new-order-steam-key-global\/#breadcrumb","itemListElement":[{"@type":"ListItem","position":1,"name":"Inicio","item":"https:\/\/www.mercadokeys.com.mx\/"},{"@type":"ListItem","position":2,"name":"Tienda","item":"https:\/\/www.mercadokeys.com\/shop\/"},{"@type":"ListItem","position":3,"name":"Wolfenstein: The New Order Steam CD Key"}]},{"@type":"WebSite","@id":"https:\/\/www.mercadokeys.com\/eng\/#website","url":"https:\/\/www.mercadokeys.com\/eng\/","name":"MERCADOKEYS","description":"Tu Tienda de videojuegos digitales en Mexico!","potentialAction":[{"@type":"SearchAction","target":{"@type":"EntryPoint","urlTemplate":"https:\/\/www.mercadokeys.com\/eng\/?s={search_term_string}"},"query-input":{"@type":"PropertyValueSpecification","valueRequired":true,"valueName":"search_term_string"}}],"inLanguage":"en-GB"}]}},"df_price":136.662925,"df_sale_price":136.662925,"df_regular_price":136.662925,"df_image_link":"https:\/\/www.mercadokeys.com.mx\/wp-content\/uploads\/2021\/11\/28454-205x300.jpg","_links":{"self":[{"href":"https:\/\/www.mercadokeys.com.mx\/eng\/wp-json\/wp\/v2\/product\/117603","targetHints":{"allow":["GET"]}}],"collection":[{"href":"https:\/\/www.mercadokeys.com.mx\/eng\/wp-json\/wp\/v2\/product"}],"about":[{"href":"https:\/\/www.mercadokeys.com.mx\/eng\/wp-json\/wp\/v2\/types\/product"}],"wp:featuredmedia":[{"embeddable":true,"href":"https:\/\/www.mercadokeys.com.mx\/eng\/wp-json\/wp\/v2\/media\/117604"}],"wp:attachment":[{"href":"https:\/\/www.mercadokeys.com.mx\/eng\/wp-json\/wp\/v2\/media?parent=117603"}],"wp:term":[{"taxonomy":"product_brand","embeddable":true,"href":"https:\/\/www.mercadokeys.com.mx\/eng\/wp-json\/wp\/v2\/product_brand?post=117603"},{"taxonomy":"product_cat","embeddable":true,"href":"https:\/\/www.mercadokeys.com.mx\/eng\/wp-json\/wp\/v2\/product_cat?post=117603"},{"taxonomy":"product_tag","embeddable":true,"href":"https:\/\/www.mercadokeys.com.mx\/eng\/wp-json\/wp\/v2\/product_tag?post=117603"}],"curies":[{"name":"wp","href":"https:\/\/api.w.org\/{rel}","templated":true}]}}