{"id":117564,"date":"2021-11-13T20:38:39","date_gmt":"2021-11-14T04:38:39","guid":{"rendered":"https:\/\/www.mercadokeys.com\/producto\/resident-evil-2-biohazard-re2-steam-key-global\/"},"modified":"2022-06-29T06:03:30","modified_gmt":"2022-06-29T13:03:30","slug":"resident-evil-2-biohazard-re2-steam-key-global","status":"publish","type":"product","link":"https:\/\/www.mercadokeys.com.mx\/eng\/product\/resident-evil-2-biohazard-re2-steam-key-global\/","title":{"rendered":"RESIDENT EVIL 2 \/ BIOHAZARD RE:2 Steam CD Key"},"content":{"rendered":"<p><span style=\"vertical-align: inherit;\">El rey del survival horror regresa con un lavado de cara. Visita Racoon City una vez m\u00e1s y disfruta del mejor horror jam\u00e1s creado. Un brote viral ha desatado el terror en Estados Unidos. Los muertos parecen volver a la vida y su \u00fanico objetivo es comer carne humana fresca. En medio del caos, Leon S. Kennedy, un polic\u00eda novato, y Claire Redfield, una estudiante que busca a su hermano desaparecido, se encontrar\u00e1n en una pesadilla que nunca hab\u00edan imaginado. Experimente nuevas im\u00e1genes, una nueva perspectiva y una reinvenci\u00f3n escalofriante. \u00bfPodr\u00e1s sobrevivir al miedo?<\/span><\/p>\n<p><img decoding=\"async\" src=\"https:\/\/images.g2a.com\/newlayout\/880x400\/1x1x0\/822b7557dc82\/5d19af8a7e696c5c635c7683\" alt=\"zombie en RE2 2019 Remake\" width=\"100%\" \/><\/p>\n<p><strong><span style=\"vertical-align: inherit;\">Resident Evil 2<\/span><\/strong><span style=\"vertical-align: inherit;\"> es uno de los juegos m\u00e1s ic\u00f3nicos de todos los tiempos y fue publicado originalmente en 1998. El juego regresa radicalmente reinventado para satisfacerte por completo. Juega campa\u00f1as individuales como Leon Kennedy y Claire Redfield con una nueva perspectiva de c\u00e1mara en tercera persona. Examina las abarrotadas \u00e1reas de zombis de Raccoon City, desentra\u00f1a nuevos misterios, explora nuevas \u00e1reas y aterradoras sorpresas.<\/span><\/p>\n<h3><span style=\"vertical-align: inherit;\">El renacimiento de la obra maestra de survival horror &#8211; RE2<\/span><\/h3>\n<p><strong><span style=\"vertical-align: inherit;\">RE: 2<\/span><\/strong><span style=\"vertical-align: inherit;\"> \u00c2 es ahora m\u00e1s sangriento que nunca. Disfruta de entornos terror\u00edficos y desagradables llenos de zombis sedientos de sangre. El juego te proporcionar\u00e1 m\u00e1s miedo del que puedas imaginar. Capcom ha jugado inteligentemente con la iluminaci\u00f3n, haciendo que el t\u00edtulo sea m\u00e1s oscuro que su versi\u00f3n original.<\/span><\/p>\n<p><img decoding=\"async\" src=\"https:\/\/images.g2a.com\/newlayout\/880x400\/1x1x0\/2d8d713f6954\/5d19af8a46177c656d4cf8b3\" alt=\"Zombis en Racoon City\" width=\"100%\" \/><\/p>\n<p><span style=\"vertical-align: inherit;\">Encuentra a los zombies y los diferentes mutantes de Umbrella Corporation. Admira escenas m\u00e1s cinematogr\u00e1ficas y tensas y ad\u00e9ntrate en escenarios brillantemente redise\u00f1ados. Durante tu aventura, te enfrentar\u00e1s a un inventario limitado, la constante falta de municiones y el regreso de viejos sistemas de ahorro como m\u00e1quinas de escribir y ba\u00fales. <\/span><strong><span style=\"vertical-align: inherit;\">Resident Evil 2 (Biohazard 2 Remake)<\/span><\/strong><span style=\"vertical-align: inherit;\"> se considera una adaptaci\u00f3n fiel y notable del juego que cambi\u00f3 todo en el g\u00e9nero de terror.<\/span><\/p>\n<h3><span style=\"vertical-align: inherit;\">Jugabilidad e historia de Resident Evil 2<\/span><\/h3>\n<p><span style=\"vertical-align: inherit;\">RE2 Remake te devuelve a Raccoon City, la ciudad norteamericana controlada por Umbrella Corporation. Ha habido una brecha de seguridad biol\u00f3gica que ha convertido a todos sus habitantes en zombis y criaturas mutantes. Esta reinterpretaci\u00f3n del juego te permitir\u00e1 jugar como Leon S. Kennedy y Claire Redfield en dos campa\u00f1as diferentes, llenas de gui\u00f1os a los jugadores veteranos y elementos extra\u00eddos del videojuego RS2 original. La narrativa se ha mejorado, con una atm\u00f3sfera mucho m\u00e1s cinematogr\u00e1fica y mejorada que en el juego original.<\/span><\/p>\n<h3><span style=\"vertical-align: inherit;\">Personajes en el juego<\/span><\/h3>\n<p><span style=\"vertical-align: inherit;\">Capcom presenta una campa\u00f1a condimentada que re\u00fane escenarios tanto para <\/span><b><span style=\"vertical-align: inherit;\">Claire<\/span><\/b><span style=\"vertical-align: inherit;\"> como para <\/span><b><span style=\"vertical-align: inherit;\">Leon<\/span><\/b><span style=\"vertical-align: inherit;\"> , que son interpretados por los actores y modelos Jordan McEwen y Eduard Badaluta. Sum\u00e9rgete en una historia llena de secuencias y di\u00e1logos cl\u00e1sicos, situaciones extendidas, nuevas escenas y algunas adiciones al gui\u00f3n que fueron olvidadas o descartadas en 1998 por imposibilidades t\u00e9cnicas.<\/span><\/p>\n<p><img decoding=\"async\" src=\"https:\/\/images.g2a.com\/newlayout\/880x400\/1x1x0\/ce4ef8815dba\/5d19af8b7e696c5993559b23\" alt=\"Le\u00f3n en Resident Evil 2\" width=\"100%\" \/><\/p>","protected":false},"excerpt":{"rendered":"<p>El rey del survival horror regresa con un lavado de cara. Visita Racoon City una vez m\u00e1s y disfruta del mejor horror jam\u00e1s creado. Un brote viral ha desatado el terror en Estados Unidos. Los muertos parecen volver a la vida y su \u00fanico objetivo es comer carne humana fresca. En medio del caos, Leon&#8230;<\/p>","protected":false},"featured_media":117565,"template":"","meta":{"_monsterinsights_skip_tracking":false,"_monsterinsights_sitenote_active":false,"_monsterinsights_sitenote_note":"","_monsterinsights_sitenote_category":0},"product_brand":[],"product_cat":[2981,1271,1420,1283,1280,1273,1392,1300,1378,1427,1424],"product_tag":[2654,3705,3706],"class_list":{"0":"post-117564","1":"product","2":"type-product","3":"status-publish","4":"has-post-thumbnail","6":"product_cat-destacados","7":"product_cat-tienda-de-videojuegos-tijuana-mexico","8":"product_cat-tienda-de-videojuegos-populares-tijuana-mexico","9":"product_cat-tienda-de-videojuegos-plataformas-tijuana-mexico","10":"product_cat-tienda-de-videojuegos-pc-tijuana-mexico","11":"product_cat-tienda-de-videojuegos-steam-key-tijuana-mexico","12":"product_cat-tienda-de-videojuegos-accion-tijuana-mexico","13":"product_cat-tienda-de-videojuegos-terror-tijuana-mexico","14":"product_cat-tienda-de-videojuegos-mas-vendidos-tijuana-mexico","15":"product_cat-tienda-de-videojuegos-juegos-para-mando-tijuana-mexico","16":"product_cat-tienda-de-videojuegos-lo-mas-jugados-tijuana-mexico","17":"product_tag-resident-evil-2","18":"product_tag-resident-evil-2-cd-key","19":"product_tag-resident-evil-2-steam","21":"first","22":"instock","23":"shipping-taxable","24":"purchasable","25":"product-type-simple"},"yoast_head":"<!-- This site is optimized with the Yoast SEO plugin v27.0 - https:\/\/yoast.com\/product\/yoast-seo-wordpress\/ -->\n<title>RESIDENT EVIL 2 \/ BIOHAZARD RE:2 Steam CD Key - MERCADOKEYS<\/title>\n<meta name=\"robots\" content=\"index, follow, max-snippet:-1, max-image-preview:large, max-video-preview:-1\" \/>\n<link rel=\"canonical\" href=\"https:\/\/www.mercadokeys.com\/product\/resident-evil-2-biohazard-re2-steam-key-global\/\" \/>\n<meta property=\"og:locale\" content=\"en_GB\" \/>\n<meta property=\"og:type\" content=\"article\" \/>\n<meta property=\"og:title\" content=\"RESIDENT EVIL 2 \/ BIOHAZARD RE:2 Steam CD Key - MERCADOKEYS\" \/>\n<meta property=\"og:description\" content=\"El rey del survival horror regresa con un lavado de cara. Visita Racoon City una vez m\u00e1s y disfruta del mejor horror jam\u00e1s creado. Un brote viral ha desatado el terror en Estados Unidos. Los muertos parecen volver a la vida y su \u00fanico objetivo es comer carne humana fresca. En medio del caos, Leon...\" \/>\n<meta property=\"og:url\" content=\"https:\/\/www.mercadokeys.com\/product\/resident-evil-2-biohazard-re2-steam-key-global\/\" \/>\n<meta property=\"og:site_name\" content=\"MERCADOKEYS\" \/>\n<meta property=\"article:modified_time\" content=\"2022-06-29T13:03:30+00:00\" \/>\n<meta property=\"og:image\" content=\"https:\/\/www.mercadokeys.com\/wp-content\/uploads\/2021\/11\/25868.jpg\" \/>\n\t<meta property=\"og:image:width\" content=\"230\" \/>\n\t<meta property=\"og:image:height\" content=\"336\" \/>\n\t<meta property=\"og:image:type\" content=\"image\/jpeg\" \/>\n<meta name=\"twitter:card\" content=\"summary_large_image\" \/>\n<meta name=\"twitter:label1\" content=\"Estimated reading time\" \/>\n\t<meta name=\"twitter:data1\" content=\"3 minutes\" \/>\n<script type=\"application\/ld+json\" class=\"yoast-schema-graph\">{\"@context\":\"https:\/\/schema.org\",\"@graph\":[{\"@type\":\"WebPage\",\"@id\":\"https:\/\/www.mercadokeys.com\/product\/resident-evil-2-biohazard-re2-steam-key-global\/\",\"url\":\"https:\/\/www.mercadokeys.com\/product\/resident-evil-2-biohazard-re2-steam-key-global\/\",\"name\":\"RESIDENT EVIL 2 \/ BIOHAZARD RE:2 Steam CD Key - MERCADOKEYS\",\"isPartOf\":{\"@id\":\"https:\/\/www.mercadokeys.com\/eng\/#website\"},\"primaryImageOfPage\":{\"@id\":\"https:\/\/www.mercadokeys.com\/product\/resident-evil-2-biohazard-re2-steam-key-global\/#primaryimage\"},\"image\":{\"@id\":\"https:\/\/www.mercadokeys.com\/product\/resident-evil-2-biohazard-re2-steam-key-global\/#primaryimage\"},\"thumbnailUrl\":\"https:\/\/www.mercadokeys.com.mx\/wp-content\/uploads\/2021\/11\/25868.jpg\",\"datePublished\":\"2021-11-14T04:38:39+00:00\",\"dateModified\":\"2022-06-29T13:03:30+00:00\",\"breadcrumb\":{\"@id\":\"https:\/\/www.mercadokeys.com\/product\/resident-evil-2-biohazard-re2-steam-key-global\/#breadcrumb\"},\"inLanguage\":\"en-GB\",\"potentialAction\":[{\"@type\":\"ReadAction\",\"target\":[\"https:\/\/www.mercadokeys.com\/product\/resident-evil-2-biohazard-re2-steam-key-global\/\"]}]},{\"@type\":\"ImageObject\",\"inLanguage\":\"en-GB\",\"@id\":\"https:\/\/www.mercadokeys.com\/product\/resident-evil-2-biohazard-re2-steam-key-global\/#primaryimage\",\"url\":\"https:\/\/www.mercadokeys.com.mx\/wp-content\/uploads\/2021\/11\/25868.jpg\",\"contentUrl\":\"https:\/\/www.mercadokeys.com.mx\/wp-content\/uploads\/2021\/11\/25868.jpg\",\"width\":230,\"height\":336},{\"@type\":\"BreadcrumbList\",\"@id\":\"https:\/\/www.mercadokeys.com\/product\/resident-evil-2-biohazard-re2-steam-key-global\/#breadcrumb\",\"itemListElement\":[{\"@type\":\"ListItem\",\"position\":1,\"name\":\"Inicio\",\"item\":\"https:\/\/www.mercadokeys.com.mx\/\"},{\"@type\":\"ListItem\",\"position\":2,\"name\":\"Tienda\",\"item\":\"https:\/\/www.mercadokeys.com\/shop\/\"},{\"@type\":\"ListItem\",\"position\":3,\"name\":\"RESIDENT EVIL 2 \/ BIOHAZARD RE:2 Steam CD Key\"}]},{\"@type\":\"WebSite\",\"@id\":\"https:\/\/www.mercadokeys.com\/eng\/#website\",\"url\":\"https:\/\/www.mercadokeys.com\/eng\/\",\"name\":\"MERCADOKEYS\",\"description\":\"Tu Tienda de videojuegos digitales en Mexico!\",\"potentialAction\":[{\"@type\":\"SearchAction\",\"target\":{\"@type\":\"EntryPoint\",\"urlTemplate\":\"https:\/\/www.mercadokeys.com\/eng\/?s={search_term_string}\"},\"query-input\":{\"@type\":\"PropertyValueSpecification\",\"valueRequired\":true,\"valueName\":\"search_term_string\"}}],\"inLanguage\":\"en-GB\"}]}<\/script>\n<!-- \/ Yoast SEO plugin. -->","yoast_head_json":{"title":"RESIDENT EVIL 2 \/ BIOHAZARD RE:2 Steam CD Key - MERCADOKEYS","robots":{"index":"index","follow":"follow","max-snippet":"max-snippet:-1","max-image-preview":"max-image-preview:large","max-video-preview":"max-video-preview:-1"},"canonical":"https:\/\/www.mercadokeys.com\/product\/resident-evil-2-biohazard-re2-steam-key-global\/","og_locale":"en_GB","og_type":"article","og_title":"RESIDENT EVIL 2 \/ BIOHAZARD RE:2 Steam CD Key - MERCADOKEYS","og_description":"El rey del survival horror regresa con un lavado de cara. Visita Racoon City una vez m\u00e1s y disfruta del mejor horror jam\u00e1s creado. Un brote viral ha desatado el terror en Estados Unidos. Los muertos parecen volver a la vida y su \u00fanico objetivo es comer carne humana fresca. En medio del caos, Leon...","og_url":"https:\/\/www.mercadokeys.com\/product\/resident-evil-2-biohazard-re2-steam-key-global\/","og_site_name":"MERCADOKEYS","article_modified_time":"2022-06-29T13:03:30+00:00","og_image":[{"width":230,"height":336,"url":"https:\/\/www.mercadokeys.com\/wp-content\/uploads\/2021\/11\/25868.jpg","type":"image\/jpeg"}],"twitter_card":"summary_large_image","twitter_misc":{"Estimated reading time":"3 minutes"},"schema":{"@context":"https:\/\/schema.org","@graph":[{"@type":"WebPage","@id":"https:\/\/www.mercadokeys.com\/product\/resident-evil-2-biohazard-re2-steam-key-global\/","url":"https:\/\/www.mercadokeys.com\/product\/resident-evil-2-biohazard-re2-steam-key-global\/","name":"RESIDENT EVIL 2 \/ BIOHAZARD RE:2 Steam CD Key - MERCADOKEYS","isPartOf":{"@id":"https:\/\/www.mercadokeys.com\/eng\/#website"},"primaryImageOfPage":{"@id":"https:\/\/www.mercadokeys.com\/product\/resident-evil-2-biohazard-re2-steam-key-global\/#primaryimage"},"image":{"@id":"https:\/\/www.mercadokeys.com\/product\/resident-evil-2-biohazard-re2-steam-key-global\/#primaryimage"},"thumbnailUrl":"https:\/\/www.mercadokeys.com.mx\/wp-content\/uploads\/2021\/11\/25868.jpg","datePublished":"2021-11-14T04:38:39+00:00","dateModified":"2022-06-29T13:03:30+00:00","breadcrumb":{"@id":"https:\/\/www.mercadokeys.com\/product\/resident-evil-2-biohazard-re2-steam-key-global\/#breadcrumb"},"inLanguage":"en-GB","potentialAction":[{"@type":"ReadAction","target":["https:\/\/www.mercadokeys.com\/product\/resident-evil-2-biohazard-re2-steam-key-global\/"]}]},{"@type":"ImageObject","inLanguage":"en-GB","@id":"https:\/\/www.mercadokeys.com\/product\/resident-evil-2-biohazard-re2-steam-key-global\/#primaryimage","url":"https:\/\/www.mercadokeys.com.mx\/wp-content\/uploads\/2021\/11\/25868.jpg","contentUrl":"https:\/\/www.mercadokeys.com.mx\/wp-content\/uploads\/2021\/11\/25868.jpg","width":230,"height":336},{"@type":"BreadcrumbList","@id":"https:\/\/www.mercadokeys.com\/product\/resident-evil-2-biohazard-re2-steam-key-global\/#breadcrumb","itemListElement":[{"@type":"ListItem","position":1,"name":"Inicio","item":"https:\/\/www.mercadokeys.com.mx\/"},{"@type":"ListItem","position":2,"name":"Tienda","item":"https:\/\/www.mercadokeys.com\/shop\/"},{"@type":"ListItem","position":3,"name":"RESIDENT EVIL 2 \/ BIOHAZARD RE:2 Steam CD Key"}]},{"@type":"WebSite","@id":"https:\/\/www.mercadokeys.com\/eng\/#website","url":"https:\/\/www.mercadokeys.com\/eng\/","name":"MERCADOKEYS","description":"Tu Tienda de videojuegos digitales en Mexico!","potentialAction":[{"@type":"SearchAction","target":{"@type":"EntryPoint","urlTemplate":"https:\/\/www.mercadokeys.com\/eng\/?s={search_term_string}"},"query-input":{"@type":"PropertyValueSpecification","valueRequired":true,"valueName":"search_term_string"}}],"inLanguage":"en-GB"}]}},"df_price":456.877309,"df_sale_price":456.877309,"df_regular_price":456.877309,"df_image_link":"https:\/\/www.mercadokeys.com.mx\/wp-content\/uploads\/2021\/11\/25868-205x300.jpg","_links":{"self":[{"href":"https:\/\/www.mercadokeys.com.mx\/eng\/wp-json\/wp\/v2\/product\/117564","targetHints":{"allow":["GET"]}}],"collection":[{"href":"https:\/\/www.mercadokeys.com.mx\/eng\/wp-json\/wp\/v2\/product"}],"about":[{"href":"https:\/\/www.mercadokeys.com.mx\/eng\/wp-json\/wp\/v2\/types\/product"}],"wp:featuredmedia":[{"embeddable":true,"href":"https:\/\/www.mercadokeys.com.mx\/eng\/wp-json\/wp\/v2\/media\/117565"}],"wp:attachment":[{"href":"https:\/\/www.mercadokeys.com.mx\/eng\/wp-json\/wp\/v2\/media?parent=117564"}],"wp:term":[{"taxonomy":"product_brand","embeddable":true,"href":"https:\/\/www.mercadokeys.com.mx\/eng\/wp-json\/wp\/v2\/product_brand?post=117564"},{"taxonomy":"product_cat","embeddable":true,"href":"https:\/\/www.mercadokeys.com.mx\/eng\/wp-json\/wp\/v2\/product_cat?post=117564"},{"taxonomy":"product_tag","embeddable":true,"href":"https:\/\/www.mercadokeys.com.mx\/eng\/wp-json\/wp\/v2\/product_tag?post=117564"}],"curies":[{"name":"wp","href":"https:\/\/api.w.org\/{rel}","templated":true}]}}