{"id":117534,"date":"2021-11-13T20:31:50","date_gmt":"2021-11-14T04:31:50","guid":{"rendered":"https:\/\/www.mercadokeys.com\/producto\/helldivers-dive-harder-edition-steam-cd-key\/"},"modified":"2022-06-29T06:07:18","modified_gmt":"2022-06-29T13:07:18","slug":"helldivers-dive-harder-edition-steam-cd-key","status":"publish","type":"product","link":"https:\/\/www.mercadokeys.com.mx\/eng\/product\/helldivers-dive-harder-edition-steam-cd-key\/","title":{"rendered":"HELLDIVERS Dive Harder Edition Steam CD Key"},"content":{"rendered":"<p><span style=\"vertical-align: inherit;\">Helldivers es un juego de disparos de arriba hacia abajo ambientado en un futuro dist\u00f3pico sat\u00edrico donde la humanidad est\u00e1 gobernada por una democracia administrada. Eres parte de los Helldivers, la punta de lanza de la defensa de la humanidad contra la perpetua amenaza alien\u00edgena en la S\u00faper Tierra. Con misiones cooperativas de hasta cuatro jugadores, trabajar en equipo es vital, ya sea convocando ataques o colocando armas, cada acci\u00f3n debe estar totalmente sincronizada para lograr los objetivos. Este no es solo un juego cooperativo para cuatro jugadores; \u00a1Es un juego cooperativo que se basa en los esfuerzos globales de toda la comunidad Helldivers!<\/span><\/p>","protected":false},"excerpt":{"rendered":"<p>Helldivers es un juego de disparos de arriba hacia abajo ambientado en un futuro dist\u00f3pico sat\u00edrico donde la humanidad est\u00e1 gobernada por una democracia administrada. Eres parte de los Helldivers, la punta de lanza de la defensa de la humanidad contra la perpetua amenaza alien\u00edgena en la S\u00faper Tierra. Con misiones cooperativas de hasta cuatro&#8230;<\/p>","protected":false},"featured_media":118620,"template":"","meta":{"_monsterinsights_skip_tracking":false,"_monsterinsights_sitenote_active":false,"_monsterinsights_sitenote_note":"","_monsterinsights_sitenote_category":0},"product_brand":[],"product_cat":[2981,1271,1420,1283,1280,1273,1392,1428,1427],"product_tag":[3714,3715,2637],"class_list":{"0":"post-117534","1":"product","2":"type-product","3":"status-publish","4":"has-post-thumbnail","6":"product_cat-destacados","7":"product_cat-tienda-de-videojuegos-tijuana-mexico","8":"product_cat-tienda-de-videojuegos-populares-tijuana-mexico","9":"product_cat-tienda-de-videojuegos-plataformas-tijuana-mexico","10":"product_cat-tienda-de-videojuegos-pc-tijuana-mexico","11":"product_cat-tienda-de-videojuegos-steam-key-tijuana-mexico","12":"product_cat-tienda-de-videojuegos-accion-tijuana-mexico","13":"product_cat-tienda-de-videojuegos-cooperativos-tijuana-mexico","14":"product_cat-tienda-de-videojuegos-juegos-para-mando-tijuana-mexico","15":"product_tag-helldivers-dive","16":"product_tag-helldivers-dive-cd-key","17":"product_tag-helldivers-dive-harder-edition","19":"first","20":"instock","21":"shipping-taxable","22":"purchasable","23":"product-type-simple"},"yoast_head":"<!-- This site is optimized with the Yoast SEO plugin v27.0 - https:\/\/yoast.com\/product\/yoast-seo-wordpress\/ -->\n<title>HELLDIVERS Dive Harder Edition Steam CD Key - MERCADOKEYS<\/title>\n<meta name=\"robots\" content=\"index, follow, max-snippet:-1, max-image-preview:large, max-video-preview:-1\" \/>\n<link rel=\"canonical\" href=\"https:\/\/www.mercadokeys.com\/product\/helldivers-dive-harder-edition-steam-cd-key\/\" \/>\n<meta property=\"og:locale\" content=\"en_GB\" \/>\n<meta property=\"og:type\" content=\"article\" \/>\n<meta property=\"og:title\" content=\"HELLDIVERS Dive Harder Edition Steam CD Key - MERCADOKEYS\" \/>\n<meta property=\"og:description\" content=\"Helldivers es un juego de disparos de arriba hacia abajo ambientado en un futuro dist\u00f3pico sat\u00edrico donde la humanidad est\u00e1 gobernada por una democracia administrada. Eres parte de los Helldivers, la punta de lanza de la defensa de la humanidad contra la perpetua amenaza alien\u00edgena en la S\u00faper Tierra. Con misiones cooperativas de hasta cuatro...\" \/>\n<meta property=\"og:url\" content=\"https:\/\/www.mercadokeys.com\/product\/helldivers-dive-harder-edition-steam-cd-key\/\" \/>\n<meta property=\"og:site_name\" content=\"MERCADOKEYS\" \/>\n<meta property=\"article:modified_time\" content=\"2022-06-29T13:07:18+00:00\" \/>\n<meta property=\"og:image\" content=\"https:\/\/www.mercadokeys.com\/wp-content\/uploads\/2021\/11\/HELLDIVERS-Dive-Harder-Edition-Steam-CD-Key.jpg\" \/>\n\t<meta property=\"og:image:width\" content=\"487\" \/>\n\t<meta property=\"og:image:height\" content=\"676\" \/>\n\t<meta property=\"og:image:type\" content=\"image\/jpeg\" \/>\n<meta name=\"twitter:card\" content=\"summary_large_image\" \/>\n<meta name=\"twitter:label1\" content=\"Estimated reading time\" \/>\n\t<meta name=\"twitter:data1\" content=\"1 minute\" \/>\n<script type=\"application\/ld+json\" class=\"yoast-schema-graph\">{\"@context\":\"https:\/\/schema.org\",\"@graph\":[{\"@type\":\"WebPage\",\"@id\":\"https:\/\/www.mercadokeys.com\/product\/helldivers-dive-harder-edition-steam-cd-key\/\",\"url\":\"https:\/\/www.mercadokeys.com\/product\/helldivers-dive-harder-edition-steam-cd-key\/\",\"name\":\"HELLDIVERS Dive Harder Edition Steam CD Key - MERCADOKEYS\",\"isPartOf\":{\"@id\":\"https:\/\/www.mercadokeys.com\/eng\/#website\"},\"primaryImageOfPage\":{\"@id\":\"https:\/\/www.mercadokeys.com\/product\/helldivers-dive-harder-edition-steam-cd-key\/#primaryimage\"},\"image\":{\"@id\":\"https:\/\/www.mercadokeys.com\/product\/helldivers-dive-harder-edition-steam-cd-key\/#primaryimage\"},\"thumbnailUrl\":\"https:\/\/www.mercadokeys.com.mx\/wp-content\/uploads\/2021\/11\/HELLDIVERS-Dive-Harder-Edition-Steam-CD-Key.jpg\",\"datePublished\":\"2021-11-14T04:31:50+00:00\",\"dateModified\":\"2022-06-29T13:07:18+00:00\",\"breadcrumb\":{\"@id\":\"https:\/\/www.mercadokeys.com\/product\/helldivers-dive-harder-edition-steam-cd-key\/#breadcrumb\"},\"inLanguage\":\"en-GB\",\"potentialAction\":[{\"@type\":\"ReadAction\",\"target\":[\"https:\/\/www.mercadokeys.com\/product\/helldivers-dive-harder-edition-steam-cd-key\/\"]}]},{\"@type\":\"ImageObject\",\"inLanguage\":\"en-GB\",\"@id\":\"https:\/\/www.mercadokeys.com\/product\/helldivers-dive-harder-edition-steam-cd-key\/#primaryimage\",\"url\":\"https:\/\/www.mercadokeys.com.mx\/wp-content\/uploads\/2021\/11\/HELLDIVERS-Dive-Harder-Edition-Steam-CD-Key.jpg\",\"contentUrl\":\"https:\/\/www.mercadokeys.com.mx\/wp-content\/uploads\/2021\/11\/HELLDIVERS-Dive-Harder-Edition-Steam-CD-Key.jpg\",\"width\":487,\"height\":676,\"caption\":\"HELLDIVERS Dive Harder Edition Steam CD Key\"},{\"@type\":\"BreadcrumbList\",\"@id\":\"https:\/\/www.mercadokeys.com\/product\/helldivers-dive-harder-edition-steam-cd-key\/#breadcrumb\",\"itemListElement\":[{\"@type\":\"ListItem\",\"position\":1,\"name\":\"Inicio\",\"item\":\"https:\/\/www.mercadokeys.com.mx\/\"},{\"@type\":\"ListItem\",\"position\":2,\"name\":\"Tienda\",\"item\":\"https:\/\/www.mercadokeys.com\/shop\/\"},{\"@type\":\"ListItem\",\"position\":3,\"name\":\"HELLDIVERS Dive Harder Edition Steam CD Key\"}]},{\"@type\":\"WebSite\",\"@id\":\"https:\/\/www.mercadokeys.com\/eng\/#website\",\"url\":\"https:\/\/www.mercadokeys.com\/eng\/\",\"name\":\"MERCADOKEYS\",\"description\":\"Tu Tienda de videojuegos digitales en Mexico!\",\"potentialAction\":[{\"@type\":\"SearchAction\",\"target\":{\"@type\":\"EntryPoint\",\"urlTemplate\":\"https:\/\/www.mercadokeys.com\/eng\/?s={search_term_string}\"},\"query-input\":{\"@type\":\"PropertyValueSpecification\",\"valueRequired\":true,\"valueName\":\"search_term_string\"}}],\"inLanguage\":\"en-GB\"}]}<\/script>\n<!-- \/ Yoast SEO plugin. -->","yoast_head_json":{"title":"HELLDIVERS Dive Harder Edition Steam CD Key - MERCADOKEYS","robots":{"index":"index","follow":"follow","max-snippet":"max-snippet:-1","max-image-preview":"max-image-preview:large","max-video-preview":"max-video-preview:-1"},"canonical":"https:\/\/www.mercadokeys.com\/product\/helldivers-dive-harder-edition-steam-cd-key\/","og_locale":"en_GB","og_type":"article","og_title":"HELLDIVERS Dive Harder Edition Steam CD Key - MERCADOKEYS","og_description":"Helldivers es un juego de disparos de arriba hacia abajo ambientado en un futuro dist\u00f3pico sat\u00edrico donde la humanidad est\u00e1 gobernada por una democracia administrada. Eres parte de los Helldivers, la punta de lanza de la defensa de la humanidad contra la perpetua amenaza alien\u00edgena en la S\u00faper Tierra. Con misiones cooperativas de hasta cuatro...","og_url":"https:\/\/www.mercadokeys.com\/product\/helldivers-dive-harder-edition-steam-cd-key\/","og_site_name":"MERCADOKEYS","article_modified_time":"2022-06-29T13:07:18+00:00","og_image":[{"width":487,"height":676,"url":"https:\/\/www.mercadokeys.com\/wp-content\/uploads\/2021\/11\/HELLDIVERS-Dive-Harder-Edition-Steam-CD-Key.jpg","type":"image\/jpeg"}],"twitter_card":"summary_large_image","twitter_misc":{"Estimated reading time":"1 minute"},"schema":{"@context":"https:\/\/schema.org","@graph":[{"@type":"WebPage","@id":"https:\/\/www.mercadokeys.com\/product\/helldivers-dive-harder-edition-steam-cd-key\/","url":"https:\/\/www.mercadokeys.com\/product\/helldivers-dive-harder-edition-steam-cd-key\/","name":"HELLDIVERS Dive Harder Edition Steam CD Key - MERCADOKEYS","isPartOf":{"@id":"https:\/\/www.mercadokeys.com\/eng\/#website"},"primaryImageOfPage":{"@id":"https:\/\/www.mercadokeys.com\/product\/helldivers-dive-harder-edition-steam-cd-key\/#primaryimage"},"image":{"@id":"https:\/\/www.mercadokeys.com\/product\/helldivers-dive-harder-edition-steam-cd-key\/#primaryimage"},"thumbnailUrl":"https:\/\/www.mercadokeys.com.mx\/wp-content\/uploads\/2021\/11\/HELLDIVERS-Dive-Harder-Edition-Steam-CD-Key.jpg","datePublished":"2021-11-14T04:31:50+00:00","dateModified":"2022-06-29T13:07:18+00:00","breadcrumb":{"@id":"https:\/\/www.mercadokeys.com\/product\/helldivers-dive-harder-edition-steam-cd-key\/#breadcrumb"},"inLanguage":"en-GB","potentialAction":[{"@type":"ReadAction","target":["https:\/\/www.mercadokeys.com\/product\/helldivers-dive-harder-edition-steam-cd-key\/"]}]},{"@type":"ImageObject","inLanguage":"en-GB","@id":"https:\/\/www.mercadokeys.com\/product\/helldivers-dive-harder-edition-steam-cd-key\/#primaryimage","url":"https:\/\/www.mercadokeys.com.mx\/wp-content\/uploads\/2021\/11\/HELLDIVERS-Dive-Harder-Edition-Steam-CD-Key.jpg","contentUrl":"https:\/\/www.mercadokeys.com.mx\/wp-content\/uploads\/2021\/11\/HELLDIVERS-Dive-Harder-Edition-Steam-CD-Key.jpg","width":487,"height":676,"caption":"HELLDIVERS Dive Harder Edition Steam CD Key"},{"@type":"BreadcrumbList","@id":"https:\/\/www.mercadokeys.com\/product\/helldivers-dive-harder-edition-steam-cd-key\/#breadcrumb","itemListElement":[{"@type":"ListItem","position":1,"name":"Inicio","item":"https:\/\/www.mercadokeys.com.mx\/"},{"@type":"ListItem","position":2,"name":"Tienda","item":"https:\/\/www.mercadokeys.com\/shop\/"},{"@type":"ListItem","position":3,"name":"HELLDIVERS Dive Harder Edition Steam CD Key"}]},{"@type":"WebSite","@id":"https:\/\/www.mercadokeys.com\/eng\/#website","url":"https:\/\/www.mercadokeys.com\/eng\/","name":"MERCADOKEYS","description":"Tu Tienda de videojuegos digitales en Mexico!","potentialAction":[{"@type":"SearchAction","target":{"@type":"EntryPoint","urlTemplate":"https:\/\/www.mercadokeys.com\/eng\/?s={search_term_string}"},"query-input":{"@type":"PropertyValueSpecification","valueRequired":true,"valueName":"search_term_string"}}],"inLanguage":"en-GB"}]}},"df_price":72.334142,"df_sale_price":72.334142,"df_regular_price":72.334142,"df_image_link":"https:\/\/www.mercadokeys.com.mx\/wp-content\/uploads\/2021\/11\/HELLDIVERS-Dive-Harder-Edition-Steam-CD-Key-216x300.jpg","_links":{"self":[{"href":"https:\/\/www.mercadokeys.com.mx\/eng\/wp-json\/wp\/v2\/product\/117534","targetHints":{"allow":["GET"]}}],"collection":[{"href":"https:\/\/www.mercadokeys.com.mx\/eng\/wp-json\/wp\/v2\/product"}],"about":[{"href":"https:\/\/www.mercadokeys.com.mx\/eng\/wp-json\/wp\/v2\/types\/product"}],"wp:featuredmedia":[{"embeddable":true,"href":"https:\/\/www.mercadokeys.com.mx\/eng\/wp-json\/wp\/v2\/media\/118620"}],"wp:attachment":[{"href":"https:\/\/www.mercadokeys.com.mx\/eng\/wp-json\/wp\/v2\/media?parent=117534"}],"wp:term":[{"taxonomy":"product_brand","embeddable":true,"href":"https:\/\/www.mercadokeys.com.mx\/eng\/wp-json\/wp\/v2\/product_brand?post=117534"},{"taxonomy":"product_cat","embeddable":true,"href":"https:\/\/www.mercadokeys.com.mx\/eng\/wp-json\/wp\/v2\/product_cat?post=117534"},{"taxonomy":"product_tag","embeddable":true,"href":"https:\/\/www.mercadokeys.com.mx\/eng\/wp-json\/wp\/v2\/product_tag?post=117534"}],"curies":[{"name":"wp","href":"https:\/\/api.w.org\/{rel}","templated":true}]}}