{"id":117528,"date":"2021-11-13T20:28:19","date_gmt":"2021-11-14T04:28:19","guid":{"rendered":"https:\/\/www.mercadokeys.com\/producto\/star-wars-jedi-fallen-order-pc-origin-key-global\/"},"modified":"2026-04-25T06:24:50","modified_gmt":"2026-04-25T13:24:50","slug":"star-wars-jedi-fallen-order-origin-cd-key-2","status":"publish","type":"product","link":"https:\/\/www.mercadokeys.com.mx\/eng\/product\/star-wars-jedi-fallen-order-origin-cd-key-2\/","title":{"rendered":"Star Wars Jedi: Fallen Order Origin CD Key"},"content":{"rendered":"<p><strong><span style=\"vertical-align: inherit;\">Star Wars Jedi: Fallen Order<\/span><\/strong><span style=\"vertical-align: inherit;\"> es un juego de acci\u00f3n en perspectiva en tercera persona para un solo jugador, publicado por Electronic Arts y desarrollado por Respawn Entertainment, el estudio detr\u00e1s de t\u00edtulos como la serie Titanfall y Apex: Legends. El juego se desarrolla entre los Episodios III y IV de la saga Star Wars y presenta una historia y personajes completamente nuevos. El <\/span><b><span style=\"vertical-align: inherit;\">principal protagonista del juego es Cal Kestis.<\/span><\/b><span style=\"vertical-align: inherit;\">, joven padawan Jedi, que sobrevivi\u00f3 a la ejecuci\u00f3n de la Orden 66 y desde entonces ha estado huyendo del Imperio. El juego presenta muchas mec\u00e1nicas que los fan\u00e1ticos de la serie Star Wars disfrutar\u00e1n, como duelos con sables de luz, usar la Fuerza para mover cosas, mundos exuberantes, tanto conocidos desde la pantalla como nuevos. Impulsado por Unreal Engine 4, el juego tambi\u00e9n es un placer para la vista, ya que representa personajes y ubicaciones con gran detalle.\u00a0<\/span><\/p>\n<p><img decoding=\"async\" src=\"https:\/\/images.g2a.com\/newlayout\/880x400\/1x1x0\/91cc2e234a78\/5d2d9abf46177c4c1562aa02\" alt=\"Cal Kestis\" width=\"100%\" \/><\/p>\n<h3><span style=\"vertical-align: inherit;\">How to play<\/span><\/h3>\n<p><strong><span style=\"vertical-align: inherit;\">Star Wars Jedi: Fallen Order<\/span><\/strong><span style=\"vertical-align: inherit;\"> es un juego de acci\u00f3n TPP y posee todas las cualidades caracter\u00edsticas del g\u00e9nero, servido en salsa Star Wars. El jugador controla a Cal Kestis, un joven Jedi. El protagonista est\u00e1 bien versado en la Fuerza, que puede usar para varios prop\u00f3sitos. Por ejemplo, puede convocar enredaderas de \u00e1rboles cercanos para columpiarse en abismos. Cal puede usar su entrenamiento Jedi para correr junto a las paredes, saltando de una a otra. Tambi\u00e9n puede usar el empuje de la Fuerza para despejar el camino, por ejemplo, rompiendo puertas da\u00f1adas.<\/span><\/p>\n<p><img decoding=\"async\" src=\"https:\/\/images.g2a.com\/newlayout\/880x400\/1x1x0\/ab69085213e8\/5d2d9ac046177c49456a10d2\" alt=\"Star Wars Jedi\" width=\"100%\" \/><\/p>\n<p><span style=\"vertical-align: inherit;\">Como Jedi, Cal usa un sable de luz. Es una herramienta vers\u00e1til, \u00fatil como arma pero tambi\u00e9n para otros fines, como iluminar el camino por delante. En combate, Cal puede blandir el sable de luz cortando a sus enemigos casi al instante. Tambi\u00e9n puede arrojarlo a soldados de asalto distantes y usar diferentes t\u00e9cnicas de la Fuerza, como ralentizar el tiempo o atraer a los enemigos para empalarlos r\u00e1pidamente. <\/span><b><span style=\"vertical-align: inherit;\">El combate otorga puntos de jugador que se pueden usar para mejorar las habilidades del<\/span><\/b><span style=\"vertical-align: inherit;\"> protagonista.\u00a0 <\/span><span style=\"color: inherit;\"><span style=\"vertical-align: inherit;\">En todo momento, Cal est\u00e1 acompa\u00f1ado por BD-1, un peque\u00f1o droide, que se puede utilizar para una variedad de prop\u00f3sitos, como abrir puertas cerradas.<\/span><\/span><\/p>\n<h3><span style=\"vertical-align: inherit;\">Historia y personajes<\/span><\/h3>\n<p><span style=\"vertical-align: inherit;\">Despu\u00e9s de la traici\u00f3n del Canciller y la ejecuci\u00f3n de la Orden 66, <\/span><b><span style=\"vertical-align: inherit;\">la Orden Jedi ha ca\u00eddo<\/span><\/b><span style=\"vertical-align: inherit;\"> . Los supervivientes solitarios de la Purga est\u00e1n esparcidos por la galaxia, perseguidos por el Lord Sith, Darth Vader y sus Inquisidores. Uno de los fugitivos es Cal Kestis, un joven padawan que se esconde en el remoto planeta basurero Brecca. Cuando es descubierto como un Sensible a la Fuerza, Cal debe escapar de las garras de los Imperiales enviados tras \u00e9l, incluida la Segunda Hermana, una de las Inquisidoras de Vader. En la carrera, se encuentra con la Maestra Jedi Cere Junda. Junto con ella, Kestis decide terminar su entrenamiento Jedi y restaurar la Orden ca\u00edda.\u00a0<\/span><\/p>\n<p><img decoding=\"async\" src=\"https:\/\/images.g2a.com\/newlayout\/880x400\/1x1x0\/a6624d64837f\/5d2d9abe7e696c45702bdaa2\" alt=\"Juego de Jedi Fallen Order\" width=\"100%\" \/><\/p>\n<h3><span style=\"vertical-align: inherit;\">Reception<\/span><\/h3>\n<p><strong><span style=\"vertical-align: inherit;\">El primer tr\u00e1iler de Star Wars Jedi: Fallen Order<\/span><\/strong><span style=\"vertical-align: inherit;\"> se present\u00f3 durante EA Play de 2018 y reuni\u00f3 opiniones positivas de cr\u00edticos y fan\u00e1ticos. Ambos grupos elogiaron los gr\u00e1ficos realistas, que cobraron vida con Unreal Engine 4, el recorrido utilizando la Fuerza y \u200b\u200bla mec\u00e1nica de combate, empleando ataques de corta y larga distancia.<\/span><\/p>\n<p><span style=\"vertical-align: inherit;\">Durante el E3 de 2019, EA present\u00f3 m\u00e1s jugabilidad en el planeta wookie Kashyyyk, lo que convenci\u00f3 a\u00fan m\u00e1s a la prensa y a los fan\u00e1ticos de que <\/span><strong><span style=\"vertical-align: inherit;\">Jedi Fallen Order<\/span><\/strong><span style=\"vertical-align: inherit;\"> podr\u00eda ser otro gran juego ambientado en el universo de Star Wars.\u00a0<\/span><\/p>","protected":false},"excerpt":{"rendered":"<p>Star Wars Jedi: Fallen Order es un juego de acci\u00f3n en perspectiva en tercera persona para un solo jugador, publicado por Electronic Arts y desarrollado por Respawn Entertainment, el estudio detr\u00e1s de t\u00edtulos como la serie Titanfall y Apex: Legends. El juego se desarrolla entre los Episodios III y IV de la saga Star Wars&#8230;<\/p>","protected":false},"featured_media":117529,"template":"","meta":{"_monsterinsights_skip_tracking":false,"_monsterinsights_sitenote_active":false,"_monsterinsights_sitenote_note":"","_monsterinsights_sitenote_category":0},"product_brand":[],"product_cat":[2981,1271,1420,1283,1280,1277,1392,1394,1427,1424],"product_tag":[2042,2659,3735,2655,3734],"class_list":{"0":"post-117528","1":"product","2":"type-product","3":"status-publish","4":"has-post-thumbnail","6":"product_cat-destacados","7":"product_cat-tienda-de-videojuegos-tijuana-mexico","8":"product_cat-tienda-de-videojuegos-populares-tijuana-mexico","9":"product_cat-tienda-de-videojuegos-plataformas-tijuana-mexico","10":"product_cat-tienda-de-videojuegos-pc-tijuana-mexico","11":"product_cat-tienda-de-videojuegos-origin-tijuana-mexico","12":"product_cat-tienda-de-videojuegos-accion-tijuana-mexico","13":"product_cat-tienda-de-videojuegos-aventura-tijuana-mexico","14":"product_cat-tienda-de-videojuegos-juegos-para-mando-tijuana-mexico","15":"product_cat-tienda-de-videojuegos-lo-mas-jugados-tijuana-mexico","16":"product_tag-star-wars","17":"product_tag-star-wars-jedi","18":"product_tag-star-wars-jedi-fallen","19":"product_tag-star-wars-jedi-fallen-order","20":"product_tag-star-wars-jedi-fallen-order-steam-cd-key","22":"first","23":"instock","24":"shipping-taxable","25":"purchasable","26":"product-type-simple"},"yoast_head":"<!-- This site is optimized with the Yoast SEO plugin v27.0 - https:\/\/yoast.com\/product\/yoast-seo-wordpress\/ -->\n<title>Star Wars Jedi: Fallen Order Origin CD Key - MERCADOKEYS<\/title>\n<meta name=\"robots\" content=\"index, follow, max-snippet:-1, max-image-preview:large, max-video-preview:-1\" \/>\n<link rel=\"canonical\" href=\"https:\/\/www.mercadokeys.com\/product\/star-wars-jedi-fallen-order-origin-cd-key-2\/\" \/>\n<meta property=\"og:locale\" content=\"en_GB\" \/>\n<meta property=\"og:type\" content=\"article\" \/>\n<meta property=\"og:title\" content=\"Star Wars Jedi: Fallen Order Origin CD Key - MERCADOKEYS\" \/>\n<meta property=\"og:description\" content=\"Star Wars Jedi: Fallen Order es un juego de acci\u00f3n en perspectiva en tercera persona para un solo jugador, publicado por Electronic Arts y desarrollado por Respawn Entertainment, el estudio detr\u00e1s de t\u00edtulos como la serie Titanfall y Apex: Legends. El juego se desarrolla entre los Episodios III y IV de la saga Star Wars...\" \/>\n<meta property=\"og:url\" content=\"https:\/\/www.mercadokeys.com\/product\/star-wars-jedi-fallen-order-origin-cd-key-2\/\" \/>\n<meta property=\"og:site_name\" content=\"MERCADOKEYS\" \/>\n<meta property=\"article:modified_time\" content=\"2026-04-25T13:24:50+00:00\" \/>\n<meta property=\"og:image\" content=\"https:\/\/www.mercadokeys.com\/wp-content\/uploads\/2021\/11\/27348.jpg\" \/>\n\t<meta property=\"og:image:width\" content=\"230\" \/>\n\t<meta property=\"og:image:height\" content=\"336\" \/>\n\t<meta property=\"og:image:type\" content=\"image\/jpeg\" \/>\n<meta name=\"twitter:card\" content=\"summary_large_image\" \/>\n<meta name=\"twitter:label1\" content=\"Estimated reading time\" \/>\n\t<meta name=\"twitter:data1\" content=\"4 minutes\" \/>\n<script type=\"application\/ld+json\" class=\"yoast-schema-graph\">{\"@context\":\"https:\/\/schema.org\",\"@graph\":[{\"@type\":\"WebPage\",\"@id\":\"https:\/\/www.mercadokeys.com\/product\/star-wars-jedi-fallen-order-origin-cd-key-2\/\",\"url\":\"https:\/\/www.mercadokeys.com\/product\/star-wars-jedi-fallen-order-origin-cd-key-2\/\",\"name\":\"Star Wars Jedi: Fallen Order Origin CD Key - MERCADOKEYS\",\"isPartOf\":{\"@id\":\"https:\/\/www.mercadokeys.com\/eng\/#website\"},\"primaryImageOfPage\":{\"@id\":\"https:\/\/www.mercadokeys.com\/product\/star-wars-jedi-fallen-order-origin-cd-key-2\/#primaryimage\"},\"image\":{\"@id\":\"https:\/\/www.mercadokeys.com\/product\/star-wars-jedi-fallen-order-origin-cd-key-2\/#primaryimage\"},\"thumbnailUrl\":\"https:\/\/www.mercadokeys.com.mx\/wp-content\/uploads\/2021\/11\/27348.jpg\",\"datePublished\":\"2021-11-14T04:28:19+00:00\",\"dateModified\":\"2026-04-25T13:24:50+00:00\",\"breadcrumb\":{\"@id\":\"https:\/\/www.mercadokeys.com\/product\/star-wars-jedi-fallen-order-origin-cd-key-2\/#breadcrumb\"},\"inLanguage\":\"en-GB\",\"potentialAction\":[{\"@type\":\"ReadAction\",\"target\":[\"https:\/\/www.mercadokeys.com\/product\/star-wars-jedi-fallen-order-origin-cd-key-2\/\"]}]},{\"@type\":\"ImageObject\",\"inLanguage\":\"en-GB\",\"@id\":\"https:\/\/www.mercadokeys.com\/product\/star-wars-jedi-fallen-order-origin-cd-key-2\/#primaryimage\",\"url\":\"https:\/\/www.mercadokeys.com.mx\/wp-content\/uploads\/2021\/11\/27348.jpg\",\"contentUrl\":\"https:\/\/www.mercadokeys.com.mx\/wp-content\/uploads\/2021\/11\/27348.jpg\",\"width\":230,\"height\":336},{\"@type\":\"BreadcrumbList\",\"@id\":\"https:\/\/www.mercadokeys.com\/product\/star-wars-jedi-fallen-order-origin-cd-key-2\/#breadcrumb\",\"itemListElement\":[{\"@type\":\"ListItem\",\"position\":1,\"name\":\"Inicio\",\"item\":\"https:\/\/www.mercadokeys.com.mx\/\"},{\"@type\":\"ListItem\",\"position\":2,\"name\":\"Tienda\",\"item\":\"https:\/\/www.mercadokeys.com\/shop\/\"},{\"@type\":\"ListItem\",\"position\":3,\"name\":\"Star Wars Jedi: Fallen Order Origin CD Key\"}]},{\"@type\":\"WebSite\",\"@id\":\"https:\/\/www.mercadokeys.com\/eng\/#website\",\"url\":\"https:\/\/www.mercadokeys.com\/eng\/\",\"name\":\"MERCADOKEYS\",\"description\":\"Tu Tienda de videojuegos digitales en Mexico!\",\"potentialAction\":[{\"@type\":\"SearchAction\",\"target\":{\"@type\":\"EntryPoint\",\"urlTemplate\":\"https:\/\/www.mercadokeys.com\/eng\/?s={search_term_string}\"},\"query-input\":{\"@type\":\"PropertyValueSpecification\",\"valueRequired\":true,\"valueName\":\"search_term_string\"}}],\"inLanguage\":\"en-GB\"}]}<\/script>\n<!-- \/ Yoast SEO plugin. -->","yoast_head_json":{"title":"Star Wars Jedi: Fallen Order Origin CD Key - MERCADOKEYS","robots":{"index":"index","follow":"follow","max-snippet":"max-snippet:-1","max-image-preview":"max-image-preview:large","max-video-preview":"max-video-preview:-1"},"canonical":"https:\/\/www.mercadokeys.com\/product\/star-wars-jedi-fallen-order-origin-cd-key-2\/","og_locale":"en_GB","og_type":"article","og_title":"Star Wars Jedi: Fallen Order Origin CD Key - MERCADOKEYS","og_description":"Star Wars Jedi: Fallen Order es un juego de acci\u00f3n en perspectiva en tercera persona para un solo jugador, publicado por Electronic Arts y desarrollado por Respawn Entertainment, el estudio detr\u00e1s de t\u00edtulos como la serie Titanfall y Apex: Legends. El juego se desarrolla entre los Episodios III y IV de la saga Star Wars...","og_url":"https:\/\/www.mercadokeys.com\/product\/star-wars-jedi-fallen-order-origin-cd-key-2\/","og_site_name":"MERCADOKEYS","article_modified_time":"2026-04-25T13:24:50+00:00","og_image":[{"width":230,"height":336,"url":"https:\/\/www.mercadokeys.com\/wp-content\/uploads\/2021\/11\/27348.jpg","type":"image\/jpeg"}],"twitter_card":"summary_large_image","twitter_misc":{"Estimated reading time":"4 minutes"},"schema":{"@context":"https:\/\/schema.org","@graph":[{"@type":"WebPage","@id":"https:\/\/www.mercadokeys.com\/product\/star-wars-jedi-fallen-order-origin-cd-key-2\/","url":"https:\/\/www.mercadokeys.com\/product\/star-wars-jedi-fallen-order-origin-cd-key-2\/","name":"Star Wars Jedi: Fallen Order Origin CD Key - MERCADOKEYS","isPartOf":{"@id":"https:\/\/www.mercadokeys.com\/eng\/#website"},"primaryImageOfPage":{"@id":"https:\/\/www.mercadokeys.com\/product\/star-wars-jedi-fallen-order-origin-cd-key-2\/#primaryimage"},"image":{"@id":"https:\/\/www.mercadokeys.com\/product\/star-wars-jedi-fallen-order-origin-cd-key-2\/#primaryimage"},"thumbnailUrl":"https:\/\/www.mercadokeys.com.mx\/wp-content\/uploads\/2021\/11\/27348.jpg","datePublished":"2021-11-14T04:28:19+00:00","dateModified":"2026-04-25T13:24:50+00:00","breadcrumb":{"@id":"https:\/\/www.mercadokeys.com\/product\/star-wars-jedi-fallen-order-origin-cd-key-2\/#breadcrumb"},"inLanguage":"en-GB","potentialAction":[{"@type":"ReadAction","target":["https:\/\/www.mercadokeys.com\/product\/star-wars-jedi-fallen-order-origin-cd-key-2\/"]}]},{"@type":"ImageObject","inLanguage":"en-GB","@id":"https:\/\/www.mercadokeys.com\/product\/star-wars-jedi-fallen-order-origin-cd-key-2\/#primaryimage","url":"https:\/\/www.mercadokeys.com.mx\/wp-content\/uploads\/2021\/11\/27348.jpg","contentUrl":"https:\/\/www.mercadokeys.com.mx\/wp-content\/uploads\/2021\/11\/27348.jpg","width":230,"height":336},{"@type":"BreadcrumbList","@id":"https:\/\/www.mercadokeys.com\/product\/star-wars-jedi-fallen-order-origin-cd-key-2\/#breadcrumb","itemListElement":[{"@type":"ListItem","position":1,"name":"Inicio","item":"https:\/\/www.mercadokeys.com.mx\/"},{"@type":"ListItem","position":2,"name":"Tienda","item":"https:\/\/www.mercadokeys.com\/shop\/"},{"@type":"ListItem","position":3,"name":"Star Wars Jedi: Fallen Order Origin CD Key"}]},{"@type":"WebSite","@id":"https:\/\/www.mercadokeys.com\/eng\/#website","url":"https:\/\/www.mercadokeys.com\/eng\/","name":"MERCADOKEYS","description":"Tu Tienda de videojuegos digitales en Mexico!","potentialAction":[{"@type":"SearchAction","target":{"@type":"EntryPoint","urlTemplate":"https:\/\/www.mercadokeys.com\/eng\/?s={search_term_string}"},"query-input":{"@type":"PropertyValueSpecification","valueRequired":true,"valueName":"search_term_string"}}],"inLanguage":"en-GB"}]}},"df_price":611.552292,"df_sale_price":611.552292,"df_regular_price":611.552292,"df_image_link":"https:\/\/www.mercadokeys.com.mx\/wp-content\/uploads\/2021\/11\/27348-205x300.jpg","_links":{"self":[{"href":"https:\/\/www.mercadokeys.com.mx\/eng\/wp-json\/wp\/v2\/product\/117528","targetHints":{"allow":["GET"]}}],"collection":[{"href":"https:\/\/www.mercadokeys.com.mx\/eng\/wp-json\/wp\/v2\/product"}],"about":[{"href":"https:\/\/www.mercadokeys.com.mx\/eng\/wp-json\/wp\/v2\/types\/product"}],"wp:featuredmedia":[{"embeddable":true,"href":"https:\/\/www.mercadokeys.com.mx\/eng\/wp-json\/wp\/v2\/media\/117529"}],"wp:attachment":[{"href":"https:\/\/www.mercadokeys.com.mx\/eng\/wp-json\/wp\/v2\/media?parent=117528"}],"wp:term":[{"taxonomy":"product_brand","embeddable":true,"href":"https:\/\/www.mercadokeys.com.mx\/eng\/wp-json\/wp\/v2\/product_brand?post=117528"},{"taxonomy":"product_cat","embeddable":true,"href":"https:\/\/www.mercadokeys.com.mx\/eng\/wp-json\/wp\/v2\/product_cat?post=117528"},{"taxonomy":"product_tag","embeddable":true,"href":"https:\/\/www.mercadokeys.com.mx\/eng\/wp-json\/wp\/v2\/product_tag?post=117528"}],"curies":[{"name":"wp","href":"https:\/\/api.w.org\/{rel}","templated":true}]}}