{"id":117525,"date":"2021-11-13T20:27:45","date_gmt":"2021-11-14T04:27:45","guid":{"rendered":"https:\/\/www.mercadokeys.com\/producto\/house-flipper-pc-steam-key-global\/"},"modified":"2022-06-29T06:03:39","modified_gmt":"2022-06-29T13:03:39","slug":"house-flipper-pc-steam-key-global","status":"publish","type":"product","link":"https:\/\/www.mercadokeys.com.mx\/eng\/product\/house-flipper-pc-steam-key-global\/","title":{"rendered":"House Flipper Steam CD Key"},"content":{"rendered":"<p><span style=\"vertical-align: inherit;\">House Flipper es una oportunidad \u00fanica para convertirse en un equipo de renovaci\u00f3n de un solo hombre. Comprar, reparar y remodelar casas devastadas. \u00a1Dales una segunda vida y v\u00e9ndelos para obtener ganancias! <\/span><\/p>\n<p><span style=\"vertical-align: inherit;\">Lo que tienes a tu disposici\u00f3n es un conjunto de herramientas y piezas. \u00daselos para martillar, taladrar, clavar y atornillar cosas juntas, y hacer lo que sea necesario para ajustar, arreglar o limpiar cosas. <\/span><\/p>\n<p><span style=\"vertical-align: inherit;\">Experimente con los dise\u00f1os de interiores y los estilos de decoraci\u00f3n que le gusten. Decore y amuebla interiores con cientos de elementos \u00fanicos entre los que puede elegir. \u00a1Expr\u00e9sate!<\/span><\/p>\n<p><span style=\"vertical-align: inherit;\">\u00bfTe encanta el dise\u00f1o de interiores y quieres llenar habitaciones vac\u00edas con tu estilo favorito? Puedes comprar un apartamento vac\u00edo y amueblarlo. \u00bfPrefieres cosas que solo los ingenieros entender\u00edan? Puede concentrarse en reparaciones e instalaciones. \u00bfEs usted un experto en el enfoque de &#8220;peque\u00f1o movimiento, gran cambio&#8221;? Puedes comprar una casa decente y hacerla perfecta agregando un poco de estilo y arreglando cosas. <\/span><\/p>\n<p><span style=\"vertical-align: inherit;\">El objetivo final del negocio del cambio de casa es el beneficio. \u00bfEres un tomador de riesgos? Te gusta invertir Estime las ganancias y encuentre la mejor relaci\u00f3n riesgo \/ recompensa para usted. <\/span><\/p>\n<p><span style=\"vertical-align: inherit;\">El negocio del cambio de casa es muy desafiante. Mejora y perfecciona tus habilidades. Obtenga mejores herramientas. Implemente nuevos mecanismos y gane efectivo para que pueda aumentar la inversi\u00f3n y acelerar el progreso. \u00a1Divertirse!<\/span><\/p>","protected":false},"excerpt":{"rendered":"<p>House Flipper es una oportunidad \u00fanica para convertirse en un equipo de renovaci\u00f3n de un solo hombre. Comprar, reparar y remodelar casas devastadas. \u00a1Dales una segunda vida y v\u00e9ndelos para obtener ganancias! Lo que tienes a tu disposici\u00f3n es un conjunto de herramientas y piezas. \u00daselos para martillar, taladrar, clavar y atornillar cosas juntas, y&#8230;<\/p>","protected":false},"featured_media":117526,"template":"","meta":{"_monsterinsights_skip_tracking":false,"_monsterinsights_sitenote_active":false,"_monsterinsights_sitenote_note":"","_monsterinsights_sitenote_category":0},"product_brand":[],"product_cat":[2981,1271,1420,1283,1280,1273,1393,1396,1427,1424],"product_tag":[2675,3716],"class_list":{"0":"post-117525","1":"product","2":"type-product","3":"status-publish","4":"has-post-thumbnail","6":"product_cat-destacados","7":"product_cat-tienda-de-videojuegos-tijuana-mexico","8":"product_cat-tienda-de-videojuegos-populares-tijuana-mexico","9":"product_cat-tienda-de-videojuegos-plataformas-tijuana-mexico","10":"product_cat-tienda-de-videojuegos-pc-tijuana-mexico","11":"product_cat-tienda-de-videojuegos-steam-key-tijuana-mexico","12":"product_cat-tienda-de-videojuegos-indie-tijuana-mexico","13":"product_cat-tienda-de-videojuegos-simulacion-tijuana-mexico","14":"product_cat-tienda-de-videojuegos-juegos-para-mando-tijuana-mexico","15":"product_cat-tienda-de-videojuegos-lo-mas-jugados-tijuana-mexico","16":"product_tag-house-flipper","17":"product_tag-house-flippercd-key","19":"first","20":"instock","21":"shipping-taxable","22":"purchasable","23":"product-type-simple"},"yoast_head":"<!-- This site is optimized with the Yoast SEO plugin v27.0 - https:\/\/yoast.com\/product\/yoast-seo-wordpress\/ -->\n<title>House Flipper Steam CD Key - MERCADOKEYS<\/title>\n<meta name=\"robots\" content=\"index, follow, max-snippet:-1, max-image-preview:large, max-video-preview:-1\" \/>\n<link rel=\"canonical\" href=\"https:\/\/www.mercadokeys.com\/product\/house-flipper-pc-steam-key-global\/\" \/>\n<meta property=\"og:locale\" content=\"en_GB\" \/>\n<meta property=\"og:type\" content=\"article\" \/>\n<meta property=\"og:title\" content=\"House Flipper Steam CD Key - MERCADOKEYS\" \/>\n<meta property=\"og:description\" content=\"House Flipper es una oportunidad \u00fanica para convertirse en un equipo de renovaci\u00f3n de un solo hombre. Comprar, reparar y remodelar casas devastadas. \u00a1Dales una segunda vida y v\u00e9ndelos para obtener ganancias! Lo que tienes a tu disposici\u00f3n es un conjunto de herramientas y piezas. \u00daselos para martillar, taladrar, clavar y atornillar cosas juntas, y...\" \/>\n<meta property=\"og:url\" content=\"https:\/\/www.mercadokeys.com\/product\/house-flipper-pc-steam-key-global\/\" \/>\n<meta property=\"og:site_name\" content=\"MERCADOKEYS\" \/>\n<meta property=\"article:modified_time\" content=\"2022-06-29T13:03:39+00:00\" \/>\n<meta property=\"og:image\" content=\"https:\/\/www.mercadokeys.com\/wp-content\/uploads\/2021\/11\/48913.jpg\" \/>\n\t<meta property=\"og:image:width\" content=\"230\" \/>\n\t<meta property=\"og:image:height\" content=\"336\" \/>\n\t<meta property=\"og:image:type\" content=\"image\/jpeg\" \/>\n<meta name=\"twitter:card\" content=\"summary_large_image\" \/>\n<meta name=\"twitter:label1\" content=\"Estimated reading time\" \/>\n\t<meta name=\"twitter:data1\" content=\"1 minute\" \/>\n<script type=\"application\/ld+json\" class=\"yoast-schema-graph\">{\"@context\":\"https:\/\/schema.org\",\"@graph\":[{\"@type\":\"WebPage\",\"@id\":\"https:\/\/www.mercadokeys.com\/product\/house-flipper-pc-steam-key-global\/\",\"url\":\"https:\/\/www.mercadokeys.com\/product\/house-flipper-pc-steam-key-global\/\",\"name\":\"House Flipper Steam CD Key - MERCADOKEYS\",\"isPartOf\":{\"@id\":\"https:\/\/www.mercadokeys.com\/eng\/#website\"},\"primaryImageOfPage\":{\"@id\":\"https:\/\/www.mercadokeys.com\/product\/house-flipper-pc-steam-key-global\/#primaryimage\"},\"image\":{\"@id\":\"https:\/\/www.mercadokeys.com\/product\/house-flipper-pc-steam-key-global\/#primaryimage\"},\"thumbnailUrl\":\"https:\/\/www.mercadokeys.com.mx\/wp-content\/uploads\/2021\/11\/48913.jpg\",\"datePublished\":\"2021-11-14T04:27:45+00:00\",\"dateModified\":\"2022-06-29T13:03:39+00:00\",\"breadcrumb\":{\"@id\":\"https:\/\/www.mercadokeys.com\/product\/house-flipper-pc-steam-key-global\/#breadcrumb\"},\"inLanguage\":\"en-GB\",\"potentialAction\":[{\"@type\":\"ReadAction\",\"target\":[\"https:\/\/www.mercadokeys.com\/product\/house-flipper-pc-steam-key-global\/\"]}]},{\"@type\":\"ImageObject\",\"inLanguage\":\"en-GB\",\"@id\":\"https:\/\/www.mercadokeys.com\/product\/house-flipper-pc-steam-key-global\/#primaryimage\",\"url\":\"https:\/\/www.mercadokeys.com.mx\/wp-content\/uploads\/2021\/11\/48913.jpg\",\"contentUrl\":\"https:\/\/www.mercadokeys.com.mx\/wp-content\/uploads\/2021\/11\/48913.jpg\",\"width\":230,\"height\":336},{\"@type\":\"BreadcrumbList\",\"@id\":\"https:\/\/www.mercadokeys.com\/product\/house-flipper-pc-steam-key-global\/#breadcrumb\",\"itemListElement\":[{\"@type\":\"ListItem\",\"position\":1,\"name\":\"Inicio\",\"item\":\"https:\/\/www.mercadokeys.com.mx\/\"},{\"@type\":\"ListItem\",\"position\":2,\"name\":\"Tienda\",\"item\":\"https:\/\/www.mercadokeys.com\/shop\/\"},{\"@type\":\"ListItem\",\"position\":3,\"name\":\"House Flipper Steam CD Key\"}]},{\"@type\":\"WebSite\",\"@id\":\"https:\/\/www.mercadokeys.com\/eng\/#website\",\"url\":\"https:\/\/www.mercadokeys.com\/eng\/\",\"name\":\"MERCADOKEYS\",\"description\":\"Tu Tienda de videojuegos digitales en Mexico!\",\"potentialAction\":[{\"@type\":\"SearchAction\",\"target\":{\"@type\":\"EntryPoint\",\"urlTemplate\":\"https:\/\/www.mercadokeys.com\/eng\/?s={search_term_string}\"},\"query-input\":{\"@type\":\"PropertyValueSpecification\",\"valueRequired\":true,\"valueName\":\"search_term_string\"}}],\"inLanguage\":\"en-GB\"}]}<\/script>\n<!-- \/ Yoast SEO plugin. -->","yoast_head_json":{"title":"House Flipper Steam CD Key - MERCADOKEYS","robots":{"index":"index","follow":"follow","max-snippet":"max-snippet:-1","max-image-preview":"max-image-preview:large","max-video-preview":"max-video-preview:-1"},"canonical":"https:\/\/www.mercadokeys.com\/product\/house-flipper-pc-steam-key-global\/","og_locale":"en_GB","og_type":"article","og_title":"House Flipper Steam CD Key - MERCADOKEYS","og_description":"House Flipper es una oportunidad \u00fanica para convertirse en un equipo de renovaci\u00f3n de un solo hombre. Comprar, reparar y remodelar casas devastadas. \u00a1Dales una segunda vida y v\u00e9ndelos para obtener ganancias! Lo que tienes a tu disposici\u00f3n es un conjunto de herramientas y piezas. \u00daselos para martillar, taladrar, clavar y atornillar cosas juntas, y...","og_url":"https:\/\/www.mercadokeys.com\/product\/house-flipper-pc-steam-key-global\/","og_site_name":"MERCADOKEYS","article_modified_time":"2022-06-29T13:03:39+00:00","og_image":[{"width":230,"height":336,"url":"https:\/\/www.mercadokeys.com\/wp-content\/uploads\/2021\/11\/48913.jpg","type":"image\/jpeg"}],"twitter_card":"summary_large_image","twitter_misc":{"Estimated reading time":"1 minute"},"schema":{"@context":"https:\/\/schema.org","@graph":[{"@type":"WebPage","@id":"https:\/\/www.mercadokeys.com\/product\/house-flipper-pc-steam-key-global\/","url":"https:\/\/www.mercadokeys.com\/product\/house-flipper-pc-steam-key-global\/","name":"House Flipper Steam CD Key - MERCADOKEYS","isPartOf":{"@id":"https:\/\/www.mercadokeys.com\/eng\/#website"},"primaryImageOfPage":{"@id":"https:\/\/www.mercadokeys.com\/product\/house-flipper-pc-steam-key-global\/#primaryimage"},"image":{"@id":"https:\/\/www.mercadokeys.com\/product\/house-flipper-pc-steam-key-global\/#primaryimage"},"thumbnailUrl":"https:\/\/www.mercadokeys.com.mx\/wp-content\/uploads\/2021\/11\/48913.jpg","datePublished":"2021-11-14T04:27:45+00:00","dateModified":"2022-06-29T13:03:39+00:00","breadcrumb":{"@id":"https:\/\/www.mercadokeys.com\/product\/house-flipper-pc-steam-key-global\/#breadcrumb"},"inLanguage":"en-GB","potentialAction":[{"@type":"ReadAction","target":["https:\/\/www.mercadokeys.com\/product\/house-flipper-pc-steam-key-global\/"]}]},{"@type":"ImageObject","inLanguage":"en-GB","@id":"https:\/\/www.mercadokeys.com\/product\/house-flipper-pc-steam-key-global\/#primaryimage","url":"https:\/\/www.mercadokeys.com.mx\/wp-content\/uploads\/2021\/11\/48913.jpg","contentUrl":"https:\/\/www.mercadokeys.com.mx\/wp-content\/uploads\/2021\/11\/48913.jpg","width":230,"height":336},{"@type":"BreadcrumbList","@id":"https:\/\/www.mercadokeys.com\/product\/house-flipper-pc-steam-key-global\/#breadcrumb","itemListElement":[{"@type":"ListItem","position":1,"name":"Inicio","item":"https:\/\/www.mercadokeys.com.mx\/"},{"@type":"ListItem","position":2,"name":"Tienda","item":"https:\/\/www.mercadokeys.com\/shop\/"},{"@type":"ListItem","position":3,"name":"House Flipper Steam CD Key"}]},{"@type":"WebSite","@id":"https:\/\/www.mercadokeys.com\/eng\/#website","url":"https:\/\/www.mercadokeys.com\/eng\/","name":"MERCADOKEYS","description":"Tu Tienda de videojuegos digitales en Mexico!","potentialAction":[{"@type":"SearchAction","target":{"@type":"EntryPoint","urlTemplate":"https:\/\/www.mercadokeys.com\/eng\/?s={search_term_string}"},"query-input":{"@type":"PropertyValueSpecification","valueRequired":true,"valueName":"search_term_string"}}],"inLanguage":"en-GB"}]}},"df_price":269.894981,"df_sale_price":269.894981,"df_regular_price":269.894981,"df_image_link":"https:\/\/www.mercadokeys.com.mx\/wp-content\/uploads\/2021\/11\/48913-205x300.jpg","_links":{"self":[{"href":"https:\/\/www.mercadokeys.com.mx\/eng\/wp-json\/wp\/v2\/product\/117525","targetHints":{"allow":["GET"]}}],"collection":[{"href":"https:\/\/www.mercadokeys.com.mx\/eng\/wp-json\/wp\/v2\/product"}],"about":[{"href":"https:\/\/www.mercadokeys.com.mx\/eng\/wp-json\/wp\/v2\/types\/product"}],"wp:featuredmedia":[{"embeddable":true,"href":"https:\/\/www.mercadokeys.com.mx\/eng\/wp-json\/wp\/v2\/media\/117526"}],"wp:attachment":[{"href":"https:\/\/www.mercadokeys.com.mx\/eng\/wp-json\/wp\/v2\/media?parent=117525"}],"wp:term":[{"taxonomy":"product_brand","embeddable":true,"href":"https:\/\/www.mercadokeys.com.mx\/eng\/wp-json\/wp\/v2\/product_brand?post=117525"},{"taxonomy":"product_cat","embeddable":true,"href":"https:\/\/www.mercadokeys.com.mx\/eng\/wp-json\/wp\/v2\/product_cat?post=117525"},{"taxonomy":"product_tag","embeddable":true,"href":"https:\/\/www.mercadokeys.com.mx\/eng\/wp-json\/wp\/v2\/product_tag?post=117525"}],"curies":[{"name":"wp","href":"https:\/\/api.w.org\/{rel}","templated":true}]}}