{"id":117490,"date":"2021-11-13T20:16:38","date_gmt":"2021-11-14T04:16:38","guid":{"rendered":"https:\/\/www.mercadokeys.com\/producto\/blazblue-centralfiction-steam-key-global\/"},"modified":"2022-06-29T06:03:33","modified_gmt":"2022-06-29T13:03:33","slug":"blazblue-centralfiction-steam-key-global","status":"publish","type":"product","link":"https:\/\/www.mercadokeys.com.mx\/eng\/product\/blazblue-centralfiction-steam-key-global\/","title":{"rendered":"BlazBlue Centralfiction Steam CD Key"},"content":{"rendered":"<h3 style=\"font-size: 16px;\"><span style=\"vertical-align: inherit;\">BlazBlue: Centralfiction es un juego de lucha con una historia interesante<\/span><\/h3>\n<p><span style=\"vertical-align: inherit;\">Los juegos de lucha de Arc System Works siempre fueron reconocibles por su trama. <\/span><strong><span style=\"vertical-align: inherit;\">BlazBlue: Centralfiction<\/span><\/strong><span style=\"vertical-align: inherit;\"> no es diferente. Empiezas tu historia como un hombre que se despert\u00f3 con amnesia. Inmediatamente, viajas a la decimotercera ciudad jer\u00e1rquica de Kagutsuchi, donde te enteras de que eres un rebelde clase SS conocido como Grim Reaper. No solo durante muchos a\u00f1os fuiste enemigo de la Organizaci\u00f3n Mundial de Control de Informaci\u00f3n del Vac\u00edo durante mucho tiempo, sino que ahora tienes acceso al Grimorio Azul. La organizaci\u00f3n env\u00eda vigilantes detr\u00e1s de ti. Ahora tienes que luchar por tu supervivencia.<\/span><\/p>\n<h3 style=\"font-size: 16px;\"><span style=\"vertical-align: inherit;\">Muchos modos diferentes para que elijas<\/span><\/h3>\n<p><strong><span style=\"vertical-align: inherit;\">El juego BlazBlue: Centralfiction<\/span><\/strong><span style=\"vertical-align: inherit;\"> te ofrece una gran cantidad de modos entre los que puedes elegir. Se pueden dividir en categor\u00edas. Hay una categor\u00eda de pr\u00e1ctica en la que tienes un tutorial est\u00e1ndar, un modo de pr\u00e1ctica y, con mucho, el modo de desaf\u00edo m\u00e1s interesante. El modo desaf\u00edo te proporciona 20 misiones para cada personaje. Las misiones son cada vez m\u00e1s dif\u00edciles. Sin embargo, gracias a ellos aprendes todo sobre el personaje. Luego est\u00e1 el modo historia, que se explica por s\u00ed mismo.\u00a0<\/span><\/p>\n<p><span style=\"vertical-align: inherit;\">Luego est\u00e1 la categor\u00eda &#8220;batalla&#8221; que te proporciona modos como Arcade (cl\u00e1sico), Modo VS (donde puedes jugar contra la CPU o tus amigos), Modo Grim of Abyss (donde encuentras y usas grimorios, elementos, etc. para personalizar tu personaje), Score Attack y Speed \u200b\u200bStar Mode (donde te enfrentas a un enemigo tras otro e intentas derrotarlos lo antes posible). Tambi\u00e9n hay un modo de red donde puedes luchar contra jugadores de todo el mundo. \u00bfCrees que podr\u00e1s enfrentarte a jugadores reales?<\/span><\/p>\n<h3 style=\"font-size: 16px;\"><span style=\"vertical-align: inherit;\">Una interesante variedad de personajes<\/span><\/h3>\n<p><span style=\"vertical-align: inherit;\">En juegos de lucha como BlazBlue: Centralfiction, uno de los aspectos m\u00e1s importantes es el roster. Puede elegir entre 33 caracteres. Muchos de ellos son personajes que regresan de entregas anteriores como Ragna, Jin o Tsubaki. Hay algunos nuevos como Sussano, Izanami o Hibiki. Sin embargo, si cree que todav\u00eda no es suficiente, puede invertir en un DLC que le proporciona tres personajes adicionales: Es, Jubei y Mai. Cada personaje representa un estilo de juego diferente.\u00a0<\/span><\/p>\n<p><span style=\"vertical-align: inherit;\">Por ejemplo, Ragna es el t\u00edpico ca\u00f1\u00f3n de cristal, capaz de hacerse cargo de los enemigos r\u00e1pidamente pero, al mismo tiempo, no es sostenible para recibir un castigo severo. Jin, por otro lado, es un experto en todos los oficios, no tiene puntos d\u00e9biles pero no se especializa en ning\u00fan campo. Rachel Alucard, por otro lado, fue dise\u00f1ado para jugadores que simplemente aman la zonificaci\u00f3n y tener un control total sobre el campo de batalla. Como puede ver, seguramente encontrar\u00e1 un personaje que se adapte a su estilo.<\/span><\/p>","protected":false},"excerpt":{"rendered":"<p>BlazBlue: Centralfiction es un juego de lucha con una historia interesante Los juegos de lucha de Arc System Works siempre fueron reconocibles por su trama. BlazBlue: Centralfiction no es diferente. Empiezas tu historia como un hombre que se despert\u00f3 con amnesia. Inmediatamente, viajas a la decimotercera ciudad jer\u00e1rquica de Kagutsuchi, donde te enteras de que&#8230;<\/p>","protected":false},"featured_media":117491,"template":"","meta":{"_monsterinsights_skip_tracking":false,"_monsterinsights_sitenote_active":false,"_monsterinsights_sitenote_note":"","_monsterinsights_sitenote_category":0},"product_brand":[],"product_cat":[2981,1271,1283,1280,1273,1392,1427],"product_tag":[3152,3736,3154],"class_list":{"0":"post-117490","1":"product","2":"type-product","3":"status-publish","4":"has-post-thumbnail","6":"product_cat-destacados","7":"product_cat-tienda-de-videojuegos-tijuana-mexico","8":"product_cat-tienda-de-videojuegos-plataformas-tijuana-mexico","9":"product_cat-tienda-de-videojuegos-pc-tijuana-mexico","10":"product_cat-tienda-de-videojuegos-steam-key-tijuana-mexico","11":"product_cat-tienda-de-videojuegos-accion-tijuana-mexico","12":"product_cat-tienda-de-videojuegos-juegos-para-mando-tijuana-mexico","13":"product_tag-blazblue-centralfiction","14":"product_tag-blazblue-centralfiction-cd-key","15":"product_tag-blazblue-centralfiction-steam","17":"first","18":"instock","19":"shipping-taxable","20":"purchasable","21":"product-type-simple"},"yoast_head":"<!-- This site is optimized with the Yoast SEO plugin v27.0 - https:\/\/yoast.com\/product\/yoast-seo-wordpress\/ -->\n<title>BlazBlue Centralfiction Steam CD Key - MERCADOKEYS<\/title>\n<meta name=\"robots\" content=\"index, follow, max-snippet:-1, max-image-preview:large, max-video-preview:-1\" \/>\n<link rel=\"canonical\" href=\"https:\/\/www.mercadokeys.com\/product\/blazblue-centralfiction-steam-key-global\/\" \/>\n<meta property=\"og:locale\" content=\"en_GB\" \/>\n<meta property=\"og:type\" content=\"article\" \/>\n<meta property=\"og:title\" content=\"BlazBlue Centralfiction Steam CD Key - MERCADOKEYS\" \/>\n<meta property=\"og:description\" content=\"BlazBlue: Centralfiction es un juego de lucha con una historia interesante Los juegos de lucha de Arc System Works siempre fueron reconocibles por su trama. BlazBlue: Centralfiction no es diferente. Empiezas tu historia como un hombre que se despert\u00f3 con amnesia. Inmediatamente, viajas a la decimotercera ciudad jer\u00e1rquica de Kagutsuchi, donde te enteras de que...\" \/>\n<meta property=\"og:url\" content=\"https:\/\/www.mercadokeys.com\/product\/blazblue-centralfiction-steam-key-global\/\" \/>\n<meta property=\"og:site_name\" content=\"MERCADOKEYS\" \/>\n<meta property=\"article:modified_time\" content=\"2022-06-29T13:03:33+00:00\" \/>\n<meta property=\"og:image\" content=\"https:\/\/www.mercadokeys.com\/wp-content\/uploads\/2021\/11\/41894.jpg\" \/>\n\t<meta property=\"og:image:width\" content=\"230\" \/>\n\t<meta property=\"og:image:height\" content=\"336\" \/>\n\t<meta property=\"og:image:type\" content=\"image\/jpeg\" \/>\n<meta name=\"twitter:card\" content=\"summary_large_image\" \/>\n<meta name=\"twitter:label1\" content=\"Estimated reading time\" \/>\n\t<meta name=\"twitter:data1\" content=\"2 minutes\" \/>\n<script type=\"application\/ld+json\" class=\"yoast-schema-graph\">{\"@context\":\"https:\/\/schema.org\",\"@graph\":[{\"@type\":\"WebPage\",\"@id\":\"https:\/\/www.mercadokeys.com\/product\/blazblue-centralfiction-steam-key-global\/\",\"url\":\"https:\/\/www.mercadokeys.com\/product\/blazblue-centralfiction-steam-key-global\/\",\"name\":\"BlazBlue Centralfiction Steam CD Key - MERCADOKEYS\",\"isPartOf\":{\"@id\":\"https:\/\/www.mercadokeys.com\/eng\/#website\"},\"primaryImageOfPage\":{\"@id\":\"https:\/\/www.mercadokeys.com\/product\/blazblue-centralfiction-steam-key-global\/#primaryimage\"},\"image\":{\"@id\":\"https:\/\/www.mercadokeys.com\/product\/blazblue-centralfiction-steam-key-global\/#primaryimage\"},\"thumbnailUrl\":\"https:\/\/www.mercadokeys.com.mx\/wp-content\/uploads\/2021\/11\/41894.jpg\",\"datePublished\":\"2021-11-14T04:16:38+00:00\",\"dateModified\":\"2022-06-29T13:03:33+00:00\",\"breadcrumb\":{\"@id\":\"https:\/\/www.mercadokeys.com\/product\/blazblue-centralfiction-steam-key-global\/#breadcrumb\"},\"inLanguage\":\"en-GB\",\"potentialAction\":[{\"@type\":\"ReadAction\",\"target\":[\"https:\/\/www.mercadokeys.com\/product\/blazblue-centralfiction-steam-key-global\/\"]}]},{\"@type\":\"ImageObject\",\"inLanguage\":\"en-GB\",\"@id\":\"https:\/\/www.mercadokeys.com\/product\/blazblue-centralfiction-steam-key-global\/#primaryimage\",\"url\":\"https:\/\/www.mercadokeys.com.mx\/wp-content\/uploads\/2021\/11\/41894.jpg\",\"contentUrl\":\"https:\/\/www.mercadokeys.com.mx\/wp-content\/uploads\/2021\/11\/41894.jpg\",\"width\":230,\"height\":336},{\"@type\":\"BreadcrumbList\",\"@id\":\"https:\/\/www.mercadokeys.com\/product\/blazblue-centralfiction-steam-key-global\/#breadcrumb\",\"itemListElement\":[{\"@type\":\"ListItem\",\"position\":1,\"name\":\"Inicio\",\"item\":\"https:\/\/www.mercadokeys.com.mx\/\"},{\"@type\":\"ListItem\",\"position\":2,\"name\":\"Tienda\",\"item\":\"https:\/\/www.mercadokeys.com\/shop\/\"},{\"@type\":\"ListItem\",\"position\":3,\"name\":\"BlazBlue Centralfiction Steam CD Key\"}]},{\"@type\":\"WebSite\",\"@id\":\"https:\/\/www.mercadokeys.com\/eng\/#website\",\"url\":\"https:\/\/www.mercadokeys.com\/eng\/\",\"name\":\"MERCADOKEYS\",\"description\":\"Tu Tienda de videojuegos digitales en Mexico!\",\"potentialAction\":[{\"@type\":\"SearchAction\",\"target\":{\"@type\":\"EntryPoint\",\"urlTemplate\":\"https:\/\/www.mercadokeys.com\/eng\/?s={search_term_string}\"},\"query-input\":{\"@type\":\"PropertyValueSpecification\",\"valueRequired\":true,\"valueName\":\"search_term_string\"}}],\"inLanguage\":\"en-GB\"}]}<\/script>\n<!-- \/ Yoast SEO plugin. -->","yoast_head_json":{"title":"BlazBlue Centralfiction Steam CD Key - MERCADOKEYS","robots":{"index":"index","follow":"follow","max-snippet":"max-snippet:-1","max-image-preview":"max-image-preview:large","max-video-preview":"max-video-preview:-1"},"canonical":"https:\/\/www.mercadokeys.com\/product\/blazblue-centralfiction-steam-key-global\/","og_locale":"en_GB","og_type":"article","og_title":"BlazBlue Centralfiction Steam CD Key - MERCADOKEYS","og_description":"BlazBlue: Centralfiction es un juego de lucha con una historia interesante Los juegos de lucha de Arc System Works siempre fueron reconocibles por su trama. BlazBlue: Centralfiction no es diferente. Empiezas tu historia como un hombre que se despert\u00f3 con amnesia. Inmediatamente, viajas a la decimotercera ciudad jer\u00e1rquica de Kagutsuchi, donde te enteras de que...","og_url":"https:\/\/www.mercadokeys.com\/product\/blazblue-centralfiction-steam-key-global\/","og_site_name":"MERCADOKEYS","article_modified_time":"2022-06-29T13:03:33+00:00","og_image":[{"width":230,"height":336,"url":"https:\/\/www.mercadokeys.com\/wp-content\/uploads\/2021\/11\/41894.jpg","type":"image\/jpeg"}],"twitter_card":"summary_large_image","twitter_misc":{"Estimated reading time":"2 minutes"},"schema":{"@context":"https:\/\/schema.org","@graph":[{"@type":"WebPage","@id":"https:\/\/www.mercadokeys.com\/product\/blazblue-centralfiction-steam-key-global\/","url":"https:\/\/www.mercadokeys.com\/product\/blazblue-centralfiction-steam-key-global\/","name":"BlazBlue Centralfiction Steam CD Key - MERCADOKEYS","isPartOf":{"@id":"https:\/\/www.mercadokeys.com\/eng\/#website"},"primaryImageOfPage":{"@id":"https:\/\/www.mercadokeys.com\/product\/blazblue-centralfiction-steam-key-global\/#primaryimage"},"image":{"@id":"https:\/\/www.mercadokeys.com\/product\/blazblue-centralfiction-steam-key-global\/#primaryimage"},"thumbnailUrl":"https:\/\/www.mercadokeys.com.mx\/wp-content\/uploads\/2021\/11\/41894.jpg","datePublished":"2021-11-14T04:16:38+00:00","dateModified":"2022-06-29T13:03:33+00:00","breadcrumb":{"@id":"https:\/\/www.mercadokeys.com\/product\/blazblue-centralfiction-steam-key-global\/#breadcrumb"},"inLanguage":"en-GB","potentialAction":[{"@type":"ReadAction","target":["https:\/\/www.mercadokeys.com\/product\/blazblue-centralfiction-steam-key-global\/"]}]},{"@type":"ImageObject","inLanguage":"en-GB","@id":"https:\/\/www.mercadokeys.com\/product\/blazblue-centralfiction-steam-key-global\/#primaryimage","url":"https:\/\/www.mercadokeys.com.mx\/wp-content\/uploads\/2021\/11\/41894.jpg","contentUrl":"https:\/\/www.mercadokeys.com.mx\/wp-content\/uploads\/2021\/11\/41894.jpg","width":230,"height":336},{"@type":"BreadcrumbList","@id":"https:\/\/www.mercadokeys.com\/product\/blazblue-centralfiction-steam-key-global\/#breadcrumb","itemListElement":[{"@type":"ListItem","position":1,"name":"Inicio","item":"https:\/\/www.mercadokeys.com.mx\/"},{"@type":"ListItem","position":2,"name":"Tienda","item":"https:\/\/www.mercadokeys.com\/shop\/"},{"@type":"ListItem","position":3,"name":"BlazBlue Centralfiction Steam CD Key"}]},{"@type":"WebSite","@id":"https:\/\/www.mercadokeys.com\/eng\/#website","url":"https:\/\/www.mercadokeys.com\/eng\/","name":"MERCADOKEYS","description":"Tu Tienda de videojuegos digitales en Mexico!","potentialAction":[{"@type":"SearchAction","target":{"@type":"EntryPoint","urlTemplate":"https:\/\/www.mercadokeys.com\/eng\/?s={search_term_string}"},"query-input":{"@type":"PropertyValueSpecification","valueRequired":true,"valueName":"search_term_string"}}],"inLanguage":"en-GB"}]}},"df_price":285.619794,"df_sale_price":285.619794,"df_regular_price":285.619794,"df_image_link":"https:\/\/www.mercadokeys.com.mx\/wp-content\/uploads\/2021\/11\/41894-205x300.jpg","_links":{"self":[{"href":"https:\/\/www.mercadokeys.com.mx\/eng\/wp-json\/wp\/v2\/product\/117490","targetHints":{"allow":["GET"]}}],"collection":[{"href":"https:\/\/www.mercadokeys.com.mx\/eng\/wp-json\/wp\/v2\/product"}],"about":[{"href":"https:\/\/www.mercadokeys.com.mx\/eng\/wp-json\/wp\/v2\/types\/product"}],"wp:featuredmedia":[{"embeddable":true,"href":"https:\/\/www.mercadokeys.com.mx\/eng\/wp-json\/wp\/v2\/media\/117491"}],"wp:attachment":[{"href":"https:\/\/www.mercadokeys.com.mx\/eng\/wp-json\/wp\/v2\/media?parent=117490"}],"wp:term":[{"taxonomy":"product_brand","embeddable":true,"href":"https:\/\/www.mercadokeys.com.mx\/eng\/wp-json\/wp\/v2\/product_brand?post=117490"},{"taxonomy":"product_cat","embeddable":true,"href":"https:\/\/www.mercadokeys.com.mx\/eng\/wp-json\/wp\/v2\/product_cat?post=117490"},{"taxonomy":"product_tag","embeddable":true,"href":"https:\/\/www.mercadokeys.com.mx\/eng\/wp-json\/wp\/v2\/product_tag?post=117490"}],"curies":[{"name":"wp","href":"https:\/\/api.w.org\/{rel}","templated":true}]}}