{"id":116589,"date":"2021-08-23T10:23:24","date_gmt":"2021-08-23T17:23:24","guid":{"rendered":"https:\/\/www.mercadokeys.com\/producto\/panzer-dragoon-remake-steam-cd-key\/"},"modified":"2022-06-29T06:06:42","modified_gmt":"2022-06-29T13:06:42","slug":"panzer-dragoon-remake-steam-cd-key","status":"publish","type":"product","link":"https:\/\/www.mercadokeys.com.mx\/eng\/product\/panzer-dragoon-remake-steam-cd-key\/","title":{"rendered":"Panzer Dragoon: Remake Steam CD Key"},"content":{"rendered":"<p><span style=\"vertical-align: inherit;\">No se anunciaron plataformas, pero su lanzamiento previsto es antes de finales de 2019. &#8220;Panzer Dragoon: Remake es una versi\u00f3n renovada de Panzer Dragoon. La versi\u00f3n original del juego se estren\u00f3 en la consola Sega Saturn en 1995 y fue bien recibida por ambos. jugadores y cr\u00edticos. Toda la serie Panzer Dragoon se ha rehecho repetidamente y se ha lanzado en muchas plataformas. El \u00faltimo relanzamiento tuvo lugar en abril de 2018 en Xbox One, donde los jugadores pueden jugar Panzer Dragoon Orta con una compatibilidad con versiones anteriores. La nueva versi\u00f3n de la El juego se caracterizar\u00e1 por unos gr\u00e1ficos completamente nuevos compatibles con los est\u00e1ndares actuales y varias modificaciones del juego, haci\u00e9ndolo m\u00e1s atractivo para los jugadores modernos, sin dejar de ser fiel al original en t\u00e9rminos de historia. Los primeros materiales del juego se presentar\u00e1n en el pr\u00f3ximos meses! &#8220;<\/span><\/p>","protected":false},"excerpt":{"rendered":"<p>No se anunciaron plataformas, pero su lanzamiento previsto es antes de finales de 2019. &#8220;Panzer Dragoon: Remake es una versi\u00f3n renovada de Panzer Dragoon. La versi\u00f3n original del juego se estren\u00f3 en la consola Sega Saturn en 1995 y fue bien recibida por ambos. jugadores y cr\u00edticos. Toda la serie Panzer Dragoon se ha rehecho&#8230;<\/p>","protected":false},"featured_media":116765,"template":"","meta":{"_monsterinsights_skip_tracking":false,"_monsterinsights_sitenote_active":false,"_monsterinsights_sitenote_note":"","_monsterinsights_sitenote_category":0},"product_brand":[],"product_cat":[1271,1283,1280,1273,1282,1392,1394,1395,1393,1316,1427],"product_tag":[3774,3773,3775],"class_list":{"0":"post-116589","1":"product","2":"type-product","3":"status-publish","4":"has-post-thumbnail","6":"product_cat-tienda-de-videojuegos-tijuana-mexico","7":"product_cat-tienda-de-videojuegos-plataformas-tijuana-mexico","8":"product_cat-tienda-de-videojuegos-pc-tijuana-mexico","9":"product_cat-tienda-de-videojuegos-steam-key-tijuana-mexico","10":"product_cat-genero","11":"product_cat-tienda-de-videojuegos-accion-tijuana-mexico","12":"product_cat-tienda-de-videojuegos-aventura-tijuana-mexico","13":"product_cat-tienda-de-videojuegos-casual-tijuana-mexico","14":"product_cat-tienda-de-videojuegos-indie-tijuana-mexico","15":"product_cat-tienda-de-videojuegos-fps-tijuana-mexico","16":"product_cat-tienda-de-videojuegos-juegos-para-mando-tijuana-mexico","17":"product_tag-panzer-dragoon","18":"product_tag-panzer-dragoon-remake","19":"product_tag-panzer-dragoon-remake-cd-key","21":"first","22":"instock","23":"shipping-taxable","24":"purchasable","25":"product-type-simple"},"yoast_head":"<!-- This site is optimized with the Yoast SEO plugin v27.0 - https:\/\/yoast.com\/product\/yoast-seo-wordpress\/ -->\n<title>Panzer Dragoon: Remake Steam CD Key - MERCADOKEYS<\/title>\n<meta name=\"robots\" content=\"index, follow, max-snippet:-1, max-image-preview:large, max-video-preview:-1\" \/>\n<link rel=\"canonical\" href=\"https:\/\/www.mercadokeys.com\/product\/panzer-dragoon-remake-steam-cd-key\/\" \/>\n<meta property=\"og:locale\" content=\"en_GB\" \/>\n<meta property=\"og:type\" content=\"article\" \/>\n<meta property=\"og:title\" content=\"Panzer Dragoon: Remake Steam CD Key - MERCADOKEYS\" \/>\n<meta property=\"og:description\" content=\"No se anunciaron plataformas, pero su lanzamiento previsto es antes de finales de 2019. &#8220;Panzer Dragoon: Remake es una versi\u00f3n renovada de Panzer Dragoon. La versi\u00f3n original del juego se estren\u00f3 en la consola Sega Saturn en 1995 y fue bien recibida por ambos. jugadores y cr\u00edticos. Toda la serie Panzer Dragoon se ha rehecho...\" \/>\n<meta property=\"og:url\" content=\"https:\/\/www.mercadokeys.com\/product\/panzer-dragoon-remake-steam-cd-key\/\" \/>\n<meta property=\"og:site_name\" content=\"MERCADOKEYS\" \/>\n<meta property=\"article:modified_time\" content=\"2022-06-29T13:06:42+00:00\" \/>\n<meta property=\"og:image\" content=\"https:\/\/www.mercadokeys.com\/wp-content\/uploads\/2021\/08\/Panzer-Dragoon-Remake-Steam-7-1.jpg\" \/>\n\t<meta property=\"og:image:width\" content=\"730\" \/>\n\t<meta property=\"og:image:height\" content=\"1012\" \/>\n\t<meta property=\"og:image:type\" content=\"image\/jpeg\" \/>\n<meta name=\"twitter:card\" content=\"summary_large_image\" \/>\n<meta name=\"twitter:label1\" content=\"Estimated reading time\" \/>\n\t<meta name=\"twitter:data1\" content=\"1 minute\" \/>\n<script type=\"application\/ld+json\" class=\"yoast-schema-graph\">{\"@context\":\"https:\/\/schema.org\",\"@graph\":[{\"@type\":\"WebPage\",\"@id\":\"https:\/\/www.mercadokeys.com\/product\/panzer-dragoon-remake-steam-cd-key\/\",\"url\":\"https:\/\/www.mercadokeys.com\/product\/panzer-dragoon-remake-steam-cd-key\/\",\"name\":\"Panzer Dragoon: Remake Steam CD Key - MERCADOKEYS\",\"isPartOf\":{\"@id\":\"https:\/\/www.mercadokeys.com\/eng\/#website\"},\"primaryImageOfPage\":{\"@id\":\"https:\/\/www.mercadokeys.com\/product\/panzer-dragoon-remake-steam-cd-key\/#primaryimage\"},\"image\":{\"@id\":\"https:\/\/www.mercadokeys.com\/product\/panzer-dragoon-remake-steam-cd-key\/#primaryimage\"},\"thumbnailUrl\":\"https:\/\/www.mercadokeys.com.mx\/wp-content\/uploads\/2021\/08\/Panzer-Dragoon-Remake-Steam-7-1.jpg\",\"datePublished\":\"2021-08-23T17:23:24+00:00\",\"dateModified\":\"2022-06-29T13:06:42+00:00\",\"breadcrumb\":{\"@id\":\"https:\/\/www.mercadokeys.com\/product\/panzer-dragoon-remake-steam-cd-key\/#breadcrumb\"},\"inLanguage\":\"en-GB\",\"potentialAction\":[{\"@type\":\"ReadAction\",\"target\":[\"https:\/\/www.mercadokeys.com\/product\/panzer-dragoon-remake-steam-cd-key\/\"]}]},{\"@type\":\"ImageObject\",\"inLanguage\":\"en-GB\",\"@id\":\"https:\/\/www.mercadokeys.com\/product\/panzer-dragoon-remake-steam-cd-key\/#primaryimage\",\"url\":\"https:\/\/www.mercadokeys.com.mx\/wp-content\/uploads\/2021\/08\/Panzer-Dragoon-Remake-Steam-7-1.jpg\",\"contentUrl\":\"https:\/\/www.mercadokeys.com.mx\/wp-content\/uploads\/2021\/08\/Panzer-Dragoon-Remake-Steam-7-1.jpg\",\"width\":730,\"height\":1012},{\"@type\":\"BreadcrumbList\",\"@id\":\"https:\/\/www.mercadokeys.com\/product\/panzer-dragoon-remake-steam-cd-key\/#breadcrumb\",\"itemListElement\":[{\"@type\":\"ListItem\",\"position\":1,\"name\":\"Inicio\",\"item\":\"https:\/\/www.mercadokeys.com.mx\/\"},{\"@type\":\"ListItem\",\"position\":2,\"name\":\"Tienda\",\"item\":\"https:\/\/www.mercadokeys.com\/shop\/\"},{\"@type\":\"ListItem\",\"position\":3,\"name\":\"Panzer Dragoon: Remake Steam CD Key\"}]},{\"@type\":\"WebSite\",\"@id\":\"https:\/\/www.mercadokeys.com\/eng\/#website\",\"url\":\"https:\/\/www.mercadokeys.com\/eng\/\",\"name\":\"MERCADOKEYS\",\"description\":\"Tu Tienda de videojuegos digitales en Mexico!\",\"potentialAction\":[{\"@type\":\"SearchAction\",\"target\":{\"@type\":\"EntryPoint\",\"urlTemplate\":\"https:\/\/www.mercadokeys.com\/eng\/?s={search_term_string}\"},\"query-input\":{\"@type\":\"PropertyValueSpecification\",\"valueRequired\":true,\"valueName\":\"search_term_string\"}}],\"inLanguage\":\"en-GB\"}]}<\/script>\n<!-- \/ Yoast SEO plugin. -->","yoast_head_json":{"title":"Panzer Dragoon: Remake Steam CD Key - MERCADOKEYS","robots":{"index":"index","follow":"follow","max-snippet":"max-snippet:-1","max-image-preview":"max-image-preview:large","max-video-preview":"max-video-preview:-1"},"canonical":"https:\/\/www.mercadokeys.com\/product\/panzer-dragoon-remake-steam-cd-key\/","og_locale":"en_GB","og_type":"article","og_title":"Panzer Dragoon: Remake Steam CD Key - MERCADOKEYS","og_description":"No se anunciaron plataformas, pero su lanzamiento previsto es antes de finales de 2019. &#8220;Panzer Dragoon: Remake es una versi\u00f3n renovada de Panzer Dragoon. La versi\u00f3n original del juego se estren\u00f3 en la consola Sega Saturn en 1995 y fue bien recibida por ambos. jugadores y cr\u00edticos. Toda la serie Panzer Dragoon se ha rehecho...","og_url":"https:\/\/www.mercadokeys.com\/product\/panzer-dragoon-remake-steam-cd-key\/","og_site_name":"MERCADOKEYS","article_modified_time":"2022-06-29T13:06:42+00:00","og_image":[{"width":730,"height":1012,"url":"https:\/\/www.mercadokeys.com\/wp-content\/uploads\/2021\/08\/Panzer-Dragoon-Remake-Steam-7-1.jpg","type":"image\/jpeg"}],"twitter_card":"summary_large_image","twitter_misc":{"Estimated reading time":"1 minute"},"schema":{"@context":"https:\/\/schema.org","@graph":[{"@type":"WebPage","@id":"https:\/\/www.mercadokeys.com\/product\/panzer-dragoon-remake-steam-cd-key\/","url":"https:\/\/www.mercadokeys.com\/product\/panzer-dragoon-remake-steam-cd-key\/","name":"Panzer Dragoon: Remake Steam CD Key - MERCADOKEYS","isPartOf":{"@id":"https:\/\/www.mercadokeys.com\/eng\/#website"},"primaryImageOfPage":{"@id":"https:\/\/www.mercadokeys.com\/product\/panzer-dragoon-remake-steam-cd-key\/#primaryimage"},"image":{"@id":"https:\/\/www.mercadokeys.com\/product\/panzer-dragoon-remake-steam-cd-key\/#primaryimage"},"thumbnailUrl":"https:\/\/www.mercadokeys.com.mx\/wp-content\/uploads\/2021\/08\/Panzer-Dragoon-Remake-Steam-7-1.jpg","datePublished":"2021-08-23T17:23:24+00:00","dateModified":"2022-06-29T13:06:42+00:00","breadcrumb":{"@id":"https:\/\/www.mercadokeys.com\/product\/panzer-dragoon-remake-steam-cd-key\/#breadcrumb"},"inLanguage":"en-GB","potentialAction":[{"@type":"ReadAction","target":["https:\/\/www.mercadokeys.com\/product\/panzer-dragoon-remake-steam-cd-key\/"]}]},{"@type":"ImageObject","inLanguage":"en-GB","@id":"https:\/\/www.mercadokeys.com\/product\/panzer-dragoon-remake-steam-cd-key\/#primaryimage","url":"https:\/\/www.mercadokeys.com.mx\/wp-content\/uploads\/2021\/08\/Panzer-Dragoon-Remake-Steam-7-1.jpg","contentUrl":"https:\/\/www.mercadokeys.com.mx\/wp-content\/uploads\/2021\/08\/Panzer-Dragoon-Remake-Steam-7-1.jpg","width":730,"height":1012},{"@type":"BreadcrumbList","@id":"https:\/\/www.mercadokeys.com\/product\/panzer-dragoon-remake-steam-cd-key\/#breadcrumb","itemListElement":[{"@type":"ListItem","position":1,"name":"Inicio","item":"https:\/\/www.mercadokeys.com.mx\/"},{"@type":"ListItem","position":2,"name":"Tienda","item":"https:\/\/www.mercadokeys.com\/shop\/"},{"@type":"ListItem","position":3,"name":"Panzer Dragoon: Remake Steam CD Key"}]},{"@type":"WebSite","@id":"https:\/\/www.mercadokeys.com\/eng\/#website","url":"https:\/\/www.mercadokeys.com\/eng\/","name":"MERCADOKEYS","description":"Tu Tienda de videojuegos digitales en Mexico!","potentialAction":[{"@type":"SearchAction","target":{"@type":"EntryPoint","urlTemplate":"https:\/\/www.mercadokeys.com\/eng\/?s={search_term_string}"},"query-input":{"@type":"PropertyValueSpecification","valueRequired":true,"valueName":"search_term_string"}}],"inLanguage":"en-GB"}]}},"df_price":171.257514,"df_sale_price":171.257514,"df_regular_price":171.257514,"df_image_link":"https:\/\/www.mercadokeys.com.mx\/wp-content\/uploads\/2021\/08\/Panzer-Dragoon-Remake-Steam-7-1-216x300.jpg","_links":{"self":[{"href":"https:\/\/www.mercadokeys.com.mx\/eng\/wp-json\/wp\/v2\/product\/116589","targetHints":{"allow":["GET"]}}],"collection":[{"href":"https:\/\/www.mercadokeys.com.mx\/eng\/wp-json\/wp\/v2\/product"}],"about":[{"href":"https:\/\/www.mercadokeys.com.mx\/eng\/wp-json\/wp\/v2\/types\/product"}],"wp:featuredmedia":[{"embeddable":true,"href":"https:\/\/www.mercadokeys.com.mx\/eng\/wp-json\/wp\/v2\/media\/116765"}],"wp:attachment":[{"href":"https:\/\/www.mercadokeys.com.mx\/eng\/wp-json\/wp\/v2\/media?parent=116589"}],"wp:term":[{"taxonomy":"product_brand","embeddable":true,"href":"https:\/\/www.mercadokeys.com.mx\/eng\/wp-json\/wp\/v2\/product_brand?post=116589"},{"taxonomy":"product_cat","embeddable":true,"href":"https:\/\/www.mercadokeys.com.mx\/eng\/wp-json\/wp\/v2\/product_cat?post=116589"},{"taxonomy":"product_tag","embeddable":true,"href":"https:\/\/www.mercadokeys.com.mx\/eng\/wp-json\/wp\/v2\/product_tag?post=116589"}],"curies":[{"name":"wp","href":"https:\/\/api.w.org\/{rel}","templated":true}]}}