{"id":116583,"date":"2021-08-23T10:23:13","date_gmt":"2021-08-23T17:23:13","guid":{"rendered":"https:\/\/www.mercadokeys.com\/producto\/tribes-of-midgard-steam-cd-key\/"},"modified":"2022-06-29T06:09:21","modified_gmt":"2022-06-29T13:09:21","slug":"tribes-of-midgard-steam-cd-key","status":"publish","type":"product","link":"https:\/\/www.mercadokeys.com.mx\/eng\/product\/tribes-of-midgard-steam-cd-key\/","title":{"rendered":"Tribes of Midgard Steam CD Key"},"content":{"rendered":"<p>\u00a1Ya est\u00e1 disponible la Saga del Lobo, la actualizaci\u00f3n de la mitad de la primera temporada! \u00bfPodr\u00e1s derrotar a la nueva variante de Fenrir: el Invocalobos? Disfruta nuevas formas de jugar con bendiciones actualizadas y m\u00e1s runas y kits de principiante. Pon a prueba tus habilidades con nuevos desaf\u00edos y cambia tu estilo con los nuevos accesorios cosm\u00e9ticos. Adem\u00e1s, celebra la temporada del terror con recompensas por tiempo limitado al jugar durante nuestro evento de Valhalloween, del 12 de octubre al 1 de noviembre. Midgard nunca fue tan divertido, \u00a1y ahora incluye mejoras de calidad de vida!<\/p>","protected":false},"excerpt":{"rendered":"<p>\u00a1Ya est\u00e1 disponible la Saga del Lobo, la actualizaci\u00f3n de la mitad de la primera temporada! \u00bfPodr\u00e1s derrotar a la nueva variante de Fenrir: el Invocalobos? Disfruta nuevas formas de jugar con bendiciones actualizadas y m\u00e1s runas y kits de principiante. Pon a prueba tus habilidades con nuevos desaf\u00edos y cambia tu estilo con los&#8230;<\/p>","protected":false},"featured_media":116710,"template":"","meta":{"_monsterinsights_skip_tracking":false,"_monsterinsights_sitenote_active":false,"_monsterinsights_sitenote_note":"","_monsterinsights_sitenote_category":0},"product_brand":[],"product_cat":[1271,1420,1283,1280,1273,1282,1392,1394,1393,1298,1428,1427],"product_tag":[3776,3777,3778],"class_list":{"0":"post-116583","1":"product","2":"type-product","3":"status-publish","4":"has-post-thumbnail","6":"product_cat-tienda-de-videojuegos-tijuana-mexico","7":"product_cat-tienda-de-videojuegos-populares-tijuana-mexico","8":"product_cat-tienda-de-videojuegos-plataformas-tijuana-mexico","9":"product_cat-tienda-de-videojuegos-pc-tijuana-mexico","10":"product_cat-tienda-de-videojuegos-steam-key-tijuana-mexico","11":"product_cat-genero","12":"product_cat-tienda-de-videojuegos-accion-tijuana-mexico","13":"product_cat-tienda-de-videojuegos-aventura-tijuana-mexico","14":"product_cat-tienda-de-videojuegos-indie-tijuana-mexico","15":"product_cat-tienda-de-videojuegos-rol-tijuana-mexico","16":"product_cat-tienda-de-videojuegos-cooperativos-tijuana-mexico","17":"product_cat-tienda-de-videojuegos-juegos-para-mando-tijuana-mexico","18":"product_tag-tribes-of-midgard","19":"product_tag-tribes-of-midgard-cd-key","20":"product_tag-tribes-of-midgard-steam","22":"first","23":"instock","24":"shipping-taxable","25":"purchasable","26":"product-type-simple"},"yoast_head":"<!-- This site is optimized with the Yoast SEO plugin v27.0 - https:\/\/yoast.com\/product\/yoast-seo-wordpress\/ -->\n<title>Tribes of Midgard Steam CD Key - MERCADOKEYS<\/title>\n<meta name=\"robots\" content=\"index, follow, max-snippet:-1, max-image-preview:large, max-video-preview:-1\" \/>\n<link rel=\"canonical\" href=\"https:\/\/www.mercadokeys.com\/product\/tribes-of-midgard-steam-cd-key\/\" \/>\n<meta property=\"og:locale\" content=\"en_GB\" \/>\n<meta property=\"og:type\" content=\"article\" \/>\n<meta property=\"og:title\" content=\"Tribes of Midgard Steam CD Key - MERCADOKEYS\" \/>\n<meta property=\"og:description\" content=\"\u00a1Ya est\u00e1 disponible la Saga del Lobo, la actualizaci\u00f3n de la mitad de la primera temporada! \u00bfPodr\u00e1s derrotar a la nueva variante de Fenrir: el Invocalobos? Disfruta nuevas formas de jugar con bendiciones actualizadas y m\u00e1s runas y kits de principiante. Pon a prueba tus habilidades con nuevos desaf\u00edos y cambia tu estilo con los...\" \/>\n<meta property=\"og:url\" content=\"https:\/\/www.mercadokeys.com\/product\/tribes-of-midgard-steam-cd-key\/\" \/>\n<meta property=\"og:site_name\" content=\"MERCADOKEYS\" \/>\n<meta property=\"article:modified_time\" content=\"2022-06-29T13:09:21+00:00\" \/>\n<meta property=\"og:image\" content=\"https:\/\/www.mercadokeys.com\/wp-content\/uploads\/2021\/08\/Tribes-Of-Mirdgard-Steam-4.jpg\" \/>\n\t<meta property=\"og:image:width\" content=\"730\" \/>\n\t<meta property=\"og:image:height\" content=\"1012\" \/>\n\t<meta property=\"og:image:type\" content=\"image\/jpeg\" \/>\n<meta name=\"twitter:card\" content=\"summary_large_image\" \/>\n<meta name=\"twitter:label1\" content=\"Estimated reading time\" \/>\n\t<meta name=\"twitter:data1\" content=\"1 minute\" \/>\n<script type=\"application\/ld+json\" class=\"yoast-schema-graph\">{\"@context\":\"https:\/\/schema.org\",\"@graph\":[{\"@type\":\"WebPage\",\"@id\":\"https:\/\/www.mercadokeys.com\/product\/tribes-of-midgard-steam-cd-key\/\",\"url\":\"https:\/\/www.mercadokeys.com\/product\/tribes-of-midgard-steam-cd-key\/\",\"name\":\"Tribes of Midgard Steam CD Key - MERCADOKEYS\",\"isPartOf\":{\"@id\":\"https:\/\/www.mercadokeys.com\/eng\/#website\"},\"primaryImageOfPage\":{\"@id\":\"https:\/\/www.mercadokeys.com\/product\/tribes-of-midgard-steam-cd-key\/#primaryimage\"},\"image\":{\"@id\":\"https:\/\/www.mercadokeys.com\/product\/tribes-of-midgard-steam-cd-key\/#primaryimage\"},\"thumbnailUrl\":\"https:\/\/www.mercadokeys.com.mx\/wp-content\/uploads\/2021\/08\/Tribes-Of-Mirdgard-Steam-4.jpg\",\"datePublished\":\"2021-08-23T17:23:13+00:00\",\"dateModified\":\"2022-06-29T13:09:21+00:00\",\"breadcrumb\":{\"@id\":\"https:\/\/www.mercadokeys.com\/product\/tribes-of-midgard-steam-cd-key\/#breadcrumb\"},\"inLanguage\":\"en-GB\",\"potentialAction\":[{\"@type\":\"ReadAction\",\"target\":[\"https:\/\/www.mercadokeys.com\/product\/tribes-of-midgard-steam-cd-key\/\"]}]},{\"@type\":\"ImageObject\",\"inLanguage\":\"en-GB\",\"@id\":\"https:\/\/www.mercadokeys.com\/product\/tribes-of-midgard-steam-cd-key\/#primaryimage\",\"url\":\"https:\/\/www.mercadokeys.com.mx\/wp-content\/uploads\/2021\/08\/Tribes-Of-Mirdgard-Steam-4.jpg\",\"contentUrl\":\"https:\/\/www.mercadokeys.com.mx\/wp-content\/uploads\/2021\/08\/Tribes-Of-Mirdgard-Steam-4.jpg\",\"width\":730,\"height\":1012},{\"@type\":\"BreadcrumbList\",\"@id\":\"https:\/\/www.mercadokeys.com\/product\/tribes-of-midgard-steam-cd-key\/#breadcrumb\",\"itemListElement\":[{\"@type\":\"ListItem\",\"position\":1,\"name\":\"Inicio\",\"item\":\"https:\/\/www.mercadokeys.com.mx\/\"},{\"@type\":\"ListItem\",\"position\":2,\"name\":\"Tienda\",\"item\":\"https:\/\/www.mercadokeys.com\/shop\/\"},{\"@type\":\"ListItem\",\"position\":3,\"name\":\"Tribes of Midgard Steam CD Key\"}]},{\"@type\":\"WebSite\",\"@id\":\"https:\/\/www.mercadokeys.com\/eng\/#website\",\"url\":\"https:\/\/www.mercadokeys.com\/eng\/\",\"name\":\"MERCADOKEYS\",\"description\":\"Tu Tienda de videojuegos digitales en Mexico!\",\"potentialAction\":[{\"@type\":\"SearchAction\",\"target\":{\"@type\":\"EntryPoint\",\"urlTemplate\":\"https:\/\/www.mercadokeys.com\/eng\/?s={search_term_string}\"},\"query-input\":{\"@type\":\"PropertyValueSpecification\",\"valueRequired\":true,\"valueName\":\"search_term_string\"}}],\"inLanguage\":\"en-GB\"}]}<\/script>\n<!-- \/ Yoast SEO plugin. -->","yoast_head_json":{"title":"Tribes of Midgard Steam CD Key - MERCADOKEYS","robots":{"index":"index","follow":"follow","max-snippet":"max-snippet:-1","max-image-preview":"max-image-preview:large","max-video-preview":"max-video-preview:-1"},"canonical":"https:\/\/www.mercadokeys.com\/product\/tribes-of-midgard-steam-cd-key\/","og_locale":"en_GB","og_type":"article","og_title":"Tribes of Midgard Steam CD Key - MERCADOKEYS","og_description":"\u00a1Ya est\u00e1 disponible la Saga del Lobo, la actualizaci\u00f3n de la mitad de la primera temporada! \u00bfPodr\u00e1s derrotar a la nueva variante de Fenrir: el Invocalobos? Disfruta nuevas formas de jugar con bendiciones actualizadas y m\u00e1s runas y kits de principiante. Pon a prueba tus habilidades con nuevos desaf\u00edos y cambia tu estilo con los...","og_url":"https:\/\/www.mercadokeys.com\/product\/tribes-of-midgard-steam-cd-key\/","og_site_name":"MERCADOKEYS","article_modified_time":"2022-06-29T13:09:21+00:00","og_image":[{"width":730,"height":1012,"url":"https:\/\/www.mercadokeys.com\/wp-content\/uploads\/2021\/08\/Tribes-Of-Mirdgard-Steam-4.jpg","type":"image\/jpeg"}],"twitter_card":"summary_large_image","twitter_misc":{"Estimated reading time":"1 minute"},"schema":{"@context":"https:\/\/schema.org","@graph":[{"@type":"WebPage","@id":"https:\/\/www.mercadokeys.com\/product\/tribes-of-midgard-steam-cd-key\/","url":"https:\/\/www.mercadokeys.com\/product\/tribes-of-midgard-steam-cd-key\/","name":"Tribes of Midgard Steam CD Key - MERCADOKEYS","isPartOf":{"@id":"https:\/\/www.mercadokeys.com\/eng\/#website"},"primaryImageOfPage":{"@id":"https:\/\/www.mercadokeys.com\/product\/tribes-of-midgard-steam-cd-key\/#primaryimage"},"image":{"@id":"https:\/\/www.mercadokeys.com\/product\/tribes-of-midgard-steam-cd-key\/#primaryimage"},"thumbnailUrl":"https:\/\/www.mercadokeys.com.mx\/wp-content\/uploads\/2021\/08\/Tribes-Of-Mirdgard-Steam-4.jpg","datePublished":"2021-08-23T17:23:13+00:00","dateModified":"2022-06-29T13:09:21+00:00","breadcrumb":{"@id":"https:\/\/www.mercadokeys.com\/product\/tribes-of-midgard-steam-cd-key\/#breadcrumb"},"inLanguage":"en-GB","potentialAction":[{"@type":"ReadAction","target":["https:\/\/www.mercadokeys.com\/product\/tribes-of-midgard-steam-cd-key\/"]}]},{"@type":"ImageObject","inLanguage":"en-GB","@id":"https:\/\/www.mercadokeys.com\/product\/tribes-of-midgard-steam-cd-key\/#primaryimage","url":"https:\/\/www.mercadokeys.com.mx\/wp-content\/uploads\/2021\/08\/Tribes-Of-Mirdgard-Steam-4.jpg","contentUrl":"https:\/\/www.mercadokeys.com.mx\/wp-content\/uploads\/2021\/08\/Tribes-Of-Mirdgard-Steam-4.jpg","width":730,"height":1012},{"@type":"BreadcrumbList","@id":"https:\/\/www.mercadokeys.com\/product\/tribes-of-midgard-steam-cd-key\/#breadcrumb","itemListElement":[{"@type":"ListItem","position":1,"name":"Inicio","item":"https:\/\/www.mercadokeys.com.mx\/"},{"@type":"ListItem","position":2,"name":"Tienda","item":"https:\/\/www.mercadokeys.com\/shop\/"},{"@type":"ListItem","position":3,"name":"Tribes of Midgard Steam CD Key"}]},{"@type":"WebSite","@id":"https:\/\/www.mercadokeys.com\/eng\/#website","url":"https:\/\/www.mercadokeys.com\/eng\/","name":"MERCADOKEYS","description":"Tu Tienda de videojuegos digitales en Mexico!","potentialAction":[{"@type":"SearchAction","target":{"@type":"EntryPoint","urlTemplate":"https:\/\/www.mercadokeys.com\/eng\/?s={search_term_string}"},"query-input":{"@type":"PropertyValueSpecification","valueRequired":true,"valueName":"search_term_string"}}],"inLanguage":"en-GB"}]}},"df_price":118.36496,"df_sale_price":118.36496,"df_regular_price":118.36496,"df_image_link":"https:\/\/www.mercadokeys.com.mx\/wp-content\/uploads\/2021\/08\/Tribes-Of-Mirdgard-Steam-4-216x300.jpg","_links":{"self":[{"href":"https:\/\/www.mercadokeys.com.mx\/eng\/wp-json\/wp\/v2\/product\/116583","targetHints":{"allow":["GET"]}}],"collection":[{"href":"https:\/\/www.mercadokeys.com.mx\/eng\/wp-json\/wp\/v2\/product"}],"about":[{"href":"https:\/\/www.mercadokeys.com.mx\/eng\/wp-json\/wp\/v2\/types\/product"}],"wp:featuredmedia":[{"embeddable":true,"href":"https:\/\/www.mercadokeys.com.mx\/eng\/wp-json\/wp\/v2\/media\/116710"}],"wp:attachment":[{"href":"https:\/\/www.mercadokeys.com.mx\/eng\/wp-json\/wp\/v2\/media?parent=116583"}],"wp:term":[{"taxonomy":"product_brand","embeddable":true,"href":"https:\/\/www.mercadokeys.com.mx\/eng\/wp-json\/wp\/v2\/product_brand?post=116583"},{"taxonomy":"product_cat","embeddable":true,"href":"https:\/\/www.mercadokeys.com.mx\/eng\/wp-json\/wp\/v2\/product_cat?post=116583"},{"taxonomy":"product_tag","embeddable":true,"href":"https:\/\/www.mercadokeys.com.mx\/eng\/wp-json\/wp\/v2\/product_tag?post=116583"}],"curies":[{"name":"wp","href":"https:\/\/api.w.org\/{rel}","templated":true}]}}