{"id":114896,"date":"2021-07-11T13:01:55","date_gmt":"2021-07-11T20:01:55","guid":{"rendered":"https:\/\/www.mercadokeys.com\/product\/jump-force-steam-key-global\/"},"modified":"2023-10-15T05:37:19","modified_gmt":"2023-10-15T12:37:19","slug":"jump-force-steam-key-global","status":"publish","type":"product","link":"https:\/\/www.mercadokeys.com.mx\/eng\/product\/jump-force-steam-key-global\/","title":{"rendered":"JUMP FORCE Steam CD Key"},"content":{"rendered":"<p><strong>Jump Forc<\/strong>e es un juego de lucha en 3D desarrollado por Spike Chunsoft y publicado por Bandai Namco. Fue lanzado en febrero de 2019. Jump Force es un crossover entre varios manga serializados en Shonen Jump, y presenta a muchos de sus personajes m\u00e1s reconocidos, como Goku, Naruto, Kenshin o Luffy. El juego fue lanzado durante la celebraci\u00f3n del 50 aniversario de Weekly Shonen Jump.<\/p>\n<h3><strong>How to play<\/strong><\/h3>\n<p>Jump Force enfrenta a dos equipos de tres luchadores entre s\u00ed. El jugador controla a uno de los personajes mientras que los dos restantes sirven como apoyo, saltando durante la pelea para ayudar con ataques especiales o combos. El jugador puede cambiar el personaje controlado sobre la marcha. Las batallas se dividen en rondas y el primero en ganar dos rondas se declara vencedor.<\/p>\n<p>Combat sigue los pasos del juego de lucha anterior de Shonen Jump, J-Stars Victory VS. Las peleas tienen lugar en arenas 3D, y los jugadores pueden moverse libremente a su alrededor. Durante la batalla, se puede activar una mec\u00e1nica llamada &#8220;Cambio de \u00e1rea&#8221;, lo que hace que ambos personajes se muevan a otra etapa en una escena cinematogr\u00e1fica.<\/p>\n<p><img decoding=\"async\" src=\"https:\/\/images.g2a.com\/newlayout\/880x495\/1x1x0\/37a2dc69011c\/5d10bfbd46177c54d04bbef4\" alt=\"Combat in Jump Force\" width=\"100%\" \/><\/p>\n<p>Cada personaje tiene un conjunto espec\u00edfico de combos para dar rienda suelta a sus oponentes, as\u00ed como algunos ataques especiales. Estos son movimientos devastadores que causan mucho da\u00f1o e incluyen <strong>Kamehameha de Goku y Genki Dama Spirit Bomb, Vegeta&#8217;s Final Flash, Naruto&#8217;s Rasengan o Tailed Beast Bomb.<\/strong><\/p>\n<p>La creaci\u00f3n de personajes de <strong>Jump Force<\/strong> permite a los jugadores personalizar su propio personaje para que sirva como su avatar durante el modo historia. Al crear su personaje, los jugadores pueden decidir caracter\u00edsticas como el tipo de cuerpo, el peinado, la forma de los ojos, o\u00eddos, nariz y boca, caracter\u00edsticas especiales como tatuajes y cicatrices, as\u00ed como la voz del personaje. El juego permite enfrentarse a otros jugadores en el modo multijugador local y en l\u00ednea.<\/p>\n<h3><strong>Historia y personajes<\/strong><\/h3>\n<p>Durante la pelea de Goku y Freezer en la ciudad de Nueva York, uno de los civiles es herido por la explosi\u00f3n de energ\u00eda de Freezer. Usando un dispositivo llamado cubo de umbras, Trunks cura al civil, que recibe poderes sobrehumanos. Despu\u00e9s de que Freezer se vaya. Goku y Trunks llevan al civil a su cuartel general, donde se les informa que el mundo de los personajes de Shonen Jump y el nuestro han comenzado a fusionarse. Los villanos del universo Jump usan sus cubos umbras para convertir a los humanos en seres malvados llamados Venoms.<\/p>\n<p><img decoding=\"async\" src=\"https:\/\/images.g2a.com\/newlayout\/880x495\/1x1x0\/1770045aebcd\/5d10bfbb46177c51367195e4\" alt=\"3 vs 3 Jump Force\" width=\"100%\" \/><\/p>\n<p>Para contrarrestar esa amenaza, se estableci\u00f3 Jump Force, un escuadr\u00f3n de h\u00e9roes de la serie JUMP. Squadron se divide en tres subgrupos: Alpha, Beta y Gamma, liderados por Goku, Monkey D. Luffy y Naruto Uzumaki, respectivamente. El civil, el personaje de los jugadores en el juego, decide a qu\u00e9 equipo unirse y ayudar a los h\u00e9roes de Jump a salvar nuestro mundo y el de ellos.<\/p>\n<p>El videojuego presenta m\u00e1s de 40 personajes jugables de varias series de Shonen Jump, como: Ichigo Kurosaki de Bleach, Son Goku, Vegeta y Cell de Dragon Ball, Kenshiro de Fist of the North Star, Jotaro Kujo y Dio Brando de JoJo&#8217;s Bizarre Adventure, Izuku Midoriya de My Hero Academia, Naruto Uzumaki y Sasuke Uchiha de Naruto, Monkey D. Luffy y Roronoa Zoro de One Piece, Himura Kenshin de Rurouni Kenshin, Pegasus Seiya y Dragon Shiry\u016b de Saint Seiya, y Yugi Muto \/ Yami Yugi de Yu- Gi-Oh!<\/p>\n<p><img decoding=\"async\" src=\"https:\/\/images.g2a.com\/newlayout\/880x495\/1x1x0\/2723ceedde1b\/5d10bfbc46177c54d04bbef3\" alt=\"Yu-Gi-Oh Jump Force\" width=\"100%\" \/><\/p>\n<h3 id=\"tw-target-text\" class=\"tw-data-text tw-text-large XcVN5d tw-ta\" dir=\"ltr\" data-placeholder=\"Translation\"><strong><span class=\"Y2IQFc\" lang=\"es\">Reception <\/span><\/strong><\/h3>\n<p class=\"tw-data-text tw-text-large XcVN5d tw-ta\" dir=\"ltr\" data-placeholder=\"Translation\"><span class=\"Y2IQFc\" lang=\"es\">Jump Force recibi\u00f3 cr\u00edticas decentes de cr\u00edticos y fan\u00e1ticos. Entre los puntos fuertes del juego, mencionaron el potencial de servicio al p\u00fablico de crear emparejamientos de los personajes favoritos de los jugadores de la serie Shonen Jump. La gran lista de personajes fue otro punto por el que recibi\u00f3 grandes elogios, as\u00ed como un sentido general de diversi\u00f3n proveniente del juego.<\/span><\/p>","protected":false},"excerpt":{"rendered":"<p>Jump Force es un juego de lucha en 3D desarrollado por Spike Chunsoft y publicado por Bandai Namco. Fue lanzado en febrero de 2019. Jump Force es un crossover entre varios manga serializados en Shonen Jump, y presenta a muchos de sus personajes m\u00e1s reconocidos, como Goku, Naruto, Kenshin o Luffy. El juego fue lanzado&#8230;<\/p>","protected":false},"featured_media":116468,"template":"","meta":{"_monsterinsights_skip_tracking":false,"_monsterinsights_sitenote_active":false,"_monsterinsights_sitenote_note":"","_monsterinsights_sitenote_category":0},"product_brand":[],"product_cat":[2981,3596,1271,1420,1283,1280,1273,1392,1428,1427],"product_tag":[],"class_list":{"0":"post-114896","1":"product","2":"type-product","3":"status-publish","4":"has-post-thumbnail","6":"product_cat-destacados","7":"product_cat-tienda-de-videojuegos-steam-recomendados-en-tijuana-mexico","8":"product_cat-tienda-de-videojuegos-tijuana-mexico","9":"product_cat-tienda-de-videojuegos-populares-tijuana-mexico","10":"product_cat-tienda-de-videojuegos-plataformas-tijuana-mexico","11":"product_cat-tienda-de-videojuegos-pc-tijuana-mexico","12":"product_cat-tienda-de-videojuegos-steam-key-tijuana-mexico","13":"product_cat-tienda-de-videojuegos-accion-tijuana-mexico","14":"product_cat-tienda-de-videojuegos-cooperativos-tijuana-mexico","15":"product_cat-tienda-de-videojuegos-juegos-para-mando-tijuana-mexico","17":"first","18":"instock","19":"shipping-taxable","20":"purchasable","21":"product-type-simple"},"yoast_head":"<!-- This site is optimized with the Yoast SEO plugin v27.0 - https:\/\/yoast.com\/product\/yoast-seo-wordpress\/ -->\n<title>JUMP FORCE Steam CD Key - MERCADOKEYS<\/title>\n<meta name=\"robots\" content=\"index, follow, max-snippet:-1, max-image-preview:large, max-video-preview:-1\" \/>\n<link rel=\"canonical\" href=\"https:\/\/www.mercadokeys.com\/product\/jump-force-steam-key-global\/\" \/>\n<meta property=\"og:locale\" content=\"en_GB\" \/>\n<meta property=\"og:type\" content=\"article\" \/>\n<meta property=\"og:title\" content=\"JUMP FORCE Steam CD Key - MERCADOKEYS\" \/>\n<meta property=\"og:description\" content=\"Jump Force es un juego de lucha en 3D desarrollado por Spike Chunsoft y publicado por Bandai Namco. Fue lanzado en febrero de 2019. Jump Force es un crossover entre varios manga serializados en Shonen Jump, y presenta a muchos de sus personajes m\u00e1s reconocidos, como Goku, Naruto, Kenshin o Luffy. El juego fue lanzado...\" \/>\n<meta property=\"og:url\" content=\"https:\/\/www.mercadokeys.com\/product\/jump-force-steam-key-global\/\" \/>\n<meta property=\"og:site_name\" content=\"MERCADOKEYS\" \/>\n<meta property=\"article:modified_time\" content=\"2023-10-15T12:37:19+00:00\" \/>\n<meta property=\"og:image\" content=\"https:\/\/www.mercadokeys.com\/wp-content\/uploads\/2021\/07\/JUMP-FORCE-Steam-CD-Key.jpg\" \/>\n\t<meta property=\"og:image:width\" content=\"600\" \/>\n\t<meta property=\"og:image:height\" content=\"900\" \/>\n\t<meta property=\"og:image:type\" content=\"image\/jpeg\" \/>\n<meta name=\"twitter:card\" content=\"summary_large_image\" \/>\n<meta name=\"twitter:label1\" content=\"Estimated reading time\" \/>\n\t<meta name=\"twitter:data1\" content=\"4 minutes\" \/>\n<script type=\"application\/ld+json\" class=\"yoast-schema-graph\">{\"@context\":\"https:\/\/schema.org\",\"@graph\":[{\"@type\":\"WebPage\",\"@id\":\"https:\/\/www.mercadokeys.com\/product\/jump-force-steam-key-global\/\",\"url\":\"https:\/\/www.mercadokeys.com\/product\/jump-force-steam-key-global\/\",\"name\":\"JUMP FORCE Steam CD Key - MERCADOKEYS\",\"isPartOf\":{\"@id\":\"https:\/\/www.mercadokeys.com\/eng\/#website\"},\"primaryImageOfPage\":{\"@id\":\"https:\/\/www.mercadokeys.com\/product\/jump-force-steam-key-global\/#primaryimage\"},\"image\":{\"@id\":\"https:\/\/www.mercadokeys.com\/product\/jump-force-steam-key-global\/#primaryimage\"},\"thumbnailUrl\":\"https:\/\/www.mercadokeys.com.mx\/wp-content\/uploads\/2021\/07\/JUMP-FORCE-Steam-CD-Key.jpg\",\"datePublished\":\"2021-07-11T20:01:55+00:00\",\"dateModified\":\"2023-10-15T12:37:19+00:00\",\"breadcrumb\":{\"@id\":\"https:\/\/www.mercadokeys.com\/product\/jump-force-steam-key-global\/#breadcrumb\"},\"inLanguage\":\"en-GB\",\"potentialAction\":[{\"@type\":\"ReadAction\",\"target\":[\"https:\/\/www.mercadokeys.com\/product\/jump-force-steam-key-global\/\"]}]},{\"@type\":\"ImageObject\",\"inLanguage\":\"en-GB\",\"@id\":\"https:\/\/www.mercadokeys.com\/product\/jump-force-steam-key-global\/#primaryimage\",\"url\":\"https:\/\/www.mercadokeys.com.mx\/wp-content\/uploads\/2021\/07\/JUMP-FORCE-Steam-CD-Key.jpg\",\"contentUrl\":\"https:\/\/www.mercadokeys.com.mx\/wp-content\/uploads\/2021\/07\/JUMP-FORCE-Steam-CD-Key.jpg\",\"width\":600,\"height\":900,\"caption\":\"JUMP FORCE Steam CD Key\"},{\"@type\":\"BreadcrumbList\",\"@id\":\"https:\/\/www.mercadokeys.com\/product\/jump-force-steam-key-global\/#breadcrumb\",\"itemListElement\":[{\"@type\":\"ListItem\",\"position\":1,\"name\":\"Inicio\",\"item\":\"https:\/\/www.mercadokeys.com.mx\/\"},{\"@type\":\"ListItem\",\"position\":2,\"name\":\"Tienda\",\"item\":\"https:\/\/www.mercadokeys.com\/shop\/\"},{\"@type\":\"ListItem\",\"position\":3,\"name\":\"JUMP FORCE Steam CD Key\"}]},{\"@type\":\"WebSite\",\"@id\":\"https:\/\/www.mercadokeys.com\/eng\/#website\",\"url\":\"https:\/\/www.mercadokeys.com\/eng\/\",\"name\":\"MERCADOKEYS\",\"description\":\"Tu Tienda de videojuegos digitales en Mexico!\",\"potentialAction\":[{\"@type\":\"SearchAction\",\"target\":{\"@type\":\"EntryPoint\",\"urlTemplate\":\"https:\/\/www.mercadokeys.com\/eng\/?s={search_term_string}\"},\"query-input\":{\"@type\":\"PropertyValueSpecification\",\"valueRequired\":true,\"valueName\":\"search_term_string\"}}],\"inLanguage\":\"en-GB\"}]}<\/script>\n<!-- \/ Yoast SEO plugin. -->","yoast_head_json":{"title":"JUMP FORCE Steam CD Key - MERCADOKEYS","robots":{"index":"index","follow":"follow","max-snippet":"max-snippet:-1","max-image-preview":"max-image-preview:large","max-video-preview":"max-video-preview:-1"},"canonical":"https:\/\/www.mercadokeys.com\/product\/jump-force-steam-key-global\/","og_locale":"en_GB","og_type":"article","og_title":"JUMP FORCE Steam CD Key - MERCADOKEYS","og_description":"Jump Force es un juego de lucha en 3D desarrollado por Spike Chunsoft y publicado por Bandai Namco. Fue lanzado en febrero de 2019. Jump Force es un crossover entre varios manga serializados en Shonen Jump, y presenta a muchos de sus personajes m\u00e1s reconocidos, como Goku, Naruto, Kenshin o Luffy. El juego fue lanzado...","og_url":"https:\/\/www.mercadokeys.com\/product\/jump-force-steam-key-global\/","og_site_name":"MERCADOKEYS","article_modified_time":"2023-10-15T12:37:19+00:00","og_image":[{"width":600,"height":900,"url":"https:\/\/www.mercadokeys.com\/wp-content\/uploads\/2021\/07\/JUMP-FORCE-Steam-CD-Key.jpg","type":"image\/jpeg"}],"twitter_card":"summary_large_image","twitter_misc":{"Estimated reading time":"4 minutes"},"schema":{"@context":"https:\/\/schema.org","@graph":[{"@type":"WebPage","@id":"https:\/\/www.mercadokeys.com\/product\/jump-force-steam-key-global\/","url":"https:\/\/www.mercadokeys.com\/product\/jump-force-steam-key-global\/","name":"JUMP FORCE Steam CD Key - MERCADOKEYS","isPartOf":{"@id":"https:\/\/www.mercadokeys.com\/eng\/#website"},"primaryImageOfPage":{"@id":"https:\/\/www.mercadokeys.com\/product\/jump-force-steam-key-global\/#primaryimage"},"image":{"@id":"https:\/\/www.mercadokeys.com\/product\/jump-force-steam-key-global\/#primaryimage"},"thumbnailUrl":"https:\/\/www.mercadokeys.com.mx\/wp-content\/uploads\/2021\/07\/JUMP-FORCE-Steam-CD-Key.jpg","datePublished":"2021-07-11T20:01:55+00:00","dateModified":"2023-10-15T12:37:19+00:00","breadcrumb":{"@id":"https:\/\/www.mercadokeys.com\/product\/jump-force-steam-key-global\/#breadcrumb"},"inLanguage":"en-GB","potentialAction":[{"@type":"ReadAction","target":["https:\/\/www.mercadokeys.com\/product\/jump-force-steam-key-global\/"]}]},{"@type":"ImageObject","inLanguage":"en-GB","@id":"https:\/\/www.mercadokeys.com\/product\/jump-force-steam-key-global\/#primaryimage","url":"https:\/\/www.mercadokeys.com.mx\/wp-content\/uploads\/2021\/07\/JUMP-FORCE-Steam-CD-Key.jpg","contentUrl":"https:\/\/www.mercadokeys.com.mx\/wp-content\/uploads\/2021\/07\/JUMP-FORCE-Steam-CD-Key.jpg","width":600,"height":900,"caption":"JUMP FORCE Steam CD Key"},{"@type":"BreadcrumbList","@id":"https:\/\/www.mercadokeys.com\/product\/jump-force-steam-key-global\/#breadcrumb","itemListElement":[{"@type":"ListItem","position":1,"name":"Inicio","item":"https:\/\/www.mercadokeys.com.mx\/"},{"@type":"ListItem","position":2,"name":"Tienda","item":"https:\/\/www.mercadokeys.com\/shop\/"},{"@type":"ListItem","position":3,"name":"JUMP FORCE Steam CD Key"}]},{"@type":"WebSite","@id":"https:\/\/www.mercadokeys.com\/eng\/#website","url":"https:\/\/www.mercadokeys.com\/eng\/","name":"MERCADOKEYS","description":"Tu Tienda de videojuegos digitales en Mexico!","potentialAction":[{"@type":"SearchAction","target":{"@type":"EntryPoint","urlTemplate":"https:\/\/www.mercadokeys.com\/eng\/?s={search_term_string}"},"query-input":{"@type":"PropertyValueSpecification","valueRequired":true,"valueName":"search_term_string"}}],"inLanguage":"en-GB"}]}},"df_price":470.314877,"df_sale_price":470.314877,"df_regular_price":470.314877,"df_image_link":"https:\/\/www.mercadokeys.com.mx\/wp-content\/uploads\/2021\/07\/JUMP-FORCE-Steam-CD-Key-200x300.jpg","_links":{"self":[{"href":"https:\/\/www.mercadokeys.com.mx\/eng\/wp-json\/wp\/v2\/product\/114896","targetHints":{"allow":["GET"]}}],"collection":[{"href":"https:\/\/www.mercadokeys.com.mx\/eng\/wp-json\/wp\/v2\/product"}],"about":[{"href":"https:\/\/www.mercadokeys.com.mx\/eng\/wp-json\/wp\/v2\/types\/product"}],"wp:featuredmedia":[{"embeddable":true,"href":"https:\/\/www.mercadokeys.com.mx\/eng\/wp-json\/wp\/v2\/media\/116468"}],"wp:attachment":[{"href":"https:\/\/www.mercadokeys.com.mx\/eng\/wp-json\/wp\/v2\/media?parent=114896"}],"wp:term":[{"taxonomy":"product_brand","embeddable":true,"href":"https:\/\/www.mercadokeys.com.mx\/eng\/wp-json\/wp\/v2\/product_brand?post=114896"},{"taxonomy":"product_cat","embeddable":true,"href":"https:\/\/www.mercadokeys.com.mx\/eng\/wp-json\/wp\/v2\/product_cat?post=114896"},{"taxonomy":"product_tag","embeddable":true,"href":"https:\/\/www.mercadokeys.com.mx\/eng\/wp-json\/wp\/v2\/product_tag?post=114896"}],"curies":[{"name":"wp","href":"https:\/\/api.w.org\/{rel}","templated":true}]}}