{"id":113928,"date":"2021-06-02T17:26:36","date_gmt":"2021-06-03T00:26:36","guid":{"rendered":"https:\/\/www.mercadokeys.com\/product\/marvels-avengers-steam-cd-key\/"},"modified":"2022-06-28T06:12:26","modified_gmt":"2022-06-28T13:12:26","slug":"marvels-avengers-steam-cd-key","status":"publish","type":"product","link":"https:\/\/www.mercadokeys.com.mx\/eng\/product\/marvels-avengers-steam-cd-key\/","title":{"rendered":"Marvel&#8217;s Avengers Steam CD Key"},"content":{"rendered":"<p>Forma equipo con los h\u00e9roes m\u00e1s poderosos de la Tierra; acepta tus poderes y haz realidad tus sue\u00f1os de superh\u00e9roe. Por su parte, <i>Marvel&#8217;s Avengers<\/i> es un \u00e9pico juego de acci\u00f3n y aventura en tercera persona que combina una original historia cinematogr\u00e1fica con modos de juego en solitario y cooperativos*. Del mismo modo, forma un equipo de hasta cuatro jugadores en l\u00ednea. Domina habilidades extraordinarias, personaliza un creciente grupo de h\u00e9roes y defiende la Tierra de amenazas que van en aumento. Todo esto en <i>Marvel&#8217;s Avengers.<\/i><\/p>","protected":false},"excerpt":{"rendered":"<p>Forma equipo con los h\u00e9roes m\u00e1s poderosos de la Tierra; acepta tus poderes y haz realidad tus sue\u00f1os de superh\u00e9roe. Por su parte, Marvel&#8217;s Avengers es un \u00e9pico juego de acci\u00f3n y aventura en tercera persona que combina una original historia cinematogr\u00e1fica con modos de juego en solitario y cooperativos*. Del mismo modo, forma un&#8230;<\/p>","protected":false},"featured_media":113979,"template":"","meta":{"_monsterinsights_skip_tracking":false,"_monsterinsights_sitenote_active":false,"_monsterinsights_sitenote_note":"","_monsterinsights_sitenote_category":0},"product_brand":[],"product_cat":[1501,2981,1271,1420,1283,1280,1273,1392,1394,1298,1428],"product_tag":[2233,2996,2995],"class_list":{"0":"post-113928","1":"product","2":"type-product","3":"status-publish","4":"has-post-thumbnail","6":"product_cat-tienda-de-videojuegos-ultimos-juegos-tijuana-mexico","7":"product_cat-destacados","8":"product_cat-tienda-de-videojuegos-tijuana-mexico","9":"product_cat-tienda-de-videojuegos-populares-tijuana-mexico","10":"product_cat-tienda-de-videojuegos-plataformas-tijuana-mexico","11":"product_cat-tienda-de-videojuegos-pc-tijuana-mexico","12":"product_cat-tienda-de-videojuegos-steam-key-tijuana-mexico","13":"product_cat-tienda-de-videojuegos-accion-tijuana-mexico","14":"product_cat-tienda-de-videojuegos-aventura-tijuana-mexico","15":"product_cat-tienda-de-videojuegos-rol-tijuana-mexico","16":"product_cat-tienda-de-videojuegos-cooperativos-tijuana-mexico","17":"product_tag-marvels-avengers","18":"product_tag-marvels-avengers-game","19":"product_tag-marvels-avengers-steam","21":"first","22":"instock","23":"shipping-taxable","24":"purchasable","25":"product-type-simple"},"yoast_head":"<!-- This site is optimized with the Yoast SEO plugin v27.0 - https:\/\/yoast.com\/product\/yoast-seo-wordpress\/ -->\n<title>Marvel&#039;s Avengers Steam CD Key - MERCADOKEYS<\/title>\n<meta name=\"description\" content=\"Marvel&#039;s Avengers\u00a0es un \u00e9pico juego de acci\u00f3n y aventura en tercera persona que combina una original historia cinematogr\u00e1fica con varios modos de juego\" \/>\n<meta name=\"robots\" content=\"index, follow, max-snippet:-1, max-image-preview:large, max-video-preview:-1\" \/>\n<link rel=\"canonical\" href=\"https:\/\/www.mercadokeys.com\/product\/marvels-avengers-steam-cd-key\/\" \/>\n<meta property=\"og:locale\" content=\"en_GB\" \/>\n<meta property=\"og:type\" content=\"article\" \/>\n<meta property=\"og:title\" content=\"Marvel&#039;s Avengers Steam CD Key - MERCADOKEYS\" \/>\n<meta property=\"og:description\" content=\"Marvel&#039;s Avengers\u00a0es un \u00e9pico juego de acci\u00f3n y aventura en tercera persona que combina una original historia cinematogr\u00e1fica con varios modos de juego\" \/>\n<meta property=\"og:url\" content=\"https:\/\/www.mercadokeys.com\/product\/marvels-avengers-steam-cd-key\/\" \/>\n<meta property=\"og:site_name\" content=\"MERCADOKEYS\" \/>\n<meta property=\"article:modified_time\" content=\"2022-06-28T13:12:26+00:00\" \/>\n<meta property=\"og:image\" content=\"https:\/\/www.mercadokeys.com\/wp-content\/uploads\/2021\/06\/Marvels-Avengers.jpg\" \/>\n\t<meta property=\"og:image:width\" content=\"600\" \/>\n\t<meta property=\"og:image:height\" content=\"800\" \/>\n\t<meta property=\"og:image:type\" content=\"image\/jpeg\" \/>\n<meta name=\"twitter:card\" content=\"summary_large_image\" \/>\n<meta name=\"twitter:label1\" content=\"Estimated reading time\" \/>\n\t<meta name=\"twitter:data1\" content=\"1 minute\" \/>\n<script type=\"application\/ld+json\" class=\"yoast-schema-graph\">{\"@context\":\"https:\/\/schema.org\",\"@graph\":[{\"@type\":\"WebPage\",\"@id\":\"https:\/\/www.mercadokeys.com\/product\/marvels-avengers-steam-cd-key\/\",\"url\":\"https:\/\/www.mercadokeys.com\/product\/marvels-avengers-steam-cd-key\/\",\"name\":\"Marvel's Avengers Steam CD Key - MERCADOKEYS\",\"isPartOf\":{\"@id\":\"https:\/\/www.mercadokeys.com\/eng\/#website\"},\"primaryImageOfPage\":{\"@id\":\"https:\/\/www.mercadokeys.com\/product\/marvels-avengers-steam-cd-key\/#primaryimage\"},\"image\":{\"@id\":\"https:\/\/www.mercadokeys.com\/product\/marvels-avengers-steam-cd-key\/#primaryimage\"},\"thumbnailUrl\":\"https:\/\/www.mercadokeys.com.mx\/wp-content\/uploads\/2021\/06\/Marvels-Avengers.jpg\",\"datePublished\":\"2021-06-03T00:26:36+00:00\",\"dateModified\":\"2022-06-28T13:12:26+00:00\",\"description\":\"Marvel's Avengers\u00a0es un \u00e9pico juego de acci\u00f3n y aventura en tercera persona que combina una original historia cinematogr\u00e1fica con varios modos de juego\",\"breadcrumb\":{\"@id\":\"https:\/\/www.mercadokeys.com\/product\/marvels-avengers-steam-cd-key\/#breadcrumb\"},\"inLanguage\":\"en-GB\",\"potentialAction\":[{\"@type\":\"ReadAction\",\"target\":[\"https:\/\/www.mercadokeys.com\/product\/marvels-avengers-steam-cd-key\/\"]}]},{\"@type\":\"ImageObject\",\"inLanguage\":\"en-GB\",\"@id\":\"https:\/\/www.mercadokeys.com\/product\/marvels-avengers-steam-cd-key\/#primaryimage\",\"url\":\"https:\/\/www.mercadokeys.com.mx\/wp-content\/uploads\/2021\/06\/Marvels-Avengers.jpg\",\"contentUrl\":\"https:\/\/www.mercadokeys.com.mx\/wp-content\/uploads\/2021\/06\/Marvels-Avengers.jpg\",\"width\":600,\"height\":800,\"caption\":\"Marvel's Avengers\u00a0es un \u00e9pico juego de acci\u00f3n y aventura en tercera persona que combina una original historia cinematogr\u00e1fica con varios modos de juego\"},{\"@type\":\"BreadcrumbList\",\"@id\":\"https:\/\/www.mercadokeys.com\/product\/marvels-avengers-steam-cd-key\/#breadcrumb\",\"itemListElement\":[{\"@type\":\"ListItem\",\"position\":1,\"name\":\"Inicio\",\"item\":\"https:\/\/www.mercadokeys.com.mx\/\"},{\"@type\":\"ListItem\",\"position\":2,\"name\":\"Tienda\",\"item\":\"https:\/\/www.mercadokeys.com\/shop\/\"},{\"@type\":\"ListItem\",\"position\":3,\"name\":\"Marvel&#8217;s Avengers Steam CD Key\"}]},{\"@type\":\"WebSite\",\"@id\":\"https:\/\/www.mercadokeys.com\/eng\/#website\",\"url\":\"https:\/\/www.mercadokeys.com\/eng\/\",\"name\":\"MERCADOKEYS\",\"description\":\"Tu Tienda de videojuegos digitales en Mexico!\",\"potentialAction\":[{\"@type\":\"SearchAction\",\"target\":{\"@type\":\"EntryPoint\",\"urlTemplate\":\"https:\/\/www.mercadokeys.com\/eng\/?s={search_term_string}\"},\"query-input\":{\"@type\":\"PropertyValueSpecification\",\"valueRequired\":true,\"valueName\":\"search_term_string\"}}],\"inLanguage\":\"en-GB\"}]}<\/script>\n<!-- \/ Yoast SEO plugin. -->","yoast_head_json":{"title":"Marvel's Avengers Steam CD Key - MERCADOKEYS","description":"Marvel's Avengers\u00a0es un \u00e9pico juego de acci\u00f3n y aventura en tercera persona que combina una original historia cinematogr\u00e1fica con varios modos de juego","robots":{"index":"index","follow":"follow","max-snippet":"max-snippet:-1","max-image-preview":"max-image-preview:large","max-video-preview":"max-video-preview:-1"},"canonical":"https:\/\/www.mercadokeys.com\/product\/marvels-avengers-steam-cd-key\/","og_locale":"en_GB","og_type":"article","og_title":"Marvel's Avengers Steam CD Key - MERCADOKEYS","og_description":"Marvel's Avengers\u00a0es un \u00e9pico juego de acci\u00f3n y aventura en tercera persona que combina una original historia cinematogr\u00e1fica con varios modos de juego","og_url":"https:\/\/www.mercadokeys.com\/product\/marvels-avengers-steam-cd-key\/","og_site_name":"MERCADOKEYS","article_modified_time":"2022-06-28T13:12:26+00:00","og_image":[{"width":600,"height":800,"url":"https:\/\/www.mercadokeys.com\/wp-content\/uploads\/2021\/06\/Marvels-Avengers.jpg","type":"image\/jpeg"}],"twitter_card":"summary_large_image","twitter_misc":{"Estimated reading time":"1 minute"},"schema":{"@context":"https:\/\/schema.org","@graph":[{"@type":"WebPage","@id":"https:\/\/www.mercadokeys.com\/product\/marvels-avengers-steam-cd-key\/","url":"https:\/\/www.mercadokeys.com\/product\/marvels-avengers-steam-cd-key\/","name":"Marvel's Avengers Steam CD Key - MERCADOKEYS","isPartOf":{"@id":"https:\/\/www.mercadokeys.com\/eng\/#website"},"primaryImageOfPage":{"@id":"https:\/\/www.mercadokeys.com\/product\/marvels-avengers-steam-cd-key\/#primaryimage"},"image":{"@id":"https:\/\/www.mercadokeys.com\/product\/marvels-avengers-steam-cd-key\/#primaryimage"},"thumbnailUrl":"https:\/\/www.mercadokeys.com.mx\/wp-content\/uploads\/2021\/06\/Marvels-Avengers.jpg","datePublished":"2021-06-03T00:26:36+00:00","dateModified":"2022-06-28T13:12:26+00:00","description":"Marvel's Avengers\u00a0es un \u00e9pico juego de acci\u00f3n y aventura en tercera persona que combina una original historia cinematogr\u00e1fica con varios modos de juego","breadcrumb":{"@id":"https:\/\/www.mercadokeys.com\/product\/marvels-avengers-steam-cd-key\/#breadcrumb"},"inLanguage":"en-GB","potentialAction":[{"@type":"ReadAction","target":["https:\/\/www.mercadokeys.com\/product\/marvels-avengers-steam-cd-key\/"]}]},{"@type":"ImageObject","inLanguage":"en-GB","@id":"https:\/\/www.mercadokeys.com\/product\/marvels-avengers-steam-cd-key\/#primaryimage","url":"https:\/\/www.mercadokeys.com.mx\/wp-content\/uploads\/2021\/06\/Marvels-Avengers.jpg","contentUrl":"https:\/\/www.mercadokeys.com.mx\/wp-content\/uploads\/2021\/06\/Marvels-Avengers.jpg","width":600,"height":800,"caption":"Marvel's Avengers\u00a0es un \u00e9pico juego de acci\u00f3n y aventura en tercera persona que combina una original historia cinematogr\u00e1fica con varios modos de juego"},{"@type":"BreadcrumbList","@id":"https:\/\/www.mercadokeys.com\/product\/marvels-avengers-steam-cd-key\/#breadcrumb","itemListElement":[{"@type":"ListItem","position":1,"name":"Inicio","item":"https:\/\/www.mercadokeys.com.mx\/"},{"@type":"ListItem","position":2,"name":"Tienda","item":"https:\/\/www.mercadokeys.com\/shop\/"},{"@type":"ListItem","position":3,"name":"Marvel&#8217;s Avengers Steam CD Key"}]},{"@type":"WebSite","@id":"https:\/\/www.mercadokeys.com\/eng\/#website","url":"https:\/\/www.mercadokeys.com\/eng\/","name":"MERCADOKEYS","description":"Tu Tienda de videojuegos digitales en Mexico!","potentialAction":[{"@type":"SearchAction","target":{"@type":"EntryPoint","urlTemplate":"https:\/\/www.mercadokeys.com\/eng\/?s={search_term_string}"},"query-input":{"@type":"PropertyValueSpecification","valueRequired":true,"valueName":"search_term_string"}}],"inLanguage":"en-GB"}]}},"df_price":340.714974,"df_sale_price":340.714974,"df_regular_price":340.714974,"df_image_link":"https:\/\/www.mercadokeys.com.mx\/wp-content\/uploads\/2021\/06\/Marvels-Avengers-225x300.jpg","_links":{"self":[{"href":"https:\/\/www.mercadokeys.com.mx\/eng\/wp-json\/wp\/v2\/product\/113928","targetHints":{"allow":["GET"]}}],"collection":[{"href":"https:\/\/www.mercadokeys.com.mx\/eng\/wp-json\/wp\/v2\/product"}],"about":[{"href":"https:\/\/www.mercadokeys.com.mx\/eng\/wp-json\/wp\/v2\/types\/product"}],"wp:featuredmedia":[{"embeddable":true,"href":"https:\/\/www.mercadokeys.com.mx\/eng\/wp-json\/wp\/v2\/media\/113979"}],"wp:attachment":[{"href":"https:\/\/www.mercadokeys.com.mx\/eng\/wp-json\/wp\/v2\/media?parent=113928"}],"wp:term":[{"taxonomy":"product_brand","embeddable":true,"href":"https:\/\/www.mercadokeys.com.mx\/eng\/wp-json\/wp\/v2\/product_brand?post=113928"},{"taxonomy":"product_cat","embeddable":true,"href":"https:\/\/www.mercadokeys.com.mx\/eng\/wp-json\/wp\/v2\/product_cat?post=113928"},{"taxonomy":"product_tag","embeddable":true,"href":"https:\/\/www.mercadokeys.com.mx\/eng\/wp-json\/wp\/v2\/product_tag?post=113928"}],"curies":[{"name":"wp","href":"https:\/\/api.w.org\/{rel}","templated":true}]}}