{"id":113906,"date":"2021-06-02T16:44:34","date_gmt":"2021-06-02T23:44:34","guid":{"rendered":"https:\/\/www.mercadokeys.com\/product\/command-conquer-remastered-collection-steam-cd-key\/"},"modified":"2022-06-28T06:12:24","modified_gmt":"2022-06-28T13:12:24","slug":"command-conquer-remastered-collection-steam-cd-key","status":"publish","type":"product","link":"https:\/\/www.mercadokeys.com.mx\/eng\/product\/command-conquer-remastered-collection-steam-cd-key\/","title":{"rendered":"Command &#038; Conquer Remastered Collection Steam CD Key"},"content":{"rendered":"<p>Por su parte, Command &amp; Conquer y Red Alert definieron el g\u00e9nero de la estrategia en tiempo real hace 25 a\u00f1os y ahora est\u00e1n totalmente remasterizados en 4K por los miembros del antiguo equipo de Westwood Studios en Petroglyph Games. Por otra parte, incluye los tres packs de expansi\u00f3n, multijugador reconstruido, interfaz de usuario modernizada, editor de mapas, galer\u00eda de videos in\u00e9ditos. Tambi\u00e9n incluye m\u00e1s de 7 horas de m\u00fasica legendaria remasterizada por Frank Klepacki. Bienvenido de regreso, comandante.<\/p>","protected":false},"excerpt":{"rendered":"<p>Por su parte, Command &amp; Conquer y Red Alert definieron el g\u00e9nero de la estrategia en tiempo real hace 25 a\u00f1os y ahora est\u00e1n totalmente remasterizados en 4K por los miembros del antiguo equipo de Westwood Studios en Petroglyph Games. Por otra parte, incluye los tres packs de expansi\u00f3n, multijugador reconstruido, interfaz de usuario modernizada,&#8230;<\/p>","protected":false},"featured_media":113987,"template":"","meta":{"_monsterinsights_skip_tracking":false,"_monsterinsights_sitenote_active":false,"_monsterinsights_sitenote_note":"","_monsterinsights_sitenote_category":0},"product_brand":[],"product_cat":[1501,2981,1271,1420,1283,1280,1273,1401,1428,1424],"product_tag":[3008,3009,3006,3007],"class_list":{"0":"post-113906","1":"product","2":"type-product","3":"status-publish","4":"has-post-thumbnail","6":"product_cat-tienda-de-videojuegos-ultimos-juegos-tijuana-mexico","7":"product_cat-destacados","8":"product_cat-tienda-de-videojuegos-tijuana-mexico","9":"product_cat-tienda-de-videojuegos-populares-tijuana-mexico","10":"product_cat-tienda-de-videojuegos-plataformas-tijuana-mexico","11":"product_cat-tienda-de-videojuegos-pc-tijuana-mexico","12":"product_cat-tienda-de-videojuegos-steam-key-tijuana-mexico","13":"product_cat-tienda-de-videojuegos-estrategia-tijuana-mexico","14":"product_cat-tienda-de-videojuegos-cooperativos-tijuana-mexico","15":"product_cat-tienda-de-videojuegos-lo-mas-jugados-tijuana-mexico","16":"product_tag-command","17":"product_tag-command-conquer","18":"product_tag-command-conquer-remastered-collection","19":"product_tag-command-conquer-remastered-collection-steam","21":"first","22":"instock","23":"shipping-taxable","24":"purchasable","25":"product-type-simple"},"yoast_head":"<!-- This site is optimized with the Yoast SEO plugin v27.0 - https:\/\/yoast.com\/product\/yoast-seo-wordpress\/ -->\n<title>Command &amp; Conquer Remastered Collection Steam CD Key - MERCADOKEYS<\/title>\n<meta name=\"description\" content=\"Command &amp; Conquer y Red Alert definieron el g\u00e9nero de la estrategia en tiempo real hace 25 a\u00f1os y ahora est\u00e1n totalmente remasterizados.\" \/>\n<meta name=\"robots\" content=\"index, follow, max-snippet:-1, max-image-preview:large, max-video-preview:-1\" \/>\n<link rel=\"canonical\" href=\"https:\/\/www.mercadokeys.com\/product\/command-conquer-remastered-collection-steam-cd-key\/\" \/>\n<meta property=\"og:locale\" content=\"en_GB\" \/>\n<meta property=\"og:type\" content=\"article\" \/>\n<meta property=\"og:title\" content=\"Command &amp; Conquer Remastered Collection Steam CD Key - MERCADOKEYS\" \/>\n<meta property=\"og:description\" content=\"Command &amp; Conquer y Red Alert definieron el g\u00e9nero de la estrategia en tiempo real hace 25 a\u00f1os y ahora est\u00e1n totalmente remasterizados.\" \/>\n<meta property=\"og:url\" content=\"https:\/\/www.mercadokeys.com\/product\/command-conquer-remastered-collection-steam-cd-key\/\" \/>\n<meta property=\"og:site_name\" content=\"MERCADOKEYS\" \/>\n<meta property=\"article:modified_time\" content=\"2022-06-28T13:12:24+00:00\" \/>\n<meta property=\"og:image\" content=\"https:\/\/www.mercadokeys.com\/wp-content\/uploads\/2021\/06\/Command-Conquer-Remastered-Collection.jpg\" \/>\n\t<meta property=\"og:image:width\" content=\"600\" \/>\n\t<meta property=\"og:image:height\" content=\"800\" \/>\n\t<meta property=\"og:image:type\" content=\"image\/jpeg\" \/>\n<meta name=\"twitter:card\" content=\"summary_large_image\" \/>\n<meta name=\"twitter:label1\" content=\"Estimated reading time\" \/>\n\t<meta name=\"twitter:data1\" content=\"1 minute\" \/>\n<script type=\"application\/ld+json\" class=\"yoast-schema-graph\">{\"@context\":\"https:\/\/schema.org\",\"@graph\":[{\"@type\":\"WebPage\",\"@id\":\"https:\/\/www.mercadokeys.com\/product\/command-conquer-remastered-collection-steam-cd-key\/\",\"url\":\"https:\/\/www.mercadokeys.com\/product\/command-conquer-remastered-collection-steam-cd-key\/\",\"name\":\"Command & Conquer Remastered Collection Steam CD Key - MERCADOKEYS\",\"isPartOf\":{\"@id\":\"https:\/\/www.mercadokeys.com\/eng\/#website\"},\"primaryImageOfPage\":{\"@id\":\"https:\/\/www.mercadokeys.com\/product\/command-conquer-remastered-collection-steam-cd-key\/#primaryimage\"},\"image\":{\"@id\":\"https:\/\/www.mercadokeys.com\/product\/command-conquer-remastered-collection-steam-cd-key\/#primaryimage\"},\"thumbnailUrl\":\"https:\/\/www.mercadokeys.com.mx\/wp-content\/uploads\/2021\/06\/Command-Conquer-Remastered-Collection.jpg\",\"datePublished\":\"2021-06-02T23:44:34+00:00\",\"dateModified\":\"2022-06-28T13:12:24+00:00\",\"description\":\"Command & Conquer y Red Alert definieron el g\u00e9nero de la estrategia en tiempo real hace 25 a\u00f1os y ahora est\u00e1n totalmente remasterizados.\",\"breadcrumb\":{\"@id\":\"https:\/\/www.mercadokeys.com\/product\/command-conquer-remastered-collection-steam-cd-key\/#breadcrumb\"},\"inLanguage\":\"en-GB\",\"potentialAction\":[{\"@type\":\"ReadAction\",\"target\":[\"https:\/\/www.mercadokeys.com\/product\/command-conquer-remastered-collection-steam-cd-key\/\"]}]},{\"@type\":\"ImageObject\",\"inLanguage\":\"en-GB\",\"@id\":\"https:\/\/www.mercadokeys.com\/product\/command-conquer-remastered-collection-steam-cd-key\/#primaryimage\",\"url\":\"https:\/\/www.mercadokeys.com.mx\/wp-content\/uploads\/2021\/06\/Command-Conquer-Remastered-Collection.jpg\",\"contentUrl\":\"https:\/\/www.mercadokeys.com.mx\/wp-content\/uploads\/2021\/06\/Command-Conquer-Remastered-Collection.jpg\",\"width\":600,\"height\":800,\"caption\":\"Command & Conquer Remastered Collection\"},{\"@type\":\"BreadcrumbList\",\"@id\":\"https:\/\/www.mercadokeys.com\/product\/command-conquer-remastered-collection-steam-cd-key\/#breadcrumb\",\"itemListElement\":[{\"@type\":\"ListItem\",\"position\":1,\"name\":\"Inicio\",\"item\":\"https:\/\/www.mercadokeys.com.mx\/\"},{\"@type\":\"ListItem\",\"position\":2,\"name\":\"Tienda\",\"item\":\"https:\/\/www.mercadokeys.com\/shop\/\"},{\"@type\":\"ListItem\",\"position\":3,\"name\":\"Command &#038; Conquer Remastered Collection Steam CD Key\"}]},{\"@type\":\"WebSite\",\"@id\":\"https:\/\/www.mercadokeys.com\/eng\/#website\",\"url\":\"https:\/\/www.mercadokeys.com\/eng\/\",\"name\":\"MERCADOKEYS\",\"description\":\"Tu Tienda de videojuegos digitales en Mexico!\",\"potentialAction\":[{\"@type\":\"SearchAction\",\"target\":{\"@type\":\"EntryPoint\",\"urlTemplate\":\"https:\/\/www.mercadokeys.com\/eng\/?s={search_term_string}\"},\"query-input\":{\"@type\":\"PropertyValueSpecification\",\"valueRequired\":true,\"valueName\":\"search_term_string\"}}],\"inLanguage\":\"en-GB\"}]}<\/script>\n<!-- \/ Yoast SEO plugin. -->","yoast_head_json":{"title":"Command & Conquer Remastered Collection Steam CD Key - MERCADOKEYS","description":"Command & Conquer y Red Alert definieron el g\u00e9nero de la estrategia en tiempo real hace 25 a\u00f1os y ahora est\u00e1n totalmente remasterizados.","robots":{"index":"index","follow":"follow","max-snippet":"max-snippet:-1","max-image-preview":"max-image-preview:large","max-video-preview":"max-video-preview:-1"},"canonical":"https:\/\/www.mercadokeys.com\/product\/command-conquer-remastered-collection-steam-cd-key\/","og_locale":"en_GB","og_type":"article","og_title":"Command & Conquer Remastered Collection Steam CD Key - MERCADOKEYS","og_description":"Command & Conquer y Red Alert definieron el g\u00e9nero de la estrategia en tiempo real hace 25 a\u00f1os y ahora est\u00e1n totalmente remasterizados.","og_url":"https:\/\/www.mercadokeys.com\/product\/command-conquer-remastered-collection-steam-cd-key\/","og_site_name":"MERCADOKEYS","article_modified_time":"2022-06-28T13:12:24+00:00","og_image":[{"width":600,"height":800,"url":"https:\/\/www.mercadokeys.com\/wp-content\/uploads\/2021\/06\/Command-Conquer-Remastered-Collection.jpg","type":"image\/jpeg"}],"twitter_card":"summary_large_image","twitter_misc":{"Estimated reading time":"1 minute"},"schema":{"@context":"https:\/\/schema.org","@graph":[{"@type":"WebPage","@id":"https:\/\/www.mercadokeys.com\/product\/command-conquer-remastered-collection-steam-cd-key\/","url":"https:\/\/www.mercadokeys.com\/product\/command-conquer-remastered-collection-steam-cd-key\/","name":"Command & Conquer Remastered Collection Steam CD Key - MERCADOKEYS","isPartOf":{"@id":"https:\/\/www.mercadokeys.com\/eng\/#website"},"primaryImageOfPage":{"@id":"https:\/\/www.mercadokeys.com\/product\/command-conquer-remastered-collection-steam-cd-key\/#primaryimage"},"image":{"@id":"https:\/\/www.mercadokeys.com\/product\/command-conquer-remastered-collection-steam-cd-key\/#primaryimage"},"thumbnailUrl":"https:\/\/www.mercadokeys.com.mx\/wp-content\/uploads\/2021\/06\/Command-Conquer-Remastered-Collection.jpg","datePublished":"2021-06-02T23:44:34+00:00","dateModified":"2022-06-28T13:12:24+00:00","description":"Command & Conquer y Red Alert definieron el g\u00e9nero de la estrategia en tiempo real hace 25 a\u00f1os y ahora est\u00e1n totalmente remasterizados.","breadcrumb":{"@id":"https:\/\/www.mercadokeys.com\/product\/command-conquer-remastered-collection-steam-cd-key\/#breadcrumb"},"inLanguage":"en-GB","potentialAction":[{"@type":"ReadAction","target":["https:\/\/www.mercadokeys.com\/product\/command-conquer-remastered-collection-steam-cd-key\/"]}]},{"@type":"ImageObject","inLanguage":"en-GB","@id":"https:\/\/www.mercadokeys.com\/product\/command-conquer-remastered-collection-steam-cd-key\/#primaryimage","url":"https:\/\/www.mercadokeys.com.mx\/wp-content\/uploads\/2021\/06\/Command-Conquer-Remastered-Collection.jpg","contentUrl":"https:\/\/www.mercadokeys.com.mx\/wp-content\/uploads\/2021\/06\/Command-Conquer-Remastered-Collection.jpg","width":600,"height":800,"caption":"Command & Conquer Remastered Collection"},{"@type":"BreadcrumbList","@id":"https:\/\/www.mercadokeys.com\/product\/command-conquer-remastered-collection-steam-cd-key\/#breadcrumb","itemListElement":[{"@type":"ListItem","position":1,"name":"Inicio","item":"https:\/\/www.mercadokeys.com.mx\/"},{"@type":"ListItem","position":2,"name":"Tienda","item":"https:\/\/www.mercadokeys.com\/shop\/"},{"@type":"ListItem","position":3,"name":"Command &#038; Conquer Remastered Collection Steam CD Key"}]},{"@type":"WebSite","@id":"https:\/\/www.mercadokeys.com\/eng\/#website","url":"https:\/\/www.mercadokeys.com\/eng\/","name":"MERCADOKEYS","description":"Tu Tienda de videojuegos digitales en Mexico!","potentialAction":[{"@type":"SearchAction","target":{"@type":"EntryPoint","urlTemplate":"https:\/\/www.mercadokeys.com\/eng\/?s={search_term_string}"},"query-input":{"@type":"PropertyValueSpecification","valueRequired":true,"valueName":"search_term_string"}}],"inLanguage":"en-GB"}]}},"df_price":271.605008,"df_sale_price":271.605008,"df_regular_price":271.605008,"df_image_link":"https:\/\/www.mercadokeys.com.mx\/wp-content\/uploads\/2021\/06\/Command-Conquer-Remastered-Collection-225x300.jpg","_links":{"self":[{"href":"https:\/\/www.mercadokeys.com.mx\/eng\/wp-json\/wp\/v2\/product\/113906","targetHints":{"allow":["GET"]}}],"collection":[{"href":"https:\/\/www.mercadokeys.com.mx\/eng\/wp-json\/wp\/v2\/product"}],"about":[{"href":"https:\/\/www.mercadokeys.com.mx\/eng\/wp-json\/wp\/v2\/types\/product"}],"wp:featuredmedia":[{"embeddable":true,"href":"https:\/\/www.mercadokeys.com.mx\/eng\/wp-json\/wp\/v2\/media\/113987"}],"wp:attachment":[{"href":"https:\/\/www.mercadokeys.com.mx\/eng\/wp-json\/wp\/v2\/media?parent=113906"}],"wp:term":[{"taxonomy":"product_brand","embeddable":true,"href":"https:\/\/www.mercadokeys.com.mx\/eng\/wp-json\/wp\/v2\/product_brand?post=113906"},{"taxonomy":"product_cat","embeddable":true,"href":"https:\/\/www.mercadokeys.com.mx\/eng\/wp-json\/wp\/v2\/product_cat?post=113906"},{"taxonomy":"product_tag","embeddable":true,"href":"https:\/\/www.mercadokeys.com.mx\/eng\/wp-json\/wp\/v2\/product_tag?post=113906"}],"curies":[{"name":"wp","href":"https:\/\/api.w.org\/{rel}","templated":true}]}}