{"id":113887,"date":"2021-06-02T16:24:09","date_gmt":"2021-06-02T23:24:09","guid":{"rendered":"https:\/\/www.mercadokeys.com\/product\/warhammer-40000-dawn-of-war-dark-crusade-steam-cd-key\/"},"modified":"2022-06-28T06:12:22","modified_gmt":"2022-06-28T13:12:22","slug":"warhammer-40000-dawn-of-war-dark-crusade-steam-cd-key","status":"publish","type":"product","link":"https:\/\/www.mercadokeys.com.mx\/eng\/product\/warhammer-40000-dawn-of-war-dark-crusade-steam-cd-key\/","title":{"rendered":"Warhammer 40,000: Dawn of War &#8211; Dark Crusade Steam CD Key"},"content":{"rendered":"<p><span style=\"vertical-align: inherit;\">En las profundidades del desierto central de Kronus, un vasto panal de t\u00faneles bordeados de calaveras y c\u00e1maras funerarias alberga la amenaza del despertar de los necrones. Hace eones, estos eran los bulevares y las plazas de una gran necr\u00f3polis construida para albergar los huesos de las razas que hab\u00edan ca\u00eddo ante los Necrones y, en \u00faltima instancia, era el lugar donde los mismos Necrones se retiraban para pasar la eternidad.<\/span><\/p>\n<p><span style=\"vertical-align: inherit;\"> Durante millones de a\u00f1os, la arena y la roca lo hab\u00edan cubierto todo hasta que las desafortunadas excavaciones despertaron a los inmortales. <\/span><br \/>\n<span style=\"vertical-align: inherit;\">Juega en cualquiera de las siete carreras, luchando por controlar a Kronus. Toma las fortalezas de otras razas ganando batallas desafiantes en varios mapas asociados individualmente con las respectivas fortalezas.<\/span><\/p>\n<ul class=\"bb_ul\">\n<li><strong><span style=\"vertical-align: inherit;\">Nuevas razas en Dark Crusade<\/span><\/strong><br \/>\n<span style=\"vertical-align: inherit;\"> Toma el mando de dos nuevas razas jugables: Tau y Necron para desencadenar una carnicer\u00eda masiva en el frente de batalla.<\/span><\/li>\n<li><strong><span style=\"vertical-align: inherit;\">Multijugador ampliado<\/span><\/strong><br \/>\n<span style=\"vertical-align: inherit;\"> Domina a tus oponentes online en 12 nuevos mapas multijugador, con hasta 8 jugadores luchando por la supremac\u00eda.<\/span><\/li>\n<li><strong><span style=\"vertical-align: inherit;\">Campa\u00f1a profunda para un jugador<\/span><\/strong><br \/>\n<span style=\"vertical-align: inherit;\"> Conquista el planeta de Kronus de la forma que elijas: lidera una de las siete razas en una cruzada \u00e9pica a trav\u00e9s de una campa\u00f1a para un jugador completamente nueva y no lineal en la que puedes experimentar historias \u00fanicas desde la perspectiva de cada raza.<\/span><\/li>\n<li><strong><span style=\"vertical-align: inherit;\">Personalization<\/span><\/strong><br \/>\n<span style=\"vertical-align: inherit;\"> Personaliza las armas, los objetos y las habilidades de tu h\u00e9roe a medida que aumenta su poder e influencia. Personaliza tu ej\u00e9rcito con una variedad de insignias, colores de escuadr\u00f3n, estandartes y nombres.<\/span><\/li>\n<\/ul>","protected":false},"excerpt":{"rendered":"<p>En las profundidades del desierto central de Kronus, un vasto panal de t\u00faneles bordeados de calaveras y c\u00e1maras funerarias alberga la amenaza del despertar de los necrones. Hace eones, estos eran los bulevares y las plazas de una gran necr\u00f3polis construida para albergar los huesos de las razas que hab\u00edan ca\u00eddo ante los Necrones y,&#8230;<\/p>","protected":false},"featured_media":113946,"template":"","meta":{"_monsterinsights_skip_tracking":false,"_monsterinsights_sitenote_active":false,"_monsterinsights_sitenote_note":"","_monsterinsights_sitenote_category":0},"product_brand":[],"product_cat":[1501,2981,3596,1271,3164,1420,1283,1280,1273,1401,1428,1424],"product_tag":[2569,2982,3046,1606,1774],"class_list":{"0":"post-113887","1":"product","2":"type-product","3":"status-publish","4":"has-post-thumbnail","6":"product_cat-tienda-de-videojuegos-ultimos-juegos-tijuana-mexico","7":"product_cat-destacados","8":"product_cat-tienda-de-videojuegos-steam-recomendados-en-tijuana-mexico","9":"product_cat-tienda-de-videojuegos-tijuana-mexico","10":"product_cat-tienda-de-videojuegos-baratos-economicos-tijuana-mexico","11":"product_cat-tienda-de-videojuegos-populares-tijuana-mexico","12":"product_cat-tienda-de-videojuegos-plataformas-tijuana-mexico","13":"product_cat-tienda-de-videojuegos-pc-tijuana-mexico","14":"product_cat-tienda-de-videojuegos-steam-key-tijuana-mexico","15":"product_cat-tienda-de-videojuegos-estrategia-tijuana-mexico","16":"product_cat-tienda-de-videojuegos-cooperativos-tijuana-mexico","17":"product_cat-tienda-de-videojuegos-lo-mas-jugados-tijuana-mexico","18":"product_tag-2569","19":"product_tag-000-dawn-of-war","20":"product_tag-dark-crusade","21":"product_tag-warhammer","22":"product_tag-warhammer-40","24":"first","25":"instock","26":"shipping-taxable","27":"purchasable","28":"product-type-simple"},"yoast_head":"<!-- This site is optimized with the Yoast SEO plugin v27.0 - https:\/\/yoast.com\/product\/yoast-seo-wordpress\/ -->\n<title>Warhammer 40,000: Dawn of War - Dark Crusade Steam CD Key - MERCADOKEYS<\/title>\n<meta name=\"description\" content=\"En Toma el mando de dos nuevas razas jugables: Tau y Necron para desencadenar una carnicer\u00eda masiva en el frente de batalla.\" \/>\n<meta name=\"robots\" content=\"index, follow, max-snippet:-1, max-image-preview:large, max-video-preview:-1\" \/>\n<link rel=\"canonical\" href=\"https:\/\/www.mercadokeys.com\/product\/warhammer-40000-dawn-of-war-dark-crusade-steam-cd-key\/\" \/>\n<meta property=\"og:locale\" content=\"en_GB\" \/>\n<meta property=\"og:type\" content=\"article\" \/>\n<meta property=\"og:title\" content=\"Warhammer 40,000: Dawn of War - Dark Crusade Steam CD Key - MERCADOKEYS\" \/>\n<meta property=\"og:description\" content=\"En Toma el mando de dos nuevas razas jugables: Tau y Necron para desencadenar una carnicer\u00eda masiva en el frente de batalla.\" \/>\n<meta property=\"og:url\" content=\"https:\/\/www.mercadokeys.com\/product\/warhammer-40000-dawn-of-war-dark-crusade-steam-cd-key\/\" \/>\n<meta property=\"og:site_name\" content=\"MERCADOKEYS\" \/>\n<meta property=\"article:modified_time\" content=\"2022-06-28T13:12:22+00:00\" \/>\n<meta property=\"og:image\" content=\"https:\/\/www.mercadokeys.com\/wp-content\/uploads\/2021\/06\/Warhammer-40000-Dawn-of-War-Dark-Crusade.jpg\" \/>\n\t<meta property=\"og:image:width\" content=\"600\" \/>\n\t<meta property=\"og:image:height\" content=\"800\" \/>\n\t<meta property=\"og:image:type\" content=\"image\/jpeg\" \/>\n<meta name=\"twitter:card\" content=\"summary_large_image\" \/>\n<meta name=\"twitter:label1\" content=\"Estimated reading time\" \/>\n\t<meta name=\"twitter:data1\" content=\"2 minutes\" \/>\n<script type=\"application\/ld+json\" class=\"yoast-schema-graph\">{\"@context\":\"https:\/\/schema.org\",\"@graph\":[{\"@type\":\"WebPage\",\"@id\":\"https:\/\/www.mercadokeys.com\/product\/warhammer-40000-dawn-of-war-dark-crusade-steam-cd-key\/\",\"url\":\"https:\/\/www.mercadokeys.com\/product\/warhammer-40000-dawn-of-war-dark-crusade-steam-cd-key\/\",\"name\":\"Warhammer 40,000: Dawn of War - Dark Crusade Steam CD Key - MERCADOKEYS\",\"isPartOf\":{\"@id\":\"https:\/\/www.mercadokeys.com\/eng\/#website\"},\"primaryImageOfPage\":{\"@id\":\"https:\/\/www.mercadokeys.com\/product\/warhammer-40000-dawn-of-war-dark-crusade-steam-cd-key\/#primaryimage\"},\"image\":{\"@id\":\"https:\/\/www.mercadokeys.com\/product\/warhammer-40000-dawn-of-war-dark-crusade-steam-cd-key\/#primaryimage\"},\"thumbnailUrl\":\"https:\/\/www.mercadokeys.com.mx\/wp-content\/uploads\/2021\/06\/Warhammer-40000-Dawn-of-War-Dark-Crusade.jpg\",\"datePublished\":\"2021-06-02T23:24:09+00:00\",\"dateModified\":\"2022-06-28T13:12:22+00:00\",\"description\":\"En Toma el mando de dos nuevas razas jugables: Tau y Necron para desencadenar una carnicer\u00eda masiva en el frente de batalla.\",\"breadcrumb\":{\"@id\":\"https:\/\/www.mercadokeys.com\/product\/warhammer-40000-dawn-of-war-dark-crusade-steam-cd-key\/#breadcrumb\"},\"inLanguage\":\"en-GB\",\"potentialAction\":[{\"@type\":\"ReadAction\",\"target\":[\"https:\/\/www.mercadokeys.com\/product\/warhammer-40000-dawn-of-war-dark-crusade-steam-cd-key\/\"]}]},{\"@type\":\"ImageObject\",\"inLanguage\":\"en-GB\",\"@id\":\"https:\/\/www.mercadokeys.com\/product\/warhammer-40000-dawn-of-war-dark-crusade-steam-cd-key\/#primaryimage\",\"url\":\"https:\/\/www.mercadokeys.com.mx\/wp-content\/uploads\/2021\/06\/Warhammer-40000-Dawn-of-War-Dark-Crusade.jpg\",\"contentUrl\":\"https:\/\/www.mercadokeys.com.mx\/wp-content\/uploads\/2021\/06\/Warhammer-40000-Dawn-of-War-Dark-Crusade.jpg\",\"width\":600,\"height\":800,\"caption\":\"Warhammer 40,000: Dawn of War - Dark Crusade\"},{\"@type\":\"BreadcrumbList\",\"@id\":\"https:\/\/www.mercadokeys.com\/product\/warhammer-40000-dawn-of-war-dark-crusade-steam-cd-key\/#breadcrumb\",\"itemListElement\":[{\"@type\":\"ListItem\",\"position\":1,\"name\":\"Inicio\",\"item\":\"https:\/\/www.mercadokeys.com.mx\/\"},{\"@type\":\"ListItem\",\"position\":2,\"name\":\"Tienda\",\"item\":\"https:\/\/www.mercadokeys.com\/shop\/\"},{\"@type\":\"ListItem\",\"position\":3,\"name\":\"Warhammer 40,000: Dawn of War &#8211; Dark Crusade Steam CD Key\"}]},{\"@type\":\"WebSite\",\"@id\":\"https:\/\/www.mercadokeys.com\/eng\/#website\",\"url\":\"https:\/\/www.mercadokeys.com\/eng\/\",\"name\":\"MERCADOKEYS\",\"description\":\"Tu Tienda de videojuegos digitales en Mexico!\",\"potentialAction\":[{\"@type\":\"SearchAction\",\"target\":{\"@type\":\"EntryPoint\",\"urlTemplate\":\"https:\/\/www.mercadokeys.com\/eng\/?s={search_term_string}\"},\"query-input\":{\"@type\":\"PropertyValueSpecification\",\"valueRequired\":true,\"valueName\":\"search_term_string\"}}],\"inLanguage\":\"en-GB\"}]}<\/script>\n<!-- \/ Yoast SEO plugin. -->","yoast_head_json":{"title":"Warhammer 40,000: Dawn of War - Dark Crusade Steam CD Key - MERCADOKEYS","description":"En Toma el mando de dos nuevas razas jugables: Tau y Necron para desencadenar una carnicer\u00eda masiva en el frente de batalla.","robots":{"index":"index","follow":"follow","max-snippet":"max-snippet:-1","max-image-preview":"max-image-preview:large","max-video-preview":"max-video-preview:-1"},"canonical":"https:\/\/www.mercadokeys.com\/product\/warhammer-40000-dawn-of-war-dark-crusade-steam-cd-key\/","og_locale":"en_GB","og_type":"article","og_title":"Warhammer 40,000: Dawn of War - Dark Crusade Steam CD Key - MERCADOKEYS","og_description":"En Toma el mando de dos nuevas razas jugables: Tau y Necron para desencadenar una carnicer\u00eda masiva en el frente de batalla.","og_url":"https:\/\/www.mercadokeys.com\/product\/warhammer-40000-dawn-of-war-dark-crusade-steam-cd-key\/","og_site_name":"MERCADOKEYS","article_modified_time":"2022-06-28T13:12:22+00:00","og_image":[{"width":600,"height":800,"url":"https:\/\/www.mercadokeys.com\/wp-content\/uploads\/2021\/06\/Warhammer-40000-Dawn-of-War-Dark-Crusade.jpg","type":"image\/jpeg"}],"twitter_card":"summary_large_image","twitter_misc":{"Estimated reading time":"2 minutes"},"schema":{"@context":"https:\/\/schema.org","@graph":[{"@type":"WebPage","@id":"https:\/\/www.mercadokeys.com\/product\/warhammer-40000-dawn-of-war-dark-crusade-steam-cd-key\/","url":"https:\/\/www.mercadokeys.com\/product\/warhammer-40000-dawn-of-war-dark-crusade-steam-cd-key\/","name":"Warhammer 40,000: Dawn of War - Dark Crusade Steam CD Key - MERCADOKEYS","isPartOf":{"@id":"https:\/\/www.mercadokeys.com\/eng\/#website"},"primaryImageOfPage":{"@id":"https:\/\/www.mercadokeys.com\/product\/warhammer-40000-dawn-of-war-dark-crusade-steam-cd-key\/#primaryimage"},"image":{"@id":"https:\/\/www.mercadokeys.com\/product\/warhammer-40000-dawn-of-war-dark-crusade-steam-cd-key\/#primaryimage"},"thumbnailUrl":"https:\/\/www.mercadokeys.com.mx\/wp-content\/uploads\/2021\/06\/Warhammer-40000-Dawn-of-War-Dark-Crusade.jpg","datePublished":"2021-06-02T23:24:09+00:00","dateModified":"2022-06-28T13:12:22+00:00","description":"En Toma el mando de dos nuevas razas jugables: Tau y Necron para desencadenar una carnicer\u00eda masiva en el frente de batalla.","breadcrumb":{"@id":"https:\/\/www.mercadokeys.com\/product\/warhammer-40000-dawn-of-war-dark-crusade-steam-cd-key\/#breadcrumb"},"inLanguage":"en-GB","potentialAction":[{"@type":"ReadAction","target":["https:\/\/www.mercadokeys.com\/product\/warhammer-40000-dawn-of-war-dark-crusade-steam-cd-key\/"]}]},{"@type":"ImageObject","inLanguage":"en-GB","@id":"https:\/\/www.mercadokeys.com\/product\/warhammer-40000-dawn-of-war-dark-crusade-steam-cd-key\/#primaryimage","url":"https:\/\/www.mercadokeys.com.mx\/wp-content\/uploads\/2021\/06\/Warhammer-40000-Dawn-of-War-Dark-Crusade.jpg","contentUrl":"https:\/\/www.mercadokeys.com.mx\/wp-content\/uploads\/2021\/06\/Warhammer-40000-Dawn-of-War-Dark-Crusade.jpg","width":600,"height":800,"caption":"Warhammer 40,000: Dawn of War - Dark Crusade"},{"@type":"BreadcrumbList","@id":"https:\/\/www.mercadokeys.com\/product\/warhammer-40000-dawn-of-war-dark-crusade-steam-cd-key\/#breadcrumb","itemListElement":[{"@type":"ListItem","position":1,"name":"Inicio","item":"https:\/\/www.mercadokeys.com.mx\/"},{"@type":"ListItem","position":2,"name":"Tienda","item":"https:\/\/www.mercadokeys.com\/shop\/"},{"@type":"ListItem","position":3,"name":"Warhammer 40,000: Dawn of War &#8211; Dark Crusade Steam CD Key"}]},{"@type":"WebSite","@id":"https:\/\/www.mercadokeys.com\/eng\/#website","url":"https:\/\/www.mercadokeys.com\/eng\/","name":"MERCADOKEYS","description":"Tu Tienda de videojuegos digitales en Mexico!","potentialAction":[{"@type":"SearchAction","target":{"@type":"EntryPoint","urlTemplate":"https:\/\/www.mercadokeys.com\/eng\/?s={search_term_string}"},"query-input":{"@type":"PropertyValueSpecification","valueRequired":true,"valueName":"search_term_string"}}],"inLanguage":"en-GB"}]}},"df_price":98.119087,"df_sale_price":98.119087,"df_regular_price":98.119087,"df_image_link":"https:\/\/www.mercadokeys.com.mx\/wp-content\/uploads\/2021\/06\/Warhammer-40000-Dawn-of-War-Dark-Crusade-225x300.jpg","_links":{"self":[{"href":"https:\/\/www.mercadokeys.com.mx\/eng\/wp-json\/wp\/v2\/product\/113887","targetHints":{"allow":["GET"]}}],"collection":[{"href":"https:\/\/www.mercadokeys.com.mx\/eng\/wp-json\/wp\/v2\/product"}],"about":[{"href":"https:\/\/www.mercadokeys.com.mx\/eng\/wp-json\/wp\/v2\/types\/product"}],"wp:featuredmedia":[{"embeddable":true,"href":"https:\/\/www.mercadokeys.com.mx\/eng\/wp-json\/wp\/v2\/media\/113946"}],"wp:attachment":[{"href":"https:\/\/www.mercadokeys.com.mx\/eng\/wp-json\/wp\/v2\/media?parent=113887"}],"wp:term":[{"taxonomy":"product_brand","embeddable":true,"href":"https:\/\/www.mercadokeys.com.mx\/eng\/wp-json\/wp\/v2\/product_brand?post=113887"},{"taxonomy":"product_cat","embeddable":true,"href":"https:\/\/www.mercadokeys.com.mx\/eng\/wp-json\/wp\/v2\/product_cat?post=113887"},{"taxonomy":"product_tag","embeddable":true,"href":"https:\/\/www.mercadokeys.com.mx\/eng\/wp-json\/wp\/v2\/product_tag?post=113887"}],"curies":[{"name":"wp","href":"https:\/\/api.w.org\/{rel}","templated":true}]}}