{"id":113885,"date":"2021-06-02T16:23:08","date_gmt":"2021-06-02T23:23:08","guid":{"rendered":"https:\/\/www.mercadokeys.com\/product\/warhammer-40000-space-marine-steam-cd-key\/"},"modified":"2022-06-28T06:11:46","modified_gmt":"2022-06-28T13:11:46","slug":"warhammer-40000-space-marine-steam-cd-key","status":"publish","type":"product","link":"https:\/\/www.mercadokeys.com.mx\/eng\/product\/warhammer-40000-space-marine-steam-cd-key\/","title":{"rendered":"Warhammer 40,000: Space Marine Steam CD Key"},"content":{"rendered":"<p><span style=\"vertical-align: inherit;\">En Warhammer 40,000 Space Marine eres el Capit\u00e1n Titus, un marine espacial de los Ultramarines y un veterano experimentado en innumerables batallas. Todo en Space Marine.<\/span><br \/>\n<span style=\"vertical-align: inherit;\">Por su parte, una horda de Orkos de millones de personas ha invadido un Imperial Forge World; una de las f\u00e1bricas del tama\u00f1o de un planeta donde se crean las m\u00e1quinas de guerra para la batalla interminable de la humanidad por la supervivencia. Sin embargo, perder este planeta no es una opci\u00f3n y ser consciente de la amenaza mucho m\u00e1s maligna que acecha en las sombras de este mundo.<\/span><\/p>\n<ul class=\"bb_ul\">\n<li><strong><span style=\"vertical-align: inherit;\">ARMAS DEVASTADORAS<\/span><\/strong><br \/>\n<span style=\"vertical-align: inherit;\"> Experiencia 40.000 a\u00f1os de combate, evolucionado. Mejora tu vasto arsenal mientras desbloqueas nuevas armas, mejoras, armaduras y habilidades a trav\u00e9s de un sistema de progresi\u00f3n accesible. Este armamento devastador permite a los jugadores entregar violencia aplastante y desmembramiento a sus enemigos.<\/span><\/li>\n<li><strong><span style=\"vertical-align: inherit;\">ENTRETENIMIENTO BLOCKBUSTER<\/span><\/strong><br \/>\n<span style=\"vertical-align: inherit;\"> Con una flota de liberaci\u00f3n imperial en ruta, los Ultramarines son enviados para mantener ubicaciones clave hasta que lleguen refuerzos. El Capit\u00e1n Titus y un escuadr\u00f3n de veteranos Ultramarine usan el b\u00f3lter y la espada sierra para luchar contra los enemigos de la humanidad.<\/span><\/li>\n<li><strong><span style=\"vertical-align: inherit;\">COMBATE EN L\u00cdNEA BRUTAL 8VS8<\/span><\/strong><br \/>\n<span style=\"vertical-align: inherit;\"> Forma tu propio escuadr\u00f3n de Marines Espaciales o banda de Marines Espaciales del Caos y <strong>enfr\u00e9ntate<\/strong> en partidas en l\u00ednea 8 contra 8. Gana experiencia y desbloquea nuevas armas y armaduras para personalizar las clases Devastator, Assault y Tactical Marine<\/span><\/li>\n<\/ul>\n<p><span style=\"vertical-align: inherit;\"><span style=\"vertical-align: inherit;\">.<\/span><\/span><\/p>","protected":false},"excerpt":{"rendered":"<p>En Warhammer 40,000 Space Marine eres el Capit\u00e1n Titus, un marine espacial de los Ultramarines y un veterano experimentado en innumerables batallas. Todo en Space Marine. Por su parte, una horda de Orkos de millones de personas ha invadido un Imperial Forge World; una de las f\u00e1bricas del tama\u00f1o de un planeta donde se crean&#8230;<\/p>","protected":false},"featured_media":113945,"template":"","meta":{"_monsterinsights_skip_tracking":false,"_monsterinsights_sitenote_active":false,"_monsterinsights_sitenote_note":"","_monsterinsights_sitenote_category":0},"product_brand":[],"product_cat":[1501,2981,3596,1271,3164,1283,1280,1273,1392,1424],"product_tag":[2569,3048,3047,1774],"class_list":{"0":"post-113885","1":"product","2":"type-product","3":"status-publish","4":"has-post-thumbnail","6":"product_cat-tienda-de-videojuegos-ultimos-juegos-tijuana-mexico","7":"product_cat-destacados","8":"product_cat-tienda-de-videojuegos-steam-recomendados-en-tijuana-mexico","9":"product_cat-tienda-de-videojuegos-tijuana-mexico","10":"product_cat-tienda-de-videojuegos-baratos-economicos-tijuana-mexico","11":"product_cat-tienda-de-videojuegos-plataformas-tijuana-mexico","12":"product_cat-tienda-de-videojuegos-pc-tijuana-mexico","13":"product_cat-tienda-de-videojuegos-steam-key-tijuana-mexico","14":"product_cat-tienda-de-videojuegos-accion-tijuana-mexico","15":"product_cat-tienda-de-videojuegos-lo-mas-jugados-tijuana-mexico","16":"product_tag-2569","17":"product_tag-000-space-marine","18":"product_tag-space-marine","19":"product_tag-warhammer-40","21":"first","22":"instock","23":"shipping-taxable","24":"purchasable","25":"product-type-simple"},"yoast_head":"<!-- This site is optimized with the Yoast SEO plugin v27.0 - https:\/\/yoast.com\/product\/yoast-seo-wordpress\/ -->\n<title>Warhammer 40,000: Space Marine Steam CD Key - MERCADOKEYS<\/title>\n<meta name=\"description\" content=\"En Warhammer 40,000 Space Marine eres el Capit\u00e1n Titus, un marine espacial de los Ultramarines y un veterano experimentado en batallas\" \/>\n<meta name=\"robots\" content=\"index, follow, max-snippet:-1, max-image-preview:large, max-video-preview:-1\" \/>\n<link rel=\"canonical\" href=\"https:\/\/www.mercadokeys.com\/product\/warhammer-40000-space-marine-steam-cd-key\/\" \/>\n<meta property=\"og:locale\" content=\"en_GB\" \/>\n<meta property=\"og:type\" content=\"article\" \/>\n<meta property=\"og:title\" content=\"Warhammer 40,000: Space Marine Steam CD Key - MERCADOKEYS\" \/>\n<meta property=\"og:description\" content=\"En Warhammer 40,000 Space Marine eres el Capit\u00e1n Titus, un marine espacial de los Ultramarines y un veterano experimentado en batallas\" \/>\n<meta property=\"og:url\" content=\"https:\/\/www.mercadokeys.com\/product\/warhammer-40000-space-marine-steam-cd-key\/\" \/>\n<meta property=\"og:site_name\" content=\"MERCADOKEYS\" \/>\n<meta property=\"article:modified_time\" content=\"2022-06-28T13:11:46+00:00\" \/>\n<meta property=\"og:image\" content=\"https:\/\/www.mercadokeys.com\/wp-content\/uploads\/2021\/06\/Warhammer-40000-Space-Marine.jpg\" \/>\n\t<meta property=\"og:image:width\" content=\"600\" \/>\n\t<meta property=\"og:image:height\" content=\"800\" \/>\n\t<meta property=\"og:image:type\" content=\"image\/jpeg\" \/>\n<meta name=\"twitter:card\" content=\"summary_large_image\" \/>\n<meta name=\"twitter:label1\" content=\"Estimated reading time\" \/>\n\t<meta name=\"twitter:data1\" content=\"2 minutes\" \/>\n<script type=\"application\/ld+json\" class=\"yoast-schema-graph\">{\"@context\":\"https:\/\/schema.org\",\"@graph\":[{\"@type\":\"WebPage\",\"@id\":\"https:\/\/www.mercadokeys.com\/product\/warhammer-40000-space-marine-steam-cd-key\/\",\"url\":\"https:\/\/www.mercadokeys.com\/product\/warhammer-40000-space-marine-steam-cd-key\/\",\"name\":\"Warhammer 40,000: Space Marine Steam CD Key - MERCADOKEYS\",\"isPartOf\":{\"@id\":\"https:\/\/www.mercadokeys.com\/eng\/#website\"},\"primaryImageOfPage\":{\"@id\":\"https:\/\/www.mercadokeys.com\/product\/warhammer-40000-space-marine-steam-cd-key\/#primaryimage\"},\"image\":{\"@id\":\"https:\/\/www.mercadokeys.com\/product\/warhammer-40000-space-marine-steam-cd-key\/#primaryimage\"},\"thumbnailUrl\":\"https:\/\/www.mercadokeys.com.mx\/wp-content\/uploads\/2021\/06\/Warhammer-40000-Space-Marine.jpg\",\"datePublished\":\"2021-06-02T23:23:08+00:00\",\"dateModified\":\"2022-06-28T13:11:46+00:00\",\"description\":\"En Warhammer 40,000 Space Marine eres el Capit\u00e1n Titus, un marine espacial de los Ultramarines y un veterano experimentado en batallas\",\"breadcrumb\":{\"@id\":\"https:\/\/www.mercadokeys.com\/product\/warhammer-40000-space-marine-steam-cd-key\/#breadcrumb\"},\"inLanguage\":\"en-GB\",\"potentialAction\":[{\"@type\":\"ReadAction\",\"target\":[\"https:\/\/www.mercadokeys.com\/product\/warhammer-40000-space-marine-steam-cd-key\/\"]}]},{\"@type\":\"ImageObject\",\"inLanguage\":\"en-GB\",\"@id\":\"https:\/\/www.mercadokeys.com\/product\/warhammer-40000-space-marine-steam-cd-key\/#primaryimage\",\"url\":\"https:\/\/www.mercadokeys.com.mx\/wp-content\/uploads\/2021\/06\/Warhammer-40000-Space-Marine.jpg\",\"contentUrl\":\"https:\/\/www.mercadokeys.com.mx\/wp-content\/uploads\/2021\/06\/Warhammer-40000-Space-Marine.jpg\",\"width\":600,\"height\":800,\"caption\":\"Warhammer 40,000: Space Marine\"},{\"@type\":\"BreadcrumbList\",\"@id\":\"https:\/\/www.mercadokeys.com\/product\/warhammer-40000-space-marine-steam-cd-key\/#breadcrumb\",\"itemListElement\":[{\"@type\":\"ListItem\",\"position\":1,\"name\":\"Inicio\",\"item\":\"https:\/\/www.mercadokeys.com.mx\/\"},{\"@type\":\"ListItem\",\"position\":2,\"name\":\"Tienda\",\"item\":\"https:\/\/www.mercadokeys.com\/shop\/\"},{\"@type\":\"ListItem\",\"position\":3,\"name\":\"Warhammer 40,000: Space Marine Steam CD Key\"}]},{\"@type\":\"WebSite\",\"@id\":\"https:\/\/www.mercadokeys.com\/eng\/#website\",\"url\":\"https:\/\/www.mercadokeys.com\/eng\/\",\"name\":\"MERCADOKEYS\",\"description\":\"Tu Tienda de videojuegos digitales en Mexico!\",\"potentialAction\":[{\"@type\":\"SearchAction\",\"target\":{\"@type\":\"EntryPoint\",\"urlTemplate\":\"https:\/\/www.mercadokeys.com\/eng\/?s={search_term_string}\"},\"query-input\":{\"@type\":\"PropertyValueSpecification\",\"valueRequired\":true,\"valueName\":\"search_term_string\"}}],\"inLanguage\":\"en-GB\"}]}<\/script>\n<!-- \/ Yoast SEO plugin. -->","yoast_head_json":{"title":"Warhammer 40,000: Space Marine Steam CD Key - MERCADOKEYS","description":"En Warhammer 40,000 Space Marine eres el Capit\u00e1n Titus, un marine espacial de los Ultramarines y un veterano experimentado en batallas","robots":{"index":"index","follow":"follow","max-snippet":"max-snippet:-1","max-image-preview":"max-image-preview:large","max-video-preview":"max-video-preview:-1"},"canonical":"https:\/\/www.mercadokeys.com\/product\/warhammer-40000-space-marine-steam-cd-key\/","og_locale":"en_GB","og_type":"article","og_title":"Warhammer 40,000: Space Marine Steam CD Key - MERCADOKEYS","og_description":"En Warhammer 40,000 Space Marine eres el Capit\u00e1n Titus, un marine espacial de los Ultramarines y un veterano experimentado en batallas","og_url":"https:\/\/www.mercadokeys.com\/product\/warhammer-40000-space-marine-steam-cd-key\/","og_site_name":"MERCADOKEYS","article_modified_time":"2022-06-28T13:11:46+00:00","og_image":[{"width":600,"height":800,"url":"https:\/\/www.mercadokeys.com\/wp-content\/uploads\/2021\/06\/Warhammer-40000-Space-Marine.jpg","type":"image\/jpeg"}],"twitter_card":"summary_large_image","twitter_misc":{"Estimated reading time":"2 minutes"},"schema":{"@context":"https:\/\/schema.org","@graph":[{"@type":"WebPage","@id":"https:\/\/www.mercadokeys.com\/product\/warhammer-40000-space-marine-steam-cd-key\/","url":"https:\/\/www.mercadokeys.com\/product\/warhammer-40000-space-marine-steam-cd-key\/","name":"Warhammer 40,000: Space Marine Steam CD Key - MERCADOKEYS","isPartOf":{"@id":"https:\/\/www.mercadokeys.com\/eng\/#website"},"primaryImageOfPage":{"@id":"https:\/\/www.mercadokeys.com\/product\/warhammer-40000-space-marine-steam-cd-key\/#primaryimage"},"image":{"@id":"https:\/\/www.mercadokeys.com\/product\/warhammer-40000-space-marine-steam-cd-key\/#primaryimage"},"thumbnailUrl":"https:\/\/www.mercadokeys.com.mx\/wp-content\/uploads\/2021\/06\/Warhammer-40000-Space-Marine.jpg","datePublished":"2021-06-02T23:23:08+00:00","dateModified":"2022-06-28T13:11:46+00:00","description":"En Warhammer 40,000 Space Marine eres el Capit\u00e1n Titus, un marine espacial de los Ultramarines y un veterano experimentado en batallas","breadcrumb":{"@id":"https:\/\/www.mercadokeys.com\/product\/warhammer-40000-space-marine-steam-cd-key\/#breadcrumb"},"inLanguage":"en-GB","potentialAction":[{"@type":"ReadAction","target":["https:\/\/www.mercadokeys.com\/product\/warhammer-40000-space-marine-steam-cd-key\/"]}]},{"@type":"ImageObject","inLanguage":"en-GB","@id":"https:\/\/www.mercadokeys.com\/product\/warhammer-40000-space-marine-steam-cd-key\/#primaryimage","url":"https:\/\/www.mercadokeys.com.mx\/wp-content\/uploads\/2021\/06\/Warhammer-40000-Space-Marine.jpg","contentUrl":"https:\/\/www.mercadokeys.com.mx\/wp-content\/uploads\/2021\/06\/Warhammer-40000-Space-Marine.jpg","width":600,"height":800,"caption":"Warhammer 40,000: Space Marine"},{"@type":"BreadcrumbList","@id":"https:\/\/www.mercadokeys.com\/product\/warhammer-40000-space-marine-steam-cd-key\/#breadcrumb","itemListElement":[{"@type":"ListItem","position":1,"name":"Inicio","item":"https:\/\/www.mercadokeys.com.mx\/"},{"@type":"ListItem","position":2,"name":"Tienda","item":"https:\/\/www.mercadokeys.com\/shop\/"},{"@type":"ListItem","position":3,"name":"Warhammer 40,000: Space Marine Steam CD Key"}]},{"@type":"WebSite","@id":"https:\/\/www.mercadokeys.com\/eng\/#website","url":"https:\/\/www.mercadokeys.com\/eng\/","name":"MERCADOKEYS","description":"Tu Tienda de videojuegos digitales en Mexico!","potentialAction":[{"@type":"SearchAction","target":{"@type":"EntryPoint","urlTemplate":"https:\/\/www.mercadokeys.com\/eng\/?s={search_term_string}"},"query-input":{"@type":"PropertyValueSpecification","valueRequired":true,"valueName":"search_term_string"}}],"inLanguage":"en-GB"}]}},"df_price":65.128321,"df_sale_price":65.128321,"df_regular_price":65.128321,"df_image_link":"https:\/\/www.mercadokeys.com.mx\/wp-content\/uploads\/2021\/06\/Warhammer-40000-Space-Marine-225x300.jpg","_links":{"self":[{"href":"https:\/\/www.mercadokeys.com.mx\/eng\/wp-json\/wp\/v2\/product\/113885","targetHints":{"allow":["GET"]}}],"collection":[{"href":"https:\/\/www.mercadokeys.com.mx\/eng\/wp-json\/wp\/v2\/product"}],"about":[{"href":"https:\/\/www.mercadokeys.com.mx\/eng\/wp-json\/wp\/v2\/types\/product"}],"wp:featuredmedia":[{"embeddable":true,"href":"https:\/\/www.mercadokeys.com.mx\/eng\/wp-json\/wp\/v2\/media\/113945"}],"wp:attachment":[{"href":"https:\/\/www.mercadokeys.com.mx\/eng\/wp-json\/wp\/v2\/media?parent=113885"}],"wp:term":[{"taxonomy":"product_brand","embeddable":true,"href":"https:\/\/www.mercadokeys.com.mx\/eng\/wp-json\/wp\/v2\/product_brand?post=113885"},{"taxonomy":"product_cat","embeddable":true,"href":"https:\/\/www.mercadokeys.com.mx\/eng\/wp-json\/wp\/v2\/product_cat?post=113885"},{"taxonomy":"product_tag","embeddable":true,"href":"https:\/\/www.mercadokeys.com.mx\/eng\/wp-json\/wp\/v2\/product_tag?post=113885"}],"curies":[{"name":"wp","href":"https:\/\/api.w.org\/{rel}","templated":true}]}}