{"id":113877,"date":"2021-06-02T16:15:49","date_gmt":"2021-06-02T23:15:49","guid":{"rendered":"https:\/\/www.mercadokeys.com\/product\/tales-from-the-borderlands-steam-cd-key\/"},"modified":"2022-06-28T06:11:34","modified_gmt":"2022-06-28T13:11:34","slug":"tales-from-the-borderlands-steam-cd-key","status":"publish","type":"product","link":"https:\/\/www.mercadokeys.com.mx\/eng\/product\/tales-from-the-borderlands-steam-cd-key\/","title":{"rendered":"Tales from the Borderlands Steam CD Key"},"content":{"rendered":"<p><span style=\"vertical-align: inherit;\">Tales from the Borderlands es una serie de juegos de cinco episodios de los creadores de The Wolf Among Us y The Walking Dead: A Telltale Games Series. Ambientada en el implacable mundo de Pandora despu\u00e9s de los eventos vistos en Borderlands 2, esta es una historia llena del humor caracter\u00edstico de Borderlands, que sigue a dos aventureros en su b\u00fasqueda de la grandeza.<\/span><\/p>\n<p><span style=\"vertical-align: inherit;\"> <span class=\"\" style=\"vertical-align: inherit;\">Jugar\u00e1s como Rhys, un &#8216;traje&#8217; de Hyperion que sue\u00f1a con ser el pr\u00f3ximo Jack Guapo, y Fiona, una estafadora de Pandora que busca anotar su mayor estafa. <\/span><span class=\"\" style=\"vertical-align: inherit;\">Reunidos como socios involuntarios en una aventura para recuperar el dinero que ambos creen que es suyo; su viaje los llevar\u00e1 a un viaje salvaje donde los g\u00e1nsteres, los se\u00f1ores de los bandidos y los buscac\u00e1maras son solo algunos de los obst\u00e1culos que encontrar\u00e1 en esta nueva toma. en el galardonado universo creado por Gearbox Software. Todo en Tales from the Borderlands.\u00a0<\/span><\/span><\/p>","protected":false},"excerpt":{"rendered":"<p>Tales from the Borderlands es una serie de juegos de cinco episodios de los creadores de The Wolf Among Us y The Walking Dead: A Telltale Games Series. Ambientada en el implacable mundo de Pandora despu\u00e9s de los eventos vistos en Borderlands 2, esta es una historia llena del humor caracter\u00edstico de Borderlands, que sigue&#8230;<\/p>","protected":false},"featured_media":113878,"template":"","meta":{"_monsterinsights_skip_tracking":false,"_monsterinsights_sitenote_active":false,"_monsterinsights_sitenote_note":"","_monsterinsights_sitenote_category":0},"product_brand":[],"product_cat":[1501,2981,1271,1283,1280,1273,1394,1427,1424],"product_tag":[1871,3063,3064],"class_list":{"0":"post-113877","1":"product","2":"type-product","3":"status-publish","4":"has-post-thumbnail","6":"product_cat-tienda-de-videojuegos-ultimos-juegos-tijuana-mexico","7":"product_cat-destacados","8":"product_cat-tienda-de-videojuegos-tijuana-mexico","9":"product_cat-tienda-de-videojuegos-plataformas-tijuana-mexico","10":"product_cat-tienda-de-videojuegos-pc-tijuana-mexico","11":"product_cat-tienda-de-videojuegos-steam-key-tijuana-mexico","12":"product_cat-tienda-de-videojuegos-aventura-tijuana-mexico","13":"product_cat-tienda-de-videojuegos-juegos-para-mando-tijuana-mexico","14":"product_cat-tienda-de-videojuegos-lo-mas-jugados-tijuana-mexico","15":"product_tag-borderlands","16":"product_tag-tales-from-the-borderlands","17":"product_tag-tales-from-the-borderlands-steam","19":"first","20":"instock","21":"shipping-taxable","22":"purchasable","23":"product-type-simple"},"yoast_head":"<!-- This site is optimized with the Yoast SEO plugin v27.0 - https:\/\/yoast.com\/product\/yoast-seo-wordpress\/ -->\n<title>Tales from the Borderlands Steam CD Key - MERCADOKEYS<\/title>\n<meta name=\"description\" content=\"Tales from the Borderlands es una serie de juegos de cinco episodios de los creadores de The Wolf Among Us y The Walking Dead\" \/>\n<meta name=\"robots\" content=\"index, follow, max-snippet:-1, max-image-preview:large, max-video-preview:-1\" \/>\n<link rel=\"canonical\" href=\"https:\/\/www.mercadokeys.com\/product\/tales-from-the-borderlands-steam-cd-key\/\" \/>\n<meta property=\"og:locale\" content=\"en_GB\" \/>\n<meta property=\"og:type\" content=\"article\" \/>\n<meta property=\"og:title\" content=\"Tales from the Borderlands Steam CD Key - MERCADOKEYS\" \/>\n<meta property=\"og:description\" content=\"Tales from the Borderlands es una serie de juegos de cinco episodios de los creadores de The Wolf Among Us y The Walking Dead\" \/>\n<meta property=\"og:url\" content=\"https:\/\/www.mercadokeys.com\/product\/tales-from-the-borderlands-steam-cd-key\/\" \/>\n<meta property=\"og:site_name\" content=\"MERCADOKEYS\" \/>\n<meta property=\"article:modified_time\" content=\"2022-06-28T13:11:34+00:00\" \/>\n<meta property=\"og:image\" content=\"https:\/\/www.mercadokeys.com\/wp-content\/uploads\/2021\/06\/tales-from-the-borderlands_cover_original.png\" \/>\n\t<meta property=\"og:image:width\" content=\"720\" \/>\n\t<meta property=\"og:image:height\" content=\"1080\" \/>\n\t<meta property=\"og:image:type\" content=\"image\/png\" \/>\n<meta name=\"twitter:card\" content=\"summary_large_image\" \/>\n<meta name=\"twitter:label1\" content=\"Estimated reading time\" \/>\n\t<meta name=\"twitter:data1\" content=\"1 minute\" \/>\n<script type=\"application\/ld+json\" class=\"yoast-schema-graph\">{\"@context\":\"https:\/\/schema.org\",\"@graph\":[{\"@type\":\"WebPage\",\"@id\":\"https:\/\/www.mercadokeys.com\/product\/tales-from-the-borderlands-steam-cd-key\/\",\"url\":\"https:\/\/www.mercadokeys.com\/product\/tales-from-the-borderlands-steam-cd-key\/\",\"name\":\"Tales from the Borderlands Steam CD Key - MERCADOKEYS\",\"isPartOf\":{\"@id\":\"https:\/\/www.mercadokeys.com\/eng\/#website\"},\"primaryImageOfPage\":{\"@id\":\"https:\/\/www.mercadokeys.com\/product\/tales-from-the-borderlands-steam-cd-key\/#primaryimage\"},\"image\":{\"@id\":\"https:\/\/www.mercadokeys.com\/product\/tales-from-the-borderlands-steam-cd-key\/#primaryimage\"},\"thumbnailUrl\":\"https:\/\/www.mercadokeys.com.mx\/wp-content\/uploads\/2021\/06\/tales-from-the-borderlands_cover_original.png\",\"datePublished\":\"2021-06-02T23:15:49+00:00\",\"dateModified\":\"2022-06-28T13:11:34+00:00\",\"description\":\"Tales from the Borderlands es una serie de juegos de cinco episodios de los creadores de The Wolf Among Us y The Walking Dead\",\"breadcrumb\":{\"@id\":\"https:\/\/www.mercadokeys.com\/product\/tales-from-the-borderlands-steam-cd-key\/#breadcrumb\"},\"inLanguage\":\"en-GB\",\"potentialAction\":[{\"@type\":\"ReadAction\",\"target\":[\"https:\/\/www.mercadokeys.com\/product\/tales-from-the-borderlands-steam-cd-key\/\"]}]},{\"@type\":\"ImageObject\",\"inLanguage\":\"en-GB\",\"@id\":\"https:\/\/www.mercadokeys.com\/product\/tales-from-the-borderlands-steam-cd-key\/#primaryimage\",\"url\":\"https:\/\/www.mercadokeys.com.mx\/wp-content\/uploads\/2021\/06\/tales-from-the-borderlands_cover_original.png\",\"contentUrl\":\"https:\/\/www.mercadokeys.com.mx\/wp-content\/uploads\/2021\/06\/tales-from-the-borderlands_cover_original.png\",\"width\":720,\"height\":1080},{\"@type\":\"BreadcrumbList\",\"@id\":\"https:\/\/www.mercadokeys.com\/product\/tales-from-the-borderlands-steam-cd-key\/#breadcrumb\",\"itemListElement\":[{\"@type\":\"ListItem\",\"position\":1,\"name\":\"Inicio\",\"item\":\"https:\/\/www.mercadokeys.com.mx\/\"},{\"@type\":\"ListItem\",\"position\":2,\"name\":\"Tienda\",\"item\":\"https:\/\/www.mercadokeys.com\/shop\/\"},{\"@type\":\"ListItem\",\"position\":3,\"name\":\"Tales from the Borderlands Steam CD Key\"}]},{\"@type\":\"WebSite\",\"@id\":\"https:\/\/www.mercadokeys.com\/eng\/#website\",\"url\":\"https:\/\/www.mercadokeys.com\/eng\/\",\"name\":\"MERCADOKEYS\",\"description\":\"Tu Tienda de videojuegos digitales en Mexico!\",\"potentialAction\":[{\"@type\":\"SearchAction\",\"target\":{\"@type\":\"EntryPoint\",\"urlTemplate\":\"https:\/\/www.mercadokeys.com\/eng\/?s={search_term_string}\"},\"query-input\":{\"@type\":\"PropertyValueSpecification\",\"valueRequired\":true,\"valueName\":\"search_term_string\"}}],\"inLanguage\":\"en-GB\"}]}<\/script>\n<!-- \/ Yoast SEO plugin. -->","yoast_head_json":{"title":"Tales from the Borderlands Steam CD Key - MERCADOKEYS","description":"Tales from the Borderlands es una serie de juegos de cinco episodios de los creadores de The Wolf Among Us y The Walking Dead","robots":{"index":"index","follow":"follow","max-snippet":"max-snippet:-1","max-image-preview":"max-image-preview:large","max-video-preview":"max-video-preview:-1"},"canonical":"https:\/\/www.mercadokeys.com\/product\/tales-from-the-borderlands-steam-cd-key\/","og_locale":"en_GB","og_type":"article","og_title":"Tales from the Borderlands Steam CD Key - MERCADOKEYS","og_description":"Tales from the Borderlands es una serie de juegos de cinco episodios de los creadores de The Wolf Among Us y The Walking Dead","og_url":"https:\/\/www.mercadokeys.com\/product\/tales-from-the-borderlands-steam-cd-key\/","og_site_name":"MERCADOKEYS","article_modified_time":"2022-06-28T13:11:34+00:00","og_image":[{"width":720,"height":1080,"url":"https:\/\/www.mercadokeys.com\/wp-content\/uploads\/2021\/06\/tales-from-the-borderlands_cover_original.png","type":"image\/png"}],"twitter_card":"summary_large_image","twitter_misc":{"Estimated reading time":"1 minute"},"schema":{"@context":"https:\/\/schema.org","@graph":[{"@type":"WebPage","@id":"https:\/\/www.mercadokeys.com\/product\/tales-from-the-borderlands-steam-cd-key\/","url":"https:\/\/www.mercadokeys.com\/product\/tales-from-the-borderlands-steam-cd-key\/","name":"Tales from the Borderlands Steam CD Key - MERCADOKEYS","isPartOf":{"@id":"https:\/\/www.mercadokeys.com\/eng\/#website"},"primaryImageOfPage":{"@id":"https:\/\/www.mercadokeys.com\/product\/tales-from-the-borderlands-steam-cd-key\/#primaryimage"},"image":{"@id":"https:\/\/www.mercadokeys.com\/product\/tales-from-the-borderlands-steam-cd-key\/#primaryimage"},"thumbnailUrl":"https:\/\/www.mercadokeys.com.mx\/wp-content\/uploads\/2021\/06\/tales-from-the-borderlands_cover_original.png","datePublished":"2021-06-02T23:15:49+00:00","dateModified":"2022-06-28T13:11:34+00:00","description":"Tales from the Borderlands es una serie de juegos de cinco episodios de los creadores de The Wolf Among Us y The Walking Dead","breadcrumb":{"@id":"https:\/\/www.mercadokeys.com\/product\/tales-from-the-borderlands-steam-cd-key\/#breadcrumb"},"inLanguage":"en-GB","potentialAction":[{"@type":"ReadAction","target":["https:\/\/www.mercadokeys.com\/product\/tales-from-the-borderlands-steam-cd-key\/"]}]},{"@type":"ImageObject","inLanguage":"en-GB","@id":"https:\/\/www.mercadokeys.com\/product\/tales-from-the-borderlands-steam-cd-key\/#primaryimage","url":"https:\/\/www.mercadokeys.com.mx\/wp-content\/uploads\/2021\/06\/tales-from-the-borderlands_cover_original.png","contentUrl":"https:\/\/www.mercadokeys.com.mx\/wp-content\/uploads\/2021\/06\/tales-from-the-borderlands_cover_original.png","width":720,"height":1080},{"@type":"BreadcrumbList","@id":"https:\/\/www.mercadokeys.com\/product\/tales-from-the-borderlands-steam-cd-key\/#breadcrumb","itemListElement":[{"@type":"ListItem","position":1,"name":"Inicio","item":"https:\/\/www.mercadokeys.com.mx\/"},{"@type":"ListItem","position":2,"name":"Tienda","item":"https:\/\/www.mercadokeys.com\/shop\/"},{"@type":"ListItem","position":3,"name":"Tales from the Borderlands Steam CD Key"}]},{"@type":"WebSite","@id":"https:\/\/www.mercadokeys.com\/eng\/#website","url":"https:\/\/www.mercadokeys.com\/eng\/","name":"MERCADOKEYS","description":"Tu Tienda de videojuegos digitales en Mexico!","potentialAction":[{"@type":"SearchAction","target":{"@type":"EntryPoint","urlTemplate":"https:\/\/www.mercadokeys.com\/eng\/?s={search_term_string}"},"query-input":{"@type":"PropertyValueSpecification","valueRequired":true,"valueName":"search_term_string"}}],"inLanguage":"en-GB"}]}},"df_price":410.962552,"df_sale_price":410.962552,"df_regular_price":410.962552,"df_image_link":"https:\/\/www.mercadokeys.com.mx\/wp-content\/uploads\/2021\/06\/tales-from-the-borderlands_cover_original-200x300.png","_links":{"self":[{"href":"https:\/\/www.mercadokeys.com.mx\/eng\/wp-json\/wp\/v2\/product\/113877","targetHints":{"allow":["GET"]}}],"collection":[{"href":"https:\/\/www.mercadokeys.com.mx\/eng\/wp-json\/wp\/v2\/product"}],"about":[{"href":"https:\/\/www.mercadokeys.com.mx\/eng\/wp-json\/wp\/v2\/types\/product"}],"wp:featuredmedia":[{"embeddable":true,"href":"https:\/\/www.mercadokeys.com.mx\/eng\/wp-json\/wp\/v2\/media\/113878"}],"wp:attachment":[{"href":"https:\/\/www.mercadokeys.com.mx\/eng\/wp-json\/wp\/v2\/media?parent=113877"}],"wp:term":[{"taxonomy":"product_brand","embeddable":true,"href":"https:\/\/www.mercadokeys.com.mx\/eng\/wp-json\/wp\/v2\/product_brand?post=113877"},{"taxonomy":"product_cat","embeddable":true,"href":"https:\/\/www.mercadokeys.com.mx\/eng\/wp-json\/wp\/v2\/product_cat?post=113877"},{"taxonomy":"product_tag","embeddable":true,"href":"https:\/\/www.mercadokeys.com.mx\/eng\/wp-json\/wp\/v2\/product_tag?post=113877"}],"curies":[{"name":"wp","href":"https:\/\/api.w.org\/{rel}","templated":true}]}}