{"id":113867,"date":"2021-06-01T13:30:05","date_gmt":"2021-06-01T20:30:05","guid":{"rendered":"https:\/\/www.mercadokeys.com\/product\/red-dead-redemption-2-rockstar-digital-download-cd-key\/"},"modified":"2026-04-27T07:12:55","modified_gmt":"2026-04-27T14:12:55","slug":"red-dead-redemption-2-rockstar-digital-download-cd-key","status":"publish","type":"product","link":"https:\/\/www.mercadokeys.com.mx\/eng\/product\/red-dead-redemption-2-rockstar-digital-download-cd-key\/","title":{"rendered":"Red Dead Redemption 2 Rockstar Digital Download CD Key"},"content":{"rendered":"<p>En Red Dead Redemption 2 Arthur Morgan y la banda de Van der Linde son forajidos buscados. Mientras los agentes federales y los mejores cazarrecompensas de la naci\u00f3n les pisan los talones; la banda deber\u00e1 abrirse camino por el abrupto territorio del coraz\u00f3n de Estados Unidos a base de robos y peleas para sobrevivir. Arthur deber\u00e1 elegir entre sus propios ideales y la lealtad a la banda que lo vio crecer.<\/p>\n<p>Con contenido adicional para el Modo Historia y un completo Modo Foto, Red Dead Redemption 2 tambi\u00e9n incluye acceso gratuito al mundo multijugador compartido de Red Dead Online; en el que los jugadores asumen diversos roles para ganarse la vida a su manera en la frontera mientras persiguen a fugitivos buscados como cazarrecompensas, crean un negocio como comerciantes, descubren ex\u00f3ticos tesoros como coleccionistas, dirigen una destiler\u00eda ilegal como fabricantes de aguardiente y m\u00e1s.<\/p>\n<p>Gracias a los nuevos avances gr\u00e1ficos y t\u00e9cnicos que permiten una mayor inmersi\u00f3n en el juego, Red Dead Redemption 2 para PC aprovecha al m\u00e1ximo la potencia de los equipos para conseguir que todos y cada uno de los aspectos de este gigantesco mundo lleno de detalles cobren vida. Incluye mayores distancias de dibujado; iluminaci\u00f3n global y oclusi\u00f3n ambiental de mayor calidad, para mejorar la luz tanto de d\u00eda como de noche; reflejos perfeccionados y sombras m\u00e1s profundas y de mayor resoluci\u00f3n a todas las distancias; texturas de \u00e1rboles teseladas y texturas de hierba y pelaje mejoradas para aumentar el realismo de las plantas y animales.<\/p>\n<p>Red Dead Redemption 2 para PC tambi\u00e9n ofrece compatibilidad con HDR, la posibilidad de utilizar pantallas de alta gama (con resoluciones 4K y superiores); configuraciones con varios monitores, con pantalla panor\u00e1mica, mayores tasas de fotogramas, etc.<\/p>","protected":false},"excerpt":{"rendered":"<p>En Red Dead Redemption 2 Arthur Morgan y la banda de Van der Linde son forajidos buscados. Mientras los agentes federales y los mejores cazarrecompensas de la naci\u00f3n les pisan los talones; la banda deber\u00e1 abrirse camino por el abrupto territorio del coraz\u00f3n de Estados Unidos a base de robos y peleas para sobrevivir. Arthur&#8230;<\/p>","protected":false},"featured_media":118634,"template":"","meta":{"_monsterinsights_skip_tracking":false,"_monsterinsights_sitenote_active":false,"_monsterinsights_sitenote_note":"","_monsterinsights_sitenote_category":0},"product_brand":[],"product_cat":[1501,1271,1420,1283,1280,1324,1392,1394,1428,1424],"product_tag":[3079,2962,2299,2298,3078],"class_list":{"0":"post-113867","1":"product","2":"type-product","3":"status-publish","4":"has-post-thumbnail","6":"product_cat-tienda-de-videojuegos-ultimos-juegos-tijuana-mexico","7":"product_cat-tienda-de-videojuegos-tijuana-mexico","8":"product_cat-tienda-de-videojuegos-populares-tijuana-mexico","9":"product_cat-tienda-de-videojuegos-plataformas-tijuana-mexico","10":"product_cat-tienda-de-videojuegos-pc-tijuana-mexico","11":"product_cat-tienda-de-videojuegos-rockstar-games-tijuana-mexico","12":"product_cat-tienda-de-videojuegos-accion-tijuana-mexico","13":"product_cat-tienda-de-videojuegos-aventura-tijuana-mexico","14":"product_cat-tienda-de-videojuegos-cooperativos-tijuana-mexico","15":"product_cat-tienda-de-videojuegos-lo-mas-jugados-tijuana-mexico","16":"product_tag-rdr","17":"product_tag-rdr-2","18":"product_tag-red-dead-redemption","19":"product_tag-red-dead-redemption-2","20":"product_tag-red-dead-redemption-2-rockstar-digital-download","22":"first","23":"instock","24":"shipping-taxable","25":"purchasable","26":"product-type-simple"},"yoast_head":"<!-- This site is optimized with the Yoast SEO plugin v27.0 - https:\/\/yoast.com\/product\/yoast-seo-wordpress\/ -->\n<title>Red Dead Redemption 2 Rockstar Digital Download CD Key - MERCADOKEYS<\/title>\n<meta name=\"description\" content=\"En Red Dead Redemption 2 Arthur Morgan y la banda de Van der Linde son forajidos buscados. Mientras les pisan los talones.\" \/>\n<meta name=\"robots\" content=\"index, follow, max-snippet:-1, max-image-preview:large, max-video-preview:-1\" \/>\n<link rel=\"canonical\" href=\"https:\/\/www.mercadokeys.com\/product\/red-dead-redemption-2-rockstar-digital-download-cd-key\/\" \/>\n<meta property=\"og:locale\" content=\"en_GB\" \/>\n<meta property=\"og:type\" content=\"article\" \/>\n<meta property=\"og:title\" content=\"Red Dead Redemption 2 Rockstar Digital Download CD Key - MERCADOKEYS\" \/>\n<meta property=\"og:description\" content=\"En Red Dead Redemption 2 Arthur Morgan y la banda de Van der Linde son forajidos buscados. Mientras les pisan los talones.\" \/>\n<meta property=\"og:url\" content=\"https:\/\/www.mercadokeys.com\/product\/red-dead-redemption-2-rockstar-digital-download-cd-key\/\" \/>\n<meta property=\"og:site_name\" content=\"MERCADOKEYS\" \/>\n<meta property=\"article:modified_time\" content=\"2026-04-27T14:12:55+00:00\" \/>\n<meta property=\"og:image\" content=\"https:\/\/www.mercadokeys.com\/wp-content\/uploads\/2021\/06\/RED-DEAD-REDAMTION-II-STEAM-MERCADOKEYS.jpg\" \/>\n\t<meta property=\"og:image:width\" content=\"230\" \/>\n\t<meta property=\"og:image:height\" content=\"336\" \/>\n\t<meta property=\"og:image:type\" content=\"image\/jpeg\" \/>\n<meta name=\"twitter:card\" content=\"summary_large_image\" \/>\n<meta name=\"twitter:label1\" content=\"Estimated reading time\" \/>\n\t<meta name=\"twitter:data1\" content=\"2 minutes\" \/>\n<script type=\"application\/ld+json\" class=\"yoast-schema-graph\">{\"@context\":\"https:\/\/schema.org\",\"@graph\":[{\"@type\":\"WebPage\",\"@id\":\"https:\/\/www.mercadokeys.com\/product\/red-dead-redemption-2-rockstar-digital-download-cd-key\/\",\"url\":\"https:\/\/www.mercadokeys.com\/product\/red-dead-redemption-2-rockstar-digital-download-cd-key\/\",\"name\":\"Red Dead Redemption 2 Rockstar Digital Download CD Key - MERCADOKEYS\",\"isPartOf\":{\"@id\":\"https:\/\/www.mercadokeys.com\/eng\/#website\"},\"primaryImageOfPage\":{\"@id\":\"https:\/\/www.mercadokeys.com\/product\/red-dead-redemption-2-rockstar-digital-download-cd-key\/#primaryimage\"},\"image\":{\"@id\":\"https:\/\/www.mercadokeys.com\/product\/red-dead-redemption-2-rockstar-digital-download-cd-key\/#primaryimage\"},\"thumbnailUrl\":\"https:\/\/www.mercadokeys.com.mx\/wp-content\/uploads\/2021\/06\/RED-DEAD-REDAMTION-II-STEAM-MERCADOKEYS.jpg\",\"datePublished\":\"2021-06-01T20:30:05+00:00\",\"dateModified\":\"2026-04-27T14:12:55+00:00\",\"description\":\"En Red Dead Redemption 2 Arthur Morgan y la banda de Van der Linde son forajidos buscados. Mientras les pisan los talones.\",\"breadcrumb\":{\"@id\":\"https:\/\/www.mercadokeys.com\/product\/red-dead-redemption-2-rockstar-digital-download-cd-key\/#breadcrumb\"},\"inLanguage\":\"en-GB\",\"potentialAction\":[{\"@type\":\"ReadAction\",\"target\":[\"https:\/\/www.mercadokeys.com\/product\/red-dead-redemption-2-rockstar-digital-download-cd-key\/\"]}]},{\"@type\":\"ImageObject\",\"inLanguage\":\"en-GB\",\"@id\":\"https:\/\/www.mercadokeys.com\/product\/red-dead-redemption-2-rockstar-digital-download-cd-key\/#primaryimage\",\"url\":\"https:\/\/www.mercadokeys.com.mx\/wp-content\/uploads\/2021\/06\/RED-DEAD-REDAMTION-II-STEAM-MERCADOKEYS.jpg\",\"contentUrl\":\"https:\/\/www.mercadokeys.com.mx\/wp-content\/uploads\/2021\/06\/RED-DEAD-REDAMTION-II-STEAM-MERCADOKEYS.jpg\",\"width\":230,\"height\":336},{\"@type\":\"BreadcrumbList\",\"@id\":\"https:\/\/www.mercadokeys.com\/product\/red-dead-redemption-2-rockstar-digital-download-cd-key\/#breadcrumb\",\"itemListElement\":[{\"@type\":\"ListItem\",\"position\":1,\"name\":\"Inicio\",\"item\":\"https:\/\/www.mercadokeys.com.mx\/\"},{\"@type\":\"ListItem\",\"position\":2,\"name\":\"Tienda\",\"item\":\"https:\/\/www.mercadokeys.com\/shop\/\"},{\"@type\":\"ListItem\",\"position\":3,\"name\":\"Red Dead Redemption 2 Rockstar Digital Download CD Key\"}]},{\"@type\":\"WebSite\",\"@id\":\"https:\/\/www.mercadokeys.com\/eng\/#website\",\"url\":\"https:\/\/www.mercadokeys.com\/eng\/\",\"name\":\"MERCADOKEYS\",\"description\":\"Tu Tienda de videojuegos digitales en Mexico!\",\"potentialAction\":[{\"@type\":\"SearchAction\",\"target\":{\"@type\":\"EntryPoint\",\"urlTemplate\":\"https:\/\/www.mercadokeys.com\/eng\/?s={search_term_string}\"},\"query-input\":{\"@type\":\"PropertyValueSpecification\",\"valueRequired\":true,\"valueName\":\"search_term_string\"}}],\"inLanguage\":\"en-GB\"}]}<\/script>\n<!-- \/ Yoast SEO plugin. -->","yoast_head_json":{"title":"Red Dead Redemption 2 Rockstar Digital Download CD Key - MERCADOKEYS","description":"En Red Dead Redemption 2 Arthur Morgan y la banda de Van der Linde son forajidos buscados. Mientras les pisan los talones.","robots":{"index":"index","follow":"follow","max-snippet":"max-snippet:-1","max-image-preview":"max-image-preview:large","max-video-preview":"max-video-preview:-1"},"canonical":"https:\/\/www.mercadokeys.com\/product\/red-dead-redemption-2-rockstar-digital-download-cd-key\/","og_locale":"en_GB","og_type":"article","og_title":"Red Dead Redemption 2 Rockstar Digital Download CD Key - MERCADOKEYS","og_description":"En Red Dead Redemption 2 Arthur Morgan y la banda de Van der Linde son forajidos buscados. Mientras les pisan los talones.","og_url":"https:\/\/www.mercadokeys.com\/product\/red-dead-redemption-2-rockstar-digital-download-cd-key\/","og_site_name":"MERCADOKEYS","article_modified_time":"2026-04-27T14:12:55+00:00","og_image":[{"width":230,"height":336,"url":"https:\/\/www.mercadokeys.com\/wp-content\/uploads\/2021\/06\/RED-DEAD-REDAMTION-II-STEAM-MERCADOKEYS.jpg","type":"image\/jpeg"}],"twitter_card":"summary_large_image","twitter_misc":{"Estimated reading time":"2 minutes"},"schema":{"@context":"https:\/\/schema.org","@graph":[{"@type":"WebPage","@id":"https:\/\/www.mercadokeys.com\/product\/red-dead-redemption-2-rockstar-digital-download-cd-key\/","url":"https:\/\/www.mercadokeys.com\/product\/red-dead-redemption-2-rockstar-digital-download-cd-key\/","name":"Red Dead Redemption 2 Rockstar Digital Download CD Key - MERCADOKEYS","isPartOf":{"@id":"https:\/\/www.mercadokeys.com\/eng\/#website"},"primaryImageOfPage":{"@id":"https:\/\/www.mercadokeys.com\/product\/red-dead-redemption-2-rockstar-digital-download-cd-key\/#primaryimage"},"image":{"@id":"https:\/\/www.mercadokeys.com\/product\/red-dead-redemption-2-rockstar-digital-download-cd-key\/#primaryimage"},"thumbnailUrl":"https:\/\/www.mercadokeys.com.mx\/wp-content\/uploads\/2021\/06\/RED-DEAD-REDAMTION-II-STEAM-MERCADOKEYS.jpg","datePublished":"2021-06-01T20:30:05+00:00","dateModified":"2026-04-27T14:12:55+00:00","description":"En Red Dead Redemption 2 Arthur Morgan y la banda de Van der Linde son forajidos buscados. Mientras les pisan los talones.","breadcrumb":{"@id":"https:\/\/www.mercadokeys.com\/product\/red-dead-redemption-2-rockstar-digital-download-cd-key\/#breadcrumb"},"inLanguage":"en-GB","potentialAction":[{"@type":"ReadAction","target":["https:\/\/www.mercadokeys.com\/product\/red-dead-redemption-2-rockstar-digital-download-cd-key\/"]}]},{"@type":"ImageObject","inLanguage":"en-GB","@id":"https:\/\/www.mercadokeys.com\/product\/red-dead-redemption-2-rockstar-digital-download-cd-key\/#primaryimage","url":"https:\/\/www.mercadokeys.com.mx\/wp-content\/uploads\/2021\/06\/RED-DEAD-REDAMTION-II-STEAM-MERCADOKEYS.jpg","contentUrl":"https:\/\/www.mercadokeys.com.mx\/wp-content\/uploads\/2021\/06\/RED-DEAD-REDAMTION-II-STEAM-MERCADOKEYS.jpg","width":230,"height":336},{"@type":"BreadcrumbList","@id":"https:\/\/www.mercadokeys.com\/product\/red-dead-redemption-2-rockstar-digital-download-cd-key\/#breadcrumb","itemListElement":[{"@type":"ListItem","position":1,"name":"Inicio","item":"https:\/\/www.mercadokeys.com.mx\/"},{"@type":"ListItem","position":2,"name":"Tienda","item":"https:\/\/www.mercadokeys.com\/shop\/"},{"@type":"ListItem","position":3,"name":"Red Dead Redemption 2 Rockstar Digital Download CD Key"}]},{"@type":"WebSite","@id":"https:\/\/www.mercadokeys.com\/eng\/#website","url":"https:\/\/www.mercadokeys.com\/eng\/","name":"MERCADOKEYS","description":"Tu Tienda de videojuegos digitales en Mexico!","potentialAction":[{"@type":"SearchAction","target":{"@type":"EntryPoint","urlTemplate":"https:\/\/www.mercadokeys.com\/eng\/?s={search_term_string}"},"query-input":{"@type":"PropertyValueSpecification","valueRequired":true,"valueName":"search_term_string"}}],"inLanguage":"en-GB"}]}},"df_price":1156.320007,"df_sale_price":1156.320007,"df_regular_price":1156.320007,"df_image_link":"https:\/\/www.mercadokeys.com.mx\/wp-content\/uploads\/2021\/06\/RED-DEAD-REDAMTION-II-STEAM-MERCADOKEYS-205x300.jpg","_links":{"self":[{"href":"https:\/\/www.mercadokeys.com.mx\/eng\/wp-json\/wp\/v2\/product\/113867","targetHints":{"allow":["GET"]}}],"collection":[{"href":"https:\/\/www.mercadokeys.com.mx\/eng\/wp-json\/wp\/v2\/product"}],"about":[{"href":"https:\/\/www.mercadokeys.com.mx\/eng\/wp-json\/wp\/v2\/types\/product"}],"wp:featuredmedia":[{"embeddable":true,"href":"https:\/\/www.mercadokeys.com.mx\/eng\/wp-json\/wp\/v2\/media\/118634"}],"wp:attachment":[{"href":"https:\/\/www.mercadokeys.com.mx\/eng\/wp-json\/wp\/v2\/media?parent=113867"}],"wp:term":[{"taxonomy":"product_brand","embeddable":true,"href":"https:\/\/www.mercadokeys.com.mx\/eng\/wp-json\/wp\/v2\/product_brand?post=113867"},{"taxonomy":"product_cat","embeddable":true,"href":"https:\/\/www.mercadokeys.com.mx\/eng\/wp-json\/wp\/v2\/product_cat?post=113867"},{"taxonomy":"product_tag","embeddable":true,"href":"https:\/\/www.mercadokeys.com.mx\/eng\/wp-json\/wp\/v2\/product_tag?post=113867"}],"curies":[{"name":"wp","href":"https:\/\/api.w.org\/{rel}","templated":true}]}}