{"id":113835,"date":"2021-06-01T12:08:07","date_gmt":"2021-06-01T19:08:07","guid":{"rendered":"https:\/\/www.mercadokeys.com\/product\/borderlands-game-of-the-year-enhanced-steam-cd-key\/"},"modified":"2022-06-29T06:05:13","modified_gmt":"2022-06-29T13:05:13","slug":"borderlands-game-of-the-year-enhanced-steam-cd-key","status":"publish","type":"product","link":"https:\/\/www.mercadokeys.com.mx\/eng\/product\/borderlands-game-of-the-year-enhanced-steam-cd-key\/","title":{"rendered":"Borderlands Game of the Year Enhanced Steam CD Key"},"content":{"rendered":"<p>\u00a1Descubre el shooter cooperativo que lo empez\u00f3 todo, repleto de contenido y mejoras! En Borderlands Game of the Year Enhanced equ\u00edpate con tropecientas armas como uno de los cuatro mercenarios con habilidades \u00fanicas. \u00c1brete paso por el desolado planeta sin ley de Pandora en busca de la poderosa tecnolog\u00eda alien\u00edgena conocida como The Vault. Nuevas armas, mejoras visuales, 4 contenidos adicionales y mucho m\u00e1s&#8230; \u00a1Disfruta ya de este aclamado juego de rol\/shooter en solitario o junto a tus amigos!<\/p>\n<ul class=\"bb_ul\">\n<li>Tropecientas armas: Escopetas lanzacohetes, rev\u00f3lveres que prenden fuego al enemigo y ametralladoras de rayos, entre muchas otras.<\/li>\n<li>Estilo visual radical: Las t\u00e9cnicas de renderizaci\u00f3n tradicionales combinadas con texturas pintadas a mano otorgan a Borderlands su emblem\u00e1tico y caracter\u00edstico estilo.<\/li>\n<li>Intenso combate con veh\u00edculos: Ponte al volante para disfrutar de fren\u00e9ticos combates con veh\u00edculos.<\/li>\n<li>Locura cooperativa: Forma un equipo de hasta 4 jugadores para arrasar al enemigo.<\/li>\n<\/ul>","protected":false},"excerpt":{"rendered":"<p>\u00a1Descubre el shooter cooperativo que lo empez\u00f3 todo, repleto de contenido y mejoras! En Borderlands Game of the Year Enhanced equ\u00edpate con tropecientas armas como uno de los cuatro mercenarios con habilidades \u00fanicas. \u00c1brete paso por el desolado planeta sin ley de Pandora en busca de la poderosa tecnolog\u00eda alien\u00edgena conocida como The Vault. Nuevas&#8230;<\/p>","protected":false},"featured_media":113948,"template":"","meta":{"_monsterinsights_skip_tracking":false,"_monsterinsights_sitenote_active":false,"_monsterinsights_sitenote_note":"","_monsterinsights_sitenote_category":0},"product_brand":[],"product_cat":[1501,2981,1271,1420,1283,1280,1273,1392,1298,1428,1427],"product_tag":[1871,3150,3149,3151],"class_list":{"0":"post-113835","1":"product","2":"type-product","3":"status-publish","4":"has-post-thumbnail","6":"product_cat-tienda-de-videojuegos-ultimos-juegos-tijuana-mexico","7":"product_cat-destacados","8":"product_cat-tienda-de-videojuegos-tijuana-mexico","9":"product_cat-tienda-de-videojuegos-populares-tijuana-mexico","10":"product_cat-tienda-de-videojuegos-plataformas-tijuana-mexico","11":"product_cat-tienda-de-videojuegos-pc-tijuana-mexico","12":"product_cat-tienda-de-videojuegos-steam-key-tijuana-mexico","13":"product_cat-tienda-de-videojuegos-accion-tijuana-mexico","14":"product_cat-tienda-de-videojuegos-rol-tijuana-mexico","15":"product_cat-tienda-de-videojuegos-cooperativos-tijuana-mexico","16":"product_cat-tienda-de-videojuegos-juegos-para-mando-tijuana-mexico","17":"product_tag-borderlands","18":"product_tag-borderlands-game-of-the-year","19":"product_tag-borderlands-game-of-the-year-enhanced","20":"product_tag-borderlands-goty","22":"first","23":"instock","24":"shipping-taxable","25":"purchasable","26":"product-type-simple"},"yoast_head":"<!-- This site is optimized with the Yoast SEO plugin v27.0 - https:\/\/yoast.com\/product\/yoast-seo-wordpress\/ -->\n<title>Borderlands Game of the Year Enhanced Steam CD Key - MERCADOKEYS<\/title>\n<meta name=\"description\" content=\"En Borderlands Game of the Year Enhanced equ\u00edpate con tropecientas armas como uno de los cuatro mercenarios con habilidades \u00fanicas\" \/>\n<meta name=\"robots\" content=\"index, follow, max-snippet:-1, max-image-preview:large, max-video-preview:-1\" \/>\n<link rel=\"canonical\" href=\"https:\/\/www.mercadokeys.com\/product\/borderlands-game-of-the-year-enhanced-steam-cd-key\/\" \/>\n<meta property=\"og:locale\" content=\"en_GB\" \/>\n<meta property=\"og:type\" content=\"article\" \/>\n<meta property=\"og:title\" content=\"Borderlands Game of the Year Enhanced Steam CD Key - MERCADOKEYS\" \/>\n<meta property=\"og:description\" content=\"En Borderlands Game of the Year Enhanced equ\u00edpate con tropecientas armas como uno de los cuatro mercenarios con habilidades \u00fanicas\" \/>\n<meta property=\"og:url\" content=\"https:\/\/www.mercadokeys.com\/product\/borderlands-game-of-the-year-enhanced-steam-cd-key\/\" \/>\n<meta property=\"og:site_name\" content=\"MERCADOKEYS\" \/>\n<meta property=\"article:modified_time\" content=\"2022-06-29T13:05:13+00:00\" \/>\n<meta property=\"og:image\" content=\"https:\/\/www.mercadokeys.com\/wp-content\/uploads\/2021\/06\/Borderlands-Game-of-the-Year-Enhanced.jpg\" \/>\n\t<meta property=\"og:image:width\" content=\"600\" \/>\n\t<meta property=\"og:image:height\" content=\"800\" \/>\n\t<meta property=\"og:image:type\" content=\"image\/jpeg\" \/>\n<meta name=\"twitter:card\" content=\"summary_large_image\" \/>\n<meta name=\"twitter:label1\" content=\"Estimated reading time\" \/>\n\t<meta name=\"twitter:data1\" content=\"1 minute\" \/>\n<script type=\"application\/ld+json\" class=\"yoast-schema-graph\">{\"@context\":\"https:\/\/schema.org\",\"@graph\":[{\"@type\":\"WebPage\",\"@id\":\"https:\/\/www.mercadokeys.com\/product\/borderlands-game-of-the-year-enhanced-steam-cd-key\/\",\"url\":\"https:\/\/www.mercadokeys.com\/product\/borderlands-game-of-the-year-enhanced-steam-cd-key\/\",\"name\":\"Borderlands Game of the Year Enhanced Steam CD Key - MERCADOKEYS\",\"isPartOf\":{\"@id\":\"https:\/\/www.mercadokeys.com\/eng\/#website\"},\"primaryImageOfPage\":{\"@id\":\"https:\/\/www.mercadokeys.com\/product\/borderlands-game-of-the-year-enhanced-steam-cd-key\/#primaryimage\"},\"image\":{\"@id\":\"https:\/\/www.mercadokeys.com\/product\/borderlands-game-of-the-year-enhanced-steam-cd-key\/#primaryimage\"},\"thumbnailUrl\":\"https:\/\/www.mercadokeys.com.mx\/wp-content\/uploads\/2021\/06\/Borderlands-Game-of-the-Year-Enhanced.jpg\",\"datePublished\":\"2021-06-01T19:08:07+00:00\",\"dateModified\":\"2022-06-29T13:05:13+00:00\",\"description\":\"En Borderlands Game of the Year Enhanced equ\u00edpate con tropecientas armas como uno de los cuatro mercenarios con habilidades \u00fanicas\",\"breadcrumb\":{\"@id\":\"https:\/\/www.mercadokeys.com\/product\/borderlands-game-of-the-year-enhanced-steam-cd-key\/#breadcrumb\"},\"inLanguage\":\"en-GB\",\"potentialAction\":[{\"@type\":\"ReadAction\",\"target\":[\"https:\/\/www.mercadokeys.com\/product\/borderlands-game-of-the-year-enhanced-steam-cd-key\/\"]}]},{\"@type\":\"ImageObject\",\"inLanguage\":\"en-GB\",\"@id\":\"https:\/\/www.mercadokeys.com\/product\/borderlands-game-of-the-year-enhanced-steam-cd-key\/#primaryimage\",\"url\":\"https:\/\/www.mercadokeys.com.mx\/wp-content\/uploads\/2021\/06\/Borderlands-Game-of-the-Year-Enhanced.jpg\",\"contentUrl\":\"https:\/\/www.mercadokeys.com.mx\/wp-content\/uploads\/2021\/06\/Borderlands-Game-of-the-Year-Enhanced.jpg\",\"width\":600,\"height\":800,\"caption\":\"Borderlands Game of the Year Enhanced\"},{\"@type\":\"BreadcrumbList\",\"@id\":\"https:\/\/www.mercadokeys.com\/product\/borderlands-game-of-the-year-enhanced-steam-cd-key\/#breadcrumb\",\"itemListElement\":[{\"@type\":\"ListItem\",\"position\":1,\"name\":\"Inicio\",\"item\":\"https:\/\/www.mercadokeys.com.mx\/\"},{\"@type\":\"ListItem\",\"position\":2,\"name\":\"Tienda\",\"item\":\"https:\/\/www.mercadokeys.com\/shop\/\"},{\"@type\":\"ListItem\",\"position\":3,\"name\":\"Borderlands Game of the Year Enhanced Steam CD Key\"}]},{\"@type\":\"WebSite\",\"@id\":\"https:\/\/www.mercadokeys.com\/eng\/#website\",\"url\":\"https:\/\/www.mercadokeys.com\/eng\/\",\"name\":\"MERCADOKEYS\",\"description\":\"Tu Tienda de videojuegos digitales en Mexico!\",\"potentialAction\":[{\"@type\":\"SearchAction\",\"target\":{\"@type\":\"EntryPoint\",\"urlTemplate\":\"https:\/\/www.mercadokeys.com\/eng\/?s={search_term_string}\"},\"query-input\":{\"@type\":\"PropertyValueSpecification\",\"valueRequired\":true,\"valueName\":\"search_term_string\"}}],\"inLanguage\":\"en-GB\"}]}<\/script>\n<!-- \/ Yoast SEO plugin. -->","yoast_head_json":{"title":"Borderlands Game of the Year Enhanced Steam CD Key - MERCADOKEYS","description":"En Borderlands Game of the Year Enhanced equ\u00edpate con tropecientas armas como uno de los cuatro mercenarios con habilidades \u00fanicas","robots":{"index":"index","follow":"follow","max-snippet":"max-snippet:-1","max-image-preview":"max-image-preview:large","max-video-preview":"max-video-preview:-1"},"canonical":"https:\/\/www.mercadokeys.com\/product\/borderlands-game-of-the-year-enhanced-steam-cd-key\/","og_locale":"en_GB","og_type":"article","og_title":"Borderlands Game of the Year Enhanced Steam CD Key - MERCADOKEYS","og_description":"En Borderlands Game of the Year Enhanced equ\u00edpate con tropecientas armas como uno de los cuatro mercenarios con habilidades \u00fanicas","og_url":"https:\/\/www.mercadokeys.com\/product\/borderlands-game-of-the-year-enhanced-steam-cd-key\/","og_site_name":"MERCADOKEYS","article_modified_time":"2022-06-29T13:05:13+00:00","og_image":[{"width":600,"height":800,"url":"https:\/\/www.mercadokeys.com\/wp-content\/uploads\/2021\/06\/Borderlands-Game-of-the-Year-Enhanced.jpg","type":"image\/jpeg"}],"twitter_card":"summary_large_image","twitter_misc":{"Estimated reading time":"1 minute"},"schema":{"@context":"https:\/\/schema.org","@graph":[{"@type":"WebPage","@id":"https:\/\/www.mercadokeys.com\/product\/borderlands-game-of-the-year-enhanced-steam-cd-key\/","url":"https:\/\/www.mercadokeys.com\/product\/borderlands-game-of-the-year-enhanced-steam-cd-key\/","name":"Borderlands Game of the Year Enhanced Steam CD Key - MERCADOKEYS","isPartOf":{"@id":"https:\/\/www.mercadokeys.com\/eng\/#website"},"primaryImageOfPage":{"@id":"https:\/\/www.mercadokeys.com\/product\/borderlands-game-of-the-year-enhanced-steam-cd-key\/#primaryimage"},"image":{"@id":"https:\/\/www.mercadokeys.com\/product\/borderlands-game-of-the-year-enhanced-steam-cd-key\/#primaryimage"},"thumbnailUrl":"https:\/\/www.mercadokeys.com.mx\/wp-content\/uploads\/2021\/06\/Borderlands-Game-of-the-Year-Enhanced.jpg","datePublished":"2021-06-01T19:08:07+00:00","dateModified":"2022-06-29T13:05:13+00:00","description":"En Borderlands Game of the Year Enhanced equ\u00edpate con tropecientas armas como uno de los cuatro mercenarios con habilidades \u00fanicas","breadcrumb":{"@id":"https:\/\/www.mercadokeys.com\/product\/borderlands-game-of-the-year-enhanced-steam-cd-key\/#breadcrumb"},"inLanguage":"en-GB","potentialAction":[{"@type":"ReadAction","target":["https:\/\/www.mercadokeys.com\/product\/borderlands-game-of-the-year-enhanced-steam-cd-key\/"]}]},{"@type":"ImageObject","inLanguage":"en-GB","@id":"https:\/\/www.mercadokeys.com\/product\/borderlands-game-of-the-year-enhanced-steam-cd-key\/#primaryimage","url":"https:\/\/www.mercadokeys.com.mx\/wp-content\/uploads\/2021\/06\/Borderlands-Game-of-the-Year-Enhanced.jpg","contentUrl":"https:\/\/www.mercadokeys.com.mx\/wp-content\/uploads\/2021\/06\/Borderlands-Game-of-the-Year-Enhanced.jpg","width":600,"height":800,"caption":"Borderlands Game of the Year Enhanced"},{"@type":"BreadcrumbList","@id":"https:\/\/www.mercadokeys.com\/product\/borderlands-game-of-the-year-enhanced-steam-cd-key\/#breadcrumb","itemListElement":[{"@type":"ListItem","position":1,"name":"Inicio","item":"https:\/\/www.mercadokeys.com.mx\/"},{"@type":"ListItem","position":2,"name":"Tienda","item":"https:\/\/www.mercadokeys.com\/shop\/"},{"@type":"ListItem","position":3,"name":"Borderlands Game of the Year Enhanced Steam CD Key"}]},{"@type":"WebSite","@id":"https:\/\/www.mercadokeys.com\/eng\/#website","url":"https:\/\/www.mercadokeys.com\/eng\/","name":"MERCADOKEYS","description":"Tu Tienda de videojuegos digitales en Mexico!","potentialAction":[{"@type":"SearchAction","target":{"@type":"EntryPoint","urlTemplate":"https:\/\/www.mercadokeys.com\/eng\/?s={search_term_string}"},"query-input":{"@type":"PropertyValueSpecification","valueRequired":true,"valueName":"search_term_string"}}],"inLanguage":"en-GB"}]}},"df_price":246.164808,"df_sale_price":246.164808,"df_regular_price":246.164808,"df_image_link":"https:\/\/www.mercadokeys.com.mx\/wp-content\/uploads\/2021\/06\/Borderlands-Game-of-the-Year-Enhanced-225x300.jpg","_links":{"self":[{"href":"https:\/\/www.mercadokeys.com.mx\/eng\/wp-json\/wp\/v2\/product\/113835","targetHints":{"allow":["GET"]}}],"collection":[{"href":"https:\/\/www.mercadokeys.com.mx\/eng\/wp-json\/wp\/v2\/product"}],"about":[{"href":"https:\/\/www.mercadokeys.com.mx\/eng\/wp-json\/wp\/v2\/types\/product"}],"wp:featuredmedia":[{"embeddable":true,"href":"https:\/\/www.mercadokeys.com.mx\/eng\/wp-json\/wp\/v2\/media\/113948"}],"wp:attachment":[{"href":"https:\/\/www.mercadokeys.com.mx\/eng\/wp-json\/wp\/v2\/media?parent=113835"}],"wp:term":[{"taxonomy":"product_brand","embeddable":true,"href":"https:\/\/www.mercadokeys.com.mx\/eng\/wp-json\/wp\/v2\/product_brand?post=113835"},{"taxonomy":"product_cat","embeddable":true,"href":"https:\/\/www.mercadokeys.com.mx\/eng\/wp-json\/wp\/v2\/product_cat?post=113835"},{"taxonomy":"product_tag","embeddable":true,"href":"https:\/\/www.mercadokeys.com.mx\/eng\/wp-json\/wp\/v2\/product_tag?post=113835"}],"curies":[{"name":"wp","href":"https:\/\/api.w.org\/{rel}","templated":true}]}}