{"id":113779,"date":"2021-05-21T10:29:24","date_gmt":"2021-05-21T17:29:24","guid":{"rendered":"https:\/\/www.mercadokeys.com\/product\/turnip-boy-commits-tax-evasion-steam-cd-key\/"},"modified":"2022-06-29T06:12:58","modified_gmt":"2022-06-29T13:12:58","slug":"turnip-boy-commits-tax-evasion-steam-cd-key","status":"publish","type":"product","link":"https:\/\/www.mercadokeys.com.mx\/eng\/product\/turnip-boy-commits-tax-evasion-steam-cd-key\/","title":{"rendered":"Turnip Boy Commits Tax Evasion Steam CD Key"},"content":{"rendered":"<p>En Turnip Boy Commits Tax Evasion ponte en la piel de un adorable nabo que resulta ser una amenaza incre\u00edble para la sociedad. Te desalojaron de tu casa por no pagar los impuestos; por lo que debes embarcarte en una misi\u00f3n \u00e9pica para pagar la enorme deuda que tienes con el alcalde Cebolla. En Turnip Boy Commits Tax Evasion usa herramientas de jardiner\u00eda para resolver acertijos plant\u00e1sticos; conoce a frutas y vegetales con personalidades exc\u00e9ntricas y lucha contra animales chiquitos y grandes. A lo largo de tu viaje descubrir\u00e1s qu\u00e9 es lo est\u00e1 provocando que esta comunidad jardinera se eche a perder, \u00a1y te alzar\u00e1s para derrocar al corrupto gobierno vegetal!<\/p>","protected":false},"excerpt":{"rendered":"<p>En Turnip Boy Commits Tax Evasion ponte en la piel de un adorable nabo que resulta ser una amenaza incre\u00edble para la sociedad. Te desalojaron de tu casa por no pagar los impuestos; por lo que debes embarcarte en una misi\u00f3n \u00e9pica para pagar la enorme deuda que tienes con el alcalde Cebolla. En Turnip&#8230;<\/p>","protected":false},"featured_media":113780,"template":"","meta":{"_monsterinsights_skip_tracking":false,"_monsterinsights_sitenote_active":false,"_monsterinsights_sitenote_note":"","_monsterinsights_sitenote_category":0},"product_brand":[],"product_cat":[1501,2981,3596,1271,3164,1283,1280,1273,1392,1394,1395,1393,1423],"product_tag":[1526,2958,2957,2959],"class_list":{"0":"post-113779","1":"product","2":"type-product","3":"status-publish","4":"has-post-thumbnail","6":"product_cat-tienda-de-videojuegos-ultimos-juegos-tijuana-mexico","7":"product_cat-destacados","8":"product_cat-tienda-de-videojuegos-steam-recomendados-en-tijuana-mexico","9":"product_cat-tienda-de-videojuegos-tijuana-mexico","10":"product_cat-tienda-de-videojuegos-baratos-economicos-tijuana-mexico","11":"product_cat-tienda-de-videojuegos-plataformas-tijuana-mexico","12":"product_cat-tienda-de-videojuegos-pc-tijuana-mexico","13":"product_cat-tienda-de-videojuegos-steam-key-tijuana-mexico","14":"product_cat-tienda-de-videojuegos-accion-tijuana-mexico","15":"product_cat-tienda-de-videojuegos-aventura-tijuana-mexico","16":"product_cat-tienda-de-videojuegos-casual-tijuana-mexico","17":"product_cat-tienda-de-videojuegos-indie-tijuana-mexico","18":"product_cat-tienda-de-videojuegos-nuevos-lanzamientos-tijuana-mexico","19":"product_tag-steam","20":"product_tag-turnip-boy","21":"product_tag-turnip-boy-commits-tax-evasion","22":"product_tag-turnip-boy-commits-tax-evasion-steam","24":"first","25":"instock","26":"shipping-taxable","27":"purchasable","28":"product-type-simple"},"yoast_head":"<!-- This site is optimized with the Yoast SEO plugin v27.0 - https:\/\/yoast.com\/product\/yoast-seo-wordpress\/ -->\n<title>Turnip Boy Commits Tax Evasion Steam CD Key - MERCADOKEYS<\/title>\n<meta name=\"description\" content=\"En Turnip Boy Commits Tax Evasion usa herramientas de jardiner\u00eda para resolver acertijos plant\u00e1sticos, conoce a frutas y vegetales\" \/>\n<meta name=\"robots\" content=\"index, follow, max-snippet:-1, max-image-preview:large, max-video-preview:-1\" \/>\n<link rel=\"canonical\" href=\"https:\/\/www.mercadokeys.com\/product\/turnip-boy-commits-tax-evasion-steam-cd-key\/\" \/>\n<meta property=\"og:locale\" content=\"en_GB\" \/>\n<meta property=\"og:type\" content=\"article\" \/>\n<meta property=\"og:title\" content=\"Turnip Boy Commits Tax Evasion Steam CD Key - MERCADOKEYS\" \/>\n<meta property=\"og:description\" content=\"En Turnip Boy Commits Tax Evasion usa herramientas de jardiner\u00eda para resolver acertijos plant\u00e1sticos, conoce a frutas y vegetales\" \/>\n<meta property=\"og:url\" content=\"https:\/\/www.mercadokeys.com\/product\/turnip-boy-commits-tax-evasion-steam-cd-key\/\" \/>\n<meta property=\"og:site_name\" content=\"MERCADOKEYS\" \/>\n<meta property=\"article:modified_time\" content=\"2022-06-29T13:12:58+00:00\" \/>\n<meta property=\"og:image\" content=\"https:\/\/www.mercadokeys.com\/wp-content\/uploads\/2021\/05\/turnip-boy-commits-tax-evasion_cover_original.jpg\" \/>\n\t<meta property=\"og:image:width\" content=\"600\" \/>\n\t<meta property=\"og:image:height\" content=\"800\" \/>\n\t<meta property=\"og:image:type\" content=\"image\/jpeg\" \/>\n<meta name=\"twitter:card\" content=\"summary_large_image\" \/>\n<meta name=\"twitter:label1\" content=\"Estimated reading time\" \/>\n\t<meta name=\"twitter:data1\" content=\"1 minute\" \/>\n<script type=\"application\/ld+json\" class=\"yoast-schema-graph\">{\"@context\":\"https:\/\/schema.org\",\"@graph\":[{\"@type\":\"WebPage\",\"@id\":\"https:\/\/www.mercadokeys.com\/product\/turnip-boy-commits-tax-evasion-steam-cd-key\/\",\"url\":\"https:\/\/www.mercadokeys.com\/product\/turnip-boy-commits-tax-evasion-steam-cd-key\/\",\"name\":\"Turnip Boy Commits Tax Evasion Steam CD Key - MERCADOKEYS\",\"isPartOf\":{\"@id\":\"https:\/\/www.mercadokeys.com\/eng\/#website\"},\"primaryImageOfPage\":{\"@id\":\"https:\/\/www.mercadokeys.com\/product\/turnip-boy-commits-tax-evasion-steam-cd-key\/#primaryimage\"},\"image\":{\"@id\":\"https:\/\/www.mercadokeys.com\/product\/turnip-boy-commits-tax-evasion-steam-cd-key\/#primaryimage\"},\"thumbnailUrl\":\"https:\/\/www.mercadokeys.com.mx\/wp-content\/uploads\/2021\/05\/turnip-boy-commits-tax-evasion_cover_original.jpg\",\"datePublished\":\"2021-05-21T17:29:24+00:00\",\"dateModified\":\"2022-06-29T13:12:58+00:00\",\"description\":\"En Turnip Boy Commits Tax Evasion usa herramientas de jardiner\u00eda para resolver acertijos plant\u00e1sticos, conoce a frutas y vegetales\",\"breadcrumb\":{\"@id\":\"https:\/\/www.mercadokeys.com\/product\/turnip-boy-commits-tax-evasion-steam-cd-key\/#breadcrumb\"},\"inLanguage\":\"en-GB\",\"potentialAction\":[{\"@type\":\"ReadAction\",\"target\":[\"https:\/\/www.mercadokeys.com\/product\/turnip-boy-commits-tax-evasion-steam-cd-key\/\"]}]},{\"@type\":\"ImageObject\",\"inLanguage\":\"en-GB\",\"@id\":\"https:\/\/www.mercadokeys.com\/product\/turnip-boy-commits-tax-evasion-steam-cd-key\/#primaryimage\",\"url\":\"https:\/\/www.mercadokeys.com.mx\/wp-content\/uploads\/2021\/05\/turnip-boy-commits-tax-evasion_cover_original.jpg\",\"contentUrl\":\"https:\/\/www.mercadokeys.com.mx\/wp-content\/uploads\/2021\/05\/turnip-boy-commits-tax-evasion_cover_original.jpg\",\"width\":600,\"height\":800,\"caption\":\"En Turnip Boy Commits Tax Evasion usa herramientas de jardiner\u00eda para resolver acertijos plant\u00e1sticos, conoce a frutas y vegetales\"},{\"@type\":\"BreadcrumbList\",\"@id\":\"https:\/\/www.mercadokeys.com\/product\/turnip-boy-commits-tax-evasion-steam-cd-key\/#breadcrumb\",\"itemListElement\":[{\"@type\":\"ListItem\",\"position\":1,\"name\":\"Inicio\",\"item\":\"https:\/\/www.mercadokeys.com.mx\/\"},{\"@type\":\"ListItem\",\"position\":2,\"name\":\"Tienda\",\"item\":\"https:\/\/www.mercadokeys.com\/shop\/\"},{\"@type\":\"ListItem\",\"position\":3,\"name\":\"Turnip Boy Commits Tax Evasion Steam CD Key\"}]},{\"@type\":\"WebSite\",\"@id\":\"https:\/\/www.mercadokeys.com\/eng\/#website\",\"url\":\"https:\/\/www.mercadokeys.com\/eng\/\",\"name\":\"MERCADOKEYS\",\"description\":\"Tu Tienda de videojuegos digitales en Mexico!\",\"potentialAction\":[{\"@type\":\"SearchAction\",\"target\":{\"@type\":\"EntryPoint\",\"urlTemplate\":\"https:\/\/www.mercadokeys.com\/eng\/?s={search_term_string}\"},\"query-input\":{\"@type\":\"PropertyValueSpecification\",\"valueRequired\":true,\"valueName\":\"search_term_string\"}}],\"inLanguage\":\"en-GB\"}]}<\/script>\n<!-- \/ Yoast SEO plugin. -->","yoast_head_json":{"title":"Turnip Boy Commits Tax Evasion Steam CD Key - MERCADOKEYS","description":"En Turnip Boy Commits Tax Evasion usa herramientas de jardiner\u00eda para resolver acertijos plant\u00e1sticos, conoce a frutas y vegetales","robots":{"index":"index","follow":"follow","max-snippet":"max-snippet:-1","max-image-preview":"max-image-preview:large","max-video-preview":"max-video-preview:-1"},"canonical":"https:\/\/www.mercadokeys.com\/product\/turnip-boy-commits-tax-evasion-steam-cd-key\/","og_locale":"en_GB","og_type":"article","og_title":"Turnip Boy Commits Tax Evasion Steam CD Key - MERCADOKEYS","og_description":"En Turnip Boy Commits Tax Evasion usa herramientas de jardiner\u00eda para resolver acertijos plant\u00e1sticos, conoce a frutas y vegetales","og_url":"https:\/\/www.mercadokeys.com\/product\/turnip-boy-commits-tax-evasion-steam-cd-key\/","og_site_name":"MERCADOKEYS","article_modified_time":"2022-06-29T13:12:58+00:00","og_image":[{"width":600,"height":800,"url":"https:\/\/www.mercadokeys.com\/wp-content\/uploads\/2021\/05\/turnip-boy-commits-tax-evasion_cover_original.jpg","type":"image\/jpeg"}],"twitter_card":"summary_large_image","twitter_misc":{"Estimated reading time":"1 minute"},"schema":{"@context":"https:\/\/schema.org","@graph":[{"@type":"WebPage","@id":"https:\/\/www.mercadokeys.com\/product\/turnip-boy-commits-tax-evasion-steam-cd-key\/","url":"https:\/\/www.mercadokeys.com\/product\/turnip-boy-commits-tax-evasion-steam-cd-key\/","name":"Turnip Boy Commits Tax Evasion Steam CD Key - MERCADOKEYS","isPartOf":{"@id":"https:\/\/www.mercadokeys.com\/eng\/#website"},"primaryImageOfPage":{"@id":"https:\/\/www.mercadokeys.com\/product\/turnip-boy-commits-tax-evasion-steam-cd-key\/#primaryimage"},"image":{"@id":"https:\/\/www.mercadokeys.com\/product\/turnip-boy-commits-tax-evasion-steam-cd-key\/#primaryimage"},"thumbnailUrl":"https:\/\/www.mercadokeys.com.mx\/wp-content\/uploads\/2021\/05\/turnip-boy-commits-tax-evasion_cover_original.jpg","datePublished":"2021-05-21T17:29:24+00:00","dateModified":"2022-06-29T13:12:58+00:00","description":"En Turnip Boy Commits Tax Evasion usa herramientas de jardiner\u00eda para resolver acertijos plant\u00e1sticos, conoce a frutas y vegetales","breadcrumb":{"@id":"https:\/\/www.mercadokeys.com\/product\/turnip-boy-commits-tax-evasion-steam-cd-key\/#breadcrumb"},"inLanguage":"en-GB","potentialAction":[{"@type":"ReadAction","target":["https:\/\/www.mercadokeys.com\/product\/turnip-boy-commits-tax-evasion-steam-cd-key\/"]}]},{"@type":"ImageObject","inLanguage":"en-GB","@id":"https:\/\/www.mercadokeys.com\/product\/turnip-boy-commits-tax-evasion-steam-cd-key\/#primaryimage","url":"https:\/\/www.mercadokeys.com.mx\/wp-content\/uploads\/2021\/05\/turnip-boy-commits-tax-evasion_cover_original.jpg","contentUrl":"https:\/\/www.mercadokeys.com.mx\/wp-content\/uploads\/2021\/05\/turnip-boy-commits-tax-evasion_cover_original.jpg","width":600,"height":800,"caption":"En Turnip Boy Commits Tax Evasion usa herramientas de jardiner\u00eda para resolver acertijos plant\u00e1sticos, conoce a frutas y vegetales"},{"@type":"BreadcrumbList","@id":"https:\/\/www.mercadokeys.com\/product\/turnip-boy-commits-tax-evasion-steam-cd-key\/#breadcrumb","itemListElement":[{"@type":"ListItem","position":1,"name":"Inicio","item":"https:\/\/www.mercadokeys.com.mx\/"},{"@type":"ListItem","position":2,"name":"Tienda","item":"https:\/\/www.mercadokeys.com\/shop\/"},{"@type":"ListItem","position":3,"name":"Turnip Boy Commits Tax Evasion Steam CD Key"}]},{"@type":"WebSite","@id":"https:\/\/www.mercadokeys.com\/eng\/#website","url":"https:\/\/www.mercadokeys.com\/eng\/","name":"MERCADOKEYS","description":"Tu Tienda de videojuegos digitales en Mexico!","potentialAction":[{"@type":"SearchAction","target":{"@type":"EntryPoint","urlTemplate":"https:\/\/www.mercadokeys.com\/eng\/?s={search_term_string}"},"query-input":{"@type":"PropertyValueSpecification","valueRequired":true,"valueName":"search_term_string"}}],"inLanguage":"en-GB"}]}},"df_price":35.282881,"df_sale_price":35.282881,"df_regular_price":35.282881,"df_image_link":"https:\/\/www.mercadokeys.com.mx\/wp-content\/uploads\/2021\/05\/turnip-boy-commits-tax-evasion_cover_original-225x300.jpg","_links":{"self":[{"href":"https:\/\/www.mercadokeys.com.mx\/eng\/wp-json\/wp\/v2\/product\/113779","targetHints":{"allow":["GET"]}}],"collection":[{"href":"https:\/\/www.mercadokeys.com.mx\/eng\/wp-json\/wp\/v2\/product"}],"about":[{"href":"https:\/\/www.mercadokeys.com.mx\/eng\/wp-json\/wp\/v2\/types\/product"}],"wp:featuredmedia":[{"embeddable":true,"href":"https:\/\/www.mercadokeys.com.mx\/eng\/wp-json\/wp\/v2\/media\/113780"}],"wp:attachment":[{"href":"https:\/\/www.mercadokeys.com.mx\/eng\/wp-json\/wp\/v2\/media?parent=113779"}],"wp:term":[{"taxonomy":"product_brand","embeddable":true,"href":"https:\/\/www.mercadokeys.com.mx\/eng\/wp-json\/wp\/v2\/product_brand?post=113779"},{"taxonomy":"product_cat","embeddable":true,"href":"https:\/\/www.mercadokeys.com.mx\/eng\/wp-json\/wp\/v2\/product_cat?post=113779"},{"taxonomy":"product_tag","embeddable":true,"href":"https:\/\/www.mercadokeys.com.mx\/eng\/wp-json\/wp\/v2\/product_tag?post=113779"}],"curies":[{"name":"wp","href":"https:\/\/api.w.org\/{rel}","templated":true}]}}