{"id":113758,"date":"2021-05-16T11:46:03","date_gmt":"2021-05-16T18:46:03","guid":{"rendered":"https:\/\/www.mercadokeys.com\/product\/cryofall-steam-cd-key\/"},"modified":"2022-06-29T06:05:21","modified_gmt":"2022-06-29T13:05:21","slug":"cryofall-steam-cd-key","status":"publish","type":"product","link":"https:\/\/www.mercadokeys.com.mx\/eng\/product\/cryofall-steam-cd-key\/","title":{"rendered":"CryoFall Steam CD Key"},"content":{"rendered":"<p><strong><span style=\"vertical-align: inherit\">CryoFall<\/span><\/strong><span style=\"vertical-align: inherit\"> \u00a0es un juego de supervivencia de simulaci\u00f3n de colonia multijugador de ciencia ficci\u00f3n ambientado en un planeta olvidado en un futuro lejano. <\/span><span style=\"vertical-align: inherit\">Asimismo, \u00fanete al vasto mundo de CryoFall junto con otros supervivientes para reconstruir tu civilizaci\u00f3n desde cero. Comience con tecnolog\u00eda primitiva y herramientas simples y \u00faselas para avanzar hacia el poder industrial moderno e incluso m\u00e1s all\u00e1; llegando finalmente a la tecnolog\u00eda de la era espacial que solo se ve en la ciencia ficci\u00f3n. <\/span><\/p>\n<p><strong><span style=\"vertical-align: inherit\">CryoFall se puede jugar como una experiencia PvE relajada sin competencia o como un PvP brutal e implacable. \u00a1Haz tu elecci\u00f3n y \u00fanete a uno de los muchos servidores disponibles con diferentes modos de juego o organiza el tuyo propio e invita a tus amigos a unirse a ti!.<\/span><\/strong><\/p>","protected":false},"excerpt":{"rendered":"<p>CryoFall \u00a0es un juego de supervivencia de simulaci\u00f3n de colonia multijugador de ciencia ficci\u00f3n ambientado en un planeta olvidado en un futuro lejano. Asimismo, \u00fanete al vasto mundo de CryoFall junto con otros supervivientes para reconstruir tu civilizaci\u00f3n desde cero. Comience con tecnolog\u00eda primitiva y herramientas simples y \u00faselas para avanzar hacia el poder industrial&#8230;<\/p>","protected":false},"featured_media":113770,"template":"","meta":{"_monsterinsights_skip_tracking":false,"_monsterinsights_sitenote_active":false,"_monsterinsights_sitenote_note":"","_monsterinsights_sitenote_category":0},"product_brand":[],"product_cat":[1501,2981,1271,1420,1283,1280,1273,1392,1394,1393,1396,1401,1298,1428],"product_tag":[2943,2944,1526],"class_list":{"0":"post-113758","1":"product","2":"type-product","3":"status-publish","4":"has-post-thumbnail","6":"product_cat-tienda-de-videojuegos-ultimos-juegos-tijuana-mexico","7":"product_cat-destacados","8":"product_cat-tienda-de-videojuegos-tijuana-mexico","9":"product_cat-tienda-de-videojuegos-populares-tijuana-mexico","10":"product_cat-tienda-de-videojuegos-plataformas-tijuana-mexico","11":"product_cat-tienda-de-videojuegos-pc-tijuana-mexico","12":"product_cat-tienda-de-videojuegos-steam-key-tijuana-mexico","13":"product_cat-tienda-de-videojuegos-accion-tijuana-mexico","14":"product_cat-tienda-de-videojuegos-aventura-tijuana-mexico","15":"product_cat-tienda-de-videojuegos-indie-tijuana-mexico","16":"product_cat-tienda-de-videojuegos-simulacion-tijuana-mexico","17":"product_cat-tienda-de-videojuegos-estrategia-tijuana-mexico","18":"product_cat-tienda-de-videojuegos-rol-tijuana-mexico","19":"product_cat-tienda-de-videojuegos-cooperativos-tijuana-mexico","20":"product_tag-cryofall","21":"product_tag-cryofall-steam","22":"product_tag-steam","24":"first","25":"instock","26":"shipping-taxable","27":"purchasable","28":"product-type-simple"},"yoast_head":"<!-- This site is optimized with the Yoast SEO plugin v27.0 - https:\/\/yoast.com\/product\/yoast-seo-wordpress\/ -->\n<title>CryoFall Steam CD Key - MERCADOKEYS<\/title>\n<meta name=\"description\" content=\"CryoFall \u00a0es un juego de supervivencia de simulaci\u00f3n de colonia multijugador de ciencia ficci\u00f3n ambientado en un planeta olvidado en un futuro lejano\" \/>\n<meta name=\"robots\" content=\"index, follow, max-snippet:-1, max-image-preview:large, max-video-preview:-1\" \/>\n<link rel=\"canonical\" href=\"https:\/\/www.mercadokeys.com\/product\/cryofall-steam-cd-key\/\" \/>\n<meta property=\"og:locale\" content=\"en_GB\" \/>\n<meta property=\"og:type\" content=\"article\" \/>\n<meta property=\"og:title\" content=\"CryoFall Steam CD Key - MERCADOKEYS\" \/>\n<meta property=\"og:description\" content=\"CryoFall \u00a0es un juego de supervivencia de simulaci\u00f3n de colonia multijugador de ciencia ficci\u00f3n ambientado en un planeta olvidado en un futuro lejano\" \/>\n<meta property=\"og:url\" content=\"https:\/\/www.mercadokeys.com\/product\/cryofall-steam-cd-key\/\" \/>\n<meta property=\"og:site_name\" content=\"MERCADOKEYS\" \/>\n<meta property=\"article:modified_time\" content=\"2022-06-29T13:05:21+00:00\" \/>\n<meta property=\"og:image\" content=\"https:\/\/www.mercadokeys.com\/wp-content\/uploads\/2021\/05\/Cryofall.jpg\" \/>\n\t<meta property=\"og:image:width\" content=\"600\" \/>\n\t<meta property=\"og:image:height\" content=\"800\" \/>\n\t<meta property=\"og:image:type\" content=\"image\/jpeg\" \/>\n<meta name=\"twitter:card\" content=\"summary_large_image\" \/>\n<meta name=\"twitter:label1\" content=\"Estimated reading time\" \/>\n\t<meta name=\"twitter:data1\" content=\"1 minute\" \/>\n<script type=\"application\/ld+json\" class=\"yoast-schema-graph\">{\"@context\":\"https:\/\/schema.org\",\"@graph\":[{\"@type\":\"WebPage\",\"@id\":\"https:\/\/www.mercadokeys.com\/product\/cryofall-steam-cd-key\/\",\"url\":\"https:\/\/www.mercadokeys.com\/product\/cryofall-steam-cd-key\/\",\"name\":\"CryoFall Steam CD Key - MERCADOKEYS\",\"isPartOf\":{\"@id\":\"https:\/\/www.mercadokeys.com\/eng\/#website\"},\"primaryImageOfPage\":{\"@id\":\"https:\/\/www.mercadokeys.com\/product\/cryofall-steam-cd-key\/#primaryimage\"},\"image\":{\"@id\":\"https:\/\/www.mercadokeys.com\/product\/cryofall-steam-cd-key\/#primaryimage\"},\"thumbnailUrl\":\"https:\/\/www.mercadokeys.com.mx\/wp-content\/uploads\/2021\/05\/Cryofall.jpg\",\"datePublished\":\"2021-05-16T18:46:03+00:00\",\"dateModified\":\"2022-06-29T13:05:21+00:00\",\"description\":\"CryoFall \u00a0es un juego de supervivencia de simulaci\u00f3n de colonia multijugador de ciencia ficci\u00f3n ambientado en un planeta olvidado en un futuro lejano\",\"breadcrumb\":{\"@id\":\"https:\/\/www.mercadokeys.com\/product\/cryofall-steam-cd-key\/#breadcrumb\"},\"inLanguage\":\"en-GB\",\"potentialAction\":[{\"@type\":\"ReadAction\",\"target\":[\"https:\/\/www.mercadokeys.com\/product\/cryofall-steam-cd-key\/\"]}]},{\"@type\":\"ImageObject\",\"inLanguage\":\"en-GB\",\"@id\":\"https:\/\/www.mercadokeys.com\/product\/cryofall-steam-cd-key\/#primaryimage\",\"url\":\"https:\/\/www.mercadokeys.com.mx\/wp-content\/uploads\/2021\/05\/Cryofall.jpg\",\"contentUrl\":\"https:\/\/www.mercadokeys.com.mx\/wp-content\/uploads\/2021\/05\/Cryofall.jpg\",\"width\":600,\"height\":800,\"caption\":\"CryoFall \u00a0es un juego de supervivencia de simulaci\u00f3n de colonia multijugador de ciencia ficci\u00f3n ambientado en un planeta olvidado en un futuro lejano\"},{\"@type\":\"BreadcrumbList\",\"@id\":\"https:\/\/www.mercadokeys.com\/product\/cryofall-steam-cd-key\/#breadcrumb\",\"itemListElement\":[{\"@type\":\"ListItem\",\"position\":1,\"name\":\"Inicio\",\"item\":\"https:\/\/www.mercadokeys.com.mx\/\"},{\"@type\":\"ListItem\",\"position\":2,\"name\":\"Tienda\",\"item\":\"https:\/\/www.mercadokeys.com\/shop\/\"},{\"@type\":\"ListItem\",\"position\":3,\"name\":\"CryoFall Steam CD Key\"}]},{\"@type\":\"WebSite\",\"@id\":\"https:\/\/www.mercadokeys.com\/eng\/#website\",\"url\":\"https:\/\/www.mercadokeys.com\/eng\/\",\"name\":\"MERCADOKEYS\",\"description\":\"Tu Tienda de videojuegos digitales en Mexico!\",\"potentialAction\":[{\"@type\":\"SearchAction\",\"target\":{\"@type\":\"EntryPoint\",\"urlTemplate\":\"https:\/\/www.mercadokeys.com\/eng\/?s={search_term_string}\"},\"query-input\":{\"@type\":\"PropertyValueSpecification\",\"valueRequired\":true,\"valueName\":\"search_term_string\"}}],\"inLanguage\":\"en-GB\"}]}<\/script>\n<!-- \/ Yoast SEO plugin. -->","yoast_head_json":{"title":"CryoFall Steam CD Key - MERCADOKEYS","description":"CryoFall \u00a0es un juego de supervivencia de simulaci\u00f3n de colonia multijugador de ciencia ficci\u00f3n ambientado en un planeta olvidado en un futuro lejano","robots":{"index":"index","follow":"follow","max-snippet":"max-snippet:-1","max-image-preview":"max-image-preview:large","max-video-preview":"max-video-preview:-1"},"canonical":"https:\/\/www.mercadokeys.com\/product\/cryofall-steam-cd-key\/","og_locale":"en_GB","og_type":"article","og_title":"CryoFall Steam CD Key - MERCADOKEYS","og_description":"CryoFall \u00a0es un juego de supervivencia de simulaci\u00f3n de colonia multijugador de ciencia ficci\u00f3n ambientado en un planeta olvidado en un futuro lejano","og_url":"https:\/\/www.mercadokeys.com\/product\/cryofall-steam-cd-key\/","og_site_name":"MERCADOKEYS","article_modified_time":"2022-06-29T13:05:21+00:00","og_image":[{"width":600,"height":800,"url":"https:\/\/www.mercadokeys.com\/wp-content\/uploads\/2021\/05\/Cryofall.jpg","type":"image\/jpeg"}],"twitter_card":"summary_large_image","twitter_misc":{"Estimated reading time":"1 minute"},"schema":{"@context":"https:\/\/schema.org","@graph":[{"@type":"WebPage","@id":"https:\/\/www.mercadokeys.com\/product\/cryofall-steam-cd-key\/","url":"https:\/\/www.mercadokeys.com\/product\/cryofall-steam-cd-key\/","name":"CryoFall Steam CD Key - MERCADOKEYS","isPartOf":{"@id":"https:\/\/www.mercadokeys.com\/eng\/#website"},"primaryImageOfPage":{"@id":"https:\/\/www.mercadokeys.com\/product\/cryofall-steam-cd-key\/#primaryimage"},"image":{"@id":"https:\/\/www.mercadokeys.com\/product\/cryofall-steam-cd-key\/#primaryimage"},"thumbnailUrl":"https:\/\/www.mercadokeys.com.mx\/wp-content\/uploads\/2021\/05\/Cryofall.jpg","datePublished":"2021-05-16T18:46:03+00:00","dateModified":"2022-06-29T13:05:21+00:00","description":"CryoFall \u00a0es un juego de supervivencia de simulaci\u00f3n de colonia multijugador de ciencia ficci\u00f3n ambientado en un planeta olvidado en un futuro lejano","breadcrumb":{"@id":"https:\/\/www.mercadokeys.com\/product\/cryofall-steam-cd-key\/#breadcrumb"},"inLanguage":"en-GB","potentialAction":[{"@type":"ReadAction","target":["https:\/\/www.mercadokeys.com\/product\/cryofall-steam-cd-key\/"]}]},{"@type":"ImageObject","inLanguage":"en-GB","@id":"https:\/\/www.mercadokeys.com\/product\/cryofall-steam-cd-key\/#primaryimage","url":"https:\/\/www.mercadokeys.com.mx\/wp-content\/uploads\/2021\/05\/Cryofall.jpg","contentUrl":"https:\/\/www.mercadokeys.com.mx\/wp-content\/uploads\/2021\/05\/Cryofall.jpg","width":600,"height":800,"caption":"CryoFall \u00a0es un juego de supervivencia de simulaci\u00f3n de colonia multijugador de ciencia ficci\u00f3n ambientado en un planeta olvidado en un futuro lejano"},{"@type":"BreadcrumbList","@id":"https:\/\/www.mercadokeys.com\/product\/cryofall-steam-cd-key\/#breadcrumb","itemListElement":[{"@type":"ListItem","position":1,"name":"Inicio","item":"https:\/\/www.mercadokeys.com.mx\/"},{"@type":"ListItem","position":2,"name":"Tienda","item":"https:\/\/www.mercadokeys.com\/shop\/"},{"@type":"ListItem","position":3,"name":"CryoFall Steam CD Key"}]},{"@type":"WebSite","@id":"https:\/\/www.mercadokeys.com\/eng\/#website","url":"https:\/\/www.mercadokeys.com\/eng\/","name":"MERCADOKEYS","description":"Tu Tienda de videojuegos digitales en Mexico!","potentialAction":[{"@type":"SearchAction","target":{"@type":"EntryPoint","urlTemplate":"https:\/\/www.mercadokeys.com\/eng\/?s={search_term_string}"},"query-input":{"@type":"PropertyValueSpecification","valueRequired":true,"valueName":"search_term_string"}}],"inLanguage":"en-GB"}]}},"df_price":113.504563,"df_sale_price":113.504563,"df_regular_price":113.504563,"df_image_link":"https:\/\/www.mercadokeys.com.mx\/wp-content\/uploads\/2021\/05\/Cryofall-225x300.jpg","_links":{"self":[{"href":"https:\/\/www.mercadokeys.com.mx\/eng\/wp-json\/wp\/v2\/product\/113758","targetHints":{"allow":["GET"]}}],"collection":[{"href":"https:\/\/www.mercadokeys.com.mx\/eng\/wp-json\/wp\/v2\/product"}],"about":[{"href":"https:\/\/www.mercadokeys.com.mx\/eng\/wp-json\/wp\/v2\/types\/product"}],"wp:featuredmedia":[{"embeddable":true,"href":"https:\/\/www.mercadokeys.com.mx\/eng\/wp-json\/wp\/v2\/media\/113770"}],"wp:attachment":[{"href":"https:\/\/www.mercadokeys.com.mx\/eng\/wp-json\/wp\/v2\/media?parent=113758"}],"wp:term":[{"taxonomy":"product_brand","embeddable":true,"href":"https:\/\/www.mercadokeys.com.mx\/eng\/wp-json\/wp\/v2\/product_brand?post=113758"},{"taxonomy":"product_cat","embeddable":true,"href":"https:\/\/www.mercadokeys.com.mx\/eng\/wp-json\/wp\/v2\/product_cat?post=113758"},{"taxonomy":"product_tag","embeddable":true,"href":"https:\/\/www.mercadokeys.com.mx\/eng\/wp-json\/wp\/v2\/product_tag?post=113758"}],"curies":[{"name":"wp","href":"https:\/\/api.w.org\/{rel}","templated":true}]}}