{"id":113754,"date":"2021-05-16T08:55:48","date_gmt":"2021-05-16T15:55:48","guid":{"rendered":"https:\/\/www.mercadokeys.com\/product\/nier-replicant-ver-1-22474487139-steam-cd-key\/"},"modified":"2022-06-29T06:12:37","modified_gmt":"2022-06-29T13:12:37","slug":"nier-replicant-ver-1-22474487139-steam-cd-key","status":"publish","type":"product","link":"https:\/\/www.mercadokeys.com.mx\/eng\/product\/nier-replicant-ver-1-22474487139-steam-cd-key\/","title":{"rendered":"Nier Replicant ver.1.22474487139&#8230; Steam CD Key"},"content":{"rendered":"<p><span style=\"vertical-align: inherit\">Una remasterizaci\u00f3n de NieR Replicant, la versi\u00f3n japonesa exclusiva para PlayStation 3 del primer juego de NieR. NieR Replicant ver.1.22474487139 invita a los jugadores a un mundo oscuro y apocal\u00edptico mientras se unen a la cautivadora b\u00fasqueda de un hermano para curar a su hermana de una enfermedad mortal, una b\u00fasqueda que a su vez los har\u00e1 cuestionarlo todo. Versi\u00f3n 360, conocida como NieR Gestalt, que luego fue lanzada internacionalmente en ambos sistemas como NieR. Las versiones son en su mayor\u00eda las mismas con algunos cambios musicales; la principal distinci\u00f3n son los cambios de historia en torno al protagonista siendo un hermano mayor en Replicant o un padre en Gestalt.<\/span><\/p>","protected":false},"excerpt":{"rendered":"<p>Una remasterizaci\u00f3n de NieR Replicant, la versi\u00f3n japonesa exclusiva para PlayStation 3 del primer juego de NieR. NieR Replicant ver.1.22474487139 invita a los jugadores a un mundo oscuro y apocal\u00edptico mientras se unen a la cautivadora b\u00fasqueda de un hermano para curar a su hermana de una enfermedad mortal, una b\u00fasqueda que a su vez&#8230;<\/p>","protected":false},"featured_media":113755,"template":"","meta":{"_monsterinsights_skip_tracking":false,"_monsterinsights_sitenote_active":false,"_monsterinsights_sitenote_note":"","_monsterinsights_sitenote_category":0},"product_brand":[],"product_cat":[1501,2981,1271,1283,1280,1273,1394,1405,1423],"product_tag":[2936,2935,2937,2938],"class_list":{"0":"post-113754","1":"product","2":"type-product","3":"status-publish","4":"has-post-thumbnail","6":"product_cat-tienda-de-videojuegos-ultimos-juegos-tijuana-mexico","7":"product_cat-destacados","8":"product_cat-tienda-de-videojuegos-tijuana-mexico","9":"product_cat-tienda-de-videojuegos-plataformas-tijuana-mexico","10":"product_cat-tienda-de-videojuegos-pc-tijuana-mexico","11":"product_cat-tienda-de-videojuegos-steam-key-tijuana-mexico","12":"product_cat-tienda-de-videojuegos-aventura-tijuana-mexico","13":"product_cat-tienda-de-videojuegos-rpg-tijuana-mexico","14":"product_cat-tienda-de-videojuegos-nuevos-lanzamientos-tijuana-mexico","15":"product_tag-nier","16":"product_tag-nier-replicant","17":"product_tag-nier-replicant-steam","18":"product_tag-nier-replicant-ver-1-22474487139","20":"first","21":"instock","22":"shipping-taxable","23":"purchasable","24":"product-type-simple"},"yoast_head":"<!-- This site is optimized with the Yoast SEO plugin v27.0 - https:\/\/yoast.com\/product\/yoast-seo-wordpress\/ -->\n<title>Nier Replicant ver.1.22474487139... Steam CD Key - MERCADOKEYS<\/title>\n<meta name=\"description\" content=\"Una remasterizaci\u00f3n de NieR Replicant, la versi\u00f3n japonesa exclusiva para PlayStation 3 del primer juego de NieR. NieR Replicant ver.1.22474487139\" \/>\n<meta name=\"robots\" content=\"index, follow, max-snippet:-1, max-image-preview:large, max-video-preview:-1\" \/>\n<link rel=\"canonical\" href=\"https:\/\/www.mercadokeys.com\/product\/nier-replicant-ver-1-22474487139-steam-cd-key\/\" \/>\n<meta property=\"og:locale\" content=\"en_GB\" \/>\n<meta property=\"og:type\" content=\"article\" \/>\n<meta property=\"og:title\" content=\"Nier Replicant ver.1.22474487139... Steam CD Key - MERCADOKEYS\" \/>\n<meta property=\"og:description\" content=\"Una remasterizaci\u00f3n de NieR Replicant, la versi\u00f3n japonesa exclusiva para PlayStation 3 del primer juego de NieR. NieR Replicant ver.1.22474487139\" \/>\n<meta property=\"og:url\" content=\"https:\/\/www.mercadokeys.com\/product\/nier-replicant-ver-1-22474487139-steam-cd-key\/\" \/>\n<meta property=\"og:site_name\" content=\"MERCADOKEYS\" \/>\n<meta property=\"article:modified_time\" content=\"2022-06-29T13:12:37+00:00\" \/>\n<meta property=\"og:image\" content=\"https:\/\/www.mercadokeys.com\/wp-content\/uploads\/2021\/05\/nier-replicant-ver-dot-1-22474487139-dot-dot-dot_cover_original.png\" \/>\n\t<meta property=\"og:image:width\" content=\"600\" \/>\n\t<meta property=\"og:image:height\" content=\"800\" \/>\n\t<meta property=\"og:image:type\" content=\"image\/png\" \/>\n<meta name=\"twitter:card\" content=\"summary_large_image\" \/>\n<meta name=\"twitter:label1\" content=\"Estimated reading time\" \/>\n\t<meta name=\"twitter:data1\" content=\"1 minute\" \/>\n<script type=\"application\/ld+json\" class=\"yoast-schema-graph\">{\"@context\":\"https:\/\/schema.org\",\"@graph\":[{\"@type\":\"WebPage\",\"@id\":\"https:\/\/www.mercadokeys.com\/product\/nier-replicant-ver-1-22474487139-steam-cd-key\/\",\"url\":\"https:\/\/www.mercadokeys.com\/product\/nier-replicant-ver-1-22474487139-steam-cd-key\/\",\"name\":\"Nier Replicant ver.1.22474487139... Steam CD Key - MERCADOKEYS\",\"isPartOf\":{\"@id\":\"https:\/\/www.mercadokeys.com\/eng\/#website\"},\"primaryImageOfPage\":{\"@id\":\"https:\/\/www.mercadokeys.com\/product\/nier-replicant-ver-1-22474487139-steam-cd-key\/#primaryimage\"},\"image\":{\"@id\":\"https:\/\/www.mercadokeys.com\/product\/nier-replicant-ver-1-22474487139-steam-cd-key\/#primaryimage\"},\"thumbnailUrl\":\"https:\/\/www.mercadokeys.com.mx\/wp-content\/uploads\/2021\/05\/nier-replicant-ver-dot-1-22474487139-dot-dot-dot_cover_original.png\",\"datePublished\":\"2021-05-16T15:55:48+00:00\",\"dateModified\":\"2022-06-29T13:12:37+00:00\",\"description\":\"Una remasterizaci\u00f3n de NieR Replicant, la versi\u00f3n japonesa exclusiva para PlayStation 3 del primer juego de NieR. NieR Replicant ver.1.22474487139\",\"breadcrumb\":{\"@id\":\"https:\/\/www.mercadokeys.com\/product\/nier-replicant-ver-1-22474487139-steam-cd-key\/#breadcrumb\"},\"inLanguage\":\"en-GB\",\"potentialAction\":[{\"@type\":\"ReadAction\",\"target\":[\"https:\/\/www.mercadokeys.com\/product\/nier-replicant-ver-1-22474487139-steam-cd-key\/\"]}]},{\"@type\":\"ImageObject\",\"inLanguage\":\"en-GB\",\"@id\":\"https:\/\/www.mercadokeys.com\/product\/nier-replicant-ver-1-22474487139-steam-cd-key\/#primaryimage\",\"url\":\"https:\/\/www.mercadokeys.com.mx\/wp-content\/uploads\/2021\/05\/nier-replicant-ver-dot-1-22474487139-dot-dot-dot_cover_original.png\",\"contentUrl\":\"https:\/\/www.mercadokeys.com.mx\/wp-content\/uploads\/2021\/05\/nier-replicant-ver-dot-1-22474487139-dot-dot-dot_cover_original.png\",\"width\":600,\"height\":800,\"caption\":\"Una remasterizaci\u00f3n de NieR Replicant, la versi\u00f3n japonesa exclusiva para PlayStation 3 del primer juego de NieR. NieR Replicant ver.1.22474487139\"},{\"@type\":\"BreadcrumbList\",\"@id\":\"https:\/\/www.mercadokeys.com\/product\/nier-replicant-ver-1-22474487139-steam-cd-key\/#breadcrumb\",\"itemListElement\":[{\"@type\":\"ListItem\",\"position\":1,\"name\":\"Inicio\",\"item\":\"https:\/\/www.mercadokeys.com.mx\/\"},{\"@type\":\"ListItem\",\"position\":2,\"name\":\"Tienda\",\"item\":\"https:\/\/www.mercadokeys.com\/shop\/\"},{\"@type\":\"ListItem\",\"position\":3,\"name\":\"Nier Replicant ver.1.22474487139&#8230; Steam CD Key\"}]},{\"@type\":\"WebSite\",\"@id\":\"https:\/\/www.mercadokeys.com\/eng\/#website\",\"url\":\"https:\/\/www.mercadokeys.com\/eng\/\",\"name\":\"MERCADOKEYS\",\"description\":\"Tu Tienda de videojuegos digitales en Mexico!\",\"potentialAction\":[{\"@type\":\"SearchAction\",\"target\":{\"@type\":\"EntryPoint\",\"urlTemplate\":\"https:\/\/www.mercadokeys.com\/eng\/?s={search_term_string}\"},\"query-input\":{\"@type\":\"PropertyValueSpecification\",\"valueRequired\":true,\"valueName\":\"search_term_string\"}}],\"inLanguage\":\"en-GB\"}]}<\/script>\n<!-- \/ Yoast SEO plugin. -->","yoast_head_json":{"title":"Nier Replicant ver.1.22474487139... Steam CD Key - MERCADOKEYS","description":"Una remasterizaci\u00f3n de NieR Replicant, la versi\u00f3n japonesa exclusiva para PlayStation 3 del primer juego de NieR. NieR Replicant ver.1.22474487139","robots":{"index":"index","follow":"follow","max-snippet":"max-snippet:-1","max-image-preview":"max-image-preview:large","max-video-preview":"max-video-preview:-1"},"canonical":"https:\/\/www.mercadokeys.com\/product\/nier-replicant-ver-1-22474487139-steam-cd-key\/","og_locale":"en_GB","og_type":"article","og_title":"Nier Replicant ver.1.22474487139... Steam CD Key - MERCADOKEYS","og_description":"Una remasterizaci\u00f3n de NieR Replicant, la versi\u00f3n japonesa exclusiva para PlayStation 3 del primer juego de NieR. NieR Replicant ver.1.22474487139","og_url":"https:\/\/www.mercadokeys.com\/product\/nier-replicant-ver-1-22474487139-steam-cd-key\/","og_site_name":"MERCADOKEYS","article_modified_time":"2022-06-29T13:12:37+00:00","og_image":[{"width":600,"height":800,"url":"https:\/\/www.mercadokeys.com\/wp-content\/uploads\/2021\/05\/nier-replicant-ver-dot-1-22474487139-dot-dot-dot_cover_original.png","type":"image\/png"}],"twitter_card":"summary_large_image","twitter_misc":{"Estimated reading time":"1 minute"},"schema":{"@context":"https:\/\/schema.org","@graph":[{"@type":"WebPage","@id":"https:\/\/www.mercadokeys.com\/product\/nier-replicant-ver-1-22474487139-steam-cd-key\/","url":"https:\/\/www.mercadokeys.com\/product\/nier-replicant-ver-1-22474487139-steam-cd-key\/","name":"Nier Replicant ver.1.22474487139... Steam CD Key - MERCADOKEYS","isPartOf":{"@id":"https:\/\/www.mercadokeys.com\/eng\/#website"},"primaryImageOfPage":{"@id":"https:\/\/www.mercadokeys.com\/product\/nier-replicant-ver-1-22474487139-steam-cd-key\/#primaryimage"},"image":{"@id":"https:\/\/www.mercadokeys.com\/product\/nier-replicant-ver-1-22474487139-steam-cd-key\/#primaryimage"},"thumbnailUrl":"https:\/\/www.mercadokeys.com.mx\/wp-content\/uploads\/2021\/05\/nier-replicant-ver-dot-1-22474487139-dot-dot-dot_cover_original.png","datePublished":"2021-05-16T15:55:48+00:00","dateModified":"2022-06-29T13:12:37+00:00","description":"Una remasterizaci\u00f3n de NieR Replicant, la versi\u00f3n japonesa exclusiva para PlayStation 3 del primer juego de NieR. NieR Replicant ver.1.22474487139","breadcrumb":{"@id":"https:\/\/www.mercadokeys.com\/product\/nier-replicant-ver-1-22474487139-steam-cd-key\/#breadcrumb"},"inLanguage":"en-GB","potentialAction":[{"@type":"ReadAction","target":["https:\/\/www.mercadokeys.com\/product\/nier-replicant-ver-1-22474487139-steam-cd-key\/"]}]},{"@type":"ImageObject","inLanguage":"en-GB","@id":"https:\/\/www.mercadokeys.com\/product\/nier-replicant-ver-1-22474487139-steam-cd-key\/#primaryimage","url":"https:\/\/www.mercadokeys.com.mx\/wp-content\/uploads\/2021\/05\/nier-replicant-ver-dot-1-22474487139-dot-dot-dot_cover_original.png","contentUrl":"https:\/\/www.mercadokeys.com.mx\/wp-content\/uploads\/2021\/05\/nier-replicant-ver-dot-1-22474487139-dot-dot-dot_cover_original.png","width":600,"height":800,"caption":"Una remasterizaci\u00f3n de NieR Replicant, la versi\u00f3n japonesa exclusiva para PlayStation 3 del primer juego de NieR. NieR Replicant ver.1.22474487139"},{"@type":"BreadcrumbList","@id":"https:\/\/www.mercadokeys.com\/product\/nier-replicant-ver-1-22474487139-steam-cd-key\/#breadcrumb","itemListElement":[{"@type":"ListItem","position":1,"name":"Inicio","item":"https:\/\/www.mercadokeys.com.mx\/"},{"@type":"ListItem","position":2,"name":"Tienda","item":"https:\/\/www.mercadokeys.com\/shop\/"},{"@type":"ListItem","position":3,"name":"Nier Replicant ver.1.22474487139&#8230; Steam CD Key"}]},{"@type":"WebSite","@id":"https:\/\/www.mercadokeys.com\/eng\/#website","url":"https:\/\/www.mercadokeys.com\/eng\/","name":"MERCADOKEYS","description":"Tu Tienda de videojuegos digitales en Mexico!","potentialAction":[{"@type":"SearchAction","target":{"@type":"EntryPoint","urlTemplate":"https:\/\/www.mercadokeys.com\/eng\/?s={search_term_string}"},"query-input":{"@type":"PropertyValueSpecification","valueRequired":true,"valueName":"search_term_string"}}],"inLanguage":"en-GB"}]}},"df_price":857.431194,"df_sale_price":857.431194,"df_regular_price":857.431194,"df_image_link":"https:\/\/www.mercadokeys.com.mx\/wp-content\/uploads\/2021\/05\/nier-replicant-ver-dot-1-22474487139-dot-dot-dot_cover_original-225x300.png","_links":{"self":[{"href":"https:\/\/www.mercadokeys.com.mx\/eng\/wp-json\/wp\/v2\/product\/113754","targetHints":{"allow":["GET"]}}],"collection":[{"href":"https:\/\/www.mercadokeys.com.mx\/eng\/wp-json\/wp\/v2\/product"}],"about":[{"href":"https:\/\/www.mercadokeys.com.mx\/eng\/wp-json\/wp\/v2\/types\/product"}],"wp:featuredmedia":[{"embeddable":true,"href":"https:\/\/www.mercadokeys.com.mx\/eng\/wp-json\/wp\/v2\/media\/113755"}],"wp:attachment":[{"href":"https:\/\/www.mercadokeys.com.mx\/eng\/wp-json\/wp\/v2\/media?parent=113754"}],"wp:term":[{"taxonomy":"product_brand","embeddable":true,"href":"https:\/\/www.mercadokeys.com.mx\/eng\/wp-json\/wp\/v2\/product_brand?post=113754"},{"taxonomy":"product_cat","embeddable":true,"href":"https:\/\/www.mercadokeys.com.mx\/eng\/wp-json\/wp\/v2\/product_cat?post=113754"},{"taxonomy":"product_tag","embeddable":true,"href":"https:\/\/www.mercadokeys.com.mx\/eng\/wp-json\/wp\/v2\/product_tag?post=113754"}],"curies":[{"name":"wp","href":"https:\/\/api.w.org\/{rel}","templated":true}]}}