{"id":113708,"date":"2021-05-08T12:57:18","date_gmt":"2021-05-08T19:57:18","guid":{"rendered":"https:\/\/www.mercadokeys.com\/product\/microsoft-flight-simulator-windows-10-cd-key\/"},"modified":"2022-06-29T06:09:27","modified_gmt":"2022-06-29T13:09:27","slug":"microsoft-flight-simulator-windows-10-cd-key","status":"publish","type":"product","link":"https:\/\/www.mercadokeys.com.mx\/eng\/product\/microsoft-flight-simulator-windows-10-cd-key\/","title":{"rendered":"Microsoft Flight Simulator Windows 10 CD Key"},"content":{"rendered":"<p>Desde aviones ligeros hasta aviones a reacci\u00f3n de fuselaje ancho. La nueva generaci\u00f3n de Microsoft Flight Simulator te ofrece la oportunidad de pilotar aeronaves con un gran nivel de detalle y fidelidad. Pon a prueba tus habilidades de navegaci\u00f3n con una gran variedad de desaf\u00edos en un mundo en cambio constante, como vuelos nocturnos, simulaciones atmosf\u00e9ricas en tiempo real y condiciones meteorol\u00f3gicas reales.<\/p>\n<p>Del mismo modo, crea tu propio plan de vuelo y visita cualquier lugar del planeta. Microsoft Flight Simulator incluye 20 aeronaves completamente detalladas con modelos de vuelo exclusivos y 30 aeropuertos creados a mano.<\/p>\n<h3>El mundo est\u00e1 al alcance de tu mano.<\/h3>\n<ul>\n<li>\u2022 Escenarios realistas y detallados; navega por nuestro gran y bello planeta con m\u00e1s de 37 000 aeropuertos, 1500 millones de edificios, dos billones de \u00e1rboles, monta\u00f1as, carreteras, r\u00edos y mucho m\u00e1s.<\/li>\n<li>\u2022 Un mundo vivo; la Tierra es din\u00e1mica y est\u00e1 en constante cambio, as\u00ed como el mundo de Microsoft Flight Simulator, que incluye tr\u00e1fico y climatolog\u00eda en tiempo real y animales.<\/li>\n<\/ul>\n<h3>Consigue tus alas en Microsoft Flight Simulator<\/h3>\n<ul>\n<li>\u2022 Aeronaves; perfecciona tus habilidades de piloto gracias a la gran variedad de aeronaves, que van desde aviones ligeros hasta enormes naves comerciales, con amplios modelos de vuelo. Cada aeronave incluye cabinas de mando completamente detalladas y precisas con instrumentaci\u00f3n realista.<\/li>\n<li>\u2022 Nuevo sistema de listas de verificaci\u00f3n; de principiante a profesional, podr\u00e1s subir de nivel desde asistencia completa hasta completamente manual, con gu\u00edas de instrumentos interactivas y listas de verificaci\u00f3n.<\/li>\n<\/ul>","protected":false},"excerpt":{"rendered":"<p>Desde aviones ligeros hasta aviones a reacci\u00f3n de fuselaje ancho. La nueva generaci\u00f3n de Microsoft Flight Simulator te ofrece la oportunidad de pilotar aeronaves con un gran nivel de detalle y fidelidad. Pon a prueba tus habilidades de navegaci\u00f3n con una gran variedad de desaf\u00edos en un mundo en cambio constante, como vuelos nocturnos, simulaciones&#8230;<\/p>","protected":false},"featured_media":117309,"template":"","meta":{"_monsterinsights_skip_tracking":false,"_monsterinsights_sitenote_active":false,"_monsterinsights_sitenote_note":"","_monsterinsights_sitenote_category":0},"product_brand":[],"product_cat":[1501,2981,1271,1283,1280,1396,1423],"product_tag":[2902,2901,2903,2904],"class_list":{"0":"post-113708","1":"product","2":"type-product","3":"status-publish","4":"has-post-thumbnail","6":"product_cat-tienda-de-videojuegos-ultimos-juegos-tijuana-mexico","7":"product_cat-destacados","8":"product_cat-tienda-de-videojuegos-tijuana-mexico","9":"product_cat-tienda-de-videojuegos-plataformas-tijuana-mexico","10":"product_cat-tienda-de-videojuegos-pc-tijuana-mexico","11":"product_cat-tienda-de-videojuegos-simulacion-tijuana-mexico","12":"product_cat-tienda-de-videojuegos-nuevos-lanzamientos-tijuana-mexico","13":"product_tag-microsoft","14":"product_tag-microsoft-flight-simulator","15":"product_tag-microsoft-flight-simulator-windows","16":"product_tag-microsoft-flight-simulator-windows-10","18":"first","19":"instock","20":"shipping-taxable","21":"purchasable","22":"product-type-simple"},"yoast_head":"<!-- This site is optimized with the Yoast SEO plugin v27.0 - https:\/\/yoast.com\/product\/yoast-seo-wordpress\/ -->\n<title>Microsoft Flight Simulator Windows 10 CD Key - MERCADOKEYS<\/title>\n<meta name=\"description\" content=\"Microsoft Flight Simulator incluye 20 aeronaves completamente detalladas con modelos de vuelo exclusivos y 30 aeropuertos creados a mano.\" \/>\n<meta name=\"robots\" content=\"index, follow, max-snippet:-1, max-image-preview:large, max-video-preview:-1\" \/>\n<link rel=\"canonical\" href=\"https:\/\/www.mercadokeys.com\/product\/microsoft-flight-simulator-windows-10-cd-key\/\" \/>\n<meta property=\"og:locale\" content=\"en_GB\" \/>\n<meta property=\"og:type\" content=\"article\" \/>\n<meta property=\"og:title\" content=\"Microsoft Flight Simulator Windows 10 CD Key - MERCADOKEYS\" \/>\n<meta property=\"og:description\" content=\"Microsoft Flight Simulator incluye 20 aeronaves completamente detalladas con modelos de vuelo exclusivos y 30 aeropuertos creados a mano.\" \/>\n<meta property=\"og:url\" content=\"https:\/\/www.mercadokeys.com\/product\/microsoft-flight-simulator-windows-10-cd-key\/\" \/>\n<meta property=\"og:site_name\" content=\"MERCADOKEYS\" \/>\n<meta property=\"article:modified_time\" content=\"2022-06-29T13:09:27+00:00\" \/>\n<meta property=\"og:image\" content=\"https:\/\/www.mercadokeys.com\/wp-content\/uploads\/2021\/05\/Microsoft-Flight-Simulator.jpg\" \/>\n\t<meta property=\"og:image:width\" content=\"487\" \/>\n\t<meta property=\"og:image:height\" content=\"676\" \/>\n\t<meta property=\"og:image:type\" content=\"image\/jpeg\" \/>\n<meta name=\"twitter:card\" content=\"summary_large_image\" \/>\n<meta name=\"twitter:label1\" content=\"Estimated reading time\" \/>\n\t<meta name=\"twitter:data1\" content=\"2 minutes\" \/>\n<script type=\"application\/ld+json\" class=\"yoast-schema-graph\">{\"@context\":\"https:\/\/schema.org\",\"@graph\":[{\"@type\":\"WebPage\",\"@id\":\"https:\/\/www.mercadokeys.com\/product\/microsoft-flight-simulator-windows-10-cd-key\/\",\"url\":\"https:\/\/www.mercadokeys.com\/product\/microsoft-flight-simulator-windows-10-cd-key\/\",\"name\":\"Microsoft Flight Simulator Windows 10 CD Key - MERCADOKEYS\",\"isPartOf\":{\"@id\":\"https:\/\/www.mercadokeys.com\/eng\/#website\"},\"primaryImageOfPage\":{\"@id\":\"https:\/\/www.mercadokeys.com\/product\/microsoft-flight-simulator-windows-10-cd-key\/#primaryimage\"},\"image\":{\"@id\":\"https:\/\/www.mercadokeys.com\/product\/microsoft-flight-simulator-windows-10-cd-key\/#primaryimage\"},\"thumbnailUrl\":\"https:\/\/www.mercadokeys.com.mx\/wp-content\/uploads\/2021\/05\/Microsoft-Flight-Simulator.jpg\",\"datePublished\":\"2021-05-08T19:57:18+00:00\",\"dateModified\":\"2022-06-29T13:09:27+00:00\",\"description\":\"Microsoft Flight Simulator incluye 20 aeronaves completamente detalladas con modelos de vuelo exclusivos y 30 aeropuertos creados a mano.\",\"breadcrumb\":{\"@id\":\"https:\/\/www.mercadokeys.com\/product\/microsoft-flight-simulator-windows-10-cd-key\/#breadcrumb\"},\"inLanguage\":\"en-GB\",\"potentialAction\":[{\"@type\":\"ReadAction\",\"target\":[\"https:\/\/www.mercadokeys.com\/product\/microsoft-flight-simulator-windows-10-cd-key\/\"]}]},{\"@type\":\"ImageObject\",\"inLanguage\":\"en-GB\",\"@id\":\"https:\/\/www.mercadokeys.com\/product\/microsoft-flight-simulator-windows-10-cd-key\/#primaryimage\",\"url\":\"https:\/\/www.mercadokeys.com.mx\/wp-content\/uploads\/2021\/05\/Microsoft-Flight-Simulator.jpg\",\"contentUrl\":\"https:\/\/www.mercadokeys.com.mx\/wp-content\/uploads\/2021\/05\/Microsoft-Flight-Simulator.jpg\",\"width\":487,\"height\":676},{\"@type\":\"BreadcrumbList\",\"@id\":\"https:\/\/www.mercadokeys.com\/product\/microsoft-flight-simulator-windows-10-cd-key\/#breadcrumb\",\"itemListElement\":[{\"@type\":\"ListItem\",\"position\":1,\"name\":\"Inicio\",\"item\":\"https:\/\/www.mercadokeys.com.mx\/\"},{\"@type\":\"ListItem\",\"position\":2,\"name\":\"Tienda\",\"item\":\"https:\/\/www.mercadokeys.com\/shop\/\"},{\"@type\":\"ListItem\",\"position\":3,\"name\":\"Microsoft Flight Simulator Windows 10 CD Key\"}]},{\"@type\":\"WebSite\",\"@id\":\"https:\/\/www.mercadokeys.com\/eng\/#website\",\"url\":\"https:\/\/www.mercadokeys.com\/eng\/\",\"name\":\"MERCADOKEYS\",\"description\":\"Tu Tienda de videojuegos digitales en Mexico!\",\"potentialAction\":[{\"@type\":\"SearchAction\",\"target\":{\"@type\":\"EntryPoint\",\"urlTemplate\":\"https:\/\/www.mercadokeys.com\/eng\/?s={search_term_string}\"},\"query-input\":{\"@type\":\"PropertyValueSpecification\",\"valueRequired\":true,\"valueName\":\"search_term_string\"}}],\"inLanguage\":\"en-GB\"}]}<\/script>\n<!-- \/ Yoast SEO plugin. -->","yoast_head_json":{"title":"Microsoft Flight Simulator Windows 10 CD Key - MERCADOKEYS","description":"Microsoft Flight Simulator incluye 20 aeronaves completamente detalladas con modelos de vuelo exclusivos y 30 aeropuertos creados a mano.","robots":{"index":"index","follow":"follow","max-snippet":"max-snippet:-1","max-image-preview":"max-image-preview:large","max-video-preview":"max-video-preview:-1"},"canonical":"https:\/\/www.mercadokeys.com\/product\/microsoft-flight-simulator-windows-10-cd-key\/","og_locale":"en_GB","og_type":"article","og_title":"Microsoft Flight Simulator Windows 10 CD Key - MERCADOKEYS","og_description":"Microsoft Flight Simulator incluye 20 aeronaves completamente detalladas con modelos de vuelo exclusivos y 30 aeropuertos creados a mano.","og_url":"https:\/\/www.mercadokeys.com\/product\/microsoft-flight-simulator-windows-10-cd-key\/","og_site_name":"MERCADOKEYS","article_modified_time":"2022-06-29T13:09:27+00:00","og_image":[{"width":487,"height":676,"url":"https:\/\/www.mercadokeys.com\/wp-content\/uploads\/2021\/05\/Microsoft-Flight-Simulator.jpg","type":"image\/jpeg"}],"twitter_card":"summary_large_image","twitter_misc":{"Estimated reading time":"2 minutes"},"schema":{"@context":"https:\/\/schema.org","@graph":[{"@type":"WebPage","@id":"https:\/\/www.mercadokeys.com\/product\/microsoft-flight-simulator-windows-10-cd-key\/","url":"https:\/\/www.mercadokeys.com\/product\/microsoft-flight-simulator-windows-10-cd-key\/","name":"Microsoft Flight Simulator Windows 10 CD Key - MERCADOKEYS","isPartOf":{"@id":"https:\/\/www.mercadokeys.com\/eng\/#website"},"primaryImageOfPage":{"@id":"https:\/\/www.mercadokeys.com\/product\/microsoft-flight-simulator-windows-10-cd-key\/#primaryimage"},"image":{"@id":"https:\/\/www.mercadokeys.com\/product\/microsoft-flight-simulator-windows-10-cd-key\/#primaryimage"},"thumbnailUrl":"https:\/\/www.mercadokeys.com.mx\/wp-content\/uploads\/2021\/05\/Microsoft-Flight-Simulator.jpg","datePublished":"2021-05-08T19:57:18+00:00","dateModified":"2022-06-29T13:09:27+00:00","description":"Microsoft Flight Simulator incluye 20 aeronaves completamente detalladas con modelos de vuelo exclusivos y 30 aeropuertos creados a mano.","breadcrumb":{"@id":"https:\/\/www.mercadokeys.com\/product\/microsoft-flight-simulator-windows-10-cd-key\/#breadcrumb"},"inLanguage":"en-GB","potentialAction":[{"@type":"ReadAction","target":["https:\/\/www.mercadokeys.com\/product\/microsoft-flight-simulator-windows-10-cd-key\/"]}]},{"@type":"ImageObject","inLanguage":"en-GB","@id":"https:\/\/www.mercadokeys.com\/product\/microsoft-flight-simulator-windows-10-cd-key\/#primaryimage","url":"https:\/\/www.mercadokeys.com.mx\/wp-content\/uploads\/2021\/05\/Microsoft-Flight-Simulator.jpg","contentUrl":"https:\/\/www.mercadokeys.com.mx\/wp-content\/uploads\/2021\/05\/Microsoft-Flight-Simulator.jpg","width":487,"height":676},{"@type":"BreadcrumbList","@id":"https:\/\/www.mercadokeys.com\/product\/microsoft-flight-simulator-windows-10-cd-key\/#breadcrumb","itemListElement":[{"@type":"ListItem","position":1,"name":"Inicio","item":"https:\/\/www.mercadokeys.com.mx\/"},{"@type":"ListItem","position":2,"name":"Tienda","item":"https:\/\/www.mercadokeys.com\/shop\/"},{"@type":"ListItem","position":3,"name":"Microsoft Flight Simulator Windows 10 CD Key"}]},{"@type":"WebSite","@id":"https:\/\/www.mercadokeys.com\/eng\/#website","url":"https:\/\/www.mercadokeys.com\/eng\/","name":"MERCADOKEYS","description":"Tu Tienda de videojuegos digitales en Mexico!","potentialAction":[{"@type":"SearchAction","target":{"@type":"EntryPoint","urlTemplate":"https:\/\/www.mercadokeys.com\/eng\/?s={search_term_string}"},"query-input":{"@type":"PropertyValueSpecification","valueRequired":true,"valueName":"search_term_string"}}],"inLanguage":"en-GB"}]}},"df_price":1458.690881,"df_sale_price":1458.690881,"df_regular_price":1458.690881,"df_image_link":"https:\/\/www.mercadokeys.com.mx\/wp-content\/uploads\/2021\/05\/Microsoft-Flight-Simulator-216x300.jpg","_links":{"self":[{"href":"https:\/\/www.mercadokeys.com.mx\/eng\/wp-json\/wp\/v2\/product\/113708","targetHints":{"allow":["GET"]}}],"collection":[{"href":"https:\/\/www.mercadokeys.com.mx\/eng\/wp-json\/wp\/v2\/product"}],"about":[{"href":"https:\/\/www.mercadokeys.com.mx\/eng\/wp-json\/wp\/v2\/types\/product"}],"wp:featuredmedia":[{"embeddable":true,"href":"https:\/\/www.mercadokeys.com.mx\/eng\/wp-json\/wp\/v2\/media\/117309"}],"wp:attachment":[{"href":"https:\/\/www.mercadokeys.com.mx\/eng\/wp-json\/wp\/v2\/media?parent=113708"}],"wp:term":[{"taxonomy":"product_brand","embeddable":true,"href":"https:\/\/www.mercadokeys.com.mx\/eng\/wp-json\/wp\/v2\/product_brand?post=113708"},{"taxonomy":"product_cat","embeddable":true,"href":"https:\/\/www.mercadokeys.com.mx\/eng\/wp-json\/wp\/v2\/product_cat?post=113708"},{"taxonomy":"product_tag","embeddable":true,"href":"https:\/\/www.mercadokeys.com.mx\/eng\/wp-json\/wp\/v2\/product_tag?post=113708"}],"curies":[{"name":"wp","href":"https:\/\/api.w.org\/{rel}","templated":true}]}}