{"id":113702,"date":"2021-05-08T12:53:20","date_gmt":"2021-05-08T19:53:20","guid":{"rendered":"https:\/\/www.mercadokeys.com\/product\/the-walking-dead-saints-sinners-tourist-edition-steam-cd-key\/"},"modified":"2022-06-29T06:06:25","modified_gmt":"2022-06-29T13:06:25","slug":"the-walking-dead-saints-sinners-tourist-edition-steam-cd-key","status":"publish","type":"product","link":"https:\/\/www.mercadokeys.com.mx\/eng\/product\/the-walking-dead-saints-sinners-tourist-edition-steam-cd-key\/","title":{"rendered":"The Walking Dead: Saints &amp; Sinners Tourist Edition Steam CD Key"},"content":{"rendered":"<p><span style=\"vertical-align: inherit\">LIVE The Walking Dead <\/span><br \/>\n<span style=\"vertical-align: inherit\">Saints &amp; Sinners es un juego como ning\u00fan otro en el universo de The Walking Dead. USTED impulsa cada desaf\u00edo que enfrenta y cada decisi\u00f3n que toma. Lucha contra los muertos vivientes, busca entre las ruinas inundadas de Nueva Orleans y enfr\u00e9ntate a decisiones desgarradoras para ti y los dem\u00e1s supervivientes. Vive The Walking Dead oscuro drama en su propia piel. <\/span><br \/>\n<span style=\"vertical-align: inherit\">Sobrevivir a su paso <\/span><br \/>\n<span style=\"vertical-align: inherit\">Una nueva forma de terror y supervivencia en vivo. Con los vivos, los muertos, las enfermedades y el hambre como amenazas constantes, tiene innumerables formas de abordar estos peligros. <\/span><br \/>\n<span style=\"vertical-align: inherit\">Enfr\u00e9ntate a los disparos de los muertos vivientes o aprende todas las formas de escabullirte y esconderte entre ellos. <\/span><br \/>\n<span style=\"vertical-align: inherit\">Asume misiones de diferentes facciones y supervivientes para ganar valiosos recursos. <\/span><br \/>\n<span style=\"vertical-align: inherit\">Arriesga la vida y la integridad f\u00edsica para proteger a los necesitados o asesina brutalmente a cualquiera que se interponga en tu camino.<\/span><br \/>\n<span style=\"vertical-align: inherit\">Vea c\u00f3mo sus decisiones afectan a la gente de Nueva Orleans y aprenda a vivir con las consecuencias.<\/span><\/p>\n<h3>\n<span style=\"vertical-align: inherit\">Una nueva y brutal historia en The Walking Dead: Saints &amp; Sinners<\/span><\/h3>\n<p><span style=\"vertical-align: inherit\">Nueva Orleans est\u00e1 en guerra. Los vivos no solo luchan contra los muertos, sino que tambi\u00e9n se infligen dolor y brutalidad unos a otros. Mientras los cuerpos se amontonan entre las facciones en guerra, los susurros se propagan sobre un misterio perdido hace mucho tiempo en la ciudad que podr\u00eda cambiar el rumbo de la guerra. \u00bfPodr\u00e1s sobrevivir mientras est\u00e1s atrapado en medio de este conflicto? \u00bfPuedes desentra\u00f1ar el misterio que se esconde detr\u00e1s de todo esto? El destino de la ciudad y sus restos sobrevivientes en sus manos. <\/span><br \/>\n<span style=\"vertical-align: inherit\">Un vasto mundo para explorar en VR <\/span><br \/>\n<span style=\"vertical-align: inherit\">hacer a mano, la exploraci\u00f3n, la libertad de elecci\u00f3n y de combate visceral hacer de esto una profunda, juego de 15+ horas construida para VR.<\/span><br \/>\n<span style=\"vertical-align: inherit\">Elimina tanto a los muertos como a los vivos con un arsenal de armas cuerpo a cuerpo, a distancia e improvisadas, todos objetos basados \u200b\u200ben la f\u00edsica que puedes manejar de manera realista. <\/span><br \/>\n<span style=\"vertical-align: inherit\">Golpear cabezas de caminantes despejar y arrancar armas empaladas en sus cr\u00e1neos. <\/span><br \/>\n<span style=\"vertical-align: inherit\">Desl\u00edzate por calles en ruinas y mansiones criollas en busca de suministros y secretos. <\/span><br \/>\n<span style=\"vertical-align: inherit\">Escala los costados de edificios, coches y muros para emboscar a los enemigos desde arriba o escapar r\u00e1pidamente.<\/span><\/p>","protected":false},"excerpt":{"rendered":"<p>LIVE The Walking Dead Saints &amp; Sinners es un juego como ning\u00fan otro en el universo de The Walking Dead. USTED impulsa cada desaf\u00edo que enfrenta y cada decisi\u00f3n que toma. Lucha contra los muertos vivientes, busca entre las ruinas inundadas de Nueva Orleans y enfr\u00e9ntate a decisiones desgarradoras para ti y los dem\u00e1s supervivientes&#8230;.<\/p>","protected":false},"featured_media":110295,"template":"","meta":{"_monsterinsights_skip_tracking":false,"_monsterinsights_sitenote_active":false,"_monsterinsights_sitenote_note":"","_monsterinsights_sitenote_category":0},"product_brand":[],"product_cat":[1501,2981,1271,1283,1280,1273,1426,1423],"product_tag":[2889,2891,2890,2887,2886,2892],"class_list":{"0":"post-113702","1":"product","2":"type-product","3":"status-publish","4":"has-post-thumbnail","6":"product_cat-tienda-de-videojuegos-ultimos-juegos-tijuana-mexico","7":"product_cat-destacados","8":"product_cat-tienda-de-videojuegos-tijuana-mexico","9":"product_cat-tienda-de-videojuegos-plataformas-tijuana-mexico","10":"product_cat-tienda-de-videojuegos-pc-tijuana-mexico","11":"product_cat-tienda-de-videojuegos-steam-key-tijuana-mexico","12":"product_cat-tienda-de-videojuegos-lo-mejor-del-vr-tijuana-mexico","13":"product_cat-tienda-de-videojuegos-nuevos-lanzamientos-tijuana-mexico","14":"product_tag-the-walking","15":"product_tag-the-walking-dead","16":"product_tag-the-walking-dead-saints-sinners","17":"product_tag-the-walking-dead-saints-sinners-tourist-edition","18":"product_tag-the-walking-dead-saints-sinners-tourist-edition-steam","19":"product_tag-the-walking-dead-saints-sinners-tourist-edition-steam-cd-key","21":"first","22":"instock","23":"shipping-taxable","24":"purchasable","25":"product-type-simple"},"yoast_head":"<!-- This site is optimized with the Yoast SEO plugin v27.0 - https:\/\/yoast.com\/product\/yoast-seo-wordpress\/ -->\n<title>The Walking Dead: Saints &amp; Sinners Tourist Edition Steam CD Key - MERCADOKEYS<\/title>\n<meta name=\"description\" content=\"Saints &amp; Sinners es un juego como ning\u00fan otro en el universo de The Walking Dead. USTED impulsa cada desaf\u00edo que enfrenta\" \/>\n<meta name=\"robots\" content=\"index, follow, max-snippet:-1, max-image-preview:large, max-video-preview:-1\" \/>\n<link rel=\"canonical\" href=\"https:\/\/www.mercadokeys.com\/product\/the-walking-dead-saints-sinners-tourist-edition-steam-cd-key\/\" \/>\n<meta property=\"og:locale\" content=\"en_GB\" \/>\n<meta property=\"og:type\" content=\"article\" \/>\n<meta property=\"og:title\" content=\"The Walking Dead: Saints &amp; Sinners Tourist Edition Steam CD Key - MERCADOKEYS\" \/>\n<meta property=\"og:description\" content=\"Saints &amp; Sinners es un juego como ning\u00fan otro en el universo de The Walking Dead. USTED impulsa cada desaf\u00edo que enfrenta\" \/>\n<meta property=\"og:url\" content=\"https:\/\/www.mercadokeys.com\/product\/the-walking-dead-saints-sinners-tourist-edition-steam-cd-key\/\" \/>\n<meta property=\"og:site_name\" content=\"MERCADOKEYS\" \/>\n<meta property=\"article:modified_time\" content=\"2022-06-29T13:06:25+00:00\" \/>\n<meta property=\"og:image\" content=\"https:\/\/www.mercadokeys.com\/wp-content\/uploads\/2021\/01\/181971.jpg\" \/>\n\t<meta property=\"og:image:width\" content=\"230\" \/>\n\t<meta property=\"og:image:height\" content=\"336\" \/>\n\t<meta property=\"og:image:type\" content=\"image\/jpeg\" \/>\n<meta name=\"twitter:card\" content=\"summary_large_image\" \/>\n<meta name=\"twitter:label1\" content=\"Estimated reading time\" \/>\n\t<meta name=\"twitter:data1\" content=\"2 minutes\" \/>\n<script type=\"application\/ld+json\" class=\"yoast-schema-graph\">{\"@context\":\"https:\/\/schema.org\",\"@graph\":[{\"@type\":\"WebPage\",\"@id\":\"https:\/\/www.mercadokeys.com\/product\/the-walking-dead-saints-sinners-tourist-edition-steam-cd-key\/\",\"url\":\"https:\/\/www.mercadokeys.com\/product\/the-walking-dead-saints-sinners-tourist-edition-steam-cd-key\/\",\"name\":\"The Walking Dead: Saints &amp; Sinners Tourist Edition Steam CD Key - MERCADOKEYS\",\"isPartOf\":{\"@id\":\"https:\/\/www.mercadokeys.com\/eng\/#website\"},\"primaryImageOfPage\":{\"@id\":\"https:\/\/www.mercadokeys.com\/product\/the-walking-dead-saints-sinners-tourist-edition-steam-cd-key\/#primaryimage\"},\"image\":{\"@id\":\"https:\/\/www.mercadokeys.com\/product\/the-walking-dead-saints-sinners-tourist-edition-steam-cd-key\/#primaryimage\"},\"thumbnailUrl\":\"https:\/\/www.mercadokeys.com.mx\/wp-content\/uploads\/2021\/01\/181971.jpg\",\"datePublished\":\"2021-05-08T19:53:20+00:00\",\"dateModified\":\"2022-06-29T13:06:25+00:00\",\"description\":\"Saints & Sinners es un juego como ning\u00fan otro en el universo de The Walking Dead. USTED impulsa cada desaf\u00edo que enfrenta\",\"breadcrumb\":{\"@id\":\"https:\/\/www.mercadokeys.com\/product\/the-walking-dead-saints-sinners-tourist-edition-steam-cd-key\/#breadcrumb\"},\"inLanguage\":\"en-GB\",\"potentialAction\":[{\"@type\":\"ReadAction\",\"target\":[\"https:\/\/www.mercadokeys.com\/product\/the-walking-dead-saints-sinners-tourist-edition-steam-cd-key\/\"]}]},{\"@type\":\"ImageObject\",\"inLanguage\":\"en-GB\",\"@id\":\"https:\/\/www.mercadokeys.com\/product\/the-walking-dead-saints-sinners-tourist-edition-steam-cd-key\/#primaryimage\",\"url\":\"https:\/\/www.mercadokeys.com.mx\/wp-content\/uploads\/2021\/01\/181971.jpg\",\"contentUrl\":\"https:\/\/www.mercadokeys.com.mx\/wp-content\/uploads\/2021\/01\/181971.jpg\",\"width\":230,\"height\":336,\"caption\":\"Saints & Sinners es un juego como ning\u00fan otro en el universo de The Walking Dead. USTED impulsa cada desaf\u00edo que enfrenta\"},{\"@type\":\"BreadcrumbList\",\"@id\":\"https:\/\/www.mercadokeys.com\/product\/the-walking-dead-saints-sinners-tourist-edition-steam-cd-key\/#breadcrumb\",\"itemListElement\":[{\"@type\":\"ListItem\",\"position\":1,\"name\":\"Inicio\",\"item\":\"https:\/\/www.mercadokeys.com.mx\/\"},{\"@type\":\"ListItem\",\"position\":2,\"name\":\"Tienda\",\"item\":\"https:\/\/www.mercadokeys.com\/shop\/\"},{\"@type\":\"ListItem\",\"position\":3,\"name\":\"The Walking Dead: Saints &amp; Sinners Tourist Edition Steam CD Key\"}]},{\"@type\":\"WebSite\",\"@id\":\"https:\/\/www.mercadokeys.com\/eng\/#website\",\"url\":\"https:\/\/www.mercadokeys.com\/eng\/\",\"name\":\"MERCADOKEYS\",\"description\":\"Tu Tienda de videojuegos digitales en Mexico!\",\"potentialAction\":[{\"@type\":\"SearchAction\",\"target\":{\"@type\":\"EntryPoint\",\"urlTemplate\":\"https:\/\/www.mercadokeys.com\/eng\/?s={search_term_string}\"},\"query-input\":{\"@type\":\"PropertyValueSpecification\",\"valueRequired\":true,\"valueName\":\"search_term_string\"}}],\"inLanguage\":\"en-GB\"}]}<\/script>\n<!-- \/ Yoast SEO plugin. -->","yoast_head_json":{"title":"The Walking Dead: Saints &amp; Sinners Tourist Edition Steam CD Key - MERCADOKEYS","description":"Saints & Sinners es un juego como ning\u00fan otro en el universo de The Walking Dead. USTED impulsa cada desaf\u00edo que enfrenta","robots":{"index":"index","follow":"follow","max-snippet":"max-snippet:-1","max-image-preview":"max-image-preview:large","max-video-preview":"max-video-preview:-1"},"canonical":"https:\/\/www.mercadokeys.com\/product\/the-walking-dead-saints-sinners-tourist-edition-steam-cd-key\/","og_locale":"en_GB","og_type":"article","og_title":"The Walking Dead: Saints &amp; Sinners Tourist Edition Steam CD Key - MERCADOKEYS","og_description":"Saints & Sinners es un juego como ning\u00fan otro en el universo de The Walking Dead. USTED impulsa cada desaf\u00edo que enfrenta","og_url":"https:\/\/www.mercadokeys.com\/product\/the-walking-dead-saints-sinners-tourist-edition-steam-cd-key\/","og_site_name":"MERCADOKEYS","article_modified_time":"2022-06-29T13:06:25+00:00","og_image":[{"width":230,"height":336,"url":"https:\/\/www.mercadokeys.com\/wp-content\/uploads\/2021\/01\/181971.jpg","type":"image\/jpeg"}],"twitter_card":"summary_large_image","twitter_misc":{"Estimated reading time":"2 minutes"},"schema":{"@context":"https:\/\/schema.org","@graph":[{"@type":"WebPage","@id":"https:\/\/www.mercadokeys.com\/product\/the-walking-dead-saints-sinners-tourist-edition-steam-cd-key\/","url":"https:\/\/www.mercadokeys.com\/product\/the-walking-dead-saints-sinners-tourist-edition-steam-cd-key\/","name":"The Walking Dead: Saints &amp; Sinners Tourist Edition Steam CD Key - MERCADOKEYS","isPartOf":{"@id":"https:\/\/www.mercadokeys.com\/eng\/#website"},"primaryImageOfPage":{"@id":"https:\/\/www.mercadokeys.com\/product\/the-walking-dead-saints-sinners-tourist-edition-steam-cd-key\/#primaryimage"},"image":{"@id":"https:\/\/www.mercadokeys.com\/product\/the-walking-dead-saints-sinners-tourist-edition-steam-cd-key\/#primaryimage"},"thumbnailUrl":"https:\/\/www.mercadokeys.com.mx\/wp-content\/uploads\/2021\/01\/181971.jpg","datePublished":"2021-05-08T19:53:20+00:00","dateModified":"2022-06-29T13:06:25+00:00","description":"Saints & Sinners es un juego como ning\u00fan otro en el universo de The Walking Dead. USTED impulsa cada desaf\u00edo que enfrenta","breadcrumb":{"@id":"https:\/\/www.mercadokeys.com\/product\/the-walking-dead-saints-sinners-tourist-edition-steam-cd-key\/#breadcrumb"},"inLanguage":"en-GB","potentialAction":[{"@type":"ReadAction","target":["https:\/\/www.mercadokeys.com\/product\/the-walking-dead-saints-sinners-tourist-edition-steam-cd-key\/"]}]},{"@type":"ImageObject","inLanguage":"en-GB","@id":"https:\/\/www.mercadokeys.com\/product\/the-walking-dead-saints-sinners-tourist-edition-steam-cd-key\/#primaryimage","url":"https:\/\/www.mercadokeys.com.mx\/wp-content\/uploads\/2021\/01\/181971.jpg","contentUrl":"https:\/\/www.mercadokeys.com.mx\/wp-content\/uploads\/2021\/01\/181971.jpg","width":230,"height":336,"caption":"Saints & Sinners es un juego como ning\u00fan otro en el universo de The Walking Dead. USTED impulsa cada desaf\u00edo que enfrenta"},{"@type":"BreadcrumbList","@id":"https:\/\/www.mercadokeys.com\/product\/the-walking-dead-saints-sinners-tourist-edition-steam-cd-key\/#breadcrumb","itemListElement":[{"@type":"ListItem","position":1,"name":"Inicio","item":"https:\/\/www.mercadokeys.com.mx\/"},{"@type":"ListItem","position":2,"name":"Tienda","item":"https:\/\/www.mercadokeys.com\/shop\/"},{"@type":"ListItem","position":3,"name":"The Walking Dead: Saints &amp; Sinners Tourist Edition Steam CD Key"}]},{"@type":"WebSite","@id":"https:\/\/www.mercadokeys.com\/eng\/#website","url":"https:\/\/www.mercadokeys.com\/eng\/","name":"MERCADOKEYS","description":"Tu Tienda de videojuegos digitales en Mexico!","potentialAction":[{"@type":"SearchAction","target":{"@type":"EntryPoint","urlTemplate":"https:\/\/www.mercadokeys.com\/eng\/?s={search_term_string}"},"query-input":{"@type":"PropertyValueSpecification","valueRequired":true,"valueName":"search_term_string"}}],"inLanguage":"en-GB"}]}},"df_price":527.781922,"df_sale_price":527.781922,"df_regular_price":527.781922,"df_image_link":"https:\/\/www.mercadokeys.com.mx\/wp-content\/uploads\/2021\/01\/181971-205x300.jpg","_links":{"self":[{"href":"https:\/\/www.mercadokeys.com.mx\/eng\/wp-json\/wp\/v2\/product\/113702","targetHints":{"allow":["GET"]}}],"collection":[{"href":"https:\/\/www.mercadokeys.com.mx\/eng\/wp-json\/wp\/v2\/product"}],"about":[{"href":"https:\/\/www.mercadokeys.com.mx\/eng\/wp-json\/wp\/v2\/types\/product"}],"wp:featuredmedia":[{"embeddable":true,"href":"https:\/\/www.mercadokeys.com.mx\/eng\/wp-json\/wp\/v2\/media\/110295"}],"wp:attachment":[{"href":"https:\/\/www.mercadokeys.com.mx\/eng\/wp-json\/wp\/v2\/media?parent=113702"}],"wp:term":[{"taxonomy":"product_brand","embeddable":true,"href":"https:\/\/www.mercadokeys.com.mx\/eng\/wp-json\/wp\/v2\/product_brand?post=113702"},{"taxonomy":"product_cat","embeddable":true,"href":"https:\/\/www.mercadokeys.com.mx\/eng\/wp-json\/wp\/v2\/product_cat?post=113702"},{"taxonomy":"product_tag","embeddable":true,"href":"https:\/\/www.mercadokeys.com.mx\/eng\/wp-json\/wp\/v2\/product_tag?post=113702"}],"curies":[{"name":"wp","href":"https:\/\/api.w.org\/{rel}","templated":true}]}}